{"id":6924,"date":"2019-10-08T15:20:51","date_gmt":"2019-10-08T12:20:51","guid":{"rendered":"https:\/\/www.folkland.lv\/prece\/%d0%bc%d0%b0%d1%82%d1%80%d0%b0%d1%81-buffalo-h-13\/"},"modified":"2020-09-28T13:38:32","modified_gmt":"2020-09-28T10:38:32","slug":"%d0%bc%d0%b0%d1%82%d1%80%d0%b0%d1%81-buffalo-h-13","status":"publish","type":"product","link":"https:\/\/www.folkland.lv\/ru\/prece\/%d0%bc%d0%b0%d1%82%d1%80%d0%b0%d1%81-buffalo-h-13\/","title":{"rendered":"074 \u041c\u0430\u0442\u0440\u0430\u0441 BUFFALO H-13"},"content":{"rendered":"<p><strong><span class=\"tlid-translation translation\" lang=\"ru\"><span class=\"\" title=\"\">\u0421\u043f\u0435\u0446\u0438\u0444\u0438\u043a\u0430\u0446\u0438\u044f<\/span><span class=\"\" title=\"\">:<\/span><\/span><\/strong><\/p>\n<p>&nbsp;<\/p>\n<ul>\n<li><span class=\"tlid-translation translation\" lang=\"ru\">\u0420\u0430\u0437\u043c\u0435\u0440 \u043c\u0430\u0442\u0440\u0430\u0441\u0430 80\u0441\u043c \u0445 180\u0441\u043c \u0445 \u041213\u0441\u043c;<br \/>\n<\/span><\/li>\n<li><span class=\"tlid-translation translation\" lang=\"ru\">\u0420\u0430\u0437\u043c\u0435\u0440 \u043c\u0430\u0442\u0440\u0430\u0441\u0430 80\u0441\u043c \u0445 170\u0441\u043c \u0445 \u041213\u0441\u043c;<\/span><\/li>\n<li>\u0421\u044a\u0435\u043c\u043d\u044b\u0439 \u0441\u0442\u0435\u0433\u0430\u043d\u044b\u0439 \u0447\u0435\u0445\u043e\u043b;<\/li>\n<li>\u0425\u043b\u043e\u043f\u043e\u043a;<\/li>\n<li>\u041a\u043e\u043a\u043e\u0441\u043e\u0432\u0430\u044f \u0441\u0442\u0440\u0443\u0436\u043a\u0430;<\/li>\n<li>Silvertex \u043f\u0435\u043d\u0430;<\/li>\n<li>\u041a\u043e\u043a\u043e\u0441\u043e\u0432\u0430\u044f \u0441\u0442\u0440\u0443\u0436\u043a\u0430<\/li>\n<li>\u0421\u044a\u0435\u043c\u043d\u044b\u0439 \u0441\u0442\u0435\u0433\u0430\u043d\u044b\u0439 \u0447\u0435\u0445\u043e\u043b;<\/li>\n<li>\u0425\u043b\u043e\u043f\u043e\u043a;<\/li>\n<\/ul>\n<p>\u0412\u044b\u0441\u043e\u0442\u0430 \u043c\u0430\u0442\u0440\u0430\u0441\u0430 \u2014 12\u0441\u043c<\/p>\n<p><strong>\u041f\u0435\u043d\u0430 Silvertex<\/strong> &#8212; \u043f\u043b\u043e\u0442\u043d\u044b\u0439 \u043c\u0430\u0442\u0435\u0440\u0438\u0430\u043b, \u0443\u0441\u0442\u043e\u0439\u0447\u0438\u0432\u044b\u0439 \u043a \u0434\u0435\u0444\u043e\u0440\u043c\u0430\u0446\u0438\u0438, \u043e\u0431\u043b\u0430\u0434\u0430\u0435\u0442 \u0432\u044b\u0441\u043e\u043a\u0438\u043c\u0438 \u0430\u043d\u0442\u0438\u0431\u0430\u043a\u0442\u0435\u0440\u0438\u0430\u043b\u044c\u043d\u044b\u043c\u0438 \u0441\u0432\u043e\u0439\u0441\u0442\u0432\u0430\u043c\u0438, \u043d\u0435 \u0443\u0434\u0435\u0440\u0436\u0438\u0432\u0430\u0435\u0442 \u0437\u0430\u043f\u0430\u0445\u043e\u0432.<\/p>\n<ul>\n<li><strong>\u041a\u043e\u043a\u043e\u0441\u043e\u0432\u043e\u0435 \u0432\u043e\u043b\u043e\u043a\u043d\u043e<\/strong>, \u043d\u0430\u0442\u0443\u0440\u0430\u043b\u044c\u043d\u044b\u0439 \u043c\u0430\u0442\u0435\u0440\u0438\u0430\u043b, \u043a\u043e\u0442\u043e\u0440\u044b\u0439 \u043f\u0440\u0438\u0434\u0430\u0435\u0442 \u043c\u0430\u0442\u0440\u0430\u0441\u0443 \u043e\u0440\u0442\u043e\u043f\u0435\u0434\u0438\u0447\u0435\u0441\u043a\u0443\u044e \u0441\u0442\u043e\u0439\u043a\u043e\u0441\u0442\u044c.<\/li>\n<\/ul>\n<p>&nbsp;<\/p>\n<p>&nbsp;<\/p>\n","protected":false},"excerpt":{"rendered":"<p><strong><span class=\"tlid-translation translation\" lang=\"ru\"><span class=\"\" title=\"\">\u041e\u043f\u0438\u0441\u0430\u043d\u0438\u0435 \u043f\u0440\u043e\u0434\u0443\u043a\u0442\u0430:<\/span><\/span><\/strong><\/p>\n<ul>\n<li>\u0414\u0435\u0442\u0441\u043a\u0438\u0439 \u043c\u0430\u0442\u0440\u0430\u0441 \u0441\u0440\u0435\u0434\u043d\u0435\u0439 \u0436\u0435\u0441\u0442\u043a\u043e\u0441\u0442\u0438 BUFFALO.<\/li>\n<li>\u041a\u043e\u043c\u043f\u043e\u0437\u0438\u0446\u0438\u044f \u043c\u0430\u0442\u0440\u0430\u0441\u0430 \u0441\u043e\u0441\u0442\u043e\u0438\u0442 \u0438\u0437 \u043a\u043e\u043c\u0431\u0438\u043d\u0430\u0446\u0438\u0438 \u043a\u043e\u043a\u043e\u0441\u043e\u0432\u043e\u0433\u043e \u0432\u043e\u043b\u043e\u043a\u043d\u0430 \u0438 \u043f\u0435\u043d\u044b Silvertex.<\/li>\n<li>\u041e\u0441\u043d\u043e\u0432\u0430 \u043c\u0430\u0442\u0440\u0430\u0441\u0430 \u0438\u0437\u0433\u043e\u0442\u043e\u0432\u043b\u0435\u043d\u0430 \u200b\u200b\u0438\u0437 <strong>\u043a\u043e\u043a\u043e\u0441\u043e\u0432\u043e\u0433\u043e \u0432\u043e\u043b\u043e\u043a\u043d\u0430<\/strong>, \u043d\u0430\u0442\u0443\u0440\u0430\u043b\u044c\u043d\u043e\u0433\u043e \u043c\u0430\u0442\u0435\u0440\u0438\u0430\u043b\u0430, \u043a\u043e\u0442\u043e\u0440\u044b\u0439 \u043f\u0440\u0438\u0434\u0430\u0435\u0442 \u043c\u0430\u0442\u0440\u0430\u0441\u0443 \u043e\u0440\u0442\u043e\u043f\u0435\u0434\u0438\u0447\u0435\u0441\u043a\u0443\u044e \u0441\u0442\u043e\u0439\u043a\u043e\u0441\u0442\u044c.<\/li>\n<li><strong>\u041f\u0435\u043d\u0430 Silvertex<\/strong> &#8212; \u043f\u043b\u043e\u0442\u043d\u044b\u0439 \u043c\u0430\u0442\u0435\u0440\u0438\u0430\u043b, \u0443\u0441\u0442\u043e\u0439\u0447\u0438\u0432\u044b\u0439 \u043a \u0434\u0435\u0444\u043e\u0440\u043c\u0430\u0446\u0438\u0438, \u043e\u0431\u043b\u0430\u0434\u0430\u0435\u0442 \u0432\u044b\u0441\u043e\u043a\u0438\u043c\u0438 \u0430\u043d\u0442\u0438\u0431\u0430\u043a\u0442\u0435\u0440\u0438\u0430\u043b\u044c\u043d\u044b\u043c\u0438 \u0441\u0432\u043e\u0439\u0441\u0442\u0432\u0430\u043c\u0438, \u043d\u0435 \u0443\u0434\u0435\u0440\u0436\u0438\u0432\u0430\u0435\u0442 \u0437\u0430\u043f\u0430\u0445\u043e\u0432.<\/li>\n<\/ul>\n","protected":false},"featured_media":41016,"template":"","meta":{"_acf_changed":false},"product_cat":[255],"product_tag":[],"acf":[],"yoast_head":"<!-- This site is optimized with the Yoast SEO plugin v23.0 - https:\/\/yoast.com\/wordpress\/plugins\/seo\/ -->\n<title>074 \u041c\u0430\u0442\u0440\u0430\u0441 BUFFALO H-13 - Folkland<\/title>\n<meta name=\"description\" content=\"\u0414\u0435\u0442\u0441\u043a\u0438\u0439 \u043c\u0430\u0442\u0440\u0430\u0441 \u0441\u0440\u0435\u0434\u043d\u0435\u0439 \u0436\u0435\u0441\u0442\u043a\u043e\u0441\u0442\u0438 BUFFALO.\" \/>\n<meta name=\"robots\" content=\"index, follow, max-snippet:-1, max-image-preview:large, max-video-preview:-1\" \/>\n<link rel=\"canonical\" href=\"https:\/\/www.folkland.lv\/ru\/prece\/\u043c\u0430\u0442\u0440\u0430\u0441-buffalo-h-13\/\" \/>\n<meta property=\"og:locale\" content=\"ru_RU\" \/>\n<meta property=\"og:type\" content=\"article\" \/>\n<meta property=\"og:title\" content=\"074 \u041c\u0430\u0442\u0440\u0430\u0441 BUFFALO H-13 - Folkland\" \/>\n<meta property=\"og:description\" content=\"\u0414\u0435\u0442\u0441\u043a\u0438\u0439 \u043c\u0430\u0442\u0440\u0430\u0441 \u0441\u0440\u0435\u0434\u043d\u0435\u0439 \u0436\u0435\u0441\u0442\u043a\u043e\u0441\u0442\u0438 BUFFALO.\" \/>\n<meta property=\"og:url\" content=\"https:\/\/www.folkland.lv\/ru\/prece\/\u043c\u0430\u0442\u0440\u0430\u0441-buffalo-h-13\/\" \/>\n<meta property=\"og:site_name\" content=\"Folkland\" \/>\n<meta property=\"article:modified_time\" content=\"2020-09-28T10:38:32+00:00\" \/>\n<meta property=\"og:image\" content=\"https:\/\/www.folkland.lv\/wp-content\/uploads\/2019\/10\/K22.webp\" \/>\n\t<meta property=\"og:image:width\" content=\"1920\" \/>\n\t<meta property=\"og:image:height\" content=\"1440\" \/>\n\t<meta property=\"og:image:type\" content=\"image\/webp\" \/>\n<meta name=\"twitter:card\" content=\"summary_large_image\" \/>\n<script type=\"application\/ld+json\" class=\"yoast-schema-graph\">{\"@context\":\"https:\/\/schema.org\",\"@graph\":[{\"@type\":\"WebPage\",\"@id\":\"https:\/\/www.folkland.lv\/ru\/prece\/%d0%bc%d0%b0%d1%82%d1%80%d0%b0%d1%81-buffalo-h-13\/\",\"url\":\"https:\/\/www.folkland.lv\/ru\/prece\/%d0%bc%d0%b0%d1%82%d1%80%d0%b0%d1%81-buffalo-h-13\/\",\"name\":\"074 \u041c\u0430\u0442\u0440\u0430\u0441 BUFFALO H-13 - Folkland\",\"isPartOf\":{\"@id\":\"https:\/\/www.folkland.lv\/#website\"},\"primaryImageOfPage\":{\"@id\":\"https:\/\/www.folkland.lv\/ru\/prece\/%d0%bc%d0%b0%d1%82%d1%80%d0%b0%d1%81-buffalo-h-13\/#primaryimage\"},\"image\":{\"@id\":\"https:\/\/www.folkland.lv\/ru\/prece\/%d0%bc%d0%b0%d1%82%d1%80%d0%b0%d1%81-buffalo-h-13\/#primaryimage\"},\"thumbnailUrl\":\"https:\/\/www.folkland.lv\/wp-content\/uploads\/2019\/10\/K22.webp\",\"datePublished\":\"2019-10-08T12:20:51+00:00\",\"dateModified\":\"2020-09-28T10:38:32+00:00\",\"description\":\"\u0414\u0435\u0442\u0441\u043a\u0438\u0439 \u043c\u0430\u0442\u0440\u0430\u0441 \u0441\u0440\u0435\u0434\u043d\u0435\u0439 \u0436\u0435\u0441\u0442\u043a\u043e\u0441\u0442\u0438 BUFFALO.\",\"breadcrumb\":{\"@id\":\"https:\/\/www.folkland.lv\/ru\/prece\/%d0%bc%d0%b0%d1%82%d1%80%d0%b0%d1%81-buffalo-h-13\/#breadcrumb\"},\"inLanguage\":\"ru-RU\",\"potentialAction\":[{\"@type\":\"ReadAction\",\"target\":[\"https:\/\/www.folkland.lv\/ru\/prece\/%d0%bc%d0%b0%d1%82%d1%80%d0%b0%d1%81-buffalo-h-13\/\"]}]},{\"@type\":\"ImageObject\",\"inLanguage\":\"ru-RU\",\"@id\":\"https:\/\/www.folkland.lv\/ru\/prece\/%d0%bc%d0%b0%d1%82%d1%80%d0%b0%d1%81-buffalo-h-13\/#primaryimage\",\"url\":\"https:\/\/www.folkland.lv\/wp-content\/uploads\/2019\/10\/K22.webp\",\"contentUrl\":\"https:\/\/www.folkland.lv\/wp-content\/uploads\/2019\/10\/K22.webp\",\"width\":1920,\"height\":1440,\"caption\":\"Little Wonder b\u0113rnu matracis \u2013 dro\u0161s un \u0113rt\u012bgs miegs ar dab\u012bgiem materi\u0101liem!\"},{\"@type\":\"BreadcrumbList\",\"@id\":\"https:\/\/www.folkland.lv\/ru\/prece\/%d0%bc%d0%b0%d1%82%d1%80%d0%b0%d1%81-buffalo-h-13\/#breadcrumb\",\"itemListElement\":[{\"@type\":\"ListItem\",\"position\":1,\"name\":\"\u0413\u043b\u0430\u0432\u043d\u0430\u044f\",\"item\":\"https:\/\/www.folkland.lv\/ru\/\"},{\"@type\":\"ListItem\",\"position\":2,\"name\":\"\u041c\u0430\u0433\u0430\u0437\u0438\u043d\",\"item\":\"https:\/\/www.folkland.lv\/ru\/magazin\/\"},{\"@type\":\"ListItem\",\"position\":3,\"name\":\"074 \u041c\u0430\u0442\u0440\u0430\u0441 BUFFALO H-13\"}]},{\"@type\":\"WebSite\",\"@id\":\"https:\/\/www.folkland.lv\/#website\",\"url\":\"https:\/\/www.folkland.lv\/\",\"name\":\"Folkland\",\"description\":\"\",\"potentialAction\":[{\"@type\":\"SearchAction\",\"target\":{\"@type\":\"EntryPoint\",\"urlTemplate\":\"https:\/\/www.folkland.lv\/?s={search_term_string}\"},\"query-input\":\"required name=search_term_string\"}],\"inLanguage\":\"ru-RU\"}]}<\/script>\n<!-- \/ Yoast SEO plugin. -->","yoast_head_json":{"title":"074 \u041c\u0430\u0442\u0440\u0430\u0441 BUFFALO H-13 - Folkland","description":"\u0414\u0435\u0442\u0441\u043a\u0438\u0439 \u043c\u0430\u0442\u0440\u0430\u0441 \u0441\u0440\u0435\u0434\u043d\u0435\u0439 \u0436\u0435\u0441\u0442\u043a\u043e\u0441\u0442\u0438 BUFFALO.","robots":{"index":"index","follow":"follow","max-snippet":"max-snippet:-1","max-image-preview":"max-image-preview:large","max-video-preview":"max-video-preview:-1"},"canonical":"https:\/\/www.folkland.lv\/ru\/prece\/\u043c\u0430\u0442\u0440\u0430\u0441-buffalo-h-13\/","og_locale":"ru_RU","og_type":"article","og_title":"074 \u041c\u0430\u0442\u0440\u0430\u0441 BUFFALO H-13 - Folkland","og_description":"\u0414\u0435\u0442\u0441\u043a\u0438\u0439 \u043c\u0430\u0442\u0440\u0430\u0441 \u0441\u0440\u0435\u0434\u043d\u0435\u0439 \u0436\u0435\u0441\u0442\u043a\u043e\u0441\u0442\u0438 BUFFALO.","og_url":"https:\/\/www.folkland.lv\/ru\/prece\/\u043c\u0430\u0442\u0440\u0430\u0441-buffalo-h-13\/","og_site_name":"Folkland","article_modified_time":"2020-09-28T10:38:32+00:00","og_image":[{"width":1920,"height":1440,"url":"https:\/\/www.folkland.lv\/wp-content\/uploads\/2019\/10\/K22.webp","type":"image\/webp"}],"twitter_card":"summary_large_image","schema":{"@context":"https:\/\/schema.org","@graph":[{"@type":"WebPage","@id":"https:\/\/www.folkland.lv\/ru\/prece\/%d0%bc%d0%b0%d1%82%d1%80%d0%b0%d1%81-buffalo-h-13\/","url":"https:\/\/www.folkland.lv\/ru\/prece\/%d0%bc%d0%b0%d1%82%d1%80%d0%b0%d1%81-buffalo-h-13\/","name":"074 \u041c\u0430\u0442\u0440\u0430\u0441 BUFFALO H-13 - Folkland","isPartOf":{"@id":"https:\/\/www.folkland.lv\/#website"},"primaryImageOfPage":{"@id":"https:\/\/www.folkland.lv\/ru\/prece\/%d0%bc%d0%b0%d1%82%d1%80%d0%b0%d1%81-buffalo-h-13\/#primaryimage"},"image":{"@id":"https:\/\/www.folkland.lv\/ru\/prece\/%d0%bc%d0%b0%d1%82%d1%80%d0%b0%d1%81-buffalo-h-13\/#primaryimage"},"thumbnailUrl":"https:\/\/www.folkland.lv\/wp-content\/uploads\/2019\/10\/K22.webp","datePublished":"2019-10-08T12:20:51+00:00","dateModified":"2020-09-28T10:38:32+00:00","description":"\u0414\u0435\u0442\u0441\u043a\u0438\u0439 \u043c\u0430\u0442\u0440\u0430\u0441 \u0441\u0440\u0435\u0434\u043d\u0435\u0439 \u0436\u0435\u0441\u0442\u043a\u043e\u0441\u0442\u0438 BUFFALO.","breadcrumb":{"@id":"https:\/\/www.folkland.lv\/ru\/prece\/%d0%bc%d0%b0%d1%82%d1%80%d0%b0%d1%81-buffalo-h-13\/#breadcrumb"},"inLanguage":"ru-RU","potentialAction":[{"@type":"ReadAction","target":["https:\/\/www.folkland.lv\/ru\/prece\/%d0%bc%d0%b0%d1%82%d1%80%d0%b0%d1%81-buffalo-h-13\/"]}]},{"@type":"ImageObject","inLanguage":"ru-RU","@id":"https:\/\/www.folkland.lv\/ru\/prece\/%d0%bc%d0%b0%d1%82%d1%80%d0%b0%d1%81-buffalo-h-13\/#primaryimage","url":"https:\/\/www.folkland.lv\/wp-content\/uploads\/2019\/10\/K22.webp","contentUrl":"https:\/\/www.folkland.lv\/wp-content\/uploads\/2019\/10\/K22.webp","width":1920,"height":1440,"caption":"Little Wonder b\u0113rnu matracis \u2013 dro\u0161s un \u0113rt\u012bgs miegs ar dab\u012bgiem materi\u0101liem!"},{"@type":"BreadcrumbList","@id":"https:\/\/www.folkland.lv\/ru\/prece\/%d0%bc%d0%b0%d1%82%d1%80%d0%b0%d1%81-buffalo-h-13\/#breadcrumb","itemListElement":[{"@type":"ListItem","position":1,"name":"\u0413\u043b\u0430\u0432\u043d\u0430\u044f","item":"https:\/\/www.folkland.lv\/ru\/"},{"@type":"ListItem","position":2,"name":"\u041c\u0430\u0433\u0430\u0437\u0438\u043d","item":"https:\/\/www.folkland.lv\/ru\/magazin\/"},{"@type":"ListItem","position":3,"name":"074 \u041c\u0430\u0442\u0440\u0430\u0441 BUFFALO H-13"}]},{"@type":"WebSite","@id":"https:\/\/www.folkland.lv\/#website","url":"https:\/\/www.folkland.lv\/","name":"Folkland","description":"","potentialAction":[{"@type":"SearchAction","target":{"@type":"EntryPoint","urlTemplate":"https:\/\/www.folkland.lv\/?s={search_term_string}"},"query-input":"required name=search_term_string"}],"inLanguage":"ru-RU"}]}},"_links":{"self":[{"href":"https:\/\/www.folkland.lv\/ru\/wp-json\/wp\/v2\/product\/6924"}],"collection":[{"href":"https:\/\/www.folkland.lv\/ru\/wp-json\/wp\/v2\/product"}],"about":[{"href":"https:\/\/www.folkland.lv\/ru\/wp-json\/wp\/v2\/types\/product"}],"version-history":[{"count":1,"href":"https:\/\/www.folkland.lv\/ru\/wp-json\/wp\/v2\/product\/6924\/revisions"}],"predecessor-version":[{"id":8042,"href":"https:\/\/www.folkland.lv\/ru\/wp-json\/wp\/v2\/product\/6924\/revisions\/8042"}],"wp:featuredmedia":[{"embeddable":true,"href":"https:\/\/www.folkland.lv\/ru\/wp-json\/wp\/v2\/media\/41016"}],"wp:attachment":[{"href":"https:\/\/www.folkland.lv\/ru\/wp-json\/wp\/v2\/media?parent=6924"}],"wp:term":[{"taxonomy":"product_cat","embeddable":true,"href":"https:\/\/www.folkland.lv\/ru\/wp-json\/wp\/v2\/product_cat?post=6924"},{"taxonomy":"product_tag","embeddable":true,"href":"https:\/\/www.folkland.lv\/ru\/wp-json\/wp\/v2\/product_tag?post=6924"}],"curies":[{"name":"wp","href":"https:\/\/api.w.org\/{rel}","templated":true}]}}