{"id":6820,"date":"2019-10-08T14:55:54","date_gmt":"2019-10-08T11:55:54","guid":{"rendered":"https:\/\/www.folkland.lv\/prece\/m%d0%b0%d1%82%d1%80%d0%b0%d1%81-argent-h10\/"},"modified":"2025-07-16T16:49:49","modified_gmt":"2025-07-16T13:49:49","slug":"m%d0%b0%d1%82%d1%80%d0%b0%d1%81-argent-h10","status":"publish","type":"product","link":"https:\/\/www.folkland.lv\/ru\/prece\/m%d0%b0%d1%82%d1%80%d0%b0%d1%81-argent-h10\/","title":{"rendered":"070 M\u0430\u0442\u0440\u0430\u0441 ARGENT H10"},"content":{"rendered":"<p><span style=\"font-size: 14pt;\"><strong><span class=\"tlid-translation translation\" lang=\"ru\"><span class=\"\" title=\"\">\u0421\u043f\u0435\u0446\u0438\u0444\u0438\u043a\u0430\u0446\u0438\u044f:<\/span><\/span><\/strong><\/span><\/p>\n<h3 data-start=\"575\" data-end=\"601\">\ud83e\udde9 <strong data-start=\"582\" data-end=\"601\">\u0421\u043e\u0441\u0442\u0430\u0432 \u043c\u0430\u0442\u0440\u0430\u0441\u0430:<\/strong><\/h3>\n<ul data-start=\"602\" data-end=\"701\">\n<li data-start=\"602\" data-end=\"621\">\n<p data-start=\"604\" data-end=\"621\">\u2705 \u0421\u044a\u0451\u043c\u043d\u044b\u0439 \u0447\u0435\u0445\u043e\u043b<\/p>\n<\/li>\n<li data-start=\"622\" data-end=\"635\">\n<p data-start=\"624\" data-end=\"635\">\ud83c\udf3f \u0425\u043b\u043e\u043f\u043e\u043a<\/p>\n<\/li>\n<li data-start=\"636\" data-end=\"659\">\n<p data-start=\"638\" data-end=\"659\">\u2744\ufe0f Gel Foam (30 \u043c\u043c)<\/p>\n<\/li>\n<li data-start=\"660\" data-end=\"687\">\n<p data-start=\"662\" data-end=\"687\">\ud83d\udee1\ufe0f Silver Foam (70 \u043c\u043c)<\/p>\n<\/li>\n<li data-start=\"688\" data-end=\"701\">\n<p data-start=\"690\" data-end=\"701\">\ud83c\udf3f \u0425\u043b\u043e\u043f\u043e\u043a<\/p>\n<\/li>\n<\/ul>\n<h3 data-start=\"708\" data-end=\"760\">\u2744\ufe0f <strong data-start=\"715\" data-end=\"727\">Gel Foam<\/strong> \u2013 \u043a\u043e\u043c\u0444\u043e\u0440\u0442\u043d\u0430\u044f \u043f\u0440\u043e\u0445\u043b\u0430\u0434\u0430 \u0432\u0441\u044e \u043d\u043e\u0447\u044c<\/h3>\n<p data-start=\"761\" data-end=\"773\">\u042d\u0442\u043e\u0442 \u0441\u043b\u043e\u0439:<\/p>\n<ul data-start=\"774\" data-end=\"931\">\n<li data-start=\"774\" data-end=\"814\">\n<p data-start=\"776\" data-end=\"814\">\u0410\u0434\u0430\u043f\u0442\u0438\u0440\u0443\u0435\u0442\u0441\u044f \u043a \u0444\u043e\u0440\u043c\u0435 \u0442\u0435\u043b\u0430 \u0440\u0435\u0431\u0451\u043d\u043a\u0430 \ud83e\udd17<\/p>\n<\/li>\n<li data-start=\"815\" data-end=\"852\">\n<p data-start=\"817\" data-end=\"852\">\u041e\u0431\u0435\u0441\u043f\u0435\u0447\u0438\u0432\u0430\u0435\u0442 \u043f\u0440\u0438\u044f\u0442\u043d\u0443\u044e \u043f\u0440\u043e\u0445\u043b\u0430\u0434\u0443 \ud83e\uddca<\/p>\n<\/li>\n<li data-start=\"853\" data-end=\"931\">\n<p data-start=\"855\" data-end=\"931\">\u041f\u0440\u0435\u0434\u043e\u0442\u0432\u0440\u0430\u0449\u0430\u0435\u0442 \u043f\u0435\u0440\u0435\u0433\u0440\u0435\u0432 \u2014 \u043e\u0441\u043e\u0431\u0435\u043d\u043d\u043e \u0432\u0430\u0436\u043d\u043e \u0434\u043b\u044f \u0434\u0435\u0442\u0435\u0439 \u0441 \u0447\u0443\u0432\u0441\u0442\u0432\u0438\u0442\u0435\u043b\u044c\u043d\u044b\u043c \u0441\u043d\u043e\u043c \ud83c\udf19<\/p>\n<\/li>\n<\/ul>\n<h3 data-start=\"938\" data-end=\"984\">\ud83d\udee1\ufe0f <strong data-start=\"946\" data-end=\"961\">Silver Foam<\/strong> \u2013 \u0437\u0430\u0449\u0438\u0442\u0430 \u0438 \u043f\u043e\u0434\u0434\u0435\u0440\u0436\u043a\u0430<\/h3>\n<p data-start=\"985\" data-end=\"1030\">\u0421\u043e\u0432\u0440\u0435\u043c\u0435\u043d\u043d\u044b\u0439 \u043c\u0430\u0442\u0435\u0440\u0438\u0430\u043b \u0441 <strong data-start=\"1008\" data-end=\"1029\">\u0447\u0430\u0441\u0442\u0438\u0446\u0430\u043c\u0438 \u0441\u0435\u0440\u0435\u0431\u0440\u0430<\/strong>:<\/p>\n<ul data-start=\"1031\" data-end=\"1248\">\n<li data-start=\"1031\" data-end=\"1082\">\n<p data-start=\"1033\" data-end=\"1082\">\ud83e\uddec \u0415\u0441\u0442\u0435\u0441\u0442\u0432\u0435\u043d\u043d\u0430\u044f \u0437\u0430\u0449\u0438\u0442\u0430 \u043e\u0442 \u0431\u0430\u043a\u0442\u0435\u0440\u0438\u0439 \u0438 \u0430\u043b\u043b\u0435\u0440\u0433\u0435\u043d\u043e\u0432<\/p>\n<\/li>\n<li data-start=\"1083\" data-end=\"1127\">\n<p data-start=\"1085\" data-end=\"1127\">\ud83e\uddd8\u200d\u2642\ufe0f \u0420\u0430\u0432\u043d\u043e\u043c\u0435\u0440\u043d\u0430\u044f \u043f\u043e\u0434\u0434\u0435\u0440\u0436\u043a\u0430 \u043f\u043e\u0437\u0432\u043e\u043d\u043e\u0447\u043d\u0438\u043a\u0430<\/p>\n<\/li>\n<li data-start=\"1128\" data-end=\"1187\">\n<p data-start=\"1130\" data-end=\"1187\">\ud83c\udf2c\ufe0f \u0421\u0432\u043e\u0431\u043e\u0434\u043d\u0430\u044f \u0446\u0438\u0440\u043a\u0443\u043b\u044f\u0446\u0438\u044f \u0432\u043e\u0437\u0434\u0443\u0445\u0430 \u2014 \u0431\u0435\u0437 \u043d\u0430\u043a\u043e\u043f\u043b\u0435\u043d\u0438\u044f \u0432\u043b\u0430\u0433\u0438<\/p>\n<\/li>\n<li data-start=\"1188\" data-end=\"1248\">\n<p data-start=\"1190\" data-end=\"1248\">\ud83e\uddd2 \u041f\u043e\u0434\u0445\u043e\u0434\u0438\u0442 \u0434\u043b\u044f \u0434\u0435\u0442\u0435\u0439 \u0441 \u0430\u043b\u043b\u0435\u0440\u0433\u0438\u0435\u0439 \u0438 \u0447\u0443\u0432\u0441\u0442\u0432\u0438\u0442\u0435\u043b\u044c\u043d\u043e\u0439 \u043a\u043e\u0436\u0435\u0439<\/p>\n<\/li>\n<\/ul>\n<h3 data-start=\"1255\" data-end=\"1328\">\ud83c\udf3f <strong data-start=\"1262\" data-end=\"1280\">\u0425\u043b\u043e\u043f\u043a\u043e\u0432\u044b\u0435 \u0441\u043b\u043e\u0438<\/strong> \u2013 \u043d\u0430\u0442\u0443\u0440\u0430\u043b\u044c\u043d\u0430\u044f \u043c\u044f\u0433\u043a\u043e\u0441\u0442\u044c \u0438 \u0432\u043e\u0437\u0434\u0443\u0445\u043e\u043f\u0440\u043e\u043d\u0438\u0446\u0430\u0435\u043c\u043e\u0441\u0442\u044c<\/h3>\n<ul data-start=\"1329\" data-end=\"1500\">\n<li data-start=\"1329\" data-end=\"1397\">\n<p data-start=\"1331\" data-end=\"1397\">\u0421\u043f\u043e\u0441\u043e\u0431\u0441\u0442\u0432\u0443\u044e\u0442 \u0446\u0438\u0440\u043a\u0443\u043b\u044f\u0446\u0438\u0438 \u0432\u043e\u0437\u0434\u0443\u0445\u0430 \u0438 \u043f\u0440\u0435\u0434\u043e\u0442\u0432\u0440\u0430\u0449\u0430\u044e\u0442 \u043d\u0430\u043a\u043e\u043f\u043b\u0435\u043d\u0438\u0435 \u0432\u043b\u0430\u0433\u0438<\/p>\n<\/li>\n<li data-start=\"1398\" data-end=\"1430\">\n<p data-start=\"1400\" data-end=\"1430\">\u0421\u043d\u0438\u0436\u0430\u044e\u0442 \u043f\u043e\u0442\u043b\u0438\u0432\u043e\u0441\u0442\u044c \u0432\u043e \u0441\u043d\u0435 \ud83d\ude0c<\/p>\n<\/li>\n<li data-start=\"1431\" data-end=\"1500\">\n<p data-start=\"1433\" data-end=\"1500\">\u041c\u044f\u0433\u043a\u0438\u0439 \u043c\u0430\u0442\u0435\u0440\u0438\u0430\u043b, \u043f\u043e\u0434\u0445\u043e\u0434\u044f\u0449\u0438\u0439 \u0434\u0430\u0436\u0435 \u0434\u043b\u044f \u0441\u0430\u043c\u043e\u0439 \u0447\u0443\u0432\u0441\u0442\u0432\u0438\u0442\u0435\u043b\u044c\u043d\u043e\u0439 \u043a\u043e\u0436\u0438 \ud83d\udc76<\/p>\n<\/li>\n<\/ul>\n<h3 data-start=\"1507\" data-end=\"1540\">\ud83d\udc68\u200d\ud83d\udc69\u200d\ud83d\udc67\u200d\ud83d\udc66 <strong data-start=\"1523\" data-end=\"1540\">\u041f\u043e\u0434\u0445\u043e\u0434\u0438\u0442 \u0434\u043b\u044f:<\/strong><\/h3>\n<ul data-start=\"1541\" data-end=\"1699\">\n<li data-start=\"1541\" data-end=\"1588\">\n<p data-start=\"1543\" data-end=\"1588\">\u0420\u0430\u0441\u0442\u0443\u0449\u0438\u0445 \u0434\u0435\u0442\u0435\u0439, \u043a\u043e\u0442\u043e\u0440\u044b\u043c \u043d\u0443\u0436\u043d\u0430 \u0442\u0432\u0451\u0440\u0434\u0430\u044f \u043e\u043f\u043e\u0440\u0430<\/p>\n<\/li>\n<li data-start=\"1589\" data-end=\"1641\">\n<p data-start=\"1591\" data-end=\"1641\">\u0410\u043a\u0442\u0438\u0432\u043d\u044b\u0445 \u043c\u0430\u043b\u044b\u0448\u0435\u0439, \u043d\u0443\u0436\u0434\u0430\u044e\u0449\u0438\u0445\u0441\u044f \u0432 \u043a\u0430\u0447\u0435\u0441\u0442\u0432\u0435\u043d\u043d\u043e\u043c \u0441\u043d\u0435<\/p>\n<\/li>\n<li data-start=\"1642\" data-end=\"1699\">\n<p data-start=\"1644\" data-end=\"1699\">\u0420\u043e\u0434\u0438\u0442\u0435\u043b\u0435\u0439, \u0438\u0449\u0443\u0449\u0438\u0445 \u044d\u043a\u043e\u043b\u043e\u0433\u0438\u0447\u043d\u044b\u0439 \u0438 \u0434\u043e\u043b\u0433\u043e\u0432\u0435\u0447\u043d\u044b\u0439 \u043c\u0430\u0442\u0440\u0430\u0441 \ud83c\udf31<\/p>\n<\/li>\n<\/ul>\n<h3 data-start=\"1706\" data-end=\"1727\">\ud83d\udd27 <strong data-start=\"1713\" data-end=\"1727\">\u041c\u0430\u0442\u0435\u0440\u0438\u0430\u043b\u044b:<\/strong><\/h3>\n<p data-start=\"1728\" data-end=\"1760\">\u0412 \u043a\u043e\u043d\u0441\u0442\u0440\u0443\u043a\u0446\u0438\u0438 Mimi \u0438\u0441\u043f\u043e\u043b\u044c\u0437\u0443\u044e\u0442\u0441\u044f:<\/p>\n<ul data-start=\"1761\" data-end=\"1869\">\n<li data-start=\"1761\" data-end=\"1800\">\n<p data-start=\"1763\" data-end=\"1800\">\u2744\ufe0f <em data-start=\"1766\" data-end=\"1776\">Gel Foam<\/em> \u2013 \u043e\u0445\u043b\u0430\u0436\u0434\u0430\u044e\u0449\u0438\u0439 \u043a\u043e\u043c\u0444\u043e\u0440\u0442<\/p>\n<\/li>\n<li data-start=\"1801\" data-end=\"1869\">\n<p data-start=\"1803\" data-end=\"1869\">\ud83d\udee1\ufe0f <em data-start=\"1807\" data-end=\"1820\">Silver Foam<\/em> \u2013 \u0430\u043d\u0442\u0438\u0431\u0430\u043a\u0442\u0435\u0440\u0438\u0430\u043b\u044c\u043d\u0430\u044f \u0437\u0430\u0449\u0438\u0442\u0430 \u0438 \u043f\u0440\u043e\u0447\u043d\u0430\u044f \u043f\u043e\u0434\u0434\u0435\u0440\u0436\u043a\u0430<\/p>\n<\/li>\n<\/ul>\n<h3 data-start=\"1876\" data-end=\"1895\">\u2705 <strong data-start=\"1882\" data-end=\"1895\">\u0413\u0430\u0440\u0430\u043d\u0442\u0438\u044f:<\/strong><\/h3>\n<p data-start=\"1896\" data-end=\"1947\">\ud83d\udccb \u041e\u0433\u0440\u0430\u043d\u0438\u0447\u0435\u043d\u043d\u0430\u044f \u0433\u0430\u0440\u0430\u043d\u0442\u0438\u044f 2 \u0433\u043e\u0434\u0430 (\u0434\u0435\u0439\u0441\u0442\u0432\u0443\u044e\u0442 \u0443\u0441\u043b\u043e\u0432\u0438\u044f)<\/p>\n","protected":false},"excerpt":{"rendered":"<p><strong><span class=\"tlid-translation translation\" lang=\"ru\"><span class=\"\" title=\"\">\u041e\u043f\u0438\u0441\u0430\u043d\u0438\u0435 \u043f\u0440\u043e\u0434\u0443\u043a\u0442\u0430:<\/span><\/span><\/strong><\/p>\n<ul style=\"list-style-type: circle;\">\n<li>\n<h2 data-start=\"191\" data-end=\"254\"><strong data-start=\"198\" data-end=\"221\">\u0414\u0435\u0442\u0441\u043a\u0438\u0439 \u043c\u0430\u0442\u0440\u0430\u0441 Mimi<\/strong> \u2013 \u0434\u043b\u044f \u0437\u0434\u043e\u0440\u043e\u0432\u043e\u0433\u043e \u0438 \u0441\u043f\u043e\u043a\u043e\u0439\u043d\u043e\u0433\u043e \u0441\u043d\u0430<\/h2>\n<p data-start=\"256\" data-end=\"451\"><strong data-start=\"256\" data-end=\"271\">\u041c\u0430\u0442\u0440\u0430\u0441 Mimi<\/strong> \u0441\u043f\u0435\u0446\u0438\u0430\u043b\u044c\u043d\u043e \u0440\u0430\u0437\u0440\u0430\u0431\u043e\u0442\u0430\u043d \u0434\u043b\u044f \u043e\u0431\u0435\u0441\u043f\u0435\u0447\u0435\u043d\u0438\u044f \u0438\u0434\u0435\u0430\u043b\u044c\u043d\u043e\u0439 \u043f\u043e\u0434\u0434\u0435\u0440\u0436\u043a\u0438 \u0438 \u043a\u043e\u043c\u0444\u043e\u0440\u0442\u0430 \u0432\u043e \u0432\u0440\u0435\u043c\u044f \u0441\u043d\u0430 \u0440\u0435\u0431\u0451\u043d\u043a\u0430. \u0411\u043b\u0430\u0433\u043e\u0434\u0430\u0440\u044f \u0441\u043e\u0432\u0440\u0435\u043c\u0435\u043d\u043d\u044b\u043c \u043c\u0430\u0442\u0435\u0440\u0438\u0430\u043b\u0430\u043c \u2014 <strong data-start=\"398\" data-end=\"413\">Silver Foam<\/strong> \u0438 <strong data-start=\"416\" data-end=\"428\">Gel Foam<\/strong> \u2014 \u043c\u0430\u0442\u0440\u0430\u0441 \u043e\u0431\u0435\u0441\u043f\u0435\u0447\u0438\u0432\u0430\u0435\u0442:<\/p>\n<ul data-start=\"452\" data-end=\"568\">\n<li data-start=\"452\" data-end=\"492\">\n<p data-start=\"454\" data-end=\"492\">\ud83d\udcaa \u041d\u0430\u0434\u0451\u0436\u043d\u0443\u044e \u0438 \u044d\u0440\u0433\u043e\u043d\u043e\u043c\u0438\u0447\u043d\u0443\u044e \u043f\u043e\u0434\u0434\u0435\u0440\u0436\u043a\u0443<\/p>\n<\/li>\n<li data-start=\"493\" data-end=\"527\">\n<p data-start=\"495\" data-end=\"527\">\ud83c\udf21\ufe0f \u041e\u043f\u0442\u0438\u043c\u0430\u043b\u044c\u043d\u0443\u044e \u0442\u0435\u0440\u043c\u043e\u0440\u0435\u0433\u0443\u043b\u044f\u0446\u0438\u044e<\/p>\n<\/li>\n<li data-start=\"528\" data-end=\"568\">\n<p data-start=\"530\" data-end=\"568\">\ud83d\ude34 \u0421\u043f\u043e\u043a\u043e\u0439\u043d\u044b\u0439 \u0438 \u0432\u043e\u0441\u0441\u0442\u0430\u043d\u0430\u0432\u043b\u0438\u0432\u0430\u044e\u0449\u0438\u0439 \u0441\u043e\u043d<\/p>\n<\/li>\n<\/ul>\n<\/li>\n<\/ul>\n","protected":false},"featured_media":40993,"template":"","meta":{"_acf_changed":false},"product_cat":[255],"product_tag":[],"acf":[],"yoast_head":"<!-- This site is optimized with the Yoast SEO plugin v23.0 - https:\/\/yoast.com\/wordpress\/plugins\/seo\/ -->\n<title>070 M\u0430\u0442\u0440\u0430\u0441 ARGENT H10 - Folkland<\/title>\n<meta name=\"description\" content=\"\u0414\u0435\u0442\u0441\u043a\u0438\u0439 \u043c\u0430\u0442\u0440\u0430\u0441 Mimi \u0441 Gel Foam \u0438 Silver Foam \u2014 \u043a\u043e\u043c\u0444\u043e\u0440\u0442, \u043f\u0440\u043e\u0445\u043b\u0430\u0434\u0430 \u0438 \u0437\u0430\u0449\u0438\u0442\u0430 \u043e\u0442 \u0430\u043b\u043b\u0435\u0440\u0433\u0435\u043d\u043e\u0432. \u0418\u0434\u0435\u0430\u043b\u0435\u043d \u0434\u043b\u044f \u0441\u043d\u0430 \u0440\u0430\u0441\u0442\u0443\u0449\u0438\u0445 \u0438 \u0447\u0443\u0432\u0441\u0442\u0432\u0438\u0442\u0435\u043b\u044c\u043d\u044b\u0445 \u0434\u0435\u0442\u0435\u0439.\" \/>\n<meta name=\"robots\" content=\"index, follow, max-snippet:-1, max-image-preview:large, max-video-preview:-1\" \/>\n<link rel=\"canonical\" href=\"https:\/\/www.folkland.lv\/ru\/prece\/m\u0430\u0442\u0440\u0430\u0441-argent-h10\/\" \/>\n<meta property=\"og:locale\" content=\"ru_RU\" \/>\n<meta property=\"og:type\" content=\"article\" \/>\n<meta property=\"og:title\" content=\"070 M\u0430\u0442\u0440\u0430\u0441 ARGENT H10 - Folkland\" \/>\n<meta property=\"og:description\" content=\"\u0414\u0435\u0442\u0441\u043a\u0438\u0439 \u043c\u0430\u0442\u0440\u0430\u0441 Mimi \u0441 Gel Foam \u0438 Silver Foam \u2014 \u043a\u043e\u043c\u0444\u043e\u0440\u0442, \u043f\u0440\u043e\u0445\u043b\u0430\u0434\u0430 \u0438 \u0437\u0430\u0449\u0438\u0442\u0430 \u043e\u0442 \u0430\u043b\u043b\u0435\u0440\u0433\u0435\u043d\u043e\u0432. \u0418\u0434\u0435\u0430\u043b\u0435\u043d \u0434\u043b\u044f \u0441\u043d\u0430 \u0440\u0430\u0441\u0442\u0443\u0449\u0438\u0445 \u0438 \u0447\u0443\u0432\u0441\u0442\u0432\u0438\u0442\u0435\u043b\u044c\u043d\u044b\u0445 \u0434\u0435\u0442\u0435\u0439.\" \/>\n<meta property=\"og:url\" content=\"https:\/\/www.folkland.lv\/ru\/prece\/m\u0430\u0442\u0440\u0430\u0441-argent-h10\/\" \/>\n<meta property=\"og:site_name\" content=\"Folkland\" \/>\n<meta property=\"article:modified_time\" content=\"2025-07-16T13:49:49+00:00\" \/>\n<meta property=\"og:image\" content=\"https:\/\/www.folkland.lv\/wp-content\/uploads\/2019\/10\/K13Mimi.webp\" \/>\n\t<meta property=\"og:image:width\" content=\"1920\" \/>\n\t<meta property=\"og:image:height\" content=\"1440\" \/>\n\t<meta property=\"og:image:type\" content=\"image\/webp\" \/>\n<meta name=\"twitter:card\" content=\"summary_large_image\" \/>\n<script type=\"application\/ld+json\" class=\"yoast-schema-graph\">{\"@context\":\"https:\/\/schema.org\",\"@graph\":[{\"@type\":\"WebPage\",\"@id\":\"https:\/\/www.folkland.lv\/ru\/prece\/m%d0%b0%d1%82%d1%80%d0%b0%d1%81-argent-h10\/\",\"url\":\"https:\/\/www.folkland.lv\/ru\/prece\/m%d0%b0%d1%82%d1%80%d0%b0%d1%81-argent-h10\/\",\"name\":\"070 M\u0430\u0442\u0440\u0430\u0441 ARGENT H10 - Folkland\",\"isPartOf\":{\"@id\":\"https:\/\/www.folkland.lv\/#website\"},\"primaryImageOfPage\":{\"@id\":\"https:\/\/www.folkland.lv\/ru\/prece\/m%d0%b0%d1%82%d1%80%d0%b0%d1%81-argent-h10\/#primaryimage\"},\"image\":{\"@id\":\"https:\/\/www.folkland.lv\/ru\/prece\/m%d0%b0%d1%82%d1%80%d0%b0%d1%81-argent-h10\/#primaryimage\"},\"thumbnailUrl\":\"https:\/\/www.folkland.lv\/wp-content\/uploads\/2019\/10\/K13Mimi.webp\",\"datePublished\":\"2019-10-08T11:55:54+00:00\",\"dateModified\":\"2025-07-16T13:49:49+00:00\",\"description\":\"\u0414\u0435\u0442\u0441\u043a\u0438\u0439 \u043c\u0430\u0442\u0440\u0430\u0441 Mimi \u0441 Gel Foam \u0438 Silver Foam \u2014 \u043a\u043e\u043c\u0444\u043e\u0440\u0442, \u043f\u0440\u043e\u0445\u043b\u0430\u0434\u0430 \u0438 \u0437\u0430\u0449\u0438\u0442\u0430 \u043e\u0442 \u0430\u043b\u043b\u0435\u0440\u0433\u0435\u043d\u043e\u0432. \u0418\u0434\u0435\u0430\u043b\u0435\u043d \u0434\u043b\u044f \u0441\u043d\u0430 \u0440\u0430\u0441\u0442\u0443\u0449\u0438\u0445 \u0438 \u0447\u0443\u0432\u0441\u0442\u0432\u0438\u0442\u0435\u043b\u044c\u043d\u044b\u0445 \u0434\u0435\u0442\u0435\u0439.\",\"breadcrumb\":{\"@id\":\"https:\/\/www.folkland.lv\/ru\/prece\/m%d0%b0%d1%82%d1%80%d0%b0%d1%81-argent-h10\/#breadcrumb\"},\"inLanguage\":\"ru-RU\",\"potentialAction\":[{\"@type\":\"ReadAction\",\"target\":[\"https:\/\/www.folkland.lv\/ru\/prece\/m%d0%b0%d1%82%d1%80%d0%b0%d1%81-argent-h10\/\"]}]},{\"@type\":\"ImageObject\",\"inLanguage\":\"ru-RU\",\"@id\":\"https:\/\/www.folkland.lv\/ru\/prece\/m%d0%b0%d1%82%d1%80%d0%b0%d1%81-argent-h10\/#primaryimage\",\"url\":\"https:\/\/www.folkland.lv\/wp-content\/uploads\/2019\/10\/K13Mimi.webp\",\"contentUrl\":\"https:\/\/www.folkland.lv\/wp-content\/uploads\/2019\/10\/K13Mimi.webp\",\"width\":1920,\"height\":1440,\"caption\":\"Mimi matracis ir \u012bpa\u0161i izstr\u0101d\u0101ts, lai nodro\u0161in\u0101tu ide\u0101lu atbalstu un komfortu b\u0113rna miegam. Izmantoti moderni materi\u0101li \u2013 Silver Foam un Gel Foam, kas kop\u0101 nodro\u0161ina: stingru un ergonomisku balstu, optim\u0101lu \u0137erme\u0146a temperat\u016bru,mier\u012bgu un vesel\u012bgu miegu.\"},{\"@type\":\"BreadcrumbList\",\"@id\":\"https:\/\/www.folkland.lv\/ru\/prece\/m%d0%b0%d1%82%d1%80%d0%b0%d1%81-argent-h10\/#breadcrumb\",\"itemListElement\":[{\"@type\":\"ListItem\",\"position\":1,\"name\":\"\u0413\u043b\u0430\u0432\u043d\u0430\u044f\",\"item\":\"https:\/\/www.folkland.lv\/ru\/\"},{\"@type\":\"ListItem\",\"position\":2,\"name\":\"\u041c\u0430\u0433\u0430\u0437\u0438\u043d\",\"item\":\"https:\/\/www.folkland.lv\/ru\/magazin\/\"},{\"@type\":\"ListItem\",\"position\":3,\"name\":\"070 M\u0430\u0442\u0440\u0430\u0441 ARGENT H10\"}]},{\"@type\":\"WebSite\",\"@id\":\"https:\/\/www.folkland.lv\/#website\",\"url\":\"https:\/\/www.folkland.lv\/\",\"name\":\"Folkland\",\"description\":\"\",\"potentialAction\":[{\"@type\":\"SearchAction\",\"target\":{\"@type\":\"EntryPoint\",\"urlTemplate\":\"https:\/\/www.folkland.lv\/?s={search_term_string}\"},\"query-input\":\"required name=search_term_string\"}],\"inLanguage\":\"ru-RU\"}]}<\/script>\n<!-- \/ Yoast SEO plugin. -->","yoast_head_json":{"title":"070 M\u0430\u0442\u0440\u0430\u0441 ARGENT H10 - Folkland","description":"\u0414\u0435\u0442\u0441\u043a\u0438\u0439 \u043c\u0430\u0442\u0440\u0430\u0441 Mimi \u0441 Gel Foam \u0438 Silver Foam \u2014 \u043a\u043e\u043c\u0444\u043e\u0440\u0442, \u043f\u0440\u043e\u0445\u043b\u0430\u0434\u0430 \u0438 \u0437\u0430\u0449\u0438\u0442\u0430 \u043e\u0442 \u0430\u043b\u043b\u0435\u0440\u0433\u0435\u043d\u043e\u0432. \u0418\u0434\u0435\u0430\u043b\u0435\u043d \u0434\u043b\u044f \u0441\u043d\u0430 \u0440\u0430\u0441\u0442\u0443\u0449\u0438\u0445 \u0438 \u0447\u0443\u0432\u0441\u0442\u0432\u0438\u0442\u0435\u043b\u044c\u043d\u044b\u0445 \u0434\u0435\u0442\u0435\u0439.","robots":{"index":"index","follow":"follow","max-snippet":"max-snippet:-1","max-image-preview":"max-image-preview:large","max-video-preview":"max-video-preview:-1"},"canonical":"https:\/\/www.folkland.lv\/ru\/prece\/m\u0430\u0442\u0440\u0430\u0441-argent-h10\/","og_locale":"ru_RU","og_type":"article","og_title":"070 M\u0430\u0442\u0440\u0430\u0441 ARGENT H10 - Folkland","og_description":"\u0414\u0435\u0442\u0441\u043a\u0438\u0439 \u043c\u0430\u0442\u0440\u0430\u0441 Mimi \u0441 Gel Foam \u0438 Silver Foam \u2014 \u043a\u043e\u043c\u0444\u043e\u0440\u0442, \u043f\u0440\u043e\u0445\u043b\u0430\u0434\u0430 \u0438 \u0437\u0430\u0449\u0438\u0442\u0430 \u043e\u0442 \u0430\u043b\u043b\u0435\u0440\u0433\u0435\u043d\u043e\u0432. \u0418\u0434\u0435\u0430\u043b\u0435\u043d \u0434\u043b\u044f \u0441\u043d\u0430 \u0440\u0430\u0441\u0442\u0443\u0449\u0438\u0445 \u0438 \u0447\u0443\u0432\u0441\u0442\u0432\u0438\u0442\u0435\u043b\u044c\u043d\u044b\u0445 \u0434\u0435\u0442\u0435\u0439.","og_url":"https:\/\/www.folkland.lv\/ru\/prece\/m\u0430\u0442\u0440\u0430\u0441-argent-h10\/","og_site_name":"Folkland","article_modified_time":"2025-07-16T13:49:49+00:00","og_image":[{"width":1920,"height":1440,"url":"https:\/\/www.folkland.lv\/wp-content\/uploads\/2019\/10\/K13Mimi.webp","type":"image\/webp"}],"twitter_card":"summary_large_image","schema":{"@context":"https:\/\/schema.org","@graph":[{"@type":"WebPage","@id":"https:\/\/www.folkland.lv\/ru\/prece\/m%d0%b0%d1%82%d1%80%d0%b0%d1%81-argent-h10\/","url":"https:\/\/www.folkland.lv\/ru\/prece\/m%d0%b0%d1%82%d1%80%d0%b0%d1%81-argent-h10\/","name":"070 M\u0430\u0442\u0440\u0430\u0441 ARGENT H10 - Folkland","isPartOf":{"@id":"https:\/\/www.folkland.lv\/#website"},"primaryImageOfPage":{"@id":"https:\/\/www.folkland.lv\/ru\/prece\/m%d0%b0%d1%82%d1%80%d0%b0%d1%81-argent-h10\/#primaryimage"},"image":{"@id":"https:\/\/www.folkland.lv\/ru\/prece\/m%d0%b0%d1%82%d1%80%d0%b0%d1%81-argent-h10\/#primaryimage"},"thumbnailUrl":"https:\/\/www.folkland.lv\/wp-content\/uploads\/2019\/10\/K13Mimi.webp","datePublished":"2019-10-08T11:55:54+00:00","dateModified":"2025-07-16T13:49:49+00:00","description":"\u0414\u0435\u0442\u0441\u043a\u0438\u0439 \u043c\u0430\u0442\u0440\u0430\u0441 Mimi \u0441 Gel Foam \u0438 Silver Foam \u2014 \u043a\u043e\u043c\u0444\u043e\u0440\u0442, \u043f\u0440\u043e\u0445\u043b\u0430\u0434\u0430 \u0438 \u0437\u0430\u0449\u0438\u0442\u0430 \u043e\u0442 \u0430\u043b\u043b\u0435\u0440\u0433\u0435\u043d\u043e\u0432. \u0418\u0434\u0435\u0430\u043b\u0435\u043d \u0434\u043b\u044f \u0441\u043d\u0430 \u0440\u0430\u0441\u0442\u0443\u0449\u0438\u0445 \u0438 \u0447\u0443\u0432\u0441\u0442\u0432\u0438\u0442\u0435\u043b\u044c\u043d\u044b\u0445 \u0434\u0435\u0442\u0435\u0439.","breadcrumb":{"@id":"https:\/\/www.folkland.lv\/ru\/prece\/m%d0%b0%d1%82%d1%80%d0%b0%d1%81-argent-h10\/#breadcrumb"},"inLanguage":"ru-RU","potentialAction":[{"@type":"ReadAction","target":["https:\/\/www.folkland.lv\/ru\/prece\/m%d0%b0%d1%82%d1%80%d0%b0%d1%81-argent-h10\/"]}]},{"@type":"ImageObject","inLanguage":"ru-RU","@id":"https:\/\/www.folkland.lv\/ru\/prece\/m%d0%b0%d1%82%d1%80%d0%b0%d1%81-argent-h10\/#primaryimage","url":"https:\/\/www.folkland.lv\/wp-content\/uploads\/2019\/10\/K13Mimi.webp","contentUrl":"https:\/\/www.folkland.lv\/wp-content\/uploads\/2019\/10\/K13Mimi.webp","width":1920,"height":1440,"caption":"Mimi matracis ir \u012bpa\u0161i izstr\u0101d\u0101ts, lai nodro\u0161in\u0101tu ide\u0101lu atbalstu un komfortu b\u0113rna miegam. Izmantoti moderni materi\u0101li \u2013 Silver Foam un Gel Foam, kas kop\u0101 nodro\u0161ina: stingru un ergonomisku balstu, optim\u0101lu \u0137erme\u0146a temperat\u016bru,mier\u012bgu un vesel\u012bgu miegu."},{"@type":"BreadcrumbList","@id":"https:\/\/www.folkland.lv\/ru\/prece\/m%d0%b0%d1%82%d1%80%d0%b0%d1%81-argent-h10\/#breadcrumb","itemListElement":[{"@type":"ListItem","position":1,"name":"\u0413\u043b\u0430\u0432\u043d\u0430\u044f","item":"https:\/\/www.folkland.lv\/ru\/"},{"@type":"ListItem","position":2,"name":"\u041c\u0430\u0433\u0430\u0437\u0438\u043d","item":"https:\/\/www.folkland.lv\/ru\/magazin\/"},{"@type":"ListItem","position":3,"name":"070 M\u0430\u0442\u0440\u0430\u0441 ARGENT H10"}]},{"@type":"WebSite","@id":"https:\/\/www.folkland.lv\/#website","url":"https:\/\/www.folkland.lv\/","name":"Folkland","description":"","potentialAction":[{"@type":"SearchAction","target":{"@type":"EntryPoint","urlTemplate":"https:\/\/www.folkland.lv\/?s={search_term_string}"},"query-input":"required name=search_term_string"}],"inLanguage":"ru-RU"}]}},"_links":{"self":[{"href":"https:\/\/www.folkland.lv\/ru\/wp-json\/wp\/v2\/product\/6820"}],"collection":[{"href":"https:\/\/www.folkland.lv\/ru\/wp-json\/wp\/v2\/product"}],"about":[{"href":"https:\/\/www.folkland.lv\/ru\/wp-json\/wp\/v2\/types\/product"}],"version-history":[{"count":2,"href":"https:\/\/www.folkland.lv\/ru\/wp-json\/wp\/v2\/product\/6820\/revisions"}],"predecessor-version":[{"id":40997,"href":"https:\/\/www.folkland.lv\/ru\/wp-json\/wp\/v2\/product\/6820\/revisions\/40997"}],"wp:featuredmedia":[{"embeddable":true,"href":"https:\/\/www.folkland.lv\/ru\/wp-json\/wp\/v2\/media\/40993"}],"wp:attachment":[{"href":"https:\/\/www.folkland.lv\/ru\/wp-json\/wp\/v2\/media?parent=6820"}],"wp:term":[{"taxonomy":"product_cat","embeddable":true,"href":"https:\/\/www.folkland.lv\/ru\/wp-json\/wp\/v2\/product_cat?post=6820"},{"taxonomy":"product_tag","embeddable":true,"href":"https:\/\/www.folkland.lv\/ru\/wp-json\/wp\/v2\/product_tag?post=6820"}],"curies":[{"name":"wp","href":"https:\/\/api.w.org\/{rel}","templated":true}]}}