{"id":39849,"date":"2023-10-25T14:27:54","date_gmt":"2023-10-25T11:27:54","guid":{"rendered":"https:\/\/www.folkland.lv\/prece\/vina-plaukts-36-pudelem-melns\/"},"modified":"2023-10-25T14:59:20","modified_gmt":"2023-10-25T11:59:20","slug":"vina-plaukts-36-pudelem-melns","status":"publish","type":"product","link":"https:\/\/www.folkland.lv\/ru\/prece\/vina-plaukts-36-pudelem-melns\/","title":{"rendered":"\u0412\u0438\u043d\u043d\u0430\u044f \u043f\u043e\u043b\u043a\u0430 \u043d\u0430 36 \u0431\u0443\u0442\u044b\u043b\u043e\u043a, \u0441\u043e\u0441\u043d\u0430, \u0447\u0435\u0440\u043d\u0430\u044f."},"content":{"rendered":"<div class=\"woocommerce-product-details__short-description\">\n<h3><strong>Specifik\u0101cija<\/strong>:<\/h3>\n<ul>\n<li>Augstums: 60 cm;<\/li>\n<li>Platums: 60cm;<\/li>\n<li>Dzi\u013cums: 30 cm.<\/li>\n<li>Pieg\u0101d\u0101 Izjaukt\u0101 veid\u0101. Plauktam nepiecie\u0161ana mont\u0101\u017ea.<\/li>\n<li>Iepakojums \u2013 Kartona kaste.<\/li>\n<\/ul>\n<p><b>Materi\u0101ls\u00a0<\/b>\u2013 Priedes mas\u012bvs;<\/p>\n<p><b>Koksnes apstr\u0101de \u2013\u00a0<\/b><u>Vivacolor Villa Akva<\/u>\u00a0( modific\u0113ta, mat\u0113ta \u016bdens b\u0101zes kr\u0101sa koka virsm\u0101m \u0101rdarbos. Kr\u0101sa veido net\u012brumus un \u016bdeni atgr\u016bdo\u0161u virsmu. Villa Akva nodro\u0161ina lielisku to\u0146u un sp\u012bduma notur\u012bbu, Koksne ieg\u016bst z\u012bdaini mat\u0113tas virsmas iespaidu.);<\/p>\n<\/div>\n","protected":false},"excerpt":{"rendered":"<h3><strong>V\u012bna plaukts 36 pudel\u0113m, priedes koksne, melns.<br \/>\n<\/strong><\/h3>\n<ul style=\"list-style-type: circle;\">\n<li>Veidojot v\u012bna plauktu kolekciju, m\u0113s saprat\u0101m b\u016btisko: vecs, gadiem iztur\u0113ts v\u012bns un koksnes smar\u017ea \u2013 t\u0101 ir izcila sader\u012bb;<\/li>\n<li>Tie\u0161i t\u0101pat k\u0101 v\u012bnam ir simtiem arom\u0101tu un to\u0146u- t\u0101pat ar\u012b ant\u012bkam kokam piem\u012bt vienreiz\u0113ja to\u0146u un rakstu bag\u0101t\u012bba.<\/li>\n<li>M\u016bsu ra\u017eotie v\u012bna plaukti ir ne tikai skaisti un ori\u0123in\u0101li, bet ar\u012b \u013coti praktiski un dro\u0161s veids, k\u0101 glab\u0101t v\u012bna pudeles. Tie ienes\u012bs J\u016bsu m\u0101j\u0101s nelielu da\u013ci\u0146u no v\u012bna pagraba atmosf\u0113ras;<\/li>\n<\/ul>\n","protected":false},"featured_media":39841,"template":"","meta":{"_acf_changed":false},"product_cat":[185],"product_tag":[],"acf":[],"yoast_head":"<!-- This site is optimized with the Yoast SEO plugin v23.0 - https:\/\/yoast.com\/wordpress\/plugins\/seo\/ -->\n<title>\u0412\u0438\u043d\u043d\u0430\u044f \u043f\u043e\u043b\u043a\u0430 \u043d\u0430 36 \u0431\u0443\u0442\u044b\u043b\u043e\u043a, \u0441\u043e\u0441\u043d\u0430, \u0447\u0435\u0440\u043d\u0430\u044f. - Folkland<\/title>\n<meta name=\"description\" content=\"\u0412\u0438\u043d\u043d\u044b\u0435 \u0441\u0442\u0435\u043b\u043b\u0430\u0436\u0438 \u043f\u0440\u043e\u0438\u0437\u0432\u043e\u0434\u0441\u0442\u0432\u0430 \u041b\u0430\u0442\u0432\u0438\u0438 \u0438\u0437 \u0441\u043e\u0441\u043d\u044b. \u0412\u0438\u043d\u043d\u044b\u0435 \u0441\u0442\u0435\u043b\u043b\u0430\u0436\u0438 \u0441 \u0432\u044b\u0434\u0432\u0438\u0436\u043d\u044b\u043c\u0438 \u043f\u043e\u043b\u043a\u0430\u043c\u0438 \u043d\u0430 36 \u0431\u0443\u0442\u044b\u043b\u043e\u043a \u0432\u0438\u043d\u0430. \u0411\u044b\u0441\u0442\u0440\u0430\u044f \u0434\u043e\u0441\u0442\u0430\u0432\u043a\u0430.\" \/>\n<meta name=\"robots\" content=\"index, follow, max-snippet:-1, max-image-preview:large, max-video-preview:-1\" \/>\n<link rel=\"canonical\" href=\"https:\/\/www.folkland.lv\/ru\/prece\/vina-plaukts-36-pudelem-melns\/\" \/>\n<meta property=\"og:locale\" content=\"ru_RU\" \/>\n<meta property=\"og:type\" content=\"article\" \/>\n<meta property=\"og:title\" content=\"\u0412\u0438\u043d\u043d\u0430\u044f \u043f\u043e\u043b\u043a\u0430 \u043d\u0430 36 \u0431\u0443\u0442\u044b\u043b\u043e\u043a, \u0441\u043e\u0441\u043d\u0430, \u0447\u0435\u0440\u043d\u0430\u044f. - Folkland\" \/>\n<meta property=\"og:description\" content=\"\u0412\u0438\u043d\u043d\u044b\u0435 \u0441\u0442\u0435\u043b\u043b\u0430\u0436\u0438 \u043f\u0440\u043e\u0438\u0437\u0432\u043e\u0434\u0441\u0442\u0432\u0430 \u041b\u0430\u0442\u0432\u0438\u0438 \u0438\u0437 \u0441\u043e\u0441\u043d\u044b. \u0412\u0438\u043d\u043d\u044b\u0435 \u0441\u0442\u0435\u043b\u043b\u0430\u0436\u0438 \u0441 \u0432\u044b\u0434\u0432\u0438\u0436\u043d\u044b\u043c\u0438 \u043f\u043e\u043b\u043a\u0430\u043c\u0438 \u043d\u0430 36 \u0431\u0443\u0442\u044b\u043b\u043e\u043a \u0432\u0438\u043d\u0430. \u0411\u044b\u0441\u0442\u0440\u0430\u044f \u0434\u043e\u0441\u0442\u0430\u0432\u043a\u0430.\" \/>\n<meta property=\"og:url\" content=\"https:\/\/www.folkland.lv\/ru\/prece\/vina-plaukts-36-pudelem-melns\/\" \/>\n<meta property=\"og:site_name\" content=\"Folkland\" \/>\n<meta property=\"article:modified_time\" content=\"2023-10-25T11:59:20+00:00\" \/>\n<meta property=\"og:image\" content=\"https:\/\/www.folkland.lv\/wp-content\/uploads\/2023\/10\/Vina-plaukts-36-pudelem-Folkland_1.png\" \/>\n\t<meta property=\"og:image:width\" content=\"1976\" \/>\n\t<meta property=\"og:image:height\" content=\"1984\" \/>\n\t<meta property=\"og:image:type\" content=\"image\/png\" \/>\n<meta name=\"twitter:card\" content=\"summary_large_image\" \/>\n<script type=\"application\/ld+json\" class=\"yoast-schema-graph\">{\"@context\":\"https:\/\/schema.org\",\"@graph\":[{\"@type\":\"WebPage\",\"@id\":\"https:\/\/www.folkland.lv\/ru\/prece\/vina-plaukts-36-pudelem-melns\/\",\"url\":\"https:\/\/www.folkland.lv\/ru\/prece\/vina-plaukts-36-pudelem-melns\/\",\"name\":\"\u0412\u0438\u043d\u043d\u0430\u044f \u043f\u043e\u043b\u043a\u0430 \u043d\u0430 36 \u0431\u0443\u0442\u044b\u043b\u043e\u043a, \u0441\u043e\u0441\u043d\u0430, \u0447\u0435\u0440\u043d\u0430\u044f. - Folkland\",\"isPartOf\":{\"@id\":\"https:\/\/www.folkland.lv\/#website\"},\"primaryImageOfPage\":{\"@id\":\"https:\/\/www.folkland.lv\/ru\/prece\/vina-plaukts-36-pudelem-melns\/#primaryimage\"},\"image\":{\"@id\":\"https:\/\/www.folkland.lv\/ru\/prece\/vina-plaukts-36-pudelem-melns\/#primaryimage\"},\"thumbnailUrl\":\"https:\/\/www.folkland.lv\/wp-content\/uploads\/2023\/10\/Vina-plaukts-36-pudelem-Folkland_1.png\",\"datePublished\":\"2023-10-25T11:27:54+00:00\",\"dateModified\":\"2023-10-25T11:59:20+00:00\",\"description\":\"\u0412\u0438\u043d\u043d\u044b\u0435 \u0441\u0442\u0435\u043b\u043b\u0430\u0436\u0438 \u043f\u0440\u043e\u0438\u0437\u0432\u043e\u0434\u0441\u0442\u0432\u0430 \u041b\u0430\u0442\u0432\u0438\u0438 \u0438\u0437 \u0441\u043e\u0441\u043d\u044b. \u0412\u0438\u043d\u043d\u044b\u0435 \u0441\u0442\u0435\u043b\u043b\u0430\u0436\u0438 \u0441 \u0432\u044b\u0434\u0432\u0438\u0436\u043d\u044b\u043c\u0438 \u043f\u043e\u043b\u043a\u0430\u043c\u0438 \u043d\u0430 36 \u0431\u0443\u0442\u044b\u043b\u043e\u043a \u0432\u0438\u043d\u0430. \u0411\u044b\u0441\u0442\u0440\u0430\u044f \u0434\u043e\u0441\u0442\u0430\u0432\u043a\u0430.\",\"breadcrumb\":{\"@id\":\"https:\/\/www.folkland.lv\/ru\/prece\/vina-plaukts-36-pudelem-melns\/#breadcrumb\"},\"inLanguage\":\"ru-RU\",\"potentialAction\":[{\"@type\":\"ReadAction\",\"target\":[\"https:\/\/www.folkland.lv\/ru\/prece\/vina-plaukts-36-pudelem-melns\/\"]}]},{\"@type\":\"ImageObject\",\"inLanguage\":\"ru-RU\",\"@id\":\"https:\/\/www.folkland.lv\/ru\/prece\/vina-plaukts-36-pudelem-melns\/#primaryimage\",\"url\":\"https:\/\/www.folkland.lv\/wp-content\/uploads\/2023\/10\/Vina-plaukts-36-pudelem-Folkland_1.png\",\"contentUrl\":\"https:\/\/www.folkland.lv\/wp-content\/uploads\/2023\/10\/Vina-plaukts-36-pudelem-Folkland_1.png\",\"width\":1976,\"height\":1984,\"caption\":\"V\u012bna plaukts Melns\"},{\"@type\":\"BreadcrumbList\",\"@id\":\"https:\/\/www.folkland.lv\/ru\/prece\/vina-plaukts-36-pudelem-melns\/#breadcrumb\",\"itemListElement\":[{\"@type\":\"ListItem\",\"position\":1,\"name\":\"\u0413\u043b\u0430\u0432\u043d\u0430\u044f\",\"item\":\"https:\/\/www.folkland.lv\/ru\/\"},{\"@type\":\"ListItem\",\"position\":2,\"name\":\"\u041c\u0430\u0433\u0430\u0437\u0438\u043d\",\"item\":\"https:\/\/www.folkland.lv\/ru\/magazin\/\"},{\"@type\":\"ListItem\",\"position\":3,\"name\":\"\u0412\u0438\u043d\u043d\u0430\u044f \u043f\u043e\u043b\u043a\u0430 \u043d\u0430 36 \u0431\u0443\u0442\u044b\u043b\u043e\u043a, \u0441\u043e\u0441\u043d\u0430, \u0447\u0435\u0440\u043d\u0430\u044f.\"}]},{\"@type\":\"WebSite\",\"@id\":\"https:\/\/www.folkland.lv\/#website\",\"url\":\"https:\/\/www.folkland.lv\/\",\"name\":\"Folkland\",\"description\":\"\",\"potentialAction\":[{\"@type\":\"SearchAction\",\"target\":{\"@type\":\"EntryPoint\",\"urlTemplate\":\"https:\/\/www.folkland.lv\/?s={search_term_string}\"},\"query-input\":\"required name=search_term_string\"}],\"inLanguage\":\"ru-RU\"}]}<\/script>\n<!-- \/ Yoast SEO plugin. -->","yoast_head_json":{"title":"\u0412\u0438\u043d\u043d\u0430\u044f \u043f\u043e\u043b\u043a\u0430 \u043d\u0430 36 \u0431\u0443\u0442\u044b\u043b\u043e\u043a, \u0441\u043e\u0441\u043d\u0430, \u0447\u0435\u0440\u043d\u0430\u044f. - Folkland","description":"\u0412\u0438\u043d\u043d\u044b\u0435 \u0441\u0442\u0435\u043b\u043b\u0430\u0436\u0438 \u043f\u0440\u043e\u0438\u0437\u0432\u043e\u0434\u0441\u0442\u0432\u0430 \u041b\u0430\u0442\u0432\u0438\u0438 \u0438\u0437 \u0441\u043e\u0441\u043d\u044b. \u0412\u0438\u043d\u043d\u044b\u0435 \u0441\u0442\u0435\u043b\u043b\u0430\u0436\u0438 \u0441 \u0432\u044b\u0434\u0432\u0438\u0436\u043d\u044b\u043c\u0438 \u043f\u043e\u043b\u043a\u0430\u043c\u0438 \u043d\u0430 36 \u0431\u0443\u0442\u044b\u043b\u043e\u043a \u0432\u0438\u043d\u0430. \u0411\u044b\u0441\u0442\u0440\u0430\u044f \u0434\u043e\u0441\u0442\u0430\u0432\u043a\u0430.","robots":{"index":"index","follow":"follow","max-snippet":"max-snippet:-1","max-image-preview":"max-image-preview:large","max-video-preview":"max-video-preview:-1"},"canonical":"https:\/\/www.folkland.lv\/ru\/prece\/vina-plaukts-36-pudelem-melns\/","og_locale":"ru_RU","og_type":"article","og_title":"\u0412\u0438\u043d\u043d\u0430\u044f \u043f\u043e\u043b\u043a\u0430 \u043d\u0430 36 \u0431\u0443\u0442\u044b\u043b\u043e\u043a, \u0441\u043e\u0441\u043d\u0430, \u0447\u0435\u0440\u043d\u0430\u044f. - Folkland","og_description":"\u0412\u0438\u043d\u043d\u044b\u0435 \u0441\u0442\u0435\u043b\u043b\u0430\u0436\u0438 \u043f\u0440\u043e\u0438\u0437\u0432\u043e\u0434\u0441\u0442\u0432\u0430 \u041b\u0430\u0442\u0432\u0438\u0438 \u0438\u0437 \u0441\u043e\u0441\u043d\u044b. \u0412\u0438\u043d\u043d\u044b\u0435 \u0441\u0442\u0435\u043b\u043b\u0430\u0436\u0438 \u0441 \u0432\u044b\u0434\u0432\u0438\u0436\u043d\u044b\u043c\u0438 \u043f\u043e\u043b\u043a\u0430\u043c\u0438 \u043d\u0430 36 \u0431\u0443\u0442\u044b\u043b\u043e\u043a \u0432\u0438\u043d\u0430. \u0411\u044b\u0441\u0442\u0440\u0430\u044f \u0434\u043e\u0441\u0442\u0430\u0432\u043a\u0430.","og_url":"https:\/\/www.folkland.lv\/ru\/prece\/vina-plaukts-36-pudelem-melns\/","og_site_name":"Folkland","article_modified_time":"2023-10-25T11:59:20+00:00","og_image":[{"width":1976,"height":1984,"url":"https:\/\/www.folkland.lv\/wp-content\/uploads\/2023\/10\/Vina-plaukts-36-pudelem-Folkland_1.png","type":"image\/png"}],"twitter_card":"summary_large_image","schema":{"@context":"https:\/\/schema.org","@graph":[{"@type":"WebPage","@id":"https:\/\/www.folkland.lv\/ru\/prece\/vina-plaukts-36-pudelem-melns\/","url":"https:\/\/www.folkland.lv\/ru\/prece\/vina-plaukts-36-pudelem-melns\/","name":"\u0412\u0438\u043d\u043d\u0430\u044f \u043f\u043e\u043b\u043a\u0430 \u043d\u0430 36 \u0431\u0443\u0442\u044b\u043b\u043e\u043a, \u0441\u043e\u0441\u043d\u0430, \u0447\u0435\u0440\u043d\u0430\u044f. - Folkland","isPartOf":{"@id":"https:\/\/www.folkland.lv\/#website"},"primaryImageOfPage":{"@id":"https:\/\/www.folkland.lv\/ru\/prece\/vina-plaukts-36-pudelem-melns\/#primaryimage"},"image":{"@id":"https:\/\/www.folkland.lv\/ru\/prece\/vina-plaukts-36-pudelem-melns\/#primaryimage"},"thumbnailUrl":"https:\/\/www.folkland.lv\/wp-content\/uploads\/2023\/10\/Vina-plaukts-36-pudelem-Folkland_1.png","datePublished":"2023-10-25T11:27:54+00:00","dateModified":"2023-10-25T11:59:20+00:00","description":"\u0412\u0438\u043d\u043d\u044b\u0435 \u0441\u0442\u0435\u043b\u043b\u0430\u0436\u0438 \u043f\u0440\u043e\u0438\u0437\u0432\u043e\u0434\u0441\u0442\u0432\u0430 \u041b\u0430\u0442\u0432\u0438\u0438 \u0438\u0437 \u0441\u043e\u0441\u043d\u044b. \u0412\u0438\u043d\u043d\u044b\u0435 \u0441\u0442\u0435\u043b\u043b\u0430\u0436\u0438 \u0441 \u0432\u044b\u0434\u0432\u0438\u0436\u043d\u044b\u043c\u0438 \u043f\u043e\u043b\u043a\u0430\u043c\u0438 \u043d\u0430 36 \u0431\u0443\u0442\u044b\u043b\u043e\u043a \u0432\u0438\u043d\u0430. \u0411\u044b\u0441\u0442\u0440\u0430\u044f \u0434\u043e\u0441\u0442\u0430\u0432\u043a\u0430.","breadcrumb":{"@id":"https:\/\/www.folkland.lv\/ru\/prece\/vina-plaukts-36-pudelem-melns\/#breadcrumb"},"inLanguage":"ru-RU","potentialAction":[{"@type":"ReadAction","target":["https:\/\/www.folkland.lv\/ru\/prece\/vina-plaukts-36-pudelem-melns\/"]}]},{"@type":"ImageObject","inLanguage":"ru-RU","@id":"https:\/\/www.folkland.lv\/ru\/prece\/vina-plaukts-36-pudelem-melns\/#primaryimage","url":"https:\/\/www.folkland.lv\/wp-content\/uploads\/2023\/10\/Vina-plaukts-36-pudelem-Folkland_1.png","contentUrl":"https:\/\/www.folkland.lv\/wp-content\/uploads\/2023\/10\/Vina-plaukts-36-pudelem-Folkland_1.png","width":1976,"height":1984,"caption":"V\u012bna plaukts Melns"},{"@type":"BreadcrumbList","@id":"https:\/\/www.folkland.lv\/ru\/prece\/vina-plaukts-36-pudelem-melns\/#breadcrumb","itemListElement":[{"@type":"ListItem","position":1,"name":"\u0413\u043b\u0430\u0432\u043d\u0430\u044f","item":"https:\/\/www.folkland.lv\/ru\/"},{"@type":"ListItem","position":2,"name":"\u041c\u0430\u0433\u0430\u0437\u0438\u043d","item":"https:\/\/www.folkland.lv\/ru\/magazin\/"},{"@type":"ListItem","position":3,"name":"\u0412\u0438\u043d\u043d\u0430\u044f \u043f\u043e\u043b\u043a\u0430 \u043d\u0430 36 \u0431\u0443\u0442\u044b\u043b\u043e\u043a, \u0441\u043e\u0441\u043d\u0430, \u0447\u0435\u0440\u043d\u0430\u044f."}]},{"@type":"WebSite","@id":"https:\/\/www.folkland.lv\/#website","url":"https:\/\/www.folkland.lv\/","name":"Folkland","description":"","potentialAction":[{"@type":"SearchAction","target":{"@type":"EntryPoint","urlTemplate":"https:\/\/www.folkland.lv\/?s={search_term_string}"},"query-input":"required name=search_term_string"}],"inLanguage":"ru-RU"}]}},"_links":{"self":[{"href":"https:\/\/www.folkland.lv\/ru\/wp-json\/wp\/v2\/product\/39849"}],"collection":[{"href":"https:\/\/www.folkland.lv\/ru\/wp-json\/wp\/v2\/product"}],"about":[{"href":"https:\/\/www.folkland.lv\/ru\/wp-json\/wp\/v2\/types\/product"}],"version-history":[{"count":1,"href":"https:\/\/www.folkland.lv\/ru\/wp-json\/wp\/v2\/product\/39849\/revisions"}],"predecessor-version":[{"id":39860,"href":"https:\/\/www.folkland.lv\/ru\/wp-json\/wp\/v2\/product\/39849\/revisions\/39860"}],"wp:featuredmedia":[{"embeddable":true,"href":"https:\/\/www.folkland.lv\/ru\/wp-json\/wp\/v2\/media\/39841"}],"wp:attachment":[{"href":"https:\/\/www.folkland.lv\/ru\/wp-json\/wp\/v2\/media?parent=39849"}],"wp:term":[{"taxonomy":"product_cat","embeddable":true,"href":"https:\/\/www.folkland.lv\/ru\/wp-json\/wp\/v2\/product_cat?post=39849"},{"taxonomy":"product_tag","embeddable":true,"href":"https:\/\/www.folkland.lv\/ru\/wp-json\/wp\/v2\/product_tag?post=39849"}],"curies":[{"name":"wp","href":"https:\/\/api.w.org\/{rel}","templated":true}]}}