{"id":35436,"date":"2023-06-30T13:08:37","date_gmt":"2023-06-30T10:08:37","guid":{"rendered":"https:\/\/www.folkland.lv\/prece\/matracis-brako-h17\/"},"modified":"2023-06-30T13:08:37","modified_gmt":"2023-06-30T10:08:37","slug":"matracis-brako-h17","status":"publish","type":"product","link":"https:\/\/www.folkland.lv\/ru\/prece\/matracis-brako-h17\/","title":{"rendered":"Matracis &#171;Brako H17&#187;"},"content":{"rendered":"<p><strong><span dir=\"ltr\">Sast\u0101vs:<\/span><\/strong><\/p>\n<ul>\n<li><span dir=\"ltr\">No\u0146emams p\u0101rvalks<\/span><\/li>\n<li><span dir=\"ltr\">Kokvilna<\/span><\/li>\n<li><span dir=\"ltr\">Putas EcoTex 2cm<\/span><\/li>\n<li><span dir=\"ltr\">Arm\u0113ts kokvilnas sl\u0101nis<\/span><\/li>\n<li><span dir=\"ltr\">Atsperu bloks &#187; Bonnel &#171;<\/span><\/li>\n<li><span dir=\"ltr\">Arm\u0113ts kokvilnas sl\u0101nis<\/span><\/li>\n<li><span dir=\"ltr\">Kokos\u0161\u0137iedru pl\u0101ksne 2cm<\/span><\/li>\n<li><span dir=\"ltr\">Kokvilna<\/span><\/li>\n<li><span dir=\"ltr\">Matra\u010da augstums 17 cm<\/span><\/li>\n<\/ul>\n<p>&nbsp;<\/p>\n","protected":false},"excerpt":{"rendered":"<p><span dir=\"ltr\">Kombin\u0113ts matra\u010da modelis ar da\u017e\u0101d\u0101m stingr\u012bbas pus\u0113m. Matra\u010da pamat\u0101 tiek izmantots ortop\u0113diskais atsperu bloks \u201cBonnel\u201d \u2013 dro\u0161s, iztur\u012bgs, nodro\u0161ina optim\u0101lu mugurkaula atbalstu miega laik\u0101. Atsperu bloks no ab\u0101m pus\u0113m ir aizsarg\u0101ts ar arm\u0113tu vilnas vatel\u012bnu (iztur\u012bgs, elast\u012bgs, bl\u012bvs, neaiztur mitrumu, \u013coti viegls materi\u0101ls). Aug\u0161\u0113jais matra\u010da sl\u0101nis sast\u0101v no 2cm vid\u0113jas ciet\u012bbas putu poliuret\u0101na &#8212; antialer\u0123isks matra\u010da pild\u012bjums, pateicoties savai strukt\u016brai nepie\u013cauj putek\u013cu un paraz\u012btu iemitin\u0101\u0161anos. Apak\u0161\u0113jais matra\u010da sl\u0101nis sast\u0101v no kokosa \u0161\u0137iedras \u2013 dab\u012bgs pild\u012bjums, kas pie\u0161\u0137ir matracim ortop\u0113disku stingr\u012bbu.<\/span><\/p>\n<p><strong>Matra\u010da priek\u0161roc\u012bbas:<\/strong><\/p>\n<ul>\n<li>labas gaisa caurlaid\u012bbas un mitruma kontroles \u012bpa\u0161\u012bbas;<\/li>\n<li>sniedz vienm\u0113r\u012bgu atbalstu vis\u0101m \u0137erme\u0146a da\u013c\u0101m;<\/li>\n<li>da\u017e\u0101das ciet\u012bbas puses;<\/li>\n<li>izgatavots no dro\u0161iem, netoksiskiem materi\u0101liem;<\/li>\n<li>pla\u0161s izm\u0113ru diapazons;<\/li>\n<li>iztur intens\u012bvas slodzes;<\/li>\n<li>2 gadu garantija;<\/li>\n<li>ra\u017eots Latvij\u0101;<\/li>\n<\/ul>\n","protected":false},"featured_media":35412,"template":"","meta":{"_acf_changed":false},"product_cat":[538,176,546],"product_tag":[],"acf":[],"yoast_head":"<!-- This site is optimized with the Yoast SEO plugin v23.0 - https:\/\/yoast.com\/wordpress\/plugins\/seo\/ -->\n<title>Matracis &quot;Brako H17&quot; - Folkland<\/title>\n<meta name=\"robots\" content=\"index, follow, max-snippet:-1, max-image-preview:large, max-video-preview:-1\" \/>\n<link rel=\"canonical\" href=\"https:\/\/www.folkland.lv\/ru\/prece\/matracis-brako-h17\/\" \/>\n<meta property=\"og:locale\" content=\"ru_RU\" \/>\n<meta property=\"og:type\" content=\"article\" \/>\n<meta property=\"og:title\" content=\"Matracis &quot;Brako H17&quot; - Folkland\" \/>\n<meta property=\"og:description\" content=\"Kombin\u0113ts matra\u010da modelis ar da\u017e\u0101d\u0101m stingr\u012bbas pus\u0113m. Matra\u010da pamat\u0101 tiek izmantots ortop\u0113diskais atsperu bloks \u201cBonnel\u201d \u2013 dro\u0161s, iztur\u012bgs, nodro\u0161ina optim\u0101lu mugurkaula atbalstu miega laik\u0101. Atsperu bloks no ab\u0101m pus\u0113m ir aizsarg\u0101ts ar arm\u0113tu vilnas vatel\u012bnu (iztur\u012bgs, elast\u012bgs, bl\u012bvs, neaiztur mitrumu, \u013coti viegls materi\u0101ls). Aug\u0161\u0113jais matra\u010da sl\u0101nis sast\u0101v no 2cm vid\u0113jas ciet\u012bbas putu poliuret\u0101na - antialer\u0123isks matra\u010da pild\u012bjums, pateicoties savai strukt\u016brai nepie\u013cauj putek\u013cu un paraz\u012btu iemitin\u0101\u0161anos. Apak\u0161\u0113jais matra\u010da sl\u0101nis sast\u0101v no kokosa \u0161\u0137iedras \u2013 dab\u012bgs pild\u012bjums, kas pie\u0161\u0137ir matracim ortop\u0113disku stingr\u012bbu. Matra\u010da priek\u0161roc\u012bbas:  labas gaisa caurlaid\u012bbas un mitruma kontroles \u012bpa\u0161\u012bbas; sniedz vienm\u0113r\u012bgu atbalstu vis\u0101m \u0137erme\u0146a da\u013c\u0101m; da\u017e\u0101das ciet\u012bbas puses; izgatavots no dro\u0161iem, netoksiskiem materi\u0101liem; pla\u0161s izm\u0113ru diapazons; iztur intens\u012bvas slodzes; 2 gadu garantija; ra\u017eots Latvij\u0101;\" \/>\n<meta property=\"og:url\" content=\"https:\/\/www.folkland.lv\/ru\/prece\/matracis-brako-h17\/\" \/>\n<meta property=\"og:site_name\" content=\"Folkland\" \/>\n<meta property=\"og:image\" content=\"https:\/\/www.folkland.lv\/wp-content\/uploads\/2023\/06\/brako-f-1024x576.png\" \/>\n\t<meta property=\"og:image:width\" content=\"1024\" \/>\n\t<meta property=\"og:image:height\" content=\"576\" \/>\n\t<meta property=\"og:image:type\" content=\"image\/png\" \/>\n<meta name=\"twitter:card\" content=\"summary_large_image\" \/>\n<script type=\"application\/ld+json\" class=\"yoast-schema-graph\">{\"@context\":\"https:\/\/schema.org\",\"@graph\":[{\"@type\":\"WebPage\",\"@id\":\"https:\/\/www.folkland.lv\/ru\/prece\/matracis-brako-h17\/\",\"url\":\"https:\/\/www.folkland.lv\/ru\/prece\/matracis-brako-h17\/\",\"name\":\"Matracis \\\"Brako H17\\\" - Folkland\",\"isPartOf\":{\"@id\":\"https:\/\/www.folkland.lv\/#website\"},\"primaryImageOfPage\":{\"@id\":\"https:\/\/www.folkland.lv\/ru\/prece\/matracis-brako-h17\/#primaryimage\"},\"image\":{\"@id\":\"https:\/\/www.folkland.lv\/ru\/prece\/matracis-brako-h17\/#primaryimage\"},\"thumbnailUrl\":\"https:\/\/www.folkland.lv\/wp-content\/uploads\/2023\/06\/brako-f.png\",\"datePublished\":\"2023-06-30T10:08:37+00:00\",\"dateModified\":\"2023-06-30T10:08:37+00:00\",\"breadcrumb\":{\"@id\":\"https:\/\/www.folkland.lv\/ru\/prece\/matracis-brako-h17\/#breadcrumb\"},\"inLanguage\":\"ru-RU\",\"potentialAction\":[{\"@type\":\"ReadAction\",\"target\":[\"https:\/\/www.folkland.lv\/ru\/prece\/matracis-brako-h17\/\"]}]},{\"@type\":\"ImageObject\",\"inLanguage\":\"ru-RU\",\"@id\":\"https:\/\/www.folkland.lv\/ru\/prece\/matracis-brako-h17\/#primaryimage\",\"url\":\"https:\/\/www.folkland.lv\/wp-content\/uploads\/2023\/06\/brako-f.png\",\"contentUrl\":\"https:\/\/www.folkland.lv\/wp-content\/uploads\/2023\/06\/brako-f.png\",\"width\":1920,\"height\":1080},{\"@type\":\"BreadcrumbList\",\"@id\":\"https:\/\/www.folkland.lv\/ru\/prece\/matracis-brako-h17\/#breadcrumb\",\"itemListElement\":[{\"@type\":\"ListItem\",\"position\":1,\"name\":\"\u0413\u043b\u0430\u0432\u043d\u0430\u044f\",\"item\":\"https:\/\/www.folkland.lv\/ru\/\"},{\"@type\":\"ListItem\",\"position\":2,\"name\":\"\u041c\u0430\u0433\u0430\u0437\u0438\u043d\",\"item\":\"https:\/\/www.folkland.lv\/ru\/magazin\/\"},{\"@type\":\"ListItem\",\"position\":3,\"name\":\"Matracis &#171;Brako H17&#187;\"}]},{\"@type\":\"WebSite\",\"@id\":\"https:\/\/www.folkland.lv\/#website\",\"url\":\"https:\/\/www.folkland.lv\/\",\"name\":\"Folkland\",\"description\":\"\",\"potentialAction\":[{\"@type\":\"SearchAction\",\"target\":{\"@type\":\"EntryPoint\",\"urlTemplate\":\"https:\/\/www.folkland.lv\/?s={search_term_string}\"},\"query-input\":\"required name=search_term_string\"}],\"inLanguage\":\"ru-RU\"}]}<\/script>\n<!-- \/ Yoast SEO plugin. -->","yoast_head_json":{"title":"Matracis \"Brako H17\" - Folkland","robots":{"index":"index","follow":"follow","max-snippet":"max-snippet:-1","max-image-preview":"max-image-preview:large","max-video-preview":"max-video-preview:-1"},"canonical":"https:\/\/www.folkland.lv\/ru\/prece\/matracis-brako-h17\/","og_locale":"ru_RU","og_type":"article","og_title":"Matracis \"Brako H17\" - Folkland","og_description":"Kombin\u0113ts matra\u010da modelis ar da\u017e\u0101d\u0101m stingr\u012bbas pus\u0113m. Matra\u010da pamat\u0101 tiek izmantots ortop\u0113diskais atsperu bloks \u201cBonnel\u201d \u2013 dro\u0161s, iztur\u012bgs, nodro\u0161ina optim\u0101lu mugurkaula atbalstu miega laik\u0101. Atsperu bloks no ab\u0101m pus\u0113m ir aizsarg\u0101ts ar arm\u0113tu vilnas vatel\u012bnu (iztur\u012bgs, elast\u012bgs, bl\u012bvs, neaiztur mitrumu, \u013coti viegls materi\u0101ls). Aug\u0161\u0113jais matra\u010da sl\u0101nis sast\u0101v no 2cm vid\u0113jas ciet\u012bbas putu poliuret\u0101na - antialer\u0123isks matra\u010da pild\u012bjums, pateicoties savai strukt\u016brai nepie\u013cauj putek\u013cu un paraz\u012btu iemitin\u0101\u0161anos. Apak\u0161\u0113jais matra\u010da sl\u0101nis sast\u0101v no kokosa \u0161\u0137iedras \u2013 dab\u012bgs pild\u012bjums, kas pie\u0161\u0137ir matracim ortop\u0113disku stingr\u012bbu. Matra\u010da priek\u0161roc\u012bbas:  labas gaisa caurlaid\u012bbas un mitruma kontroles \u012bpa\u0161\u012bbas; sniedz vienm\u0113r\u012bgu atbalstu vis\u0101m \u0137erme\u0146a da\u013c\u0101m; da\u017e\u0101das ciet\u012bbas puses; izgatavots no dro\u0161iem, netoksiskiem materi\u0101liem; pla\u0161s izm\u0113ru diapazons; iztur intens\u012bvas slodzes; 2 gadu garantija; ra\u017eots Latvij\u0101;","og_url":"https:\/\/www.folkland.lv\/ru\/prece\/matracis-brako-h17\/","og_site_name":"Folkland","og_image":[{"width":1024,"height":576,"url":"https:\/\/www.folkland.lv\/wp-content\/uploads\/2023\/06\/brako-f-1024x576.png","type":"image\/png"}],"twitter_card":"summary_large_image","schema":{"@context":"https:\/\/schema.org","@graph":[{"@type":"WebPage","@id":"https:\/\/www.folkland.lv\/ru\/prece\/matracis-brako-h17\/","url":"https:\/\/www.folkland.lv\/ru\/prece\/matracis-brako-h17\/","name":"Matracis \"Brako H17\" - Folkland","isPartOf":{"@id":"https:\/\/www.folkland.lv\/#website"},"primaryImageOfPage":{"@id":"https:\/\/www.folkland.lv\/ru\/prece\/matracis-brako-h17\/#primaryimage"},"image":{"@id":"https:\/\/www.folkland.lv\/ru\/prece\/matracis-brako-h17\/#primaryimage"},"thumbnailUrl":"https:\/\/www.folkland.lv\/wp-content\/uploads\/2023\/06\/brako-f.png","datePublished":"2023-06-30T10:08:37+00:00","dateModified":"2023-06-30T10:08:37+00:00","breadcrumb":{"@id":"https:\/\/www.folkland.lv\/ru\/prece\/matracis-brako-h17\/#breadcrumb"},"inLanguage":"ru-RU","potentialAction":[{"@type":"ReadAction","target":["https:\/\/www.folkland.lv\/ru\/prece\/matracis-brako-h17\/"]}]},{"@type":"ImageObject","inLanguage":"ru-RU","@id":"https:\/\/www.folkland.lv\/ru\/prece\/matracis-brako-h17\/#primaryimage","url":"https:\/\/www.folkland.lv\/wp-content\/uploads\/2023\/06\/brako-f.png","contentUrl":"https:\/\/www.folkland.lv\/wp-content\/uploads\/2023\/06\/brako-f.png","width":1920,"height":1080},{"@type":"BreadcrumbList","@id":"https:\/\/www.folkland.lv\/ru\/prece\/matracis-brako-h17\/#breadcrumb","itemListElement":[{"@type":"ListItem","position":1,"name":"\u0413\u043b\u0430\u0432\u043d\u0430\u044f","item":"https:\/\/www.folkland.lv\/ru\/"},{"@type":"ListItem","position":2,"name":"\u041c\u0430\u0433\u0430\u0437\u0438\u043d","item":"https:\/\/www.folkland.lv\/ru\/magazin\/"},{"@type":"ListItem","position":3,"name":"Matracis &#171;Brako H17&#187;"}]},{"@type":"WebSite","@id":"https:\/\/www.folkland.lv\/#website","url":"https:\/\/www.folkland.lv\/","name":"Folkland","description":"","potentialAction":[{"@type":"SearchAction","target":{"@type":"EntryPoint","urlTemplate":"https:\/\/www.folkland.lv\/?s={search_term_string}"},"query-input":"required name=search_term_string"}],"inLanguage":"ru-RU"}]}},"_links":{"self":[{"href":"https:\/\/www.folkland.lv\/ru\/wp-json\/wp\/v2\/product\/35436"}],"collection":[{"href":"https:\/\/www.folkland.lv\/ru\/wp-json\/wp\/v2\/product"}],"about":[{"href":"https:\/\/www.folkland.lv\/ru\/wp-json\/wp\/v2\/types\/product"}],"version-history":[{"count":0,"href":"https:\/\/www.folkland.lv\/ru\/wp-json\/wp\/v2\/product\/35436\/revisions"}],"wp:featuredmedia":[{"embeddable":true,"href":"https:\/\/www.folkland.lv\/ru\/wp-json\/wp\/v2\/media\/35412"}],"wp:attachment":[{"href":"https:\/\/www.folkland.lv\/ru\/wp-json\/wp\/v2\/media?parent=35436"}],"wp:term":[{"taxonomy":"product_cat","embeddable":true,"href":"https:\/\/www.folkland.lv\/ru\/wp-json\/wp\/v2\/product_cat?post=35436"},{"taxonomy":"product_tag","embeddable":true,"href":"https:\/\/www.folkland.lv\/ru\/wp-json\/wp\/v2\/product_tag?post=35436"}],"curies":[{"name":"wp","href":"https:\/\/api.w.org\/{rel}","templated":true}]}}