{"id":9979,"date":"2019-03-20T12:44:00","date_gmt":"2020-11-25T09:41:46","guid":{"rendered":"https:\/\/www.folkland.lv\/?post_type=product&#038;p=9979"},"modified":"2025-02-24T11:29:59","modified_gmt":"2025-02-24T09:29:59","slug":"024-skandia-valge-pruun","status":"publish","type":"product","link":"https:\/\/www.folkland.lv\/et\/prece\/024-skandia-valge-pruun\/","title":{"rendered":"024.Aiam\u00f6\u00f6bli komplekt &#8220;Scandia&#8221; Valge\/Pruun"},"content":{"rendered":"<h3><span style=\"color: #000000;\">\ud83d\udccc Materjal ja vastupidavus<\/span><\/h3>\n<p><span style=\"color: #000000;\">See laud ja toolid on valmistatud kvaliteetsest naturaalsest m\u00e4nnipuidust. Kuna puit on looduslik materjal, v\u00f5ivad ilmastikutingimused (p\u00e4ike, vihm, tuul, lumi) p\u00f5hjustada selle struktuuri, v\u00e4rvi ja kuju kergeid muutusi. Aja jooksul v\u00f5ivad tekkida ka vaigud ja mikropragud, mis on loomulik protsess. M\u00f6\u00f6bli ilu ja pikaealisuse s\u00e4ilitamiseks on soovitatav kaitsta m\u00f6\u00f6blit muutuvate ilmastikuolude eest, kattes selle porilauaga v\u00f5i asetades selle varjualuse alla.<\/span><\/p>\n<p><span style=\"color: #000000;\">Kuigi m\u00f6\u00f6blit on t\u00f6\u00f6deldud mitme kaitsekihiga, on see loodud taluma kerget vihma, kuid pikaajaline kokkupuude niiskuse ja UV-kiirgusega v\u00f5ib m\u00f5jutada m\u00f6\u00f6bli v\u00e4limust.<\/span><\/p>\n<h3><span style=\"color: #000000;\">\ud83e\uddfc Hooldus ja ladustamine<\/span><\/h3>\n<p><span style=\"color: #000000;\">\u2714 Hooldus &#8211; t\u00e4nu puidu erilisele kaitsele ei vaja see toode keerulist hooldust. Tolmu ja mustuse saab h\u00f5lpsasti eemaldada niiske lapiga ja veega. M\u00f6\u00f6bli eluea pikendamiseks on soovitatav uuendada kaitsev v\u00e4rvikiht kord aastas aiahooaja l\u00f5pus.<\/span><\/p>\n<p><span style=\"color: #000000;\">\u2714 S\u00e4ilitamine &#8211; kui m\u00f6\u00f6blit ei kasutata pikka aega, on soovitatav katta see kaitsekattega, et kaitsta seda p\u00e4ikese, vihma ja tuule m\u00f5ju eest. K\u00fclmal aastaajal on k\u00f5ige parem m\u00f6\u00f6blit hoida kuivas kohas, mis tagab selle pikaealisuse ja hoiab selle hea v\u00e4ljan\u00e4gemise j\u00e4rgmiseks hooajaks.<\/span><\/p>\n<h3><span style=\"color: #000000;\">\ud83d\udccf Toote m\u00f5\u00f5tmed ja spetsifikatsioonid<\/span><\/h3>\n<h4><span style=\"color: #000000;\">\ud83e\ude91 Tooli:<\/span><\/h4>\n<p><span style=\"color: #000000;\"><strong>Laius<\/strong>: 36 cm;<\/span><br \/>\n<span style=\"color: #000000;\"><strong>S\u00fcgavus<\/strong> &#8211; 31 cm;<\/span><br \/>\n<span style=\"color: #000000;\"><strong>K\u00f5rgus<\/strong> &#8211; 83 cm;<\/span><br \/>\n<span style=\"color: #000000;\"><strong>Istme laius<\/strong> &#8211; 36 cm;<\/span><br \/>\n<span style=\"color: #000000;\"><strong>Istme s\u00fcgavus<\/strong> &#8211; 31 cm;<\/span><br \/>\n<span style=\"color: #000000;\"><strong>Kaal<\/strong> &#8211; 6,3 kg;<\/span><br \/>\n<span style=\"color: #000000;\"><strong>Transpordi suurus<\/strong> &#8211; 37cm x 104cm x H21cm (K x L x H);<\/span><br \/>\n<span style=\"color: #000000;\"><strong>Transpordimaht<\/strong> &#8211; 0,081m3;<\/span><br \/>\n<span style=\"color: #000000;\"><strong>Tarnitakse kokkupanduna (pakend PVC-kile, pappkast 2gb\/kast);<\/strong><\/span><\/p>\n<h4><span style=\"color: #000000;\">\ud83d\udecb Tabel:<\/span><\/h4>\n<p><span style=\"color: #000000;\"><strong>Pikkus<\/strong> &#8211; 109 cm;<\/span><br \/>\n<span style=\"color: #000000;\"><strong>Laius<\/strong> &#8211; 66,5 cm;<\/span><br \/>\n<span style=\"color: #000000;\"><strong>K\u00f5rgus<\/strong> &#8211; 65cm;<\/span><br \/>\n<span style=\"color: #000000;\"><strong>Kaal<\/strong> &#8211; 15kg;<\/span><br \/>\n<span style=\"color: #000000;\"><strong>Transpordi suurus<\/strong> &#8211; 110cm x 90cm x H11cm (H x L x H);<\/span><br \/>\n<span style=\"color: #000000;\"><strong>Transpordimah<\/strong>t &#8211; 0,1m3;<\/span><br \/>\n<span style=\"color: #000000;\"><strong>Tarnitakse kokkupanduna \/ kokkupanekut ei ole vaja;<\/strong><\/span><br \/>\n<span style=\"color: #000000;\"><strong>Pakend PVC-kile, pappkarp;<\/strong><\/span><\/p>\n<h4><span style=\"color: #000000;\">\ud83d\udce6 \u00dcldised parameetrid:<\/span><\/h4>\n<p><span style=\"color: #000000;\"><strong>Transpordi suurus<\/strong>: 110cm x 90cm x K33cm (L x S x K);<\/span><br \/>\n<span style=\"color: #000000;\"><strong>Transpordimaht<\/strong>: 0,262 m3\/ 28 kg.<\/span><\/p>\n<h4><span style=\"color: #000000;\">\ud83c\udfa8 Materjal ja viimistlus<\/span><\/h4>\n<p><span style=\"color: #000000;\"><strong>Materjal<\/strong>: massiivne m\u00e4nd;<\/span><\/p>\n<p><span style=\"color: #000000;\"><strong>Puidu viimistlus<\/strong>: Vivacolor Villa Akva &#8211; kvaliteetne, matt vesialuseline v\u00e4rv, mis tagab suurep\u00e4rase v\u00e4rvi- ja l\u00e4ikimispidavuse. See loob mustust ja vett h\u00fclgava pinna, mis annab m\u00f6\u00f6blile elegantse, siidiselt mati v\u00e4limuse.<\/span><br \/>\n<span style=\"color: #000000;\"><strong>V\u00e4rvitoon<\/strong>: Valge\/Pruun;<\/span><br \/>\n<span style=\"color: #000000;\">See aiam\u00f6\u00f6blikomplekt \u00fchendab endas puidu loodusliku ilu, vastupidavuse ja skandinaavia disaini elegantsuse, pakkudes teile mugavust ja stiili igal aastaajal! \ud83c\udf3f\u2728<\/span><\/p>\n","protected":false},"excerpt":{"rendered":"<p><span style=\"color: #000000;\">Scandia kokkupandav m\u00f6\u00f6blikomplekt on ideaalne valik neile, kes soovivad \u00fchendada mugavuse, liikuvuse ja elegantsuse oma \u00f5ues istumisalal. Pakume kokkupandavat lauda ja 4 seljatoega kokkupandavat tooli &#8211; ideaalsed piknikutele, r\u00f5dudele, v\u00e4ikestele terrassidele v\u00f5i v\u00e4ljas\u00f5itudele looduses.<\/span><\/p>\n<h4><span style=\"color: #000000;\">Miks valida see komplekt?<\/span><\/h4>\n<p><span style=\"color: #000000;\">\u2714 <strong>Valge\/Pruun viimistlus<\/strong> &#8211; lakooniline, rahulik, elegantne, see v\u00e4rv on \u00fcks inimeste lemmik ja k\u00f5ige levinum. Jahedad, sinakashallid toonid viitavad enesekindlusele, korrale ja usaldusele ning on ka vaimse rikkuse varjundid;<\/span><\/p>\n<p><span style=\"color: #000000;\">\u2714 <strong>Kokkupandavad toolid, mille kvaliteedile on p\u00f6\u00f6ratud erilist t\u00e4helepanu<\/strong> &#8211; hoolikalt kavandatud konstruktsioon tagab vastupidavuse ja stabiilsuse vaatamata sagedasele kasutamisele ja liikuvatele elementidele.<\/span><\/p>\n<p><span style=\"color: #000000;\">\u2714 <strong>Kompaktne ja h\u00f5lpsasti transporditav<\/strong> &#8211; kerge kaal ja kokkupandav disain v\u00f5imaldavad komplekti vaevata liigutada ja hoiustada, v\u00f5ttes minimaalselt ruumi.<\/span><\/p>\n<p><span style=\"color: #000000;\">\u2714 <strong>Ideaalne v\u00e4ikestesse ruumidesse<\/strong> &#8211; sobib ideaalselt r\u00f5dudele, terrassidele v\u00f5i aeda, luues mugava istumisala isegi piiratud ruumis.<\/span><\/p>\n<p><span style=\"color: #000000;\">\u2714 <strong>Ideaalne kaaslane reisidele ja piknikutele<\/strong> &#8211; kokkupanduna mahuvad laud ja toolid h\u00f5lpsasti auto pagasiruumi, v\u00f5imaldades nautida mugavust k\u00f5ikjal.<\/span><\/p>\n<p><span style=\"color: #000000;\">See komplekt on loodud neile, kes soovivad suve maagiat t\u00e4ielikult nautida &#8211; olgu selleks siis aias, mere \u00e4\u00e4res v\u00f5i v\u00e4ljas\u00f5idul maale l\u00f5\u00f5gastumine!<\/span><\/p>\n","protected":false},"featured_media":28237,"template":"","meta":{"_acf_changed":false},"product_cat":[288,290,537,304],"product_tag":[],"acf":[],"yoast_head":"<!-- This site is optimized with the Yoast SEO plugin v23.0 - https:\/\/yoast.com\/wordpress\/plugins\/seo\/ -->\n<title>024.Aiam\u00f6\u00f6bli komplekt &quot;Scandia&quot; Valge\/Pruun - Folkland<\/title>\n<meta name=\"robots\" content=\"index, follow, max-snippet:-1, max-image-preview:large, max-video-preview:-1\" \/>\n<link rel=\"canonical\" href=\"https:\/\/www.folkland.lv\/et\/prece\/024-skandia-valge-pruun\/\" \/>\n<meta property=\"og:locale\" content=\"et_EE\" \/>\n<meta property=\"og:type\" content=\"article\" \/>\n<meta property=\"og:title\" content=\"024.Aiam\u00f6\u00f6bli komplekt &quot;Scandia&quot; Valge\/Pruun - Folkland\" \/>\n<meta property=\"og:description\" content=\"Scandia kokkupandav m\u00f6\u00f6blikomplekt on ideaalne valik neile, kes soovivad \u00fchendada mugavuse, liikuvuse ja elegantsuse oma \u00f5ues istumisalal. Pakume kokkupandavat lauda ja 4 seljatoega kokkupandavat tooli - ideaalsed piknikutele, r\u00f5dudele, v\u00e4ikestele terrassidele v\u00f5i v\u00e4ljas\u00f5itudele looduses. Miks valida see komplekt? \u2714 Valge\/Pruun viimistlus - lakooniline, rahulik, elegantne, see v\u00e4rv on \u00fcks inimeste lemmik ja k\u00f5ige levinum. Jahedad, sinakashallid toonid viitavad enesekindlusele, korrale ja usaldusele ning on ka vaimse rikkuse varjundid;  \u2714 Kokkupandavad toolid, mille kvaliteedile on p\u00f6\u00f6ratud erilist t\u00e4helepanu - hoolikalt kavandatud konstruktsioon tagab vastupidavuse ja stabiilsuse vaatamata sagedasele kasutamisele ja liikuvatele elementidele.  \u2714 Kompaktne ja h\u00f5lpsasti transporditav - kerge kaal ja kokkupandav disain v\u00f5imaldavad komplekti vaevata liigutada ja hoiustada, v\u00f5ttes minimaalselt ruumi.  \u2714 Ideaalne v\u00e4ikestesse ruumidesse - sobib ideaalselt r\u00f5dudele, terrassidele v\u00f5i aeda, luues mugava istumisala isegi piiratud ruumis.  \u2714 Ideaalne kaaslane reisidele ja piknikutele - kokkupanduna mahuvad laud ja toolid h\u00f5lpsasti auto pagasiruumi, v\u00f5imaldades nautida mugavust k\u00f5ikjal.  See komplekt on loodud neile, kes soovivad suve maagiat t\u00e4ielikult nautida - olgu selleks siis aias, mere \u00e4\u00e4res v\u00f5i v\u00e4ljas\u00f5idul maale l\u00f5\u00f5gastumine!\" \/>\n<meta property=\"og:url\" content=\"https:\/\/www.folkland.lv\/et\/prece\/024-skandia-valge-pruun\/\" \/>\n<meta property=\"og:site_name\" content=\"Folkland\" \/>\n<meta property=\"article:modified_time\" content=\"2025-02-24T09:29:59+00:00\" \/>\n<meta property=\"og:image\" content=\"https:\/\/www.folkland.lv\/wp-content\/uploads\/2018\/12\/v29-600x400_result.jpg\" \/>\n\t<meta property=\"og:image:width\" content=\"900\" \/>\n\t<meta property=\"og:image:height\" content=\"900\" \/>\n\t<meta property=\"og:image:type\" content=\"image\/jpeg\" \/>\n<meta name=\"twitter:card\" content=\"summary_large_image\" \/>\n<meta name=\"twitter:label1\" content=\"Est. reading time\" \/>\n\t<meta name=\"twitter:data1\" content=\"2 minutit\" \/>\n<script type=\"application\/ld+json\" class=\"yoast-schema-graph\">{\"@context\":\"https:\/\/schema.org\",\"@graph\":[{\"@type\":\"WebPage\",\"@id\":\"https:\/\/www.folkland.lv\/et\/prece\/024-skandia-valge-pruun\/\",\"url\":\"https:\/\/www.folkland.lv\/et\/prece\/024-skandia-valge-pruun\/\",\"name\":\"024.Aiam\u00f6\u00f6bli komplekt \\\"Scandia\\\" Valge\/Pruun - Folkland\",\"isPartOf\":{\"@id\":\"https:\/\/www.folkland.lv\/#website\"},\"primaryImageOfPage\":{\"@id\":\"https:\/\/www.folkland.lv\/et\/prece\/024-skandia-valge-pruun\/#primaryimage\"},\"image\":{\"@id\":\"https:\/\/www.folkland.lv\/et\/prece\/024-skandia-valge-pruun\/#primaryimage\"},\"thumbnailUrl\":\"https:\/\/www.folkland.lv\/wp-content\/uploads\/2018\/12\/v29-600x400_result.jpg\",\"datePublished\":\"2020-11-25T09:41:46+00:00\",\"dateModified\":\"2025-02-24T09:29:59+00:00\",\"breadcrumb\":{\"@id\":\"https:\/\/www.folkland.lv\/et\/prece\/024-skandia-valge-pruun\/#breadcrumb\"},\"inLanguage\":\"et\",\"potentialAction\":[{\"@type\":\"ReadAction\",\"target\":[\"https:\/\/www.folkland.lv\/et\/prece\/024-skandia-valge-pruun\/\"]}]},{\"@type\":\"ImageObject\",\"inLanguage\":\"et\",\"@id\":\"https:\/\/www.folkland.lv\/et\/prece\/024-skandia-valge-pruun\/#primaryimage\",\"url\":\"https:\/\/www.folkland.lv\/wp-content\/uploads\/2018\/12\/v29-600x400_result.jpg\",\"contentUrl\":\"https:\/\/www.folkland.lv\/wp-content\/uploads\/2018\/12\/v29-600x400_result.jpg\",\"width\":900,\"height\":900},{\"@type\":\"BreadcrumbList\",\"@id\":\"https:\/\/www.folkland.lv\/et\/prece\/024-skandia-valge-pruun\/#breadcrumb\",\"itemListElement\":[{\"@type\":\"ListItem\",\"position\":1,\"name\":\"Algus\",\"item\":\"https:\/\/www.folkland.lv\/et\/\"},{\"@type\":\"ListItem\",\"position\":2,\"name\":\"Pood\",\"item\":\"https:\/\/www.folkland.lv\/et\/pood\/\"},{\"@type\":\"ListItem\",\"position\":3,\"name\":\"024.Aiam\u00f6\u00f6bli komplekt &#8220;Scandia&#8221; Valge\/Pruun\"}]},{\"@type\":\"WebSite\",\"@id\":\"https:\/\/www.folkland.lv\/#website\",\"url\":\"https:\/\/www.folkland.lv\/\",\"name\":\"Folkland\",\"description\":\"\",\"potentialAction\":[{\"@type\":\"SearchAction\",\"target\":{\"@type\":\"EntryPoint\",\"urlTemplate\":\"https:\/\/www.folkland.lv\/?s={search_term_string}\"},\"query-input\":\"required name=search_term_string\"}],\"inLanguage\":\"et\"}]}<\/script>\n<!-- \/ Yoast SEO plugin. -->","yoast_head_json":{"title":"024.Aiam\u00f6\u00f6bli komplekt \"Scandia\" Valge\/Pruun - Folkland","robots":{"index":"index","follow":"follow","max-snippet":"max-snippet:-1","max-image-preview":"max-image-preview:large","max-video-preview":"max-video-preview:-1"},"canonical":"https:\/\/www.folkland.lv\/et\/prece\/024-skandia-valge-pruun\/","og_locale":"et_EE","og_type":"article","og_title":"024.Aiam\u00f6\u00f6bli komplekt \"Scandia\" Valge\/Pruun - Folkland","og_description":"Scandia kokkupandav m\u00f6\u00f6blikomplekt on ideaalne valik neile, kes soovivad \u00fchendada mugavuse, liikuvuse ja elegantsuse oma \u00f5ues istumisalal. Pakume kokkupandavat lauda ja 4 seljatoega kokkupandavat tooli - ideaalsed piknikutele, r\u00f5dudele, v\u00e4ikestele terrassidele v\u00f5i v\u00e4ljas\u00f5itudele looduses. Miks valida see komplekt? \u2714 Valge\/Pruun viimistlus - lakooniline, rahulik, elegantne, see v\u00e4rv on \u00fcks inimeste lemmik ja k\u00f5ige levinum. Jahedad, sinakashallid toonid viitavad enesekindlusele, korrale ja usaldusele ning on ka vaimse rikkuse varjundid;  \u2714 Kokkupandavad toolid, mille kvaliteedile on p\u00f6\u00f6ratud erilist t\u00e4helepanu - hoolikalt kavandatud konstruktsioon tagab vastupidavuse ja stabiilsuse vaatamata sagedasele kasutamisele ja liikuvatele elementidele.  \u2714 Kompaktne ja h\u00f5lpsasti transporditav - kerge kaal ja kokkupandav disain v\u00f5imaldavad komplekti vaevata liigutada ja hoiustada, v\u00f5ttes minimaalselt ruumi.  \u2714 Ideaalne v\u00e4ikestesse ruumidesse - sobib ideaalselt r\u00f5dudele, terrassidele v\u00f5i aeda, luues mugava istumisala isegi piiratud ruumis.  \u2714 Ideaalne kaaslane reisidele ja piknikutele - kokkupanduna mahuvad laud ja toolid h\u00f5lpsasti auto pagasiruumi, v\u00f5imaldades nautida mugavust k\u00f5ikjal.  See komplekt on loodud neile, kes soovivad suve maagiat t\u00e4ielikult nautida - olgu selleks siis aias, mere \u00e4\u00e4res v\u00f5i v\u00e4ljas\u00f5idul maale l\u00f5\u00f5gastumine!","og_url":"https:\/\/www.folkland.lv\/et\/prece\/024-skandia-valge-pruun\/","og_site_name":"Folkland","article_modified_time":"2025-02-24T09:29:59+00:00","og_image":[{"width":900,"height":900,"url":"https:\/\/www.folkland.lv\/wp-content\/uploads\/2018\/12\/v29-600x400_result.jpg","type":"image\/jpeg"}],"twitter_card":"summary_large_image","twitter_misc":{"Est. reading time":"2 minutit"},"schema":{"@context":"https:\/\/schema.org","@graph":[{"@type":"WebPage","@id":"https:\/\/www.folkland.lv\/et\/prece\/024-skandia-valge-pruun\/","url":"https:\/\/www.folkland.lv\/et\/prece\/024-skandia-valge-pruun\/","name":"024.Aiam\u00f6\u00f6bli komplekt \"Scandia\" Valge\/Pruun - Folkland","isPartOf":{"@id":"https:\/\/www.folkland.lv\/#website"},"primaryImageOfPage":{"@id":"https:\/\/www.folkland.lv\/et\/prece\/024-skandia-valge-pruun\/#primaryimage"},"image":{"@id":"https:\/\/www.folkland.lv\/et\/prece\/024-skandia-valge-pruun\/#primaryimage"},"thumbnailUrl":"https:\/\/www.folkland.lv\/wp-content\/uploads\/2018\/12\/v29-600x400_result.jpg","datePublished":"2020-11-25T09:41:46+00:00","dateModified":"2025-02-24T09:29:59+00:00","breadcrumb":{"@id":"https:\/\/www.folkland.lv\/et\/prece\/024-skandia-valge-pruun\/#breadcrumb"},"inLanguage":"et","potentialAction":[{"@type":"ReadAction","target":["https:\/\/www.folkland.lv\/et\/prece\/024-skandia-valge-pruun\/"]}]},{"@type":"ImageObject","inLanguage":"et","@id":"https:\/\/www.folkland.lv\/et\/prece\/024-skandia-valge-pruun\/#primaryimage","url":"https:\/\/www.folkland.lv\/wp-content\/uploads\/2018\/12\/v29-600x400_result.jpg","contentUrl":"https:\/\/www.folkland.lv\/wp-content\/uploads\/2018\/12\/v29-600x400_result.jpg","width":900,"height":900},{"@type":"BreadcrumbList","@id":"https:\/\/www.folkland.lv\/et\/prece\/024-skandia-valge-pruun\/#breadcrumb","itemListElement":[{"@type":"ListItem","position":1,"name":"Algus","item":"https:\/\/www.folkland.lv\/et\/"},{"@type":"ListItem","position":2,"name":"Pood","item":"https:\/\/www.folkland.lv\/et\/pood\/"},{"@type":"ListItem","position":3,"name":"024.Aiam\u00f6\u00f6bli komplekt &#8220;Scandia&#8221; Valge\/Pruun"}]},{"@type":"WebSite","@id":"https:\/\/www.folkland.lv\/#website","url":"https:\/\/www.folkland.lv\/","name":"Folkland","description":"","potentialAction":[{"@type":"SearchAction","target":{"@type":"EntryPoint","urlTemplate":"https:\/\/www.folkland.lv\/?s={search_term_string}"},"query-input":"required name=search_term_string"}],"inLanguage":"et"}]}},"_links":{"self":[{"href":"https:\/\/www.folkland.lv\/et\/wp-json\/wp\/v2\/product\/9979"}],"collection":[{"href":"https:\/\/www.folkland.lv\/et\/wp-json\/wp\/v2\/product"}],"about":[{"href":"https:\/\/www.folkland.lv\/et\/wp-json\/wp\/v2\/types\/product"}],"version-history":[{"count":2,"href":"https:\/\/www.folkland.lv\/et\/wp-json\/wp\/v2\/product\/9979\/revisions"}],"predecessor-version":[{"id":40788,"href":"https:\/\/www.folkland.lv\/et\/wp-json\/wp\/v2\/product\/9979\/revisions\/40788"}],"wp:featuredmedia":[{"embeddable":true,"href":"https:\/\/www.folkland.lv\/et\/wp-json\/wp\/v2\/media\/28237"}],"wp:attachment":[{"href":"https:\/\/www.folkland.lv\/et\/wp-json\/wp\/v2\/media?parent=9979"}],"wp:term":[{"taxonomy":"product_cat","embeddable":true,"href":"https:\/\/www.folkland.lv\/et\/wp-json\/wp\/v2\/product_cat?post=9979"},{"taxonomy":"product_tag","embeddable":true,"href":"https:\/\/www.folkland.lv\/et\/wp-json\/wp\/v2\/product_tag?post=9979"}],"curies":[{"name":"wp","href":"https:\/\/api.w.org\/{rel}","templated":true}]}}