{"id":9929,"date":"2018-12-21T15:01:36","date_gmt":"2020-11-25T09:37:59","guid":{"rendered":"https:\/\/www.folkland.lv\/?post_type=product&#038;p=9929"},"modified":"2025-02-21T18:46:10","modified_gmt":"2025-02-21T16:46:10","slug":"017-heini-4-grafiit","status":"publish","type":"product","link":"https:\/\/www.folkland.lv\/et\/prece\/017-heini-4-grafiit\/","title":{"rendered":"017.Aiam\u00f6\u00f6bli komplekt &#8220;Heini 4&#8221; Grafiit"},"content":{"rendered":"<h3><span style=\"color: #000000;\">\ud83d\udccc Materjal ja vastupidavus<\/span><\/h3>\n<p><span style=\"color: #000000;\">See laud ja toolid on valmistatud kvaliteetsest naturaalsest m\u00e4nnipuidust. Kuna puit on looduslik materjal, v\u00f5ivad ilmastik (p\u00e4ike, vihm, tuul, lumi) p\u00f5hjustada selle struktuuris, v\u00e4rvuses ja vormis kergeid muutusi. Aja jooksul v\u00f5ivad tekkida vaigud ja mikropragud, mis on loomulik protsess. M\u00f6\u00f6bli ilu ja pikaealisuse s\u00e4ilitamiseks on soovitatav seda muutuvate ilmastikutingimuste eest kaitsta, kattes selle porilauaga v\u00f5i asetades selle katuse alla.<\/span><\/p>\n<p><span style=\"color: #000000;\">Kuigi m\u00f6\u00f6bel on t\u00f6\u00f6deldud mitme kaitsekihiga, on see loodud taluma kerget vihma, kuid pikaajaline kokkupuude niiskuse ja UV-kiirgusega v\u00f5ib kahjustada m\u00f6\u00f6bli v\u00e4limust.<\/span><\/p>\n<h3><span style=\"color: #000000;\">\ud83e\uddfc Hooldus ja ladustamine<\/span><\/h3>\n<p><span style=\"color: #000000;\">\u2714 Hooldus &#8211; t\u00e4nu puidu erilisele kaitsele ei vaja see toode keerulist hooldust. Tolmu ja mustuse saab h\u00f5lpsasti eemaldada niiske lapiga ja veega. M\u00f6\u00f6bli eluea pikendamiseks on soovitatav uuendada kaitsvat lakikihti kord aastas aiahooaja l\u00f5pus.<\/span><\/p>\n<p><span style=\"color: #000000;\">S\u00e4ilitamine \u2714 Kui m\u00f6\u00f6blit ei kasutata pikka aega, on soovitatav katta see kaitsekattega, et kaitsta seda p\u00e4ikese, vihma ja tuule eest. K\u00fclma hooaja ajal on k\u00f5ige parem hoida m\u00f6\u00f6blit kuivas kohas, mis tagab selle pikaealisuse ja s\u00e4ilitab selle hea v\u00e4ljan\u00e4gemise j\u00e4rgmise hooajani.<\/span><\/p>\n<h3><span style=\"color: #000000;\">\ud83d\udccf Toote m\u00f5\u00f5tmed ja omadused<\/span><\/h3>\n<h4><span style=\"color: #000000;\">\ud83e\ude91 Tooli:<\/span><\/h4>\n<p><span style=\"color: #000000;\"><strong>Laius<\/strong>: 66 cm;<\/span><br \/>\n<span style=\"color: #000000;\"><strong>S\u00fcgavus<\/strong>: 64 cm;<\/span><br \/>\n<span style=\"color: #000000;\"><strong>K\u00f5rgus<\/strong>: 86 cm;<\/span><br \/>\n<span style=\"color: #000000;\"><strong>Istme laius<\/strong>: 45 cm;<\/span><br \/>\n<span style=\"color: #000000;\"><strong>Istme s\u00fcgavus<\/strong>: 43 cm;<\/span><br \/>\n<span style=\"color: #000000;\"><strong>Kaal<\/strong>: 6,3 kg;<\/span><br \/>\n<span style=\"color: #000000;\"><strong>Pakend<\/strong>: PVC-kile, pappkarp (2 t\u00fckki pakendis);<\/span><br \/>\n<span style=\"color: #000000;\"><strong>Transpordim\u00f5\u00f5tmed<\/strong>: 66 cm x 93 cm x K37 cm (B x S x K x K).<\/span><br \/>\n<span style=\"color: #000000;\"><strong>Transpordimaht<\/strong>: 0,227 m3;<\/span><\/p>\n<h4><span style=\"color: #000000;\">\ud83d\udecb Laud:<\/span><\/h4>\n<p><span style=\"color: #000000;\"><strong>Pikkus<\/strong>: 130 cm;<\/span><br \/>\n<span style=\"color: #000000;\"><strong>Laius<\/strong>: 70 cm;<\/span><br \/>\n<span style=\"color: #000000;\"><strong>K\u00f5rgus<\/strong>: 73 cm;<\/span><br \/>\n<span style=\"color: #000000;\"><strong>Kaal<\/strong>: 14,0 kg;<\/span><br \/>\n<span style=\"color: #000000;\"><strong>Pakend<\/strong>: PVC-kile, pappkarp;<\/span><br \/>\n<span style=\"color: #000000;\"><strong>Transpordim\u00f5\u00f5tmed<\/strong>: 130 cm x 96 cm x 9 cm (pikkus x laius x k\u00f5rgus);<\/span><br \/>\n<span style=\"color: #000000;\"><strong>Transpordimaht<\/strong>: 0,112 m3;<\/span><br \/>\n<span style=\"color: #000000;\"><strong>Tarnitakse kokkupanduna \/ kokkupanekut ei ole vaja;<\/strong><\/span><\/p>\n<h4><span style=\"color: #000000;\">\ud83d\udce6 Komplekti \u00fcldised omadused:<\/span><\/h4>\n<p><span style=\"color: #000000;\"><strong>Transpordim\u00f5\u00f5tmed<\/strong>: 130 cm x 96 cm x K47 cm (pikkus x laius x k\u00f5rgus);<\/span><br \/>\n<span style=\"color: #000000;\"><strong>Transpordimaht<\/strong>: 0,566 m3 \/ 27kg;<\/span><\/p>\n<h4><span style=\"color: #000000;\">\ud83c\udfa8 Materjal ja viimistlus<\/span><\/h4>\n<p><span style=\"color: #000000;\"><strong>Materjal<\/strong>: massiivne m\u00e4nd;<\/span><br \/>\n<span style=\"color: #000000;\"><strong>Puidu viimistlus<\/strong>: Vivacolor Villa Akva on kvaliteetne veep\u00f5hine mattv\u00e4rv, mis s\u00e4ilitab suurep\u00e4raselt v\u00e4rvi ja l\u00e4ike. See loob mustuse- ja veekindla pinna, mis annab m\u00f6\u00f6blile elegantse, siidiselt mati v\u00e4limuse;<\/span><br \/>\n<span style=\"color: #000000;\"><strong>V\u00e4rv<\/strong>: Grafiit;<\/span><\/p>\n<p><span style=\"color: #000000;\">See aiam\u00f6\u00f6blikomplekt \u00fchendab endas puidu loomuliku ilu ning skandinaavia disaini vastupidavuse ja elegantsi, tagades mugavuse ja stiilsuse igal aastaajal! \ud83c\udf3f\u2728<\/span><\/p>\n","protected":false},"excerpt":{"rendered":"<p><span style=\"color: #000000;\">Kokkupandav m\u00f6\u00f6blikomplekt HEINI on ideaalne valik neile, kes soovivad \u00fchendada mugavuse, liikuvuse ja elegantsi oma \u00f5ues istumisalal. Pakume kokkupandavat lauda ja 4 kokkupandavat tooli koos selja- ja k\u00e4etugedega &#8211; ideaalsed piknikutele, r\u00f5dudele, v\u00e4ikestele terrassidele v\u00f5i \u00f5uealadele.<\/span><\/p>\n<h4><span style=\"color: #000000;\">Miks valida see komplekt?<\/span><\/h4>\n<p><span style=\"color: #000000;\">\u2714 <b>Grafiit<\/b>&#8211; puhas, elegantne ja rafineeritud. See harmoneerub k\u00f5igi v\u00e4rvitoonidega. Hoovis eksponeerituna paistab see silma ja r\u00f5hutab maja v\u00e4lisilmet;<\/span><\/p>\n<p><span style=\"color: #000000;\">\u2714 <strong>Kokkupandavad toolid, mille kvaliteedile on p\u00f6\u00f6ratud erilist t\u00e4helepanu<\/strong> &#8211; hoolikalt l\u00e4bim\u00f5eldud disain tagab vastupidavuse ja stabiilsuse hoolimata sagedasest kasutamisest ja liikuvatest osadest.<\/span><\/p>\n<p><span style=\"color: #000000;\">\u2714 <strong>Kompaktne ja h\u00f5lpsasti transporditav<\/strong> &#8211; kerge kaal ja kokkupandav disain v\u00f5imaldavad komplekti h\u00f5lpsasti liigutada ja hoiustada, v\u00f5ttes minimaalselt ruumi.<\/span><\/p>\n<p><span style=\"color: #000000;\">\u2714 <strong>Sobib ideaalselt v\u00e4ikestesse ruumidesse<\/strong> &#8211; sobib ideaalselt r\u00f5dudele, terrassidele v\u00f5i aeda, luues mugava istumisala isegi kitsastes ruumides.<\/span><\/p>\n<p><span style=\"color: #000000;\">\u2714 <strong>Ideaalne kaaslane reisidele ja piknikutele<\/strong> &#8211; kokkupanduna mahuvad laud ja toolid h\u00f5lpsasti auto pagasiruumi, v\u00f5imaldades nautida mugavust, kuhu iganes te ka ei l\u00e4heks.<\/span><\/p>\n<p><span style=\"color: #000000;\">See komplekt on m\u00f5eldud neile, kes soovivad suve maagiat t\u00e4ielikult nautida &#8211; olgu see siis puhkus aias, mere \u00e4\u00e4res v\u00f5i v\u00e4ljas\u00f5it maale!<\/span><\/p>\n","protected":false},"featured_media":27837,"template":"","meta":{"_acf_changed":false},"product_cat":[290,537,304],"product_tag":[],"acf":[],"yoast_head":"<!-- This site is optimized with the Yoast SEO plugin v23.0 - https:\/\/yoast.com\/wordpress\/plugins\/seo\/ -->\n<title>017.Aiam\u00f6\u00f6bli komplekt &quot;Heini 4&quot; Grafiit - Folkland<\/title>\n<meta name=\"robots\" content=\"index, follow, max-snippet:-1, max-image-preview:large, max-video-preview:-1\" \/>\n<link rel=\"canonical\" href=\"https:\/\/www.folkland.lv\/et\/prece\/017-heini-4-grafiit\/\" \/>\n<meta property=\"og:locale\" content=\"et_EE\" \/>\n<meta property=\"og:type\" content=\"article\" \/>\n<meta property=\"og:title\" content=\"017.Aiam\u00f6\u00f6bli komplekt &quot;Heini 4&quot; Grafiit - Folkland\" \/>\n<meta property=\"og:description\" content=\"Kokkupandav m\u00f6\u00f6blikomplekt HEINI on ideaalne valik neile, kes soovivad \u00fchendada mugavuse, liikuvuse ja elegantsi oma \u00f5ues istumisalal. Pakume kokkupandavat lauda ja 4 kokkupandavat tooli koos selja- ja k\u00e4etugedega - ideaalsed piknikutele, r\u00f5dudele, v\u00e4ikestele terrassidele v\u00f5i \u00f5uealadele. Miks valida see komplekt? \u2714 Grafiit- puhas, elegantne ja rafineeritud. See harmoneerub k\u00f5igi v\u00e4rvitoonidega. Hoovis eksponeerituna paistab see silma ja r\u00f5hutab maja v\u00e4lisilmet;  \u2714 Kokkupandavad toolid, mille kvaliteedile on p\u00f6\u00f6ratud erilist t\u00e4helepanu - hoolikalt l\u00e4bim\u00f5eldud disain tagab vastupidavuse ja stabiilsuse hoolimata sagedasest kasutamisest ja liikuvatest osadest.  \u2714 Kompaktne ja h\u00f5lpsasti transporditav - kerge kaal ja kokkupandav disain v\u00f5imaldavad komplekti h\u00f5lpsasti liigutada ja hoiustada, v\u00f5ttes minimaalselt ruumi.  \u2714 Sobib ideaalselt v\u00e4ikestesse ruumidesse - sobib ideaalselt r\u00f5dudele, terrassidele v\u00f5i aeda, luues mugava istumisala isegi kitsastes ruumides.  \u2714 Ideaalne kaaslane reisidele ja piknikutele - kokkupanduna mahuvad laud ja toolid h\u00f5lpsasti auto pagasiruumi, v\u00f5imaldades nautida mugavust, kuhu iganes te ka ei l\u00e4heks.  See komplekt on m\u00f5eldud neile, kes soovivad suve maagiat t\u00e4ielikult nautida - olgu see siis puhkus aias, mere \u00e4\u00e4res v\u00f5i v\u00e4ljas\u00f5it maale!\" \/>\n<meta property=\"og:url\" content=\"https:\/\/www.folkland.lv\/et\/prece\/017-heini-4-grafiit\/\" \/>\n<meta property=\"og:site_name\" content=\"Folkland\" \/>\n<meta property=\"article:modified_time\" content=\"2025-02-21T16:46:10+00:00\" \/>\n<meta property=\"og:image\" content=\"https:\/\/www.folkland.lv\/wp-content\/uploads\/2018\/12\/heini-4-grafits-1-600x400_result.jpg\" \/>\n\t<meta property=\"og:image:width\" content=\"900\" \/>\n\t<meta property=\"og:image:height\" content=\"900\" \/>\n\t<meta property=\"og:image:type\" content=\"image\/jpeg\" \/>\n<meta name=\"twitter:card\" content=\"summary_large_image\" \/>\n<meta name=\"twitter:label1\" content=\"Est. reading time\" \/>\n\t<meta name=\"twitter:data1\" content=\"2 minutit\" \/>\n<script type=\"application\/ld+json\" class=\"yoast-schema-graph\">{\"@context\":\"https:\/\/schema.org\",\"@graph\":[{\"@type\":\"WebPage\",\"@id\":\"https:\/\/www.folkland.lv\/et\/prece\/017-heini-4-grafiit\/\",\"url\":\"https:\/\/www.folkland.lv\/et\/prece\/017-heini-4-grafiit\/\",\"name\":\"017.Aiam\u00f6\u00f6bli komplekt \\\"Heini 4\\\" Grafiit - Folkland\",\"isPartOf\":{\"@id\":\"https:\/\/www.folkland.lv\/#website\"},\"primaryImageOfPage\":{\"@id\":\"https:\/\/www.folkland.lv\/et\/prece\/017-heini-4-grafiit\/#primaryimage\"},\"image\":{\"@id\":\"https:\/\/www.folkland.lv\/et\/prece\/017-heini-4-grafiit\/#primaryimage\"},\"thumbnailUrl\":\"https:\/\/www.folkland.lv\/wp-content\/uploads\/2018\/12\/heini-4-grafits-1-600x400_result.jpg\",\"datePublished\":\"2020-11-25T09:37:59+00:00\",\"dateModified\":\"2025-02-21T16:46:10+00:00\",\"breadcrumb\":{\"@id\":\"https:\/\/www.folkland.lv\/et\/prece\/017-heini-4-grafiit\/#breadcrumb\"},\"inLanguage\":\"et\",\"potentialAction\":[{\"@type\":\"ReadAction\",\"target\":[\"https:\/\/www.folkland.lv\/et\/prece\/017-heini-4-grafiit\/\"]}]},{\"@type\":\"ImageObject\",\"inLanguage\":\"et\",\"@id\":\"https:\/\/www.folkland.lv\/et\/prece\/017-heini-4-grafiit\/#primaryimage\",\"url\":\"https:\/\/www.folkland.lv\/wp-content\/uploads\/2018\/12\/heini-4-grafits-1-600x400_result.jpg\",\"contentUrl\":\"https:\/\/www.folkland.lv\/wp-content\/uploads\/2018\/12\/heini-4-grafits-1-600x400_result.jpg\",\"width\":900,\"height\":900},{\"@type\":\"BreadcrumbList\",\"@id\":\"https:\/\/www.folkland.lv\/et\/prece\/017-heini-4-grafiit\/#breadcrumb\",\"itemListElement\":[{\"@type\":\"ListItem\",\"position\":1,\"name\":\"Algus\",\"item\":\"https:\/\/www.folkland.lv\/et\/\"},{\"@type\":\"ListItem\",\"position\":2,\"name\":\"Pood\",\"item\":\"https:\/\/www.folkland.lv\/et\/pood\/\"},{\"@type\":\"ListItem\",\"position\":3,\"name\":\"017.Aiam\u00f6\u00f6bli komplekt &#8220;Heini 4&#8221; Grafiit\"}]},{\"@type\":\"WebSite\",\"@id\":\"https:\/\/www.folkland.lv\/#website\",\"url\":\"https:\/\/www.folkland.lv\/\",\"name\":\"Folkland\",\"description\":\"\",\"potentialAction\":[{\"@type\":\"SearchAction\",\"target\":{\"@type\":\"EntryPoint\",\"urlTemplate\":\"https:\/\/www.folkland.lv\/?s={search_term_string}\"},\"query-input\":\"required name=search_term_string\"}],\"inLanguage\":\"et\"}]}<\/script>\n<!-- \/ Yoast SEO plugin. -->","yoast_head_json":{"title":"017.Aiam\u00f6\u00f6bli komplekt \"Heini 4\" Grafiit - Folkland","robots":{"index":"index","follow":"follow","max-snippet":"max-snippet:-1","max-image-preview":"max-image-preview:large","max-video-preview":"max-video-preview:-1"},"canonical":"https:\/\/www.folkland.lv\/et\/prece\/017-heini-4-grafiit\/","og_locale":"et_EE","og_type":"article","og_title":"017.Aiam\u00f6\u00f6bli komplekt \"Heini 4\" Grafiit - Folkland","og_description":"Kokkupandav m\u00f6\u00f6blikomplekt HEINI on ideaalne valik neile, kes soovivad \u00fchendada mugavuse, liikuvuse ja elegantsi oma \u00f5ues istumisalal. Pakume kokkupandavat lauda ja 4 kokkupandavat tooli koos selja- ja k\u00e4etugedega - ideaalsed piknikutele, r\u00f5dudele, v\u00e4ikestele terrassidele v\u00f5i \u00f5uealadele. Miks valida see komplekt? \u2714 Grafiit- puhas, elegantne ja rafineeritud. See harmoneerub k\u00f5igi v\u00e4rvitoonidega. Hoovis eksponeerituna paistab see silma ja r\u00f5hutab maja v\u00e4lisilmet;  \u2714 Kokkupandavad toolid, mille kvaliteedile on p\u00f6\u00f6ratud erilist t\u00e4helepanu - hoolikalt l\u00e4bim\u00f5eldud disain tagab vastupidavuse ja stabiilsuse hoolimata sagedasest kasutamisest ja liikuvatest osadest.  \u2714 Kompaktne ja h\u00f5lpsasti transporditav - kerge kaal ja kokkupandav disain v\u00f5imaldavad komplekti h\u00f5lpsasti liigutada ja hoiustada, v\u00f5ttes minimaalselt ruumi.  \u2714 Sobib ideaalselt v\u00e4ikestesse ruumidesse - sobib ideaalselt r\u00f5dudele, terrassidele v\u00f5i aeda, luues mugava istumisala isegi kitsastes ruumides.  \u2714 Ideaalne kaaslane reisidele ja piknikutele - kokkupanduna mahuvad laud ja toolid h\u00f5lpsasti auto pagasiruumi, v\u00f5imaldades nautida mugavust, kuhu iganes te ka ei l\u00e4heks.  See komplekt on m\u00f5eldud neile, kes soovivad suve maagiat t\u00e4ielikult nautida - olgu see siis puhkus aias, mere \u00e4\u00e4res v\u00f5i v\u00e4ljas\u00f5it maale!","og_url":"https:\/\/www.folkland.lv\/et\/prece\/017-heini-4-grafiit\/","og_site_name":"Folkland","article_modified_time":"2025-02-21T16:46:10+00:00","og_image":[{"width":900,"height":900,"url":"https:\/\/www.folkland.lv\/wp-content\/uploads\/2018\/12\/heini-4-grafits-1-600x400_result.jpg","type":"image\/jpeg"}],"twitter_card":"summary_large_image","twitter_misc":{"Est. reading time":"2 minutit"},"schema":{"@context":"https:\/\/schema.org","@graph":[{"@type":"WebPage","@id":"https:\/\/www.folkland.lv\/et\/prece\/017-heini-4-grafiit\/","url":"https:\/\/www.folkland.lv\/et\/prece\/017-heini-4-grafiit\/","name":"017.Aiam\u00f6\u00f6bli komplekt \"Heini 4\" Grafiit - Folkland","isPartOf":{"@id":"https:\/\/www.folkland.lv\/#website"},"primaryImageOfPage":{"@id":"https:\/\/www.folkland.lv\/et\/prece\/017-heini-4-grafiit\/#primaryimage"},"image":{"@id":"https:\/\/www.folkland.lv\/et\/prece\/017-heini-4-grafiit\/#primaryimage"},"thumbnailUrl":"https:\/\/www.folkland.lv\/wp-content\/uploads\/2018\/12\/heini-4-grafits-1-600x400_result.jpg","datePublished":"2020-11-25T09:37:59+00:00","dateModified":"2025-02-21T16:46:10+00:00","breadcrumb":{"@id":"https:\/\/www.folkland.lv\/et\/prece\/017-heini-4-grafiit\/#breadcrumb"},"inLanguage":"et","potentialAction":[{"@type":"ReadAction","target":["https:\/\/www.folkland.lv\/et\/prece\/017-heini-4-grafiit\/"]}]},{"@type":"ImageObject","inLanguage":"et","@id":"https:\/\/www.folkland.lv\/et\/prece\/017-heini-4-grafiit\/#primaryimage","url":"https:\/\/www.folkland.lv\/wp-content\/uploads\/2018\/12\/heini-4-grafits-1-600x400_result.jpg","contentUrl":"https:\/\/www.folkland.lv\/wp-content\/uploads\/2018\/12\/heini-4-grafits-1-600x400_result.jpg","width":900,"height":900},{"@type":"BreadcrumbList","@id":"https:\/\/www.folkland.lv\/et\/prece\/017-heini-4-grafiit\/#breadcrumb","itemListElement":[{"@type":"ListItem","position":1,"name":"Algus","item":"https:\/\/www.folkland.lv\/et\/"},{"@type":"ListItem","position":2,"name":"Pood","item":"https:\/\/www.folkland.lv\/et\/pood\/"},{"@type":"ListItem","position":3,"name":"017.Aiam\u00f6\u00f6bli komplekt &#8220;Heini 4&#8221; Grafiit"}]},{"@type":"WebSite","@id":"https:\/\/www.folkland.lv\/#website","url":"https:\/\/www.folkland.lv\/","name":"Folkland","description":"","potentialAction":[{"@type":"SearchAction","target":{"@type":"EntryPoint","urlTemplate":"https:\/\/www.folkland.lv\/?s={search_term_string}"},"query-input":"required name=search_term_string"}],"inLanguage":"et"}]}},"_links":{"self":[{"href":"https:\/\/www.folkland.lv\/et\/wp-json\/wp\/v2\/product\/9929"}],"collection":[{"href":"https:\/\/www.folkland.lv\/et\/wp-json\/wp\/v2\/product"}],"about":[{"href":"https:\/\/www.folkland.lv\/et\/wp-json\/wp\/v2\/types\/product"}],"version-history":[{"count":2,"href":"https:\/\/www.folkland.lv\/et\/wp-json\/wp\/v2\/product\/9929\/revisions"}],"predecessor-version":[{"id":40768,"href":"https:\/\/www.folkland.lv\/et\/wp-json\/wp\/v2\/product\/9929\/revisions\/40768"}],"wp:featuredmedia":[{"embeddable":true,"href":"https:\/\/www.folkland.lv\/et\/wp-json\/wp\/v2\/media\/27837"}],"wp:attachment":[{"href":"https:\/\/www.folkland.lv\/et\/wp-json\/wp\/v2\/media?parent=9929"}],"wp:term":[{"taxonomy":"product_cat","embeddable":true,"href":"https:\/\/www.folkland.lv\/et\/wp-json\/wp\/v2\/product_cat?post=9929"},{"taxonomy":"product_tag","embeddable":true,"href":"https:\/\/www.folkland.lv\/et\/wp-json\/wp\/v2\/product_tag?post=9929"}],"curies":[{"name":"wp","href":"https:\/\/api.w.org\/{rel}","templated":true}]}}