{"id":9883,"date":"2019-01-11T13:24:00","date_gmt":"2020-11-25T09:30:13","guid":{"rendered":"https:\/\/www.folkland.lv\/?post_type=product&#038;p=9883"},"modified":"2025-02-24T11:56:33","modified_gmt":"2025-02-24T09:56:33","slug":"canada-4-grafiit","status":"publish","type":"product","link":"https:\/\/www.folkland.lv\/et\/prece\/canada-4-grafiit\/","title":{"rendered":"014.Aiam\u00f6\u00f6bli komplekt &#8220;Canada 4&#8221; Grafiit"},"content":{"rendered":"<h3><span style=\"color: #000000;\">\ud83d\udccc Materjal ja vastupidavus<\/span><\/h3>\n<p><span style=\"color: #000000;\">See laud ja toolid on valmistatud kvaliteetsest naturaalsest m\u00e4nnipuidust. Kuna puit on looduslik materjal, v\u00f5ivad ilmastikutingimused (p\u00e4ike, vihm, tuul, lumi) p\u00f5hjustada selle struktuuri, v\u00e4rvi ja kuju kergeid muutusi. Aja jooksul v\u00f5ivad tekkida ka vaigud ja mikropragud, mis on loomulik protsess. M\u00f6\u00f6bli ilu ja pikaealisuse s\u00e4ilitamiseks on soovitatav kaitsta m\u00f6\u00f6blit muutuvate ilmastikuolude eest, kattes selle porilauaga v\u00f5i asetades selle varjualuse alla.<\/span><\/p>\n<p><span style=\"color: #000000;\">Kuigi m\u00f6\u00f6blit on t\u00f6\u00f6deldud mitme kaitsekihiga, on see loodud taluma kerget vihma, kuid pikaajaline kokkupuude niiskuse ja UV-kiirgusega v\u00f5ib m\u00f5jutada m\u00f6\u00f6bli v\u00e4limust.<\/span><\/p>\n<h3><span style=\"color: #000000;\">\ud83e\uddfc Hooldus ja ladustamine<\/span><\/h3>\n<p><span style=\"color: #000000;\">\u2714 Hooldus &#8211; t\u00e4nu puidu erilisele kaitsele ei vaja see toode keerulist hooldust. Tolmu ja mustuse saab h\u00f5lpsasti eemaldada niiske lapiga ja veega. M\u00f6\u00f6bli eluea pikendamiseks on soovitatav uuendada kaitsev v\u00e4rvikiht kord aastas aiahooaja l\u00f5pus.<\/span><\/p>\n<p><span style=\"color: #000000;\">\u2714 S\u00e4ilitamine &#8211; kui m\u00f6\u00f6blit ei kasutata pikka aega, on soovitatav katta see kaitsekattega, et kaitsta seda p\u00e4ikese, vihma ja tuule m\u00f5ju eest. K\u00fclmal aastaajal on k\u00f5ige parem m\u00f6\u00f6blit hoida kuivas kohas, mis tagab selle pikaealisuse ja hoiab selle hea v\u00e4ljan\u00e4gemise j\u00e4rgmiseks hooajaks.<\/span><\/p>\n<h3><span style=\"color: #000000;\">\ud83d\udccf Toote m\u00f5\u00f5tmed ja spetsifikatsioonid<\/span><\/h3>\n<h4><span style=\"color: #000000;\">\ud83e\ude91 Tooli:<\/span><\/h4>\n<p><span style=\"color: #000000;\"><strong>Laius<\/strong>: 61 cm;<\/span><br \/>\n<span style=\"color: #000000;\"><strong>S\u00fcgavus<\/strong> &#8211; 46 cm;<\/span><br \/>\n<span style=\"color: #000000;\"><strong>K\u00f5rgus<\/strong> &#8211; 110 cm;<\/span><br \/>\n<span style=\"color: #000000;\"><strong>Istme laius<\/strong> &#8211; 48 cm;<\/span><br \/>\n<span style=\"color: #000000;\"><strong>Istme s\u00fcgavus<\/strong> &#8211; 46 cm;<\/span><br \/>\n<span style=\"color: #000000;\"><strong>Istme k\u00f5rgus<\/strong> &#8211; 44 cm;<\/span><br \/>\n<span style=\"color: #000000;\"><strong>Kaal<\/strong> &#8211; 8,8 kg<\/span><br \/>\n<span style=\"color: #000000;\"><strong>Transpordi suurus<\/strong> &#8211; 66cm x 93cm x K37cm (S x L x K)<\/span><br \/>\n<span style=\"color: #000000;\"><strong>Transpordimaht<\/strong> &#8211; 0,227m3;<\/span><br \/>\n<span style=\"color: #000000;\"><strong>Tarnitakse kokkupanduna (pakend PVC-kile, kartongkarbis 2gb\/karp).<\/strong><\/span><\/p>\n<h4><span style=\"color: #000000;\">\ud83d\udecb Laud:<\/span><\/h4>\n<p><span style=\"color: #000000;\"><strong>L\u00e4bim\u00f5\u00f5t<\/strong> &#8211; 125 cm;<\/span><br \/>\n<span style=\"color: #000000;\"><strong>Laius<\/strong> &#8211; 125 cm;<\/span><br \/>\n<span style=\"color: #000000;\"><strong>K\u00f5rgus<\/strong> &#8211; 73cm;<\/span><br \/>\n<span style=\"color: #000000;\"><strong>Kaal<\/strong> &#8211; 17,0kg;<\/span><br \/>\n<span style=\"color: #000000;\"><strong>Transpordi suurus<\/strong> &#8211; 125cm x 125cm x H9,3cm (pikkus x laius x k\u00f5rgus).<\/span><br \/>\n<span style=\"color: #000000;\"><strong>Transpordimaht<\/strong> &#8211; 0,145m3;<\/span><br \/>\n<span style=\"color: #000000;\"><strong>Tarnitakse kokkupanduna \/ kokkupanekut ei ole vaja;<\/strong><\/span><br \/>\n<span style=\"color: #000000;\"><strong>Pakend PVC-kile, pappkarp;<\/strong><\/span><\/p>\n<h4><span style=\"color: #000000;\">\ud83d\udce6 Komplekti \u00fcldised parameetrid:<\/span><\/h4>\n<p><span style=\"color: #000000;\"><strong>Komplekti transpordim\u00f5\u00f5tmed<\/strong> &#8211; 125cm x 125cm x K47cm (L x S x K);<\/span><br \/>\n<span style=\"color: #000000;\"><strong>Komplekti transpordimaht<\/strong> -0,826 m3\/ 44 kg;<\/span><\/p>\n<h4><span style=\"color: #000000;\">\ud83c\udfa8 Materjal ja viimistlus:<\/span><\/h4>\n<p><span style=\"color: #000000;\"><strong>Materjal<\/strong>: massiivne m\u00e4nd<\/span><br \/>\n<span style=\"color: #000000;\"><strong>Puidu viimistlus<\/strong>: Vivacolor Villa Akva &#8211; kvaliteetne, matt vesialuseline v\u00e4rv, mis tagab suurep\u00e4rase v\u00e4rvi- ja l\u00e4ikimispidavuse. See loob mustust ja vett h\u00fclgava pinna, mis annab m\u00f6\u00f6blile elegantse, siidiselt mati v\u00e4limuse.<\/span><br \/>\n<span style=\"color: #000000;\"><strong>V\u00e4rvitoon<\/strong>: Grafiit;<\/span><br \/>\n<span style=\"color: #000000;\">See aiam\u00f6\u00f6blikomplekt \u00fchendab endas puidu loodusliku ilu, vastupidavuse ja skandinaavia disaini elegantsuse, pakkudes teile mugavust ja stiili igal aastaajal! \ud83c\udf3f\u2728<\/span><\/p>\n","protected":false},"excerpt":{"rendered":"<p>Skandinaavia stiilis m\u00f6\u00f6bel on populaarne oma praktilisuse, vastupidavuse ja kaasaegse disaini poolest. Need ei l\u00e4he kunagi moest v\u00e4lja, pakkudes elegantsi ja funktsionaalsuse harmoonilist kombinatsiooni.<\/p>\n<p>Eriti sobilik aeda ja terrassile, t\u00e4ispuidust aiam\u00f6\u00f6blikomplekt \u00fchendab endas mugavuse, elegantsuse ja pikaealisuse. Komplekti kuuluvad \u00fcmmargune kokkupandav laud ja kuus kokkupandavat tugitooli, millel on k\u00e4etoed ja reguleeritavad seljatoed. See kvaliteetne ja stiilne m\u00f6\u00f6bel ei ole mitte ainult praktiline, vaid ka visuaalselt ahvatlev, muutes teie \u00f5ueala ideaalseks kohaks, kus l\u00f5\u00f5gastuda ja \u00fchiselt einestada.<\/p>\n<p>Investeeri keskkonnas\u00f5bralikku, stiilset ja funktsionaalset Skandinaavia m\u00f6\u00f6blit, mis on valmistatud L\u00e4tis, et sinu kodu, aed v\u00f5i terrass oleks alati kaasaegne ja mugav!<\/p>\n<h4>Miks valida see komplekt?<\/h4>\n<p><b>Grafiit<\/b>&#8211; puhas, elegantne ja rafineeritud, see on koosk\u00f5las k\u00f5igi v\u00e4rvitoonidega. Hoovis eksponeerituna paistab see mudel silma ja r\u00f5hutab teie kodu v\u00e4lisilmet;<br \/>\n<strong>Materjal<\/strong> &#8211; massiivne m\u00e4nd &#8211; on elav ja soe materjal, mis sobib ideaalselt igasse aiapiirkonda;<br \/>\n<strong>Laud<\/strong> &#8211; \u00fcmmargune, kokkupandav, ruumi s\u00e4\u00e4stev;<br \/>\n<strong>Reguleeritava seljatoega toolid, mis on m\u00f5eldud l\u00f5\u00f5gastumiseks ja p\u00e4ikesesoojuse nautimiseks;<\/strong><br \/>\n<strong>Skandinaavia vormid n\u00e4evad maamaja hoovis loomulikud v\u00e4lja;<\/strong><br \/>\n<strong>Kokkupandav m\u00f6\u00f6bel on loodud selleks, et s\u00e4\u00e4sta aega ja ruumi;<\/strong><br \/>\n<strong>T\u00e4nu kergele kaalule saab seda kiiresti \u00fcles seada ja kompaktselt kokku panna;<\/strong><\/p>\n","protected":false},"featured_media":27993,"template":"","meta":{"_acf_changed":false},"product_cat":[288,290,537,304],"product_tag":[],"acf":[],"yoast_head":"<!-- This site is optimized with the Yoast SEO plugin v23.0 - https:\/\/yoast.com\/wordpress\/plugins\/seo\/ -->\n<title>014.Aiam\u00f6\u00f6bli komplekt &quot;Canada 4&quot; Grafiit - Folkland<\/title>\n<meta name=\"robots\" content=\"index, follow, max-snippet:-1, max-image-preview:large, max-video-preview:-1\" \/>\n<link rel=\"canonical\" href=\"https:\/\/www.folkland.lv\/et\/prece\/canada-4-grafiit\/\" \/>\n<meta property=\"og:locale\" content=\"et_EE\" \/>\n<meta property=\"og:type\" content=\"article\" \/>\n<meta property=\"og:title\" content=\"014.Aiam\u00f6\u00f6bli komplekt &quot;Canada 4&quot; Grafiit - Folkland\" \/>\n<meta property=\"og:description\" content=\"Skandinaavia stiilis m\u00f6\u00f6bel on populaarne oma praktilisuse, vastupidavuse ja kaasaegse disaini poolest. Need ei l\u00e4he kunagi moest v\u00e4lja, pakkudes elegantsi ja funktsionaalsuse harmoonilist kombinatsiooni.  Eriti sobilik aeda ja terrassile, t\u00e4ispuidust aiam\u00f6\u00f6blikomplekt \u00fchendab endas mugavuse, elegantsuse ja pikaealisuse. Komplekti kuuluvad \u00fcmmargune kokkupandav laud ja kuus kokkupandavat tugitooli, millel on k\u00e4etoed ja reguleeritavad seljatoed. See kvaliteetne ja stiilne m\u00f6\u00f6bel ei ole mitte ainult praktiline, vaid ka visuaalselt ahvatlev, muutes teie \u00f5ueala ideaalseks kohaks, kus l\u00f5\u00f5gastuda ja \u00fchiselt einestada.  Investeeri keskkonnas\u00f5bralikku, stiilset ja funktsionaalset Skandinaavia m\u00f6\u00f6blit, mis on valmistatud L\u00e4tis, et sinu kodu, aed v\u00f5i terrass oleks alati kaasaegne ja mugav! Miks valida see komplekt? Grafiit- puhas, elegantne ja rafineeritud, see on koosk\u00f5las k\u00f5igi v\u00e4rvitoonidega. Hoovis eksponeerituna paistab see mudel silma ja r\u00f5hutab teie kodu v\u00e4lisilmet; Materjal - massiivne m\u00e4nd - on elav ja soe materjal, mis sobib ideaalselt igasse aiapiirkonda; Laud - \u00fcmmargune, kokkupandav, ruumi s\u00e4\u00e4stev; Reguleeritava seljatoega toolid, mis on m\u00f5eldud l\u00f5\u00f5gastumiseks ja p\u00e4ikesesoojuse nautimiseks; Skandinaavia vormid n\u00e4evad maamaja hoovis loomulikud v\u00e4lja; Kokkupandav m\u00f6\u00f6bel on loodud selleks, et s\u00e4\u00e4sta aega ja ruumi; T\u00e4nu kergele kaalule saab seda kiiresti \u00fcles seada ja kompaktselt kokku panna;\" \/>\n<meta property=\"og:url\" content=\"https:\/\/www.folkland.lv\/et\/prece\/canada-4-grafiit\/\" \/>\n<meta property=\"og:site_name\" content=\"Folkland\" \/>\n<meta property=\"article:modified_time\" content=\"2025-02-24T09:56:33+00:00\" \/>\n<meta property=\"og:image\" content=\"https:\/\/www.folkland.lv\/wp-content\/uploads\/2018\/12\/IMG_7050cc-600x400_result.jpg\" \/>\n\t<meta property=\"og:image:width\" content=\"900\" \/>\n\t<meta property=\"og:image:height\" content=\"900\" \/>\n\t<meta property=\"og:image:type\" content=\"image\/jpeg\" \/>\n<meta name=\"twitter:card\" content=\"summary_large_image\" \/>\n<meta name=\"twitter:label1\" content=\"Est. reading time\" \/>\n\t<meta name=\"twitter:data1\" content=\"2 minutit\" \/>\n<script type=\"application\/ld+json\" class=\"yoast-schema-graph\">{\"@context\":\"https:\/\/schema.org\",\"@graph\":[{\"@type\":\"WebPage\",\"@id\":\"https:\/\/www.folkland.lv\/et\/prece\/canada-4-grafiit\/\",\"url\":\"https:\/\/www.folkland.lv\/et\/prece\/canada-4-grafiit\/\",\"name\":\"014.Aiam\u00f6\u00f6bli komplekt \\\"Canada 4\\\" Grafiit - Folkland\",\"isPartOf\":{\"@id\":\"https:\/\/www.folkland.lv\/#website\"},\"primaryImageOfPage\":{\"@id\":\"https:\/\/www.folkland.lv\/et\/prece\/canada-4-grafiit\/#primaryimage\"},\"image\":{\"@id\":\"https:\/\/www.folkland.lv\/et\/prece\/canada-4-grafiit\/#primaryimage\"},\"thumbnailUrl\":\"https:\/\/www.folkland.lv\/wp-content\/uploads\/2018\/12\/IMG_7050cc-600x400_result.jpg\",\"datePublished\":\"2020-11-25T09:30:13+00:00\",\"dateModified\":\"2025-02-24T09:56:33+00:00\",\"breadcrumb\":{\"@id\":\"https:\/\/www.folkland.lv\/et\/prece\/canada-4-grafiit\/#breadcrumb\"},\"inLanguage\":\"et\",\"potentialAction\":[{\"@type\":\"ReadAction\",\"target\":[\"https:\/\/www.folkland.lv\/et\/prece\/canada-4-grafiit\/\"]}]},{\"@type\":\"ImageObject\",\"inLanguage\":\"et\",\"@id\":\"https:\/\/www.folkland.lv\/et\/prece\/canada-4-grafiit\/#primaryimage\",\"url\":\"https:\/\/www.folkland.lv\/wp-content\/uploads\/2018\/12\/IMG_7050cc-600x400_result.jpg\",\"contentUrl\":\"https:\/\/www.folkland.lv\/wp-content\/uploads\/2018\/12\/IMG_7050cc-600x400_result.jpg\",\"width\":900,\"height\":900},{\"@type\":\"BreadcrumbList\",\"@id\":\"https:\/\/www.folkland.lv\/et\/prece\/canada-4-grafiit\/#breadcrumb\",\"itemListElement\":[{\"@type\":\"ListItem\",\"position\":1,\"name\":\"Algus\",\"item\":\"https:\/\/www.folkland.lv\/et\/\"},{\"@type\":\"ListItem\",\"position\":2,\"name\":\"Pood\",\"item\":\"https:\/\/www.folkland.lv\/et\/pood\/\"},{\"@type\":\"ListItem\",\"position\":3,\"name\":\"014.Aiam\u00f6\u00f6bli komplekt &#8220;Canada 4&#8221; Grafiit\"}]},{\"@type\":\"WebSite\",\"@id\":\"https:\/\/www.folkland.lv\/#website\",\"url\":\"https:\/\/www.folkland.lv\/\",\"name\":\"Folkland\",\"description\":\"\",\"potentialAction\":[{\"@type\":\"SearchAction\",\"target\":{\"@type\":\"EntryPoint\",\"urlTemplate\":\"https:\/\/www.folkland.lv\/?s={search_term_string}\"},\"query-input\":\"required name=search_term_string\"}],\"inLanguage\":\"et\"}]}<\/script>\n<!-- \/ Yoast SEO plugin. -->","yoast_head_json":{"title":"014.Aiam\u00f6\u00f6bli komplekt \"Canada 4\" Grafiit - Folkland","robots":{"index":"index","follow":"follow","max-snippet":"max-snippet:-1","max-image-preview":"max-image-preview:large","max-video-preview":"max-video-preview:-1"},"canonical":"https:\/\/www.folkland.lv\/et\/prece\/canada-4-grafiit\/","og_locale":"et_EE","og_type":"article","og_title":"014.Aiam\u00f6\u00f6bli komplekt \"Canada 4\" Grafiit - Folkland","og_description":"Skandinaavia stiilis m\u00f6\u00f6bel on populaarne oma praktilisuse, vastupidavuse ja kaasaegse disaini poolest. Need ei l\u00e4he kunagi moest v\u00e4lja, pakkudes elegantsi ja funktsionaalsuse harmoonilist kombinatsiooni.  Eriti sobilik aeda ja terrassile, t\u00e4ispuidust aiam\u00f6\u00f6blikomplekt \u00fchendab endas mugavuse, elegantsuse ja pikaealisuse. Komplekti kuuluvad \u00fcmmargune kokkupandav laud ja kuus kokkupandavat tugitooli, millel on k\u00e4etoed ja reguleeritavad seljatoed. See kvaliteetne ja stiilne m\u00f6\u00f6bel ei ole mitte ainult praktiline, vaid ka visuaalselt ahvatlev, muutes teie \u00f5ueala ideaalseks kohaks, kus l\u00f5\u00f5gastuda ja \u00fchiselt einestada.  Investeeri keskkonnas\u00f5bralikku, stiilset ja funktsionaalset Skandinaavia m\u00f6\u00f6blit, mis on valmistatud L\u00e4tis, et sinu kodu, aed v\u00f5i terrass oleks alati kaasaegne ja mugav! Miks valida see komplekt? Grafiit- puhas, elegantne ja rafineeritud, see on koosk\u00f5las k\u00f5igi v\u00e4rvitoonidega. Hoovis eksponeerituna paistab see mudel silma ja r\u00f5hutab teie kodu v\u00e4lisilmet; Materjal - massiivne m\u00e4nd - on elav ja soe materjal, mis sobib ideaalselt igasse aiapiirkonda; Laud - \u00fcmmargune, kokkupandav, ruumi s\u00e4\u00e4stev; Reguleeritava seljatoega toolid, mis on m\u00f5eldud l\u00f5\u00f5gastumiseks ja p\u00e4ikesesoojuse nautimiseks; Skandinaavia vormid n\u00e4evad maamaja hoovis loomulikud v\u00e4lja; Kokkupandav m\u00f6\u00f6bel on loodud selleks, et s\u00e4\u00e4sta aega ja ruumi; T\u00e4nu kergele kaalule saab seda kiiresti \u00fcles seada ja kompaktselt kokku panna;","og_url":"https:\/\/www.folkland.lv\/et\/prece\/canada-4-grafiit\/","og_site_name":"Folkland","article_modified_time":"2025-02-24T09:56:33+00:00","og_image":[{"width":900,"height":900,"url":"https:\/\/www.folkland.lv\/wp-content\/uploads\/2018\/12\/IMG_7050cc-600x400_result.jpg","type":"image\/jpeg"}],"twitter_card":"summary_large_image","twitter_misc":{"Est. reading time":"2 minutit"},"schema":{"@context":"https:\/\/schema.org","@graph":[{"@type":"WebPage","@id":"https:\/\/www.folkland.lv\/et\/prece\/canada-4-grafiit\/","url":"https:\/\/www.folkland.lv\/et\/prece\/canada-4-grafiit\/","name":"014.Aiam\u00f6\u00f6bli komplekt \"Canada 4\" Grafiit - Folkland","isPartOf":{"@id":"https:\/\/www.folkland.lv\/#website"},"primaryImageOfPage":{"@id":"https:\/\/www.folkland.lv\/et\/prece\/canada-4-grafiit\/#primaryimage"},"image":{"@id":"https:\/\/www.folkland.lv\/et\/prece\/canada-4-grafiit\/#primaryimage"},"thumbnailUrl":"https:\/\/www.folkland.lv\/wp-content\/uploads\/2018\/12\/IMG_7050cc-600x400_result.jpg","datePublished":"2020-11-25T09:30:13+00:00","dateModified":"2025-02-24T09:56:33+00:00","breadcrumb":{"@id":"https:\/\/www.folkland.lv\/et\/prece\/canada-4-grafiit\/#breadcrumb"},"inLanguage":"et","potentialAction":[{"@type":"ReadAction","target":["https:\/\/www.folkland.lv\/et\/prece\/canada-4-grafiit\/"]}]},{"@type":"ImageObject","inLanguage":"et","@id":"https:\/\/www.folkland.lv\/et\/prece\/canada-4-grafiit\/#primaryimage","url":"https:\/\/www.folkland.lv\/wp-content\/uploads\/2018\/12\/IMG_7050cc-600x400_result.jpg","contentUrl":"https:\/\/www.folkland.lv\/wp-content\/uploads\/2018\/12\/IMG_7050cc-600x400_result.jpg","width":900,"height":900},{"@type":"BreadcrumbList","@id":"https:\/\/www.folkland.lv\/et\/prece\/canada-4-grafiit\/#breadcrumb","itemListElement":[{"@type":"ListItem","position":1,"name":"Algus","item":"https:\/\/www.folkland.lv\/et\/"},{"@type":"ListItem","position":2,"name":"Pood","item":"https:\/\/www.folkland.lv\/et\/pood\/"},{"@type":"ListItem","position":3,"name":"014.Aiam\u00f6\u00f6bli komplekt &#8220;Canada 4&#8221; Grafiit"}]},{"@type":"WebSite","@id":"https:\/\/www.folkland.lv\/#website","url":"https:\/\/www.folkland.lv\/","name":"Folkland","description":"","potentialAction":[{"@type":"SearchAction","target":{"@type":"EntryPoint","urlTemplate":"https:\/\/www.folkland.lv\/?s={search_term_string}"},"query-input":"required name=search_term_string"}],"inLanguage":"et"}]}},"_links":{"self":[{"href":"https:\/\/www.folkland.lv\/et\/wp-json\/wp\/v2\/product\/9883"}],"collection":[{"href":"https:\/\/www.folkland.lv\/et\/wp-json\/wp\/v2\/product"}],"about":[{"href":"https:\/\/www.folkland.lv\/et\/wp-json\/wp\/v2\/types\/product"}],"version-history":[{"count":2,"href":"https:\/\/www.folkland.lv\/et\/wp-json\/wp\/v2\/product\/9883\/revisions"}],"predecessor-version":[{"id":40798,"href":"https:\/\/www.folkland.lv\/et\/wp-json\/wp\/v2\/product\/9883\/revisions\/40798"}],"wp:featuredmedia":[{"embeddable":true,"href":"https:\/\/www.folkland.lv\/et\/wp-json\/wp\/v2\/media\/27993"}],"wp:attachment":[{"href":"https:\/\/www.folkland.lv\/et\/wp-json\/wp\/v2\/media?parent=9883"}],"wp:term":[{"taxonomy":"product_cat","embeddable":true,"href":"https:\/\/www.folkland.lv\/et\/wp-json\/wp\/v2\/product_cat?post=9883"},{"taxonomy":"product_tag","embeddable":true,"href":"https:\/\/www.folkland.lv\/et\/wp-json\/wp\/v2\/product_tag?post=9883"}],"curies":[{"name":"wp","href":"https:\/\/api.w.org\/{rel}","templated":true}]}}