{"id":9855,"date":"2018-12-21T14:17:13","date_gmt":"2020-11-25T09:20:35","guid":{"rendered":"https:\/\/www.folkland.lv\/?post_type=product&#038;p=9855"},"modified":"2025-02-14T19:24:49","modified_gmt":"2025-02-14T17:24:49","slug":"009-lolland-pruun","status":"publish","type":"product","link":"https:\/\/www.folkland.lv\/et\/prece\/009-lolland-pruun\/","title":{"rendered":"009.Aiam\u00f6\u00f6bli komplekt &#8220;Lolland&#8221; Pruun"},"content":{"rendered":"<h3>\ud83d\udccc Materjal ja vastupidavus<\/h3>\n<p>\u2714See laud ja toolid on valmistatud kvaliteetsest naturaalsest m\u00e4nnipuidust. Kuna puit on looduslik materjal, v\u00f5ivad ilmastikutingimused (p\u00e4ike, vihm, tuul, lumi) p\u00f5hjustada selle struktuuri, v\u00e4rvi ja kuju kergeid muutusi. Aja jooksul v\u00f5ivad tekkida ka vaigud ja mikropragud, mis on loomulik protsess. M\u00f6\u00f6bli ilu ja pikaealisuse s\u00e4ilitamiseks on soovitatav kaitsta m\u00f6\u00f6blit muutuvate ilmastikuolude eest, kattes selle porilauaga v\u00f5i asetades selle varjualuse alla.<\/p>\n<p>\u2714Kuigi m\u00f6\u00f6blit on t\u00f6\u00f6deldud mitme kaitsekihiga, on see loodud taluma kerget vihma, kuid pikaajaline kokkupuude niiskuse ja UV-kiirgusega v\u00f5ib m\u00f5jutada m\u00f6\u00f6bli v\u00e4limust.<\/p>\n<h3>\ud83e\uddfc Hooldus ja ladustamine<\/h3>\n<p>\u2714 Hooldus &#8211; t\u00e4nu puidu erilisele kaitsele ei vaja see toode keerulist hooldust. Tolmu ja mustuse saab h\u00f5lpsasti eemaldada niiske lapiga ja veega. M\u00f6\u00f6bli eluea pikendamiseks on soovitatav uuendada kaitsev v\u00e4rvikiht kord aastas aiahooaja l\u00f5pus.<\/p>\n<p>\u2714 S\u00e4ilitamine &#8211; kui m\u00f6\u00f6blit ei kasutata pikemat aega, on soovitatav katta see kaitsekattega, et kaitsta seda p\u00e4ikese, vihma ja tuule m\u00f5ju eest. K\u00fclmal aastaajal on k\u00f5ige parem m\u00f6\u00f6blit hoida kuivas kohas, mis tagab selle pikaealisuse ja hoiab selle hea v\u00e4ljan\u00e4gemise j\u00e4rgmiseks hooajaks.<\/p>\n<h3>\ud83d\udccf Toote m\u00f5\u00f5tmed ja spetsifikatsioonid<\/h3>\n<h4>\n\ud83e\ude91 Tooli:<\/h4>\n<p><strong>Laius:<\/strong> 61 cm;<br \/>\n<strong>S\u00fcgavus:<\/strong> 50 cm;<br \/>\n<strong>K\u00f5rgus:<\/strong> 106 cm;<br \/>\n<strong>Istme laius:<\/strong> 48 cm;<br \/>\n<strong>Istme s\u00fcgavus:<\/strong> 50 cm;<br \/>\n<strong>Istme k\u00f5rgus:<\/strong> 44 cm;<br \/>\n<strong>Kaal:<\/strong> 8,8 kg;<br \/>\n<strong>Pakend:<\/strong> PVC-kile, pappkarp (2 t\u00fckki pakendis);<br \/>\n<strong>Transpordi suurus:<\/strong> 90 cm x 63 cm x H43 cm;<br \/>\n<strong>Transpordimaht:<\/strong> 0,244 m\u00b3;<\/p>\n<h4>\n\ud83d\udecb Laud:<\/h4>\n<p><strong>Pikkus:<\/strong> 150 cm;<br \/>\n<strong>Laius:<\/strong> 85 cm;<br \/>\n<strong>K\u00f5rgus:<\/strong> 73 cm;<br \/>\n<strong>Keskmine auk vihmavarju jaoks:<\/strong> Diameeter. 4,5 cm;<br \/>\n<strong>Kaal:<\/strong> 14,0 kg;<br \/>\n<strong>Pakend:<\/strong> PVC-kile, pappkarp;<br \/>\n<strong>Transpordi suurus:<\/strong> 150 cm \u00d7 85 cm \u00d7 H5 cm;<br \/>\n<strong>Transpordimaht:<\/strong> 0,090 m\u00b3;<br \/>\n<strong>Tarnitakse lahtiv\u00f5etuna, vajalik on kokkupanek (paigaldus ja kokkupaneku juhised kaasas);<\/strong><\/p>\n<h4>\n\ud83d\udce6 \u00dcldised parameetrid:<\/h4>\n<p><strong>Transpordi suurus:<\/strong> 150 cm x 85 cm x K50 cm (L x S x K);<br \/>\n<strong>Transpordimaht:<\/strong> 0,578 m3\/ 60 kg.<\/p>\n<h4>\n\ud83c\udfa8 Materjal ja viimistlus:<\/h4>\n<p><strong>Materjal:<\/strong> massiivne m\u00e4nd<br \/>\n<strong>Puidu viimistlus:<\/strong> Vivacolor Villa Akva &#8211; kvaliteetne, matt vesialuseline v\u00e4rv, mis tagab suurep\u00e4rase v\u00e4rvi- ja l\u00e4ikimispidavuse. See loob mustust ja vett h\u00fclgava pinna, mis annab m\u00f6\u00f6blile elegantse, siidiselt mati v\u00e4limuse.<br \/>\nV\u00e4rvitoon;<\/p>\n<p>See aiam\u00f6\u00f6blikomplekt \u00fchendab endas puidu loodusliku ilu, vastupidavuse ja skandinaavia disaini elegantsuse, pakkudes teile mugavust ja stiili igal aastaajal! \ud83c\udf3f\u2728<\/p>\n","protected":false},"excerpt":{"rendered":"<p>See statsionaarne laud ja 4 k\u00e4etoega ja reguleeritava seljatoega kokkupandavat tooli on ideaalne valik teie aeda v\u00f5i terrassile. Kvaliteetne ja stiilne aiam\u00f6\u00f6bel on investeering mugavusse ja esteetikasse aastateks, mist\u00f5ttu pakume komplekti, mis \u00fchendab endas praktilisuse, elegantsuse ja pikaealisuse.<\/p>\n<h3>Miks valida see komplekt?<\/h3>\n<p>\u2714 <b>Pruun <\/b>&#8211; puhas, elegantne ja rafineeritud, see on p\u00f5him\u00f5tteliselt harmooniline k\u00f5igi v\u00e4rvitoonidega. Hoovis eksponeerituna paistab see silma ja r\u00f5hutab teie kodu v\u00e4lisilmet;<\/p>\n<p>\u2714 <strong>Kohandatav igas olukorras<\/strong> &#8211; olgu tegemist pere\u00f5htus\u00f6\u00f6gi, aiapeo v\u00f5i l\u00f5\u00f5gastava koosviibimisega &#8211; laud mahutab h\u00f5lpsasti eri suurusega gruppe.<\/p>\n<p>\u2714 <strong>Puidu looduslik ilu<\/strong> &#8211; lisab teie aeda soojust ja hubasust, r\u00f5hutades Skandinaavia disaini kvaliteeti ja esteetikat.<\/p>\n<p>\u2714 <strong>Mugavad ja kompaktsed kokkupandavad toolid<\/strong> &#8211; ruumi s\u00e4\u00e4stev, kergesti hoiustatav ja liigutatav.<\/p>\n<p>\u2714 <strong>Reguleeritav seljatugi maksimaalse mugavuse tagamiseks<\/strong> &#8211; ideaalne l\u00f5\u00f5gastumiseks ja p\u00e4ikese nautimiseks.<\/p>\n<p>\u2714 <strong>Stabiilne ja praktiline laud<\/strong> &#8211; kokkupandav konstruktsioon v\u00f5imaldab seda vajadusel h\u00f5lpsasti transportida ja hoiustada.<\/p>\n<p>See komplekt on ideaalne valik neile, kes hindavad kvaliteeti, elegantsust ja funktsionaalsust. Tooge oma aeda stiili ja mugavust!<\/p>\n","protected":false},"featured_media":28097,"template":"","meta":{"_acf_changed":false},"product_cat":[288,290,537,304],"product_tag":[],"acf":[],"yoast_head":"<!-- This site is optimized with the Yoast SEO plugin v23.0 - https:\/\/yoast.com\/wordpress\/plugins\/seo\/ -->\n<title>009.Aiam\u00f6\u00f6bli komplekt &quot;Lolland&quot; Pruun - Folkland<\/title>\n<meta name=\"robots\" content=\"index, follow, max-snippet:-1, max-image-preview:large, max-video-preview:-1\" \/>\n<link rel=\"canonical\" href=\"https:\/\/www.folkland.lv\/et\/prece\/009-lolland-pruun\/\" \/>\n<meta property=\"og:locale\" content=\"et_EE\" \/>\n<meta property=\"og:type\" content=\"article\" \/>\n<meta property=\"og:title\" content=\"009.Aiam\u00f6\u00f6bli komplekt &quot;Lolland&quot; Pruun - Folkland\" \/>\n<meta property=\"og:description\" content=\"See statsionaarne laud ja 4 k\u00e4etoega ja reguleeritava seljatoega kokkupandavat tooli on ideaalne valik teie aeda v\u00f5i terrassile. Kvaliteetne ja stiilne aiam\u00f6\u00f6bel on investeering mugavusse ja esteetikasse aastateks, mist\u00f5ttu pakume komplekti, mis \u00fchendab endas praktilisuse, elegantsuse ja pikaealisuse. Miks valida see komplekt? \u2714 Pruun - puhas, elegantne ja rafineeritud, see on p\u00f5him\u00f5tteliselt harmooniline k\u00f5igi v\u00e4rvitoonidega. Hoovis eksponeerituna paistab see silma ja r\u00f5hutab teie kodu v\u00e4lisilmet;  \u2714 Kohandatav igas olukorras - olgu tegemist pere\u00f5htus\u00f6\u00f6gi, aiapeo v\u00f5i l\u00f5\u00f5gastava koosviibimisega - laud mahutab h\u00f5lpsasti eri suurusega gruppe.  \u2714 Puidu looduslik ilu - lisab teie aeda soojust ja hubasust, r\u00f5hutades Skandinaavia disaini kvaliteeti ja esteetikat.  \u2714 Mugavad ja kompaktsed kokkupandavad toolid - ruumi s\u00e4\u00e4stev, kergesti hoiustatav ja liigutatav.  \u2714 Reguleeritav seljatugi maksimaalse mugavuse tagamiseks - ideaalne l\u00f5\u00f5gastumiseks ja p\u00e4ikese nautimiseks.  \u2714 Stabiilne ja praktiline laud - kokkupandav konstruktsioon v\u00f5imaldab seda vajadusel h\u00f5lpsasti transportida ja hoiustada.  See komplekt on ideaalne valik neile, kes hindavad kvaliteeti, elegantsust ja funktsionaalsust. Tooge oma aeda stiili ja mugavust!\" \/>\n<meta property=\"og:url\" content=\"https:\/\/www.folkland.lv\/et\/prece\/009-lolland-pruun\/\" \/>\n<meta property=\"og:site_name\" content=\"Folkland\" \/>\n<meta property=\"article:modified_time\" content=\"2025-02-14T17:24:49+00:00\" \/>\n<meta property=\"og:image\" content=\"https:\/\/www.folkland.lv\/wp-content\/uploads\/2018\/12\/lolland-bruns-1-600x400_result.jpg\" \/>\n\t<meta property=\"og:image:width\" content=\"900\" \/>\n\t<meta property=\"og:image:height\" content=\"900\" \/>\n\t<meta property=\"og:image:type\" content=\"image\/jpeg\" \/>\n<meta name=\"twitter:card\" content=\"summary_large_image\" \/>\n<meta name=\"twitter:label1\" content=\"Est. reading time\" \/>\n\t<meta name=\"twitter:data1\" content=\"2 minutit\" \/>\n<script type=\"application\/ld+json\" class=\"yoast-schema-graph\">{\"@context\":\"https:\/\/schema.org\",\"@graph\":[{\"@type\":\"WebPage\",\"@id\":\"https:\/\/www.folkland.lv\/et\/prece\/009-lolland-pruun\/\",\"url\":\"https:\/\/www.folkland.lv\/et\/prece\/009-lolland-pruun\/\",\"name\":\"009.Aiam\u00f6\u00f6bli komplekt \\\"Lolland\\\" Pruun - Folkland\",\"isPartOf\":{\"@id\":\"https:\/\/www.folkland.lv\/#website\"},\"primaryImageOfPage\":{\"@id\":\"https:\/\/www.folkland.lv\/et\/prece\/009-lolland-pruun\/#primaryimage\"},\"image\":{\"@id\":\"https:\/\/www.folkland.lv\/et\/prece\/009-lolland-pruun\/#primaryimage\"},\"thumbnailUrl\":\"https:\/\/www.folkland.lv\/wp-content\/uploads\/2018\/12\/lolland-bruns-1-600x400_result.jpg\",\"datePublished\":\"2020-11-25T09:20:35+00:00\",\"dateModified\":\"2025-02-14T17:24:49+00:00\",\"breadcrumb\":{\"@id\":\"https:\/\/www.folkland.lv\/et\/prece\/009-lolland-pruun\/#breadcrumb\"},\"inLanguage\":\"et\",\"potentialAction\":[{\"@type\":\"ReadAction\",\"target\":[\"https:\/\/www.folkland.lv\/et\/prece\/009-lolland-pruun\/\"]}]},{\"@type\":\"ImageObject\",\"inLanguage\":\"et\",\"@id\":\"https:\/\/www.folkland.lv\/et\/prece\/009-lolland-pruun\/#primaryimage\",\"url\":\"https:\/\/www.folkland.lv\/wp-content\/uploads\/2018\/12\/lolland-bruns-1-600x400_result.jpg\",\"contentUrl\":\"https:\/\/www.folkland.lv\/wp-content\/uploads\/2018\/12\/lolland-bruns-1-600x400_result.jpg\",\"width\":900,\"height\":900},{\"@type\":\"BreadcrumbList\",\"@id\":\"https:\/\/www.folkland.lv\/et\/prece\/009-lolland-pruun\/#breadcrumb\",\"itemListElement\":[{\"@type\":\"ListItem\",\"position\":1,\"name\":\"Algus\",\"item\":\"https:\/\/www.folkland.lv\/et\/\"},{\"@type\":\"ListItem\",\"position\":2,\"name\":\"Pood\",\"item\":\"https:\/\/www.folkland.lv\/et\/pood\/\"},{\"@type\":\"ListItem\",\"position\":3,\"name\":\"009.Aiam\u00f6\u00f6bli komplekt &#8220;Lolland&#8221; Pruun\"}]},{\"@type\":\"WebSite\",\"@id\":\"https:\/\/www.folkland.lv\/#website\",\"url\":\"https:\/\/www.folkland.lv\/\",\"name\":\"Folkland\",\"description\":\"\",\"potentialAction\":[{\"@type\":\"SearchAction\",\"target\":{\"@type\":\"EntryPoint\",\"urlTemplate\":\"https:\/\/www.folkland.lv\/?s={search_term_string}\"},\"query-input\":\"required name=search_term_string\"}],\"inLanguage\":\"et\"}]}<\/script>\n<!-- \/ Yoast SEO plugin. -->","yoast_head_json":{"title":"009.Aiam\u00f6\u00f6bli komplekt \"Lolland\" Pruun - Folkland","robots":{"index":"index","follow":"follow","max-snippet":"max-snippet:-1","max-image-preview":"max-image-preview:large","max-video-preview":"max-video-preview:-1"},"canonical":"https:\/\/www.folkland.lv\/et\/prece\/009-lolland-pruun\/","og_locale":"et_EE","og_type":"article","og_title":"009.Aiam\u00f6\u00f6bli komplekt \"Lolland\" Pruun - Folkland","og_description":"See statsionaarne laud ja 4 k\u00e4etoega ja reguleeritava seljatoega kokkupandavat tooli on ideaalne valik teie aeda v\u00f5i terrassile. Kvaliteetne ja stiilne aiam\u00f6\u00f6bel on investeering mugavusse ja esteetikasse aastateks, mist\u00f5ttu pakume komplekti, mis \u00fchendab endas praktilisuse, elegantsuse ja pikaealisuse. Miks valida see komplekt? \u2714 Pruun - puhas, elegantne ja rafineeritud, see on p\u00f5him\u00f5tteliselt harmooniline k\u00f5igi v\u00e4rvitoonidega. Hoovis eksponeerituna paistab see silma ja r\u00f5hutab teie kodu v\u00e4lisilmet;  \u2714 Kohandatav igas olukorras - olgu tegemist pere\u00f5htus\u00f6\u00f6gi, aiapeo v\u00f5i l\u00f5\u00f5gastava koosviibimisega - laud mahutab h\u00f5lpsasti eri suurusega gruppe.  \u2714 Puidu looduslik ilu - lisab teie aeda soojust ja hubasust, r\u00f5hutades Skandinaavia disaini kvaliteeti ja esteetikat.  \u2714 Mugavad ja kompaktsed kokkupandavad toolid - ruumi s\u00e4\u00e4stev, kergesti hoiustatav ja liigutatav.  \u2714 Reguleeritav seljatugi maksimaalse mugavuse tagamiseks - ideaalne l\u00f5\u00f5gastumiseks ja p\u00e4ikese nautimiseks.  \u2714 Stabiilne ja praktiline laud - kokkupandav konstruktsioon v\u00f5imaldab seda vajadusel h\u00f5lpsasti transportida ja hoiustada.  See komplekt on ideaalne valik neile, kes hindavad kvaliteeti, elegantsust ja funktsionaalsust. Tooge oma aeda stiili ja mugavust!","og_url":"https:\/\/www.folkland.lv\/et\/prece\/009-lolland-pruun\/","og_site_name":"Folkland","article_modified_time":"2025-02-14T17:24:49+00:00","og_image":[{"width":900,"height":900,"url":"https:\/\/www.folkland.lv\/wp-content\/uploads\/2018\/12\/lolland-bruns-1-600x400_result.jpg","type":"image\/jpeg"}],"twitter_card":"summary_large_image","twitter_misc":{"Est. reading time":"2 minutit"},"schema":{"@context":"https:\/\/schema.org","@graph":[{"@type":"WebPage","@id":"https:\/\/www.folkland.lv\/et\/prece\/009-lolland-pruun\/","url":"https:\/\/www.folkland.lv\/et\/prece\/009-lolland-pruun\/","name":"009.Aiam\u00f6\u00f6bli komplekt \"Lolland\" Pruun - Folkland","isPartOf":{"@id":"https:\/\/www.folkland.lv\/#website"},"primaryImageOfPage":{"@id":"https:\/\/www.folkland.lv\/et\/prece\/009-lolland-pruun\/#primaryimage"},"image":{"@id":"https:\/\/www.folkland.lv\/et\/prece\/009-lolland-pruun\/#primaryimage"},"thumbnailUrl":"https:\/\/www.folkland.lv\/wp-content\/uploads\/2018\/12\/lolland-bruns-1-600x400_result.jpg","datePublished":"2020-11-25T09:20:35+00:00","dateModified":"2025-02-14T17:24:49+00:00","breadcrumb":{"@id":"https:\/\/www.folkland.lv\/et\/prece\/009-lolland-pruun\/#breadcrumb"},"inLanguage":"et","potentialAction":[{"@type":"ReadAction","target":["https:\/\/www.folkland.lv\/et\/prece\/009-lolland-pruun\/"]}]},{"@type":"ImageObject","inLanguage":"et","@id":"https:\/\/www.folkland.lv\/et\/prece\/009-lolland-pruun\/#primaryimage","url":"https:\/\/www.folkland.lv\/wp-content\/uploads\/2018\/12\/lolland-bruns-1-600x400_result.jpg","contentUrl":"https:\/\/www.folkland.lv\/wp-content\/uploads\/2018\/12\/lolland-bruns-1-600x400_result.jpg","width":900,"height":900},{"@type":"BreadcrumbList","@id":"https:\/\/www.folkland.lv\/et\/prece\/009-lolland-pruun\/#breadcrumb","itemListElement":[{"@type":"ListItem","position":1,"name":"Algus","item":"https:\/\/www.folkland.lv\/et\/"},{"@type":"ListItem","position":2,"name":"Pood","item":"https:\/\/www.folkland.lv\/et\/pood\/"},{"@type":"ListItem","position":3,"name":"009.Aiam\u00f6\u00f6bli komplekt &#8220;Lolland&#8221; Pruun"}]},{"@type":"WebSite","@id":"https:\/\/www.folkland.lv\/#website","url":"https:\/\/www.folkland.lv\/","name":"Folkland","description":"","potentialAction":[{"@type":"SearchAction","target":{"@type":"EntryPoint","urlTemplate":"https:\/\/www.folkland.lv\/?s={search_term_string}"},"query-input":"required name=search_term_string"}],"inLanguage":"et"}]}},"_links":{"self":[{"href":"https:\/\/www.folkland.lv\/et\/wp-json\/wp\/v2\/product\/9855"}],"collection":[{"href":"https:\/\/www.folkland.lv\/et\/wp-json\/wp\/v2\/product"}],"about":[{"href":"https:\/\/www.folkland.lv\/et\/wp-json\/wp\/v2\/types\/product"}],"version-history":[{"count":2,"href":"https:\/\/www.folkland.lv\/et\/wp-json\/wp\/v2\/product\/9855\/revisions"}],"predecessor-version":[{"id":40663,"href":"https:\/\/www.folkland.lv\/et\/wp-json\/wp\/v2\/product\/9855\/revisions\/40663"}],"wp:featuredmedia":[{"embeddable":true,"href":"https:\/\/www.folkland.lv\/et\/wp-json\/wp\/v2\/media\/28097"}],"wp:attachment":[{"href":"https:\/\/www.folkland.lv\/et\/wp-json\/wp\/v2\/media?parent=9855"}],"wp:term":[{"taxonomy":"product_cat","embeddable":true,"href":"https:\/\/www.folkland.lv\/et\/wp-json\/wp\/v2\/product_cat?post=9855"},{"taxonomy":"product_tag","embeddable":true,"href":"https:\/\/www.folkland.lv\/et\/wp-json\/wp\/v2\/product_tag?post=9855"}],"curies":[{"name":"wp","href":"https:\/\/api.w.org\/{rel}","templated":true}]}}