{"id":9804,"date":"2019-02-20T16:11:01","date_gmt":"2020-11-25T09:05:19","guid":{"rendered":"https:\/\/www.folkland.lv\/?post_type=product&#038;p=9804"},"modified":"2025-02-14T18:20:11","modified_gmt":"2025-02-14T16:20:11","slug":"002-bavaria-8-grafiit","status":"publish","type":"product","link":"https:\/\/www.folkland.lv\/et\/prece\/002-bavaria-8-grafiit\/","title":{"rendered":"002.Aiam\u00f6\u00f6bli komplekt &#8220;Bavaria 8&#8221; Grafiit"},"content":{"rendered":"<p data-start=\"1347\" data-end=\"1816\"><span style=\"color: #000000;\">\ud83d\udccc <strong data-start=\"1350\" data-end=\"1378\">Materjal ja vastupidavus<\/strong><\/span><br data-start=\"1378\" data-end=\"1381\" \/><span style=\"color: #000000;\">See laud ja toolid on valmistatud kvaliteetsest looduslikust m\u00e4nnipuidust. Kuna puit on looduslik materjal, v\u00f5ivad ilmastikutingimused (p\u00e4ike, vihm, tuul, lumi) aja jooksul selle struktuuri, v\u00e4rvi ja kuju veidi muuta. Samuti v\u00f5ib tekkida vaiku ja mikropraod, mis on loomulik protsess. M\u00f6\u00f6bli ilu ja pikaealisuse s\u00e4ilitamiseks soovitame seda kaitsta muutuvate ilmastikutingimuste eest, n\u00e4iteks katta presendiga v\u00f5i asetada varju alla.<\/span><\/p>\n<p data-start=\"1818\" data-end=\"1982\"><span style=\"color: #000000;\">Kuigi m\u00f6\u00f6bel on kaetud mitme kaitsekihiga, on see m\u00f5eldud taluma kerget vihma, kuid pikaajaline kokkupuude niiskuse ja UV-kiirgusega v\u00f5ib selle v\u00e4limust m\u00f5jutada.<\/span><\/p>\n<hr data-start=\"1984\" data-end=\"1987\" \/>\n<p data-start=\"1989\" data-end=\"2270\"><span style=\"color: #000000;\">\ud83e\uddfc <strong data-start=\"1992\" data-end=\"2018\">Hooldus ja hoiustamine<\/strong><\/span><br data-start=\"2018\" data-end=\"2021\" \/><span style=\"color: #000000;\">\u2714 <strong data-start=\"2023\" data-end=\"2034\">Hooldus<\/strong> \u2013 T\u00e4nu spetsiaalsele puidukaitsele ei vaja see toode keerukat hooldust. Tolmu ja mustuse saab kergesti eemaldada niiske lapiga ja veega. Aiahooaja l\u00f5pus on soovitatav kord aastas kaitsev\u00e4rvikihti uuendada, et pikendada m\u00f6\u00f6bli eluiga.<\/span><\/p>\n<p data-start=\"2272\" data-end=\"2541\"><span style=\"color: #000000;\">\u2714 <strong data-start=\"2274\" data-end=\"2289\">Hoiustamine<\/strong> \u2013 Kui m\u00f6\u00f6blit ei kasutata pikemat aega, soovitatakse see katta kaitsekatega, et v\u00e4ltida p\u00e4ikese, vihma ja tuule m\u00f5ju. K\u00fclmal aastaajal on k\u00f5ige parem hoida m\u00f6\u00f6blit kuivas kohas, mis tagab selle pikaealisuse ja ideaalse v\u00e4limuse ka j\u00e4rgmisel hooajal.<\/span><\/p>\n<hr data-start=\"2543\" data-end=\"2546\" \/>\n<p data-start=\"2548\" data-end=\"2859\"><span style=\"color: #000000;\">\ud83d\udccf <strong data-start=\"2551\" data-end=\"2589\">Toote m\u00f5\u00f5dud ja spetsifikatsioonid<\/strong><\/span><br data-start=\"2589\" data-end=\"2592\" \/><span style=\"color: #000000;\">\ud83e\ude91 <strong data-start=\"2595\" data-end=\"2604\">Tool:<\/strong><\/span><br data-start=\"2604\" data-end=\"2607\" \/><span style=\"color: #000000;\">Laius: 61 cm;<\/span><br data-start=\"2620\" data-end=\"2623\" \/><span style=\"color: #000000;\">S\u00fcgavus: 50 cm;<\/span><br data-start=\"2638\" data-end=\"2641\" \/><span style=\"color: #000000;\">K\u00f5rgus: 106 cm;<\/span><br data-start=\"2656\" data-end=\"2659\" \/><span style=\"color: #000000;\">Iste laius: 48 cm;<\/span><br data-start=\"2677\" data-end=\"2680\" \/><span style=\"color: #000000;\">Iste s\u00fcgavus: 50 cm;<\/span><br data-start=\"2700\" data-end=\"2703\" \/><span style=\"color: #000000;\">Iste k\u00f5rgus: 44 cm;<\/span><br data-start=\"2722\" data-end=\"2725\" \/><span style=\"color: #000000;\">Kaal: 8,8 kg;<\/span><br data-start=\"2738\" data-end=\"2741\" \/><span style=\"color: #000000;\">Pakend: PVC-kile, pappkarp (2 tk pakendis);<\/span><br data-start=\"2784\" data-end=\"2787\" \/><span style=\"color: #000000;\">Transpordim\u00f5\u00f5tmed: 90 cm x 63 cm x H43 cm;<\/span><br data-start=\"2829\" data-end=\"2832\" \/><span style=\"color: #000000;\">Transpordimaht: 0,244 m\u00b3;<\/span><\/p>\n<p data-start=\"2861\" data-end=\"3196\"><span style=\"color: #000000;\">\ud83d\udecb <strong data-start=\"2864\" data-end=\"2873\">Laud:<\/strong><\/span><br data-start=\"2873\" data-end=\"2876\" \/><span style=\"color: #000000;\">Minimaalne pikkus: 170 cm;<\/span><br data-start=\"2902\" data-end=\"2905\" \/><span style=\"color: #000000;\">Maksimaalne pikkus: 220 cm;<\/span><br data-start=\"2932\" data-end=\"2935\" \/><span style=\"color: #000000;\">Laius: 90 cm;<\/span><br data-start=\"2948\" data-end=\"2951\" \/><span style=\"color: #000000;\">K\u00f5rgus: 73 cm;<\/span><br data-start=\"2965\" data-end=\"2968\" \/><span style=\"color: #000000;\">Kaal: 37,0 kg;<\/span><br data-start=\"2982\" data-end=\"2985\" \/><span style=\"color: #000000;\">Pakend: PVC-kile, pappkarp;<\/span><br data-start=\"3012\" data-end=\"3015\" \/><span style=\"color: #000000;\">Transpordim\u00f5\u00f5tmed: 170 cm \u00d7 90 cm \u00d7 H10 cm;<\/span><br data-start=\"3058\" data-end=\"3061\" \/><span style=\"color: #000000;\">Transpordimaht: 0,153 m\u00b3;<\/span><br data-start=\"3086\" data-end=\"3089\" \/><span style=\"color: #000000;\">Toodet tarnitakse lahtiv\u00f5etuna, vajab kokkupanekut (kinnitusvahendid ja kokkupanekujuhend on komplektis);<\/span><\/p>\n<p data-start=\"3198\" data-end=\"3317\"><span style=\"color: #000000;\">\ud83d\udce6 <strong data-start=\"3201\" data-end=\"3232\">Kogu komplekti parameetrid:<\/strong><\/span><br data-start=\"3232\" data-end=\"3235\" \/><span style=\"color: #000000;\">Transpordim\u00f5\u00f5tmed: 170 cm \u00d7 90 cm \u00d7 H53 cm;<\/span><br data-start=\"3278\" data-end=\"3281\" \/><span style=\"color: #000000;\">Transpordimaht: 1,129 m\u00b3 \/ 109 kg;<\/span><\/p>\n<p data-start=\"3319\" data-end=\"3614\"><span style=\"color: #000000;\">\ud83c\udfa8 <strong data-start=\"3322\" data-end=\"3348\">Materjal ja viimistlus<\/strong><\/span><br data-start=\"3348\" data-end=\"3351\" \/><span style=\"color: #000000;\">Materjal: T\u00e4ispuit m\u00e4nd;<\/span><br data-start=\"3375\" data-end=\"3378\" \/><span style=\"color: #000000;\">Puidu t\u00f6\u00f6tlemine: <strong data-start=\"3396\" data-end=\"3420\">Vivacolor Villa Akva<\/strong> \u2013 kvaliteetne matt veep\u00f5hine v\u00e4rv, mis tagab suurep\u00e4rase toonide ja l\u00e4ike p\u00fcsivuse. See loob mustust ja vett h\u00fclgava pinna, andes m\u00f6\u00f6blile elegantse, siidiselt mati v\u00e4limuse;<\/span><br data-start=\"3595\" data-end=\"3598\" \/><span style=\"color: #000000;\">V\u00e4rvus: Grafiit;<\/span><\/p>\n<p data-start=\"3616\" data-end=\"3771\" data-is-last-node=\"\"><span style=\"color: #000000;\">See aiam\u00f6\u00f6bli komplekt \u00fchendab loodusliku puidu ilu, vastupidavuse ja Skandinaavia disaini elegantsi, pakkudes teile mugavust ja stiili igal aastaajal! \ud83c\udf3f\u2728<\/span><\/p>\n","protected":false},"excerpt":{"rendered":"<p data-start=\"73\" data-end=\"420\"><span style=\"color: #000000;\">See pikendatav laud koos lisasektsiooniga ja 8 kokkupandava tooliga, millel on k\u00e4etoed ja reguleeritav seljatugi, on ideaalne valik teie aia v\u00f5i terrassi sisustamiseks. Kvaliteetsed ja stiilsed aiam\u00f6\u00f6blid on investeering mugavusse ja esteetikasse paljudeks aastateks, seega pakume komplekti, mis \u00fchendab praktilisuse, elegantsi ja vastupidavuse.<\/span><\/p>\n<h4 data-start=\"422\" data-end=\"458\"><span style=\"color: #000000;\"><strong data-start=\"427\" data-end=\"456\">Miks valida see komplekt?<\/strong><\/span><\/h4>\n<p data-start=\"459\" data-end=\"605\"><span style=\"color: #000000;\">\u2714 <strong data-start=\"461\" data-end=\"475\">Grafiit v\u00e4rv<\/strong> \u2013 puhas, elegantne ja peen, sobib suurep\u00e4raselt iga v\u00e4rvitooniga. Aias paigutades loob see kauni aktsendi teie kodu v\u00e4lisilmes.<\/span><\/p>\n<p data-start=\"607\" data-end=\"736\"><span style=\"color: #000000;\">\u2714 <strong data-start=\"609\" data-end=\"635\">Sobib igaks olukorraks<\/strong> \u2013 olgu see peres\u00f6\u00f6k, aiapidu v\u00f5i rahulik puhkus, laud kohandub h\u00f5lpsasti erinevate seltskondadega.<\/span><\/p>\n<p data-start=\"738\" data-end=\"862\"><span style=\"color: #000000;\">\u2714 <strong data-start=\"740\" data-end=\"763\">Looduslik puidu ilu<\/strong> \u2013 lisab teie aiale soojust ja hubasust, r\u00f5hutades Skandinaavia disaini kvaliteeti ja esteetikat.<\/span><\/p>\n<p data-start=\"864\" data-end=\"972\"><span style=\"color: #000000;\">\u2714 <strong data-start=\"866\" data-end=\"912\">Mugavad ja kompaktsed kokkupandavad toolid<\/strong> \u2013 s\u00e4\u00e4stavad ruumi, neid on lihtne hoiustada ja liigutada.<\/span><\/p>\n<p data-start=\"974\" data-end=\"1086\"><span style=\"color: #000000;\">\u2714 <strong data-start=\"976\" data-end=\"1034\">Reguleeritav seljatugi maksimaalse mugavuse tagamiseks<\/strong> \u2013 ideaalne l\u00f5\u00f5gastumiseks ja p\u00e4ikese nautimiseks.<\/span><\/p>\n<p data-start=\"1088\" data-end=\"1205\"><span style=\"color: #000000;\">\u2714 <strong data-start=\"1090\" data-end=\"1122\">Stabiilne ja praktiline laud<\/strong> \u2013 lahtiv\u00f5etav konstruktsioon v\u00f5imaldab seda h\u00f5lpsasti transportida ja hoiustada.<\/span><\/p>\n<p data-start=\"1207\" data-end=\"1340\"><span style=\"color: #000000;\">See komplekt on suurep\u00e4rane valik neile, kes hindavad kvaliteeti, elegantsi ja funktsionaalsust. Tooge oma aeda stiili ja mugavust!<\/span><\/p>\n","protected":false},"featured_media":27981,"template":"","meta":{"_acf_changed":false},"product_cat":[288,290,537,304],"product_tag":[],"acf":[],"yoast_head":"<!-- This site is optimized with the Yoast SEO plugin v23.0 - https:\/\/yoast.com\/wordpress\/plugins\/seo\/ -->\n<title>002.Aiam\u00f6\u00f6bli komplekt &quot;Bavaria 8&quot; Grafiit - Folkland<\/title>\n<meta name=\"robots\" content=\"index, follow, max-snippet:-1, max-image-preview:large, max-video-preview:-1\" \/>\n<link rel=\"canonical\" href=\"https:\/\/www.folkland.lv\/et\/prece\/002-bavaria-8-grafiit\/\" \/>\n<meta property=\"og:locale\" content=\"et_EE\" \/>\n<meta property=\"og:type\" content=\"article\" \/>\n<meta property=\"og:title\" content=\"002.Aiam\u00f6\u00f6bli komplekt &quot;Bavaria 8&quot; Grafiit - Folkland\" \/>\n<meta property=\"og:description\" content=\"See pikendatav laud koos lisasektsiooniga ja 8 kokkupandava tooliga, millel on k\u00e4etoed ja reguleeritav seljatugi, on ideaalne valik teie aia v\u00f5i terrassi sisustamiseks. Kvaliteetsed ja stiilsed aiam\u00f6\u00f6blid on investeering mugavusse ja esteetikasse paljudeks aastateks, seega pakume komplekti, mis \u00fchendab praktilisuse, elegantsi ja vastupidavuse.  Miks valida see komplekt? \u2714 Grafiit v\u00e4rv \u2013 puhas, elegantne ja peen, sobib suurep\u00e4raselt iga v\u00e4rvitooniga. Aias paigutades loob see kauni aktsendi teie kodu v\u00e4lisilmes. \u2714 Sobib igaks olukorraks \u2013 olgu see peres\u00f6\u00f6k, aiapidu v\u00f5i rahulik puhkus, laud kohandub h\u00f5lpsasti erinevate seltskondadega. \u2714 Looduslik puidu ilu \u2013 lisab teie aiale soojust ja hubasust, r\u00f5hutades Skandinaavia disaini kvaliteeti ja esteetikat. \u2714 Mugavad ja kompaktsed kokkupandavad toolid \u2013 s\u00e4\u00e4stavad ruumi, neid on lihtne hoiustada ja liigutada. \u2714 Reguleeritav seljatugi maksimaalse mugavuse tagamiseks \u2013 ideaalne l\u00f5\u00f5gastumiseks ja p\u00e4ikese nautimiseks. \u2714 Stabiilne ja praktiline laud \u2013 lahtiv\u00f5etav konstruktsioon v\u00f5imaldab seda h\u00f5lpsasti transportida ja hoiustada. See komplekt on suurep\u00e4rane valik neile, kes hindavad kvaliteeti, elegantsi ja funktsionaalsust. Tooge oma aeda stiili ja mugavust!\" \/>\n<meta property=\"og:url\" content=\"https:\/\/www.folkland.lv\/et\/prece\/002-bavaria-8-grafiit\/\" \/>\n<meta property=\"og:site_name\" content=\"Folkland\" \/>\n<meta property=\"article:modified_time\" content=\"2025-02-14T16:20:11+00:00\" \/>\n<meta property=\"og:image\" content=\"https:\/\/www.folkland.lv\/wp-content\/uploads\/2018\/12\/IMG_7019cc_result.jpg\" \/>\n\t<meta property=\"og:image:width\" content=\"900\" \/>\n\t<meta property=\"og:image:height\" content=\"900\" \/>\n\t<meta property=\"og:image:type\" content=\"image\/jpeg\" \/>\n<meta name=\"twitter:card\" content=\"summary_large_image\" \/>\n<meta name=\"twitter:label1\" content=\"Est. reading time\" \/>\n\t<meta name=\"twitter:data1\" content=\"2 minutit\" \/>\n<script type=\"application\/ld+json\" class=\"yoast-schema-graph\">{\"@context\":\"https:\/\/schema.org\",\"@graph\":[{\"@type\":\"WebPage\",\"@id\":\"https:\/\/www.folkland.lv\/et\/prece\/002-bavaria-8-grafiit\/\",\"url\":\"https:\/\/www.folkland.lv\/et\/prece\/002-bavaria-8-grafiit\/\",\"name\":\"002.Aiam\u00f6\u00f6bli komplekt \\\"Bavaria 8\\\" Grafiit - Folkland\",\"isPartOf\":{\"@id\":\"https:\/\/www.folkland.lv\/#website\"},\"primaryImageOfPage\":{\"@id\":\"https:\/\/www.folkland.lv\/et\/prece\/002-bavaria-8-grafiit\/#primaryimage\"},\"image\":{\"@id\":\"https:\/\/www.folkland.lv\/et\/prece\/002-bavaria-8-grafiit\/#primaryimage\"},\"thumbnailUrl\":\"https:\/\/www.folkland.lv\/wp-content\/uploads\/2018\/12\/IMG_7019cc_result.jpg\",\"datePublished\":\"2020-11-25T09:05:19+00:00\",\"dateModified\":\"2025-02-14T16:20:11+00:00\",\"breadcrumb\":{\"@id\":\"https:\/\/www.folkland.lv\/et\/prece\/002-bavaria-8-grafiit\/#breadcrumb\"},\"inLanguage\":\"et\",\"potentialAction\":[{\"@type\":\"ReadAction\",\"target\":[\"https:\/\/www.folkland.lv\/et\/prece\/002-bavaria-8-grafiit\/\"]}]},{\"@type\":\"ImageObject\",\"inLanguage\":\"et\",\"@id\":\"https:\/\/www.folkland.lv\/et\/prece\/002-bavaria-8-grafiit\/#primaryimage\",\"url\":\"https:\/\/www.folkland.lv\/wp-content\/uploads\/2018\/12\/IMG_7019cc_result.jpg\",\"contentUrl\":\"https:\/\/www.folkland.lv\/wp-content\/uploads\/2018\/12\/IMG_7019cc_result.jpg\",\"width\":900,\"height\":900,\"caption\":\"D\u0101rza m\u0113be\u013cu komplekts Bavaria 8 Graf\u012bts\"},{\"@type\":\"BreadcrumbList\",\"@id\":\"https:\/\/www.folkland.lv\/et\/prece\/002-bavaria-8-grafiit\/#breadcrumb\",\"itemListElement\":[{\"@type\":\"ListItem\",\"position\":1,\"name\":\"Algus\",\"item\":\"https:\/\/www.folkland.lv\/et\/\"},{\"@type\":\"ListItem\",\"position\":2,\"name\":\"Pood\",\"item\":\"https:\/\/www.folkland.lv\/et\/pood\/\"},{\"@type\":\"ListItem\",\"position\":3,\"name\":\"002.Aiam\u00f6\u00f6bli komplekt &#8220;Bavaria 8&#8221; Grafiit\"}]},{\"@type\":\"WebSite\",\"@id\":\"https:\/\/www.folkland.lv\/#website\",\"url\":\"https:\/\/www.folkland.lv\/\",\"name\":\"Folkland\",\"description\":\"\",\"potentialAction\":[{\"@type\":\"SearchAction\",\"target\":{\"@type\":\"EntryPoint\",\"urlTemplate\":\"https:\/\/www.folkland.lv\/?s={search_term_string}\"},\"query-input\":\"required name=search_term_string\"}],\"inLanguage\":\"et\"}]}<\/script>\n<!-- \/ Yoast SEO plugin. -->","yoast_head_json":{"title":"002.Aiam\u00f6\u00f6bli komplekt \"Bavaria 8\" Grafiit - Folkland","robots":{"index":"index","follow":"follow","max-snippet":"max-snippet:-1","max-image-preview":"max-image-preview:large","max-video-preview":"max-video-preview:-1"},"canonical":"https:\/\/www.folkland.lv\/et\/prece\/002-bavaria-8-grafiit\/","og_locale":"et_EE","og_type":"article","og_title":"002.Aiam\u00f6\u00f6bli komplekt \"Bavaria 8\" Grafiit - Folkland","og_description":"See pikendatav laud koos lisasektsiooniga ja 8 kokkupandava tooliga, millel on k\u00e4etoed ja reguleeritav seljatugi, on ideaalne valik teie aia v\u00f5i terrassi sisustamiseks. Kvaliteetsed ja stiilsed aiam\u00f6\u00f6blid on investeering mugavusse ja esteetikasse paljudeks aastateks, seega pakume komplekti, mis \u00fchendab praktilisuse, elegantsi ja vastupidavuse.  Miks valida see komplekt? \u2714 Grafiit v\u00e4rv \u2013 puhas, elegantne ja peen, sobib suurep\u00e4raselt iga v\u00e4rvitooniga. Aias paigutades loob see kauni aktsendi teie kodu v\u00e4lisilmes. \u2714 Sobib igaks olukorraks \u2013 olgu see peres\u00f6\u00f6k, aiapidu v\u00f5i rahulik puhkus, laud kohandub h\u00f5lpsasti erinevate seltskondadega. \u2714 Looduslik puidu ilu \u2013 lisab teie aiale soojust ja hubasust, r\u00f5hutades Skandinaavia disaini kvaliteeti ja esteetikat. \u2714 Mugavad ja kompaktsed kokkupandavad toolid \u2013 s\u00e4\u00e4stavad ruumi, neid on lihtne hoiustada ja liigutada. \u2714 Reguleeritav seljatugi maksimaalse mugavuse tagamiseks \u2013 ideaalne l\u00f5\u00f5gastumiseks ja p\u00e4ikese nautimiseks. \u2714 Stabiilne ja praktiline laud \u2013 lahtiv\u00f5etav konstruktsioon v\u00f5imaldab seda h\u00f5lpsasti transportida ja hoiustada. See komplekt on suurep\u00e4rane valik neile, kes hindavad kvaliteeti, elegantsi ja funktsionaalsust. Tooge oma aeda stiili ja mugavust!","og_url":"https:\/\/www.folkland.lv\/et\/prece\/002-bavaria-8-grafiit\/","og_site_name":"Folkland","article_modified_time":"2025-02-14T16:20:11+00:00","og_image":[{"width":900,"height":900,"url":"https:\/\/www.folkland.lv\/wp-content\/uploads\/2018\/12\/IMG_7019cc_result.jpg","type":"image\/jpeg"}],"twitter_card":"summary_large_image","twitter_misc":{"Est. reading time":"2 minutit"},"schema":{"@context":"https:\/\/schema.org","@graph":[{"@type":"WebPage","@id":"https:\/\/www.folkland.lv\/et\/prece\/002-bavaria-8-grafiit\/","url":"https:\/\/www.folkland.lv\/et\/prece\/002-bavaria-8-grafiit\/","name":"002.Aiam\u00f6\u00f6bli komplekt \"Bavaria 8\" Grafiit - Folkland","isPartOf":{"@id":"https:\/\/www.folkland.lv\/#website"},"primaryImageOfPage":{"@id":"https:\/\/www.folkland.lv\/et\/prece\/002-bavaria-8-grafiit\/#primaryimage"},"image":{"@id":"https:\/\/www.folkland.lv\/et\/prece\/002-bavaria-8-grafiit\/#primaryimage"},"thumbnailUrl":"https:\/\/www.folkland.lv\/wp-content\/uploads\/2018\/12\/IMG_7019cc_result.jpg","datePublished":"2020-11-25T09:05:19+00:00","dateModified":"2025-02-14T16:20:11+00:00","breadcrumb":{"@id":"https:\/\/www.folkland.lv\/et\/prece\/002-bavaria-8-grafiit\/#breadcrumb"},"inLanguage":"et","potentialAction":[{"@type":"ReadAction","target":["https:\/\/www.folkland.lv\/et\/prece\/002-bavaria-8-grafiit\/"]}]},{"@type":"ImageObject","inLanguage":"et","@id":"https:\/\/www.folkland.lv\/et\/prece\/002-bavaria-8-grafiit\/#primaryimage","url":"https:\/\/www.folkland.lv\/wp-content\/uploads\/2018\/12\/IMG_7019cc_result.jpg","contentUrl":"https:\/\/www.folkland.lv\/wp-content\/uploads\/2018\/12\/IMG_7019cc_result.jpg","width":900,"height":900,"caption":"D\u0101rza m\u0113be\u013cu komplekts Bavaria 8 Graf\u012bts"},{"@type":"BreadcrumbList","@id":"https:\/\/www.folkland.lv\/et\/prece\/002-bavaria-8-grafiit\/#breadcrumb","itemListElement":[{"@type":"ListItem","position":1,"name":"Algus","item":"https:\/\/www.folkland.lv\/et\/"},{"@type":"ListItem","position":2,"name":"Pood","item":"https:\/\/www.folkland.lv\/et\/pood\/"},{"@type":"ListItem","position":3,"name":"002.Aiam\u00f6\u00f6bli komplekt &#8220;Bavaria 8&#8221; Grafiit"}]},{"@type":"WebSite","@id":"https:\/\/www.folkland.lv\/#website","url":"https:\/\/www.folkland.lv\/","name":"Folkland","description":"","potentialAction":[{"@type":"SearchAction","target":{"@type":"EntryPoint","urlTemplate":"https:\/\/www.folkland.lv\/?s={search_term_string}"},"query-input":"required name=search_term_string"}],"inLanguage":"et"}]}},"_links":{"self":[{"href":"https:\/\/www.folkland.lv\/et\/wp-json\/wp\/v2\/product\/9804"}],"collection":[{"href":"https:\/\/www.folkland.lv\/et\/wp-json\/wp\/v2\/product"}],"about":[{"href":"https:\/\/www.folkland.lv\/et\/wp-json\/wp\/v2\/types\/product"}],"version-history":[{"count":3,"href":"https:\/\/www.folkland.lv\/et\/wp-json\/wp\/v2\/product\/9804\/revisions"}],"predecessor-version":[{"id":40647,"href":"https:\/\/www.folkland.lv\/et\/wp-json\/wp\/v2\/product\/9804\/revisions\/40647"}],"wp:featuredmedia":[{"embeddable":true,"href":"https:\/\/www.folkland.lv\/et\/wp-json\/wp\/v2\/media\/27981"}],"wp:attachment":[{"href":"https:\/\/www.folkland.lv\/et\/wp-json\/wp\/v2\/media?parent=9804"}],"wp:term":[{"taxonomy":"product_cat","embeddable":true,"href":"https:\/\/www.folkland.lv\/et\/wp-json\/wp\/v2\/product_cat?post=9804"},{"taxonomy":"product_tag","embeddable":true,"href":"https:\/\/www.folkland.lv\/et\/wp-json\/wp\/v2\/product_tag?post=9804"}],"curies":[{"name":"wp","href":"https:\/\/api.w.org\/{rel}","templated":true}]}}