{"id":40379,"date":"2024-02-26T11:07:27","date_gmt":"2024-02-26T09:07:28","guid":{"rendered":"https:\/\/www.folkland.lv\/?post_type=product&#038;p=40379"},"modified":"2024-02-26T11:26:12","modified_gmt":"2024-02-26T09:26:12","slug":"415-sahtliga-vorevoodi-80-cm-x-150cm-valge-lakitud","status":"publish","type":"product","link":"https:\/\/www.folkland.lv\/et\/prece\/415-sahtliga-vorevoodi-80-cm-x-150cm-valge-lakitud\/","title":{"rendered":"415 Sahtliga v\u00f5revoodi 80 cm x 150cm Valge\/lakitud"},"content":{"rendered":"<p><strong>Voodi m\u00f5\u00f5dud:<\/strong><\/p>\n<ul style=\"list-style-type: disc;\">\n<li>Laius &#8211; 80cm; (v\u00e4limine suurus);<\/li>\n<li>Pikkus &#8211; 150cm; (v\u00e4limine suurus);<\/li>\n<li>Madrats -70cm x 140cm; (ei sisalda;)<\/li>\n<li>K\u00f5rgus madratsini &#8211; 30 cm;<\/li>\n<li>Lauda laius &#8211; 60cm;<\/li>\n<li>Sahtel &#8211; 147cm x 80cm x K18cm;<\/li>\n<li>Madratsi tugiliistud on komplektis;<\/li>\n<li>Kaasas liitmikud;<\/li>\n<li>See toode vajab kokkupanekut;<\/li>\n<li>Tarnitakse lahtiv\u00f5etuna (pakend, pappkarp, PVC kile);<\/li>\n<li>Voodisahtlid on varustatud ratastega;<\/li>\n<li>Sahtlikarbid on valmistatud t\u00e4ism\u00e4nnist; (ei kuulu komplekti);<\/li>\n<li>Materjal &#8211; T\u00e4ism\u00e4nd;<\/li>\n<li>T\u00f6\u00f6tlemine &#8211; ECO Color Green line M\u00f6\u00f6bel (Spetsiaalselt m\u00f5eldud lasteliinidele)<\/li>\n<li>Toonid &#8211; Valge\/lakitud;<\/li>\n<li>Tootmine ja tarne 1-2 n\u00e4dalat, kui laos pole saadaval;<\/li>\n<\/ul>\n","protected":false},"excerpt":{"rendered":"<h3>Laste puidust sahtlitega voodi<\/h3>\n<ul style=\"list-style-type: circle;\">\n<li>T\u00e4ism\u00e4nnipuidust voodi valmistatud L\u00e4tis.<\/li>\n<li>Voodi on stabiilse ja turvalise konstruktsiooniga.<\/li>\n<li>Voodi disain on v\u00e4ga kerge ja lihtne, mist\u00f5ttu sobib see h\u00e4sti nii klassikalises interj\u00f6\u00f6ris kui ka maa- ja puhkemajades, k\u00e4mpingutes v\u00f5i lasteaedades.<\/li>\n<\/ul>\n","protected":false},"featured_media":40391,"template":"","meta":{"_acf_changed":false},"product_cat":[537,279,281],"product_tag":[],"acf":[],"yoast_head":"<!-- This site is optimized with the Yoast SEO plugin v23.0 - https:\/\/yoast.com\/wordpress\/plugins\/seo\/ -->\n<title>415 Sahtliga v\u00f5revoodi 80 cm x 150cm Valge\/lakitud - Folkland<\/title>\n<meta name=\"description\" content=\"L\u00e4tis valmistatud v\u00f5revoodi on suurep\u00e4rane lahendus kaasaegsesse lastetuppa; Valmistatud t\u00e4ispuidust, mis on vastupidav, soe ja looduslik materjal.\" \/>\n<meta name=\"robots\" content=\"index, follow, max-snippet:-1, max-image-preview:large, max-video-preview:-1\" \/>\n<link rel=\"canonical\" href=\"https:\/\/www.folkland.lv\/et\/prece\/415-sahtliga-vorevoodi-80-cm-x-150cm-valge-lakitud\/\" \/>\n<meta property=\"og:locale\" content=\"et_EE\" \/>\n<meta property=\"og:type\" content=\"article\" \/>\n<meta property=\"og:title\" content=\"415 Sahtliga v\u00f5revoodi 80 cm x 150cm Valge\/lakitud - Folkland\" \/>\n<meta property=\"og:description\" content=\"L\u00e4tis valmistatud v\u00f5revoodi on suurep\u00e4rane lahendus kaasaegsesse lastetuppa; Valmistatud t\u00e4ispuidust, mis on vastupidav, soe ja looduslik materjal.\" \/>\n<meta property=\"og:url\" content=\"https:\/\/www.folkland.lv\/et\/prece\/415-sahtliga-vorevoodi-80-cm-x-150cm-valge-lakitud\/\" \/>\n<meta property=\"og:site_name\" content=\"Folkland\" \/>\n<meta property=\"article:modified_time\" content=\"2024-02-26T09:26:12+00:00\" \/>\n<meta property=\"og:image\" content=\"https:\/\/www.folkland.lv\/wp-content\/uploads\/2024\/02\/Bernu_gulta_Folkland_Balts_lakots_1.jpg\" \/>\n\t<meta property=\"og:image:width\" content=\"1650\" \/>\n\t<meta property=\"og:image:height\" content=\"1100\" \/>\n\t<meta property=\"og:image:type\" content=\"image\/jpeg\" \/>\n<meta name=\"twitter:card\" content=\"summary_large_image\" \/>\n<meta name=\"twitter:label1\" content=\"Est. reading time\" \/>\n\t<meta name=\"twitter:data1\" content=\"1 minut\" \/>\n<script type=\"application\/ld+json\" class=\"yoast-schema-graph\">{\"@context\":\"https:\/\/schema.org\",\"@graph\":[{\"@type\":\"WebPage\",\"@id\":\"https:\/\/www.folkland.lv\/et\/prece\/415-sahtliga-vorevoodi-80-cm-x-150cm-valge-lakitud\/\",\"url\":\"https:\/\/www.folkland.lv\/et\/prece\/415-sahtliga-vorevoodi-80-cm-x-150cm-valge-lakitud\/\",\"name\":\"415 Sahtliga v\u00f5revoodi 80 cm x 150cm Valge\/lakitud - Folkland\",\"isPartOf\":{\"@id\":\"https:\/\/www.folkland.lv\/#website\"},\"primaryImageOfPage\":{\"@id\":\"https:\/\/www.folkland.lv\/et\/prece\/415-sahtliga-vorevoodi-80-cm-x-150cm-valge-lakitud\/#primaryimage\"},\"image\":{\"@id\":\"https:\/\/www.folkland.lv\/et\/prece\/415-sahtliga-vorevoodi-80-cm-x-150cm-valge-lakitud\/#primaryimage\"},\"thumbnailUrl\":\"https:\/\/www.folkland.lv\/wp-content\/uploads\/2024\/02\/Bernu_gulta_Folkland_Balts_lakots_1.jpg\",\"datePublished\":\"2024-02-26T09:07:28+00:00\",\"dateModified\":\"2024-02-26T09:26:12+00:00\",\"description\":\"L\u00e4tis valmistatud v\u00f5revoodi on suurep\u00e4rane lahendus kaasaegsesse lastetuppa; Valmistatud t\u00e4ispuidust, mis on vastupidav, soe ja looduslik materjal.\",\"breadcrumb\":{\"@id\":\"https:\/\/www.folkland.lv\/et\/prece\/415-sahtliga-vorevoodi-80-cm-x-150cm-valge-lakitud\/#breadcrumb\"},\"inLanguage\":\"et\",\"potentialAction\":[{\"@type\":\"ReadAction\",\"target\":[\"https:\/\/www.folkland.lv\/et\/prece\/415-sahtliga-vorevoodi-80-cm-x-150cm-valge-lakitud\/\"]}]},{\"@type\":\"ImageObject\",\"inLanguage\":\"et\",\"@id\":\"https:\/\/www.folkland.lv\/et\/prece\/415-sahtliga-vorevoodi-80-cm-x-150cm-valge-lakitud\/#primaryimage\",\"url\":\"https:\/\/www.folkland.lv\/wp-content\/uploads\/2024\/02\/Bernu_gulta_Folkland_Balts_lakots_1.jpg\",\"contentUrl\":\"https:\/\/www.folkland.lv\/wp-content\/uploads\/2024\/02\/Bernu_gulta_Folkland_Balts_lakots_1.jpg\",\"width\":1650,\"height\":1100,\"caption\":\"Laste puidust voodi Folkland\"},{\"@type\":\"BreadcrumbList\",\"@id\":\"https:\/\/www.folkland.lv\/et\/prece\/415-sahtliga-vorevoodi-80-cm-x-150cm-valge-lakitud\/#breadcrumb\",\"itemListElement\":[{\"@type\":\"ListItem\",\"position\":1,\"name\":\"Algus\",\"item\":\"https:\/\/www.folkland.lv\/et\/\"},{\"@type\":\"ListItem\",\"position\":2,\"name\":\"Pood\",\"item\":\"https:\/\/www.folkland.lv\/et\/pood\/\"},{\"@type\":\"ListItem\",\"position\":3,\"name\":\"415 Sahtliga v\u00f5revoodi 80 cm x 150cm Valge\/lakitud\"}]},{\"@type\":\"WebSite\",\"@id\":\"https:\/\/www.folkland.lv\/#website\",\"url\":\"https:\/\/www.folkland.lv\/\",\"name\":\"Folkland\",\"description\":\"\",\"potentialAction\":[{\"@type\":\"SearchAction\",\"target\":{\"@type\":\"EntryPoint\",\"urlTemplate\":\"https:\/\/www.folkland.lv\/?s={search_term_string}\"},\"query-input\":\"required name=search_term_string\"}],\"inLanguage\":\"et\"}]}<\/script>\n<!-- \/ Yoast SEO plugin. -->","yoast_head_json":{"title":"415 Sahtliga v\u00f5revoodi 80 cm x 150cm Valge\/lakitud - Folkland","description":"L\u00e4tis valmistatud v\u00f5revoodi on suurep\u00e4rane lahendus kaasaegsesse lastetuppa; Valmistatud t\u00e4ispuidust, mis on vastupidav, soe ja looduslik materjal.","robots":{"index":"index","follow":"follow","max-snippet":"max-snippet:-1","max-image-preview":"max-image-preview:large","max-video-preview":"max-video-preview:-1"},"canonical":"https:\/\/www.folkland.lv\/et\/prece\/415-sahtliga-vorevoodi-80-cm-x-150cm-valge-lakitud\/","og_locale":"et_EE","og_type":"article","og_title":"415 Sahtliga v\u00f5revoodi 80 cm x 150cm Valge\/lakitud - Folkland","og_description":"L\u00e4tis valmistatud v\u00f5revoodi on suurep\u00e4rane lahendus kaasaegsesse lastetuppa; Valmistatud t\u00e4ispuidust, mis on vastupidav, soe ja looduslik materjal.","og_url":"https:\/\/www.folkland.lv\/et\/prece\/415-sahtliga-vorevoodi-80-cm-x-150cm-valge-lakitud\/","og_site_name":"Folkland","article_modified_time":"2024-02-26T09:26:12+00:00","og_image":[{"width":1650,"height":1100,"url":"https:\/\/www.folkland.lv\/wp-content\/uploads\/2024\/02\/Bernu_gulta_Folkland_Balts_lakots_1.jpg","type":"image\/jpeg"}],"twitter_card":"summary_large_image","twitter_misc":{"Est. reading time":"1 minut"},"schema":{"@context":"https:\/\/schema.org","@graph":[{"@type":"WebPage","@id":"https:\/\/www.folkland.lv\/et\/prece\/415-sahtliga-vorevoodi-80-cm-x-150cm-valge-lakitud\/","url":"https:\/\/www.folkland.lv\/et\/prece\/415-sahtliga-vorevoodi-80-cm-x-150cm-valge-lakitud\/","name":"415 Sahtliga v\u00f5revoodi 80 cm x 150cm Valge\/lakitud - Folkland","isPartOf":{"@id":"https:\/\/www.folkland.lv\/#website"},"primaryImageOfPage":{"@id":"https:\/\/www.folkland.lv\/et\/prece\/415-sahtliga-vorevoodi-80-cm-x-150cm-valge-lakitud\/#primaryimage"},"image":{"@id":"https:\/\/www.folkland.lv\/et\/prece\/415-sahtliga-vorevoodi-80-cm-x-150cm-valge-lakitud\/#primaryimage"},"thumbnailUrl":"https:\/\/www.folkland.lv\/wp-content\/uploads\/2024\/02\/Bernu_gulta_Folkland_Balts_lakots_1.jpg","datePublished":"2024-02-26T09:07:28+00:00","dateModified":"2024-02-26T09:26:12+00:00","description":"L\u00e4tis valmistatud v\u00f5revoodi on suurep\u00e4rane lahendus kaasaegsesse lastetuppa; Valmistatud t\u00e4ispuidust, mis on vastupidav, soe ja looduslik materjal.","breadcrumb":{"@id":"https:\/\/www.folkland.lv\/et\/prece\/415-sahtliga-vorevoodi-80-cm-x-150cm-valge-lakitud\/#breadcrumb"},"inLanguage":"et","potentialAction":[{"@type":"ReadAction","target":["https:\/\/www.folkland.lv\/et\/prece\/415-sahtliga-vorevoodi-80-cm-x-150cm-valge-lakitud\/"]}]},{"@type":"ImageObject","inLanguage":"et","@id":"https:\/\/www.folkland.lv\/et\/prece\/415-sahtliga-vorevoodi-80-cm-x-150cm-valge-lakitud\/#primaryimage","url":"https:\/\/www.folkland.lv\/wp-content\/uploads\/2024\/02\/Bernu_gulta_Folkland_Balts_lakots_1.jpg","contentUrl":"https:\/\/www.folkland.lv\/wp-content\/uploads\/2024\/02\/Bernu_gulta_Folkland_Balts_lakots_1.jpg","width":1650,"height":1100,"caption":"Laste puidust voodi Folkland"},{"@type":"BreadcrumbList","@id":"https:\/\/www.folkland.lv\/et\/prece\/415-sahtliga-vorevoodi-80-cm-x-150cm-valge-lakitud\/#breadcrumb","itemListElement":[{"@type":"ListItem","position":1,"name":"Algus","item":"https:\/\/www.folkland.lv\/et\/"},{"@type":"ListItem","position":2,"name":"Pood","item":"https:\/\/www.folkland.lv\/et\/pood\/"},{"@type":"ListItem","position":3,"name":"415 Sahtliga v\u00f5revoodi 80 cm x 150cm Valge\/lakitud"}]},{"@type":"WebSite","@id":"https:\/\/www.folkland.lv\/#website","url":"https:\/\/www.folkland.lv\/","name":"Folkland","description":"","potentialAction":[{"@type":"SearchAction","target":{"@type":"EntryPoint","urlTemplate":"https:\/\/www.folkland.lv\/?s={search_term_string}"},"query-input":"required name=search_term_string"}],"inLanguage":"et"}]}},"_links":{"self":[{"href":"https:\/\/www.folkland.lv\/et\/wp-json\/wp\/v2\/product\/40379"}],"collection":[{"href":"https:\/\/www.folkland.lv\/et\/wp-json\/wp\/v2\/product"}],"about":[{"href":"https:\/\/www.folkland.lv\/et\/wp-json\/wp\/v2\/types\/product"}],"version-history":[{"count":1,"href":"https:\/\/www.folkland.lv\/et\/wp-json\/wp\/v2\/product\/40379\/revisions"}],"predecessor-version":[{"id":40443,"href":"https:\/\/www.folkland.lv\/et\/wp-json\/wp\/v2\/product\/40379\/revisions\/40443"}],"wp:featuredmedia":[{"embeddable":true,"href":"https:\/\/www.folkland.lv\/et\/wp-json\/wp\/v2\/media\/40391"}],"wp:attachment":[{"href":"https:\/\/www.folkland.lv\/et\/wp-json\/wp\/v2\/media?parent=40379"}],"wp:term":[{"taxonomy":"product_cat","embeddable":true,"href":"https:\/\/www.folkland.lv\/et\/wp-json\/wp\/v2\/product_cat?post=40379"},{"taxonomy":"product_tag","embeddable":true,"href":"https:\/\/www.folkland.lv\/et\/wp-json\/wp\/v2\/product_tag?post=40379"}],"curies":[{"name":"wp","href":"https:\/\/api.w.org\/{rel}","templated":true}]}}