{"id":40186,"date":"2019-01-11T11:09:29","date_gmt":"2019-01-11T09:09:29","guid":{"rendered":"https:\/\/www.folkland.lv\/prece\/022-puidust-riiul-felix-6-natural\/"},"modified":"2019-01-11T11:09:29","modified_gmt":"2019-01-11T09:09:29","slug":"022-puidust-riiul-felix-6-natural","status":"publish","type":"product","link":"https:\/\/www.folkland.lv\/et\/prece\/022-puidust-riiul-felix-6-natural\/","title":{"rendered":"022 Puidust riiul &#8220;Felix 6&#8221; Natural"},"content":{"rendered":"<p>T\u00e4nap\u00e4eval on <strong>puidust riiulid<\/strong> sisekujunduse lahutamatu osa. Lisaks sellele, et riiulid v\u00f5imaldavad teil paigutust l\u00f5pule viia, kannavad nad ka funktsionaalset koormust.<\/p>\n<p><strong>Puidust riiulid<\/strong> on ostjate seas alati n\u00f5utud, kuna need sobivad igasse sisekujundusse. T\u00e4nap\u00e4eval on paljud inimesed oma elutoa kujunduses peened.<\/p>\n<p>T\u00e4nu sellele on erinevad puidust riiulid v\u00e4ga n\u00f5utud, sest sobivad elutuppa, vannituppa v\u00f5i sauna. Need on valmistatud puidust, millel on k\u00f5rge kvaliteet, vastupidavus ja suurep\u00e4rane j\u00f5udlus.<\/p>\n<ul style=\"list-style-type: disc;\">\n<li>Pikkus &#8211; 80 cm;<\/li>\n<li>Laius &#8211; 31 cm;<\/li>\n<li>K\u00f5rgus &#8211; 202 cm;<\/li>\n<li>riiulite vaheline kaugus \u2013 35,5 cm;<\/li>\n<li>Tarnitakse lahtiv\u00f5etuna, vaja kokku panna;<\/li>\n<li>Pakend &#8211; 205cm x 32cm x H10cm (0,065m3);<\/li>\n<li>Kaal &#8211; 18 kg;<\/li>\n<li>Pakend \u2013 PVC-kile\/pappkarp;<\/li>\n<li>Komplekt sisaldab kokkupanekujuhendit, kinnitusi ja kuusnurki kruvimiseks;<\/li>\n<li>EAN kood &#8211; 4751030921822<\/li>\n<li>Materjal \u2013 M\u00e4nimassiivi;<\/li>\n<\/ul>\n<p>Puidut\u00f6\u00f6tlemine &#8211; Toores;<\/p>\n<p>Toon \u2013 loomulik;<\/p>\n","protected":false},"excerpt":{"rendered":"<h3>Puidust riiul, Felix 6-tasandiline, naturaalne puit<\/h3>\n<ul style=\"list-style-type: circle;\">\n<li>Riiulite disain on spetsiaalselt kujundatud nii, et see asetaks ruumis silmapaistmatu aktsendi;<\/li>\n<li>Riiulid on valmistatud naturaalsest m\u00e4nnipuidust;<\/li>\n<li>Riiulid tarnitakse lahtiv\u00f5etuna;<\/li>\n<li>Riiuleid on lihtne kokku panna;<\/li>\n<\/ul>\n","protected":false},"featured_media":40187,"template":"","meta":{"_acf_changed":false},"product_cat":[302],"product_tag":[],"acf":[],"yoast_head":"<!-- This site is optimized with the Yoast SEO plugin v23.0 - https:\/\/yoast.com\/wordpress\/plugins\/seo\/ -->\n<title>022 Puidust riiul &quot;Felix 6&quot; Natural - Folkland<\/title>\n<meta name=\"description\" content=\"Puidust riiulite disain on spetsiaalselt loodud selleks, et luua ruumis m\u00e4rkamatu aktsent. Riiulid on valmistatud naturaalsest m\u00e4nnipuidust.\" \/>\n<meta name=\"robots\" content=\"index, follow, max-snippet:-1, max-image-preview:large, max-video-preview:-1\" \/>\n<link rel=\"canonical\" href=\"https:\/\/www.folkland.lv\/et\/prece\/022-puidust-riiul-felix-6-natural\/\" \/>\n<meta property=\"og:locale\" content=\"et_EE\" \/>\n<meta property=\"og:type\" content=\"article\" \/>\n<meta property=\"og:title\" content=\"022 Puidust riiul &quot;Felix 6&quot; Natural - Folkland\" \/>\n<meta property=\"og:description\" content=\"Puidust riiulite disain on spetsiaalselt loodud selleks, et luua ruumis m\u00e4rkamatu aktsent. Riiulid on valmistatud naturaalsest m\u00e4nnipuidust.\" \/>\n<meta property=\"og:url\" content=\"https:\/\/www.folkland.lv\/et\/prece\/022-puidust-riiul-felix-6-natural\/\" \/>\n<meta property=\"og:site_name\" content=\"Folkland\" \/>\n<meta property=\"og:image\" content=\"https:\/\/www.folkland.lv\/wp-content\/uploads\/2019\/01\/IMG_9910c-07208bfcb9086728beb081ea77cef7a8.jpg\" \/>\n\t<meta property=\"og:image:width\" content=\"1199\" \/>\n\t<meta property=\"og:image:height\" content=\"800\" \/>\n\t<meta property=\"og:image:type\" content=\"image\/jpeg\" \/>\n<meta name=\"twitter:card\" content=\"summary_large_image\" \/>\n<meta name=\"twitter:label1\" content=\"Est. reading time\" \/>\n\t<meta name=\"twitter:data1\" content=\"1 minut\" \/>\n<script type=\"application\/ld+json\" class=\"yoast-schema-graph\">{\"@context\":\"https:\/\/schema.org\",\"@graph\":[{\"@type\":\"WebPage\",\"@id\":\"https:\/\/www.folkland.lv\/et\/prece\/022-puidust-riiul-felix-6-natural\/\",\"url\":\"https:\/\/www.folkland.lv\/et\/prece\/022-puidust-riiul-felix-6-natural\/\",\"name\":\"022 Puidust riiul \\\"Felix 6\\\" Natural - Folkland\",\"isPartOf\":{\"@id\":\"https:\/\/www.folkland.lv\/#website\"},\"primaryImageOfPage\":{\"@id\":\"https:\/\/www.folkland.lv\/et\/prece\/022-puidust-riiul-felix-6-natural\/#primaryimage\"},\"image\":{\"@id\":\"https:\/\/www.folkland.lv\/et\/prece\/022-puidust-riiul-felix-6-natural\/#primaryimage\"},\"thumbnailUrl\":\"https:\/\/www.folkland.lv\/wp-content\/uploads\/2019\/01\/IMG_9910c-07208bfcb9086728beb081ea77cef7a8.jpg\",\"datePublished\":\"2019-01-11T09:09:29+00:00\",\"dateModified\":\"2019-01-11T09:09:29+00:00\",\"description\":\"Puidust riiulite disain on spetsiaalselt loodud selleks, et luua ruumis m\u00e4rkamatu aktsent. Riiulid on valmistatud naturaalsest m\u00e4nnipuidust.\",\"breadcrumb\":{\"@id\":\"https:\/\/www.folkland.lv\/et\/prece\/022-puidust-riiul-felix-6-natural\/#breadcrumb\"},\"inLanguage\":\"et\",\"potentialAction\":[{\"@type\":\"ReadAction\",\"target\":[\"https:\/\/www.folkland.lv\/et\/prece\/022-puidust-riiul-felix-6-natural\/\"]}]},{\"@type\":\"ImageObject\",\"inLanguage\":\"et\",\"@id\":\"https:\/\/www.folkland.lv\/et\/prece\/022-puidust-riiul-felix-6-natural\/#primaryimage\",\"url\":\"https:\/\/www.folkland.lv\/wp-content\/uploads\/2019\/01\/IMG_9910c-07208bfcb9086728beb081ea77cef7a8.jpg\",\"contentUrl\":\"https:\/\/www.folkland.lv\/wp-content\/uploads\/2019\/01\/IMG_9910c-07208bfcb9086728beb081ea77cef7a8.jpg\",\"width\":1199,\"height\":800,\"caption\":\"Naturaalsest m\u00e4nnipuidust riiulid\"},{\"@type\":\"BreadcrumbList\",\"@id\":\"https:\/\/www.folkland.lv\/et\/prece\/022-puidust-riiul-felix-6-natural\/#breadcrumb\",\"itemListElement\":[{\"@type\":\"ListItem\",\"position\":1,\"name\":\"Algus\",\"item\":\"https:\/\/www.folkland.lv\/et\/\"},{\"@type\":\"ListItem\",\"position\":2,\"name\":\"Pood\",\"item\":\"https:\/\/www.folkland.lv\/et\/pood\/\"},{\"@type\":\"ListItem\",\"position\":3,\"name\":\"022 Puidust riiul &#8220;Felix 6&#8221; Natural\"}]},{\"@type\":\"WebSite\",\"@id\":\"https:\/\/www.folkland.lv\/#website\",\"url\":\"https:\/\/www.folkland.lv\/\",\"name\":\"Folkland\",\"description\":\"\",\"potentialAction\":[{\"@type\":\"SearchAction\",\"target\":{\"@type\":\"EntryPoint\",\"urlTemplate\":\"https:\/\/www.folkland.lv\/?s={search_term_string}\"},\"query-input\":\"required name=search_term_string\"}],\"inLanguage\":\"et\"}]}<\/script>\n<!-- \/ Yoast SEO plugin. -->","yoast_head_json":{"title":"022 Puidust riiul \"Felix 6\" Natural - Folkland","description":"Puidust riiulite disain on spetsiaalselt loodud selleks, et luua ruumis m\u00e4rkamatu aktsent. Riiulid on valmistatud naturaalsest m\u00e4nnipuidust.","robots":{"index":"index","follow":"follow","max-snippet":"max-snippet:-1","max-image-preview":"max-image-preview:large","max-video-preview":"max-video-preview:-1"},"canonical":"https:\/\/www.folkland.lv\/et\/prece\/022-puidust-riiul-felix-6-natural\/","og_locale":"et_EE","og_type":"article","og_title":"022 Puidust riiul \"Felix 6\" Natural - Folkland","og_description":"Puidust riiulite disain on spetsiaalselt loodud selleks, et luua ruumis m\u00e4rkamatu aktsent. Riiulid on valmistatud naturaalsest m\u00e4nnipuidust.","og_url":"https:\/\/www.folkland.lv\/et\/prece\/022-puidust-riiul-felix-6-natural\/","og_site_name":"Folkland","og_image":[{"width":1199,"height":800,"url":"https:\/\/www.folkland.lv\/wp-content\/uploads\/2019\/01\/IMG_9910c-07208bfcb9086728beb081ea77cef7a8.jpg","type":"image\/jpeg"}],"twitter_card":"summary_large_image","twitter_misc":{"Est. reading time":"1 minut"},"schema":{"@context":"https:\/\/schema.org","@graph":[{"@type":"WebPage","@id":"https:\/\/www.folkland.lv\/et\/prece\/022-puidust-riiul-felix-6-natural\/","url":"https:\/\/www.folkland.lv\/et\/prece\/022-puidust-riiul-felix-6-natural\/","name":"022 Puidust riiul \"Felix 6\" Natural - Folkland","isPartOf":{"@id":"https:\/\/www.folkland.lv\/#website"},"primaryImageOfPage":{"@id":"https:\/\/www.folkland.lv\/et\/prece\/022-puidust-riiul-felix-6-natural\/#primaryimage"},"image":{"@id":"https:\/\/www.folkland.lv\/et\/prece\/022-puidust-riiul-felix-6-natural\/#primaryimage"},"thumbnailUrl":"https:\/\/www.folkland.lv\/wp-content\/uploads\/2019\/01\/IMG_9910c-07208bfcb9086728beb081ea77cef7a8.jpg","datePublished":"2019-01-11T09:09:29+00:00","dateModified":"2019-01-11T09:09:29+00:00","description":"Puidust riiulite disain on spetsiaalselt loodud selleks, et luua ruumis m\u00e4rkamatu aktsent. Riiulid on valmistatud naturaalsest m\u00e4nnipuidust.","breadcrumb":{"@id":"https:\/\/www.folkland.lv\/et\/prece\/022-puidust-riiul-felix-6-natural\/#breadcrumb"},"inLanguage":"et","potentialAction":[{"@type":"ReadAction","target":["https:\/\/www.folkland.lv\/et\/prece\/022-puidust-riiul-felix-6-natural\/"]}]},{"@type":"ImageObject","inLanguage":"et","@id":"https:\/\/www.folkland.lv\/et\/prece\/022-puidust-riiul-felix-6-natural\/#primaryimage","url":"https:\/\/www.folkland.lv\/wp-content\/uploads\/2019\/01\/IMG_9910c-07208bfcb9086728beb081ea77cef7a8.jpg","contentUrl":"https:\/\/www.folkland.lv\/wp-content\/uploads\/2019\/01\/IMG_9910c-07208bfcb9086728beb081ea77cef7a8.jpg","width":1199,"height":800,"caption":"Naturaalsest m\u00e4nnipuidust riiulid"},{"@type":"BreadcrumbList","@id":"https:\/\/www.folkland.lv\/et\/prece\/022-puidust-riiul-felix-6-natural\/#breadcrumb","itemListElement":[{"@type":"ListItem","position":1,"name":"Algus","item":"https:\/\/www.folkland.lv\/et\/"},{"@type":"ListItem","position":2,"name":"Pood","item":"https:\/\/www.folkland.lv\/et\/pood\/"},{"@type":"ListItem","position":3,"name":"022 Puidust riiul &#8220;Felix 6&#8221; Natural"}]},{"@type":"WebSite","@id":"https:\/\/www.folkland.lv\/#website","url":"https:\/\/www.folkland.lv\/","name":"Folkland","description":"","potentialAction":[{"@type":"SearchAction","target":{"@type":"EntryPoint","urlTemplate":"https:\/\/www.folkland.lv\/?s={search_term_string}"},"query-input":"required name=search_term_string"}],"inLanguage":"et"}]}},"_links":{"self":[{"href":"https:\/\/www.folkland.lv\/et\/wp-json\/wp\/v2\/product\/40186"}],"collection":[{"href":"https:\/\/www.folkland.lv\/et\/wp-json\/wp\/v2\/product"}],"about":[{"href":"https:\/\/www.folkland.lv\/et\/wp-json\/wp\/v2\/types\/product"}],"version-history":[{"count":0,"href":"https:\/\/www.folkland.lv\/et\/wp-json\/wp\/v2\/product\/40186\/revisions"}],"wp:featuredmedia":[{"embeddable":true,"href":"https:\/\/www.folkland.lv\/et\/wp-json\/wp\/v2\/media\/40187"}],"wp:attachment":[{"href":"https:\/\/www.folkland.lv\/et\/wp-json\/wp\/v2\/media?parent=40186"}],"wp:term":[{"taxonomy":"product_cat","embeddable":true,"href":"https:\/\/www.folkland.lv\/et\/wp-json\/wp\/v2\/product_cat?post=40186"},{"taxonomy":"product_tag","embeddable":true,"href":"https:\/\/www.folkland.lv\/et\/wp-json\/wp\/v2\/product_tag?post=40186"}],"curies":[{"name":"wp","href":"https:\/\/api.w.org\/{rel}","templated":true}]}}