{"id":40173,"date":"2019-01-10T23:09:16","date_gmt":"2019-01-10T21:09:16","guid":{"rendered":"https:\/\/www.folkland.lv\/prece\/007-puidust-riiul-felix-3-valge\/"},"modified":"2019-01-10T23:09:16","modified_gmt":"2019-01-10T21:09:16","slug":"007-puidust-riiul-felix-3-valge","status":"publish","type":"product","link":"https:\/\/www.folkland.lv\/et\/prece\/007-puidust-riiul-felix-3-valge\/","title":{"rendered":"007 Puidust riiul &#8220;Felix 3&#8221; Valge"},"content":{"rendered":"<p>T\u00e4nap\u00e4eval on <strong>puidust riiulid<\/strong> sisekujunduse lahutamatu osa. Lisaks sellele, et riiulid v\u00f5imaldavad teil paigutust l\u00f5pule viia, kannavad nad ka funktsionaalset koormust.<\/p>\n<p><strong>Puidust riiulid<\/strong> on ostjate seas alati n\u00f5utud, kuna need sobivad igasse sisekujundusse. T\u00e4nap\u00e4eval on paljud inimesed oma elutoa kujunduses peened.<\/p>\n<p>T\u00e4nu sellele on erinevad <strong>puidust riiulid<\/strong> v\u00e4ga n\u00f5utud, sest sobivad elutuppa, vannituppa v\u00f5i sauna. Need on valmistatud puidust, millel on k\u00f5rge kvaliteet, vastupidavus ja suurep\u00e4rane j\u00f5udlus.<\/p>\n<ul style=\"list-style-type: disc;\">\n<li>Pikkus &#8211; 80 cm;<\/li>\n<li>Laius &#8211; 31 cm;<\/li>\n<li>k\u00f5rgus &#8211; 88 cm;<\/li>\n<li>riiulite vaheline kaugus \u2013 35,5 cm;<\/li>\n<li>Tarnitakse lahtiv\u00f5etuna, vaja kokku panna;<\/li>\n<li>Pakend \u2013 PVC-kile;<\/li>\n<li>Komplekt sisaldab kokkupanekujuhendit, kinnitusi ja kuusnurki kruvimiseks;<\/li>\n<li>EAN kood &#8211; 4751030921655<\/li>\n<li>Materjal \u2013 M\u00e4nimassiivi;<\/li>\n<\/ul>\n<p>Puidut\u00f6\u00f6tlus \u2013 Vivacolor Villa Akva (modifitseeritud, matt veebaasil v\u00e4rv puitpindadele v\u00e4lit\u00f6\u00f6del. V\u00e4rv loob pinna, mis t\u00f5rjub mustust ja vett. Villa Akva tagab suurep\u00e4rase varju ja l\u00e4ike s\u00e4ilivuse, Puit j\u00e4\u00e4b siidise mulje matt pind.);<\/p>\n<p>Toon \u2013 valge;<br \/>\n\u200b<\/p>\n","protected":false},"excerpt":{"rendered":"<h3>Puidust riiul Felix 3-tasandiline, valge.<\/h3>\n<ul style=\"list-style-type: circle;\">\n<li>Riiulite disain on spetsiaalselt kujundatud nii, et see asetaks ruumis silmapaistmatu aktsendi;<\/li>\n<li>Riiulid on valmistatud naturaalsest m\u00e4nnipuidust;<\/li>\n<li>Riiulid tarnitakse lahtiv\u00f5etuna;<\/li>\n<li>Riiuleid on lihtne kokku panna, nende kokkupanek ei v\u00f5ta palju aega;<\/li>\n<\/ul>\n","protected":false},"featured_media":9623,"template":"","meta":{"_acf_changed":false},"product_cat":[547,569,300,302],"product_tag":[],"acf":[],"yoast_head":"<!-- This site is optimized with the Yoast SEO plugin v23.0 - https:\/\/yoast.com\/wordpress\/plugins\/seo\/ -->\n<title>007 Puidust riiul &quot;Felix 3&quot; Valge - Folkland<\/title>\n<meta name=\"description\" content=\"Puidust riiulid on valmistatud naturaalsest m\u00e4nnipuidust. Puidust riiulite disain on spetsiaalselt loodud selleks, et luua ruumis m\u00e4rkamatu aktsent. Kiire kohaletoomine.\" \/>\n<meta name=\"robots\" content=\"index, follow, max-snippet:-1, max-image-preview:large, max-video-preview:-1\" \/>\n<link rel=\"canonical\" href=\"https:\/\/www.folkland.lv\/et\/prece\/007-puidust-riiul-felix-3-valge\/\" \/>\n<meta property=\"og:locale\" content=\"et_EE\" \/>\n<meta property=\"og:type\" content=\"article\" \/>\n<meta property=\"og:title\" content=\"007 Puidust riiul &quot;Felix 3&quot; Valge - Folkland\" \/>\n<meta property=\"og:description\" content=\"Puidust riiulid on valmistatud naturaalsest m\u00e4nnipuidust. Puidust riiulite disain on spetsiaalselt loodud selleks, et luua ruumis m\u00e4rkamatu aktsent. Kiire kohaletoomine.\" \/>\n<meta property=\"og:url\" content=\"https:\/\/www.folkland.lv\/et\/prece\/007-puidust-riiul-felix-3-valge\/\" \/>\n<meta property=\"og:site_name\" content=\"Folkland\" \/>\n<meta property=\"og:image\" content=\"https:\/\/www.folkland.lv\/wp-content\/uploads\/2019\/01\/2-3.jpg\" \/>\n\t<meta property=\"og:image:width\" content=\"1100\" \/>\n\t<meta property=\"og:image:height\" content=\"1100\" \/>\n\t<meta property=\"og:image:type\" content=\"image\/jpeg\" \/>\n<meta name=\"twitter:card\" content=\"summary_large_image\" \/>\n<meta name=\"twitter:label1\" content=\"Est. reading time\" \/>\n\t<meta name=\"twitter:data1\" content=\"1 minut\" \/>\n<script type=\"application\/ld+json\" class=\"yoast-schema-graph\">{\"@context\":\"https:\/\/schema.org\",\"@graph\":[{\"@type\":\"WebPage\",\"@id\":\"https:\/\/www.folkland.lv\/et\/prece\/007-puidust-riiul-felix-3-valge\/\",\"url\":\"https:\/\/www.folkland.lv\/et\/prece\/007-puidust-riiul-felix-3-valge\/\",\"name\":\"007 Puidust riiul \\\"Felix 3\\\" Valge - Folkland\",\"isPartOf\":{\"@id\":\"https:\/\/www.folkland.lv\/#website\"},\"primaryImageOfPage\":{\"@id\":\"https:\/\/www.folkland.lv\/et\/prece\/007-puidust-riiul-felix-3-valge\/#primaryimage\"},\"image\":{\"@id\":\"https:\/\/www.folkland.lv\/et\/prece\/007-puidust-riiul-felix-3-valge\/#primaryimage\"},\"thumbnailUrl\":\"https:\/\/www.folkland.lv\/wp-content\/uploads\/2019\/01\/2-3.jpg\",\"datePublished\":\"2019-01-10T21:09:16+00:00\",\"dateModified\":\"2019-01-10T21:09:16+00:00\",\"description\":\"Puidust riiulid on valmistatud naturaalsest m\u00e4nnipuidust. Puidust riiulite disain on spetsiaalselt loodud selleks, et luua ruumis m\u00e4rkamatu aktsent. Kiire kohaletoomine.\",\"breadcrumb\":{\"@id\":\"https:\/\/www.folkland.lv\/et\/prece\/007-puidust-riiul-felix-3-valge\/#breadcrumb\"},\"inLanguage\":\"et\",\"potentialAction\":[{\"@type\":\"ReadAction\",\"target\":[\"https:\/\/www.folkland.lv\/et\/prece\/007-puidust-riiul-felix-3-valge\/\"]}]},{\"@type\":\"ImageObject\",\"inLanguage\":\"et\",\"@id\":\"https:\/\/www.folkland.lv\/et\/prece\/007-puidust-riiul-felix-3-valge\/#primaryimage\",\"url\":\"https:\/\/www.folkland.lv\/wp-content\/uploads\/2019\/01\/2-3.jpg\",\"contentUrl\":\"https:\/\/www.folkland.lv\/wp-content\/uploads\/2019\/01\/2-3.jpg\",\"width\":1100,\"height\":1100,\"caption\":\"Puidust riiulid teie koju\"},{\"@type\":\"BreadcrumbList\",\"@id\":\"https:\/\/www.folkland.lv\/et\/prece\/007-puidust-riiul-felix-3-valge\/#breadcrumb\",\"itemListElement\":[{\"@type\":\"ListItem\",\"position\":1,\"name\":\"Algus\",\"item\":\"https:\/\/www.folkland.lv\/et\/\"},{\"@type\":\"ListItem\",\"position\":2,\"name\":\"Pood\",\"item\":\"https:\/\/www.folkland.lv\/et\/pood\/\"},{\"@type\":\"ListItem\",\"position\":3,\"name\":\"007 Puidust riiul &#8220;Felix 3&#8221; Valge\"}]},{\"@type\":\"WebSite\",\"@id\":\"https:\/\/www.folkland.lv\/#website\",\"url\":\"https:\/\/www.folkland.lv\/\",\"name\":\"Folkland\",\"description\":\"\",\"potentialAction\":[{\"@type\":\"SearchAction\",\"target\":{\"@type\":\"EntryPoint\",\"urlTemplate\":\"https:\/\/www.folkland.lv\/?s={search_term_string}\"},\"query-input\":\"required name=search_term_string\"}],\"inLanguage\":\"et\"}]}<\/script>\n<!-- \/ Yoast SEO plugin. -->","yoast_head_json":{"title":"007 Puidust riiul \"Felix 3\" Valge - Folkland","description":"Puidust riiulid on valmistatud naturaalsest m\u00e4nnipuidust. Puidust riiulite disain on spetsiaalselt loodud selleks, et luua ruumis m\u00e4rkamatu aktsent. Kiire kohaletoomine.","robots":{"index":"index","follow":"follow","max-snippet":"max-snippet:-1","max-image-preview":"max-image-preview:large","max-video-preview":"max-video-preview:-1"},"canonical":"https:\/\/www.folkland.lv\/et\/prece\/007-puidust-riiul-felix-3-valge\/","og_locale":"et_EE","og_type":"article","og_title":"007 Puidust riiul \"Felix 3\" Valge - Folkland","og_description":"Puidust riiulid on valmistatud naturaalsest m\u00e4nnipuidust. Puidust riiulite disain on spetsiaalselt loodud selleks, et luua ruumis m\u00e4rkamatu aktsent. Kiire kohaletoomine.","og_url":"https:\/\/www.folkland.lv\/et\/prece\/007-puidust-riiul-felix-3-valge\/","og_site_name":"Folkland","og_image":[{"width":1100,"height":1100,"url":"https:\/\/www.folkland.lv\/wp-content\/uploads\/2019\/01\/2-3.jpg","type":"image\/jpeg"}],"twitter_card":"summary_large_image","twitter_misc":{"Est. reading time":"1 minut"},"schema":{"@context":"https:\/\/schema.org","@graph":[{"@type":"WebPage","@id":"https:\/\/www.folkland.lv\/et\/prece\/007-puidust-riiul-felix-3-valge\/","url":"https:\/\/www.folkland.lv\/et\/prece\/007-puidust-riiul-felix-3-valge\/","name":"007 Puidust riiul \"Felix 3\" Valge - Folkland","isPartOf":{"@id":"https:\/\/www.folkland.lv\/#website"},"primaryImageOfPage":{"@id":"https:\/\/www.folkland.lv\/et\/prece\/007-puidust-riiul-felix-3-valge\/#primaryimage"},"image":{"@id":"https:\/\/www.folkland.lv\/et\/prece\/007-puidust-riiul-felix-3-valge\/#primaryimage"},"thumbnailUrl":"https:\/\/www.folkland.lv\/wp-content\/uploads\/2019\/01\/2-3.jpg","datePublished":"2019-01-10T21:09:16+00:00","dateModified":"2019-01-10T21:09:16+00:00","description":"Puidust riiulid on valmistatud naturaalsest m\u00e4nnipuidust. Puidust riiulite disain on spetsiaalselt loodud selleks, et luua ruumis m\u00e4rkamatu aktsent. Kiire kohaletoomine.","breadcrumb":{"@id":"https:\/\/www.folkland.lv\/et\/prece\/007-puidust-riiul-felix-3-valge\/#breadcrumb"},"inLanguage":"et","potentialAction":[{"@type":"ReadAction","target":["https:\/\/www.folkland.lv\/et\/prece\/007-puidust-riiul-felix-3-valge\/"]}]},{"@type":"ImageObject","inLanguage":"et","@id":"https:\/\/www.folkland.lv\/et\/prece\/007-puidust-riiul-felix-3-valge\/#primaryimage","url":"https:\/\/www.folkland.lv\/wp-content\/uploads\/2019\/01\/2-3.jpg","contentUrl":"https:\/\/www.folkland.lv\/wp-content\/uploads\/2019\/01\/2-3.jpg","width":1100,"height":1100,"caption":"Puidust riiulid teie koju"},{"@type":"BreadcrumbList","@id":"https:\/\/www.folkland.lv\/et\/prece\/007-puidust-riiul-felix-3-valge\/#breadcrumb","itemListElement":[{"@type":"ListItem","position":1,"name":"Algus","item":"https:\/\/www.folkland.lv\/et\/"},{"@type":"ListItem","position":2,"name":"Pood","item":"https:\/\/www.folkland.lv\/et\/pood\/"},{"@type":"ListItem","position":3,"name":"007 Puidust riiul &#8220;Felix 3&#8221; Valge"}]},{"@type":"WebSite","@id":"https:\/\/www.folkland.lv\/#website","url":"https:\/\/www.folkland.lv\/","name":"Folkland","description":"","potentialAction":[{"@type":"SearchAction","target":{"@type":"EntryPoint","urlTemplate":"https:\/\/www.folkland.lv\/?s={search_term_string}"},"query-input":"required name=search_term_string"}],"inLanguage":"et"}]}},"_links":{"self":[{"href":"https:\/\/www.folkland.lv\/et\/wp-json\/wp\/v2\/product\/40173"}],"collection":[{"href":"https:\/\/www.folkland.lv\/et\/wp-json\/wp\/v2\/product"}],"about":[{"href":"https:\/\/www.folkland.lv\/et\/wp-json\/wp\/v2\/types\/product"}],"version-history":[{"count":0,"href":"https:\/\/www.folkland.lv\/et\/wp-json\/wp\/v2\/product\/40173\/revisions"}],"wp:featuredmedia":[{"embeddable":true,"href":"https:\/\/www.folkland.lv\/et\/wp-json\/wp\/v2\/media\/9623"}],"wp:attachment":[{"href":"https:\/\/www.folkland.lv\/et\/wp-json\/wp\/v2\/media?parent=40173"}],"wp:term":[{"taxonomy":"product_cat","embeddable":true,"href":"https:\/\/www.folkland.lv\/et\/wp-json\/wp\/v2\/product_cat?post=40173"},{"taxonomy":"product_tag","embeddable":true,"href":"https:\/\/www.folkland.lv\/et\/wp-json\/wp\/v2\/product_tag?post=40173"}],"curies":[{"name":"wp","href":"https:\/\/api.w.org\/{rel}","templated":true}]}}