{"id":40015,"date":"2023-10-31T09:56:06","date_gmt":"2023-10-31T07:56:09","guid":{"rendered":"https:\/\/www.folkland.lv\/?post_type=product&#038;p=40015"},"modified":"2023-10-31T10:15:51","modified_gmt":"2023-10-31T08:15:51","slug":"422-laste-voodi-naomi-80cm-100cm-x-180cm-grafiit","status":"publish","type":"product","link":"https:\/\/www.folkland.lv\/et\/prece\/422-laste-voodi-naomi-80cm-100cm-x-180cm-grafiit\/","title":{"rendered":"422 Laste voodi &#8220;Naomi&#8221; 80cm &#8211; 100cm x 180cm, grafiit"},"content":{"rendered":"<h3><strong>Voodi m\u00f5\u00f5tmed:<\/strong><\/h3>\n<ul>\n<li>Laius &#8211; 110cm<\/li>\n<li>Pikkus &#8211; 2100cm<\/li>\n<li>K\u00f5rgus &#8211; 75cm<\/li>\n<li>Kaasa arvatud madratsi tugilauad;<\/li>\n<li>Komplektis on furnituurid ja kokkupaneku juhised;<\/li>\n<li>See toode n\u00f5uab kokkupanekut;<\/li>\n<li>Tarnitakse lahtiv\u00f5etuna (pakend, pappkast, PVC-kile).<\/li>\n<li>Materjal &#8211; m\u00e4nd;<\/li>\n<li>Viimistlus &#8211; Grafiit;<\/li>\n<\/ul>\n<p>Hind ei sisalda &#8211; Voodipesu, samuti muud sisustustarvikud.<\/p>\n<p>Tootmine ja tarne 1-2 n\u00e4dalat, kui ei ole laos;<\/p>\n","protected":false},"excerpt":{"rendered":"<h3>Laste puidust voodi pesukastiga naturaalsest m\u00e4nnipuidust, grafiit.<\/h3>\n<ul style=\"list-style-type: circle;\">\n<li>L\u00e4tis valmistatud t\u00e4ispuidust peenar, L\u00e4ti m\u00e4nnist;<\/li>\n<li>Klassikalised h\u00e4llid on suurep\u00e4rane lahendus kaasaegsesse lastetuppa;<\/li>\n<li>Voodi disain on v\u00e4ga kerge ja lihtne, seet\u00f5ttu sobib see h\u00e4sti nii klassikalises interj\u00f6\u00f6ris kui ka maa- ja puhkemajades, telkimisplatsidel.<\/li>\n<li>Valmistatud t\u00e4ispuidust, mis on vastupidav, soe ja looduslik materjal.<\/li>\n<\/ul>\n","protected":false},"featured_media":40031,"template":"","meta":{"_acf_changed":false},"product_cat":[537,279,281],"product_tag":[],"acf":[],"yoast_head":"<!-- This site is optimized with the Yoast SEO plugin v23.0 - https:\/\/yoast.com\/wordpress\/plugins\/seo\/ -->\n<title>422 Laste voodi &quot;Naomi&quot; 80cm - 100cm x 180cm, grafiit - Folkland<\/title>\n<meta name=\"description\" content=\"L\u00e4tis valmistatud m\u00e4nni massiivist pesukastiga lastevoodi. Klassikalise disainiga m\u00e4nnipuidust v\u00f5revoodi teie lapsele. Kiire tarne, parim hind.\" \/>\n<meta name=\"robots\" content=\"index, follow, max-snippet:-1, max-image-preview:large, max-video-preview:-1\" \/>\n<link rel=\"canonical\" href=\"https:\/\/www.folkland.lv\/et\/prece\/422-laste-voodi-naomi-80cm-100cm-x-180cm-grafiit\/\" \/>\n<meta property=\"og:locale\" content=\"et_EE\" \/>\n<meta property=\"og:type\" content=\"article\" \/>\n<meta property=\"og:title\" content=\"422 Laste voodi &quot;Naomi&quot; 80cm - 100cm x 180cm, grafiit - Folkland\" \/>\n<meta property=\"og:description\" content=\"L\u00e4tis valmistatud m\u00e4nni massiivist pesukastiga lastevoodi. Klassikalise disainiga m\u00e4nnipuidust v\u00f5revoodi teie lapsele. Kiire tarne, parim hind.\" \/>\n<meta property=\"og:url\" content=\"https:\/\/www.folkland.lv\/et\/prece\/422-laste-voodi-naomi-80cm-100cm-x-180cm-grafiit\/\" \/>\n<meta property=\"og:site_name\" content=\"Folkland\" \/>\n<meta property=\"article:modified_time\" content=\"2023-10-31T08:15:51+00:00\" \/>\n<meta property=\"og:image\" content=\"https:\/\/www.folkland.lv\/wp-content\/uploads\/2023\/10\/Bernu-gulta-Minna_Grafits_Folkland_1.jpg\" \/>\n\t<meta property=\"og:image:width\" content=\"564\" \/>\n\t<meta property=\"og:image:height\" content=\"564\" \/>\n\t<meta property=\"og:image:type\" content=\"image\/jpeg\" \/>\n<meta name=\"twitter:card\" content=\"summary_large_image\" \/>\n<meta name=\"twitter:label1\" content=\"Est. reading time\" \/>\n\t<meta name=\"twitter:data1\" content=\"1 minut\" \/>\n<script type=\"application\/ld+json\" class=\"yoast-schema-graph\">{\"@context\":\"https:\/\/schema.org\",\"@graph\":[{\"@type\":\"WebPage\",\"@id\":\"https:\/\/www.folkland.lv\/et\/prece\/422-laste-voodi-naomi-80cm-100cm-x-180cm-grafiit\/\",\"url\":\"https:\/\/www.folkland.lv\/et\/prece\/422-laste-voodi-naomi-80cm-100cm-x-180cm-grafiit\/\",\"name\":\"422 Laste voodi \\\"Naomi\\\" 80cm - 100cm x 180cm, grafiit - Folkland\",\"isPartOf\":{\"@id\":\"https:\/\/www.folkland.lv\/#website\"},\"primaryImageOfPage\":{\"@id\":\"https:\/\/www.folkland.lv\/et\/prece\/422-laste-voodi-naomi-80cm-100cm-x-180cm-grafiit\/#primaryimage\"},\"image\":{\"@id\":\"https:\/\/www.folkland.lv\/et\/prece\/422-laste-voodi-naomi-80cm-100cm-x-180cm-grafiit\/#primaryimage\"},\"thumbnailUrl\":\"https:\/\/www.folkland.lv\/wp-content\/uploads\/2023\/10\/Bernu-gulta-Minna_Grafits_Folkland_1.jpg\",\"datePublished\":\"2023-10-31T07:56:09+00:00\",\"dateModified\":\"2023-10-31T08:15:51+00:00\",\"description\":\"L\u00e4tis valmistatud m\u00e4nni massiivist pesukastiga lastevoodi. Klassikalise disainiga m\u00e4nnipuidust v\u00f5revoodi teie lapsele. Kiire tarne, parim hind.\",\"breadcrumb\":{\"@id\":\"https:\/\/www.folkland.lv\/et\/prece\/422-laste-voodi-naomi-80cm-100cm-x-180cm-grafiit\/#breadcrumb\"},\"inLanguage\":\"et\",\"potentialAction\":[{\"@type\":\"ReadAction\",\"target\":[\"https:\/\/www.folkland.lv\/et\/prece\/422-laste-voodi-naomi-80cm-100cm-x-180cm-grafiit\/\"]}]},{\"@type\":\"ImageObject\",\"inLanguage\":\"et\",\"@id\":\"https:\/\/www.folkland.lv\/et\/prece\/422-laste-voodi-naomi-80cm-100cm-x-180cm-grafiit\/#primaryimage\",\"url\":\"https:\/\/www.folkland.lv\/wp-content\/uploads\/2023\/10\/Bernu-gulta-Minna_Grafits_Folkland_1.jpg\",\"contentUrl\":\"https:\/\/www.folkland.lv\/wp-content\/uploads\/2023\/10\/Bernu-gulta-Minna_Grafits_Folkland_1.jpg\",\"width\":564,\"height\":564,\"caption\":\"Laste voodi grafiit\"},{\"@type\":\"BreadcrumbList\",\"@id\":\"https:\/\/www.folkland.lv\/et\/prece\/422-laste-voodi-naomi-80cm-100cm-x-180cm-grafiit\/#breadcrumb\",\"itemListElement\":[{\"@type\":\"ListItem\",\"position\":1,\"name\":\"Algus\",\"item\":\"https:\/\/www.folkland.lv\/et\/\"},{\"@type\":\"ListItem\",\"position\":2,\"name\":\"Pood\",\"item\":\"https:\/\/www.folkland.lv\/et\/pood\/\"},{\"@type\":\"ListItem\",\"position\":3,\"name\":\"422 Laste voodi &#8220;Naomi&#8221; 80cm &#8211; 100cm x 180cm, grafiit\"}]},{\"@type\":\"WebSite\",\"@id\":\"https:\/\/www.folkland.lv\/#website\",\"url\":\"https:\/\/www.folkland.lv\/\",\"name\":\"Folkland\",\"description\":\"\",\"potentialAction\":[{\"@type\":\"SearchAction\",\"target\":{\"@type\":\"EntryPoint\",\"urlTemplate\":\"https:\/\/www.folkland.lv\/?s={search_term_string}\"},\"query-input\":\"required name=search_term_string\"}],\"inLanguage\":\"et\"}]}<\/script>\n<!-- \/ Yoast SEO plugin. -->","yoast_head_json":{"title":"422 Laste voodi \"Naomi\" 80cm - 100cm x 180cm, grafiit - Folkland","description":"L\u00e4tis valmistatud m\u00e4nni massiivist pesukastiga lastevoodi. Klassikalise disainiga m\u00e4nnipuidust v\u00f5revoodi teie lapsele. Kiire tarne, parim hind.","robots":{"index":"index","follow":"follow","max-snippet":"max-snippet:-1","max-image-preview":"max-image-preview:large","max-video-preview":"max-video-preview:-1"},"canonical":"https:\/\/www.folkland.lv\/et\/prece\/422-laste-voodi-naomi-80cm-100cm-x-180cm-grafiit\/","og_locale":"et_EE","og_type":"article","og_title":"422 Laste voodi \"Naomi\" 80cm - 100cm x 180cm, grafiit - Folkland","og_description":"L\u00e4tis valmistatud m\u00e4nni massiivist pesukastiga lastevoodi. Klassikalise disainiga m\u00e4nnipuidust v\u00f5revoodi teie lapsele. Kiire tarne, parim hind.","og_url":"https:\/\/www.folkland.lv\/et\/prece\/422-laste-voodi-naomi-80cm-100cm-x-180cm-grafiit\/","og_site_name":"Folkland","article_modified_time":"2023-10-31T08:15:51+00:00","og_image":[{"width":564,"height":564,"url":"https:\/\/www.folkland.lv\/wp-content\/uploads\/2023\/10\/Bernu-gulta-Minna_Grafits_Folkland_1.jpg","type":"image\/jpeg"}],"twitter_card":"summary_large_image","twitter_misc":{"Est. reading time":"1 minut"},"schema":{"@context":"https:\/\/schema.org","@graph":[{"@type":"WebPage","@id":"https:\/\/www.folkland.lv\/et\/prece\/422-laste-voodi-naomi-80cm-100cm-x-180cm-grafiit\/","url":"https:\/\/www.folkland.lv\/et\/prece\/422-laste-voodi-naomi-80cm-100cm-x-180cm-grafiit\/","name":"422 Laste voodi \"Naomi\" 80cm - 100cm x 180cm, grafiit - Folkland","isPartOf":{"@id":"https:\/\/www.folkland.lv\/#website"},"primaryImageOfPage":{"@id":"https:\/\/www.folkland.lv\/et\/prece\/422-laste-voodi-naomi-80cm-100cm-x-180cm-grafiit\/#primaryimage"},"image":{"@id":"https:\/\/www.folkland.lv\/et\/prece\/422-laste-voodi-naomi-80cm-100cm-x-180cm-grafiit\/#primaryimage"},"thumbnailUrl":"https:\/\/www.folkland.lv\/wp-content\/uploads\/2023\/10\/Bernu-gulta-Minna_Grafits_Folkland_1.jpg","datePublished":"2023-10-31T07:56:09+00:00","dateModified":"2023-10-31T08:15:51+00:00","description":"L\u00e4tis valmistatud m\u00e4nni massiivist pesukastiga lastevoodi. Klassikalise disainiga m\u00e4nnipuidust v\u00f5revoodi teie lapsele. Kiire tarne, parim hind.","breadcrumb":{"@id":"https:\/\/www.folkland.lv\/et\/prece\/422-laste-voodi-naomi-80cm-100cm-x-180cm-grafiit\/#breadcrumb"},"inLanguage":"et","potentialAction":[{"@type":"ReadAction","target":["https:\/\/www.folkland.lv\/et\/prece\/422-laste-voodi-naomi-80cm-100cm-x-180cm-grafiit\/"]}]},{"@type":"ImageObject","inLanguage":"et","@id":"https:\/\/www.folkland.lv\/et\/prece\/422-laste-voodi-naomi-80cm-100cm-x-180cm-grafiit\/#primaryimage","url":"https:\/\/www.folkland.lv\/wp-content\/uploads\/2023\/10\/Bernu-gulta-Minna_Grafits_Folkland_1.jpg","contentUrl":"https:\/\/www.folkland.lv\/wp-content\/uploads\/2023\/10\/Bernu-gulta-Minna_Grafits_Folkland_1.jpg","width":564,"height":564,"caption":"Laste voodi grafiit"},{"@type":"BreadcrumbList","@id":"https:\/\/www.folkland.lv\/et\/prece\/422-laste-voodi-naomi-80cm-100cm-x-180cm-grafiit\/#breadcrumb","itemListElement":[{"@type":"ListItem","position":1,"name":"Algus","item":"https:\/\/www.folkland.lv\/et\/"},{"@type":"ListItem","position":2,"name":"Pood","item":"https:\/\/www.folkland.lv\/et\/pood\/"},{"@type":"ListItem","position":3,"name":"422 Laste voodi &#8220;Naomi&#8221; 80cm &#8211; 100cm x 180cm, grafiit"}]},{"@type":"WebSite","@id":"https:\/\/www.folkland.lv\/#website","url":"https:\/\/www.folkland.lv\/","name":"Folkland","description":"","potentialAction":[{"@type":"SearchAction","target":{"@type":"EntryPoint","urlTemplate":"https:\/\/www.folkland.lv\/?s={search_term_string}"},"query-input":"required name=search_term_string"}],"inLanguage":"et"}]}},"_links":{"self":[{"href":"https:\/\/www.folkland.lv\/et\/wp-json\/wp\/v2\/product\/40015"}],"collection":[{"href":"https:\/\/www.folkland.lv\/et\/wp-json\/wp\/v2\/product"}],"about":[{"href":"https:\/\/www.folkland.lv\/et\/wp-json\/wp\/v2\/types\/product"}],"version-history":[{"count":1,"href":"https:\/\/www.folkland.lv\/et\/wp-json\/wp\/v2\/product\/40015\/revisions"}],"predecessor-version":[{"id":40059,"href":"https:\/\/www.folkland.lv\/et\/wp-json\/wp\/v2\/product\/40015\/revisions\/40059"}],"wp:featuredmedia":[{"embeddable":true,"href":"https:\/\/www.folkland.lv\/et\/wp-json\/wp\/v2\/media\/40031"}],"wp:attachment":[{"href":"https:\/\/www.folkland.lv\/et\/wp-json\/wp\/v2\/media?parent=40015"}],"wp:term":[{"taxonomy":"product_cat","embeddable":true,"href":"https:\/\/www.folkland.lv\/et\/wp-json\/wp\/v2\/product_cat?post=40015"},{"taxonomy":"product_tag","embeddable":true,"href":"https:\/\/www.folkland.lv\/et\/wp-json\/wp\/v2\/product_tag?post=40015"}],"curies":[{"name":"wp","href":"https:\/\/api.w.org\/{rel}","templated":true}]}}