{"id":38585,"date":"2023-10-04T14:08:29","date_gmt":"2023-10-04T11:08:31","guid":{"rendered":"https:\/\/www.folkland.lv\/?post_type=product&#038;p=38585"},"modified":"2023-10-05T09:35:23","modified_gmt":"2023-10-05T06:35:23","slug":"kahne-puidust-voodi-verona-plus-140-200x200cm-valge","status":"publish","type":"product","link":"https:\/\/www.folkland.lv\/et\/prece\/kahne-puidust-voodi-verona-plus-140-200x200cm-valge\/","title":{"rendered":"Kahene puidust voodi, Verona Plus, 140-200x200cm, valge"},"content":{"rendered":"<p><strong>N\u00e4pun\u00e4iteid voodi valimiseks:<\/strong><\/p>\n<ul>\n<li>Voodi tuleks valida v\u00e4ga hoolikalt, sest sellest s\u00f5ltub sinu une kvaliteet;<\/li>\n<li>Kaheinimesevoodid 180&#215;200 cm loetakse standardseks. Suuruste valikul tuleks aga ennek\u00f5ike arvestada enda v\u00f5i partneri pikkust, mille varu ei tohi olla v\u00e4iksem kui 10-15 sentimeetrit.<\/li>\n<li>Kaheinimesevoodite klassikalised vormid \u2013 ristk\u00fclikukujulised ja kandilised. Need sobivad kergesti interj\u00f6\u00f6ri ja leiate neile h\u00f5lpsalt madratsi. Samuti on ovaalseid, \u00fcmaraid, kaarekujulisi ja muid kujundeid. Kuid sel juhul peate lahendama terve rea probleeme, mis on seotud ruumide funktsionaalsuse, mittestandardsete madratsite ja eritellimusel valmistatud voodipesuga;<\/li>\n<li>Seljata voodit tasub vaadata, kui see seisab seinale v\u00e4ga l\u00e4hedal. Siis on kasulik sein viimistleda m\u00f5ne pehme ja praktilise materjaliga, kuid see n\u00f5uab lisapingutusi;<\/li>\n<li>Palju lihtsam on paigutada voodi seljatoega, mis loob f\u00fc\u00fcsilise ja ps\u00fchholoogilise mugavustunde, kaitse. Lisaks meeldib paljudele voodis olles raamatuid lugeda v\u00f5i televiisorit vaadata, mis h\u00f5lmab poolistuvas asendis. Sel juhul t\u00f6\u00f6tab k\u00f5ige paremini k\u00f5rge pidev seljatugi.<\/li>\n<\/ul>\n<p><strong>Spetsifikatsioon:<\/strong><\/p>\n<ul style=\"list-style-type: disc;\">\n<li>Laius &#8211; 140cm &#8211; 200cm<\/li>\n<li>Pikkus &#8211; 200 cm<\/li>\n<li>K\u00f5rgus &#8211; 38 cm (madratsini)<\/li>\n<li>Seljatoe k\u00f5rgus &#8211; 92cm;<\/li>\n<li>Materjal &#8211; m\u00e4nni massiiv;<\/li>\n<li>T\u00f6\u00f6tlemine &#8211; Viva v\u00e4rv;<\/li>\n<li>V\u00e4rvus &#8211; valge, vt puidu struktuur;<\/li>\n<li>Komplekti kuulub: voodi, madratsi tugiliistud, lisaks 5. tugijalg;<\/li>\n<li>Kaasas riistvara ja montaa\u017eijuhised;<\/li>\n<li>See toode vajab kokkupanekut;<\/li>\n<li>Tarnitakse lahtiv\u00f5etuna (pakend, pappkarp, PVC kile)<\/li>\n<li>Tootmine ja tarne 1-2 n\u00e4dalat;<\/li>\n<\/ul>\n<p>Hind ei sisalda &#8211; Madrats, pesukast, voodipesu, samuti muud tarvikud.<\/p>\n","protected":false},"excerpt":{"rendered":"<p><strong>Kaheinimesevoodi t\u00e4ispuidust seljatoega, 140-200x200cm, valge<\/strong><\/p>\n<ul style=\"list-style-type: circle;\">\n<li>L\u00e4tis valmistatud t\u00e4ispuidust peenar, L\u00e4ti m\u00e4nnist;<\/li>\n<li>Seljatoega voodi, mis loob lisamugavust poolistuvas asendis voodis olles raamatuid lugedes v\u00f5i telekat vaadates.<\/li>\n<li>Komplekti kuulub: voodi, madratsi tugiliistud, lisaks 5. tugijalg;<\/li>\n<li>Voodi disain on v\u00e4ga kerge ja lihtne, seet\u00f5ttu sobib see h\u00e4sti nii klassikalises interj\u00f6\u00f6ris kui ka maa- ja puhkemajades, telkimisplatsidel.<\/li>\n<\/ul>\n","protected":false},"featured_media":38605,"template":"","meta":{"_acf_changed":false},"product_cat":[537,294,299,295],"product_tag":[],"acf":[],"yoast_head":"<!-- This site is optimized with the Yoast SEO plugin v23.0 - https:\/\/yoast.com\/wordpress\/plugins\/seo\/ -->\n<title>Kahene puidust voodi, Verona Plus, 140-200x200cm, valge - Folkland<\/title>\n<meta name=\"description\" content=\"Kaheinimesevoodi disain on v\u00e4ga kerge ja lihtne, seet\u00f5ttu sobib see h\u00e4sti nii klassikalises interj\u00f6\u00f6ris kui ka puhkemajades ja k\u00e4mpingutes.\" \/>\n<meta name=\"robots\" content=\"index, follow, max-snippet:-1, max-image-preview:large, max-video-preview:-1\" \/>\n<link rel=\"canonical\" href=\"https:\/\/www.folkland.lv\/et\/prece\/kahne-puidust-voodi-verona-plus-140-200x200cm-valge\/\" \/>\n<meta property=\"og:locale\" content=\"et_EE\" \/>\n<meta property=\"og:type\" content=\"article\" \/>\n<meta property=\"og:title\" content=\"Kahene puidust voodi, Verona Plus, 140-200x200cm, valge - Folkland\" \/>\n<meta property=\"og:description\" content=\"Kaheinimesevoodi disain on v\u00e4ga kerge ja lihtne, seet\u00f5ttu sobib see h\u00e4sti nii klassikalises interj\u00f6\u00f6ris kui ka puhkemajades ja k\u00e4mpingutes.\" \/>\n<meta property=\"og:url\" content=\"https:\/\/www.folkland.lv\/et\/prece\/kahne-puidust-voodi-verona-plus-140-200x200cm-valge\/\" \/>\n<meta property=\"og:site_name\" content=\"Folkland\" \/>\n<meta property=\"article:modified_time\" content=\"2023-10-05T06:35:23+00:00\" \/>\n<meta property=\"og:image\" content=\"https:\/\/www.folkland.lv\/wp-content\/uploads\/2023\/10\/IMG_8507balts.jpg\" \/>\n\t<meta property=\"og:image:width\" content=\"1650\" \/>\n\t<meta property=\"og:image:height\" content=\"1100\" \/>\n\t<meta property=\"og:image:type\" content=\"image\/jpeg\" \/>\n<meta name=\"twitter:card\" content=\"summary_large_image\" \/>\n<meta name=\"twitter:label1\" content=\"Est. reading time\" \/>\n\t<meta name=\"twitter:data1\" content=\"1 minut\" \/>\n<script type=\"application\/ld+json\" class=\"yoast-schema-graph\">{\"@context\":\"https:\/\/schema.org\",\"@graph\":[{\"@type\":\"WebPage\",\"@id\":\"https:\/\/www.folkland.lv\/et\/prece\/kahne-puidust-voodi-verona-plus-140-200x200cm-valge\/\",\"url\":\"https:\/\/www.folkland.lv\/et\/prece\/kahne-puidust-voodi-verona-plus-140-200x200cm-valge\/\",\"name\":\"Kahene puidust voodi, Verona Plus, 140-200x200cm, valge - Folkland\",\"isPartOf\":{\"@id\":\"https:\/\/www.folkland.lv\/#website\"},\"primaryImageOfPage\":{\"@id\":\"https:\/\/www.folkland.lv\/et\/prece\/kahne-puidust-voodi-verona-plus-140-200x200cm-valge\/#primaryimage\"},\"image\":{\"@id\":\"https:\/\/www.folkland.lv\/et\/prece\/kahne-puidust-voodi-verona-plus-140-200x200cm-valge\/#primaryimage\"},\"thumbnailUrl\":\"https:\/\/www.folkland.lv\/wp-content\/uploads\/2023\/10\/IMG_8507balts.jpg\",\"datePublished\":\"2023-10-04T11:08:31+00:00\",\"dateModified\":\"2023-10-05T06:35:23+00:00\",\"description\":\"Kaheinimesevoodi disain on v\u00e4ga kerge ja lihtne, seet\u00f5ttu sobib see h\u00e4sti nii klassikalises interj\u00f6\u00f6ris kui ka puhkemajades ja k\u00e4mpingutes.\",\"breadcrumb\":{\"@id\":\"https:\/\/www.folkland.lv\/et\/prece\/kahne-puidust-voodi-verona-plus-140-200x200cm-valge\/#breadcrumb\"},\"inLanguage\":\"et\",\"potentialAction\":[{\"@type\":\"ReadAction\",\"target\":[\"https:\/\/www.folkland.lv\/et\/prece\/kahne-puidust-voodi-verona-plus-140-200x200cm-valge\/\"]}]},{\"@type\":\"ImageObject\",\"inLanguage\":\"et\",\"@id\":\"https:\/\/www.folkland.lv\/et\/prece\/kahne-puidust-voodi-verona-plus-140-200x200cm-valge\/#primaryimage\",\"url\":\"https:\/\/www.folkland.lv\/wp-content\/uploads\/2023\/10\/IMG_8507balts.jpg\",\"contentUrl\":\"https:\/\/www.folkland.lv\/wp-content\/uploads\/2023\/10\/IMG_8507balts.jpg\",\"width\":1650,\"height\":1100,\"caption\":\"Kaheinimesevoodi seljatoega\"},{\"@type\":\"BreadcrumbList\",\"@id\":\"https:\/\/www.folkland.lv\/et\/prece\/kahne-puidust-voodi-verona-plus-140-200x200cm-valge\/#breadcrumb\",\"itemListElement\":[{\"@type\":\"ListItem\",\"position\":1,\"name\":\"Algus\",\"item\":\"https:\/\/www.folkland.lv\/et\/\"},{\"@type\":\"ListItem\",\"position\":2,\"name\":\"Pood\",\"item\":\"https:\/\/www.folkland.lv\/et\/pood\/\"},{\"@type\":\"ListItem\",\"position\":3,\"name\":\"Kahene puidust voodi, Verona Plus, 140-200x200cm, valge\"}]},{\"@type\":\"WebSite\",\"@id\":\"https:\/\/www.folkland.lv\/#website\",\"url\":\"https:\/\/www.folkland.lv\/\",\"name\":\"Folkland\",\"description\":\"\",\"potentialAction\":[{\"@type\":\"SearchAction\",\"target\":{\"@type\":\"EntryPoint\",\"urlTemplate\":\"https:\/\/www.folkland.lv\/?s={search_term_string}\"},\"query-input\":\"required name=search_term_string\"}],\"inLanguage\":\"et\"}]}<\/script>\n<!-- \/ Yoast SEO plugin. -->","yoast_head_json":{"title":"Kahene puidust voodi, Verona Plus, 140-200x200cm, valge - Folkland","description":"Kaheinimesevoodi disain on v\u00e4ga kerge ja lihtne, seet\u00f5ttu sobib see h\u00e4sti nii klassikalises interj\u00f6\u00f6ris kui ka puhkemajades ja k\u00e4mpingutes.","robots":{"index":"index","follow":"follow","max-snippet":"max-snippet:-1","max-image-preview":"max-image-preview:large","max-video-preview":"max-video-preview:-1"},"canonical":"https:\/\/www.folkland.lv\/et\/prece\/kahne-puidust-voodi-verona-plus-140-200x200cm-valge\/","og_locale":"et_EE","og_type":"article","og_title":"Kahene puidust voodi, Verona Plus, 140-200x200cm, valge - Folkland","og_description":"Kaheinimesevoodi disain on v\u00e4ga kerge ja lihtne, seet\u00f5ttu sobib see h\u00e4sti nii klassikalises interj\u00f6\u00f6ris kui ka puhkemajades ja k\u00e4mpingutes.","og_url":"https:\/\/www.folkland.lv\/et\/prece\/kahne-puidust-voodi-verona-plus-140-200x200cm-valge\/","og_site_name":"Folkland","article_modified_time":"2023-10-05T06:35:23+00:00","og_image":[{"width":1650,"height":1100,"url":"https:\/\/www.folkland.lv\/wp-content\/uploads\/2023\/10\/IMG_8507balts.jpg","type":"image\/jpeg"}],"twitter_card":"summary_large_image","twitter_misc":{"Est. reading time":"1 minut"},"schema":{"@context":"https:\/\/schema.org","@graph":[{"@type":"WebPage","@id":"https:\/\/www.folkland.lv\/et\/prece\/kahne-puidust-voodi-verona-plus-140-200x200cm-valge\/","url":"https:\/\/www.folkland.lv\/et\/prece\/kahne-puidust-voodi-verona-plus-140-200x200cm-valge\/","name":"Kahene puidust voodi, Verona Plus, 140-200x200cm, valge - Folkland","isPartOf":{"@id":"https:\/\/www.folkland.lv\/#website"},"primaryImageOfPage":{"@id":"https:\/\/www.folkland.lv\/et\/prece\/kahne-puidust-voodi-verona-plus-140-200x200cm-valge\/#primaryimage"},"image":{"@id":"https:\/\/www.folkland.lv\/et\/prece\/kahne-puidust-voodi-verona-plus-140-200x200cm-valge\/#primaryimage"},"thumbnailUrl":"https:\/\/www.folkland.lv\/wp-content\/uploads\/2023\/10\/IMG_8507balts.jpg","datePublished":"2023-10-04T11:08:31+00:00","dateModified":"2023-10-05T06:35:23+00:00","description":"Kaheinimesevoodi disain on v\u00e4ga kerge ja lihtne, seet\u00f5ttu sobib see h\u00e4sti nii klassikalises interj\u00f6\u00f6ris kui ka puhkemajades ja k\u00e4mpingutes.","breadcrumb":{"@id":"https:\/\/www.folkland.lv\/et\/prece\/kahne-puidust-voodi-verona-plus-140-200x200cm-valge\/#breadcrumb"},"inLanguage":"et","potentialAction":[{"@type":"ReadAction","target":["https:\/\/www.folkland.lv\/et\/prece\/kahne-puidust-voodi-verona-plus-140-200x200cm-valge\/"]}]},{"@type":"ImageObject","inLanguage":"et","@id":"https:\/\/www.folkland.lv\/et\/prece\/kahne-puidust-voodi-verona-plus-140-200x200cm-valge\/#primaryimage","url":"https:\/\/www.folkland.lv\/wp-content\/uploads\/2023\/10\/IMG_8507balts.jpg","contentUrl":"https:\/\/www.folkland.lv\/wp-content\/uploads\/2023\/10\/IMG_8507balts.jpg","width":1650,"height":1100,"caption":"Kaheinimesevoodi seljatoega"},{"@type":"BreadcrumbList","@id":"https:\/\/www.folkland.lv\/et\/prece\/kahne-puidust-voodi-verona-plus-140-200x200cm-valge\/#breadcrumb","itemListElement":[{"@type":"ListItem","position":1,"name":"Algus","item":"https:\/\/www.folkland.lv\/et\/"},{"@type":"ListItem","position":2,"name":"Pood","item":"https:\/\/www.folkland.lv\/et\/pood\/"},{"@type":"ListItem","position":3,"name":"Kahene puidust voodi, Verona Plus, 140-200x200cm, valge"}]},{"@type":"WebSite","@id":"https:\/\/www.folkland.lv\/#website","url":"https:\/\/www.folkland.lv\/","name":"Folkland","description":"","potentialAction":[{"@type":"SearchAction","target":{"@type":"EntryPoint","urlTemplate":"https:\/\/www.folkland.lv\/?s={search_term_string}"},"query-input":"required name=search_term_string"}],"inLanguage":"et"}]}},"_links":{"self":[{"href":"https:\/\/www.folkland.lv\/et\/wp-json\/wp\/v2\/product\/38585"}],"collection":[{"href":"https:\/\/www.folkland.lv\/et\/wp-json\/wp\/v2\/product"}],"about":[{"href":"https:\/\/www.folkland.lv\/et\/wp-json\/wp\/v2\/types\/product"}],"version-history":[{"count":1,"href":"https:\/\/www.folkland.lv\/et\/wp-json\/wp\/v2\/product\/38585\/revisions"}],"predecessor-version":[{"id":38671,"href":"https:\/\/www.folkland.lv\/et\/wp-json\/wp\/v2\/product\/38585\/revisions\/38671"}],"wp:featuredmedia":[{"embeddable":true,"href":"https:\/\/www.folkland.lv\/et\/wp-json\/wp\/v2\/media\/38605"}],"wp:attachment":[{"href":"https:\/\/www.folkland.lv\/et\/wp-json\/wp\/v2\/media?parent=38585"}],"wp:term":[{"taxonomy":"product_cat","embeddable":true,"href":"https:\/\/www.folkland.lv\/et\/wp-json\/wp\/v2\/product_cat?post=38585"},{"taxonomy":"product_tag","embeddable":true,"href":"https:\/\/www.folkland.lv\/et\/wp-json\/wp\/v2\/product_tag?post=38585"}],"curies":[{"name":"wp","href":"https:\/\/api.w.org\/{rel}","templated":true}]}}