{"id":37767,"date":"2023-08-10T16:52:23","date_gmt":"2023-08-17T13:34:56","guid":{"rendered":"https:\/\/www.folkland.lv\/?post_type=product&#038;p=37767"},"modified":"2023-08-17T16:34:57","modified_gmt":"2023-08-17T13:34:57","slug":"laste-toakomplekt-pabis-3-sinine-valge","status":"publish","type":"product","link":"https:\/\/www.folkland.lv\/et\/prece\/laste-toakomplekt-pabis-3-sinine-valge\/","title":{"rendered":"Laste toakomplekt PABIS 3 sinine\/valge"},"content":{"rendered":"<p><strong>Tooteinfo:<\/strong><\/p>\n<p><strong>Komplekt koosneb 2 elemendist:<\/strong><\/p>\n<ul>\n<li>Riiuli suurus: 83 cm (laius) x 87 cm (k\u00f5rgus) x 50 cm (s\u00fcgavus);<\/li>\n<li>Kapi suurus: 42,5 cm (laius) x 165 cm (k\u00f5rgus) x 44 cm (s\u00fcgavus);<\/li>\n<li>Materjalid: Lamineeritud laastplaadid;<\/li>\n<li>Materjali paksus: 18 mm;<\/li>\n<li>V\u00e4rv: sinine\/valge;<\/li>\n<li>Tootja: Konsimo (Euroopa);<\/li>\n<\/ul>\n<p><span style=\"color: #ff0000;\"><strong>Tarneaeg juhul, kui toodet pole laos, on 3-6 n\u00e4dalat.<\/strong><\/span><\/p>\n","protected":false},"excerpt":{"rendered":"<p><strong>PABIS kollektsioon<\/strong><\/p>\n<p>Laste tuba on unikaalne koht, kus meie lapsed m\u00e4ngivad, \u00f5pivad ja puhkavad. Tundlikud ja \u00e4\u00e4rmiselt loovad meeled arenevad k\u00f5ige paremini s\u00f5bralikus, soojas ja mugavas keskkonnas. Arvestades neid vajadusi, loodi ainulaadne lastem\u00f6\u00f6bli kollektsioon PABIS. See teenib mitte ainult praktilist eesm\u00e4rki, vaid stimuleerib ka kujutlusv\u00f5imet, muutudes suurep\u00e4raseks meelelahutuselemendiks. M\u00f6\u00f6bel lastele katustega v\u00f5imaldab luua ebatavalisi kompositsioone ja maagilisi m\u00e4ngumaju t\u00e4navu. Selles ruumis tunnevad end suurep\u00e4raselt nii eelkooliealised lapsed kui ka vanemad lapsed. PABIS kollektsiooni lastem\u00f6\u00f6bel vastab k\u00f5ikidele vajalikele ohutusstandarditele. Valmistatud vastupidavast puitlaastplaadist, \u00fcmardatud servadega laste kaitsmiseks vigastuste eest. T\u00e4nu erilisele disainile j\u00e4\u00e4b see \u00e4\u00e4rmiselt stabiilseks k\u00f5igis tingimustes. See on pakkumine vanematele, kes soovivad pakkuda oma lastele \u00f5nnelikku lapsep\u00f5lve turvalises ja ilusas keskkonnas!<\/p>\n","protected":false},"featured_media":37444,"template":"","meta":{"_acf_changed":false},"product_cat":[279,525,555,557],"product_tag":[],"acf":[],"yoast_head":"<!-- This site is optimized with the Yoast SEO plugin v23.0 - https:\/\/yoast.com\/wordpress\/plugins\/seo\/ -->\n<title>Laste toakomplekt PABIS 3 sinine\/valge - Folkland<\/title>\n<meta name=\"robots\" content=\"index, follow, max-snippet:-1, max-image-preview:large, max-video-preview:-1\" \/>\n<link rel=\"canonical\" href=\"https:\/\/www.folkland.lv\/et\/prece\/laste-toakomplekt-pabis-3-sinine-valge\/\" \/>\n<meta property=\"og:locale\" content=\"et_EE\" \/>\n<meta property=\"og:type\" content=\"article\" \/>\n<meta property=\"og:title\" content=\"Laste toakomplekt PABIS 3 sinine\/valge - Folkland\" \/>\n<meta property=\"og:description\" content=\"PABIS kollektsioon  Laste tuba on unikaalne koht, kus meie lapsed m\u00e4ngivad, \u00f5pivad ja puhkavad. Tundlikud ja \u00e4\u00e4rmiselt loovad meeled arenevad k\u00f5ige paremini s\u00f5bralikus, soojas ja mugavas keskkonnas. Arvestades neid vajadusi, loodi ainulaadne lastem\u00f6\u00f6bli kollektsioon PABIS. See teenib mitte ainult praktilist eesm\u00e4rki, vaid stimuleerib ka kujutlusv\u00f5imet, muutudes suurep\u00e4raseks meelelahutuselemendiks. M\u00f6\u00f6bel lastele katustega v\u00f5imaldab luua ebatavalisi kompositsioone ja maagilisi m\u00e4ngumaju t\u00e4navu. Selles ruumis tunnevad end suurep\u00e4raselt nii eelkooliealised lapsed kui ka vanemad lapsed. PABIS kollektsiooni lastem\u00f6\u00f6bel vastab k\u00f5ikidele vajalikele ohutusstandarditele. Valmistatud vastupidavast puitlaastplaadist, \u00fcmardatud servadega laste kaitsmiseks vigastuste eest. T\u00e4nu erilisele disainile j\u00e4\u00e4b see \u00e4\u00e4rmiselt stabiilseks k\u00f5igis tingimustes. See on pakkumine vanematele, kes soovivad pakkuda oma lastele \u00f5nnelikku lapsep\u00f5lve turvalises ja ilusas keskkonnas!\" \/>\n<meta property=\"og:url\" content=\"https:\/\/www.folkland.lv\/et\/prece\/laste-toakomplekt-pabis-3-sinine-valge\/\" \/>\n<meta property=\"og:site_name\" content=\"Folkland\" \/>\n<meta property=\"article:modified_time\" content=\"2023-08-17T13:34:57+00:00\" \/>\n<meta property=\"og:image\" content=\"https:\/\/www.folkland.lv\/wp-content\/uploads\/2023\/08\/10450.15.101_ar-1536x1024-2.webp\" \/>\n\t<meta property=\"og:image:width\" content=\"1536\" \/>\n\t<meta property=\"og:image:height\" content=\"1024\" \/>\n\t<meta property=\"og:image:type\" content=\"image\/webp\" \/>\n<meta name=\"twitter:card\" content=\"summary_large_image\" \/>\n<meta name=\"twitter:label1\" content=\"Est. reading time\" \/>\n\t<meta name=\"twitter:data1\" content=\"1 minut\" \/>\n<script type=\"application\/ld+json\" class=\"yoast-schema-graph\">{\"@context\":\"https:\/\/schema.org\",\"@graph\":[{\"@type\":\"WebPage\",\"@id\":\"https:\/\/www.folkland.lv\/et\/prece\/laste-toakomplekt-pabis-3-sinine-valge\/\",\"url\":\"https:\/\/www.folkland.lv\/et\/prece\/laste-toakomplekt-pabis-3-sinine-valge\/\",\"name\":\"Laste toakomplekt PABIS 3 sinine\/valge - Folkland\",\"isPartOf\":{\"@id\":\"https:\/\/www.folkland.lv\/#website\"},\"primaryImageOfPage\":{\"@id\":\"https:\/\/www.folkland.lv\/et\/prece\/laste-toakomplekt-pabis-3-sinine-valge\/#primaryimage\"},\"image\":{\"@id\":\"https:\/\/www.folkland.lv\/et\/prece\/laste-toakomplekt-pabis-3-sinine-valge\/#primaryimage\"},\"thumbnailUrl\":\"https:\/\/www.folkland.lv\/wp-content\/uploads\/2023\/08\/10450.15.101_ar-1536x1024-2.webp\",\"datePublished\":\"2023-08-17T13:34:56+00:00\",\"dateModified\":\"2023-08-17T13:34:57+00:00\",\"breadcrumb\":{\"@id\":\"https:\/\/www.folkland.lv\/et\/prece\/laste-toakomplekt-pabis-3-sinine-valge\/#breadcrumb\"},\"inLanguage\":\"et\",\"potentialAction\":[{\"@type\":\"ReadAction\",\"target\":[\"https:\/\/www.folkland.lv\/et\/prece\/laste-toakomplekt-pabis-3-sinine-valge\/\"]}]},{\"@type\":\"ImageObject\",\"inLanguage\":\"et\",\"@id\":\"https:\/\/www.folkland.lv\/et\/prece\/laste-toakomplekt-pabis-3-sinine-valge\/#primaryimage\",\"url\":\"https:\/\/www.folkland.lv\/wp-content\/uploads\/2023\/08\/10450.15.101_ar-1536x1024-2.webp\",\"contentUrl\":\"https:\/\/www.folkland.lv\/wp-content\/uploads\/2023\/08\/10450.15.101_ar-1536x1024-2.webp\",\"width\":1536,\"height\":1024},{\"@type\":\"BreadcrumbList\",\"@id\":\"https:\/\/www.folkland.lv\/et\/prece\/laste-toakomplekt-pabis-3-sinine-valge\/#breadcrumb\",\"itemListElement\":[{\"@type\":\"ListItem\",\"position\":1,\"name\":\"Algus\",\"item\":\"https:\/\/www.folkland.lv\/et\/\"},{\"@type\":\"ListItem\",\"position\":2,\"name\":\"Pood\",\"item\":\"https:\/\/www.folkland.lv\/et\/pood\/\"},{\"@type\":\"ListItem\",\"position\":3,\"name\":\"Laste toakomplekt PABIS 3 sinine\/valge\"}]},{\"@type\":\"WebSite\",\"@id\":\"https:\/\/www.folkland.lv\/#website\",\"url\":\"https:\/\/www.folkland.lv\/\",\"name\":\"Folkland\",\"description\":\"\",\"potentialAction\":[{\"@type\":\"SearchAction\",\"target\":{\"@type\":\"EntryPoint\",\"urlTemplate\":\"https:\/\/www.folkland.lv\/?s={search_term_string}\"},\"query-input\":\"required name=search_term_string\"}],\"inLanguage\":\"et\"}]}<\/script>\n<!-- \/ Yoast SEO plugin. -->","yoast_head_json":{"title":"Laste toakomplekt PABIS 3 sinine\/valge - Folkland","robots":{"index":"index","follow":"follow","max-snippet":"max-snippet:-1","max-image-preview":"max-image-preview:large","max-video-preview":"max-video-preview:-1"},"canonical":"https:\/\/www.folkland.lv\/et\/prece\/laste-toakomplekt-pabis-3-sinine-valge\/","og_locale":"et_EE","og_type":"article","og_title":"Laste toakomplekt PABIS 3 sinine\/valge - Folkland","og_description":"PABIS kollektsioon  Laste tuba on unikaalne koht, kus meie lapsed m\u00e4ngivad, \u00f5pivad ja puhkavad. Tundlikud ja \u00e4\u00e4rmiselt loovad meeled arenevad k\u00f5ige paremini s\u00f5bralikus, soojas ja mugavas keskkonnas. Arvestades neid vajadusi, loodi ainulaadne lastem\u00f6\u00f6bli kollektsioon PABIS. See teenib mitte ainult praktilist eesm\u00e4rki, vaid stimuleerib ka kujutlusv\u00f5imet, muutudes suurep\u00e4raseks meelelahutuselemendiks. M\u00f6\u00f6bel lastele katustega v\u00f5imaldab luua ebatavalisi kompositsioone ja maagilisi m\u00e4ngumaju t\u00e4navu. Selles ruumis tunnevad end suurep\u00e4raselt nii eelkooliealised lapsed kui ka vanemad lapsed. PABIS kollektsiooni lastem\u00f6\u00f6bel vastab k\u00f5ikidele vajalikele ohutusstandarditele. Valmistatud vastupidavast puitlaastplaadist, \u00fcmardatud servadega laste kaitsmiseks vigastuste eest. T\u00e4nu erilisele disainile j\u00e4\u00e4b see \u00e4\u00e4rmiselt stabiilseks k\u00f5igis tingimustes. See on pakkumine vanematele, kes soovivad pakkuda oma lastele \u00f5nnelikku lapsep\u00f5lve turvalises ja ilusas keskkonnas!","og_url":"https:\/\/www.folkland.lv\/et\/prece\/laste-toakomplekt-pabis-3-sinine-valge\/","og_site_name":"Folkland","article_modified_time":"2023-08-17T13:34:57+00:00","og_image":[{"width":1536,"height":1024,"url":"https:\/\/www.folkland.lv\/wp-content\/uploads\/2023\/08\/10450.15.101_ar-1536x1024-2.webp","type":"image\/webp"}],"twitter_card":"summary_large_image","twitter_misc":{"Est. reading time":"1 minut"},"schema":{"@context":"https:\/\/schema.org","@graph":[{"@type":"WebPage","@id":"https:\/\/www.folkland.lv\/et\/prece\/laste-toakomplekt-pabis-3-sinine-valge\/","url":"https:\/\/www.folkland.lv\/et\/prece\/laste-toakomplekt-pabis-3-sinine-valge\/","name":"Laste toakomplekt PABIS 3 sinine\/valge - Folkland","isPartOf":{"@id":"https:\/\/www.folkland.lv\/#website"},"primaryImageOfPage":{"@id":"https:\/\/www.folkland.lv\/et\/prece\/laste-toakomplekt-pabis-3-sinine-valge\/#primaryimage"},"image":{"@id":"https:\/\/www.folkland.lv\/et\/prece\/laste-toakomplekt-pabis-3-sinine-valge\/#primaryimage"},"thumbnailUrl":"https:\/\/www.folkland.lv\/wp-content\/uploads\/2023\/08\/10450.15.101_ar-1536x1024-2.webp","datePublished":"2023-08-17T13:34:56+00:00","dateModified":"2023-08-17T13:34:57+00:00","breadcrumb":{"@id":"https:\/\/www.folkland.lv\/et\/prece\/laste-toakomplekt-pabis-3-sinine-valge\/#breadcrumb"},"inLanguage":"et","potentialAction":[{"@type":"ReadAction","target":["https:\/\/www.folkland.lv\/et\/prece\/laste-toakomplekt-pabis-3-sinine-valge\/"]}]},{"@type":"ImageObject","inLanguage":"et","@id":"https:\/\/www.folkland.lv\/et\/prece\/laste-toakomplekt-pabis-3-sinine-valge\/#primaryimage","url":"https:\/\/www.folkland.lv\/wp-content\/uploads\/2023\/08\/10450.15.101_ar-1536x1024-2.webp","contentUrl":"https:\/\/www.folkland.lv\/wp-content\/uploads\/2023\/08\/10450.15.101_ar-1536x1024-2.webp","width":1536,"height":1024},{"@type":"BreadcrumbList","@id":"https:\/\/www.folkland.lv\/et\/prece\/laste-toakomplekt-pabis-3-sinine-valge\/#breadcrumb","itemListElement":[{"@type":"ListItem","position":1,"name":"Algus","item":"https:\/\/www.folkland.lv\/et\/"},{"@type":"ListItem","position":2,"name":"Pood","item":"https:\/\/www.folkland.lv\/et\/pood\/"},{"@type":"ListItem","position":3,"name":"Laste toakomplekt PABIS 3 sinine\/valge"}]},{"@type":"WebSite","@id":"https:\/\/www.folkland.lv\/#website","url":"https:\/\/www.folkland.lv\/","name":"Folkland","description":"","potentialAction":[{"@type":"SearchAction","target":{"@type":"EntryPoint","urlTemplate":"https:\/\/www.folkland.lv\/?s={search_term_string}"},"query-input":"required name=search_term_string"}],"inLanguage":"et"}]}},"_links":{"self":[{"href":"https:\/\/www.folkland.lv\/et\/wp-json\/wp\/v2\/product\/37767"}],"collection":[{"href":"https:\/\/www.folkland.lv\/et\/wp-json\/wp\/v2\/product"}],"about":[{"href":"https:\/\/www.folkland.lv\/et\/wp-json\/wp\/v2\/types\/product"}],"version-history":[{"count":1,"href":"https:\/\/www.folkland.lv\/et\/wp-json\/wp\/v2\/product\/37767\/revisions"}],"predecessor-version":[{"id":37768,"href":"https:\/\/www.folkland.lv\/et\/wp-json\/wp\/v2\/product\/37767\/revisions\/37768"}],"wp:featuredmedia":[{"embeddable":true,"href":"https:\/\/www.folkland.lv\/et\/wp-json\/wp\/v2\/media\/37444"}],"wp:attachment":[{"href":"https:\/\/www.folkland.lv\/et\/wp-json\/wp\/v2\/media?parent=37767"}],"wp:term":[{"taxonomy":"product_cat","embeddable":true,"href":"https:\/\/www.folkland.lv\/et\/wp-json\/wp\/v2\/product_cat?post=37767"},{"taxonomy":"product_tag","embeddable":true,"href":"https:\/\/www.folkland.lv\/et\/wp-json\/wp\/v2\/product_tag?post=37767"}],"curies":[{"name":"wp","href":"https:\/\/api.w.org\/{rel}","templated":true}]}}