{"id":37748,"date":"2023-08-10T16:41:15","date_gmt":"2023-08-17T13:21:06","guid":{"rendered":"https:\/\/www.folkland.lv\/?post_type=product&#038;p=37748"},"modified":"2023-08-17T16:21:06","modified_gmt":"2023-08-17T13:21:06","slug":"lastetoa-komplekt-pabis-2-sinine-valge","status":"publish","type":"product","link":"https:\/\/www.folkland.lv\/et\/prece\/lastetoa-komplekt-pabis-2-sinine-valge\/","title":{"rendered":"Lastetoa komplekt PABIS 2 Sinine\/ valge"},"content":{"rendered":"<p><strong>Tooteinfo:<\/strong><\/p>\n<p><strong>2 elemendi komplekt:<\/strong><\/p>\n<ul>\n<li>Kapi suurus: (laius) x 117 cm (k\u00f5rgus) x 30 cm (s\u00fcgavus);<\/li>\n<li>Kapi suurus: 47,5 cm(laius)x 190,5 cm(k\u00f5rgus)x 46cm(s\u00fcgavus);<\/li>\n<li>Materjalid: lamineeritud puitlaastplaat;<\/li>\n<li>Materjali paksus: 18mm<\/li>\n<li>V\u00e4rv: Sinine\/valge;<\/li>\n<li>Tootja: Konsimo (Euroopa);<\/li>\n<\/ul>\n<p><span style=\"color: #ff0000;\"><strong>Tarneaeg, kui laos ei ole saadaval 3-6 n\u00e4dalat.<\/strong><\/span><\/p>\n","protected":false},"excerpt":{"rendered":"<p><strong>PABIS kollektsioon<\/strong><\/p>\n<p>Lastetuba on ainulaadne koht, kus meie lapsed m\u00e4ngivad, \u00f5pivad ja puhkavad. Tundlikud ja v\u00e4ga loomingulised meeled arenevad k\u00f5ige paremini s\u00f5bralikus, soojas ja mugavas keskkonnas. Neid vajadusi silmas pidades on loodud ainulaadne lastem\u00f6\u00f6blikollektsioon PABIS. See ei ole mitte ainult praktiline, vaid stimuleerib ka kujutlusv\u00f5imet ja muutub suureks meelelahutuslikuks elemendiks. Lastele m\u00f5eldud katustega m\u00f6\u00f6bel v\u00f5imaldab luua ebatavalisi kompositsioone ja maagilisi majat\u00e4navaid. Nii eelkooliealised kui ka vanemad lapsed tunnevad end sellises toas suurep\u00e4raselt. PABISe kollektsiooni lastem\u00f6\u00f6bel vastab k\u00f5igile vajalikele ohutusstandarditele. Valmistatud tugevast papist, mille servad on \u00fcmardatud, et kaitsta last vigastuste eest. T\u00e4nu oma erilisele disainile j\u00e4\u00e4vad need k\u00f5ikides tingimustes \u00e4\u00e4rmiselt stabiilseks. See on pakkumine vanematele, kes soovivad oma lastele \u00f5nnelikku lapsep\u00f5lve turvalises ja ilusas keskkonnas!<\/p>\n","protected":false},"featured_media":37392,"template":"","meta":{"_acf_changed":false},"product_cat":[279,525,555,557],"product_tag":[],"acf":[],"yoast_head":"<!-- This site is optimized with the Yoast SEO plugin v23.0 - https:\/\/yoast.com\/wordpress\/plugins\/seo\/ -->\n<title>Lastetoa komplekt PABIS 2 Sinine\/ valge - Folkland<\/title>\n<meta name=\"robots\" content=\"index, follow, max-snippet:-1, max-image-preview:large, max-video-preview:-1\" \/>\n<link rel=\"canonical\" href=\"https:\/\/www.folkland.lv\/et\/prece\/lastetoa-komplekt-pabis-2-sinine-valge\/\" \/>\n<meta property=\"og:locale\" content=\"et_EE\" \/>\n<meta property=\"og:type\" content=\"article\" \/>\n<meta property=\"og:title\" content=\"Lastetoa komplekt PABIS 2 Sinine\/ valge - Folkland\" \/>\n<meta property=\"og:description\" content=\"PABIS kollektsioon  Lastetuba on ainulaadne koht, kus meie lapsed m\u00e4ngivad, \u00f5pivad ja puhkavad. Tundlikud ja v\u00e4ga loomingulised meeled arenevad k\u00f5ige paremini s\u00f5bralikus, soojas ja mugavas keskkonnas. Neid vajadusi silmas pidades on loodud ainulaadne lastem\u00f6\u00f6blikollektsioon PABIS. See ei ole mitte ainult praktiline, vaid stimuleerib ka kujutlusv\u00f5imet ja muutub suureks meelelahutuslikuks elemendiks. Lastele m\u00f5eldud katustega m\u00f6\u00f6bel v\u00f5imaldab luua ebatavalisi kompositsioone ja maagilisi majat\u00e4navaid. Nii eelkooliealised kui ka vanemad lapsed tunnevad end sellises toas suurep\u00e4raselt. PABISe kollektsiooni lastem\u00f6\u00f6bel vastab k\u00f5igile vajalikele ohutusstandarditele. Valmistatud tugevast papist, mille servad on \u00fcmardatud, et kaitsta last vigastuste eest. T\u00e4nu oma erilisele disainile j\u00e4\u00e4vad need k\u00f5ikides tingimustes \u00e4\u00e4rmiselt stabiilseks. See on pakkumine vanematele, kes soovivad oma lastele \u00f5nnelikku lapsep\u00f5lve turvalises ja ilusas keskkonnas!\" \/>\n<meta property=\"og:url\" content=\"https:\/\/www.folkland.lv\/et\/prece\/lastetoa-komplekt-pabis-2-sinine-valge\/\" \/>\n<meta property=\"og:site_name\" content=\"Folkland\" \/>\n<meta property=\"og:image\" content=\"https:\/\/www.folkland.lv\/wp-content\/uploads\/2023\/08\/test-2.jpg\" \/>\n\t<meta property=\"og:image:width\" content=\"617\" \/>\n\t<meta property=\"og:image:height\" content=\"603\" \/>\n\t<meta property=\"og:image:type\" content=\"image\/jpeg\" \/>\n<meta name=\"twitter:card\" content=\"summary_large_image\" \/>\n<meta name=\"twitter:label1\" content=\"Est. reading time\" \/>\n\t<meta name=\"twitter:data1\" content=\"1 minut\" \/>\n<script type=\"application\/ld+json\" class=\"yoast-schema-graph\">{\"@context\":\"https:\/\/schema.org\",\"@graph\":[{\"@type\":\"WebPage\",\"@id\":\"https:\/\/www.folkland.lv\/et\/prece\/lastetoa-komplekt-pabis-2-sinine-valge\/\",\"url\":\"https:\/\/www.folkland.lv\/et\/prece\/lastetoa-komplekt-pabis-2-sinine-valge\/\",\"name\":\"Lastetoa komplekt PABIS 2 Sinine\/ valge - Folkland\",\"isPartOf\":{\"@id\":\"https:\/\/www.folkland.lv\/#website\"},\"primaryImageOfPage\":{\"@id\":\"https:\/\/www.folkland.lv\/et\/prece\/lastetoa-komplekt-pabis-2-sinine-valge\/#primaryimage\"},\"image\":{\"@id\":\"https:\/\/www.folkland.lv\/et\/prece\/lastetoa-komplekt-pabis-2-sinine-valge\/#primaryimage\"},\"thumbnailUrl\":\"https:\/\/www.folkland.lv\/wp-content\/uploads\/2023\/08\/test-2.jpg\",\"datePublished\":\"2023-08-17T13:21:06+00:00\",\"dateModified\":\"2023-08-17T13:21:06+00:00\",\"breadcrumb\":{\"@id\":\"https:\/\/www.folkland.lv\/et\/prece\/lastetoa-komplekt-pabis-2-sinine-valge\/#breadcrumb\"},\"inLanguage\":\"et\",\"potentialAction\":[{\"@type\":\"ReadAction\",\"target\":[\"https:\/\/www.folkland.lv\/et\/prece\/lastetoa-komplekt-pabis-2-sinine-valge\/\"]}]},{\"@type\":\"ImageObject\",\"inLanguage\":\"et\",\"@id\":\"https:\/\/www.folkland.lv\/et\/prece\/lastetoa-komplekt-pabis-2-sinine-valge\/#primaryimage\",\"url\":\"https:\/\/www.folkland.lv\/wp-content\/uploads\/2023\/08\/test-2.jpg\",\"contentUrl\":\"https:\/\/www.folkland.lv\/wp-content\/uploads\/2023\/08\/test-2.jpg\",\"width\":617,\"height\":603},{\"@type\":\"BreadcrumbList\",\"@id\":\"https:\/\/www.folkland.lv\/et\/prece\/lastetoa-komplekt-pabis-2-sinine-valge\/#breadcrumb\",\"itemListElement\":[{\"@type\":\"ListItem\",\"position\":1,\"name\":\"Algus\",\"item\":\"https:\/\/www.folkland.lv\/et\/\"},{\"@type\":\"ListItem\",\"position\":2,\"name\":\"Pood\",\"item\":\"https:\/\/www.folkland.lv\/et\/pood\/\"},{\"@type\":\"ListItem\",\"position\":3,\"name\":\"Lastetoa komplekt PABIS 2 Sinine\/ valge\"}]},{\"@type\":\"WebSite\",\"@id\":\"https:\/\/www.folkland.lv\/#website\",\"url\":\"https:\/\/www.folkland.lv\/\",\"name\":\"Folkland\",\"description\":\"\",\"potentialAction\":[{\"@type\":\"SearchAction\",\"target\":{\"@type\":\"EntryPoint\",\"urlTemplate\":\"https:\/\/www.folkland.lv\/?s={search_term_string}\"},\"query-input\":\"required name=search_term_string\"}],\"inLanguage\":\"et\"}]}<\/script>\n<!-- \/ Yoast SEO plugin. -->","yoast_head_json":{"title":"Lastetoa komplekt PABIS 2 Sinine\/ valge - Folkland","robots":{"index":"index","follow":"follow","max-snippet":"max-snippet:-1","max-image-preview":"max-image-preview:large","max-video-preview":"max-video-preview:-1"},"canonical":"https:\/\/www.folkland.lv\/et\/prece\/lastetoa-komplekt-pabis-2-sinine-valge\/","og_locale":"et_EE","og_type":"article","og_title":"Lastetoa komplekt PABIS 2 Sinine\/ valge - Folkland","og_description":"PABIS kollektsioon  Lastetuba on ainulaadne koht, kus meie lapsed m\u00e4ngivad, \u00f5pivad ja puhkavad. Tundlikud ja v\u00e4ga loomingulised meeled arenevad k\u00f5ige paremini s\u00f5bralikus, soojas ja mugavas keskkonnas. Neid vajadusi silmas pidades on loodud ainulaadne lastem\u00f6\u00f6blikollektsioon PABIS. See ei ole mitte ainult praktiline, vaid stimuleerib ka kujutlusv\u00f5imet ja muutub suureks meelelahutuslikuks elemendiks. Lastele m\u00f5eldud katustega m\u00f6\u00f6bel v\u00f5imaldab luua ebatavalisi kompositsioone ja maagilisi majat\u00e4navaid. Nii eelkooliealised kui ka vanemad lapsed tunnevad end sellises toas suurep\u00e4raselt. PABISe kollektsiooni lastem\u00f6\u00f6bel vastab k\u00f5igile vajalikele ohutusstandarditele. Valmistatud tugevast papist, mille servad on \u00fcmardatud, et kaitsta last vigastuste eest. T\u00e4nu oma erilisele disainile j\u00e4\u00e4vad need k\u00f5ikides tingimustes \u00e4\u00e4rmiselt stabiilseks. See on pakkumine vanematele, kes soovivad oma lastele \u00f5nnelikku lapsep\u00f5lve turvalises ja ilusas keskkonnas!","og_url":"https:\/\/www.folkland.lv\/et\/prece\/lastetoa-komplekt-pabis-2-sinine-valge\/","og_site_name":"Folkland","og_image":[{"width":617,"height":603,"url":"https:\/\/www.folkland.lv\/wp-content\/uploads\/2023\/08\/test-2.jpg","type":"image\/jpeg"}],"twitter_card":"summary_large_image","twitter_misc":{"Est. reading time":"1 minut"},"schema":{"@context":"https:\/\/schema.org","@graph":[{"@type":"WebPage","@id":"https:\/\/www.folkland.lv\/et\/prece\/lastetoa-komplekt-pabis-2-sinine-valge\/","url":"https:\/\/www.folkland.lv\/et\/prece\/lastetoa-komplekt-pabis-2-sinine-valge\/","name":"Lastetoa komplekt PABIS 2 Sinine\/ valge - Folkland","isPartOf":{"@id":"https:\/\/www.folkland.lv\/#website"},"primaryImageOfPage":{"@id":"https:\/\/www.folkland.lv\/et\/prece\/lastetoa-komplekt-pabis-2-sinine-valge\/#primaryimage"},"image":{"@id":"https:\/\/www.folkland.lv\/et\/prece\/lastetoa-komplekt-pabis-2-sinine-valge\/#primaryimage"},"thumbnailUrl":"https:\/\/www.folkland.lv\/wp-content\/uploads\/2023\/08\/test-2.jpg","datePublished":"2023-08-17T13:21:06+00:00","dateModified":"2023-08-17T13:21:06+00:00","breadcrumb":{"@id":"https:\/\/www.folkland.lv\/et\/prece\/lastetoa-komplekt-pabis-2-sinine-valge\/#breadcrumb"},"inLanguage":"et","potentialAction":[{"@type":"ReadAction","target":["https:\/\/www.folkland.lv\/et\/prece\/lastetoa-komplekt-pabis-2-sinine-valge\/"]}]},{"@type":"ImageObject","inLanguage":"et","@id":"https:\/\/www.folkland.lv\/et\/prece\/lastetoa-komplekt-pabis-2-sinine-valge\/#primaryimage","url":"https:\/\/www.folkland.lv\/wp-content\/uploads\/2023\/08\/test-2.jpg","contentUrl":"https:\/\/www.folkland.lv\/wp-content\/uploads\/2023\/08\/test-2.jpg","width":617,"height":603},{"@type":"BreadcrumbList","@id":"https:\/\/www.folkland.lv\/et\/prece\/lastetoa-komplekt-pabis-2-sinine-valge\/#breadcrumb","itemListElement":[{"@type":"ListItem","position":1,"name":"Algus","item":"https:\/\/www.folkland.lv\/et\/"},{"@type":"ListItem","position":2,"name":"Pood","item":"https:\/\/www.folkland.lv\/et\/pood\/"},{"@type":"ListItem","position":3,"name":"Lastetoa komplekt PABIS 2 Sinine\/ valge"}]},{"@type":"WebSite","@id":"https:\/\/www.folkland.lv\/#website","url":"https:\/\/www.folkland.lv\/","name":"Folkland","description":"","potentialAction":[{"@type":"SearchAction","target":{"@type":"EntryPoint","urlTemplate":"https:\/\/www.folkland.lv\/?s={search_term_string}"},"query-input":"required name=search_term_string"}],"inLanguage":"et"}]}},"_links":{"self":[{"href":"https:\/\/www.folkland.lv\/et\/wp-json\/wp\/v2\/product\/37748"}],"collection":[{"href":"https:\/\/www.folkland.lv\/et\/wp-json\/wp\/v2\/product"}],"about":[{"href":"https:\/\/www.folkland.lv\/et\/wp-json\/wp\/v2\/types\/product"}],"version-history":[{"count":1,"href":"https:\/\/www.folkland.lv\/et\/wp-json\/wp\/v2\/product\/37748\/revisions"}],"predecessor-version":[{"id":37749,"href":"https:\/\/www.folkland.lv\/et\/wp-json\/wp\/v2\/product\/37748\/revisions\/37749"}],"wp:featuredmedia":[{"embeddable":true,"href":"https:\/\/www.folkland.lv\/et\/wp-json\/wp\/v2\/media\/37392"}],"wp:attachment":[{"href":"https:\/\/www.folkland.lv\/et\/wp-json\/wp\/v2\/media?parent=37748"}],"wp:term":[{"taxonomy":"product_cat","embeddable":true,"href":"https:\/\/www.folkland.lv\/et\/wp-json\/wp\/v2\/product_cat?post=37748"},{"taxonomy":"product_tag","embeddable":true,"href":"https:\/\/www.folkland.lv\/et\/wp-json\/wp\/v2\/product_tag?post=37748"}],"curies":[{"name":"wp","href":"https:\/\/api.w.org\/{rel}","templated":true}]}}