{"id":37688,"date":"2023-08-15T12:58:24","date_gmt":"2023-08-15T09:58:25","guid":{"rendered":"https:\/\/www.folkland.lv\/?post_type=product&#038;p=37688"},"modified":"2023-08-23T16:15:12","modified_gmt":"2023-08-23T13:15:12","slug":"sahtliga-vorevoodi-80-cm-x-150cm-copy-copy-copy-2","status":"publish","type":"product","link":"https:\/\/www.folkland.lv\/et\/prece\/sahtliga-vorevoodi-80-cm-x-150cm-copy-copy-copy-2\/","title":{"rendered":"412 Lastevoodi koos laua ja lisavoodiga &#8220;SMART&#8221; 90cm x 190cm FLK GS04"},"content":{"rendered":"<p><strong>Voodi m\u00f5\u00f5tmed:<\/strong><\/p>\n<ul>\n<li>(v\u00e4lism\u00f5\u00f5tmed): laius &#8211; 90 cm;<\/li>\n<li>Pikkus &#8211; 190cm; (v\u00e4lisuurus);<\/li>\n<li>k\u00f5rgus &#8211; 179cm;<\/li>\n<li>Madrats &#8211; 80cm x 180cm, (ei kuulu komplekti);<\/li>\n<li>Lisavoodi &#8211; 70cm x 178cm<\/li>\n<li>T\u00e4iendav voodi, kokkupanduna &#8211; 70cm x 88cm<\/li>\n<li>K\u00f5rgus lauani &#8211; 69cm<\/li>\n<li>K\u00f5rgus madratsini 2st &#8211; 143cm;<\/li>\n<li>Laudise laius &#8211; 38cm;<\/li>\n<li>Trepp keskel;<\/li>\n<li>L-kujuline laud &#8211; 40cm x 110cm;<\/li>\n<li>Matratsi tugilattide komplektis;<\/li>\n<li>Komplektis sisalduvad furnituurid;<\/li>\n<li>See toode n\u00f5uab kokkupanekut;<\/li>\n<li>Tarnitakse lahtiv\u00f5etuna (pakend, pappkast, PVC-kile);<\/li>\n<li>Materjal &#8211; massiivne m\u00e4nd;<\/li>\n<li>Viimistlus &#8211; ECO Colour Green line m\u00f6\u00f6bel (spetsiaalselt laste liinidele m\u00f5eldud) Toon &#8211; valge\/loomulik;<\/li>\n<li>Tootmine ja tarne 1-2 n\u00e4dalat, kui ei ole laos;<\/li>\n<\/ul>\n","protected":false},"excerpt":{"rendered":"<p><strong>Laste lisavoodi koos lisavoodiga<\/strong><\/p>\n<ul>\n<li>L\u00e4tis valmistatud &#8220;Smart bed with extra bed&#8221; on ideaalne lahendus moodsasse lastetoas;<\/li>\n<li>SMART-voodid on multifunktsionaalne element lastetoas;<\/li>\n<li>See sobib ideaalselt magamiseks ja puhkamiseks ning vabastab rohkem ruumi m\u00e4ngude ja meelelahutuse jaoks.<\/li>\n<li>T\u00e4nu atraktiivsele ja kergele disainile n\u00e4eb voodi suurep\u00e4raselt v\u00e4lja igas interj\u00f6\u00f6ris;<\/li>\n<\/ul>\n","protected":false},"featured_media":37692,"template":"","meta":{"_acf_changed":false},"product_cat":[537,279,281],"product_tag":[],"acf":[],"yoast_head":"<!-- This site is optimized with the Yoast SEO plugin v23.0 - https:\/\/yoast.com\/wordpress\/plugins\/seo\/ -->\n<title>412 Lastevoodi koos laua ja lisavoodiga &quot;SMART&quot; 90cm x 190cm FLK GS04 - Folkland<\/title>\n<meta name=\"robots\" content=\"index, follow, max-snippet:-1, max-image-preview:large, max-video-preview:-1\" \/>\n<link rel=\"canonical\" href=\"https:\/\/www.folkland.lv\/et\/prece\/sahtliga-vorevoodi-80-cm-x-150cm-copy-copy-copy-2\/\" \/>\n<meta property=\"og:locale\" content=\"et_EE\" \/>\n<meta property=\"og:type\" content=\"article\" \/>\n<meta property=\"og:title\" content=\"412 Lastevoodi koos laua ja lisavoodiga &quot;SMART&quot; 90cm x 190cm FLK GS04 - Folkland\" \/>\n<meta property=\"og:description\" content=\"Laste lisavoodi koos lisavoodiga   L\u00e4tis valmistatud &quot;Smart bed with extra bed&quot; on ideaalne lahendus moodsasse lastetoas;  SMART-voodid on multifunktsionaalne element lastetoas;  See sobib ideaalselt magamiseks ja puhkamiseks ning vabastab rohkem ruumi m\u00e4ngude ja meelelahutuse jaoks.  T\u00e4nu atraktiivsele ja kergele disainile n\u00e4eb voodi suurep\u00e4raselt v\u00e4lja igas interj\u00f6\u00f6ris;\" \/>\n<meta property=\"og:url\" content=\"https:\/\/www.folkland.lv\/et\/prece\/sahtliga-vorevoodi-80-cm-x-150cm-copy-copy-copy-2\/\" \/>\n<meta property=\"og:site_name\" content=\"Folkland\" \/>\n<meta property=\"article:modified_time\" content=\"2023-08-23T13:15:12+00:00\" \/>\n<meta property=\"og:image\" content=\"https:\/\/www.folkland.lv\/wp-content\/uploads\/2023\/08\/IMG_2366c.jpg\" \/>\n\t<meta property=\"og:image:width\" content=\"1650\" \/>\n\t<meta property=\"og:image:height\" content=\"1100\" \/>\n\t<meta property=\"og:image:type\" content=\"image\/jpeg\" \/>\n<meta name=\"twitter:card\" content=\"summary_large_image\" \/>\n<meta name=\"twitter:label1\" content=\"Est. reading time\" \/>\n\t<meta name=\"twitter:data1\" content=\"1 minut\" \/>\n<script type=\"application\/ld+json\" class=\"yoast-schema-graph\">{\"@context\":\"https:\/\/schema.org\",\"@graph\":[{\"@type\":\"WebPage\",\"@id\":\"https:\/\/www.folkland.lv\/et\/prece\/sahtliga-vorevoodi-80-cm-x-150cm-copy-copy-copy-2\/\",\"url\":\"https:\/\/www.folkland.lv\/et\/prece\/sahtliga-vorevoodi-80-cm-x-150cm-copy-copy-copy-2\/\",\"name\":\"412 Lastevoodi koos laua ja lisavoodiga \\\"SMART\\\" 90cm x 190cm FLK GS04 - Folkland\",\"isPartOf\":{\"@id\":\"https:\/\/www.folkland.lv\/#website\"},\"primaryImageOfPage\":{\"@id\":\"https:\/\/www.folkland.lv\/et\/prece\/sahtliga-vorevoodi-80-cm-x-150cm-copy-copy-copy-2\/#primaryimage\"},\"image\":{\"@id\":\"https:\/\/www.folkland.lv\/et\/prece\/sahtliga-vorevoodi-80-cm-x-150cm-copy-copy-copy-2\/#primaryimage\"},\"thumbnailUrl\":\"https:\/\/www.folkland.lv\/wp-content\/uploads\/2023\/08\/IMG_2366c.jpg\",\"datePublished\":\"2023-08-15T09:58:25+00:00\",\"dateModified\":\"2023-08-23T13:15:12+00:00\",\"breadcrumb\":{\"@id\":\"https:\/\/www.folkland.lv\/et\/prece\/sahtliga-vorevoodi-80-cm-x-150cm-copy-copy-copy-2\/#breadcrumb\"},\"inLanguage\":\"et\",\"potentialAction\":[{\"@type\":\"ReadAction\",\"target\":[\"https:\/\/www.folkland.lv\/et\/prece\/sahtliga-vorevoodi-80-cm-x-150cm-copy-copy-copy-2\/\"]}]},{\"@type\":\"ImageObject\",\"inLanguage\":\"et\",\"@id\":\"https:\/\/www.folkland.lv\/et\/prece\/sahtliga-vorevoodi-80-cm-x-150cm-copy-copy-copy-2\/#primaryimage\",\"url\":\"https:\/\/www.folkland.lv\/wp-content\/uploads\/2023\/08\/IMG_2366c.jpg\",\"contentUrl\":\"https:\/\/www.folkland.lv\/wp-content\/uploads\/2023\/08\/IMG_2366c.jpg\",\"width\":1650,\"height\":1100,\"caption\":\"B\u0113rnu gulta ar rakst\u0101mgaldu un papildus gu\u013camvietu\"},{\"@type\":\"BreadcrumbList\",\"@id\":\"https:\/\/www.folkland.lv\/et\/prece\/sahtliga-vorevoodi-80-cm-x-150cm-copy-copy-copy-2\/#breadcrumb\",\"itemListElement\":[{\"@type\":\"ListItem\",\"position\":1,\"name\":\"Algus\",\"item\":\"https:\/\/www.folkland.lv\/et\/\"},{\"@type\":\"ListItem\",\"position\":2,\"name\":\"Pood\",\"item\":\"https:\/\/www.folkland.lv\/et\/pood\/\"},{\"@type\":\"ListItem\",\"position\":3,\"name\":\"412 Lastevoodi koos laua ja lisavoodiga &#8220;SMART&#8221; 90cm x 190cm FLK GS04\"}]},{\"@type\":\"WebSite\",\"@id\":\"https:\/\/www.folkland.lv\/#website\",\"url\":\"https:\/\/www.folkland.lv\/\",\"name\":\"Folkland\",\"description\":\"\",\"potentialAction\":[{\"@type\":\"SearchAction\",\"target\":{\"@type\":\"EntryPoint\",\"urlTemplate\":\"https:\/\/www.folkland.lv\/?s={search_term_string}\"},\"query-input\":\"required name=search_term_string\"}],\"inLanguage\":\"et\"}]}<\/script>\n<!-- \/ Yoast SEO plugin. -->","yoast_head_json":{"title":"412 Lastevoodi koos laua ja lisavoodiga \"SMART\" 90cm x 190cm FLK GS04 - Folkland","robots":{"index":"index","follow":"follow","max-snippet":"max-snippet:-1","max-image-preview":"max-image-preview:large","max-video-preview":"max-video-preview:-1"},"canonical":"https:\/\/www.folkland.lv\/et\/prece\/sahtliga-vorevoodi-80-cm-x-150cm-copy-copy-copy-2\/","og_locale":"et_EE","og_type":"article","og_title":"412 Lastevoodi koos laua ja lisavoodiga \"SMART\" 90cm x 190cm FLK GS04 - Folkland","og_description":"Laste lisavoodi koos lisavoodiga   L\u00e4tis valmistatud \"Smart bed with extra bed\" on ideaalne lahendus moodsasse lastetoas;  SMART-voodid on multifunktsionaalne element lastetoas;  See sobib ideaalselt magamiseks ja puhkamiseks ning vabastab rohkem ruumi m\u00e4ngude ja meelelahutuse jaoks.  T\u00e4nu atraktiivsele ja kergele disainile n\u00e4eb voodi suurep\u00e4raselt v\u00e4lja igas interj\u00f6\u00f6ris;","og_url":"https:\/\/www.folkland.lv\/et\/prece\/sahtliga-vorevoodi-80-cm-x-150cm-copy-copy-copy-2\/","og_site_name":"Folkland","article_modified_time":"2023-08-23T13:15:12+00:00","og_image":[{"width":1650,"height":1100,"url":"https:\/\/www.folkland.lv\/wp-content\/uploads\/2023\/08\/IMG_2366c.jpg","type":"image\/jpeg"}],"twitter_card":"summary_large_image","twitter_misc":{"Est. reading time":"1 minut"},"schema":{"@context":"https:\/\/schema.org","@graph":[{"@type":"WebPage","@id":"https:\/\/www.folkland.lv\/et\/prece\/sahtliga-vorevoodi-80-cm-x-150cm-copy-copy-copy-2\/","url":"https:\/\/www.folkland.lv\/et\/prece\/sahtliga-vorevoodi-80-cm-x-150cm-copy-copy-copy-2\/","name":"412 Lastevoodi koos laua ja lisavoodiga \"SMART\" 90cm x 190cm FLK GS04 - Folkland","isPartOf":{"@id":"https:\/\/www.folkland.lv\/#website"},"primaryImageOfPage":{"@id":"https:\/\/www.folkland.lv\/et\/prece\/sahtliga-vorevoodi-80-cm-x-150cm-copy-copy-copy-2\/#primaryimage"},"image":{"@id":"https:\/\/www.folkland.lv\/et\/prece\/sahtliga-vorevoodi-80-cm-x-150cm-copy-copy-copy-2\/#primaryimage"},"thumbnailUrl":"https:\/\/www.folkland.lv\/wp-content\/uploads\/2023\/08\/IMG_2366c.jpg","datePublished":"2023-08-15T09:58:25+00:00","dateModified":"2023-08-23T13:15:12+00:00","breadcrumb":{"@id":"https:\/\/www.folkland.lv\/et\/prece\/sahtliga-vorevoodi-80-cm-x-150cm-copy-copy-copy-2\/#breadcrumb"},"inLanguage":"et","potentialAction":[{"@type":"ReadAction","target":["https:\/\/www.folkland.lv\/et\/prece\/sahtliga-vorevoodi-80-cm-x-150cm-copy-copy-copy-2\/"]}]},{"@type":"ImageObject","inLanguage":"et","@id":"https:\/\/www.folkland.lv\/et\/prece\/sahtliga-vorevoodi-80-cm-x-150cm-copy-copy-copy-2\/#primaryimage","url":"https:\/\/www.folkland.lv\/wp-content\/uploads\/2023\/08\/IMG_2366c.jpg","contentUrl":"https:\/\/www.folkland.lv\/wp-content\/uploads\/2023\/08\/IMG_2366c.jpg","width":1650,"height":1100,"caption":"B\u0113rnu gulta ar rakst\u0101mgaldu un papildus gu\u013camvietu"},{"@type":"BreadcrumbList","@id":"https:\/\/www.folkland.lv\/et\/prece\/sahtliga-vorevoodi-80-cm-x-150cm-copy-copy-copy-2\/#breadcrumb","itemListElement":[{"@type":"ListItem","position":1,"name":"Algus","item":"https:\/\/www.folkland.lv\/et\/"},{"@type":"ListItem","position":2,"name":"Pood","item":"https:\/\/www.folkland.lv\/et\/pood\/"},{"@type":"ListItem","position":3,"name":"412 Lastevoodi koos laua ja lisavoodiga &#8220;SMART&#8221; 90cm x 190cm FLK GS04"}]},{"@type":"WebSite","@id":"https:\/\/www.folkland.lv\/#website","url":"https:\/\/www.folkland.lv\/","name":"Folkland","description":"","potentialAction":[{"@type":"SearchAction","target":{"@type":"EntryPoint","urlTemplate":"https:\/\/www.folkland.lv\/?s={search_term_string}"},"query-input":"required name=search_term_string"}],"inLanguage":"et"}]}},"_links":{"self":[{"href":"https:\/\/www.folkland.lv\/et\/wp-json\/wp\/v2\/product\/37688"}],"collection":[{"href":"https:\/\/www.folkland.lv\/et\/wp-json\/wp\/v2\/product"}],"about":[{"href":"https:\/\/www.folkland.lv\/et\/wp-json\/wp\/v2\/types\/product"}],"version-history":[{"count":2,"href":"https:\/\/www.folkland.lv\/et\/wp-json\/wp\/v2\/product\/37688\/revisions"}],"predecessor-version":[{"id":37868,"href":"https:\/\/www.folkland.lv\/et\/wp-json\/wp\/v2\/product\/37688\/revisions\/37868"}],"wp:featuredmedia":[{"embeddable":true,"href":"https:\/\/www.folkland.lv\/et\/wp-json\/wp\/v2\/media\/37692"}],"wp:attachment":[{"href":"https:\/\/www.folkland.lv\/et\/wp-json\/wp\/v2\/media?parent=37688"}],"wp:term":[{"taxonomy":"product_cat","embeddable":true,"href":"https:\/\/www.folkland.lv\/et\/wp-json\/wp\/v2\/product_cat?post=37688"},{"taxonomy":"product_tag","embeddable":true,"href":"https:\/\/www.folkland.lv\/et\/wp-json\/wp\/v2\/product_tag?post=37688"}],"curies":[{"name":"wp","href":"https:\/\/api.w.org\/{rel}","templated":true}]}}