{"id":37199,"date":"2021-08-24T15:41:04","date_gmt":"2023-07-28T09:44:01","guid":{"rendered":"https:\/\/www.folkland.lv\/?post_type=product&#038;p=37199"},"modified":"2023-07-28T12:44:01","modified_gmt":"2023-07-28T09:44:01","slug":"voodi-amm-mirum-1","status":"publish","type":"product","link":"https:\/\/www.folkland.lv\/et\/prece\/voodi-amm-mirum-1\/","title":{"rendered":"Voodi AMM MIRUM 1"},"content":{"rendered":"<p><strong>TOOTEINFO:<\/strong><\/p>\n<ul>\n<li>Pikkus: 2080 mm;<\/li>\n<li>s\u00fcgavus: 940 mm;<\/li>\n<li>K\u00f5rgus: 1000 mm;<\/li>\n<li>Kapi materjal: lamineeritud puitlaastplaat;<\/li>\n<li>Plaadi paksus: 22 mm;<\/li>\n<li>V\u00e4rv: valge\/hall;<\/li>\n<\/ul>\n<p><span style=\"color: #ff0000;\"><strong>Madrats ei kuulu hinna sisse!<\/strong><\/span><\/p>\n<p>Tootja: Poola;<\/p>\n","protected":false},"excerpt":{"rendered":"<p><strong>Muinasjutuline disain!<\/strong><br \/>\nIga laps tahab oma tuppa muinasjutulisi kaunistusi. Pidades silmas k\u00f5ige nooremaid unistusi, pakume MIRUMi kollektsiooni, mis on inspireeritud \u00fclemaailmsetest trendidest ja vastab k\u00f5rgeimatele ohutusn\u00f5uetele. Need imelised m\u00f6\u00f6blimajad muutuvad lastetoas m\u00e4nguv\u00e4ljakuks!<\/p>\n","protected":false},"featured_media":14720,"template":"","meta":{"_acf_changed":false},"product_cat":[279,281],"product_tag":[],"acf":[],"yoast_head":"<!-- This site is optimized with the Yoast SEO plugin v23.0 - https:\/\/yoast.com\/wordpress\/plugins\/seo\/ -->\n<title>Voodi AMM MIRUM 1 - Folkland<\/title>\n<meta name=\"robots\" content=\"index, follow, max-snippet:-1, max-image-preview:large, max-video-preview:-1\" \/>\n<link rel=\"canonical\" href=\"https:\/\/www.folkland.lv\/et\/prece\/voodi-amm-mirum-1\/\" \/>\n<meta property=\"og:locale\" content=\"et_EE\" \/>\n<meta property=\"og:type\" content=\"article\" \/>\n<meta property=\"og:title\" content=\"Voodi AMM MIRUM 1 - Folkland\" \/>\n<meta property=\"og:description\" content=\"Muinasjutuline disain! Iga laps tahab oma tuppa muinasjutulisi kaunistusi. Pidades silmas k\u00f5ige nooremaid unistusi, pakume MIRUMi kollektsiooni, mis on inspireeritud \u00fclemaailmsetest trendidest ja vastab k\u00f5rgeimatele ohutusn\u00f5uetele. Need imelised m\u00f6\u00f6blimajad muutuvad lastetoas m\u00e4nguv\u00e4ljakuks!\" \/>\n<meta property=\"og:url\" content=\"https:\/\/www.folkland.lv\/et\/prece\/voodi-amm-mirum-1\/\" \/>\n<meta property=\"og:site_name\" content=\"Folkland\" \/>\n<meta property=\"og:image\" content=\"https:\/\/www.folkland.lv\/wp-content\/uploads\/2021\/08\/1073303151_01_F.jpg\" \/>\n\t<meta property=\"og:image:width\" content=\"1200\" \/>\n\t<meta property=\"og:image:height\" content=\"800\" \/>\n\t<meta property=\"og:image:type\" content=\"image\/jpeg\" \/>\n<meta name=\"twitter:card\" content=\"summary_large_image\" \/>\n<meta name=\"twitter:label1\" content=\"Est. reading time\" \/>\n\t<meta name=\"twitter:data1\" content=\"1 minut\" \/>\n<script type=\"application\/ld+json\" class=\"yoast-schema-graph\">{\"@context\":\"https:\/\/schema.org\",\"@graph\":[{\"@type\":\"WebPage\",\"@id\":\"https:\/\/www.folkland.lv\/et\/prece\/voodi-amm-mirum-1\/\",\"url\":\"https:\/\/www.folkland.lv\/et\/prece\/voodi-amm-mirum-1\/\",\"name\":\"Voodi AMM MIRUM 1 - Folkland\",\"isPartOf\":{\"@id\":\"https:\/\/www.folkland.lv\/#website\"},\"primaryImageOfPage\":{\"@id\":\"https:\/\/www.folkland.lv\/et\/prece\/voodi-amm-mirum-1\/#primaryimage\"},\"image\":{\"@id\":\"https:\/\/www.folkland.lv\/et\/prece\/voodi-amm-mirum-1\/#primaryimage\"},\"thumbnailUrl\":\"https:\/\/www.folkland.lv\/wp-content\/uploads\/2021\/08\/1073303151_01_F.jpg\",\"datePublished\":\"2023-07-28T09:44:01+00:00\",\"dateModified\":\"2023-07-28T09:44:01+00:00\",\"breadcrumb\":{\"@id\":\"https:\/\/www.folkland.lv\/et\/prece\/voodi-amm-mirum-1\/#breadcrumb\"},\"inLanguage\":\"et\",\"potentialAction\":[{\"@type\":\"ReadAction\",\"target\":[\"https:\/\/www.folkland.lv\/et\/prece\/voodi-amm-mirum-1\/\"]}]},{\"@type\":\"ImageObject\",\"inLanguage\":\"et\",\"@id\":\"https:\/\/www.folkland.lv\/et\/prece\/voodi-amm-mirum-1\/#primaryimage\",\"url\":\"https:\/\/www.folkland.lv\/wp-content\/uploads\/2021\/08\/1073303151_01_F.jpg\",\"contentUrl\":\"https:\/\/www.folkland.lv\/wp-content\/uploads\/2021\/08\/1073303151_01_F.jpg\",\"width\":1200,\"height\":800},{\"@type\":\"BreadcrumbList\",\"@id\":\"https:\/\/www.folkland.lv\/et\/prece\/voodi-amm-mirum-1\/#breadcrumb\",\"itemListElement\":[{\"@type\":\"ListItem\",\"position\":1,\"name\":\"Algus\",\"item\":\"https:\/\/www.folkland.lv\/et\/\"},{\"@type\":\"ListItem\",\"position\":2,\"name\":\"Pood\",\"item\":\"https:\/\/www.folkland.lv\/et\/pood\/\"},{\"@type\":\"ListItem\",\"position\":3,\"name\":\"Voodi AMM MIRUM 1\"}]},{\"@type\":\"WebSite\",\"@id\":\"https:\/\/www.folkland.lv\/#website\",\"url\":\"https:\/\/www.folkland.lv\/\",\"name\":\"Folkland\",\"description\":\"\",\"potentialAction\":[{\"@type\":\"SearchAction\",\"target\":{\"@type\":\"EntryPoint\",\"urlTemplate\":\"https:\/\/www.folkland.lv\/?s={search_term_string}\"},\"query-input\":\"required name=search_term_string\"}],\"inLanguage\":\"et\"}]}<\/script>\n<!-- \/ Yoast SEO plugin. -->","yoast_head_json":{"title":"Voodi AMM MIRUM 1 - Folkland","robots":{"index":"index","follow":"follow","max-snippet":"max-snippet:-1","max-image-preview":"max-image-preview:large","max-video-preview":"max-video-preview:-1"},"canonical":"https:\/\/www.folkland.lv\/et\/prece\/voodi-amm-mirum-1\/","og_locale":"et_EE","og_type":"article","og_title":"Voodi AMM MIRUM 1 - Folkland","og_description":"Muinasjutuline disain! Iga laps tahab oma tuppa muinasjutulisi kaunistusi. Pidades silmas k\u00f5ige nooremaid unistusi, pakume MIRUMi kollektsiooni, mis on inspireeritud \u00fclemaailmsetest trendidest ja vastab k\u00f5rgeimatele ohutusn\u00f5uetele. Need imelised m\u00f6\u00f6blimajad muutuvad lastetoas m\u00e4nguv\u00e4ljakuks!","og_url":"https:\/\/www.folkland.lv\/et\/prece\/voodi-amm-mirum-1\/","og_site_name":"Folkland","og_image":[{"width":1200,"height":800,"url":"https:\/\/www.folkland.lv\/wp-content\/uploads\/2021\/08\/1073303151_01_F.jpg","type":"image\/jpeg"}],"twitter_card":"summary_large_image","twitter_misc":{"Est. reading time":"1 minut"},"schema":{"@context":"https:\/\/schema.org","@graph":[{"@type":"WebPage","@id":"https:\/\/www.folkland.lv\/et\/prece\/voodi-amm-mirum-1\/","url":"https:\/\/www.folkland.lv\/et\/prece\/voodi-amm-mirum-1\/","name":"Voodi AMM MIRUM 1 - Folkland","isPartOf":{"@id":"https:\/\/www.folkland.lv\/#website"},"primaryImageOfPage":{"@id":"https:\/\/www.folkland.lv\/et\/prece\/voodi-amm-mirum-1\/#primaryimage"},"image":{"@id":"https:\/\/www.folkland.lv\/et\/prece\/voodi-amm-mirum-1\/#primaryimage"},"thumbnailUrl":"https:\/\/www.folkland.lv\/wp-content\/uploads\/2021\/08\/1073303151_01_F.jpg","datePublished":"2023-07-28T09:44:01+00:00","dateModified":"2023-07-28T09:44:01+00:00","breadcrumb":{"@id":"https:\/\/www.folkland.lv\/et\/prece\/voodi-amm-mirum-1\/#breadcrumb"},"inLanguage":"et","potentialAction":[{"@type":"ReadAction","target":["https:\/\/www.folkland.lv\/et\/prece\/voodi-amm-mirum-1\/"]}]},{"@type":"ImageObject","inLanguage":"et","@id":"https:\/\/www.folkland.lv\/et\/prece\/voodi-amm-mirum-1\/#primaryimage","url":"https:\/\/www.folkland.lv\/wp-content\/uploads\/2021\/08\/1073303151_01_F.jpg","contentUrl":"https:\/\/www.folkland.lv\/wp-content\/uploads\/2021\/08\/1073303151_01_F.jpg","width":1200,"height":800},{"@type":"BreadcrumbList","@id":"https:\/\/www.folkland.lv\/et\/prece\/voodi-amm-mirum-1\/#breadcrumb","itemListElement":[{"@type":"ListItem","position":1,"name":"Algus","item":"https:\/\/www.folkland.lv\/et\/"},{"@type":"ListItem","position":2,"name":"Pood","item":"https:\/\/www.folkland.lv\/et\/pood\/"},{"@type":"ListItem","position":3,"name":"Voodi AMM MIRUM 1"}]},{"@type":"WebSite","@id":"https:\/\/www.folkland.lv\/#website","url":"https:\/\/www.folkland.lv\/","name":"Folkland","description":"","potentialAction":[{"@type":"SearchAction","target":{"@type":"EntryPoint","urlTemplate":"https:\/\/www.folkland.lv\/?s={search_term_string}"},"query-input":"required name=search_term_string"}],"inLanguage":"et"}]}},"_links":{"self":[{"href":"https:\/\/www.folkland.lv\/et\/wp-json\/wp\/v2\/product\/37199"}],"collection":[{"href":"https:\/\/www.folkland.lv\/et\/wp-json\/wp\/v2\/product"}],"about":[{"href":"https:\/\/www.folkland.lv\/et\/wp-json\/wp\/v2\/types\/product"}],"version-history":[{"count":1,"href":"https:\/\/www.folkland.lv\/et\/wp-json\/wp\/v2\/product\/37199\/revisions"}],"predecessor-version":[{"id":37204,"href":"https:\/\/www.folkland.lv\/et\/wp-json\/wp\/v2\/product\/37199\/revisions\/37204"}],"wp:featuredmedia":[{"embeddable":true,"href":"https:\/\/www.folkland.lv\/et\/wp-json\/wp\/v2\/media\/14720"}],"wp:attachment":[{"href":"https:\/\/www.folkland.lv\/et\/wp-json\/wp\/v2\/media?parent=37199"}],"wp:term":[{"taxonomy":"product_cat","embeddable":true,"href":"https:\/\/www.folkland.lv\/et\/wp-json\/wp\/v2\/product_cat?post=37199"},{"taxonomy":"product_tag","embeddable":true,"href":"https:\/\/www.folkland.lv\/et\/wp-json\/wp\/v2\/product_tag?post=37199"}],"curies":[{"name":"wp","href":"https:\/\/api.w.org\/{rel}","templated":true}]}}