{"id":37164,"date":"2019-01-11T13:01:39","date_gmt":"2023-07-28T09:35:17","guid":{"rendered":"https:\/\/www.folkland.lv\/?post_type=product&#038;p=37164"},"modified":"2023-08-23T16:22:20","modified_gmt":"2023-08-23T13:22:20","slug":"uhekohaline-puidust-voodi-lastele-110cm-x-2100cm","status":"publish","type":"product","link":"https:\/\/www.folkland.lv\/et\/prece\/uhekohaline-puidust-voodi-lastele-110cm-x-2100cm\/","title":{"rendered":"417 \u00dchekohaline puidust voodi lastele 110cm x 2100cm"},"content":{"rendered":"<p><strong>Voodi m\u00f5\u00f5tmed:<\/strong><\/p>\n<ul>\n<li>Laius &#8211; 110cm<\/li>\n<li>Pikkus &#8211; 2100cm<\/li>\n<li>K\u00f5rgus &#8211; 75cm<\/li>\n<li>Kaasa arvatud madratsi tugilauad;<\/li>\n<li>Komplektis on furnituurid ja kokkupaneku juhised;<\/li>\n<li>See toode n\u00f5uab kokkupanekut;<\/li>\n<li>Tarnitakse lahtiv\u00f5etuna (pakend, pappkast, PVC-kile).<\/li>\n<\/ul>\n<p>Materjal &#8211; m\u00e4nd;<\/p>\n<p>Viimistlus &#8211; Lakk;<\/p>\n<p>Hind ei sisalda &#8211; Voodipesu, samuti muud sisustustarvikud.<\/p>\n<p>Tootmine ja tarne 1-2 n\u00e4dalat, kui ei ole laos;<\/p>\n","protected":false},"excerpt":{"rendered":"<p>\u00dchekohaline puidust lastevoodi naturaalsest m\u00e4nnipuidust.<\/p>\n<p>L\u00e4tis valmistatud massiivne kasevoodi, L\u00e4ti m\u00e4nnist. Voodi disain on v\u00e4ga kerge ja lihtne, seega sobib see h\u00e4sti nii klassikalisse interj\u00f6\u00f6ri kui ka maa- ja puhkemaja, k\u00e4mpingusse.<\/p>\n","protected":false},"featured_media":37170,"template":"","meta":{"_acf_changed":false},"product_cat":[537,279,281],"product_tag":[],"acf":[],"yoast_head":"<!-- This site is optimized with the Yoast SEO plugin v23.0 - https:\/\/yoast.com\/wordpress\/plugins\/seo\/ -->\n<title>417 \u00dchekohaline puidust voodi lastele 110cm x 2100cm - Folkland<\/title>\n<meta name=\"robots\" content=\"index, follow, max-snippet:-1, max-image-preview:large, max-video-preview:-1\" \/>\n<link rel=\"canonical\" href=\"https:\/\/www.folkland.lv\/et\/prece\/uhekohaline-puidust-voodi-lastele-110cm-x-2100cm\/\" \/>\n<meta property=\"og:locale\" content=\"et_EE\" \/>\n<meta property=\"og:type\" content=\"article\" \/>\n<meta property=\"og:title\" content=\"417 \u00dchekohaline puidust voodi lastele 110cm x 2100cm - Folkland\" \/>\n<meta property=\"og:description\" content=\"\u00dchekohaline puidust lastevoodi naturaalsest m\u00e4nnipuidust.  L\u00e4tis valmistatud massiivne kasevoodi, L\u00e4ti m\u00e4nnist. Voodi disain on v\u00e4ga kerge ja lihtne, seega sobib see h\u00e4sti nii klassikalisse interj\u00f6\u00f6ri kui ka maa- ja puhkemaja, k\u00e4mpingusse.\" \/>\n<meta property=\"og:url\" content=\"https:\/\/www.folkland.lv\/et\/prece\/uhekohaline-puidust-voodi-lastele-110cm-x-2100cm\/\" \/>\n<meta property=\"og:site_name\" content=\"Folkland\" \/>\n<meta property=\"article:modified_time\" content=\"2023-08-23T13:22:20+00:00\" \/>\n<meta property=\"og:image\" content=\"https:\/\/www.folkland.lv\/wp-content\/uploads\/2019\/01\/voodi_nr1_vers2_jpg-e03de82540a17dce0a835d64a1350147.jpg\" \/>\n\t<meta property=\"og:image:width\" content=\"1020\" \/>\n\t<meta property=\"og:image:height\" content=\"680\" \/>\n\t<meta property=\"og:image:type\" content=\"image\/jpeg\" \/>\n<meta name=\"twitter:card\" content=\"summary_large_image\" \/>\n<meta name=\"twitter:label1\" content=\"Est. reading time\" \/>\n\t<meta name=\"twitter:data1\" content=\"1 minut\" \/>\n<script type=\"application\/ld+json\" class=\"yoast-schema-graph\">{\"@context\":\"https:\/\/schema.org\",\"@graph\":[{\"@type\":\"WebPage\",\"@id\":\"https:\/\/www.folkland.lv\/et\/prece\/uhekohaline-puidust-voodi-lastele-110cm-x-2100cm\/\",\"url\":\"https:\/\/www.folkland.lv\/et\/prece\/uhekohaline-puidust-voodi-lastele-110cm-x-2100cm\/\",\"name\":\"417 \u00dchekohaline puidust voodi lastele 110cm x 2100cm - Folkland\",\"isPartOf\":{\"@id\":\"https:\/\/www.folkland.lv\/#website\"},\"primaryImageOfPage\":{\"@id\":\"https:\/\/www.folkland.lv\/et\/prece\/uhekohaline-puidust-voodi-lastele-110cm-x-2100cm\/#primaryimage\"},\"image\":{\"@id\":\"https:\/\/www.folkland.lv\/et\/prece\/uhekohaline-puidust-voodi-lastele-110cm-x-2100cm\/#primaryimage\"},\"thumbnailUrl\":\"https:\/\/www.folkland.lv\/wp-content\/uploads\/2019\/01\/voodi_nr1_vers2_jpg-e03de82540a17dce0a835d64a1350147.jpg\",\"datePublished\":\"2023-07-28T09:35:17+00:00\",\"dateModified\":\"2023-08-23T13:22:20+00:00\",\"breadcrumb\":{\"@id\":\"https:\/\/www.folkland.lv\/et\/prece\/uhekohaline-puidust-voodi-lastele-110cm-x-2100cm\/#breadcrumb\"},\"inLanguage\":\"et\",\"potentialAction\":[{\"@type\":\"ReadAction\",\"target\":[\"https:\/\/www.folkland.lv\/et\/prece\/uhekohaline-puidust-voodi-lastele-110cm-x-2100cm\/\"]}]},{\"@type\":\"ImageObject\",\"inLanguage\":\"et\",\"@id\":\"https:\/\/www.folkland.lv\/et\/prece\/uhekohaline-puidust-voodi-lastele-110cm-x-2100cm\/#primaryimage\",\"url\":\"https:\/\/www.folkland.lv\/wp-content\/uploads\/2019\/01\/voodi_nr1_vers2_jpg-e03de82540a17dce0a835d64a1350147.jpg\",\"contentUrl\":\"https:\/\/www.folkland.lv\/wp-content\/uploads\/2019\/01\/voodi_nr1_vers2_jpg-e03de82540a17dce0a835d64a1350147.jpg\",\"width\":1020,\"height\":680},{\"@type\":\"BreadcrumbList\",\"@id\":\"https:\/\/www.folkland.lv\/et\/prece\/uhekohaline-puidust-voodi-lastele-110cm-x-2100cm\/#breadcrumb\",\"itemListElement\":[{\"@type\":\"ListItem\",\"position\":1,\"name\":\"Algus\",\"item\":\"https:\/\/www.folkland.lv\/et\/\"},{\"@type\":\"ListItem\",\"position\":2,\"name\":\"Pood\",\"item\":\"https:\/\/www.folkland.lv\/et\/pood\/\"},{\"@type\":\"ListItem\",\"position\":3,\"name\":\"417 \u00dchekohaline puidust voodi lastele 110cm x 2100cm\"}]},{\"@type\":\"WebSite\",\"@id\":\"https:\/\/www.folkland.lv\/#website\",\"url\":\"https:\/\/www.folkland.lv\/\",\"name\":\"Folkland\",\"description\":\"\",\"potentialAction\":[{\"@type\":\"SearchAction\",\"target\":{\"@type\":\"EntryPoint\",\"urlTemplate\":\"https:\/\/www.folkland.lv\/?s={search_term_string}\"},\"query-input\":\"required name=search_term_string\"}],\"inLanguage\":\"et\"}]}<\/script>\n<!-- \/ Yoast SEO plugin. -->","yoast_head_json":{"title":"417 \u00dchekohaline puidust voodi lastele 110cm x 2100cm - Folkland","robots":{"index":"index","follow":"follow","max-snippet":"max-snippet:-1","max-image-preview":"max-image-preview:large","max-video-preview":"max-video-preview:-1"},"canonical":"https:\/\/www.folkland.lv\/et\/prece\/uhekohaline-puidust-voodi-lastele-110cm-x-2100cm\/","og_locale":"et_EE","og_type":"article","og_title":"417 \u00dchekohaline puidust voodi lastele 110cm x 2100cm - Folkland","og_description":"\u00dchekohaline puidust lastevoodi naturaalsest m\u00e4nnipuidust.  L\u00e4tis valmistatud massiivne kasevoodi, L\u00e4ti m\u00e4nnist. Voodi disain on v\u00e4ga kerge ja lihtne, seega sobib see h\u00e4sti nii klassikalisse interj\u00f6\u00f6ri kui ka maa- ja puhkemaja, k\u00e4mpingusse.","og_url":"https:\/\/www.folkland.lv\/et\/prece\/uhekohaline-puidust-voodi-lastele-110cm-x-2100cm\/","og_site_name":"Folkland","article_modified_time":"2023-08-23T13:22:20+00:00","og_image":[{"width":1020,"height":680,"url":"https:\/\/www.folkland.lv\/wp-content\/uploads\/2019\/01\/voodi_nr1_vers2_jpg-e03de82540a17dce0a835d64a1350147.jpg","type":"image\/jpeg"}],"twitter_card":"summary_large_image","twitter_misc":{"Est. reading time":"1 minut"},"schema":{"@context":"https:\/\/schema.org","@graph":[{"@type":"WebPage","@id":"https:\/\/www.folkland.lv\/et\/prece\/uhekohaline-puidust-voodi-lastele-110cm-x-2100cm\/","url":"https:\/\/www.folkland.lv\/et\/prece\/uhekohaline-puidust-voodi-lastele-110cm-x-2100cm\/","name":"417 \u00dchekohaline puidust voodi lastele 110cm x 2100cm - Folkland","isPartOf":{"@id":"https:\/\/www.folkland.lv\/#website"},"primaryImageOfPage":{"@id":"https:\/\/www.folkland.lv\/et\/prece\/uhekohaline-puidust-voodi-lastele-110cm-x-2100cm\/#primaryimage"},"image":{"@id":"https:\/\/www.folkland.lv\/et\/prece\/uhekohaline-puidust-voodi-lastele-110cm-x-2100cm\/#primaryimage"},"thumbnailUrl":"https:\/\/www.folkland.lv\/wp-content\/uploads\/2019\/01\/voodi_nr1_vers2_jpg-e03de82540a17dce0a835d64a1350147.jpg","datePublished":"2023-07-28T09:35:17+00:00","dateModified":"2023-08-23T13:22:20+00:00","breadcrumb":{"@id":"https:\/\/www.folkland.lv\/et\/prece\/uhekohaline-puidust-voodi-lastele-110cm-x-2100cm\/#breadcrumb"},"inLanguage":"et","potentialAction":[{"@type":"ReadAction","target":["https:\/\/www.folkland.lv\/et\/prece\/uhekohaline-puidust-voodi-lastele-110cm-x-2100cm\/"]}]},{"@type":"ImageObject","inLanguage":"et","@id":"https:\/\/www.folkland.lv\/et\/prece\/uhekohaline-puidust-voodi-lastele-110cm-x-2100cm\/#primaryimage","url":"https:\/\/www.folkland.lv\/wp-content\/uploads\/2019\/01\/voodi_nr1_vers2_jpg-e03de82540a17dce0a835d64a1350147.jpg","contentUrl":"https:\/\/www.folkland.lv\/wp-content\/uploads\/2019\/01\/voodi_nr1_vers2_jpg-e03de82540a17dce0a835d64a1350147.jpg","width":1020,"height":680},{"@type":"BreadcrumbList","@id":"https:\/\/www.folkland.lv\/et\/prece\/uhekohaline-puidust-voodi-lastele-110cm-x-2100cm\/#breadcrumb","itemListElement":[{"@type":"ListItem","position":1,"name":"Algus","item":"https:\/\/www.folkland.lv\/et\/"},{"@type":"ListItem","position":2,"name":"Pood","item":"https:\/\/www.folkland.lv\/et\/pood\/"},{"@type":"ListItem","position":3,"name":"417 \u00dchekohaline puidust voodi lastele 110cm x 2100cm"}]},{"@type":"WebSite","@id":"https:\/\/www.folkland.lv\/#website","url":"https:\/\/www.folkland.lv\/","name":"Folkland","description":"","potentialAction":[{"@type":"SearchAction","target":{"@type":"EntryPoint","urlTemplate":"https:\/\/www.folkland.lv\/?s={search_term_string}"},"query-input":"required name=search_term_string"}],"inLanguage":"et"}]}},"_links":{"self":[{"href":"https:\/\/www.folkland.lv\/et\/wp-json\/wp\/v2\/product\/37164"}],"collection":[{"href":"https:\/\/www.folkland.lv\/et\/wp-json\/wp\/v2\/product"}],"about":[{"href":"https:\/\/www.folkland.lv\/et\/wp-json\/wp\/v2\/types\/product"}],"version-history":[{"count":2,"href":"https:\/\/www.folkland.lv\/et\/wp-json\/wp\/v2\/product\/37164\/revisions"}],"predecessor-version":[{"id":37897,"href":"https:\/\/www.folkland.lv\/et\/wp-json\/wp\/v2\/product\/37164\/revisions\/37897"}],"wp:featuredmedia":[{"embeddable":true,"href":"https:\/\/www.folkland.lv\/et\/wp-json\/wp\/v2\/media\/37170"}],"wp:attachment":[{"href":"https:\/\/www.folkland.lv\/et\/wp-json\/wp\/v2\/media?parent=37164"}],"wp:term":[{"taxonomy":"product_cat","embeddable":true,"href":"https:\/\/www.folkland.lv\/et\/wp-json\/wp\/v2\/product_cat?post=37164"},{"taxonomy":"product_tag","embeddable":true,"href":"https:\/\/www.folkland.lv\/et\/wp-json\/wp\/v2\/product_tag?post=37164"}],"curies":[{"name":"wp","href":"https:\/\/api.w.org\/{rel}","templated":true}]}}