{"id":36664,"date":"2023-07-21T12:13:00","date_gmt":"2023-07-21T09:23:24","guid":{"rendered":"https:\/\/www.folkland.lv\/?post_type=product&#038;p=36664"},"modified":"2023-07-21T12:23:24","modified_gmt":"2023-07-21T09:23:24","slug":"ortopeediline-madrats-vegas-h20","status":"publish","type":"product","link":"https:\/\/www.folkland.lv\/et\/prece\/ortopeediline-madrats-vegas-h20\/","title":{"rendered":"Ortopeediline madrats &#8220;Vegas&#8221; H20"},"content":{"rendered":"<p>Kombineeritud madratsi mudel &#8220;Vegas&#8221; erineva k\u00f5vadusega k\u00fclgedega. Madratsi aluseks on anatoomiline &#8220;Pocket Springs&#8221; \u00fcksus, mis koosneb s\u00f5ltumatutest vedrudest (250 vedru\/m2) &#8211; tagab punktilise toe, kohandub kergesti keha kujuga ja toetab selgroogu selle loomulikus asendis. Selline vedru\u00fcksus v\u00f5imaldab koormuse \u00fchtlast jaotumist kogu madratsi pinnal. Vedru\u00fcksust kaitseb m\u00f5lemalt poolt tugevdatud villane vatiin (vastupidav, elastne, tihe, niiskust h\u00fclgav ja v\u00e4ga kerge materjal). Madratsi pealmine kiht koosneb perforeeritud lateksist (looduslik materjal) &#8211; vastupidav tolmulestadele ja bakteritele. \u00d5huringlusaukude ja kanalite s\u00fcsteem soodustab madratsi sisemuses suurep\u00e4rast ventilatsiooni, mis muudab selle h\u00fcgieeniliselt t\u00e4iuslikuks. Madratsi alumine kiht on valmistatud kookoskiust &#8211; looduslikust, elastsest t\u00e4idisest, mis annab madratsile teiselt poolt ortopeedilise k\u00f5vaduse, pakkudes optimaalselt tugevat tuge une ajal.<\/p>\n<p>Koostis:<\/p>\n<ul>\n<li>Eemaldatav tepitud kate;<\/li>\n<li>Puuvill;<\/li>\n<li>Perforeeritud lateks 3cm;<\/li>\n<li>Ormed fibretex;<\/li>\n<li>Taskuvedrud;<\/li>\n<li>Ormate fibretex;<\/li>\n<li>Puidust seederplaat 2cm;<\/li>\n<li>Puuvill;<\/li>\n<li>Madratsi k\u00f5rgus 20cm;<\/li>\n<\/ul>\n","protected":false},"excerpt":{"rendered":"<p><strong>Madratsi eelised:<\/strong><\/p>\n<ul>\n<li>Hea \u00f5hu l\u00e4bilaskvus ja niiskuskontrolli omadused;<\/li>\n<li>pakub \u00fchtlast tuge k\u00f5ikidele kehaosadele;<\/li>\n<li>annab ortopeedilise efekti;<\/li>\n<li>erineva k\u00f5vadusega k\u00fcljed;<\/li>\n<li>valmistatud ohututest, mittetoksilistest materjalidest;<\/li>\n<li>hea elastsus;<\/li>\n<li>lai suurusvahemik;<\/li>\n<li>talub tugevat koormust;<\/li>\n<li>5-aastane garantii;<\/li>\n<li>valmistatud L\u00e4tis;<\/li>\n<\/ul>\n","protected":false},"featured_media":36631,"template":"","meta":{"_acf_changed":false},"product_cat":[537,294,545],"product_tag":[],"acf":[],"yoast_head":"<!-- This site is optimized with the Yoast SEO plugin v23.0 - https:\/\/yoast.com\/wordpress\/plugins\/seo\/ -->\n<title>Ortopeediline madrats &quot;Vegas&quot; H20 - Folkland<\/title>\n<meta name=\"robots\" content=\"index, follow, max-snippet:-1, max-image-preview:large, max-video-preview:-1\" \/>\n<link rel=\"canonical\" href=\"https:\/\/www.folkland.lv\/et\/prece\/ortopeediline-madrats-vegas-h20\/\" \/>\n<meta property=\"og:locale\" content=\"et_EE\" \/>\n<meta property=\"og:type\" content=\"article\" \/>\n<meta property=\"og:title\" content=\"Ortopeediline madrats &quot;Vegas&quot; H20 - Folkland\" \/>\n<meta property=\"og:description\" content=\"Madratsi eelised:   Hea \u00f5hu l\u00e4bilaskvus ja niiskuskontrolli omadused;  pakub \u00fchtlast tuge k\u00f5ikidele kehaosadele;  annab ortopeedilise efekti;  erineva k\u00f5vadusega k\u00fcljed;  valmistatud ohututest, mittetoksilistest materjalidest;  hea elastsus;  lai suurusvahemik;  talub tugevat koormust;  5-aastane garantii;  valmistatud L\u00e4tis;\" \/>\n<meta property=\"og:url\" content=\"https:\/\/www.folkland.lv\/et\/prece\/ortopeediline-madrats-vegas-h20\/\" \/>\n<meta property=\"og:site_name\" content=\"Folkland\" \/>\n<meta property=\"og:image\" content=\"https:\/\/www.folkland.lv\/wp-content\/uploads\/2023\/07\/Vegas.jpg\" \/>\n\t<meta property=\"og:image:width\" content=\"1920\" \/>\n\t<meta property=\"og:image:height\" content=\"1080\" \/>\n\t<meta property=\"og:image:type\" content=\"image\/jpeg\" \/>\n<meta name=\"twitter:card\" content=\"summary_large_image\" \/>\n<meta name=\"twitter:label1\" content=\"Est. reading time\" \/>\n\t<meta name=\"twitter:data1\" content=\"1 minut\" \/>\n<script type=\"application\/ld+json\" class=\"yoast-schema-graph\">{\"@context\":\"https:\/\/schema.org\",\"@graph\":[{\"@type\":\"WebPage\",\"@id\":\"https:\/\/www.folkland.lv\/et\/prece\/ortopeediline-madrats-vegas-h20\/\",\"url\":\"https:\/\/www.folkland.lv\/et\/prece\/ortopeediline-madrats-vegas-h20\/\",\"name\":\"Ortopeediline madrats \\\"Vegas\\\" H20 - Folkland\",\"isPartOf\":{\"@id\":\"https:\/\/www.folkland.lv\/#website\"},\"primaryImageOfPage\":{\"@id\":\"https:\/\/www.folkland.lv\/et\/prece\/ortopeediline-madrats-vegas-h20\/#primaryimage\"},\"image\":{\"@id\":\"https:\/\/www.folkland.lv\/et\/prece\/ortopeediline-madrats-vegas-h20\/#primaryimage\"},\"thumbnailUrl\":\"https:\/\/www.folkland.lv\/wp-content\/uploads\/2023\/07\/Vegas.jpg\",\"datePublished\":\"2023-07-21T09:23:24+00:00\",\"dateModified\":\"2023-07-21T09:23:24+00:00\",\"breadcrumb\":{\"@id\":\"https:\/\/www.folkland.lv\/et\/prece\/ortopeediline-madrats-vegas-h20\/#breadcrumb\"},\"inLanguage\":\"et\",\"potentialAction\":[{\"@type\":\"ReadAction\",\"target\":[\"https:\/\/www.folkland.lv\/et\/prece\/ortopeediline-madrats-vegas-h20\/\"]}]},{\"@type\":\"ImageObject\",\"inLanguage\":\"et\",\"@id\":\"https:\/\/www.folkland.lv\/et\/prece\/ortopeediline-madrats-vegas-h20\/#primaryimage\",\"url\":\"https:\/\/www.folkland.lv\/wp-content\/uploads\/2023\/07\/Vegas.jpg\",\"contentUrl\":\"https:\/\/www.folkland.lv\/wp-content\/uploads\/2023\/07\/Vegas.jpg\",\"width\":1920,\"height\":1080},{\"@type\":\"BreadcrumbList\",\"@id\":\"https:\/\/www.folkland.lv\/et\/prece\/ortopeediline-madrats-vegas-h20\/#breadcrumb\",\"itemListElement\":[{\"@type\":\"ListItem\",\"position\":1,\"name\":\"Algus\",\"item\":\"https:\/\/www.folkland.lv\/et\/\"},{\"@type\":\"ListItem\",\"position\":2,\"name\":\"Pood\",\"item\":\"https:\/\/www.folkland.lv\/et\/pood\/\"},{\"@type\":\"ListItem\",\"position\":3,\"name\":\"Ortopeediline madrats &#8220;Vegas&#8221; H20\"}]},{\"@type\":\"WebSite\",\"@id\":\"https:\/\/www.folkland.lv\/#website\",\"url\":\"https:\/\/www.folkland.lv\/\",\"name\":\"Folkland\",\"description\":\"\",\"potentialAction\":[{\"@type\":\"SearchAction\",\"target\":{\"@type\":\"EntryPoint\",\"urlTemplate\":\"https:\/\/www.folkland.lv\/?s={search_term_string}\"},\"query-input\":\"required name=search_term_string\"}],\"inLanguage\":\"et\"}]}<\/script>\n<!-- \/ Yoast SEO plugin. -->","yoast_head_json":{"title":"Ortopeediline madrats \"Vegas\" H20 - Folkland","robots":{"index":"index","follow":"follow","max-snippet":"max-snippet:-1","max-image-preview":"max-image-preview:large","max-video-preview":"max-video-preview:-1"},"canonical":"https:\/\/www.folkland.lv\/et\/prece\/ortopeediline-madrats-vegas-h20\/","og_locale":"et_EE","og_type":"article","og_title":"Ortopeediline madrats \"Vegas\" H20 - Folkland","og_description":"Madratsi eelised:   Hea \u00f5hu l\u00e4bilaskvus ja niiskuskontrolli omadused;  pakub \u00fchtlast tuge k\u00f5ikidele kehaosadele;  annab ortopeedilise efekti;  erineva k\u00f5vadusega k\u00fcljed;  valmistatud ohututest, mittetoksilistest materjalidest;  hea elastsus;  lai suurusvahemik;  talub tugevat koormust;  5-aastane garantii;  valmistatud L\u00e4tis;","og_url":"https:\/\/www.folkland.lv\/et\/prece\/ortopeediline-madrats-vegas-h20\/","og_site_name":"Folkland","og_image":[{"width":1920,"height":1080,"url":"https:\/\/www.folkland.lv\/wp-content\/uploads\/2023\/07\/Vegas.jpg","type":"image\/jpeg"}],"twitter_card":"summary_large_image","twitter_misc":{"Est. reading time":"1 minut"},"schema":{"@context":"https:\/\/schema.org","@graph":[{"@type":"WebPage","@id":"https:\/\/www.folkland.lv\/et\/prece\/ortopeediline-madrats-vegas-h20\/","url":"https:\/\/www.folkland.lv\/et\/prece\/ortopeediline-madrats-vegas-h20\/","name":"Ortopeediline madrats \"Vegas\" H20 - Folkland","isPartOf":{"@id":"https:\/\/www.folkland.lv\/#website"},"primaryImageOfPage":{"@id":"https:\/\/www.folkland.lv\/et\/prece\/ortopeediline-madrats-vegas-h20\/#primaryimage"},"image":{"@id":"https:\/\/www.folkland.lv\/et\/prece\/ortopeediline-madrats-vegas-h20\/#primaryimage"},"thumbnailUrl":"https:\/\/www.folkland.lv\/wp-content\/uploads\/2023\/07\/Vegas.jpg","datePublished":"2023-07-21T09:23:24+00:00","dateModified":"2023-07-21T09:23:24+00:00","breadcrumb":{"@id":"https:\/\/www.folkland.lv\/et\/prece\/ortopeediline-madrats-vegas-h20\/#breadcrumb"},"inLanguage":"et","potentialAction":[{"@type":"ReadAction","target":["https:\/\/www.folkland.lv\/et\/prece\/ortopeediline-madrats-vegas-h20\/"]}]},{"@type":"ImageObject","inLanguage":"et","@id":"https:\/\/www.folkland.lv\/et\/prece\/ortopeediline-madrats-vegas-h20\/#primaryimage","url":"https:\/\/www.folkland.lv\/wp-content\/uploads\/2023\/07\/Vegas.jpg","contentUrl":"https:\/\/www.folkland.lv\/wp-content\/uploads\/2023\/07\/Vegas.jpg","width":1920,"height":1080},{"@type":"BreadcrumbList","@id":"https:\/\/www.folkland.lv\/et\/prece\/ortopeediline-madrats-vegas-h20\/#breadcrumb","itemListElement":[{"@type":"ListItem","position":1,"name":"Algus","item":"https:\/\/www.folkland.lv\/et\/"},{"@type":"ListItem","position":2,"name":"Pood","item":"https:\/\/www.folkland.lv\/et\/pood\/"},{"@type":"ListItem","position":3,"name":"Ortopeediline madrats &#8220;Vegas&#8221; H20"}]},{"@type":"WebSite","@id":"https:\/\/www.folkland.lv\/#website","url":"https:\/\/www.folkland.lv\/","name":"Folkland","description":"","potentialAction":[{"@type":"SearchAction","target":{"@type":"EntryPoint","urlTemplate":"https:\/\/www.folkland.lv\/?s={search_term_string}"},"query-input":"required name=search_term_string"}],"inLanguage":"et"}]}},"_links":{"self":[{"href":"https:\/\/www.folkland.lv\/et\/wp-json\/wp\/v2\/product\/36664"}],"collection":[{"href":"https:\/\/www.folkland.lv\/et\/wp-json\/wp\/v2\/product"}],"about":[{"href":"https:\/\/www.folkland.lv\/et\/wp-json\/wp\/v2\/types\/product"}],"version-history":[{"count":1,"href":"https:\/\/www.folkland.lv\/et\/wp-json\/wp\/v2\/product\/36664\/revisions"}],"predecessor-version":[{"id":36665,"href":"https:\/\/www.folkland.lv\/et\/wp-json\/wp\/v2\/product\/36664\/revisions\/36665"}],"wp:featuredmedia":[{"embeddable":true,"href":"https:\/\/www.folkland.lv\/et\/wp-json\/wp\/v2\/media\/36631"}],"wp:attachment":[{"href":"https:\/\/www.folkland.lv\/et\/wp-json\/wp\/v2\/media?parent=36664"}],"wp:term":[{"taxonomy":"product_cat","embeddable":true,"href":"https:\/\/www.folkland.lv\/et\/wp-json\/wp\/v2\/product_cat?post=36664"},{"taxonomy":"product_tag","embeddable":true,"href":"https:\/\/www.folkland.lv\/et\/wp-json\/wp\/v2\/product_tag?post=36664"}],"curies":[{"name":"wp","href":"https:\/\/api.w.org\/{rel}","templated":true}]}}