{"id":36617,"date":"2023-07-21T11:59:17","date_gmt":"2023-07-21T09:04:40","guid":{"rendered":"https:\/\/www.folkland.lv\/?post_type=product&#038;p=36617"},"modified":"2023-07-21T12:04:40","modified_gmt":"2023-07-21T09:04:40","slug":"madrats-silver-lux-h21","status":"publish","type":"product","link":"https:\/\/www.folkland.lv\/et\/prece\/madrats-silver-lux-h21\/","title":{"rendered":"Madrats &#8220;Silver Lux&#8221; H21"},"content":{"rendered":"<p>Silver Lux madrats &#8211; keskmise tugevusega madratsi mudel. Madratsi aluseks on anatoomiline &#8220;Pocket Springs&#8221; \u00fcksus, mis koosneb s\u00f5ltumatutest vedrudest (250 vedru\/m2) &#8211; see pakub punktuaalset tuge, kohandub kergesti keha kujuga ja toetab selgroogu selle loomulikus asendis. Seda t\u00fc\u00fcpi vedru\u00fcksus v\u00f5imaldab koormust \u00fchtlaselt jaotada kogu madratsi pinnal. Vedru\u00fcksust kaitseb m\u00f5lemalt poolt tugevdatud villane vatiin (vastupidav, elastne, tihe, niiskust h\u00fclgav ja v\u00e4ga kerge materjal). Madratsi \u00fclemine ja alumine kiht on valmistatud uuenduslikust &#8220;SilverTex&#8221; pol\u00fcuretaanvahust &#8211; t\u00e4iustatud antibakteriaalsete omadustega, tihe, kauakestev, deformatsioonikindel ja l\u00f5hnakindel. T\u00e4nu oma struktuurile takistab see tolmu ja parasiitide settimist.<\/p>\n<p><strong>Koostis:\u00a0<\/strong><\/p>\n<ul>\n<li>Eemaldatav tepitud kate;<\/li>\n<li>Puuvillane;<\/li>\n<li>Silvertex vahtpolster 3cm;<\/li>\n<li>Ormate fibretex;<\/li>\n<li>Taskuvedrud;<\/li>\n<li>Ormate fibretex;<\/li>\n<li>Silvertex vahtpol\u00fcstri 3cm;<\/li>\n<li>Puuvill;<\/li>\n<li>Madratsi k\u00f5rgus 21cm;<\/li>\n<\/ul>\n","protected":false},"excerpt":{"rendered":"<p><strong>Madratsi eelised:<\/strong><\/p>\n<ul>\n<li>Hea \u00f5hu l\u00e4bilaskvus ja niiskuskontrolli omadused;<\/li>\n<li>pakub \u00fchtlast tuge k\u00f5ikidele kehaosadele;<\/li>\n<li>annab ortopeedilise efekti;<\/li>\n<li>valmistatud ohututest, mittetoksilistest materjalidest;<\/li>\n<li>Lai valik suurusi;<\/li>\n<li>talub intensiivset koormust;<\/li>\n<li>5-aastane garantii;<\/li>\n<li>valmistatud L\u00e4tis;<\/li>\n<\/ul>\n","protected":false},"featured_media":36584,"template":"","meta":{"_acf_changed":false},"product_cat":[537,294,545],"product_tag":[],"acf":[],"yoast_head":"<!-- This site is optimized with the Yoast SEO plugin v23.0 - https:\/\/yoast.com\/wordpress\/plugins\/seo\/ -->\n<title>Madrats &quot;Silver Lux&quot; H21 - Folkland<\/title>\n<meta name=\"robots\" content=\"index, follow, max-snippet:-1, max-image-preview:large, max-video-preview:-1\" \/>\n<link rel=\"canonical\" href=\"https:\/\/www.folkland.lv\/et\/prece\/madrats-silver-lux-h21\/\" \/>\n<meta property=\"og:locale\" content=\"et_EE\" \/>\n<meta property=\"og:type\" content=\"article\" \/>\n<meta property=\"og:title\" content=\"Madrats &quot;Silver Lux&quot; H21 - Folkland\" \/>\n<meta property=\"og:description\" content=\"Madratsi eelised:   Hea \u00f5hu l\u00e4bilaskvus ja niiskuskontrolli omadused;  pakub \u00fchtlast tuge k\u00f5ikidele kehaosadele;  annab ortopeedilise efekti;  valmistatud ohututest, mittetoksilistest materjalidest;  Lai valik suurusi;  talub intensiivset koormust;  5-aastane garantii;  valmistatud L\u00e4tis;\" \/>\n<meta property=\"og:url\" content=\"https:\/\/www.folkland.lv\/et\/prece\/madrats-silver-lux-h21\/\" \/>\n<meta property=\"og:site_name\" content=\"Folkland\" \/>\n<meta property=\"og:image\" content=\"https:\/\/www.folkland.lv\/wp-content\/uploads\/2023\/07\/Silver-lux.jpg\" \/>\n\t<meta property=\"og:image:width\" content=\"1920\" \/>\n\t<meta property=\"og:image:height\" content=\"1080\" \/>\n\t<meta property=\"og:image:type\" content=\"image\/jpeg\" \/>\n<meta name=\"twitter:card\" content=\"summary_large_image\" \/>\n<meta name=\"twitter:label1\" content=\"Est. reading time\" \/>\n\t<meta name=\"twitter:data1\" content=\"1 minut\" \/>\n<script type=\"application\/ld+json\" class=\"yoast-schema-graph\">{\"@context\":\"https:\/\/schema.org\",\"@graph\":[{\"@type\":\"WebPage\",\"@id\":\"https:\/\/www.folkland.lv\/et\/prece\/madrats-silver-lux-h21\/\",\"url\":\"https:\/\/www.folkland.lv\/et\/prece\/madrats-silver-lux-h21\/\",\"name\":\"Madrats \\\"Silver Lux\\\" H21 - Folkland\",\"isPartOf\":{\"@id\":\"https:\/\/www.folkland.lv\/#website\"},\"primaryImageOfPage\":{\"@id\":\"https:\/\/www.folkland.lv\/et\/prece\/madrats-silver-lux-h21\/#primaryimage\"},\"image\":{\"@id\":\"https:\/\/www.folkland.lv\/et\/prece\/madrats-silver-lux-h21\/#primaryimage\"},\"thumbnailUrl\":\"https:\/\/www.folkland.lv\/wp-content\/uploads\/2023\/07\/Silver-lux.jpg\",\"datePublished\":\"2023-07-21T09:04:40+00:00\",\"dateModified\":\"2023-07-21T09:04:40+00:00\",\"breadcrumb\":{\"@id\":\"https:\/\/www.folkland.lv\/et\/prece\/madrats-silver-lux-h21\/#breadcrumb\"},\"inLanguage\":\"et\",\"potentialAction\":[{\"@type\":\"ReadAction\",\"target\":[\"https:\/\/www.folkland.lv\/et\/prece\/madrats-silver-lux-h21\/\"]}]},{\"@type\":\"ImageObject\",\"inLanguage\":\"et\",\"@id\":\"https:\/\/www.folkland.lv\/et\/prece\/madrats-silver-lux-h21\/#primaryimage\",\"url\":\"https:\/\/www.folkland.lv\/wp-content\/uploads\/2023\/07\/Silver-lux.jpg\",\"contentUrl\":\"https:\/\/www.folkland.lv\/wp-content\/uploads\/2023\/07\/Silver-lux.jpg\",\"width\":1920,\"height\":1080},{\"@type\":\"BreadcrumbList\",\"@id\":\"https:\/\/www.folkland.lv\/et\/prece\/madrats-silver-lux-h21\/#breadcrumb\",\"itemListElement\":[{\"@type\":\"ListItem\",\"position\":1,\"name\":\"Algus\",\"item\":\"https:\/\/www.folkland.lv\/et\/\"},{\"@type\":\"ListItem\",\"position\":2,\"name\":\"Pood\",\"item\":\"https:\/\/www.folkland.lv\/et\/pood\/\"},{\"@type\":\"ListItem\",\"position\":3,\"name\":\"Madrats &#8220;Silver Lux&#8221; H21\"}]},{\"@type\":\"WebSite\",\"@id\":\"https:\/\/www.folkland.lv\/#website\",\"url\":\"https:\/\/www.folkland.lv\/\",\"name\":\"Folkland\",\"description\":\"\",\"potentialAction\":[{\"@type\":\"SearchAction\",\"target\":{\"@type\":\"EntryPoint\",\"urlTemplate\":\"https:\/\/www.folkland.lv\/?s={search_term_string}\"},\"query-input\":\"required name=search_term_string\"}],\"inLanguage\":\"et\"}]}<\/script>\n<!-- \/ Yoast SEO plugin. -->","yoast_head_json":{"title":"Madrats \"Silver Lux\" H21 - Folkland","robots":{"index":"index","follow":"follow","max-snippet":"max-snippet:-1","max-image-preview":"max-image-preview:large","max-video-preview":"max-video-preview:-1"},"canonical":"https:\/\/www.folkland.lv\/et\/prece\/madrats-silver-lux-h21\/","og_locale":"et_EE","og_type":"article","og_title":"Madrats \"Silver Lux\" H21 - Folkland","og_description":"Madratsi eelised:   Hea \u00f5hu l\u00e4bilaskvus ja niiskuskontrolli omadused;  pakub \u00fchtlast tuge k\u00f5ikidele kehaosadele;  annab ortopeedilise efekti;  valmistatud ohututest, mittetoksilistest materjalidest;  Lai valik suurusi;  talub intensiivset koormust;  5-aastane garantii;  valmistatud L\u00e4tis;","og_url":"https:\/\/www.folkland.lv\/et\/prece\/madrats-silver-lux-h21\/","og_site_name":"Folkland","og_image":[{"width":1920,"height":1080,"url":"https:\/\/www.folkland.lv\/wp-content\/uploads\/2023\/07\/Silver-lux.jpg","type":"image\/jpeg"}],"twitter_card":"summary_large_image","twitter_misc":{"Est. reading time":"1 minut"},"schema":{"@context":"https:\/\/schema.org","@graph":[{"@type":"WebPage","@id":"https:\/\/www.folkland.lv\/et\/prece\/madrats-silver-lux-h21\/","url":"https:\/\/www.folkland.lv\/et\/prece\/madrats-silver-lux-h21\/","name":"Madrats \"Silver Lux\" H21 - Folkland","isPartOf":{"@id":"https:\/\/www.folkland.lv\/#website"},"primaryImageOfPage":{"@id":"https:\/\/www.folkland.lv\/et\/prece\/madrats-silver-lux-h21\/#primaryimage"},"image":{"@id":"https:\/\/www.folkland.lv\/et\/prece\/madrats-silver-lux-h21\/#primaryimage"},"thumbnailUrl":"https:\/\/www.folkland.lv\/wp-content\/uploads\/2023\/07\/Silver-lux.jpg","datePublished":"2023-07-21T09:04:40+00:00","dateModified":"2023-07-21T09:04:40+00:00","breadcrumb":{"@id":"https:\/\/www.folkland.lv\/et\/prece\/madrats-silver-lux-h21\/#breadcrumb"},"inLanguage":"et","potentialAction":[{"@type":"ReadAction","target":["https:\/\/www.folkland.lv\/et\/prece\/madrats-silver-lux-h21\/"]}]},{"@type":"ImageObject","inLanguage":"et","@id":"https:\/\/www.folkland.lv\/et\/prece\/madrats-silver-lux-h21\/#primaryimage","url":"https:\/\/www.folkland.lv\/wp-content\/uploads\/2023\/07\/Silver-lux.jpg","contentUrl":"https:\/\/www.folkland.lv\/wp-content\/uploads\/2023\/07\/Silver-lux.jpg","width":1920,"height":1080},{"@type":"BreadcrumbList","@id":"https:\/\/www.folkland.lv\/et\/prece\/madrats-silver-lux-h21\/#breadcrumb","itemListElement":[{"@type":"ListItem","position":1,"name":"Algus","item":"https:\/\/www.folkland.lv\/et\/"},{"@type":"ListItem","position":2,"name":"Pood","item":"https:\/\/www.folkland.lv\/et\/pood\/"},{"@type":"ListItem","position":3,"name":"Madrats &#8220;Silver Lux&#8221; H21"}]},{"@type":"WebSite","@id":"https:\/\/www.folkland.lv\/#website","url":"https:\/\/www.folkland.lv\/","name":"Folkland","description":"","potentialAction":[{"@type":"SearchAction","target":{"@type":"EntryPoint","urlTemplate":"https:\/\/www.folkland.lv\/?s={search_term_string}"},"query-input":"required name=search_term_string"}],"inLanguage":"et"}]}},"_links":{"self":[{"href":"https:\/\/www.folkland.lv\/et\/wp-json\/wp\/v2\/product\/36617"}],"collection":[{"href":"https:\/\/www.folkland.lv\/et\/wp-json\/wp\/v2\/product"}],"about":[{"href":"https:\/\/www.folkland.lv\/et\/wp-json\/wp\/v2\/types\/product"}],"version-history":[{"count":1,"href":"https:\/\/www.folkland.lv\/et\/wp-json\/wp\/v2\/product\/36617\/revisions"}],"predecessor-version":[{"id":36618,"href":"https:\/\/www.folkland.lv\/et\/wp-json\/wp\/v2\/product\/36617\/revisions\/36618"}],"wp:featuredmedia":[{"embeddable":true,"href":"https:\/\/www.folkland.lv\/et\/wp-json\/wp\/v2\/media\/36584"}],"wp:attachment":[{"href":"https:\/\/www.folkland.lv\/et\/wp-json\/wp\/v2\/media?parent=36617"}],"wp:term":[{"taxonomy":"product_cat","embeddable":true,"href":"https:\/\/www.folkland.lv\/et\/wp-json\/wp\/v2\/product_cat?post=36617"},{"taxonomy":"product_tag","embeddable":true,"href":"https:\/\/www.folkland.lv\/et\/wp-json\/wp\/v2\/product_tag?post=36617"}],"curies":[{"name":"wp","href":"https:\/\/api.w.org\/{rel}","templated":true}]}}