{"id":36375,"date":"2023-07-13T13:03:56","date_gmt":"2023-07-13T10:15:58","guid":{"rendered":"https:\/\/www.folkland.lv\/?post_type=product&#038;p=36375"},"modified":"2023-07-13T13:15:59","modified_gmt":"2023-07-13T10:15:59","slug":"madrats-memory-312-silver-h16","status":"publish","type":"product","link":"https:\/\/www.folkland.lv\/et\/prece\/madrats-memory-312-silver-h16\/","title":{"rendered":"Madrats &#8220;Memory 3+12 Silver H16&#8221;"},"content":{"rendered":"<p>Kombineeritud madratsi mudel erineva k\u00f5vadusega k\u00fclgedega. Memory 3+12 Silver on m\u00f5eldud teie heaolu jaoks &#8211; suurep\u00e4rase une, t\u00e4ieliku l\u00f5\u00f5gastumise ja mugava une jaoks. Hea une saamiseks on vaja madratsit, mis on piisavalt k\u00f5va, et pakkuda kehale ja selgroole t\u00f5husat tuge, ja piisavalt pehme, et olla mugav.<\/p>\n<p>Madratsi pealmine osa on valmistatud Memory foam&#8217;ist &#8211; see on ideaalne keha kuju j\u00e4ljendamiseks, tasakaalustades koormust une ajal. Madratsi alus on valmistatud uuenduslikust &#8220;SilverTex&#8221; pol\u00fcuretaanvahust &#8211; t\u00e4iustatud antibakteriaalsete omadustega, tihe, kauakestev, deformatsioonikindel ja l\u00f5hnakindel. T\u00e4nu oma struktuurile takistab see tolmu ja parasiitide sisse elama asumist. Paks kiht &#8220;SilverTex&#8221; vahtmaterjali annab kehale une ajal kindla toe. Kuigi madrats ise on k\u00f5va, on sellel t\u00e4nu Memory-vahule &#8211; mis taastab oma algse asendi kohe p\u00e4rast \u00fcles t\u00f5usmist, madrats s\u00e4ilitab oma kuju ka p\u00e4rast pikaajalist kasutamist &#8211; siiski meeldivalt pehme magada. Madrats on antibakteriaalne ja tolmulestad ei paljune. Teie madrats on alati v\u00e4rske ega ima l\u00f5hnu.<\/p>\n<p><strong>Madratsi koostis:<\/strong><\/p>\n<p>Eemaldatav kate;<\/p>\n<p>Puuvillane;<\/p>\n<p>M\u00e4luvaht 3cm;<\/p>\n<p>Silvertex vaht 12cm;<\/p>\n<p>Puuvill;<br \/>\nMadratsi k\u00f5rgus 16cm;<\/p>\n","protected":false},"excerpt":{"rendered":"<p><strong>Madratsi eelised:<\/strong><\/p>\n<p>Hea \u00f5hu l\u00e4bilaskvus;<br \/>\nannab \u00fchtlase toe k\u00f5ikidele kehaosadele;<br \/>\nhea elastsus;<br \/>\nerinev k\u00f5vadus;<br \/>\nvalmistatud ohututest, mittetoksilistest materjalidest;<br \/>\nlai suurusvahemik;<br \/>\ntalub tugevat koormust;<br \/>\n3-aastane garantii;<br \/>\nvalmistatud L\u00e4tis;<\/p>\n","protected":false},"featured_media":36342,"template":"","meta":{"_acf_changed":false},"product_cat":[537,294,545],"product_tag":[],"acf":[],"yoast_head":"<!-- This site is optimized with the Yoast SEO plugin v23.0 - https:\/\/yoast.com\/wordpress\/plugins\/seo\/ -->\n<title>Madrats &quot;Memory 3+12 Silver H16&quot; - Folkland<\/title>\n<meta name=\"robots\" content=\"index, follow, max-snippet:-1, max-image-preview:large, max-video-preview:-1\" \/>\n<link rel=\"canonical\" href=\"https:\/\/www.folkland.lv\/et\/prece\/madrats-memory-312-silver-h16\/\" \/>\n<meta property=\"og:locale\" content=\"et_EE\" \/>\n<meta property=\"og:type\" content=\"article\" \/>\n<meta property=\"og:title\" content=\"Madrats &quot;Memory 3+12 Silver H16&quot; - Folkland\" \/>\n<meta property=\"og:description\" content=\"Madratsi eelised:  Hea \u00f5hu l\u00e4bilaskvus; annab \u00fchtlase toe k\u00f5ikidele kehaosadele; hea elastsus; erinev k\u00f5vadus; valmistatud ohututest, mittetoksilistest materjalidest; lai suurusvahemik; talub tugevat koormust; 3-aastane garantii; valmistatud L\u00e4tis;\" \/>\n<meta property=\"og:url\" content=\"https:\/\/www.folkland.lv\/et\/prece\/madrats-memory-312-silver-h16\/\" \/>\n<meta property=\"og:site_name\" content=\"Folkland\" \/>\n<meta property=\"article:modified_time\" content=\"2023-07-13T10:15:59+00:00\" \/>\n<meta property=\"og:image\" content=\"https:\/\/www.folkland.lv\/wp-content\/uploads\/2023\/07\/Memory-3-12-Silver.jpg\" \/>\n\t<meta property=\"og:image:width\" content=\"1920\" \/>\n\t<meta property=\"og:image:height\" content=\"1080\" \/>\n\t<meta property=\"og:image:type\" content=\"image\/jpeg\" \/>\n<meta name=\"twitter:card\" content=\"summary_large_image\" \/>\n<meta name=\"twitter:label1\" content=\"Est. reading time\" \/>\n\t<meta name=\"twitter:data1\" content=\"1 minut\" \/>\n<script type=\"application\/ld+json\" class=\"yoast-schema-graph\">{\"@context\":\"https:\/\/schema.org\",\"@graph\":[{\"@type\":\"WebPage\",\"@id\":\"https:\/\/www.folkland.lv\/et\/prece\/madrats-memory-312-silver-h16\/\",\"url\":\"https:\/\/www.folkland.lv\/et\/prece\/madrats-memory-312-silver-h16\/\",\"name\":\"Madrats \\\"Memory 3+12 Silver H16\\\" - Folkland\",\"isPartOf\":{\"@id\":\"https:\/\/www.folkland.lv\/#website\"},\"primaryImageOfPage\":{\"@id\":\"https:\/\/www.folkland.lv\/et\/prece\/madrats-memory-312-silver-h16\/#primaryimage\"},\"image\":{\"@id\":\"https:\/\/www.folkland.lv\/et\/prece\/madrats-memory-312-silver-h16\/#primaryimage\"},\"thumbnailUrl\":\"https:\/\/www.folkland.lv\/wp-content\/uploads\/2023\/07\/Memory-3-12-Silver.jpg\",\"datePublished\":\"2023-07-13T10:15:58+00:00\",\"dateModified\":\"2023-07-13T10:15:59+00:00\",\"breadcrumb\":{\"@id\":\"https:\/\/www.folkland.lv\/et\/prece\/madrats-memory-312-silver-h16\/#breadcrumb\"},\"inLanguage\":\"et\",\"potentialAction\":[{\"@type\":\"ReadAction\",\"target\":[\"https:\/\/www.folkland.lv\/et\/prece\/madrats-memory-312-silver-h16\/\"]}]},{\"@type\":\"ImageObject\",\"inLanguage\":\"et\",\"@id\":\"https:\/\/www.folkland.lv\/et\/prece\/madrats-memory-312-silver-h16\/#primaryimage\",\"url\":\"https:\/\/www.folkland.lv\/wp-content\/uploads\/2023\/07\/Memory-3-12-Silver.jpg\",\"contentUrl\":\"https:\/\/www.folkland.lv\/wp-content\/uploads\/2023\/07\/Memory-3-12-Silver.jpg\",\"width\":1920,\"height\":1080},{\"@type\":\"BreadcrumbList\",\"@id\":\"https:\/\/www.folkland.lv\/et\/prece\/madrats-memory-312-silver-h16\/#breadcrumb\",\"itemListElement\":[{\"@type\":\"ListItem\",\"position\":1,\"name\":\"Algus\",\"item\":\"https:\/\/www.folkland.lv\/et\/\"},{\"@type\":\"ListItem\",\"position\":2,\"name\":\"Pood\",\"item\":\"https:\/\/www.folkland.lv\/et\/pood\/\"},{\"@type\":\"ListItem\",\"position\":3,\"name\":\"Madrats &#8220;Memory 3+12 Silver H16&#8221;\"}]},{\"@type\":\"WebSite\",\"@id\":\"https:\/\/www.folkland.lv\/#website\",\"url\":\"https:\/\/www.folkland.lv\/\",\"name\":\"Folkland\",\"description\":\"\",\"potentialAction\":[{\"@type\":\"SearchAction\",\"target\":{\"@type\":\"EntryPoint\",\"urlTemplate\":\"https:\/\/www.folkland.lv\/?s={search_term_string}\"},\"query-input\":\"required name=search_term_string\"}],\"inLanguage\":\"et\"}]}<\/script>\n<!-- \/ Yoast SEO plugin. -->","yoast_head_json":{"title":"Madrats \"Memory 3+12 Silver H16\" - Folkland","robots":{"index":"index","follow":"follow","max-snippet":"max-snippet:-1","max-image-preview":"max-image-preview:large","max-video-preview":"max-video-preview:-1"},"canonical":"https:\/\/www.folkland.lv\/et\/prece\/madrats-memory-312-silver-h16\/","og_locale":"et_EE","og_type":"article","og_title":"Madrats \"Memory 3+12 Silver H16\" - Folkland","og_description":"Madratsi eelised:  Hea \u00f5hu l\u00e4bilaskvus; annab \u00fchtlase toe k\u00f5ikidele kehaosadele; hea elastsus; erinev k\u00f5vadus; valmistatud ohututest, mittetoksilistest materjalidest; lai suurusvahemik; talub tugevat koormust; 3-aastane garantii; valmistatud L\u00e4tis;","og_url":"https:\/\/www.folkland.lv\/et\/prece\/madrats-memory-312-silver-h16\/","og_site_name":"Folkland","article_modified_time":"2023-07-13T10:15:59+00:00","og_image":[{"width":1920,"height":1080,"url":"https:\/\/www.folkland.lv\/wp-content\/uploads\/2023\/07\/Memory-3-12-Silver.jpg","type":"image\/jpeg"}],"twitter_card":"summary_large_image","twitter_misc":{"Est. reading time":"1 minut"},"schema":{"@context":"https:\/\/schema.org","@graph":[{"@type":"WebPage","@id":"https:\/\/www.folkland.lv\/et\/prece\/madrats-memory-312-silver-h16\/","url":"https:\/\/www.folkland.lv\/et\/prece\/madrats-memory-312-silver-h16\/","name":"Madrats \"Memory 3+12 Silver H16\" - Folkland","isPartOf":{"@id":"https:\/\/www.folkland.lv\/#website"},"primaryImageOfPage":{"@id":"https:\/\/www.folkland.lv\/et\/prece\/madrats-memory-312-silver-h16\/#primaryimage"},"image":{"@id":"https:\/\/www.folkland.lv\/et\/prece\/madrats-memory-312-silver-h16\/#primaryimage"},"thumbnailUrl":"https:\/\/www.folkland.lv\/wp-content\/uploads\/2023\/07\/Memory-3-12-Silver.jpg","datePublished":"2023-07-13T10:15:58+00:00","dateModified":"2023-07-13T10:15:59+00:00","breadcrumb":{"@id":"https:\/\/www.folkland.lv\/et\/prece\/madrats-memory-312-silver-h16\/#breadcrumb"},"inLanguage":"et","potentialAction":[{"@type":"ReadAction","target":["https:\/\/www.folkland.lv\/et\/prece\/madrats-memory-312-silver-h16\/"]}]},{"@type":"ImageObject","inLanguage":"et","@id":"https:\/\/www.folkland.lv\/et\/prece\/madrats-memory-312-silver-h16\/#primaryimage","url":"https:\/\/www.folkland.lv\/wp-content\/uploads\/2023\/07\/Memory-3-12-Silver.jpg","contentUrl":"https:\/\/www.folkland.lv\/wp-content\/uploads\/2023\/07\/Memory-3-12-Silver.jpg","width":1920,"height":1080},{"@type":"BreadcrumbList","@id":"https:\/\/www.folkland.lv\/et\/prece\/madrats-memory-312-silver-h16\/#breadcrumb","itemListElement":[{"@type":"ListItem","position":1,"name":"Algus","item":"https:\/\/www.folkland.lv\/et\/"},{"@type":"ListItem","position":2,"name":"Pood","item":"https:\/\/www.folkland.lv\/et\/pood\/"},{"@type":"ListItem","position":3,"name":"Madrats &#8220;Memory 3+12 Silver H16&#8221;"}]},{"@type":"WebSite","@id":"https:\/\/www.folkland.lv\/#website","url":"https:\/\/www.folkland.lv\/","name":"Folkland","description":"","potentialAction":[{"@type":"SearchAction","target":{"@type":"EntryPoint","urlTemplate":"https:\/\/www.folkland.lv\/?s={search_term_string}"},"query-input":"required name=search_term_string"}],"inLanguage":"et"}]}},"_links":{"self":[{"href":"https:\/\/www.folkland.lv\/et\/wp-json\/wp\/v2\/product\/36375"}],"collection":[{"href":"https:\/\/www.folkland.lv\/et\/wp-json\/wp\/v2\/product"}],"about":[{"href":"https:\/\/www.folkland.lv\/et\/wp-json\/wp\/v2\/types\/product"}],"version-history":[{"count":1,"href":"https:\/\/www.folkland.lv\/et\/wp-json\/wp\/v2\/product\/36375\/revisions"}],"predecessor-version":[{"id":36376,"href":"https:\/\/www.folkland.lv\/et\/wp-json\/wp\/v2\/product\/36375\/revisions\/36376"}],"wp:featuredmedia":[{"embeddable":true,"href":"https:\/\/www.folkland.lv\/et\/wp-json\/wp\/v2\/media\/36342"}],"wp:attachment":[{"href":"https:\/\/www.folkland.lv\/et\/wp-json\/wp\/v2\/media?parent=36375"}],"wp:term":[{"taxonomy":"product_cat","embeddable":true,"href":"https:\/\/www.folkland.lv\/et\/wp-json\/wp\/v2\/product_cat?post=36375"},{"taxonomy":"product_tag","embeddable":true,"href":"https:\/\/www.folkland.lv\/et\/wp-json\/wp\/v2\/product_tag?post=36375"}],"curies":[{"name":"wp","href":"https:\/\/api.w.org\/{rel}","templated":true}]}}