{"id":36229,"date":"2023-07-13T10:56:13","date_gmt":"2023-07-13T08:09:57","guid":{"rendered":"https:\/\/www.folkland.lv\/?post_type=product&#038;p=36229"},"modified":"2023-07-13T11:09:57","modified_gmt":"2023-07-13T08:09:57","slug":"madrats-argent-h16","status":"publish","type":"product","link":"https:\/\/www.folkland.lv\/et\/prece\/madrats-argent-h16\/","title":{"rendered":"Madrats &#8220;Argent H16&#8221;"},"content":{"rendered":"<p>Keskmise tugevusega, vedrustuseta madratsimudel, millel on k\u00f5rged ortopeedilised omadused. Madratsi alus on valmistatud innovatiivsest vahtpol\u00fcuretaanist SilverTex, mis on tihe, k\u00f5rge antibakteriaalse toimega, l\u00f5hnakindel ja deformatsioonikindel, andes madratsi pinnale keskmise k\u00f5vaduse, mis tagab kehale optimaalse toe une ajal.<\/p>\n<p><strong>Koostis:<\/strong><\/p>\n<p>Eemaldatav kate;<br \/>\nPuuvill;<br \/>\nSilvertex vahtplast 15cm;<br \/>\nPuuvill;<br \/>\nMadratsi k\u00f5rgus 16cm;<\/p>\n","protected":false},"excerpt":{"rendered":"<p><strong>Madratsi eelised:<\/strong><\/p>\n<p>Hea \u00f5hu l\u00e4bilaskvus;<br \/>\nannab \u00fchtlase toe k\u00f5ikidele kehaosadele;<br \/>\nannab ortopeedilise efekti;<br \/>\nvalmistatud ohututest, mittetoksilistest materjalidest;<br \/>\nLai valik suurusi;<br \/>\ntalub tugevat koormust;<br \/>\n10-aastane garantii;<br \/>\nvalmistatud L\u00e4tis;<\/p>\n","protected":false},"featured_media":36197,"template":"","meta":{"_acf_changed":false},"product_cat":[537,294,545],"product_tag":[],"acf":[],"yoast_head":"<!-- This site is optimized with the Yoast SEO plugin v23.0 - https:\/\/yoast.com\/wordpress\/plugins\/seo\/ -->\n<title>Madrats &quot;Argent H16&quot; - Folkland<\/title>\n<meta name=\"robots\" content=\"index, follow, max-snippet:-1, max-image-preview:large, max-video-preview:-1\" \/>\n<link rel=\"canonical\" href=\"https:\/\/www.folkland.lv\/et\/prece\/madrats-argent-h16\/\" \/>\n<meta property=\"og:locale\" content=\"et_EE\" \/>\n<meta property=\"og:type\" content=\"article\" \/>\n<meta property=\"og:title\" content=\"Madrats &quot;Argent H16&quot; - Folkland\" \/>\n<meta property=\"og:description\" content=\"Madratsi eelised:  Hea \u00f5hu l\u00e4bilaskvus; annab \u00fchtlase toe k\u00f5ikidele kehaosadele; annab ortopeedilise efekti; valmistatud ohututest, mittetoksilistest materjalidest; Lai valik suurusi; talub tugevat koormust; 10-aastane garantii; valmistatud L\u00e4tis;\" \/>\n<meta property=\"og:url\" content=\"https:\/\/www.folkland.lv\/et\/prece\/madrats-argent-h16\/\" \/>\n<meta property=\"og:site_name\" content=\"Folkland\" \/>\n<meta property=\"og:image\" content=\"https:\/\/www.folkland.lv\/wp-content\/uploads\/2023\/07\/Argent-trn-min.png\" \/>\n\t<meta property=\"og:image:width\" content=\"3000\" \/>\n\t<meta property=\"og:image:height\" content=\"3000\" \/>\n\t<meta property=\"og:image:type\" content=\"image\/png\" \/>\n<meta name=\"twitter:card\" content=\"summary_large_image\" \/>\n<meta name=\"twitter:label1\" content=\"Est. reading time\" \/>\n\t<meta name=\"twitter:data1\" content=\"1 minut\" \/>\n<script type=\"application\/ld+json\" class=\"yoast-schema-graph\">{\"@context\":\"https:\/\/schema.org\",\"@graph\":[{\"@type\":\"WebPage\",\"@id\":\"https:\/\/www.folkland.lv\/et\/prece\/madrats-argent-h16\/\",\"url\":\"https:\/\/www.folkland.lv\/et\/prece\/madrats-argent-h16\/\",\"name\":\"Madrats \\\"Argent H16\\\" - Folkland\",\"isPartOf\":{\"@id\":\"https:\/\/www.folkland.lv\/#website\"},\"primaryImageOfPage\":{\"@id\":\"https:\/\/www.folkland.lv\/et\/prece\/madrats-argent-h16\/#primaryimage\"},\"image\":{\"@id\":\"https:\/\/www.folkland.lv\/et\/prece\/madrats-argent-h16\/#primaryimage\"},\"thumbnailUrl\":\"https:\/\/www.folkland.lv\/wp-content\/uploads\/2023\/07\/Argent-trn-min.png\",\"datePublished\":\"2023-07-13T08:09:57+00:00\",\"dateModified\":\"2023-07-13T08:09:57+00:00\",\"breadcrumb\":{\"@id\":\"https:\/\/www.folkland.lv\/et\/prece\/madrats-argent-h16\/#breadcrumb\"},\"inLanguage\":\"et\",\"potentialAction\":[{\"@type\":\"ReadAction\",\"target\":[\"https:\/\/www.folkland.lv\/et\/prece\/madrats-argent-h16\/\"]}]},{\"@type\":\"ImageObject\",\"inLanguage\":\"et\",\"@id\":\"https:\/\/www.folkland.lv\/et\/prece\/madrats-argent-h16\/#primaryimage\",\"url\":\"https:\/\/www.folkland.lv\/wp-content\/uploads\/2023\/07\/Argent-trn-min.png\",\"contentUrl\":\"https:\/\/www.folkland.lv\/wp-content\/uploads\/2023\/07\/Argent-trn-min.png\",\"width\":3000,\"height\":3000},{\"@type\":\"BreadcrumbList\",\"@id\":\"https:\/\/www.folkland.lv\/et\/prece\/madrats-argent-h16\/#breadcrumb\",\"itemListElement\":[{\"@type\":\"ListItem\",\"position\":1,\"name\":\"Algus\",\"item\":\"https:\/\/www.folkland.lv\/et\/\"},{\"@type\":\"ListItem\",\"position\":2,\"name\":\"Pood\",\"item\":\"https:\/\/www.folkland.lv\/et\/pood\/\"},{\"@type\":\"ListItem\",\"position\":3,\"name\":\"Madrats &#8220;Argent H16&#8221;\"}]},{\"@type\":\"WebSite\",\"@id\":\"https:\/\/www.folkland.lv\/#website\",\"url\":\"https:\/\/www.folkland.lv\/\",\"name\":\"Folkland\",\"description\":\"\",\"potentialAction\":[{\"@type\":\"SearchAction\",\"target\":{\"@type\":\"EntryPoint\",\"urlTemplate\":\"https:\/\/www.folkland.lv\/?s={search_term_string}\"},\"query-input\":\"required name=search_term_string\"}],\"inLanguage\":\"et\"}]}<\/script>\n<!-- \/ Yoast SEO plugin. -->","yoast_head_json":{"title":"Madrats \"Argent H16\" - Folkland","robots":{"index":"index","follow":"follow","max-snippet":"max-snippet:-1","max-image-preview":"max-image-preview:large","max-video-preview":"max-video-preview:-1"},"canonical":"https:\/\/www.folkland.lv\/et\/prece\/madrats-argent-h16\/","og_locale":"et_EE","og_type":"article","og_title":"Madrats \"Argent H16\" - Folkland","og_description":"Madratsi eelised:  Hea \u00f5hu l\u00e4bilaskvus; annab \u00fchtlase toe k\u00f5ikidele kehaosadele; annab ortopeedilise efekti; valmistatud ohututest, mittetoksilistest materjalidest; Lai valik suurusi; talub tugevat koormust; 10-aastane garantii; valmistatud L\u00e4tis;","og_url":"https:\/\/www.folkland.lv\/et\/prece\/madrats-argent-h16\/","og_site_name":"Folkland","og_image":[{"width":3000,"height":3000,"url":"https:\/\/www.folkland.lv\/wp-content\/uploads\/2023\/07\/Argent-trn-min.png","type":"image\/png"}],"twitter_card":"summary_large_image","twitter_misc":{"Est. reading time":"1 minut"},"schema":{"@context":"https:\/\/schema.org","@graph":[{"@type":"WebPage","@id":"https:\/\/www.folkland.lv\/et\/prece\/madrats-argent-h16\/","url":"https:\/\/www.folkland.lv\/et\/prece\/madrats-argent-h16\/","name":"Madrats \"Argent H16\" - Folkland","isPartOf":{"@id":"https:\/\/www.folkland.lv\/#website"},"primaryImageOfPage":{"@id":"https:\/\/www.folkland.lv\/et\/prece\/madrats-argent-h16\/#primaryimage"},"image":{"@id":"https:\/\/www.folkland.lv\/et\/prece\/madrats-argent-h16\/#primaryimage"},"thumbnailUrl":"https:\/\/www.folkland.lv\/wp-content\/uploads\/2023\/07\/Argent-trn-min.png","datePublished":"2023-07-13T08:09:57+00:00","dateModified":"2023-07-13T08:09:57+00:00","breadcrumb":{"@id":"https:\/\/www.folkland.lv\/et\/prece\/madrats-argent-h16\/#breadcrumb"},"inLanguage":"et","potentialAction":[{"@type":"ReadAction","target":["https:\/\/www.folkland.lv\/et\/prece\/madrats-argent-h16\/"]}]},{"@type":"ImageObject","inLanguage":"et","@id":"https:\/\/www.folkland.lv\/et\/prece\/madrats-argent-h16\/#primaryimage","url":"https:\/\/www.folkland.lv\/wp-content\/uploads\/2023\/07\/Argent-trn-min.png","contentUrl":"https:\/\/www.folkland.lv\/wp-content\/uploads\/2023\/07\/Argent-trn-min.png","width":3000,"height":3000},{"@type":"BreadcrumbList","@id":"https:\/\/www.folkland.lv\/et\/prece\/madrats-argent-h16\/#breadcrumb","itemListElement":[{"@type":"ListItem","position":1,"name":"Algus","item":"https:\/\/www.folkland.lv\/et\/"},{"@type":"ListItem","position":2,"name":"Pood","item":"https:\/\/www.folkland.lv\/et\/pood\/"},{"@type":"ListItem","position":3,"name":"Madrats &#8220;Argent H16&#8221;"}]},{"@type":"WebSite","@id":"https:\/\/www.folkland.lv\/#website","url":"https:\/\/www.folkland.lv\/","name":"Folkland","description":"","potentialAction":[{"@type":"SearchAction","target":{"@type":"EntryPoint","urlTemplate":"https:\/\/www.folkland.lv\/?s={search_term_string}"},"query-input":"required name=search_term_string"}],"inLanguage":"et"}]}},"_links":{"self":[{"href":"https:\/\/www.folkland.lv\/et\/wp-json\/wp\/v2\/product\/36229"}],"collection":[{"href":"https:\/\/www.folkland.lv\/et\/wp-json\/wp\/v2\/product"}],"about":[{"href":"https:\/\/www.folkland.lv\/et\/wp-json\/wp\/v2\/types\/product"}],"version-history":[{"count":1,"href":"https:\/\/www.folkland.lv\/et\/wp-json\/wp\/v2\/product\/36229\/revisions"}],"predecessor-version":[{"id":36230,"href":"https:\/\/www.folkland.lv\/et\/wp-json\/wp\/v2\/product\/36229\/revisions\/36230"}],"wp:featuredmedia":[{"embeddable":true,"href":"https:\/\/www.folkland.lv\/et\/wp-json\/wp\/v2\/media\/36197"}],"wp:attachment":[{"href":"https:\/\/www.folkland.lv\/et\/wp-json\/wp\/v2\/media?parent=36229"}],"wp:term":[{"taxonomy":"product_cat","embeddable":true,"href":"https:\/\/www.folkland.lv\/et\/wp-json\/wp\/v2\/product_cat?post=36229"},{"taxonomy":"product_tag","embeddable":true,"href":"https:\/\/www.folkland.lv\/et\/wp-json\/wp\/v2\/product_tag?post=36229"}],"curies":[{"name":"wp","href":"https:\/\/api.w.org\/{rel}","templated":true}]}}