{"id":36006,"date":"2023-07-07T09:41:43","date_gmt":"2023-07-07T06:41:44","guid":{"rendered":"https:\/\/www.folkland.lv\/?post_type=product&#038;p=36006"},"modified":"2023-07-11T11:04:16","modified_gmt":"2023-07-11T08:04:16","slug":"uhekordne-puidust-voodi-lakitud-copy","status":"publish","type":"product","link":"https:\/\/www.folkland.lv\/et\/prece\/uhekordne-puidust-voodi-lakitud-copy\/","title":{"rendered":"Puidust \u00fcheinimesevoodi tumehall"},"content":{"rendered":"<p><strong>N\u00e4pun\u00e4iteid voodi valimiseks:<\/strong><\/p>\n<p>Voodi tuleb valida hoolikalt, sest sellest s\u00f5ltub teie une kvaliteet;<br \/>\n100&#215;200 cm suurused \u00fcheinimesevoodid on standardsed. Suuruse valimisel tuleks aga k\u00f5igepealt arvestada teie v\u00f5i teie partneri pikkust, kusjuures varu peaks olema v\u00e4hemalt 10-15 sentimeetrit.<br \/>\nVoodite klassikalised vormid on ristk\u00fclikukujulised ja ruudukujulised. Need sobivad h\u00f5lpsasti siseruumidesse ja neile on lihtne leida madratsit. On ka ovaalseid, \u00fcmmargusi, kumerat ja muid kujundeid. Kuid sellisel juhul tuleb teil tegeleda mitmesuguste probleemidega, mis on seotud ruumi funktsionaalsuse, mittestandardsete madratsite ja kohandatud voodipesuga;<br \/>\nIlma seljatoeta voodit tasub vaadata, kui see hakkab olema v\u00e4ga l\u00e4hedal seinale. Siis on kasulik viimistleda seina pehme ja praktilise materjaliga, kuid see n\u00f5uab lisat\u00f6\u00f6d;<br \/>\nSeljatoega voodit on palju lihtsam paigutada, mis loob f\u00fc\u00fcsilise ja ps\u00fchholoogilise mugavus- ja kaitsetunde. Lisaks meeldib paljudele inimestele voodis raamatut lugeda v\u00f5i televiisorit vaadata, mis eeldab pooleldi istuvat asendit. Sellisel juhul sobib k\u00f5ige paremini k\u00f5rge, pidev seljatugi.<\/p>\n<pre id=\"tw-target-text\" class=\"tw-data-text tw-text-large tw-ta\" dir=\"ltr\" data-placeholder=\"Translation\"><span class=\"Y2IQFc\" lang=\"et\" style=\"font-family: georgia, palatino, serif;\"><strong>\r\nSpetsifikatsioon:<\/strong>\r\n\r\nLaius - 80cm - 120cm;\r\nPikkus - 200 cm;\r\nK\u00f5rgus - 21 cm (madratsini);\r\nSeljatoe k\u00f5rgus - 82cm;\r\nMaterjal - m\u00e4nni massiiv;\r\nT\u00f6\u00f6tlemine - Viva color aqua;\r\nMadratsi tugiliistud on komplektis;\r\nKaasas riistvara ja montaa\u017eijuhised;\r\nSee toode vajab kokkupanekut;\r\nTarnitakse lahtiv\u00f5etuna (pakend, pappkarp, PVC kile)\r\nTootmine ja tarne 1-2 n\u00e4dalat;\r\n\r\nHind ei sisalda - Madrats, pesukast, voodipesu, samuti muud tarvikud.<\/span><\/pre>\n","protected":false},"excerpt":{"rendered":"<pre id=\"tw-target-text\" class=\"tw-data-text tw-text-large tw-ta\" dir=\"ltr\" data-placeholder=\"Translation\"><span class=\"Y2IQFc\" lang=\"et\" style=\"font-family: georgia, palatino, serif;\">T\u00e4ism\u00e4nnipuidust \u00fcheinimesevoodi.\r\n\r\nT\u00e4ism\u00e4nnipuidust voodi valmistatud L\u00e4tis, L\u00e4ti m\u00e4nnist.\r\n\r\nVoodi disain on v\u00e4ga kerge ja lihtne, seet\u00f5ttu sobib see h\u00e4sti nii klassikalises interj\u00f6\u00f6ris kui ka maa- ja puhkemajades, telkimisplatsidel.<\/span><\/pre>\n","protected":false},"featured_media":36026,"template":"","meta":{"_acf_changed":false},"product_cat":[537,281,294,299],"product_tag":[],"acf":[],"yoast_head":"<!-- This site is optimized with the Yoast SEO plugin v23.0 - https:\/\/yoast.com\/wordpress\/plugins\/seo\/ -->\n<title>Puidust \u00fcheinimesevoodi tumehall - Folkland<\/title>\n<meta name=\"robots\" content=\"index, follow, max-snippet:-1, max-image-preview:large, max-video-preview:-1\" \/>\n<link rel=\"canonical\" href=\"https:\/\/www.folkland.lv\/et\/prece\/uhekordne-puidust-voodi-lakitud-copy\/\" \/>\n<meta property=\"og:locale\" content=\"et_EE\" \/>\n<meta property=\"og:type\" content=\"article\" \/>\n<meta property=\"og:title\" content=\"Puidust \u00fcheinimesevoodi tumehall - Folkland\" \/>\n<meta property=\"og:description\" content=\"T\u00e4ism\u00e4nnipuidust \u00fcheinimesevoodi.  T\u00e4ism\u00e4nnipuidust voodi valmistatud L\u00e4tis, L\u00e4ti m\u00e4nnist.  Voodi disain on v\u00e4ga kerge ja lihtne, seet\u00f5ttu sobib see h\u00e4sti nii klassikalises interj\u00f6\u00f6ris kui ka maa- ja puhkemajades, telkimisplatsidel.\" \/>\n<meta property=\"og:url\" content=\"https:\/\/www.folkland.lv\/et\/prece\/uhekordne-puidust-voodi-lakitud-copy\/\" \/>\n<meta property=\"og:site_name\" content=\"Folkland\" \/>\n<meta property=\"article:modified_time\" content=\"2023-07-11T08:04:16+00:00\" \/>\n<meta property=\"og:image\" content=\"https:\/\/www.folkland.lv\/wp-content\/uploads\/2023\/07\/2035-1.jpg\" \/>\n\t<meta property=\"og:image:width\" content=\"1500\" \/>\n\t<meta property=\"og:image:height\" content=\"1500\" \/>\n\t<meta property=\"og:image:type\" content=\"image\/jpeg\" \/>\n<meta name=\"twitter:card\" content=\"summary_large_image\" \/>\n<meta name=\"twitter:label1\" content=\"Est. reading time\" \/>\n\t<meta name=\"twitter:data1\" content=\"1 minut\" \/>\n<script type=\"application\/ld+json\" class=\"yoast-schema-graph\">{\"@context\":\"https:\/\/schema.org\",\"@graph\":[{\"@type\":\"WebPage\",\"@id\":\"https:\/\/www.folkland.lv\/et\/prece\/uhekordne-puidust-voodi-lakitud-copy\/\",\"url\":\"https:\/\/www.folkland.lv\/et\/prece\/uhekordne-puidust-voodi-lakitud-copy\/\",\"name\":\"Puidust \u00fcheinimesevoodi tumehall - Folkland\",\"isPartOf\":{\"@id\":\"https:\/\/www.folkland.lv\/#website\"},\"primaryImageOfPage\":{\"@id\":\"https:\/\/www.folkland.lv\/et\/prece\/uhekordne-puidust-voodi-lakitud-copy\/#primaryimage\"},\"image\":{\"@id\":\"https:\/\/www.folkland.lv\/et\/prece\/uhekordne-puidust-voodi-lakitud-copy\/#primaryimage\"},\"thumbnailUrl\":\"https:\/\/www.folkland.lv\/wp-content\/uploads\/2023\/07\/2035-1.jpg\",\"datePublished\":\"2023-07-07T06:41:44+00:00\",\"dateModified\":\"2023-07-11T08:04:16+00:00\",\"breadcrumb\":{\"@id\":\"https:\/\/www.folkland.lv\/et\/prece\/uhekordne-puidust-voodi-lakitud-copy\/#breadcrumb\"},\"inLanguage\":\"et\",\"potentialAction\":[{\"@type\":\"ReadAction\",\"target\":[\"https:\/\/www.folkland.lv\/et\/prece\/uhekordne-puidust-voodi-lakitud-copy\/\"]}]},{\"@type\":\"ImageObject\",\"inLanguage\":\"et\",\"@id\":\"https:\/\/www.folkland.lv\/et\/prece\/uhekordne-puidust-voodi-lakitud-copy\/#primaryimage\",\"url\":\"https:\/\/www.folkland.lv\/wp-content\/uploads\/2023\/07\/2035-1.jpg\",\"contentUrl\":\"https:\/\/www.folkland.lv\/wp-content\/uploads\/2023\/07\/2035-1.jpg\",\"width\":1500,\"height\":1500,\"caption\":\"Produktbeschreibung: Unser komfortables Holzbett 90x200 cm begeistert vor allem durch seine nat\u00fcrliche Sch\u00f6nheit, dem zeitlosen Design und der stabilen Verarbeitung. Ob im Schlafzimmer, Jugendzimmer oder G\u00e4stezimmer - das Bett l\u00e4sst sich aufgrund seines dezenten Designs perfekt in jeden Schlafraum integrieren. Der Bettrahmen samt Kopfteil ist aus massiver Kiefer und wei\u00df lackiert. Passend zum Bettgestell gibt es ein Rolllattenrost kostenfrei dazu. Produktdetails: Einzelbett 90 x 200 cm Bettgestell mit Lattenrost abgerundete Kanten und Pfosten Material &amp; Farbe: massive Kiefer wei\u00df lackiert Ma\u00dfe: Liegefl\u00e4che: 90x200 cm Bett Au\u00dfenma\u00df (B x T x H): 94,5 x 204,5 x 66,7 cm H\u00f6he Kopfteil: 37,5 cm H\u00f6he Fu\u00dfteil: 30 cm Oberkante Bettseite: 30 cm Stauh\u00f6he unter dem Bett: 18 cm Einlegetiefe Matratze: 3,5 cm Materialst\u00e4rke: 20 mm Lieferdetails: Bettw\u00e4sche, Matratze und Dekoration sind nicht im Lieferumfang enthalten Lieferung erfolgt per Paketdienst Produkt wird zerlegt geliefert und muss montiert werden Aufbauanleitung, Zubeh\u00f6r zur Montage befinden sich im Paket\"},{\"@type\":\"BreadcrumbList\",\"@id\":\"https:\/\/www.folkland.lv\/et\/prece\/uhekordne-puidust-voodi-lakitud-copy\/#breadcrumb\",\"itemListElement\":[{\"@type\":\"ListItem\",\"position\":1,\"name\":\"Algus\",\"item\":\"https:\/\/www.folkland.lv\/et\/\"},{\"@type\":\"ListItem\",\"position\":2,\"name\":\"Pood\",\"item\":\"https:\/\/www.folkland.lv\/et\/pood\/\"},{\"@type\":\"ListItem\",\"position\":3,\"name\":\"Puidust \u00fcheinimesevoodi tumehall\"}]},{\"@type\":\"WebSite\",\"@id\":\"https:\/\/www.folkland.lv\/#website\",\"url\":\"https:\/\/www.folkland.lv\/\",\"name\":\"Folkland\",\"description\":\"\",\"potentialAction\":[{\"@type\":\"SearchAction\",\"target\":{\"@type\":\"EntryPoint\",\"urlTemplate\":\"https:\/\/www.folkland.lv\/?s={search_term_string}\"},\"query-input\":\"required name=search_term_string\"}],\"inLanguage\":\"et\"}]}<\/script>\n<!-- \/ Yoast SEO plugin. -->","yoast_head_json":{"title":"Puidust \u00fcheinimesevoodi tumehall - Folkland","robots":{"index":"index","follow":"follow","max-snippet":"max-snippet:-1","max-image-preview":"max-image-preview:large","max-video-preview":"max-video-preview:-1"},"canonical":"https:\/\/www.folkland.lv\/et\/prece\/uhekordne-puidust-voodi-lakitud-copy\/","og_locale":"et_EE","og_type":"article","og_title":"Puidust \u00fcheinimesevoodi tumehall - Folkland","og_description":"T\u00e4ism\u00e4nnipuidust \u00fcheinimesevoodi.  T\u00e4ism\u00e4nnipuidust voodi valmistatud L\u00e4tis, L\u00e4ti m\u00e4nnist.  Voodi disain on v\u00e4ga kerge ja lihtne, seet\u00f5ttu sobib see h\u00e4sti nii klassikalises interj\u00f6\u00f6ris kui ka maa- ja puhkemajades, telkimisplatsidel.","og_url":"https:\/\/www.folkland.lv\/et\/prece\/uhekordne-puidust-voodi-lakitud-copy\/","og_site_name":"Folkland","article_modified_time":"2023-07-11T08:04:16+00:00","og_image":[{"width":1500,"height":1500,"url":"https:\/\/www.folkland.lv\/wp-content\/uploads\/2023\/07\/2035-1.jpg","type":"image\/jpeg"}],"twitter_card":"summary_large_image","twitter_misc":{"Est. reading time":"1 minut"},"schema":{"@context":"https:\/\/schema.org","@graph":[{"@type":"WebPage","@id":"https:\/\/www.folkland.lv\/et\/prece\/uhekordne-puidust-voodi-lakitud-copy\/","url":"https:\/\/www.folkland.lv\/et\/prece\/uhekordne-puidust-voodi-lakitud-copy\/","name":"Puidust \u00fcheinimesevoodi tumehall - Folkland","isPartOf":{"@id":"https:\/\/www.folkland.lv\/#website"},"primaryImageOfPage":{"@id":"https:\/\/www.folkland.lv\/et\/prece\/uhekordne-puidust-voodi-lakitud-copy\/#primaryimage"},"image":{"@id":"https:\/\/www.folkland.lv\/et\/prece\/uhekordne-puidust-voodi-lakitud-copy\/#primaryimage"},"thumbnailUrl":"https:\/\/www.folkland.lv\/wp-content\/uploads\/2023\/07\/2035-1.jpg","datePublished":"2023-07-07T06:41:44+00:00","dateModified":"2023-07-11T08:04:16+00:00","breadcrumb":{"@id":"https:\/\/www.folkland.lv\/et\/prece\/uhekordne-puidust-voodi-lakitud-copy\/#breadcrumb"},"inLanguage":"et","potentialAction":[{"@type":"ReadAction","target":["https:\/\/www.folkland.lv\/et\/prece\/uhekordne-puidust-voodi-lakitud-copy\/"]}]},{"@type":"ImageObject","inLanguage":"et","@id":"https:\/\/www.folkland.lv\/et\/prece\/uhekordne-puidust-voodi-lakitud-copy\/#primaryimage","url":"https:\/\/www.folkland.lv\/wp-content\/uploads\/2023\/07\/2035-1.jpg","contentUrl":"https:\/\/www.folkland.lv\/wp-content\/uploads\/2023\/07\/2035-1.jpg","width":1500,"height":1500,"caption":"Produktbeschreibung: Unser komfortables Holzbett 90x200 cm begeistert vor allem durch seine nat\u00fcrliche Sch\u00f6nheit, dem zeitlosen Design und der stabilen Verarbeitung. Ob im Schlafzimmer, Jugendzimmer oder G\u00e4stezimmer - das Bett l\u00e4sst sich aufgrund seines dezenten Designs perfekt in jeden Schlafraum integrieren. Der Bettrahmen samt Kopfteil ist aus massiver Kiefer und wei\u00df lackiert. Passend zum Bettgestell gibt es ein Rolllattenrost kostenfrei dazu. Produktdetails: Einzelbett 90 x 200 cm Bettgestell mit Lattenrost abgerundete Kanten und Pfosten Material &amp; Farbe: massive Kiefer wei\u00df lackiert Ma\u00dfe: Liegefl\u00e4che: 90x200 cm Bett Au\u00dfenma\u00df (B x T x H): 94,5 x 204,5 x 66,7 cm H\u00f6he Kopfteil: 37,5 cm H\u00f6he Fu\u00dfteil: 30 cm Oberkante Bettseite: 30 cm Stauh\u00f6he unter dem Bett: 18 cm Einlegetiefe Matratze: 3,5 cm Materialst\u00e4rke: 20 mm Lieferdetails: Bettw\u00e4sche, Matratze und Dekoration sind nicht im Lieferumfang enthalten Lieferung erfolgt per Paketdienst Produkt wird zerlegt geliefert und muss montiert werden Aufbauanleitung, Zubeh\u00f6r zur Montage befinden sich im Paket"},{"@type":"BreadcrumbList","@id":"https:\/\/www.folkland.lv\/et\/prece\/uhekordne-puidust-voodi-lakitud-copy\/#breadcrumb","itemListElement":[{"@type":"ListItem","position":1,"name":"Algus","item":"https:\/\/www.folkland.lv\/et\/"},{"@type":"ListItem","position":2,"name":"Pood","item":"https:\/\/www.folkland.lv\/et\/pood\/"},{"@type":"ListItem","position":3,"name":"Puidust \u00fcheinimesevoodi tumehall"}]},{"@type":"WebSite","@id":"https:\/\/www.folkland.lv\/#website","url":"https:\/\/www.folkland.lv\/","name":"Folkland","description":"","potentialAction":[{"@type":"SearchAction","target":{"@type":"EntryPoint","urlTemplate":"https:\/\/www.folkland.lv\/?s={search_term_string}"},"query-input":"required name=search_term_string"}],"inLanguage":"et"}]}},"_links":{"self":[{"href":"https:\/\/www.folkland.lv\/et\/wp-json\/wp\/v2\/product\/36006"}],"collection":[{"href":"https:\/\/www.folkland.lv\/et\/wp-json\/wp\/v2\/product"}],"about":[{"href":"https:\/\/www.folkland.lv\/et\/wp-json\/wp\/v2\/types\/product"}],"version-history":[{"count":1,"href":"https:\/\/www.folkland.lv\/et\/wp-json\/wp\/v2\/product\/36006\/revisions"}],"predecessor-version":[{"id":36187,"href":"https:\/\/www.folkland.lv\/et\/wp-json\/wp\/v2\/product\/36006\/revisions\/36187"}],"wp:featuredmedia":[{"embeddable":true,"href":"https:\/\/www.folkland.lv\/et\/wp-json\/wp\/v2\/media\/36026"}],"wp:attachment":[{"href":"https:\/\/www.folkland.lv\/et\/wp-json\/wp\/v2\/media?parent=36006"}],"wp:term":[{"taxonomy":"product_cat","embeddable":true,"href":"https:\/\/www.folkland.lv\/et\/wp-json\/wp\/v2\/product_cat?post=36006"},{"taxonomy":"product_tag","embeddable":true,"href":"https:\/\/www.folkland.lv\/et\/wp-json\/wp\/v2\/product_tag?post=36006"}],"curies":[{"name":"wp","href":"https:\/\/api.w.org\/{rel}","templated":true}]}}