{"id":35968,"date":"2023-06-30T13:49:37","date_gmt":"2023-07-06T13:11:53","guid":{"rendered":"https:\/\/www.folkland.lv\/?post_type=product&#038;p=35968"},"modified":"2023-07-06T16:11:53","modified_gmt":"2023-07-06T13:11:53","slug":"madrats-kosmo-h19","status":"publish","type":"product","link":"https:\/\/www.folkland.lv\/et\/prece\/madrats-kosmo-h19\/","title":{"rendered":"Madrats &#8220;Kosmo H19&#8221;"},"content":{"rendered":"<p>Kombineeritud madratsi mudel erineva k\u00f5vadusega k\u00fclgedega. Madratsi aluseks on anatoomiline &#8220;Pocket Springs&#8221; s\u00f5ltumatu vedru\u00fcksus (250 vedru\/m2) &#8211; see tagab punktuaalse toe, kohandub kergesti keha kujuga ja toetab selgroogu selle loomulikus asendis. Vedruplokk on m\u00f5lemalt poolt kaitstud tugevdatud villase vatiiniga (vastupidav, elastne, tihe, niiskust h\u00fclgav, v\u00e4ga kerge materjal). Madratsi pealmine kiht koosneb 2 cm keskmise k\u00f5vadusega EcoTex vahtplastist &#8211; antiallergeensest madratsit\u00e4idisest, mis t\u00e4nu oma struktuurile takistab tolmu ja parasiitide kinnikasvamist. Madratsi alumine kiht on valmistatud kookoskiust &#8211; looduslikust t\u00e4idisest, mida t\u00e4iendab sisalplaat, mis annab madratsile teiselt poolt ortopeedilise k\u00f5vaduse.<\/p>\n<p><strong>Materjalid:<\/strong><\/p>\n<p>Eemaldatav kate<br \/>\nPuuvillane<br \/>\nVaht EcoTex2cm<br \/>\nPuuvillakiht<br \/>\nVedru plokk &#8221; tasku vedrud &#8221;<br \/>\nTugevdatud puuvillane kiht<br \/>\nKookoskiudplaat 2cm<br \/>\nPuuvillane<br \/>\nMadratsi k\u00f5rgus 19 cm<\/p>\n","protected":false},"excerpt":{"rendered":"<p><strong>Madratsi eelised:<\/strong><\/p>\n<p>Hea \u00f5hu l\u00e4bilaskvus ja niiskuskontrolli omadused;<br \/>\npakub \u00fchtlast tuge k\u00f5ikidele kehaosadele;<br \/>\nannab ortopeedilise efekti;<br \/>\nerineva k\u00f5vadusega k\u00fcljed;<br \/>\nvalmistatud ohututest, mittetoksilistest materjalidest;<br \/>\nlai suurusvahemik;<br \/>\ntalub intensiivset koormust;<br \/>\n2-aastane garantii;<br \/>\nvalmistatud L\u00e4tis;<\/p>\n","protected":false},"featured_media":35462,"template":"","meta":{"_acf_changed":false},"product_cat":[537,294,545],"product_tag":[],"acf":[],"yoast_head":"<!-- This site is optimized with the Yoast SEO plugin v23.0 - https:\/\/yoast.com\/wordpress\/plugins\/seo\/ -->\n<title>Madrats &quot;Kosmo H19&quot; - Folkland<\/title>\n<meta name=\"robots\" content=\"index, follow, max-snippet:-1, max-image-preview:large, max-video-preview:-1\" \/>\n<link rel=\"canonical\" href=\"https:\/\/www.folkland.lv\/et\/prece\/madrats-kosmo-h19\/\" \/>\n<meta property=\"og:locale\" content=\"et_EE\" \/>\n<meta property=\"og:type\" content=\"article\" \/>\n<meta property=\"og:title\" content=\"Madrats &quot;Kosmo H19&quot; - Folkland\" \/>\n<meta property=\"og:description\" content=\"Madratsi eelised:  Hea \u00f5hu l\u00e4bilaskvus ja niiskuskontrolli omadused; pakub \u00fchtlast tuge k\u00f5ikidele kehaosadele; annab ortopeedilise efekti; erineva k\u00f5vadusega k\u00fcljed; valmistatud ohututest, mittetoksilistest materjalidest; lai suurusvahemik; talub intensiivset koormust; 2-aastane garantii; valmistatud L\u00e4tis;\" \/>\n<meta property=\"og:url\" content=\"https:\/\/www.folkland.lv\/et\/prece\/madrats-kosmo-h19\/\" \/>\n<meta property=\"og:site_name\" content=\"Folkland\" \/>\n<meta property=\"og:image\" content=\"https:\/\/www.folkland.lv\/wp-content\/uploads\/2023\/06\/Kosmo.png\" \/>\n\t<meta property=\"og:image:width\" content=\"1920\" \/>\n\t<meta property=\"og:image:height\" content=\"1080\" \/>\n\t<meta property=\"og:image:type\" content=\"image\/png\" \/>\n<meta name=\"twitter:card\" content=\"summary_large_image\" \/>\n<meta name=\"twitter:label1\" content=\"Est. reading time\" \/>\n\t<meta name=\"twitter:data1\" content=\"1 minut\" \/>\n<script type=\"application\/ld+json\" class=\"yoast-schema-graph\">{\"@context\":\"https:\/\/schema.org\",\"@graph\":[{\"@type\":\"WebPage\",\"@id\":\"https:\/\/www.folkland.lv\/et\/prece\/madrats-kosmo-h19\/\",\"url\":\"https:\/\/www.folkland.lv\/et\/prece\/madrats-kosmo-h19\/\",\"name\":\"Madrats \\\"Kosmo H19\\\" - Folkland\",\"isPartOf\":{\"@id\":\"https:\/\/www.folkland.lv\/#website\"},\"primaryImageOfPage\":{\"@id\":\"https:\/\/www.folkland.lv\/et\/prece\/madrats-kosmo-h19\/#primaryimage\"},\"image\":{\"@id\":\"https:\/\/www.folkland.lv\/et\/prece\/madrats-kosmo-h19\/#primaryimage\"},\"thumbnailUrl\":\"https:\/\/www.folkland.lv\/wp-content\/uploads\/2023\/06\/Kosmo.png\",\"datePublished\":\"2023-07-06T13:11:53+00:00\",\"dateModified\":\"2023-07-06T13:11:53+00:00\",\"breadcrumb\":{\"@id\":\"https:\/\/www.folkland.lv\/et\/prece\/madrats-kosmo-h19\/#breadcrumb\"},\"inLanguage\":\"et\",\"potentialAction\":[{\"@type\":\"ReadAction\",\"target\":[\"https:\/\/www.folkland.lv\/et\/prece\/madrats-kosmo-h19\/\"]}]},{\"@type\":\"ImageObject\",\"inLanguage\":\"et\",\"@id\":\"https:\/\/www.folkland.lv\/et\/prece\/madrats-kosmo-h19\/#primaryimage\",\"url\":\"https:\/\/www.folkland.lv\/wp-content\/uploads\/2023\/06\/Kosmo.png\",\"contentUrl\":\"https:\/\/www.folkland.lv\/wp-content\/uploads\/2023\/06\/Kosmo.png\",\"width\":1920,\"height\":1080},{\"@type\":\"BreadcrumbList\",\"@id\":\"https:\/\/www.folkland.lv\/et\/prece\/madrats-kosmo-h19\/#breadcrumb\",\"itemListElement\":[{\"@type\":\"ListItem\",\"position\":1,\"name\":\"Algus\",\"item\":\"https:\/\/www.folkland.lv\/et\/\"},{\"@type\":\"ListItem\",\"position\":2,\"name\":\"Pood\",\"item\":\"https:\/\/www.folkland.lv\/et\/pood\/\"},{\"@type\":\"ListItem\",\"position\":3,\"name\":\"Madrats &#8220;Kosmo H19&#8221;\"}]},{\"@type\":\"WebSite\",\"@id\":\"https:\/\/www.folkland.lv\/#website\",\"url\":\"https:\/\/www.folkland.lv\/\",\"name\":\"Folkland\",\"description\":\"\",\"potentialAction\":[{\"@type\":\"SearchAction\",\"target\":{\"@type\":\"EntryPoint\",\"urlTemplate\":\"https:\/\/www.folkland.lv\/?s={search_term_string}\"},\"query-input\":\"required name=search_term_string\"}],\"inLanguage\":\"et\"}]}<\/script>\n<!-- \/ Yoast SEO plugin. -->","yoast_head_json":{"title":"Madrats \"Kosmo H19\" - Folkland","robots":{"index":"index","follow":"follow","max-snippet":"max-snippet:-1","max-image-preview":"max-image-preview:large","max-video-preview":"max-video-preview:-1"},"canonical":"https:\/\/www.folkland.lv\/et\/prece\/madrats-kosmo-h19\/","og_locale":"et_EE","og_type":"article","og_title":"Madrats \"Kosmo H19\" - Folkland","og_description":"Madratsi eelised:  Hea \u00f5hu l\u00e4bilaskvus ja niiskuskontrolli omadused; pakub \u00fchtlast tuge k\u00f5ikidele kehaosadele; annab ortopeedilise efekti; erineva k\u00f5vadusega k\u00fcljed; valmistatud ohututest, mittetoksilistest materjalidest; lai suurusvahemik; talub intensiivset koormust; 2-aastane garantii; valmistatud L\u00e4tis;","og_url":"https:\/\/www.folkland.lv\/et\/prece\/madrats-kosmo-h19\/","og_site_name":"Folkland","og_image":[{"width":1920,"height":1080,"url":"https:\/\/www.folkland.lv\/wp-content\/uploads\/2023\/06\/Kosmo.png","type":"image\/png"}],"twitter_card":"summary_large_image","twitter_misc":{"Est. reading time":"1 minut"},"schema":{"@context":"https:\/\/schema.org","@graph":[{"@type":"WebPage","@id":"https:\/\/www.folkland.lv\/et\/prece\/madrats-kosmo-h19\/","url":"https:\/\/www.folkland.lv\/et\/prece\/madrats-kosmo-h19\/","name":"Madrats \"Kosmo H19\" - Folkland","isPartOf":{"@id":"https:\/\/www.folkland.lv\/#website"},"primaryImageOfPage":{"@id":"https:\/\/www.folkland.lv\/et\/prece\/madrats-kosmo-h19\/#primaryimage"},"image":{"@id":"https:\/\/www.folkland.lv\/et\/prece\/madrats-kosmo-h19\/#primaryimage"},"thumbnailUrl":"https:\/\/www.folkland.lv\/wp-content\/uploads\/2023\/06\/Kosmo.png","datePublished":"2023-07-06T13:11:53+00:00","dateModified":"2023-07-06T13:11:53+00:00","breadcrumb":{"@id":"https:\/\/www.folkland.lv\/et\/prece\/madrats-kosmo-h19\/#breadcrumb"},"inLanguage":"et","potentialAction":[{"@type":"ReadAction","target":["https:\/\/www.folkland.lv\/et\/prece\/madrats-kosmo-h19\/"]}]},{"@type":"ImageObject","inLanguage":"et","@id":"https:\/\/www.folkland.lv\/et\/prece\/madrats-kosmo-h19\/#primaryimage","url":"https:\/\/www.folkland.lv\/wp-content\/uploads\/2023\/06\/Kosmo.png","contentUrl":"https:\/\/www.folkland.lv\/wp-content\/uploads\/2023\/06\/Kosmo.png","width":1920,"height":1080},{"@type":"BreadcrumbList","@id":"https:\/\/www.folkland.lv\/et\/prece\/madrats-kosmo-h19\/#breadcrumb","itemListElement":[{"@type":"ListItem","position":1,"name":"Algus","item":"https:\/\/www.folkland.lv\/et\/"},{"@type":"ListItem","position":2,"name":"Pood","item":"https:\/\/www.folkland.lv\/et\/pood\/"},{"@type":"ListItem","position":3,"name":"Madrats &#8220;Kosmo H19&#8221;"}]},{"@type":"WebSite","@id":"https:\/\/www.folkland.lv\/#website","url":"https:\/\/www.folkland.lv\/","name":"Folkland","description":"","potentialAction":[{"@type":"SearchAction","target":{"@type":"EntryPoint","urlTemplate":"https:\/\/www.folkland.lv\/?s={search_term_string}"},"query-input":"required name=search_term_string"}],"inLanguage":"et"}]}},"_links":{"self":[{"href":"https:\/\/www.folkland.lv\/et\/wp-json\/wp\/v2\/product\/35968"}],"collection":[{"href":"https:\/\/www.folkland.lv\/et\/wp-json\/wp\/v2\/product"}],"about":[{"href":"https:\/\/www.folkland.lv\/et\/wp-json\/wp\/v2\/types\/product"}],"version-history":[{"count":1,"href":"https:\/\/www.folkland.lv\/et\/wp-json\/wp\/v2\/product\/35968\/revisions"}],"predecessor-version":[{"id":35969,"href":"https:\/\/www.folkland.lv\/et\/wp-json\/wp\/v2\/product\/35968\/revisions\/35969"}],"wp:featuredmedia":[{"embeddable":true,"href":"https:\/\/www.folkland.lv\/et\/wp-json\/wp\/v2\/media\/35462"}],"wp:attachment":[{"href":"https:\/\/www.folkland.lv\/et\/wp-json\/wp\/v2\/media?parent=35968"}],"wp:term":[{"taxonomy":"product_cat","embeddable":true,"href":"https:\/\/www.folkland.lv\/et\/wp-json\/wp\/v2\/product_cat?post=35968"},{"taxonomy":"product_tag","embeddable":true,"href":"https:\/\/www.folkland.lv\/et\/wp-json\/wp\/v2\/product_tag?post=35968"}],"curies":[{"name":"wp","href":"https:\/\/api.w.org\/{rel}","templated":true}]}}