{"id":35908,"date":"2023-06-30T12:41:32","date_gmt":"2023-07-06T12:38:56","guid":{"rendered":"https:\/\/www.folkland.lv\/?post_type=product&#038;p=35908"},"modified":"2023-07-06T15:38:56","modified_gmt":"2023-07-06T12:38:56","slug":"madrats-star-h20","status":"publish","type":"product","link":"https:\/\/www.folkland.lv\/et\/prece\/madrats-star-h20\/","title":{"rendered":"Madrats &#8220;Star H20 &#8220;"},"content":{"rendered":"<p>&nbsp;<\/p>\n<p>Keskmise tugevusega madrats. \u00d6konoomne, usaldusv\u00e4\u00e4rne, vedrustuseta madrats, mis on valmistatud EcoTex vahtplastist &#8211; paindlikust, h\u00fcgieenilisest ja antiallergeensest materjalist. T\u00e4nu oma struktuurile on madrats vastupidav tolmulestadele ja teistele parasiitidele. Madratsi pind on kaetud puuvillaga.<\/p>\n<p><strong>Materjalid:<\/strong><\/p>\n<p>Eemaldatav kate<br \/>\nPuuvillane<br \/>\nEcoTex vaht 19cm<br \/>\nPuuvillane<br \/>\nMadratsi k\u00f5rgus 20cm<\/p>\n","protected":false},"excerpt":{"rendered":"<p><span style=\"font-size: 14pt;\"><strong>Madrats &#8220;STAR H20&#8221;<\/strong><\/span><\/p>\n<p><strong>Madratsi eelised:<\/strong><\/p>\n<p>Hea \u00f5hu l\u00e4bilaskvus;<br \/>\nvalmistatud ohututest, mittetoksilistest materjalidest;<br \/>\nlai suuruste valik;<br \/>\ntalub tugevat koormust;<br \/>\n2-aastane garantii;<br \/>\nvalmistatud L\u00e4tis;<\/p>\n","protected":false},"featured_media":35383,"template":"","meta":{"_acf_changed":false},"product_cat":[537,294,545],"product_tag":[],"acf":[],"yoast_head":"<!-- This site is optimized with the Yoast SEO plugin v23.0 - https:\/\/yoast.com\/wordpress\/plugins\/seo\/ -->\n<title>Madrats &quot;Star H20 &quot; - Folkland<\/title>\n<meta name=\"robots\" content=\"index, follow, max-snippet:-1, max-image-preview:large, max-video-preview:-1\" \/>\n<link rel=\"canonical\" href=\"https:\/\/www.folkland.lv\/et\/prece\/madrats-star-h20\/\" \/>\n<meta property=\"og:locale\" content=\"et_EE\" \/>\n<meta property=\"og:type\" content=\"article\" \/>\n<meta property=\"og:title\" content=\"Madrats &quot;Star H20 &quot; - Folkland\" \/>\n<meta property=\"og:description\" content=\"Madrats &quot;STAR H20&quot;  Madratsi eelised:  Hea \u00f5hu l\u00e4bilaskvus; valmistatud ohututest, mittetoksilistest materjalidest; lai suuruste valik; talub tugevat koormust; 2-aastane garantii; valmistatud L\u00e4tis;\" \/>\n<meta property=\"og:url\" content=\"https:\/\/www.folkland.lv\/et\/prece\/madrats-star-h20\/\" \/>\n<meta property=\"og:site_name\" content=\"Folkland\" \/>\n<meta property=\"og:image\" content=\"https:\/\/www.folkland.lv\/wp-content\/uploads\/2023\/06\/starH20.png\" \/>\n\t<meta property=\"og:image:width\" content=\"1920\" \/>\n\t<meta property=\"og:image:height\" content=\"1080\" \/>\n\t<meta property=\"og:image:type\" content=\"image\/png\" \/>\n<meta name=\"twitter:card\" content=\"summary_large_image\" \/>\n<meta name=\"twitter:label1\" content=\"Est. reading time\" \/>\n\t<meta name=\"twitter:data1\" content=\"1 minut\" \/>\n<script type=\"application\/ld+json\" class=\"yoast-schema-graph\">{\"@context\":\"https:\/\/schema.org\",\"@graph\":[{\"@type\":\"WebPage\",\"@id\":\"https:\/\/www.folkland.lv\/et\/prece\/madrats-star-h20\/\",\"url\":\"https:\/\/www.folkland.lv\/et\/prece\/madrats-star-h20\/\",\"name\":\"Madrats \\\"Star H20 \\\" - Folkland\",\"isPartOf\":{\"@id\":\"https:\/\/www.folkland.lv\/#website\"},\"primaryImageOfPage\":{\"@id\":\"https:\/\/www.folkland.lv\/et\/prece\/madrats-star-h20\/#primaryimage\"},\"image\":{\"@id\":\"https:\/\/www.folkland.lv\/et\/prece\/madrats-star-h20\/#primaryimage\"},\"thumbnailUrl\":\"https:\/\/www.folkland.lv\/wp-content\/uploads\/2023\/06\/starH20.png\",\"datePublished\":\"2023-07-06T12:38:56+00:00\",\"dateModified\":\"2023-07-06T12:38:56+00:00\",\"breadcrumb\":{\"@id\":\"https:\/\/www.folkland.lv\/et\/prece\/madrats-star-h20\/#breadcrumb\"},\"inLanguage\":\"et\",\"potentialAction\":[{\"@type\":\"ReadAction\",\"target\":[\"https:\/\/www.folkland.lv\/et\/prece\/madrats-star-h20\/\"]}]},{\"@type\":\"ImageObject\",\"inLanguage\":\"et\",\"@id\":\"https:\/\/www.folkland.lv\/et\/prece\/madrats-star-h20\/#primaryimage\",\"url\":\"https:\/\/www.folkland.lv\/wp-content\/uploads\/2023\/06\/starH20.png\",\"contentUrl\":\"https:\/\/www.folkland.lv\/wp-content\/uploads\/2023\/06\/starH20.png\",\"width\":1920,\"height\":1080},{\"@type\":\"BreadcrumbList\",\"@id\":\"https:\/\/www.folkland.lv\/et\/prece\/madrats-star-h20\/#breadcrumb\",\"itemListElement\":[{\"@type\":\"ListItem\",\"position\":1,\"name\":\"Algus\",\"item\":\"https:\/\/www.folkland.lv\/et\/\"},{\"@type\":\"ListItem\",\"position\":2,\"name\":\"Pood\",\"item\":\"https:\/\/www.folkland.lv\/et\/pood\/\"},{\"@type\":\"ListItem\",\"position\":3,\"name\":\"Madrats &#8220;Star H20 &#8220;\"}]},{\"@type\":\"WebSite\",\"@id\":\"https:\/\/www.folkland.lv\/#website\",\"url\":\"https:\/\/www.folkland.lv\/\",\"name\":\"Folkland\",\"description\":\"\",\"potentialAction\":[{\"@type\":\"SearchAction\",\"target\":{\"@type\":\"EntryPoint\",\"urlTemplate\":\"https:\/\/www.folkland.lv\/?s={search_term_string}\"},\"query-input\":\"required name=search_term_string\"}],\"inLanguage\":\"et\"}]}<\/script>\n<!-- \/ Yoast SEO plugin. -->","yoast_head_json":{"title":"Madrats \"Star H20 \" - Folkland","robots":{"index":"index","follow":"follow","max-snippet":"max-snippet:-1","max-image-preview":"max-image-preview:large","max-video-preview":"max-video-preview:-1"},"canonical":"https:\/\/www.folkland.lv\/et\/prece\/madrats-star-h20\/","og_locale":"et_EE","og_type":"article","og_title":"Madrats \"Star H20 \" - Folkland","og_description":"Madrats \"STAR H20\"  Madratsi eelised:  Hea \u00f5hu l\u00e4bilaskvus; valmistatud ohututest, mittetoksilistest materjalidest; lai suuruste valik; talub tugevat koormust; 2-aastane garantii; valmistatud L\u00e4tis;","og_url":"https:\/\/www.folkland.lv\/et\/prece\/madrats-star-h20\/","og_site_name":"Folkland","og_image":[{"width":1920,"height":1080,"url":"https:\/\/www.folkland.lv\/wp-content\/uploads\/2023\/06\/starH20.png","type":"image\/png"}],"twitter_card":"summary_large_image","twitter_misc":{"Est. reading time":"1 minut"},"schema":{"@context":"https:\/\/schema.org","@graph":[{"@type":"WebPage","@id":"https:\/\/www.folkland.lv\/et\/prece\/madrats-star-h20\/","url":"https:\/\/www.folkland.lv\/et\/prece\/madrats-star-h20\/","name":"Madrats \"Star H20 \" - Folkland","isPartOf":{"@id":"https:\/\/www.folkland.lv\/#website"},"primaryImageOfPage":{"@id":"https:\/\/www.folkland.lv\/et\/prece\/madrats-star-h20\/#primaryimage"},"image":{"@id":"https:\/\/www.folkland.lv\/et\/prece\/madrats-star-h20\/#primaryimage"},"thumbnailUrl":"https:\/\/www.folkland.lv\/wp-content\/uploads\/2023\/06\/starH20.png","datePublished":"2023-07-06T12:38:56+00:00","dateModified":"2023-07-06T12:38:56+00:00","breadcrumb":{"@id":"https:\/\/www.folkland.lv\/et\/prece\/madrats-star-h20\/#breadcrumb"},"inLanguage":"et","potentialAction":[{"@type":"ReadAction","target":["https:\/\/www.folkland.lv\/et\/prece\/madrats-star-h20\/"]}]},{"@type":"ImageObject","inLanguage":"et","@id":"https:\/\/www.folkland.lv\/et\/prece\/madrats-star-h20\/#primaryimage","url":"https:\/\/www.folkland.lv\/wp-content\/uploads\/2023\/06\/starH20.png","contentUrl":"https:\/\/www.folkland.lv\/wp-content\/uploads\/2023\/06\/starH20.png","width":1920,"height":1080},{"@type":"BreadcrumbList","@id":"https:\/\/www.folkland.lv\/et\/prece\/madrats-star-h20\/#breadcrumb","itemListElement":[{"@type":"ListItem","position":1,"name":"Algus","item":"https:\/\/www.folkland.lv\/et\/"},{"@type":"ListItem","position":2,"name":"Pood","item":"https:\/\/www.folkland.lv\/et\/pood\/"},{"@type":"ListItem","position":3,"name":"Madrats &#8220;Star H20 &#8220;"}]},{"@type":"WebSite","@id":"https:\/\/www.folkland.lv\/#website","url":"https:\/\/www.folkland.lv\/","name":"Folkland","description":"","potentialAction":[{"@type":"SearchAction","target":{"@type":"EntryPoint","urlTemplate":"https:\/\/www.folkland.lv\/?s={search_term_string}"},"query-input":"required name=search_term_string"}],"inLanguage":"et"}]}},"_links":{"self":[{"href":"https:\/\/www.folkland.lv\/et\/wp-json\/wp\/v2\/product\/35908"}],"collection":[{"href":"https:\/\/www.folkland.lv\/et\/wp-json\/wp\/v2\/product"}],"about":[{"href":"https:\/\/www.folkland.lv\/et\/wp-json\/wp\/v2\/types\/product"}],"version-history":[{"count":1,"href":"https:\/\/www.folkland.lv\/et\/wp-json\/wp\/v2\/product\/35908\/revisions"}],"predecessor-version":[{"id":35909,"href":"https:\/\/www.folkland.lv\/et\/wp-json\/wp\/v2\/product\/35908\/revisions\/35909"}],"wp:featuredmedia":[{"embeddable":true,"href":"https:\/\/www.folkland.lv\/et\/wp-json\/wp\/v2\/media\/35383"}],"wp:attachment":[{"href":"https:\/\/www.folkland.lv\/et\/wp-json\/wp\/v2\/media?parent=35908"}],"wp:term":[{"taxonomy":"product_cat","embeddable":true,"href":"https:\/\/www.folkland.lv\/et\/wp-json\/wp\/v2\/product_cat?post=35908"},{"taxonomy":"product_tag","embeddable":true,"href":"https:\/\/www.folkland.lv\/et\/wp-json\/wp\/v2\/product_tag?post=35908"}],"curies":[{"name":"wp","href":"https:\/\/api.w.org\/{rel}","templated":true}]}}