{"id":35783,"date":"2023-06-30T11:38:13","date_gmt":"2023-07-06T08:38:34","guid":{"rendered":"https:\/\/www.folkland.lv\/?post_type=product&#038;p=35783"},"modified":"2023-07-06T11:38:34","modified_gmt":"2023-07-06T08:38:34","slug":"madrats-orto-h8","status":"publish","type":"product","link":"https:\/\/www.folkland.lv\/et\/prece\/madrats-orto-h8\/","title":{"rendered":"Madrats &#8220;Orto H8&#8221;"},"content":{"rendered":"<p>Keskmise tugevusega madrats. \u00d6konoomne, usaldusv\u00e4\u00e4rne, vedrustuseta madrats, mis on valmistatud EcoTex vahtplastist &#8211; paindlikust, h\u00fcgieenilisest ja antiallergeensest materjalist. T\u00e4nu oma struktuurile on madrats vastupidav tolmulestadele ja teistele parasiitidele. Madratsi pind on kaetud puuvillaga.<\/p>\n<p>Koostis: Materjalid:<\/p>\n<p>Eemaldatav kate<br \/>\nPuuvillane<br \/>\nEcoTex 8 cm vahtpolster<br \/>\nPuuvillane<br \/>\nMadratsi k\u00f5rgus 8-9cm<\/p>\n","protected":false},"excerpt":{"rendered":"<p><span style=\"font-size: 14pt;\"><strong>Madrats &#8220;ORTO H8&#8221;<\/strong><\/span><\/p>\n<p><strong>Madratsi eelised:<\/strong><\/p>\n<p>Hea \u00f5hu l\u00e4bilaskvus;<br \/>\nvalmistatud ohututest, mittetoksilistest materjalidest;<br \/>\nlai suuruste valik;<\/p>\n","protected":false},"featured_media":35316,"template":"","meta":{"_acf_changed":false},"product_cat":[537,294,545],"product_tag":[],"acf":[],"yoast_head":"<!-- This site is optimized with the Yoast SEO plugin v23.0 - https:\/\/yoast.com\/wordpress\/plugins\/seo\/ -->\n<title>Madrats &quot;Orto H8&quot; - Folkland<\/title>\n<meta name=\"robots\" content=\"index, follow, max-snippet:-1, max-image-preview:large, max-video-preview:-1\" \/>\n<link rel=\"canonical\" href=\"https:\/\/www.folkland.lv\/et\/prece\/madrats-orto-h8\/\" \/>\n<meta property=\"og:locale\" content=\"et_EE\" \/>\n<meta property=\"og:type\" content=\"article\" \/>\n<meta property=\"og:title\" content=\"Madrats &quot;Orto H8&quot; - Folkland\" \/>\n<meta property=\"og:description\" content=\"Madrats &quot;ORTO H8&quot;  Madratsi eelised:  Hea \u00f5hu l\u00e4bilaskvus; valmistatud ohututest, mittetoksilistest materjalidest; lai suuruste valik;\" \/>\n<meta property=\"og:url\" content=\"https:\/\/www.folkland.lv\/et\/prece\/madrats-orto-h8\/\" \/>\n<meta property=\"og:site_name\" content=\"Folkland\" \/>\n<meta property=\"og:image\" content=\"https:\/\/www.folkland.lv\/wp-content\/uploads\/2023\/06\/OrtoH8.png\" \/>\n\t<meta property=\"og:image:width\" content=\"1920\" \/>\n\t<meta property=\"og:image:height\" content=\"1080\" \/>\n\t<meta property=\"og:image:type\" content=\"image\/png\" \/>\n<meta name=\"twitter:card\" content=\"summary_large_image\" \/>\n<script type=\"application\/ld+json\" class=\"yoast-schema-graph\">{\"@context\":\"https:\/\/schema.org\",\"@graph\":[{\"@type\":\"WebPage\",\"@id\":\"https:\/\/www.folkland.lv\/et\/prece\/madrats-orto-h8\/\",\"url\":\"https:\/\/www.folkland.lv\/et\/prece\/madrats-orto-h8\/\",\"name\":\"Madrats \\\"Orto H8\\\" - Folkland\",\"isPartOf\":{\"@id\":\"https:\/\/www.folkland.lv\/#website\"},\"primaryImageOfPage\":{\"@id\":\"https:\/\/www.folkland.lv\/et\/prece\/madrats-orto-h8\/#primaryimage\"},\"image\":{\"@id\":\"https:\/\/www.folkland.lv\/et\/prece\/madrats-orto-h8\/#primaryimage\"},\"thumbnailUrl\":\"https:\/\/www.folkland.lv\/wp-content\/uploads\/2023\/06\/OrtoH8.png\",\"datePublished\":\"2023-07-06T08:38:34+00:00\",\"dateModified\":\"2023-07-06T08:38:34+00:00\",\"breadcrumb\":{\"@id\":\"https:\/\/www.folkland.lv\/et\/prece\/madrats-orto-h8\/#breadcrumb\"},\"inLanguage\":\"et\",\"potentialAction\":[{\"@type\":\"ReadAction\",\"target\":[\"https:\/\/www.folkland.lv\/et\/prece\/madrats-orto-h8\/\"]}]},{\"@type\":\"ImageObject\",\"inLanguage\":\"et\",\"@id\":\"https:\/\/www.folkland.lv\/et\/prece\/madrats-orto-h8\/#primaryimage\",\"url\":\"https:\/\/www.folkland.lv\/wp-content\/uploads\/2023\/06\/OrtoH8.png\",\"contentUrl\":\"https:\/\/www.folkland.lv\/wp-content\/uploads\/2023\/06\/OrtoH8.png\",\"width\":1920,\"height\":1080},{\"@type\":\"BreadcrumbList\",\"@id\":\"https:\/\/www.folkland.lv\/et\/prece\/madrats-orto-h8\/#breadcrumb\",\"itemListElement\":[{\"@type\":\"ListItem\",\"position\":1,\"name\":\"Algus\",\"item\":\"https:\/\/www.folkland.lv\/et\/\"},{\"@type\":\"ListItem\",\"position\":2,\"name\":\"Pood\",\"item\":\"https:\/\/www.folkland.lv\/et\/pood\/\"},{\"@type\":\"ListItem\",\"position\":3,\"name\":\"Madrats &#8220;Orto H8&#8221;\"}]},{\"@type\":\"WebSite\",\"@id\":\"https:\/\/www.folkland.lv\/#website\",\"url\":\"https:\/\/www.folkland.lv\/\",\"name\":\"Folkland\",\"description\":\"\",\"potentialAction\":[{\"@type\":\"SearchAction\",\"target\":{\"@type\":\"EntryPoint\",\"urlTemplate\":\"https:\/\/www.folkland.lv\/?s={search_term_string}\"},\"query-input\":\"required name=search_term_string\"}],\"inLanguage\":\"et\"}]}<\/script>\n<!-- \/ Yoast SEO plugin. -->","yoast_head_json":{"title":"Madrats \"Orto H8\" - Folkland","robots":{"index":"index","follow":"follow","max-snippet":"max-snippet:-1","max-image-preview":"max-image-preview:large","max-video-preview":"max-video-preview:-1"},"canonical":"https:\/\/www.folkland.lv\/et\/prece\/madrats-orto-h8\/","og_locale":"et_EE","og_type":"article","og_title":"Madrats \"Orto H8\" - Folkland","og_description":"Madrats \"ORTO H8\"  Madratsi eelised:  Hea \u00f5hu l\u00e4bilaskvus; valmistatud ohututest, mittetoksilistest materjalidest; lai suuruste valik;","og_url":"https:\/\/www.folkland.lv\/et\/prece\/madrats-orto-h8\/","og_site_name":"Folkland","og_image":[{"width":1920,"height":1080,"url":"https:\/\/www.folkland.lv\/wp-content\/uploads\/2023\/06\/OrtoH8.png","type":"image\/png"}],"twitter_card":"summary_large_image","schema":{"@context":"https:\/\/schema.org","@graph":[{"@type":"WebPage","@id":"https:\/\/www.folkland.lv\/et\/prece\/madrats-orto-h8\/","url":"https:\/\/www.folkland.lv\/et\/prece\/madrats-orto-h8\/","name":"Madrats \"Orto H8\" - Folkland","isPartOf":{"@id":"https:\/\/www.folkland.lv\/#website"},"primaryImageOfPage":{"@id":"https:\/\/www.folkland.lv\/et\/prece\/madrats-orto-h8\/#primaryimage"},"image":{"@id":"https:\/\/www.folkland.lv\/et\/prece\/madrats-orto-h8\/#primaryimage"},"thumbnailUrl":"https:\/\/www.folkland.lv\/wp-content\/uploads\/2023\/06\/OrtoH8.png","datePublished":"2023-07-06T08:38:34+00:00","dateModified":"2023-07-06T08:38:34+00:00","breadcrumb":{"@id":"https:\/\/www.folkland.lv\/et\/prece\/madrats-orto-h8\/#breadcrumb"},"inLanguage":"et","potentialAction":[{"@type":"ReadAction","target":["https:\/\/www.folkland.lv\/et\/prece\/madrats-orto-h8\/"]}]},{"@type":"ImageObject","inLanguage":"et","@id":"https:\/\/www.folkland.lv\/et\/prece\/madrats-orto-h8\/#primaryimage","url":"https:\/\/www.folkland.lv\/wp-content\/uploads\/2023\/06\/OrtoH8.png","contentUrl":"https:\/\/www.folkland.lv\/wp-content\/uploads\/2023\/06\/OrtoH8.png","width":1920,"height":1080},{"@type":"BreadcrumbList","@id":"https:\/\/www.folkland.lv\/et\/prece\/madrats-orto-h8\/#breadcrumb","itemListElement":[{"@type":"ListItem","position":1,"name":"Algus","item":"https:\/\/www.folkland.lv\/et\/"},{"@type":"ListItem","position":2,"name":"Pood","item":"https:\/\/www.folkland.lv\/et\/pood\/"},{"@type":"ListItem","position":3,"name":"Madrats &#8220;Orto H8&#8221;"}]},{"@type":"WebSite","@id":"https:\/\/www.folkland.lv\/#website","url":"https:\/\/www.folkland.lv\/","name":"Folkland","description":"","potentialAction":[{"@type":"SearchAction","target":{"@type":"EntryPoint","urlTemplate":"https:\/\/www.folkland.lv\/?s={search_term_string}"},"query-input":"required name=search_term_string"}],"inLanguage":"et"}]}},"_links":{"self":[{"href":"https:\/\/www.folkland.lv\/et\/wp-json\/wp\/v2\/product\/35783"}],"collection":[{"href":"https:\/\/www.folkland.lv\/et\/wp-json\/wp\/v2\/product"}],"about":[{"href":"https:\/\/www.folkland.lv\/et\/wp-json\/wp\/v2\/types\/product"}],"version-history":[{"count":1,"href":"https:\/\/www.folkland.lv\/et\/wp-json\/wp\/v2\/product\/35783\/revisions"}],"predecessor-version":[{"id":35784,"href":"https:\/\/www.folkland.lv\/et\/wp-json\/wp\/v2\/product\/35783\/revisions\/35784"}],"wp:featuredmedia":[{"embeddable":true,"href":"https:\/\/www.folkland.lv\/et\/wp-json\/wp\/v2\/media\/35316"}],"wp:attachment":[{"href":"https:\/\/www.folkland.lv\/et\/wp-json\/wp\/v2\/media?parent=35783"}],"wp:term":[{"taxonomy":"product_cat","embeddable":true,"href":"https:\/\/www.folkland.lv\/et\/wp-json\/wp\/v2\/product_cat?post=35783"},{"taxonomy":"product_tag","embeddable":true,"href":"https:\/\/www.folkland.lv\/et\/wp-json\/wp\/v2\/product_tag?post=35783"}],"curies":[{"name":"wp","href":"https:\/\/api.w.org\/{rel}","templated":true}]}}