{"id":35670,"date":"2023-07-03T12:15:51","date_gmt":"2023-07-03T09:15:52","guid":{"rendered":"https:\/\/www.folkland.lv\/?post_type=product&#038;p=35670"},"modified":"2023-07-06T10:44:20","modified_gmt":"2023-07-06T07:44:20","slug":"006-puidust-voodi-80cm-x-200cm-valge-copy","status":"publish","type":"product","link":"https:\/\/www.folkland.lv\/et\/prece\/006-puidust-voodi-80cm-x-200cm-valge-copy\/","title":{"rendered":"\u00dchekordne puidust voodi lakitud"},"content":{"rendered":"<pre id=\"tw-target-text\" class=\"tw-data-text tw-text-large tw-ta\" dir=\"ltr\" data-placeholder=\"Translation\"><span class=\"Y2IQFc\" lang=\"et\" style=\"font-family: georgia, palatino, serif;\">Spetsifikatsioon:\r\n\r\nLaius - 80cm - 120cm;\r\nPikkus - 200 cm;\r\nK\u00f5rgus - 21 cm (madratsini);\r\nSeljatoe k\u00f5rgus - 82cm;\r\nMaterjal - m\u00e4nni massiiv;\r\nT\u00f6\u00f6tlemine - Viva color aqua;\r\nMadratsi tugiliistud on komplektis;\r\nKaasas riistvara ja montaa\u017eijuhised;\r\nSee toode vajab kokkupanekut;\r\nTarnitakse lahtiv\u00f5etuna (pakend, pappkarp, PVC kile)\r\nTootmine ja tarne 1-2 n\u00e4dalat;\r\n\r\nHind ei sisalda - Madrats, pesukast, voodipesu, samuti muud tarvikud.<\/span><\/pre>\n","protected":false},"excerpt":{"rendered":"<pre id=\"tw-target-text\" class=\"tw-data-text tw-text-large tw-ta\" dir=\"ltr\" data-placeholder=\"Translation\"><span class=\"Y2IQFc\" lang=\"et\" style=\"font-family: georgia, palatino, serif;\">T\u00e4ism\u00e4nnipuidust \u00fcheinimesevoodi.\r\n\r\nT\u00e4ism\u00e4nnipuidust voodi valmistatud L\u00e4tis, L\u00e4ti m\u00e4nnist.\r\n\r\nVoodi disain on v\u00e4ga kerge ja lihtne, seet\u00f5ttu sobib see h\u00e4sti nii klassikalises interj\u00f6\u00f6ris kui ka maa- ja puhkemajades, telkimisplatsidel.<\/span><\/pre>\n","protected":false},"featured_media":35695,"template":"","meta":{"_acf_changed":false},"product_cat":[537,281,294,299],"product_tag":[],"acf":[],"yoast_head":"<!-- This site is optimized with the Yoast SEO plugin v23.0 - https:\/\/yoast.com\/wordpress\/plugins\/seo\/ -->\n<title>\u00dchekordne puidust voodi lakitud - Folkland<\/title>\n<meta name=\"robots\" content=\"index, follow, max-snippet:-1, max-image-preview:large, max-video-preview:-1\" \/>\n<link rel=\"canonical\" href=\"https:\/\/www.folkland.lv\/et\/prece\/006-puidust-voodi-80cm-x-200cm-valge-copy\/\" \/>\n<meta property=\"og:locale\" content=\"et_EE\" \/>\n<meta property=\"og:type\" content=\"article\" \/>\n<meta property=\"og:title\" content=\"\u00dchekordne puidust voodi lakitud - Folkland\" \/>\n<meta property=\"og:description\" content=\"T\u00e4ism\u00e4nnipuidust \u00fcheinimesevoodi.  T\u00e4ism\u00e4nnipuidust voodi valmistatud L\u00e4tis, L\u00e4ti m\u00e4nnist.  Voodi disain on v\u00e4ga kerge ja lihtne, seet\u00f5ttu sobib see h\u00e4sti nii klassikalises interj\u00f6\u00f6ris kui ka maa- ja puhkemajades, telkimisplatsidel.\" \/>\n<meta property=\"og:url\" content=\"https:\/\/www.folkland.lv\/et\/prece\/006-puidust-voodi-80cm-x-200cm-valge-copy\/\" \/>\n<meta property=\"og:site_name\" content=\"Folkland\" \/>\n<meta property=\"article:modified_time\" content=\"2023-07-06T07:44:20+00:00\" \/>\n<meta property=\"og:image\" content=\"https:\/\/www.folkland.lv\/wp-content\/uploads\/2023\/07\/Folkland_Home_TNG_01.jpg\" \/>\n\t<meta property=\"og:image:width\" content=\"1500\" \/>\n\t<meta property=\"og:image:height\" content=\"1500\" \/>\n\t<meta property=\"og:image:type\" content=\"image\/jpeg\" \/>\n<meta name=\"twitter:card\" content=\"summary_large_image\" \/>\n<meta name=\"twitter:label1\" content=\"Est. reading time\" \/>\n\t<meta name=\"twitter:data1\" content=\"1 minut\" \/>\n<script type=\"application\/ld+json\" class=\"yoast-schema-graph\">{\"@context\":\"https:\/\/schema.org\",\"@graph\":[{\"@type\":\"WebPage\",\"@id\":\"https:\/\/www.folkland.lv\/et\/prece\/006-puidust-voodi-80cm-x-200cm-valge-copy\/\",\"url\":\"https:\/\/www.folkland.lv\/et\/prece\/006-puidust-voodi-80cm-x-200cm-valge-copy\/\",\"name\":\"\u00dchekordne puidust voodi lakitud - Folkland\",\"isPartOf\":{\"@id\":\"https:\/\/www.folkland.lv\/#website\"},\"primaryImageOfPage\":{\"@id\":\"https:\/\/www.folkland.lv\/et\/prece\/006-puidust-voodi-80cm-x-200cm-valge-copy\/#primaryimage\"},\"image\":{\"@id\":\"https:\/\/www.folkland.lv\/et\/prece\/006-puidust-voodi-80cm-x-200cm-valge-copy\/#primaryimage\"},\"thumbnailUrl\":\"https:\/\/www.folkland.lv\/wp-content\/uploads\/2023\/07\/Folkland_Home_TNG_01.jpg\",\"datePublished\":\"2023-07-03T09:15:52+00:00\",\"dateModified\":\"2023-07-06T07:44:20+00:00\",\"breadcrumb\":{\"@id\":\"https:\/\/www.folkland.lv\/et\/prece\/006-puidust-voodi-80cm-x-200cm-valge-copy\/#breadcrumb\"},\"inLanguage\":\"et\",\"potentialAction\":[{\"@type\":\"ReadAction\",\"target\":[\"https:\/\/www.folkland.lv\/et\/prece\/006-puidust-voodi-80cm-x-200cm-valge-copy\/\"]}]},{\"@type\":\"ImageObject\",\"inLanguage\":\"et\",\"@id\":\"https:\/\/www.folkland.lv\/et\/prece\/006-puidust-voodi-80cm-x-200cm-valge-copy\/#primaryimage\",\"url\":\"https:\/\/www.folkland.lv\/wp-content\/uploads\/2023\/07\/Folkland_Home_TNG_01.jpg\",\"contentUrl\":\"https:\/\/www.folkland.lv\/wp-content\/uploads\/2023\/07\/Folkland_Home_TNG_01.jpg\",\"width\":1500,\"height\":1500},{\"@type\":\"BreadcrumbList\",\"@id\":\"https:\/\/www.folkland.lv\/et\/prece\/006-puidust-voodi-80cm-x-200cm-valge-copy\/#breadcrumb\",\"itemListElement\":[{\"@type\":\"ListItem\",\"position\":1,\"name\":\"Algus\",\"item\":\"https:\/\/www.folkland.lv\/et\/\"},{\"@type\":\"ListItem\",\"position\":2,\"name\":\"Pood\",\"item\":\"https:\/\/www.folkland.lv\/et\/pood\/\"},{\"@type\":\"ListItem\",\"position\":3,\"name\":\"\u00dchekordne puidust voodi lakitud\"}]},{\"@type\":\"WebSite\",\"@id\":\"https:\/\/www.folkland.lv\/#website\",\"url\":\"https:\/\/www.folkland.lv\/\",\"name\":\"Folkland\",\"description\":\"\",\"potentialAction\":[{\"@type\":\"SearchAction\",\"target\":{\"@type\":\"EntryPoint\",\"urlTemplate\":\"https:\/\/www.folkland.lv\/?s={search_term_string}\"},\"query-input\":\"required name=search_term_string\"}],\"inLanguage\":\"et\"}]}<\/script>\n<!-- \/ Yoast SEO plugin. -->","yoast_head_json":{"title":"\u00dchekordne puidust voodi lakitud - Folkland","robots":{"index":"index","follow":"follow","max-snippet":"max-snippet:-1","max-image-preview":"max-image-preview:large","max-video-preview":"max-video-preview:-1"},"canonical":"https:\/\/www.folkland.lv\/et\/prece\/006-puidust-voodi-80cm-x-200cm-valge-copy\/","og_locale":"et_EE","og_type":"article","og_title":"\u00dchekordne puidust voodi lakitud - Folkland","og_description":"T\u00e4ism\u00e4nnipuidust \u00fcheinimesevoodi.  T\u00e4ism\u00e4nnipuidust voodi valmistatud L\u00e4tis, L\u00e4ti m\u00e4nnist.  Voodi disain on v\u00e4ga kerge ja lihtne, seet\u00f5ttu sobib see h\u00e4sti nii klassikalises interj\u00f6\u00f6ris kui ka maa- ja puhkemajades, telkimisplatsidel.","og_url":"https:\/\/www.folkland.lv\/et\/prece\/006-puidust-voodi-80cm-x-200cm-valge-copy\/","og_site_name":"Folkland","article_modified_time":"2023-07-06T07:44:20+00:00","og_image":[{"width":1500,"height":1500,"url":"https:\/\/www.folkland.lv\/wp-content\/uploads\/2023\/07\/Folkland_Home_TNG_01.jpg","type":"image\/jpeg"}],"twitter_card":"summary_large_image","twitter_misc":{"Est. reading time":"1 minut"},"schema":{"@context":"https:\/\/schema.org","@graph":[{"@type":"WebPage","@id":"https:\/\/www.folkland.lv\/et\/prece\/006-puidust-voodi-80cm-x-200cm-valge-copy\/","url":"https:\/\/www.folkland.lv\/et\/prece\/006-puidust-voodi-80cm-x-200cm-valge-copy\/","name":"\u00dchekordne puidust voodi lakitud - Folkland","isPartOf":{"@id":"https:\/\/www.folkland.lv\/#website"},"primaryImageOfPage":{"@id":"https:\/\/www.folkland.lv\/et\/prece\/006-puidust-voodi-80cm-x-200cm-valge-copy\/#primaryimage"},"image":{"@id":"https:\/\/www.folkland.lv\/et\/prece\/006-puidust-voodi-80cm-x-200cm-valge-copy\/#primaryimage"},"thumbnailUrl":"https:\/\/www.folkland.lv\/wp-content\/uploads\/2023\/07\/Folkland_Home_TNG_01.jpg","datePublished":"2023-07-03T09:15:52+00:00","dateModified":"2023-07-06T07:44:20+00:00","breadcrumb":{"@id":"https:\/\/www.folkland.lv\/et\/prece\/006-puidust-voodi-80cm-x-200cm-valge-copy\/#breadcrumb"},"inLanguage":"et","potentialAction":[{"@type":"ReadAction","target":["https:\/\/www.folkland.lv\/et\/prece\/006-puidust-voodi-80cm-x-200cm-valge-copy\/"]}]},{"@type":"ImageObject","inLanguage":"et","@id":"https:\/\/www.folkland.lv\/et\/prece\/006-puidust-voodi-80cm-x-200cm-valge-copy\/#primaryimage","url":"https:\/\/www.folkland.lv\/wp-content\/uploads\/2023\/07\/Folkland_Home_TNG_01.jpg","contentUrl":"https:\/\/www.folkland.lv\/wp-content\/uploads\/2023\/07\/Folkland_Home_TNG_01.jpg","width":1500,"height":1500},{"@type":"BreadcrumbList","@id":"https:\/\/www.folkland.lv\/et\/prece\/006-puidust-voodi-80cm-x-200cm-valge-copy\/#breadcrumb","itemListElement":[{"@type":"ListItem","position":1,"name":"Algus","item":"https:\/\/www.folkland.lv\/et\/"},{"@type":"ListItem","position":2,"name":"Pood","item":"https:\/\/www.folkland.lv\/et\/pood\/"},{"@type":"ListItem","position":3,"name":"\u00dchekordne puidust voodi lakitud"}]},{"@type":"WebSite","@id":"https:\/\/www.folkland.lv\/#website","url":"https:\/\/www.folkland.lv\/","name":"Folkland","description":"","potentialAction":[{"@type":"SearchAction","target":{"@type":"EntryPoint","urlTemplate":"https:\/\/www.folkland.lv\/?s={search_term_string}"},"query-input":"required name=search_term_string"}],"inLanguage":"et"}]}},"_links":{"self":[{"href":"https:\/\/www.folkland.lv\/et\/wp-json\/wp\/v2\/product\/35670"}],"collection":[{"href":"https:\/\/www.folkland.lv\/et\/wp-json\/wp\/v2\/product"}],"about":[{"href":"https:\/\/www.folkland.lv\/et\/wp-json\/wp\/v2\/types\/product"}],"version-history":[{"count":1,"href":"https:\/\/www.folkland.lv\/et\/wp-json\/wp\/v2\/product\/35670\/revisions"}],"predecessor-version":[{"id":35737,"href":"https:\/\/www.folkland.lv\/et\/wp-json\/wp\/v2\/product\/35670\/revisions\/35737"}],"wp:featuredmedia":[{"embeddable":true,"href":"https:\/\/www.folkland.lv\/et\/wp-json\/wp\/v2\/media\/35695"}],"wp:attachment":[{"href":"https:\/\/www.folkland.lv\/et\/wp-json\/wp\/v2\/media?parent=35670"}],"wp:term":[{"taxonomy":"product_cat","embeddable":true,"href":"https:\/\/www.folkland.lv\/et\/wp-json\/wp\/v2\/product_cat?post=35670"},{"taxonomy":"product_tag","embeddable":true,"href":"https:\/\/www.folkland.lv\/et\/wp-json\/wp\/v2\/product_tag?post=35670"}],"curies":[{"name":"wp","href":"https:\/\/api.w.org\/{rel}","templated":true}]}}