{"id":35622,"date":"2023-07-03T12:03:47","date_gmt":"2023-07-03T09:03:48","guid":{"rendered":"https:\/\/www.folkland.lv\/?post_type=product&#038;p=35622"},"modified":"2023-07-06T11:02:18","modified_gmt":"2023-07-06T08:02:18","slug":"002-kahekordne-puidust-voodi-180cm-x-200cm-valge-copy-copy","status":"publish","type":"product","link":"https:\/\/www.folkland.lv\/et\/prece\/002-kahekordne-puidust-voodi-180cm-x-200cm-valge-copy-copy\/","title":{"rendered":"Kahekohaline puidust voodi on naturaalne"},"content":{"rendered":"<pre id=\"tw-target-text\" class=\"tw-data-text tw-text-large tw-ta\" dir=\"ltr\" data-placeholder=\"Translation\"><span class=\"Y2IQFc\" lang=\"et\" style=\"font-family: georgia, palatino, serif;\">Spetsifikatsioon:\r\n\r\nLaius - 140 - 200cm;\r\nPikkus - 200cm;\r\nK\u00f5rgus - 21cm (madratsini);\r\nMaterjal - m\u00e4nni massiiv;\r\nT\u00f6\u00f6tlemine - Viva color vesilakk;\r\nMadratsi tugiliistud on komplektis;\r\nKaasas riistvara ja montaa\u017eijuhised;\r\nSee toode vajab kokkupanekut;\r\nTarnitakse lahtiv\u00f5etuna (pakend, pappkarp, PVC kile)\r\nTootmine ja tarne 1-2 n\u00e4dalat;\r\n\r\nHind ei sisalda - Madrats, pesukast, voodipesu, samuti muud tarvikud.<\/span><\/pre>\n","protected":false},"excerpt":{"rendered":"<pre id=\"tw-target-text\" class=\"tw-data-text tw-text-large tw-ta\" dir=\"ltr\" data-placeholder=\"Translation\"><span class=\"Y2IQFc\" lang=\"et\" style=\"font-family: georgia, palatino, serif;\">Kaheinimesevoodi t\u00e4ism\u00e4nnist\r\n\r\nL\u00e4tis valmistatud t\u00e4ispuidust peenar, L\u00e4ti m\u00e4nnist;\r\nKonstruktiivselt lihtne ja stabiilne kaheinimesevoodi;\r\nVoodi disain on v\u00e4ga kerge ja lihtne, seet\u00f5ttu sobib see h\u00e4sti nii klassikalises interj\u00f6\u00f6ris kui ka maa- ja puhkemajades, telkimisplatsidel.<\/span><\/pre>\n","protected":false},"featured_media":36153,"template":"","meta":{"_acf_changed":false},"product_cat":[294,299,295],"product_tag":[],"acf":[],"yoast_head":"<!-- This site is optimized with the Yoast SEO plugin v23.0 - https:\/\/yoast.com\/wordpress\/plugins\/seo\/ -->\n<title>Kahekohaline puidust voodi on naturaalne - Folkland<\/title>\n<meta name=\"robots\" content=\"index, follow, max-snippet:-1, max-image-preview:large, max-video-preview:-1\" \/>\n<link rel=\"canonical\" href=\"https:\/\/www.folkland.lv\/et\/prece\/002-kahekordne-puidust-voodi-180cm-x-200cm-valge-copy-copy\/\" \/>\n<meta property=\"og:locale\" content=\"et_EE\" \/>\n<meta property=\"og:type\" content=\"article\" \/>\n<meta property=\"og:title\" content=\"Kahekohaline puidust voodi on naturaalne - Folkland\" \/>\n<meta property=\"og:description\" content=\"Kaheinimesevoodi t\u00e4ism\u00e4nnist  L\u00e4tis valmistatud t\u00e4ispuidust peenar, L\u00e4ti m\u00e4nnist; Konstruktiivselt lihtne ja stabiilne kaheinimesevoodi; Voodi disain on v\u00e4ga kerge ja lihtne, seet\u00f5ttu sobib see h\u00e4sti nii klassikalises interj\u00f6\u00f6ris kui ka maa- ja puhkemajades, telkimisplatsidel.\" \/>\n<meta property=\"og:url\" content=\"https:\/\/www.folkland.lv\/et\/prece\/002-kahekordne-puidust-voodi-180cm-x-200cm-valge-copy-copy\/\" \/>\n<meta property=\"og:site_name\" content=\"Folkland\" \/>\n<meta property=\"article:modified_time\" content=\"2023-07-06T08:02:18+00:00\" \/>\n<meta property=\"og:image\" content=\"https:\/\/www.folkland.lv\/wp-content\/uploads\/2023\/07\/s-l1600-11-1.jpg\" \/>\n\t<meta property=\"og:image:width\" content=\"1600\" \/>\n\t<meta property=\"og:image:height\" content=\"1203\" \/>\n\t<meta property=\"og:image:type\" content=\"image\/jpeg\" \/>\n<meta name=\"twitter:card\" content=\"summary_large_image\" \/>\n<meta name=\"twitter:label1\" content=\"Est. reading time\" \/>\n\t<meta name=\"twitter:data1\" content=\"1 minut\" \/>\n<script type=\"application\/ld+json\" class=\"yoast-schema-graph\">{\"@context\":\"https:\/\/schema.org\",\"@graph\":[{\"@type\":\"WebPage\",\"@id\":\"https:\/\/www.folkland.lv\/et\/prece\/002-kahekordne-puidust-voodi-180cm-x-200cm-valge-copy-copy\/\",\"url\":\"https:\/\/www.folkland.lv\/et\/prece\/002-kahekordne-puidust-voodi-180cm-x-200cm-valge-copy-copy\/\",\"name\":\"Kahekohaline puidust voodi on naturaalne - Folkland\",\"isPartOf\":{\"@id\":\"https:\/\/www.folkland.lv\/#website\"},\"primaryImageOfPage\":{\"@id\":\"https:\/\/www.folkland.lv\/et\/prece\/002-kahekordne-puidust-voodi-180cm-x-200cm-valge-copy-copy\/#primaryimage\"},\"image\":{\"@id\":\"https:\/\/www.folkland.lv\/et\/prece\/002-kahekordne-puidust-voodi-180cm-x-200cm-valge-copy-copy\/#primaryimage\"},\"thumbnailUrl\":\"https:\/\/www.folkland.lv\/wp-content\/uploads\/2023\/07\/Divgulama_gulta_Folkland_Laka_1.jpg\",\"datePublished\":\"2023-07-03T09:03:48+00:00\",\"dateModified\":\"2023-07-06T08:02:18+00:00\",\"breadcrumb\":{\"@id\":\"https:\/\/www.folkland.lv\/et\/prece\/002-kahekordne-puidust-voodi-180cm-x-200cm-valge-copy-copy\/#breadcrumb\"},\"inLanguage\":\"et\",\"potentialAction\":[{\"@type\":\"ReadAction\",\"target\":[\"https:\/\/www.folkland.lv\/et\/prece\/002-kahekordne-puidust-voodi-180cm-x-200cm-valge-copy-copy\/\"]}]},{\"@type\":\"ImageObject\",\"inLanguage\":\"et\",\"@id\":\"https:\/\/www.folkland.lv\/et\/prece\/002-kahekordne-puidust-voodi-180cm-x-200cm-valge-copy-copy\/#primaryimage\",\"url\":\"https:\/\/www.folkland.lv\/wp-content\/uploads\/2023\/07\/Divgulama_gulta_Folkland_Laka_1.jpg\",\"contentUrl\":\"https:\/\/www.folkland.lv\/wp-content\/uploads\/2023\/07\/Divgulama_gulta_Folkland_Laka_1.jpg\",\"width\":2000,\"height\":2000,\"caption\":\"Divgu\u013cam\u0101 gulta bez atzveltnes lakota Folkland\"},{\"@type\":\"BreadcrumbList\",\"@id\":\"https:\/\/www.folkland.lv\/et\/prece\/002-kahekordne-puidust-voodi-180cm-x-200cm-valge-copy-copy\/#breadcrumb\",\"itemListElement\":[{\"@type\":\"ListItem\",\"position\":1,\"name\":\"Algus\",\"item\":\"https:\/\/www.folkland.lv\/et\/\"},{\"@type\":\"ListItem\",\"position\":2,\"name\":\"Pood\",\"item\":\"https:\/\/www.folkland.lv\/et\/pood\/\"},{\"@type\":\"ListItem\",\"position\":3,\"name\":\"Kahekohaline puidust voodi on naturaalne\"}]},{\"@type\":\"WebSite\",\"@id\":\"https:\/\/www.folkland.lv\/#website\",\"url\":\"https:\/\/www.folkland.lv\/\",\"name\":\"Folkland\",\"description\":\"\",\"potentialAction\":[{\"@type\":\"SearchAction\",\"target\":{\"@type\":\"EntryPoint\",\"urlTemplate\":\"https:\/\/www.folkland.lv\/?s={search_term_string}\"},\"query-input\":\"required name=search_term_string\"}],\"inLanguage\":\"et\"}]}<\/script>\n<!-- \/ Yoast SEO plugin. -->","yoast_head_json":{"title":"Kahekohaline puidust voodi on naturaalne - Folkland","robots":{"index":"index","follow":"follow","max-snippet":"max-snippet:-1","max-image-preview":"max-image-preview:large","max-video-preview":"max-video-preview:-1"},"canonical":"https:\/\/www.folkland.lv\/et\/prece\/002-kahekordne-puidust-voodi-180cm-x-200cm-valge-copy-copy\/","og_locale":"et_EE","og_type":"article","og_title":"Kahekohaline puidust voodi on naturaalne - Folkland","og_description":"Kaheinimesevoodi t\u00e4ism\u00e4nnist  L\u00e4tis valmistatud t\u00e4ispuidust peenar, L\u00e4ti m\u00e4nnist; Konstruktiivselt lihtne ja stabiilne kaheinimesevoodi; Voodi disain on v\u00e4ga kerge ja lihtne, seet\u00f5ttu sobib see h\u00e4sti nii klassikalises interj\u00f6\u00f6ris kui ka maa- ja puhkemajades, telkimisplatsidel.","og_url":"https:\/\/www.folkland.lv\/et\/prece\/002-kahekordne-puidust-voodi-180cm-x-200cm-valge-copy-copy\/","og_site_name":"Folkland","article_modified_time":"2023-07-06T08:02:18+00:00","og_image":[{"width":1600,"height":1203,"url":"https:\/\/www.folkland.lv\/wp-content\/uploads\/2023\/07\/s-l1600-11-1.jpg","type":"image\/jpeg"}],"twitter_card":"summary_large_image","twitter_misc":{"Est. reading time":"1 minut"},"schema":{"@context":"https:\/\/schema.org","@graph":[{"@type":"WebPage","@id":"https:\/\/www.folkland.lv\/et\/prece\/002-kahekordne-puidust-voodi-180cm-x-200cm-valge-copy-copy\/","url":"https:\/\/www.folkland.lv\/et\/prece\/002-kahekordne-puidust-voodi-180cm-x-200cm-valge-copy-copy\/","name":"Kahekohaline puidust voodi on naturaalne - Folkland","isPartOf":{"@id":"https:\/\/www.folkland.lv\/#website"},"primaryImageOfPage":{"@id":"https:\/\/www.folkland.lv\/et\/prece\/002-kahekordne-puidust-voodi-180cm-x-200cm-valge-copy-copy\/#primaryimage"},"image":{"@id":"https:\/\/www.folkland.lv\/et\/prece\/002-kahekordne-puidust-voodi-180cm-x-200cm-valge-copy-copy\/#primaryimage"},"thumbnailUrl":"https:\/\/www.folkland.lv\/wp-content\/uploads\/2023\/07\/Divgulama_gulta_Folkland_Laka_1.jpg","datePublished":"2023-07-03T09:03:48+00:00","dateModified":"2023-07-06T08:02:18+00:00","breadcrumb":{"@id":"https:\/\/www.folkland.lv\/et\/prece\/002-kahekordne-puidust-voodi-180cm-x-200cm-valge-copy-copy\/#breadcrumb"},"inLanguage":"et","potentialAction":[{"@type":"ReadAction","target":["https:\/\/www.folkland.lv\/et\/prece\/002-kahekordne-puidust-voodi-180cm-x-200cm-valge-copy-copy\/"]}]},{"@type":"ImageObject","inLanguage":"et","@id":"https:\/\/www.folkland.lv\/et\/prece\/002-kahekordne-puidust-voodi-180cm-x-200cm-valge-copy-copy\/#primaryimage","url":"https:\/\/www.folkland.lv\/wp-content\/uploads\/2023\/07\/Divgulama_gulta_Folkland_Laka_1.jpg","contentUrl":"https:\/\/www.folkland.lv\/wp-content\/uploads\/2023\/07\/Divgulama_gulta_Folkland_Laka_1.jpg","width":2000,"height":2000,"caption":"Divgu\u013cam\u0101 gulta bez atzveltnes lakota Folkland"},{"@type":"BreadcrumbList","@id":"https:\/\/www.folkland.lv\/et\/prece\/002-kahekordne-puidust-voodi-180cm-x-200cm-valge-copy-copy\/#breadcrumb","itemListElement":[{"@type":"ListItem","position":1,"name":"Algus","item":"https:\/\/www.folkland.lv\/et\/"},{"@type":"ListItem","position":2,"name":"Pood","item":"https:\/\/www.folkland.lv\/et\/pood\/"},{"@type":"ListItem","position":3,"name":"Kahekohaline puidust voodi on naturaalne"}]},{"@type":"WebSite","@id":"https:\/\/www.folkland.lv\/#website","url":"https:\/\/www.folkland.lv\/","name":"Folkland","description":"","potentialAction":[{"@type":"SearchAction","target":{"@type":"EntryPoint","urlTemplate":"https:\/\/www.folkland.lv\/?s={search_term_string}"},"query-input":"required name=search_term_string"}],"inLanguage":"et"}]}},"_links":{"self":[{"href":"https:\/\/www.folkland.lv\/et\/wp-json\/wp\/v2\/product\/35622"}],"collection":[{"href":"https:\/\/www.folkland.lv\/et\/wp-json\/wp\/v2\/product"}],"about":[{"href":"https:\/\/www.folkland.lv\/et\/wp-json\/wp\/v2\/types\/product"}],"version-history":[{"count":1,"href":"https:\/\/www.folkland.lv\/et\/wp-json\/wp\/v2\/product\/35622\/revisions"}],"predecessor-version":[{"id":35747,"href":"https:\/\/www.folkland.lv\/et\/wp-json\/wp\/v2\/product\/35622\/revisions\/35747"}],"wp:featuredmedia":[{"embeddable":true,"href":"https:\/\/www.folkland.lv\/et\/wp-json\/wp\/v2\/media\/36153"}],"wp:attachment":[{"href":"https:\/\/www.folkland.lv\/et\/wp-json\/wp\/v2\/media?parent=35622"}],"wp:term":[{"taxonomy":"product_cat","embeddable":true,"href":"https:\/\/www.folkland.lv\/et\/wp-json\/wp\/v2\/product_cat?post=35622"},{"taxonomy":"product_tag","embeddable":true,"href":"https:\/\/www.folkland.lv\/et\/wp-json\/wp\/v2\/product_tag?post=35622"}],"curies":[{"name":"wp","href":"https:\/\/api.w.org\/{rel}","templated":true}]}}