{"id":34873,"date":"2023-02-03T11:02:53","date_gmt":"2023-02-03T09:02:54","guid":{"rendered":"https:\/\/www.folkland.lv\/?post_type=product&#038;p=34873"},"modified":"2023-08-23T16:15:07","modified_gmt":"2023-08-23T13:15:07","slug":"sahtliga-vorevoodi-80-cm-x-150cm-copy","status":"publish","type":"product","link":"https:\/\/www.folkland.lv\/et\/prece\/sahtliga-vorevoodi-80-cm-x-150cm-copy\/","title":{"rendered":"411 Laste voodi koos kirjutuslauaga &#8220;SMART&#8221; 90cm x 190cm FLK GS01"},"content":{"rendered":"<pre id=\"tw-target-text\" class=\"tw-data-text tw-text-large tw-ta\" dir=\"ltr\" data-placeholder=\"Translation\"><span class=\"Y2IQFc\" lang=\"et\" style=\"font-family: georgia, palatino, serif;\"><strong>Voodi parameetrid:<\/strong>\r\n\r\nLaius - 90 cm; (v\u00e4limine suurus);\r\nPikkus - 190 cm; (v\u00e4limine suurus);\r\nK\u00f5rgus - 176 cm;\r\nMadrats - 80cm x 180cm, (ei kuulu komplekti);\r\nK\u00f5rgus madratsini \u2013 148 cm;\r\nLauda laius \u2013 38cm;\r\nKirjutuslaud \u2013 40cm x 190cm;\r\nTrepid on paigutatud nii paremale kui ka vasakule;\r\nMadratsi tugiliistud on komplektis;\r\nLiitmikud on komplektis;\r\nSee toode vajab kokkupanekut;\r\nTarnitakse lahtiv\u00f5etuna (pakend, pappkarp, PVC kile);\r\nMaterjal \u2013 M\u00e4nimassiivi;\r\nValmistatud t\u00e4ispuidust, mis on vastupidav, soe ja looduslik materjal;\r\nT\u00f6\u00f6tlemine \u2013 ECO Color Green m\u00f6\u00f6bel (spetsiaalselt lasteliinide jaoks)\r\nToon \u2013 valge\/naturaalne;\r\nTootmine ja tarne 1-2 n\u00e4dalat, kui laos pole saadaval;\r\n<\/span><\/pre>\n","protected":false},"excerpt":{"rendered":"<pre id=\"tw-target-text\" class=\"tw-data-text tw-text-large tw-ta\" dir=\"ltr\" data-placeholder=\"Translation\"><span class=\"Y2IQFc\" lang=\"et\" style=\"font-family: georgia, palatino, serif;\"><strong>Laste narivoodi<\/strong>\r\n\r\nNarivoodite peamine eelis on ratsionaalne ja \u00f6konoomne ruumi t\u00e4itmine, need pole mitte ainult ilus ja mugav m\u00f6\u00f6bel, vaid ka v\u00e4ga praktilised;\r\nL\u00e4tis valmistatud v\u00f5revoodi on suurep\u00e4rane lahendus kaasaegsesse lastetuppa;\r\nNarivoodid on lastetoa multifunktsionaalne element;\r\nSee sobib ideaalselt magamiseks ja l\u00f5\u00f5gastumiseks ning vabastab rohkem ruumi m\u00e4ngude ja meelelahutuse jaoks.\r\nT\u00e4nu oma atraktiivsele ja kergele disainile n\u00e4eb voodi suurep\u00e4rane v\u00e4lja igas interj\u00f6\u00f6ris;<\/span><\/pre>\n","protected":false},"featured_media":37709,"template":"","meta":{"_acf_changed":false},"product_cat":[537,279,281],"product_tag":[],"acf":[],"yoast_head":"<!-- This site is optimized with the Yoast SEO plugin v23.0 - https:\/\/yoast.com\/wordpress\/plugins\/seo\/ -->\n<title>411 Laste voodi koos kirjutuslauaga &quot;SMART&quot; 90cm x 190cm FLK GS01 - Folkland<\/title>\n<meta name=\"robots\" content=\"index, follow, max-snippet:-1, max-image-preview:large, max-video-preview:-1\" \/>\n<link rel=\"canonical\" href=\"https:\/\/www.folkland.lv\/et\/prece\/sahtliga-vorevoodi-80-cm-x-150cm-copy\/\" \/>\n<meta property=\"og:locale\" content=\"et_EE\" \/>\n<meta property=\"og:type\" content=\"article\" \/>\n<meta property=\"og:title\" content=\"411 Laste voodi koos kirjutuslauaga &quot;SMART&quot; 90cm x 190cm FLK GS01 - Folkland\" \/>\n<meta property=\"og:description\" content=\"Laste narivoodi  Narivoodite peamine eelis on ratsionaalne ja \u00f6konoomne ruumi t\u00e4itmine, need pole mitte ainult ilus ja mugav m\u00f6\u00f6bel, vaid ka v\u00e4ga praktilised; L\u00e4tis valmistatud v\u00f5revoodi on suurep\u00e4rane lahendus kaasaegsesse lastetuppa; Narivoodid on lastetoa multifunktsionaalne element; See sobib ideaalselt magamiseks ja l\u00f5\u00f5gastumiseks ning vabastab rohkem ruumi m\u00e4ngude ja meelelahutuse jaoks. T\u00e4nu oma atraktiivsele ja kergele disainile n\u00e4eb voodi suurep\u00e4rane v\u00e4lja igas interj\u00f6\u00f6ris;\" \/>\n<meta property=\"og:url\" content=\"https:\/\/www.folkland.lv\/et\/prece\/sahtliga-vorevoodi-80-cm-x-150cm-copy\/\" \/>\n<meta property=\"og:site_name\" content=\"Folkland\" \/>\n<meta property=\"article:modified_time\" content=\"2023-08-23T13:15:07+00:00\" \/>\n<meta property=\"og:image\" content=\"https:\/\/www.folkland.lv\/wp-content\/uploads\/2023\/02\/IMG_2358c.jpg\" \/>\n\t<meta property=\"og:image:width\" content=\"1650\" \/>\n\t<meta property=\"og:image:height\" content=\"1100\" \/>\n\t<meta property=\"og:image:type\" content=\"image\/jpeg\" \/>\n<meta name=\"twitter:card\" content=\"summary_large_image\" \/>\n<meta name=\"twitter:label1\" content=\"Est. reading time\" \/>\n\t<meta name=\"twitter:data1\" content=\"1 minut\" \/>\n<script type=\"application\/ld+json\" class=\"yoast-schema-graph\">{\"@context\":\"https:\/\/schema.org\",\"@graph\":[{\"@type\":\"WebPage\",\"@id\":\"https:\/\/www.folkland.lv\/et\/prece\/sahtliga-vorevoodi-80-cm-x-150cm-copy\/\",\"url\":\"https:\/\/www.folkland.lv\/et\/prece\/sahtliga-vorevoodi-80-cm-x-150cm-copy\/\",\"name\":\"411 Laste voodi koos kirjutuslauaga \\\"SMART\\\" 90cm x 190cm FLK GS01 - Folkland\",\"isPartOf\":{\"@id\":\"https:\/\/www.folkland.lv\/#website\"},\"primaryImageOfPage\":{\"@id\":\"https:\/\/www.folkland.lv\/et\/prece\/sahtliga-vorevoodi-80-cm-x-150cm-copy\/#primaryimage\"},\"image\":{\"@id\":\"https:\/\/www.folkland.lv\/et\/prece\/sahtliga-vorevoodi-80-cm-x-150cm-copy\/#primaryimage\"},\"thumbnailUrl\":\"https:\/\/www.folkland.lv\/wp-content\/uploads\/2023\/02\/IMG_2358c.jpg\",\"datePublished\":\"2023-02-03T09:02:54+00:00\",\"dateModified\":\"2023-08-23T13:15:07+00:00\",\"breadcrumb\":{\"@id\":\"https:\/\/www.folkland.lv\/et\/prece\/sahtliga-vorevoodi-80-cm-x-150cm-copy\/#breadcrumb\"},\"inLanguage\":\"et\",\"potentialAction\":[{\"@type\":\"ReadAction\",\"target\":[\"https:\/\/www.folkland.lv\/et\/prece\/sahtliga-vorevoodi-80-cm-x-150cm-copy\/\"]}]},{\"@type\":\"ImageObject\",\"inLanguage\":\"et\",\"@id\":\"https:\/\/www.folkland.lv\/et\/prece\/sahtliga-vorevoodi-80-cm-x-150cm-copy\/#primaryimage\",\"url\":\"https:\/\/www.folkland.lv\/wp-content\/uploads\/2023\/02\/IMG_2358c.jpg\",\"contentUrl\":\"https:\/\/www.folkland.lv\/wp-content\/uploads\/2023\/02\/IMG_2358c.jpg\",\"width\":1650,\"height\":1100,\"caption\":\"B\u0113rnu gulta ar rakst\u0101mgaldu\"},{\"@type\":\"BreadcrumbList\",\"@id\":\"https:\/\/www.folkland.lv\/et\/prece\/sahtliga-vorevoodi-80-cm-x-150cm-copy\/#breadcrumb\",\"itemListElement\":[{\"@type\":\"ListItem\",\"position\":1,\"name\":\"Algus\",\"item\":\"https:\/\/www.folkland.lv\/et\/\"},{\"@type\":\"ListItem\",\"position\":2,\"name\":\"Pood\",\"item\":\"https:\/\/www.folkland.lv\/et\/pood\/\"},{\"@type\":\"ListItem\",\"position\":3,\"name\":\"411 Laste voodi koos kirjutuslauaga &#8220;SMART&#8221; 90cm x 190cm FLK GS01\"}]},{\"@type\":\"WebSite\",\"@id\":\"https:\/\/www.folkland.lv\/#website\",\"url\":\"https:\/\/www.folkland.lv\/\",\"name\":\"Folkland\",\"description\":\"\",\"potentialAction\":[{\"@type\":\"SearchAction\",\"target\":{\"@type\":\"EntryPoint\",\"urlTemplate\":\"https:\/\/www.folkland.lv\/?s={search_term_string}\"},\"query-input\":\"required name=search_term_string\"}],\"inLanguage\":\"et\"}]}<\/script>\n<!-- \/ Yoast SEO plugin. -->","yoast_head_json":{"title":"411 Laste voodi koos kirjutuslauaga \"SMART\" 90cm x 190cm FLK GS01 - Folkland","robots":{"index":"index","follow":"follow","max-snippet":"max-snippet:-1","max-image-preview":"max-image-preview:large","max-video-preview":"max-video-preview:-1"},"canonical":"https:\/\/www.folkland.lv\/et\/prece\/sahtliga-vorevoodi-80-cm-x-150cm-copy\/","og_locale":"et_EE","og_type":"article","og_title":"411 Laste voodi koos kirjutuslauaga \"SMART\" 90cm x 190cm FLK GS01 - Folkland","og_description":"Laste narivoodi  Narivoodite peamine eelis on ratsionaalne ja \u00f6konoomne ruumi t\u00e4itmine, need pole mitte ainult ilus ja mugav m\u00f6\u00f6bel, vaid ka v\u00e4ga praktilised; L\u00e4tis valmistatud v\u00f5revoodi on suurep\u00e4rane lahendus kaasaegsesse lastetuppa; Narivoodid on lastetoa multifunktsionaalne element; See sobib ideaalselt magamiseks ja l\u00f5\u00f5gastumiseks ning vabastab rohkem ruumi m\u00e4ngude ja meelelahutuse jaoks. T\u00e4nu oma atraktiivsele ja kergele disainile n\u00e4eb voodi suurep\u00e4rane v\u00e4lja igas interj\u00f6\u00f6ris;","og_url":"https:\/\/www.folkland.lv\/et\/prece\/sahtliga-vorevoodi-80-cm-x-150cm-copy\/","og_site_name":"Folkland","article_modified_time":"2023-08-23T13:15:07+00:00","og_image":[{"width":1650,"height":1100,"url":"https:\/\/www.folkland.lv\/wp-content\/uploads\/2023\/02\/IMG_2358c.jpg","type":"image\/jpeg"}],"twitter_card":"summary_large_image","twitter_misc":{"Est. reading time":"1 minut"},"schema":{"@context":"https:\/\/schema.org","@graph":[{"@type":"WebPage","@id":"https:\/\/www.folkland.lv\/et\/prece\/sahtliga-vorevoodi-80-cm-x-150cm-copy\/","url":"https:\/\/www.folkland.lv\/et\/prece\/sahtliga-vorevoodi-80-cm-x-150cm-copy\/","name":"411 Laste voodi koos kirjutuslauaga \"SMART\" 90cm x 190cm FLK GS01 - Folkland","isPartOf":{"@id":"https:\/\/www.folkland.lv\/#website"},"primaryImageOfPage":{"@id":"https:\/\/www.folkland.lv\/et\/prece\/sahtliga-vorevoodi-80-cm-x-150cm-copy\/#primaryimage"},"image":{"@id":"https:\/\/www.folkland.lv\/et\/prece\/sahtliga-vorevoodi-80-cm-x-150cm-copy\/#primaryimage"},"thumbnailUrl":"https:\/\/www.folkland.lv\/wp-content\/uploads\/2023\/02\/IMG_2358c.jpg","datePublished":"2023-02-03T09:02:54+00:00","dateModified":"2023-08-23T13:15:07+00:00","breadcrumb":{"@id":"https:\/\/www.folkland.lv\/et\/prece\/sahtliga-vorevoodi-80-cm-x-150cm-copy\/#breadcrumb"},"inLanguage":"et","potentialAction":[{"@type":"ReadAction","target":["https:\/\/www.folkland.lv\/et\/prece\/sahtliga-vorevoodi-80-cm-x-150cm-copy\/"]}]},{"@type":"ImageObject","inLanguage":"et","@id":"https:\/\/www.folkland.lv\/et\/prece\/sahtliga-vorevoodi-80-cm-x-150cm-copy\/#primaryimage","url":"https:\/\/www.folkland.lv\/wp-content\/uploads\/2023\/02\/IMG_2358c.jpg","contentUrl":"https:\/\/www.folkland.lv\/wp-content\/uploads\/2023\/02\/IMG_2358c.jpg","width":1650,"height":1100,"caption":"B\u0113rnu gulta ar rakst\u0101mgaldu"},{"@type":"BreadcrumbList","@id":"https:\/\/www.folkland.lv\/et\/prece\/sahtliga-vorevoodi-80-cm-x-150cm-copy\/#breadcrumb","itemListElement":[{"@type":"ListItem","position":1,"name":"Algus","item":"https:\/\/www.folkland.lv\/et\/"},{"@type":"ListItem","position":2,"name":"Pood","item":"https:\/\/www.folkland.lv\/et\/pood\/"},{"@type":"ListItem","position":3,"name":"411 Laste voodi koos kirjutuslauaga &#8220;SMART&#8221; 90cm x 190cm FLK GS01"}]},{"@type":"WebSite","@id":"https:\/\/www.folkland.lv\/#website","url":"https:\/\/www.folkland.lv\/","name":"Folkland","description":"","potentialAction":[{"@type":"SearchAction","target":{"@type":"EntryPoint","urlTemplate":"https:\/\/www.folkland.lv\/?s={search_term_string}"},"query-input":"required name=search_term_string"}],"inLanguage":"et"}]}},"_links":{"self":[{"href":"https:\/\/www.folkland.lv\/et\/wp-json\/wp\/v2\/product\/34873"}],"collection":[{"href":"https:\/\/www.folkland.lv\/et\/wp-json\/wp\/v2\/product"}],"about":[{"href":"https:\/\/www.folkland.lv\/et\/wp-json\/wp\/v2\/types\/product"}],"version-history":[{"count":4,"href":"https:\/\/www.folkland.lv\/et\/wp-json\/wp\/v2\/product\/34873\/revisions"}],"predecessor-version":[{"id":37867,"href":"https:\/\/www.folkland.lv\/et\/wp-json\/wp\/v2\/product\/34873\/revisions\/37867"}],"wp:featuredmedia":[{"embeddable":true,"href":"https:\/\/www.folkland.lv\/et\/wp-json\/wp\/v2\/media\/37709"}],"wp:attachment":[{"href":"https:\/\/www.folkland.lv\/et\/wp-json\/wp\/v2\/media?parent=34873"}],"wp:term":[{"taxonomy":"product_cat","embeddable":true,"href":"https:\/\/www.folkland.lv\/et\/wp-json\/wp\/v2\/product_cat?post=34873"},{"taxonomy":"product_tag","embeddable":true,"href":"https:\/\/www.folkland.lv\/et\/wp-json\/wp\/v2\/product_tag?post=34873"}],"curies":[{"name":"wp","href":"https:\/\/api.w.org\/{rel}","templated":true}]}}