{"id":34556,"date":"2022-06-28T12:14:48","date_gmt":"2022-06-28T09:22:36","guid":{"rendered":"https:\/\/www.folkland.lv\/?post_type=product&#038;p=34556"},"modified":"2023-08-23T16:15:27","modified_gmt":"2023-08-23T13:15:27","slug":"sahtliga-vorevoodi-80-cm-x-150cm","status":"publish","type":"product","link":"https:\/\/www.folkland.lv\/et\/prece\/sahtliga-vorevoodi-80-cm-x-150cm\/","title":{"rendered":"414 Sahtliga v\u00f5revoodi 80 cm x 150cm"},"content":{"rendered":"<p>Voodi m\u00f5\u00f5dud:<\/p>\n<p>Laius &#8211; 80cm; (v\u00e4limine suurus);<\/p>\n<p>Pikkus &#8211; 150cm; (v\u00e4limine suurus);<\/p>\n<p>Madrats -70cm x 140cm; (ei sisalda;)<\/p>\n<p>K\u00f5rgus madratsini &#8211; 30 cm;<\/p>\n<p>Lauda laius &#8211; 60cm;<\/p>\n<p>Sahtel &#8211; 147cm x 80cm x K18cm;<\/p>\n<p>Madratsi tugiliistud on komplektis;<\/p>\n<p>Kaasas liitmikud;<\/p>\n<p>See toode vajab kokkupanekut;<\/p>\n<p>Tarnitakse lahtiv\u00f5etuna (pakend, pappkarp, PVC kile);<\/p>\n<p>Voodisahtlid on varustatud ratastega;<\/p>\n<p>Sahtlikarbid on valmistatud t\u00e4ism\u00e4nnist; (ei kuulu komplekti);<\/p>\n<p>Materjal &#8211; T\u00e4ism\u00e4nd;<\/p>\n<p>T\u00f6\u00f6tlemine &#8211; ECO Color Green line M\u00f6\u00f6bel (Spetsiaalselt m\u00f5eldud lasteliinidele) Toonid &#8211; Valge;<\/p>\n<p>Tootmine ja tarne 1-2 n\u00e4dalat, kui laos pole saadaval;<\/p>\n","protected":false},"excerpt":{"rendered":"<p>T\u00e4ism\u00e4nnipuidust voodi valmistatud L\u00e4tis. Voodi on stabiilse ja turvalise konstruktsiooniga. Voodi disain on v\u00e4ga kerge ja lihtne, mist\u00f5ttu sobib see h\u00e4sti nii klassikalises interj\u00f6\u00f6ris kui ka maa- ja puhkemajades, k\u00e4mpingutes v\u00f5i lasteaedades.<\/p>\n","protected":false},"featured_media":34496,"template":"","meta":{"_acf_changed":false},"product_cat":[537,279,281],"product_tag":[],"acf":[],"yoast_head":"<!-- This site is optimized with the Yoast SEO plugin v23.0 - https:\/\/yoast.com\/wordpress\/plugins\/seo\/ -->\n<title>414 Sahtliga v\u00f5revoodi 80 cm x 150cm - Folkland<\/title>\n<meta name=\"robots\" content=\"index, follow, max-snippet:-1, max-image-preview:large, max-video-preview:-1\" \/>\n<link rel=\"canonical\" href=\"https:\/\/www.folkland.lv\/et\/prece\/sahtliga-vorevoodi-80-cm-x-150cm\/\" \/>\n<meta property=\"og:locale\" content=\"et_EE\" \/>\n<meta property=\"og:type\" content=\"article\" \/>\n<meta property=\"og:title\" content=\"414 Sahtliga v\u00f5revoodi 80 cm x 150cm - Folkland\" \/>\n<meta property=\"og:description\" content=\"T\u00e4ism\u00e4nnipuidust voodi valmistatud L\u00e4tis. Voodi on stabiilse ja turvalise konstruktsiooniga. Voodi disain on v\u00e4ga kerge ja lihtne, mist\u00f5ttu sobib see h\u00e4sti nii klassikalises interj\u00f6\u00f6ris kui ka maa- ja puhkemajades, k\u00e4mpingutes v\u00f5i lasteaedades.\" \/>\n<meta property=\"og:url\" content=\"https:\/\/www.folkland.lv\/et\/prece\/sahtliga-vorevoodi-80-cm-x-150cm\/\" \/>\n<meta property=\"og:site_name\" content=\"Folkland\" \/>\n<meta property=\"article:modified_time\" content=\"2023-08-23T13:15:27+00:00\" \/>\n<meta property=\"og:image\" content=\"https:\/\/www.folkland.lv\/wp-content\/uploads\/2022\/06\/IMG_7178c.jpg\" \/>\n\t<meta property=\"og:image:width\" content=\"825\" \/>\n\t<meta property=\"og:image:height\" content=\"550\" \/>\n\t<meta property=\"og:image:type\" content=\"image\/jpeg\" \/>\n<meta name=\"twitter:card\" content=\"summary_large_image\" \/>\n<meta name=\"twitter:label1\" content=\"Est. reading time\" \/>\n\t<meta name=\"twitter:data1\" content=\"1 minut\" \/>\n<script type=\"application\/ld+json\" class=\"yoast-schema-graph\">{\"@context\":\"https:\/\/schema.org\",\"@graph\":[{\"@type\":\"WebPage\",\"@id\":\"https:\/\/www.folkland.lv\/et\/prece\/sahtliga-vorevoodi-80-cm-x-150cm\/\",\"url\":\"https:\/\/www.folkland.lv\/et\/prece\/sahtliga-vorevoodi-80-cm-x-150cm\/\",\"name\":\"414 Sahtliga v\u00f5revoodi 80 cm x 150cm - Folkland\",\"isPartOf\":{\"@id\":\"https:\/\/www.folkland.lv\/#website\"},\"primaryImageOfPage\":{\"@id\":\"https:\/\/www.folkland.lv\/et\/prece\/sahtliga-vorevoodi-80-cm-x-150cm\/#primaryimage\"},\"image\":{\"@id\":\"https:\/\/www.folkland.lv\/et\/prece\/sahtliga-vorevoodi-80-cm-x-150cm\/#primaryimage\"},\"thumbnailUrl\":\"https:\/\/www.folkland.lv\/wp-content\/uploads\/2022\/06\/IMG_7178c.jpg\",\"datePublished\":\"2022-06-28T09:22:36+00:00\",\"dateModified\":\"2023-08-23T13:15:27+00:00\",\"breadcrumb\":{\"@id\":\"https:\/\/www.folkland.lv\/et\/prece\/sahtliga-vorevoodi-80-cm-x-150cm\/#breadcrumb\"},\"inLanguage\":\"et\",\"potentialAction\":[{\"@type\":\"ReadAction\",\"target\":[\"https:\/\/www.folkland.lv\/et\/prece\/sahtliga-vorevoodi-80-cm-x-150cm\/\"]}]},{\"@type\":\"ImageObject\",\"inLanguage\":\"et\",\"@id\":\"https:\/\/www.folkland.lv\/et\/prece\/sahtliga-vorevoodi-80-cm-x-150cm\/#primaryimage\",\"url\":\"https:\/\/www.folkland.lv\/wp-content\/uploads\/2022\/06\/IMG_7178c.jpg\",\"contentUrl\":\"https:\/\/www.folkland.lv\/wp-content\/uploads\/2022\/06\/IMG_7178c.jpg\",\"width\":825,\"height\":550},{\"@type\":\"BreadcrumbList\",\"@id\":\"https:\/\/www.folkland.lv\/et\/prece\/sahtliga-vorevoodi-80-cm-x-150cm\/#breadcrumb\",\"itemListElement\":[{\"@type\":\"ListItem\",\"position\":1,\"name\":\"Algus\",\"item\":\"https:\/\/www.folkland.lv\/et\/\"},{\"@type\":\"ListItem\",\"position\":2,\"name\":\"Pood\",\"item\":\"https:\/\/www.folkland.lv\/et\/pood\/\"},{\"@type\":\"ListItem\",\"position\":3,\"name\":\"414 Sahtliga v\u00f5revoodi 80 cm x 150cm\"}]},{\"@type\":\"WebSite\",\"@id\":\"https:\/\/www.folkland.lv\/#website\",\"url\":\"https:\/\/www.folkland.lv\/\",\"name\":\"Folkland\",\"description\":\"\",\"potentialAction\":[{\"@type\":\"SearchAction\",\"target\":{\"@type\":\"EntryPoint\",\"urlTemplate\":\"https:\/\/www.folkland.lv\/?s={search_term_string}\"},\"query-input\":\"required name=search_term_string\"}],\"inLanguage\":\"et\"}]}<\/script>\n<!-- \/ Yoast SEO plugin. -->","yoast_head_json":{"title":"414 Sahtliga v\u00f5revoodi 80 cm x 150cm - Folkland","robots":{"index":"index","follow":"follow","max-snippet":"max-snippet:-1","max-image-preview":"max-image-preview:large","max-video-preview":"max-video-preview:-1"},"canonical":"https:\/\/www.folkland.lv\/et\/prece\/sahtliga-vorevoodi-80-cm-x-150cm\/","og_locale":"et_EE","og_type":"article","og_title":"414 Sahtliga v\u00f5revoodi 80 cm x 150cm - Folkland","og_description":"T\u00e4ism\u00e4nnipuidust voodi valmistatud L\u00e4tis. Voodi on stabiilse ja turvalise konstruktsiooniga. Voodi disain on v\u00e4ga kerge ja lihtne, mist\u00f5ttu sobib see h\u00e4sti nii klassikalises interj\u00f6\u00f6ris kui ka maa- ja puhkemajades, k\u00e4mpingutes v\u00f5i lasteaedades.","og_url":"https:\/\/www.folkland.lv\/et\/prece\/sahtliga-vorevoodi-80-cm-x-150cm\/","og_site_name":"Folkland","article_modified_time":"2023-08-23T13:15:27+00:00","og_image":[{"width":825,"height":550,"url":"https:\/\/www.folkland.lv\/wp-content\/uploads\/2022\/06\/IMG_7178c.jpg","type":"image\/jpeg"}],"twitter_card":"summary_large_image","twitter_misc":{"Est. reading time":"1 minut"},"schema":{"@context":"https:\/\/schema.org","@graph":[{"@type":"WebPage","@id":"https:\/\/www.folkland.lv\/et\/prece\/sahtliga-vorevoodi-80-cm-x-150cm\/","url":"https:\/\/www.folkland.lv\/et\/prece\/sahtliga-vorevoodi-80-cm-x-150cm\/","name":"414 Sahtliga v\u00f5revoodi 80 cm x 150cm - Folkland","isPartOf":{"@id":"https:\/\/www.folkland.lv\/#website"},"primaryImageOfPage":{"@id":"https:\/\/www.folkland.lv\/et\/prece\/sahtliga-vorevoodi-80-cm-x-150cm\/#primaryimage"},"image":{"@id":"https:\/\/www.folkland.lv\/et\/prece\/sahtliga-vorevoodi-80-cm-x-150cm\/#primaryimage"},"thumbnailUrl":"https:\/\/www.folkland.lv\/wp-content\/uploads\/2022\/06\/IMG_7178c.jpg","datePublished":"2022-06-28T09:22:36+00:00","dateModified":"2023-08-23T13:15:27+00:00","breadcrumb":{"@id":"https:\/\/www.folkland.lv\/et\/prece\/sahtliga-vorevoodi-80-cm-x-150cm\/#breadcrumb"},"inLanguage":"et","potentialAction":[{"@type":"ReadAction","target":["https:\/\/www.folkland.lv\/et\/prece\/sahtliga-vorevoodi-80-cm-x-150cm\/"]}]},{"@type":"ImageObject","inLanguage":"et","@id":"https:\/\/www.folkland.lv\/et\/prece\/sahtliga-vorevoodi-80-cm-x-150cm\/#primaryimage","url":"https:\/\/www.folkland.lv\/wp-content\/uploads\/2022\/06\/IMG_7178c.jpg","contentUrl":"https:\/\/www.folkland.lv\/wp-content\/uploads\/2022\/06\/IMG_7178c.jpg","width":825,"height":550},{"@type":"BreadcrumbList","@id":"https:\/\/www.folkland.lv\/et\/prece\/sahtliga-vorevoodi-80-cm-x-150cm\/#breadcrumb","itemListElement":[{"@type":"ListItem","position":1,"name":"Algus","item":"https:\/\/www.folkland.lv\/et\/"},{"@type":"ListItem","position":2,"name":"Pood","item":"https:\/\/www.folkland.lv\/et\/pood\/"},{"@type":"ListItem","position":3,"name":"414 Sahtliga v\u00f5revoodi 80 cm x 150cm"}]},{"@type":"WebSite","@id":"https:\/\/www.folkland.lv\/#website","url":"https:\/\/www.folkland.lv\/","name":"Folkland","description":"","potentialAction":[{"@type":"SearchAction","target":{"@type":"EntryPoint","urlTemplate":"https:\/\/www.folkland.lv\/?s={search_term_string}"},"query-input":"required name=search_term_string"}],"inLanguage":"et"}]}},"_links":{"self":[{"href":"https:\/\/www.folkland.lv\/et\/wp-json\/wp\/v2\/product\/34556"}],"collection":[{"href":"https:\/\/www.folkland.lv\/et\/wp-json\/wp\/v2\/product"}],"about":[{"href":"https:\/\/www.folkland.lv\/et\/wp-json\/wp\/v2\/types\/product"}],"version-history":[{"count":2,"href":"https:\/\/www.folkland.lv\/et\/wp-json\/wp\/v2\/product\/34556\/revisions"}],"predecessor-version":[{"id":37872,"href":"https:\/\/www.folkland.lv\/et\/wp-json\/wp\/v2\/product\/34556\/revisions\/37872"}],"wp:featuredmedia":[{"embeddable":true,"href":"https:\/\/www.folkland.lv\/et\/wp-json\/wp\/v2\/media\/34496"}],"wp:attachment":[{"href":"https:\/\/www.folkland.lv\/et\/wp-json\/wp\/v2\/media?parent=34556"}],"wp:term":[{"taxonomy":"product_cat","embeddable":true,"href":"https:\/\/www.folkland.lv\/et\/wp-json\/wp\/v2\/product_cat?post=34556"},{"taxonomy":"product_tag","embeddable":true,"href":"https:\/\/www.folkland.lv\/et\/wp-json\/wp\/v2\/product_tag?post=34556"}],"curies":[{"name":"wp","href":"https:\/\/api.w.org\/{rel}","templated":true}]}}