{"id":33597,"date":"2021-10-03T19:14:34","date_gmt":"2022-01-05T10:11:39","guid":{"rendered":"https:\/\/www.folkland.lv\/?post_type=product&#038;p=33597"},"modified":"2022-01-05T12:13:24","modified_gmt":"2022-01-05T10:13:24","slug":"noorte-magamistuba-scribi-2","status":"publish","type":"product","link":"https:\/\/www.folkland.lv\/et\/prece\/noorte-magamistuba-scribi-2\/","title":{"rendered":"Noorte magamistuba SCRIBI 2"},"content":{"rendered":"<p><strong>Tooteteave:<\/strong><\/p>\n<p><strong>Komplekt koosneb 3 elemendist:<\/strong><\/p>\n<p><strong>Kapi suurus:<\/strong> 600 x 400 x 1550 mm;<\/p>\n<p><strong>Kapi suurus:<\/strong> 850 x 400 x 1170 mm;<\/p>\n<p><strong>Tooli suurus:<\/strong> 820 x 800 x 1080 mm;<\/p>\n<p>&nbsp;<\/p>\n<p>&nbsp;<\/p>\n<p><strong>Plaadi paksus:<\/strong> 22 mm;<\/p>\n<p><strong>Materjalid:<\/strong> lamineeritud puitlaastplaat;<\/p>\n<p><strong>V\u00e4rv:<\/strong> valge;<\/p>\n","protected":false},"excerpt":{"rendered":"<p>S\u00f5bralik ja funktsionaalne m\u00f6\u00f6blikollektsioon teismelistele.<\/p>\n<p>See \u00fchendab t\u00e4iusliku disaini igap\u00e4evase mugavusega. Kogu kollektsiooni iseloomustab kindel teostus ja \u00fclimalt stabiilne struktuur, tagades ohutuse nii v\u00e4iksematele kui ka suurematele lastele. <strong>SCRIBI<\/strong> on oma ainulaadse disainiga ideaalne t\u00e4iskasvanud kasutajatele. Valgest lamineeritud plaadist m\u00f6\u00f6blist saab kindlasti elutoa praktiline kaunistus. Suur panipaik, sahtlid ja riiulid v\u00f5imaldavad peita vajalikud m\u00e4rkmikud v\u00f5i raamatud. <strong>SCRIBI<\/strong> kollektsioon loob s\u00f5braliku \u00f5ppeala lastele ja t\u00f6\u00f6ala t\u00e4iskasvanud kasutajatele.<\/p>\n","protected":false},"featured_media":28866,"template":"","meta":{"_acf_changed":false},"product_cat":[279,525,555,557],"product_tag":[],"acf":[],"yoast_head":"<!-- This site is optimized with the Yoast SEO plugin v23.0 - https:\/\/yoast.com\/wordpress\/plugins\/seo\/ -->\n<title>Noorte magamistuba SCRIBI 2 - Folkland<\/title>\n<meta name=\"robots\" content=\"index, follow, max-snippet:-1, max-image-preview:large, max-video-preview:-1\" \/>\n<link rel=\"canonical\" href=\"https:\/\/www.folkland.lv\/et\/prece\/noorte-magamistuba-scribi-2\/\" \/>\n<meta property=\"og:locale\" content=\"et_EE\" \/>\n<meta property=\"og:type\" content=\"article\" \/>\n<meta property=\"og:title\" content=\"Noorte magamistuba SCRIBI 2 - Folkland\" \/>\n<meta property=\"og:description\" content=\"S\u00f5bralik ja funktsionaalne m\u00f6\u00f6blikollektsioon teismelistele.  See \u00fchendab t\u00e4iusliku disaini igap\u00e4evase mugavusega. Kogu kollektsiooni iseloomustab kindel teostus ja \u00fclimalt stabiilne struktuur, tagades ohutuse nii v\u00e4iksematele kui ka suurematele lastele. SCRIBI on oma ainulaadse disainiga ideaalne t\u00e4iskasvanud kasutajatele. Valgest lamineeritud plaadist m\u00f6\u00f6blist saab kindlasti elutoa praktiline kaunistus. Suur panipaik, sahtlid ja riiulid v\u00f5imaldavad peita vajalikud m\u00e4rkmikud v\u00f5i raamatud. SCRIBI kollektsioon loob s\u00f5braliku \u00f5ppeala lastele ja t\u00f6\u00f6ala t\u00e4iskasvanud kasutajatele.\" \/>\n<meta property=\"og:url\" content=\"https:\/\/www.folkland.lv\/et\/prece\/noorte-magamistuba-scribi-2\/\" \/>\n<meta property=\"og:site_name\" content=\"Folkland\" \/>\n<meta property=\"article:modified_time\" content=\"2022-01-05T10:13:24+00:00\" \/>\n<meta property=\"og:image\" content=\"https:\/\/www.folkland.lv\/wp-content\/uploads\/2021\/10\/1_6_19-950x633_result.jpg\" \/>\n\t<meta property=\"og:image:width\" content=\"900\" \/>\n\t<meta property=\"og:image:height\" content=\"900\" \/>\n\t<meta property=\"og:image:type\" content=\"image\/jpeg\" \/>\n<meta name=\"twitter:card\" content=\"summary_large_image\" \/>\n<meta name=\"twitter:label1\" content=\"Est. reading time\" \/>\n\t<meta name=\"twitter:data1\" content=\"1 minut\" \/>\n<script type=\"application\/ld+json\" class=\"yoast-schema-graph\">{\"@context\":\"https:\/\/schema.org\",\"@graph\":[{\"@type\":\"WebPage\",\"@id\":\"https:\/\/www.folkland.lv\/et\/prece\/noorte-magamistuba-scribi-2\/\",\"url\":\"https:\/\/www.folkland.lv\/et\/prece\/noorte-magamistuba-scribi-2\/\",\"name\":\"Noorte magamistuba SCRIBI 2 - Folkland\",\"isPartOf\":{\"@id\":\"https:\/\/www.folkland.lv\/#website\"},\"primaryImageOfPage\":{\"@id\":\"https:\/\/www.folkland.lv\/et\/prece\/noorte-magamistuba-scribi-2\/#primaryimage\"},\"image\":{\"@id\":\"https:\/\/www.folkland.lv\/et\/prece\/noorte-magamistuba-scribi-2\/#primaryimage\"},\"thumbnailUrl\":\"https:\/\/www.folkland.lv\/wp-content\/uploads\/2021\/10\/1_6_19-950x633_result.jpg\",\"datePublished\":\"2022-01-05T10:11:39+00:00\",\"dateModified\":\"2022-01-05T10:13:24+00:00\",\"breadcrumb\":{\"@id\":\"https:\/\/www.folkland.lv\/et\/prece\/noorte-magamistuba-scribi-2\/#breadcrumb\"},\"inLanguage\":\"et\",\"potentialAction\":[{\"@type\":\"ReadAction\",\"target\":[\"https:\/\/www.folkland.lv\/et\/prece\/noorte-magamistuba-scribi-2\/\"]}]},{\"@type\":\"ImageObject\",\"inLanguage\":\"et\",\"@id\":\"https:\/\/www.folkland.lv\/et\/prece\/noorte-magamistuba-scribi-2\/#primaryimage\",\"url\":\"https:\/\/www.folkland.lv\/wp-content\/uploads\/2021\/10\/1_6_19-950x633_result.jpg\",\"contentUrl\":\"https:\/\/www.folkland.lv\/wp-content\/uploads\/2021\/10\/1_6_19-950x633_result.jpg\",\"width\":900,\"height\":900},{\"@type\":\"BreadcrumbList\",\"@id\":\"https:\/\/www.folkland.lv\/et\/prece\/noorte-magamistuba-scribi-2\/#breadcrumb\",\"itemListElement\":[{\"@type\":\"ListItem\",\"position\":1,\"name\":\"Algus\",\"item\":\"https:\/\/www.folkland.lv\/et\/\"},{\"@type\":\"ListItem\",\"position\":2,\"name\":\"Pood\",\"item\":\"https:\/\/www.folkland.lv\/et\/pood\/\"},{\"@type\":\"ListItem\",\"position\":3,\"name\":\"Noorte magamistuba SCRIBI 2\"}]},{\"@type\":\"WebSite\",\"@id\":\"https:\/\/www.folkland.lv\/#website\",\"url\":\"https:\/\/www.folkland.lv\/\",\"name\":\"Folkland\",\"description\":\"\",\"potentialAction\":[{\"@type\":\"SearchAction\",\"target\":{\"@type\":\"EntryPoint\",\"urlTemplate\":\"https:\/\/www.folkland.lv\/?s={search_term_string}\"},\"query-input\":\"required name=search_term_string\"}],\"inLanguage\":\"et\"}]}<\/script>\n<!-- \/ Yoast SEO plugin. -->","yoast_head_json":{"title":"Noorte magamistuba SCRIBI 2 - Folkland","robots":{"index":"index","follow":"follow","max-snippet":"max-snippet:-1","max-image-preview":"max-image-preview:large","max-video-preview":"max-video-preview:-1"},"canonical":"https:\/\/www.folkland.lv\/et\/prece\/noorte-magamistuba-scribi-2\/","og_locale":"et_EE","og_type":"article","og_title":"Noorte magamistuba SCRIBI 2 - Folkland","og_description":"S\u00f5bralik ja funktsionaalne m\u00f6\u00f6blikollektsioon teismelistele.  See \u00fchendab t\u00e4iusliku disaini igap\u00e4evase mugavusega. Kogu kollektsiooni iseloomustab kindel teostus ja \u00fclimalt stabiilne struktuur, tagades ohutuse nii v\u00e4iksematele kui ka suurematele lastele. SCRIBI on oma ainulaadse disainiga ideaalne t\u00e4iskasvanud kasutajatele. Valgest lamineeritud plaadist m\u00f6\u00f6blist saab kindlasti elutoa praktiline kaunistus. Suur panipaik, sahtlid ja riiulid v\u00f5imaldavad peita vajalikud m\u00e4rkmikud v\u00f5i raamatud. SCRIBI kollektsioon loob s\u00f5braliku \u00f5ppeala lastele ja t\u00f6\u00f6ala t\u00e4iskasvanud kasutajatele.","og_url":"https:\/\/www.folkland.lv\/et\/prece\/noorte-magamistuba-scribi-2\/","og_site_name":"Folkland","article_modified_time":"2022-01-05T10:13:24+00:00","og_image":[{"width":900,"height":900,"url":"https:\/\/www.folkland.lv\/wp-content\/uploads\/2021\/10\/1_6_19-950x633_result.jpg","type":"image\/jpeg"}],"twitter_card":"summary_large_image","twitter_misc":{"Est. reading time":"1 minut"},"schema":{"@context":"https:\/\/schema.org","@graph":[{"@type":"WebPage","@id":"https:\/\/www.folkland.lv\/et\/prece\/noorte-magamistuba-scribi-2\/","url":"https:\/\/www.folkland.lv\/et\/prece\/noorte-magamistuba-scribi-2\/","name":"Noorte magamistuba SCRIBI 2 - Folkland","isPartOf":{"@id":"https:\/\/www.folkland.lv\/#website"},"primaryImageOfPage":{"@id":"https:\/\/www.folkland.lv\/et\/prece\/noorte-magamistuba-scribi-2\/#primaryimage"},"image":{"@id":"https:\/\/www.folkland.lv\/et\/prece\/noorte-magamistuba-scribi-2\/#primaryimage"},"thumbnailUrl":"https:\/\/www.folkland.lv\/wp-content\/uploads\/2021\/10\/1_6_19-950x633_result.jpg","datePublished":"2022-01-05T10:11:39+00:00","dateModified":"2022-01-05T10:13:24+00:00","breadcrumb":{"@id":"https:\/\/www.folkland.lv\/et\/prece\/noorte-magamistuba-scribi-2\/#breadcrumb"},"inLanguage":"et","potentialAction":[{"@type":"ReadAction","target":["https:\/\/www.folkland.lv\/et\/prece\/noorte-magamistuba-scribi-2\/"]}]},{"@type":"ImageObject","inLanguage":"et","@id":"https:\/\/www.folkland.lv\/et\/prece\/noorte-magamistuba-scribi-2\/#primaryimage","url":"https:\/\/www.folkland.lv\/wp-content\/uploads\/2021\/10\/1_6_19-950x633_result.jpg","contentUrl":"https:\/\/www.folkland.lv\/wp-content\/uploads\/2021\/10\/1_6_19-950x633_result.jpg","width":900,"height":900},{"@type":"BreadcrumbList","@id":"https:\/\/www.folkland.lv\/et\/prece\/noorte-magamistuba-scribi-2\/#breadcrumb","itemListElement":[{"@type":"ListItem","position":1,"name":"Algus","item":"https:\/\/www.folkland.lv\/et\/"},{"@type":"ListItem","position":2,"name":"Pood","item":"https:\/\/www.folkland.lv\/et\/pood\/"},{"@type":"ListItem","position":3,"name":"Noorte magamistuba SCRIBI 2"}]},{"@type":"WebSite","@id":"https:\/\/www.folkland.lv\/#website","url":"https:\/\/www.folkland.lv\/","name":"Folkland","description":"","potentialAction":[{"@type":"SearchAction","target":{"@type":"EntryPoint","urlTemplate":"https:\/\/www.folkland.lv\/?s={search_term_string}"},"query-input":"required name=search_term_string"}],"inLanguage":"et"}]}},"_links":{"self":[{"href":"https:\/\/www.folkland.lv\/et\/wp-json\/wp\/v2\/product\/33597"}],"collection":[{"href":"https:\/\/www.folkland.lv\/et\/wp-json\/wp\/v2\/product"}],"about":[{"href":"https:\/\/www.folkland.lv\/et\/wp-json\/wp\/v2\/types\/product"}],"version-history":[{"count":1,"href":"https:\/\/www.folkland.lv\/et\/wp-json\/wp\/v2\/product\/33597\/revisions"}],"predecessor-version":[{"id":33598,"href":"https:\/\/www.folkland.lv\/et\/wp-json\/wp\/v2\/product\/33597\/revisions\/33598"}],"wp:featuredmedia":[{"embeddable":true,"href":"https:\/\/www.folkland.lv\/et\/wp-json\/wp\/v2\/media\/28866"}],"wp:attachment":[{"href":"https:\/\/www.folkland.lv\/et\/wp-json\/wp\/v2\/media?parent=33597"}],"wp:term":[{"taxonomy":"product_cat","embeddable":true,"href":"https:\/\/www.folkland.lv\/et\/wp-json\/wp\/v2\/product_cat?post=33597"},{"taxonomy":"product_tag","embeddable":true,"href":"https:\/\/www.folkland.lv\/et\/wp-json\/wp\/v2\/product_tag?post=33597"}],"curies":[{"name":"wp","href":"https:\/\/api.w.org\/{rel}","templated":true}]}}