{"id":11272,"date":"2020-10-16T14:17:59","date_gmt":"2021-04-14T10:57:33","guid":{"rendered":"https:\/\/www.folkland.lv\/?post_type=product&#038;p=11272"},"modified":"2021-04-14T13:57:33","modified_gmt":"2021-04-14T10:57:33","slug":"141-pink-garda-pruun","status":"publish","type":"product","link":"https:\/\/www.folkland.lv\/et\/prece\/141-pink-garda-pruun\/","title":{"rendered":"141 Pink \u201cGarda\u201d PRUUN"},"content":{"rendered":"<p><strong><span style=\"color: #ff0000;\">T\u00e4helepanu<\/span> <\/strong>\u2013 pink on valmistatud naturaalsest m\u00e4nnipuidust. Puit on looduslik materjal ja v\u00e4liste tegurite (p\u00e4ike, vihm, tuul, lumi) otsene m\u00f5ju v\u00f5ib p\u00f5hjustada selle kuju, v\u00e4rvi ja tekstuuri muutumise ning vaigu ja mikrom\u00f5rade tekkimise. Puidust pinki tuleb hoida halva ilma eest vaatamata sellele, et m\u00f6\u00f6bel on t\u00f6\u00f6deldud mitme kihi kaitsevahendiga ja talub kerget vihma. Kui see pikaks ajaks L\u00e4ti ilma meelevalda j\u00e4tta, v\u00f5ib v\u00e4rv maha tulla ja seet\u00f5ttu tuleb puitm\u00f6\u00f6blit v\u00e4liste tegurite otsese m\u00f5ju eest kaitsta, kattes selle presendiga v\u00f5i t\u00f5stes varju alla.<\/p>\n<p><strong>Hooldus<\/strong> \u2013 tootel on t\u00e4iendav puidukaitse ja erihooldust see ei vaja. Kasutamise k\u00e4igus tekkiva mustuse ja tolmu v\u00f5ib \u00e4ra p\u00fchkida niiske pehme lapiga. Kaitsvat laki- ja v\u00e4rvikihti on soovitav aastas korra aiahooaja l\u00f5ppedes uuendada.<\/p>\n<p><strong>Hoiustamine<\/strong> \u2013 Kui te pinki pikka aega ei kasuta, v\u00f5ite selle kaitseks otsese p\u00e4ikesevalguse ja vee eest kattega katta. Talvel on soovitav m\u00f6\u00f6blit hoida kuivas kohas. See pikendab teie m\u00f6\u00f6bliese t\u00f6\u00f6iga ja j\u00e4rgmisel hooajal n\u00e4eb see v\u00e4lja nagu uus.<\/p>\n<p>Pingi m\u00f5\u00f5dud:<br \/>\nPikkus \u2013 140 cm;<br \/>\nK\u00f5rgus \u2013 90 cm;<br \/>\nS\u00fcgavus \u2013 42 cm;<br \/>\nTarnitakse lahtiv\u00f5etud kujul \/ vajab kokkupanekut<br \/>\nKaal \u2013 19kg<br \/>\nTranspordim\u00f5\u00f5dud \u2013 140cm x 36cm x H13cm (laius x pikkus x k\u00f5rgus);<br \/>\nTranspordimaht \u2013 0,061m3;<br \/>\nTarnitakse kokkupandud kujul (Pakend PVC-kile, kartongkarp);<br \/>\nMaterjal \u2013 t\u00e4ispuit m\u00e4nd;<\/p>\n<p>Puidu t\u00f6\u00f6tlemine \u2013 Vivacolor Villa Akva (modifitseeritud, veep\u00f5hine mattv\u00e4rv puitpindadele v\u00e4listingimustes. V\u00e4rv moodustab mustust ja vett h\u00fclgava pinna. Villa Akva tagab suurep\u00e4rase v\u00e4rvi ja l\u00e4ike p\u00fcsivuse, puit j\u00e4tab siidise mattpinna mulje);<\/p>\n<p>V\u00e4rvitoon \u2013 pruun;<\/p>\n","protected":false},"excerpt":{"rendered":"<p>Stabiilne statsionaarne pink kaarja seljatoega<\/p>\n<p>Kas oled valmis v\u00f5\u00f5rustama k\u00fclalisi ja s\u00f5pru mugavas ja meeldivas milj\u00f6\u00f6s? T\u00e4nu kaarjastele vormidele on see t\u00e4nap\u00e4evane ja kvaliteetne aeda\/terrassile pink v\u00e4ga mugav ja vastupidav mudel, mis sobib nii aeda kui siseruumi. See on meie ettev\u00f5tte \u00fcks stabiilsemaid ja tugevamaid tooteid.<\/p>\n","protected":false},"featured_media":9406,"template":"","meta":{"_acf_changed":false},"product_cat":[288,291],"product_tag":[],"acf":[],"yoast_head":"<!-- This site is optimized with the Yoast SEO plugin v23.0 - https:\/\/yoast.com\/wordpress\/plugins\/seo\/ -->\n<title>141 Pink \u201cGarda\u201d PRUUN - Folkland<\/title>\n<meta name=\"robots\" content=\"index, follow, max-snippet:-1, max-image-preview:large, max-video-preview:-1\" \/>\n<link rel=\"canonical\" href=\"https:\/\/www.folkland.lv\/et\/prece\/141-pink-garda-pruun\/\" \/>\n<meta property=\"og:locale\" content=\"et_EE\" \/>\n<meta property=\"og:type\" content=\"article\" \/>\n<meta property=\"og:title\" content=\"141 Pink \u201cGarda\u201d PRUUN - Folkland\" \/>\n<meta property=\"og:description\" content=\"Stabiilne statsionaarne pink kaarja seljatoega  Kas oled valmis v\u00f5\u00f5rustama k\u00fclalisi ja s\u00f5pru mugavas ja meeldivas milj\u00f6\u00f6s? T\u00e4nu kaarjastele vormidele on see t\u00e4nap\u00e4evane ja kvaliteetne aeda\/terrassile pink v\u00e4ga mugav ja vastupidav mudel, mis sobib nii aeda kui siseruumi. See on meie ettev\u00f5tte \u00fcks stabiilsemaid ja tugevamaid tooteid.\" \/>\n<meta property=\"og:url\" content=\"https:\/\/www.folkland.lv\/et\/prece\/141-pink-garda-pruun\/\" \/>\n<meta property=\"og:site_name\" content=\"Folkland\" \/>\n<meta property=\"og:image\" content=\"https:\/\/www.folkland.lv\/wp-content\/uploads\/2018\/12\/5diena-6.jpg\" \/>\n\t<meta property=\"og:image:width\" content=\"825\" \/>\n\t<meta property=\"og:image:height\" content=\"825\" \/>\n\t<meta property=\"og:image:type\" content=\"image\/jpeg\" \/>\n<meta name=\"twitter:card\" content=\"summary_large_image\" \/>\n<meta name=\"twitter:label1\" content=\"Est. reading time\" \/>\n\t<meta name=\"twitter:data1\" content=\"1 minut\" \/>\n<script type=\"application\/ld+json\" class=\"yoast-schema-graph\">{\"@context\":\"https:\/\/schema.org\",\"@graph\":[{\"@type\":\"WebPage\",\"@id\":\"https:\/\/www.folkland.lv\/et\/prece\/141-pink-garda-pruun\/\",\"url\":\"https:\/\/www.folkland.lv\/et\/prece\/141-pink-garda-pruun\/\",\"name\":\"141 Pink \u201cGarda\u201d PRUUN - Folkland\",\"isPartOf\":{\"@id\":\"https:\/\/www.folkland.lv\/#website\"},\"primaryImageOfPage\":{\"@id\":\"https:\/\/www.folkland.lv\/et\/prece\/141-pink-garda-pruun\/#primaryimage\"},\"image\":{\"@id\":\"https:\/\/www.folkland.lv\/et\/prece\/141-pink-garda-pruun\/#primaryimage\"},\"thumbnailUrl\":\"https:\/\/www.folkland.lv\/wp-content\/uploads\/2018\/12\/5diena-6.jpg\",\"datePublished\":\"2021-04-14T10:57:33+00:00\",\"dateModified\":\"2021-04-14T10:57:33+00:00\",\"breadcrumb\":{\"@id\":\"https:\/\/www.folkland.lv\/et\/prece\/141-pink-garda-pruun\/#breadcrumb\"},\"inLanguage\":\"et\",\"potentialAction\":[{\"@type\":\"ReadAction\",\"target\":[\"https:\/\/www.folkland.lv\/et\/prece\/141-pink-garda-pruun\/\"]}]},{\"@type\":\"ImageObject\",\"inLanguage\":\"et\",\"@id\":\"https:\/\/www.folkland.lv\/et\/prece\/141-pink-garda-pruun\/#primaryimage\",\"url\":\"https:\/\/www.folkland.lv\/wp-content\/uploads\/2018\/12\/5diena-6.jpg\",\"contentUrl\":\"https:\/\/www.folkland.lv\/wp-content\/uploads\/2018\/12\/5diena-6.jpg\",\"width\":825,\"height\":825},{\"@type\":\"BreadcrumbList\",\"@id\":\"https:\/\/www.folkland.lv\/et\/prece\/141-pink-garda-pruun\/#breadcrumb\",\"itemListElement\":[{\"@type\":\"ListItem\",\"position\":1,\"name\":\"Algus\",\"item\":\"https:\/\/www.folkland.lv\/et\/\"},{\"@type\":\"ListItem\",\"position\":2,\"name\":\"Pood\",\"item\":\"https:\/\/www.folkland.lv\/et\/pood\/\"},{\"@type\":\"ListItem\",\"position\":3,\"name\":\"141 Pink \u201cGarda\u201d PRUUN\"}]},{\"@type\":\"WebSite\",\"@id\":\"https:\/\/www.folkland.lv\/#website\",\"url\":\"https:\/\/www.folkland.lv\/\",\"name\":\"Folkland\",\"description\":\"\",\"potentialAction\":[{\"@type\":\"SearchAction\",\"target\":{\"@type\":\"EntryPoint\",\"urlTemplate\":\"https:\/\/www.folkland.lv\/?s={search_term_string}\"},\"query-input\":\"required name=search_term_string\"}],\"inLanguage\":\"et\"}]}<\/script>\n<!-- \/ Yoast SEO plugin. -->","yoast_head_json":{"title":"141 Pink \u201cGarda\u201d PRUUN - Folkland","robots":{"index":"index","follow":"follow","max-snippet":"max-snippet:-1","max-image-preview":"max-image-preview:large","max-video-preview":"max-video-preview:-1"},"canonical":"https:\/\/www.folkland.lv\/et\/prece\/141-pink-garda-pruun\/","og_locale":"et_EE","og_type":"article","og_title":"141 Pink \u201cGarda\u201d PRUUN - Folkland","og_description":"Stabiilne statsionaarne pink kaarja seljatoega  Kas oled valmis v\u00f5\u00f5rustama k\u00fclalisi ja s\u00f5pru mugavas ja meeldivas milj\u00f6\u00f6s? T\u00e4nu kaarjastele vormidele on see t\u00e4nap\u00e4evane ja kvaliteetne aeda\/terrassile pink v\u00e4ga mugav ja vastupidav mudel, mis sobib nii aeda kui siseruumi. See on meie ettev\u00f5tte \u00fcks stabiilsemaid ja tugevamaid tooteid.","og_url":"https:\/\/www.folkland.lv\/et\/prece\/141-pink-garda-pruun\/","og_site_name":"Folkland","og_image":[{"width":825,"height":825,"url":"https:\/\/www.folkland.lv\/wp-content\/uploads\/2018\/12\/5diena-6.jpg","type":"image\/jpeg"}],"twitter_card":"summary_large_image","twitter_misc":{"Est. reading time":"1 minut"},"schema":{"@context":"https:\/\/schema.org","@graph":[{"@type":"WebPage","@id":"https:\/\/www.folkland.lv\/et\/prece\/141-pink-garda-pruun\/","url":"https:\/\/www.folkland.lv\/et\/prece\/141-pink-garda-pruun\/","name":"141 Pink \u201cGarda\u201d PRUUN - Folkland","isPartOf":{"@id":"https:\/\/www.folkland.lv\/#website"},"primaryImageOfPage":{"@id":"https:\/\/www.folkland.lv\/et\/prece\/141-pink-garda-pruun\/#primaryimage"},"image":{"@id":"https:\/\/www.folkland.lv\/et\/prece\/141-pink-garda-pruun\/#primaryimage"},"thumbnailUrl":"https:\/\/www.folkland.lv\/wp-content\/uploads\/2018\/12\/5diena-6.jpg","datePublished":"2021-04-14T10:57:33+00:00","dateModified":"2021-04-14T10:57:33+00:00","breadcrumb":{"@id":"https:\/\/www.folkland.lv\/et\/prece\/141-pink-garda-pruun\/#breadcrumb"},"inLanguage":"et","potentialAction":[{"@type":"ReadAction","target":["https:\/\/www.folkland.lv\/et\/prece\/141-pink-garda-pruun\/"]}]},{"@type":"ImageObject","inLanguage":"et","@id":"https:\/\/www.folkland.lv\/et\/prece\/141-pink-garda-pruun\/#primaryimage","url":"https:\/\/www.folkland.lv\/wp-content\/uploads\/2018\/12\/5diena-6.jpg","contentUrl":"https:\/\/www.folkland.lv\/wp-content\/uploads\/2018\/12\/5diena-6.jpg","width":825,"height":825},{"@type":"BreadcrumbList","@id":"https:\/\/www.folkland.lv\/et\/prece\/141-pink-garda-pruun\/#breadcrumb","itemListElement":[{"@type":"ListItem","position":1,"name":"Algus","item":"https:\/\/www.folkland.lv\/et\/"},{"@type":"ListItem","position":2,"name":"Pood","item":"https:\/\/www.folkland.lv\/et\/pood\/"},{"@type":"ListItem","position":3,"name":"141 Pink \u201cGarda\u201d PRUUN"}]},{"@type":"WebSite","@id":"https:\/\/www.folkland.lv\/#website","url":"https:\/\/www.folkland.lv\/","name":"Folkland","description":"","potentialAction":[{"@type":"SearchAction","target":{"@type":"EntryPoint","urlTemplate":"https:\/\/www.folkland.lv\/?s={search_term_string}"},"query-input":"required name=search_term_string"}],"inLanguage":"et"}]}},"_links":{"self":[{"href":"https:\/\/www.folkland.lv\/et\/wp-json\/wp\/v2\/product\/11272"}],"collection":[{"href":"https:\/\/www.folkland.lv\/et\/wp-json\/wp\/v2\/product"}],"about":[{"href":"https:\/\/www.folkland.lv\/et\/wp-json\/wp\/v2\/types\/product"}],"version-history":[{"count":0,"href":"https:\/\/www.folkland.lv\/et\/wp-json\/wp\/v2\/product\/11272\/revisions"}],"wp:featuredmedia":[{"embeddable":true,"href":"https:\/\/www.folkland.lv\/et\/wp-json\/wp\/v2\/media\/9406"}],"wp:attachment":[{"href":"https:\/\/www.folkland.lv\/et\/wp-json\/wp\/v2\/media?parent=11272"}],"wp:term":[{"taxonomy":"product_cat","embeddable":true,"href":"https:\/\/www.folkland.lv\/et\/wp-json\/wp\/v2\/product_cat?post=11272"},{"taxonomy":"product_tag","embeddable":true,"href":"https:\/\/www.folkland.lv\/et\/wp-json\/wp\/v2\/product_tag?post=11272"}],"curies":[{"name":"wp","href":"https:\/\/api.w.org\/{rel}","templated":true}]}}