{"id":11268,"date":"2020-10-16T14:04:34","date_gmt":"2021-04-14T10:49:33","guid":{"rendered":"https:\/\/www.folkland.lv\/?post_type=product&#038;p=11268"},"modified":"2021-04-14T13:49:33","modified_gmt":"2021-04-14T10:49:33","slug":"139-pink-bavaria-grafiit","status":"publish","type":"product","link":"https:\/\/www.folkland.lv\/et\/prece\/139-pink-bavaria-grafiit\/","title":{"rendered":"139 Pink \u201cBavaria\u201d GRAFIIT"},"content":{"rendered":"<p><strong><span style=\"color: #ff0000;\">T\u00e4helepanu<\/span><\/strong> \u2013 pink on valmistatud naturaalsest m\u00e4nnipuidust. Puit on looduslik materjal ja v\u00e4liste tegurite (p\u00e4ike, vihm, tuul, lumi) otsene m\u00f5ju v\u00f5ib p\u00f5hjustada selle kuju, v\u00e4rvi ja tekstuuri muutumise ning vaigu ja mikrom\u00f5rade tekkimise. Puidust pinki tuleb hoida halva ilma eest vaatamata sellele, et m\u00f6\u00f6bel on t\u00f6\u00f6deldud mitme kihi kaitsevahendiga ja talub kerget vihma. Kui see pikaks ajaks L\u00e4ti ilma meelevalda j\u00e4tta, v\u00f5ib v\u00e4rv maha tulla ja seet\u00f5ttu tuleb puitm\u00f6\u00f6blit v\u00e4liste tegurite otsese m\u00f5ju eest kaitsta, kattes selle presendiga v\u00f5i t\u00f5stes varju alla.<\/p>\n<p><strong>Hooldus<\/strong> \u2013 tootel on t\u00e4iendav puidukaitse ja erihooldust see ei vaja. Kasutamise k\u00e4igus tekkiva mustuse ja tolmu v\u00f5ib \u00e4ra p\u00fchkida niiske pehme lapiga. Kaitsvat laki- ja v\u00e4rvikihti on soovitav aastas korra aiahooaja l\u00f5ppedes uuendada.<\/p>\n<p><strong>Hoiustamine<\/strong> \u2013 Kui te pinki pikka aega ei kasuta, v\u00f5ite selle kaitseks otsese p\u00e4ikesevalguse ja vee eest kattega katta. Talvel on soovitav m\u00f6\u00f6blit hoida kuivas kohas. See pikendab teie m\u00f6\u00f6bliese t\u00f6\u00f6iga ja j\u00e4rgmisel hooajal n\u00e4eb see v\u00e4lja nagu uus.<\/p>\n<p><strong>Tooteinfo:<\/strong><br \/>\nPikkus \u2013 133 cm;<br \/>\nS\u00fcgavus \u2013 50 cm;<br \/>\nK\u00f5rgus \u2013 106 cm;<br \/>\nSeljatoe k\u00f5rgus\u2013 50 cm;<br \/>\nIstme k\u00f5rgus \u2013 45cm;<br \/>\nMaksimaalne koormus\u2013 250kg;<br \/>\nTarnitakse kokkupandud kujul;<br \/>\nKokkupanek &#8211; pole vajalik;<br \/>\nPakend \u2013 Kartongkarp, PVC-kile;<br \/>\nPakendi m\u00f5\u00f5dud \u2013 H25cm x 92cm x L133cm;<br \/>\nKaal \u2013 17,5kg;<br \/>\nMaterjal \u2013 t\u00e4ispuit m\u00e4nd \u2013 enesestm\u00f5istetav looduse ilu, soojus ning hubasus Teie aiakujunduses;<\/p>\n<p>Puidu t\u00f6\u00f6tlemine \u2013 Vivacolor Villa Akva (modifitseeritud, veep\u00f5hine mattv\u00e4rv puitpindadele v\u00e4listingimustes. V\u00e4rv moodustab mustust ja vett h\u00fclgava pinna. Villa Akva tagab suurep\u00e4rase v\u00e4rvi ja l\u00e4ike p\u00fcsivuse, puit j\u00e4tab siidise mattpinna mulje);<\/p>\n<p>V\u00e4rvitoon \u2013 grafiit;<\/p>\n","protected":false},"excerpt":{"rendered":"<p>Kokkupandav aia- \/ terrassipink \u201cBavaria\u201d kohandatava selja- ja k\u00e4etugedega<\/p>\n<p>Kui soovite soetada seda t\u00fc\u00fcpi kokkupandava pingi, kaaluge m\u00f5ned toote eelised:<\/p>\n<p>Bavaria pink on loodud t\u00f5eliseks looduse nautimiseks;<br \/>\nKokkupandav, Teie aja ja ruumi s\u00e4\u00e4stmiseks;<br \/>\nPuit\u2013 enesestm\u00f5istetav looduse ilu, soojus ning hubasus Teie aiakujunduses;<br \/>\nPraktiline, pikaealine, moodne ning eriti mugav;<br \/>\nH\u00f5lbus hoiustamine ja transportimine, kokkupanduna ei v\u00f5ta palju ruumi;<br \/>\nK\u00e4etugedesse on sisse ehitatud mehhanismid seljatoe reguleerimiseks (7 positsiooni);<br \/>\nSkandinaavia stiil ja kvaliteet;<br \/>\nT\u00e4nu kergekaalulisusele saab seda kiiresti paigaldada ja kompaktselt kokku panna;<br \/>\nK\u00e4esolev pingi mudel on eriti lemmik Saksamaal ja Austrias, seega on meie tooted v\u00f5imalik kohata Baieri ja Austria Alpides. Pink on reguleeritava seljatoega, sobib suurep\u00e4raselt puhkamiseks ning p\u00e4ikesesooja nautimiseks.<br \/>\nToode on l\u00e4binud lisat\u00f6\u00f6tluse puidu kaitseks, mis pikendab tunduvalt pingi eluiga ;<\/p>\n","protected":false},"featured_media":9417,"template":"","meta":{"_acf_changed":false},"product_cat":[288,291],"product_tag":[],"acf":[],"yoast_head":"<!-- This site is optimized with the Yoast SEO plugin v23.0 - https:\/\/yoast.com\/wordpress\/plugins\/seo\/ -->\n<title>139 Pink \u201cBavaria\u201d GRAFIIT - Folkland<\/title>\n<meta name=\"robots\" content=\"index, follow, max-snippet:-1, max-image-preview:large, max-video-preview:-1\" \/>\n<link rel=\"canonical\" href=\"https:\/\/www.folkland.lv\/et\/prece\/139-pink-bavaria-grafiit\/\" \/>\n<meta property=\"og:locale\" content=\"et_EE\" \/>\n<meta property=\"og:type\" content=\"article\" \/>\n<meta property=\"og:title\" content=\"139 Pink \u201cBavaria\u201d GRAFIIT - Folkland\" \/>\n<meta property=\"og:description\" content=\"Kokkupandav aia- \/ terrassipink \u201cBavaria\u201d kohandatava selja- ja k\u00e4etugedega  Kui soovite soetada seda t\u00fc\u00fcpi kokkupandava pingi, kaaluge m\u00f5ned toote eelised:  Bavaria pink on loodud t\u00f5eliseks looduse nautimiseks; Kokkupandav, Teie aja ja ruumi s\u00e4\u00e4stmiseks; Puit\u2013 enesestm\u00f5istetav looduse ilu, soojus ning hubasus Teie aiakujunduses; Praktiline, pikaealine, moodne ning eriti mugav; H\u00f5lbus hoiustamine ja transportimine, kokkupanduna ei v\u00f5ta palju ruumi; K\u00e4etugedesse on sisse ehitatud mehhanismid seljatoe reguleerimiseks (7 positsiooni); Skandinaavia stiil ja kvaliteet; T\u00e4nu kergekaalulisusele saab seda kiiresti paigaldada ja kompaktselt kokku panna; K\u00e4esolev pingi mudel on eriti lemmik Saksamaal ja Austrias, seega on meie tooted v\u00f5imalik kohata Baieri ja Austria Alpides. Pink on reguleeritava seljatoega, sobib suurep\u00e4raselt puhkamiseks ning p\u00e4ikesesooja nautimiseks. Toode on l\u00e4binud lisat\u00f6\u00f6tluse puidu kaitseks, mis pikendab tunduvalt pingi eluiga ;\" \/>\n<meta property=\"og:url\" content=\"https:\/\/www.folkland.lv\/et\/prece\/139-pink-bavaria-grafiit\/\" \/>\n<meta property=\"og:site_name\" content=\"Folkland\" \/>\n<meta property=\"og:image\" content=\"https:\/\/www.folkland.lv\/wp-content\/uploads\/2020\/10\/bavaria-sols-graf.jpg\" \/>\n\t<meta property=\"og:image:width\" content=\"1100\" \/>\n\t<meta property=\"og:image:height\" content=\"1100\" \/>\n\t<meta property=\"og:image:type\" content=\"image\/jpeg\" \/>\n<meta name=\"twitter:card\" content=\"summary_large_image\" \/>\n<meta name=\"twitter:label1\" content=\"Est. reading time\" \/>\n\t<meta name=\"twitter:data1\" content=\"2 minutit\" \/>\n<script type=\"application\/ld+json\" class=\"yoast-schema-graph\">{\"@context\":\"https:\/\/schema.org\",\"@graph\":[{\"@type\":\"WebPage\",\"@id\":\"https:\/\/www.folkland.lv\/et\/prece\/139-pink-bavaria-grafiit\/\",\"url\":\"https:\/\/www.folkland.lv\/et\/prece\/139-pink-bavaria-grafiit\/\",\"name\":\"139 Pink \u201cBavaria\u201d GRAFIIT - Folkland\",\"isPartOf\":{\"@id\":\"https:\/\/www.folkland.lv\/#website\"},\"primaryImageOfPage\":{\"@id\":\"https:\/\/www.folkland.lv\/et\/prece\/139-pink-bavaria-grafiit\/#primaryimage\"},\"image\":{\"@id\":\"https:\/\/www.folkland.lv\/et\/prece\/139-pink-bavaria-grafiit\/#primaryimage\"},\"thumbnailUrl\":\"https:\/\/www.folkland.lv\/wp-content\/uploads\/2020\/10\/bavaria-sols-graf.jpg\",\"datePublished\":\"2021-04-14T10:49:33+00:00\",\"dateModified\":\"2021-04-14T10:49:33+00:00\",\"breadcrumb\":{\"@id\":\"https:\/\/www.folkland.lv\/et\/prece\/139-pink-bavaria-grafiit\/#breadcrumb\"},\"inLanguage\":\"et\",\"potentialAction\":[{\"@type\":\"ReadAction\",\"target\":[\"https:\/\/www.folkland.lv\/et\/prece\/139-pink-bavaria-grafiit\/\"]}]},{\"@type\":\"ImageObject\",\"inLanguage\":\"et\",\"@id\":\"https:\/\/www.folkland.lv\/et\/prece\/139-pink-bavaria-grafiit\/#primaryimage\",\"url\":\"https:\/\/www.folkland.lv\/wp-content\/uploads\/2020\/10\/bavaria-sols-graf.jpg\",\"contentUrl\":\"https:\/\/www.folkland.lv\/wp-content\/uploads\/2020\/10\/bavaria-sols-graf.jpg\",\"width\":1100,\"height\":1100},{\"@type\":\"BreadcrumbList\",\"@id\":\"https:\/\/www.folkland.lv\/et\/prece\/139-pink-bavaria-grafiit\/#breadcrumb\",\"itemListElement\":[{\"@type\":\"ListItem\",\"position\":1,\"name\":\"Algus\",\"item\":\"https:\/\/www.folkland.lv\/et\/\"},{\"@type\":\"ListItem\",\"position\":2,\"name\":\"Pood\",\"item\":\"https:\/\/www.folkland.lv\/et\/pood\/\"},{\"@type\":\"ListItem\",\"position\":3,\"name\":\"139 Pink \u201cBavaria\u201d GRAFIIT\"}]},{\"@type\":\"WebSite\",\"@id\":\"https:\/\/www.folkland.lv\/#website\",\"url\":\"https:\/\/www.folkland.lv\/\",\"name\":\"Folkland\",\"description\":\"\",\"potentialAction\":[{\"@type\":\"SearchAction\",\"target\":{\"@type\":\"EntryPoint\",\"urlTemplate\":\"https:\/\/www.folkland.lv\/?s={search_term_string}\"},\"query-input\":\"required name=search_term_string\"}],\"inLanguage\":\"et\"}]}<\/script>\n<!-- \/ Yoast SEO plugin. -->","yoast_head_json":{"title":"139 Pink \u201cBavaria\u201d GRAFIIT - Folkland","robots":{"index":"index","follow":"follow","max-snippet":"max-snippet:-1","max-image-preview":"max-image-preview:large","max-video-preview":"max-video-preview:-1"},"canonical":"https:\/\/www.folkland.lv\/et\/prece\/139-pink-bavaria-grafiit\/","og_locale":"et_EE","og_type":"article","og_title":"139 Pink \u201cBavaria\u201d GRAFIIT - Folkland","og_description":"Kokkupandav aia- \/ terrassipink \u201cBavaria\u201d kohandatava selja- ja k\u00e4etugedega  Kui soovite soetada seda t\u00fc\u00fcpi kokkupandava pingi, kaaluge m\u00f5ned toote eelised:  Bavaria pink on loodud t\u00f5eliseks looduse nautimiseks; Kokkupandav, Teie aja ja ruumi s\u00e4\u00e4stmiseks; Puit\u2013 enesestm\u00f5istetav looduse ilu, soojus ning hubasus Teie aiakujunduses; Praktiline, pikaealine, moodne ning eriti mugav; H\u00f5lbus hoiustamine ja transportimine, kokkupanduna ei v\u00f5ta palju ruumi; K\u00e4etugedesse on sisse ehitatud mehhanismid seljatoe reguleerimiseks (7 positsiooni); Skandinaavia stiil ja kvaliteet; T\u00e4nu kergekaalulisusele saab seda kiiresti paigaldada ja kompaktselt kokku panna; K\u00e4esolev pingi mudel on eriti lemmik Saksamaal ja Austrias, seega on meie tooted v\u00f5imalik kohata Baieri ja Austria Alpides. Pink on reguleeritava seljatoega, sobib suurep\u00e4raselt puhkamiseks ning p\u00e4ikesesooja nautimiseks. Toode on l\u00e4binud lisat\u00f6\u00f6tluse puidu kaitseks, mis pikendab tunduvalt pingi eluiga ;","og_url":"https:\/\/www.folkland.lv\/et\/prece\/139-pink-bavaria-grafiit\/","og_site_name":"Folkland","og_image":[{"width":1100,"height":1100,"url":"https:\/\/www.folkland.lv\/wp-content\/uploads\/2020\/10\/bavaria-sols-graf.jpg","type":"image\/jpeg"}],"twitter_card":"summary_large_image","twitter_misc":{"Est. reading time":"2 minutit"},"schema":{"@context":"https:\/\/schema.org","@graph":[{"@type":"WebPage","@id":"https:\/\/www.folkland.lv\/et\/prece\/139-pink-bavaria-grafiit\/","url":"https:\/\/www.folkland.lv\/et\/prece\/139-pink-bavaria-grafiit\/","name":"139 Pink \u201cBavaria\u201d GRAFIIT - Folkland","isPartOf":{"@id":"https:\/\/www.folkland.lv\/#website"},"primaryImageOfPage":{"@id":"https:\/\/www.folkland.lv\/et\/prece\/139-pink-bavaria-grafiit\/#primaryimage"},"image":{"@id":"https:\/\/www.folkland.lv\/et\/prece\/139-pink-bavaria-grafiit\/#primaryimage"},"thumbnailUrl":"https:\/\/www.folkland.lv\/wp-content\/uploads\/2020\/10\/bavaria-sols-graf.jpg","datePublished":"2021-04-14T10:49:33+00:00","dateModified":"2021-04-14T10:49:33+00:00","breadcrumb":{"@id":"https:\/\/www.folkland.lv\/et\/prece\/139-pink-bavaria-grafiit\/#breadcrumb"},"inLanguage":"et","potentialAction":[{"@type":"ReadAction","target":["https:\/\/www.folkland.lv\/et\/prece\/139-pink-bavaria-grafiit\/"]}]},{"@type":"ImageObject","inLanguage":"et","@id":"https:\/\/www.folkland.lv\/et\/prece\/139-pink-bavaria-grafiit\/#primaryimage","url":"https:\/\/www.folkland.lv\/wp-content\/uploads\/2020\/10\/bavaria-sols-graf.jpg","contentUrl":"https:\/\/www.folkland.lv\/wp-content\/uploads\/2020\/10\/bavaria-sols-graf.jpg","width":1100,"height":1100},{"@type":"BreadcrumbList","@id":"https:\/\/www.folkland.lv\/et\/prece\/139-pink-bavaria-grafiit\/#breadcrumb","itemListElement":[{"@type":"ListItem","position":1,"name":"Algus","item":"https:\/\/www.folkland.lv\/et\/"},{"@type":"ListItem","position":2,"name":"Pood","item":"https:\/\/www.folkland.lv\/et\/pood\/"},{"@type":"ListItem","position":3,"name":"139 Pink \u201cBavaria\u201d GRAFIIT"}]},{"@type":"WebSite","@id":"https:\/\/www.folkland.lv\/#website","url":"https:\/\/www.folkland.lv\/","name":"Folkland","description":"","potentialAction":[{"@type":"SearchAction","target":{"@type":"EntryPoint","urlTemplate":"https:\/\/www.folkland.lv\/?s={search_term_string}"},"query-input":"required name=search_term_string"}],"inLanguage":"et"}]}},"_links":{"self":[{"href":"https:\/\/www.folkland.lv\/et\/wp-json\/wp\/v2\/product\/11268"}],"collection":[{"href":"https:\/\/www.folkland.lv\/et\/wp-json\/wp\/v2\/product"}],"about":[{"href":"https:\/\/www.folkland.lv\/et\/wp-json\/wp\/v2\/types\/product"}],"version-history":[{"count":0,"href":"https:\/\/www.folkland.lv\/et\/wp-json\/wp\/v2\/product\/11268\/revisions"}],"wp:featuredmedia":[{"embeddable":true,"href":"https:\/\/www.folkland.lv\/et\/wp-json\/wp\/v2\/media\/9417"}],"wp:attachment":[{"href":"https:\/\/www.folkland.lv\/et\/wp-json\/wp\/v2\/media?parent=11268"}],"wp:term":[{"taxonomy":"product_cat","embeddable":true,"href":"https:\/\/www.folkland.lv\/et\/wp-json\/wp\/v2\/product_cat?post=11268"},{"taxonomy":"product_tag","embeddable":true,"href":"https:\/\/www.folkland.lv\/et\/wp-json\/wp\/v2\/product_tag?post=11268"}],"curies":[{"name":"wp","href":"https:\/\/api.w.org\/{rel}","templated":true}]}}