{"id":11233,"date":"2018-12-21T17:36:43","date_gmt":"2021-04-14T10:26:19","guid":{"rendered":"https:\/\/www.folkland.lv\/?post_type=product&#038;p=11233"},"modified":"2021-04-14T13:40:55","modified_gmt":"2021-04-14T10:40:55","slug":"130-pink-frizija-natural","status":"publish","type":"product","link":"https:\/\/www.folkland.lv\/et\/prece\/130-pink-frizija-natural\/","title":{"rendered":"130 Pink \u201cFrizija\u201d NATURAL"},"content":{"rendered":"<p><span style=\"color: #ff0000;\"><strong>T\u00e4helepanu<\/strong> <\/span>\u2013 pink on valmistatud naturaalsest m\u00e4nnipuidust. Puit on looduslik materjal ja v\u00e4liste tegurite (p\u00e4ike, vihm, tuul, lumi) otsene m\u00f5ju v\u00f5ib p\u00f5hjustada selle kuju, v\u00e4rvi ja tekstuuri muutumise ning vaigu ja mikrom\u00f5rade tekkimise.<\/p>\n<p><strong>Hooldus<\/strong> &#8211; k\u00e4esolev toode ei ole l\u00e4binud t\u00e4iendavat puidu kaitset. Soovitav on t\u00f6\u00f6delda kaitsev\u00e4rvi kihiga.<\/p>\n<p><strong>Hoiustamine<\/strong> \u2013 Kui te pinki pikka aega ei kasuta, v\u00f5ite selle kaitseks otsese p\u00e4ikesevalguse ja vee eest kattega katta. Talvel on soovitav pinki hoida kuivas kohas. See pikendab teie m\u00f6\u00f6bliese t\u00f6\u00f6iga ja j\u00e4rgmisel hooajal n\u00e4eb see v\u00e4lja nagu uus.<\/p>\n<p><strong>Tooteinfo:<\/strong><br \/>\nPikkus \u2013 125 cm;<br \/>\nLaius \u2013 45 cm;<br \/>\nK\u00f5rgus- 80 cm;<br \/>\nIstme k\u00f5rgus \u2013 44cm;<br \/>\nMaksimaalne koormus\u2013 220kg;<br \/>\nMaterjal \u2013 t\u00e4ispuit m\u00e4nd;<br \/>\nT\u00f6\u00f6tlus \u2013 Remmers Lasur;<br \/>\nTarnitakse lahtiv\u00f5etud kujul \/ vajab kokkupanekut;<br \/>\nKokkupaneku juhend &#8211; skemaatiline (eriti lihtne kokku panna);<br \/>\nPakend \u2013 Kartongkarp, PVC-kile;<br \/>\nPakendi m\u00f5\u00f5dud \u2013 H6cm x 40cm x L127cm;<br \/>\nTranspordimaht \u2013 0,03m3;<br \/>\nKaal \u2013 11kg;<br \/>\nMaterjal \u2013 t\u00e4ispuit m\u00e4nd \u2013 enesestm\u00f5istetav looduse ilu, soojus ning hubasus Teie aiakujunduses;<\/p>\n<p>V\u00e4rvitoon \u2013 Natural;<\/p>\n","protected":false},"excerpt":{"rendered":"<p>Aia- \/ terrassipink \u201cFrizija\u201d Natural<\/p>\n<p>Puit\u2013 enesestm\u00f5istetav looduse ilu, soojus ning hubasus Teie aiakujunduses.;<br \/>\nKlassikalise disainiga statsionaarne pink kodule, terrassile ja aeda;<br \/>\nPink on selja ja k\u00e4etugedega;<br \/>\nVastupidav, mugav, \u00fcmardatud nurkadega mudel;<br \/>\nT\u00f6\u00f6tlemine \u2013 garanteerime m\u00f6\u00f6bli pikema kasutusea, kuna k\u00e4esolev pink on l\u00e4binud t\u00e4iendava puidut\u00f6\u00f6tluse.<\/p>\n","protected":false},"featured_media":11256,"template":"","meta":{"_acf_changed":false},"product_cat":[288,291,304],"product_tag":[],"acf":[],"yoast_head":"<!-- This site is optimized with the Yoast SEO plugin v23.0 - https:\/\/yoast.com\/wordpress\/plugins\/seo\/ -->\n<title>130 Pink \u201cFrizija\u201d NATURAL - Folkland<\/title>\n<meta name=\"robots\" content=\"index, follow, max-snippet:-1, max-image-preview:large, max-video-preview:-1\" \/>\n<link rel=\"canonical\" href=\"https:\/\/www.folkland.lv\/et\/prece\/130-pink-frizija-natural\/\" \/>\n<meta property=\"og:locale\" content=\"et_EE\" \/>\n<meta property=\"og:type\" content=\"article\" \/>\n<meta property=\"og:title\" content=\"130 Pink \u201cFrizija\u201d NATURAL - Folkland\" \/>\n<meta property=\"og:description\" content=\"Aia- \/ terrassipink \u201cFrizija\u201d Natural  Puit\u2013 enesestm\u00f5istetav looduse ilu, soojus ning hubasus Teie aiakujunduses.; Klassikalise disainiga statsionaarne pink kodule, terrassile ja aeda; Pink on selja ja k\u00e4etugedega; Vastupidav, mugav, \u00fcmardatud nurkadega mudel; T\u00f6\u00f6tlemine \u2013 garanteerime m\u00f6\u00f6bli pikema kasutusea, kuna k\u00e4esolev pink on l\u00e4binud t\u00e4iendava puidut\u00f6\u00f6tluse.\" \/>\n<meta property=\"og:url\" content=\"https:\/\/www.folkland.lv\/et\/prece\/130-pink-frizija-natural\/\" \/>\n<meta property=\"og:site_name\" content=\"Folkland\" \/>\n<meta property=\"article:modified_time\" content=\"2021-04-14T10:40:55+00:00\" \/>\n<meta property=\"og:image\" content=\"https:\/\/www.folkland.lv\/wp-content\/uploads\/2018\/12\/frizija-dabigs-1.jpg\" \/>\n\t<meta property=\"og:image:width\" content=\"1199\" \/>\n\t<meta property=\"og:image:height\" content=\"800\" \/>\n\t<meta property=\"og:image:type\" content=\"image\/jpeg\" \/>\n<meta name=\"twitter:card\" content=\"summary_large_image\" \/>\n<meta name=\"twitter:label1\" content=\"Est. reading time\" \/>\n\t<meta name=\"twitter:data1\" content=\"1 minut\" \/>\n<script type=\"application\/ld+json\" class=\"yoast-schema-graph\">{\"@context\":\"https:\/\/schema.org\",\"@graph\":[{\"@type\":\"WebPage\",\"@id\":\"https:\/\/www.folkland.lv\/et\/prece\/130-pink-frizija-natural\/\",\"url\":\"https:\/\/www.folkland.lv\/et\/prece\/130-pink-frizija-natural\/\",\"name\":\"130 Pink \u201cFrizija\u201d NATURAL - Folkland\",\"isPartOf\":{\"@id\":\"https:\/\/www.folkland.lv\/#website\"},\"primaryImageOfPage\":{\"@id\":\"https:\/\/www.folkland.lv\/et\/prece\/130-pink-frizija-natural\/#primaryimage\"},\"image\":{\"@id\":\"https:\/\/www.folkland.lv\/et\/prece\/130-pink-frizija-natural\/#primaryimage\"},\"thumbnailUrl\":\"https:\/\/www.folkland.lv\/wp-content\/uploads\/2018\/12\/frizija-dabigs-1.jpg\",\"datePublished\":\"2021-04-14T10:26:19+00:00\",\"dateModified\":\"2021-04-14T10:40:55+00:00\",\"breadcrumb\":{\"@id\":\"https:\/\/www.folkland.lv\/et\/prece\/130-pink-frizija-natural\/#breadcrumb\"},\"inLanguage\":\"et\",\"potentialAction\":[{\"@type\":\"ReadAction\",\"target\":[\"https:\/\/www.folkland.lv\/et\/prece\/130-pink-frizija-natural\/\"]}]},{\"@type\":\"ImageObject\",\"inLanguage\":\"et\",\"@id\":\"https:\/\/www.folkland.lv\/et\/prece\/130-pink-frizija-natural\/#primaryimage\",\"url\":\"https:\/\/www.folkland.lv\/wp-content\/uploads\/2018\/12\/frizija-dabigs-1.jpg\",\"contentUrl\":\"https:\/\/www.folkland.lv\/wp-content\/uploads\/2018\/12\/frizija-dabigs-1.jpg\",\"width\":1199,\"height\":800},{\"@type\":\"BreadcrumbList\",\"@id\":\"https:\/\/www.folkland.lv\/et\/prece\/130-pink-frizija-natural\/#breadcrumb\",\"itemListElement\":[{\"@type\":\"ListItem\",\"position\":1,\"name\":\"Algus\",\"item\":\"https:\/\/www.folkland.lv\/et\/\"},{\"@type\":\"ListItem\",\"position\":2,\"name\":\"Pood\",\"item\":\"https:\/\/www.folkland.lv\/et\/pood\/\"},{\"@type\":\"ListItem\",\"position\":3,\"name\":\"130 Pink \u201cFrizija\u201d NATURAL\"}]},{\"@type\":\"WebSite\",\"@id\":\"https:\/\/www.folkland.lv\/#website\",\"url\":\"https:\/\/www.folkland.lv\/\",\"name\":\"Folkland\",\"description\":\"\",\"potentialAction\":[{\"@type\":\"SearchAction\",\"target\":{\"@type\":\"EntryPoint\",\"urlTemplate\":\"https:\/\/www.folkland.lv\/?s={search_term_string}\"},\"query-input\":\"required name=search_term_string\"}],\"inLanguage\":\"et\"}]}<\/script>\n<!-- \/ Yoast SEO plugin. -->","yoast_head_json":{"title":"130 Pink \u201cFrizija\u201d NATURAL - Folkland","robots":{"index":"index","follow":"follow","max-snippet":"max-snippet:-1","max-image-preview":"max-image-preview:large","max-video-preview":"max-video-preview:-1"},"canonical":"https:\/\/www.folkland.lv\/et\/prece\/130-pink-frizija-natural\/","og_locale":"et_EE","og_type":"article","og_title":"130 Pink \u201cFrizija\u201d NATURAL - Folkland","og_description":"Aia- \/ terrassipink \u201cFrizija\u201d Natural  Puit\u2013 enesestm\u00f5istetav looduse ilu, soojus ning hubasus Teie aiakujunduses.; Klassikalise disainiga statsionaarne pink kodule, terrassile ja aeda; Pink on selja ja k\u00e4etugedega; Vastupidav, mugav, \u00fcmardatud nurkadega mudel; T\u00f6\u00f6tlemine \u2013 garanteerime m\u00f6\u00f6bli pikema kasutusea, kuna k\u00e4esolev pink on l\u00e4binud t\u00e4iendava puidut\u00f6\u00f6tluse.","og_url":"https:\/\/www.folkland.lv\/et\/prece\/130-pink-frizija-natural\/","og_site_name":"Folkland","article_modified_time":"2021-04-14T10:40:55+00:00","og_image":[{"width":1199,"height":800,"url":"https:\/\/www.folkland.lv\/wp-content\/uploads\/2018\/12\/frizija-dabigs-1.jpg","type":"image\/jpeg"}],"twitter_card":"summary_large_image","twitter_misc":{"Est. reading time":"1 minut"},"schema":{"@context":"https:\/\/schema.org","@graph":[{"@type":"WebPage","@id":"https:\/\/www.folkland.lv\/et\/prece\/130-pink-frizija-natural\/","url":"https:\/\/www.folkland.lv\/et\/prece\/130-pink-frizija-natural\/","name":"130 Pink \u201cFrizija\u201d NATURAL - Folkland","isPartOf":{"@id":"https:\/\/www.folkland.lv\/#website"},"primaryImageOfPage":{"@id":"https:\/\/www.folkland.lv\/et\/prece\/130-pink-frizija-natural\/#primaryimage"},"image":{"@id":"https:\/\/www.folkland.lv\/et\/prece\/130-pink-frizija-natural\/#primaryimage"},"thumbnailUrl":"https:\/\/www.folkland.lv\/wp-content\/uploads\/2018\/12\/frizija-dabigs-1.jpg","datePublished":"2021-04-14T10:26:19+00:00","dateModified":"2021-04-14T10:40:55+00:00","breadcrumb":{"@id":"https:\/\/www.folkland.lv\/et\/prece\/130-pink-frizija-natural\/#breadcrumb"},"inLanguage":"et","potentialAction":[{"@type":"ReadAction","target":["https:\/\/www.folkland.lv\/et\/prece\/130-pink-frizija-natural\/"]}]},{"@type":"ImageObject","inLanguage":"et","@id":"https:\/\/www.folkland.lv\/et\/prece\/130-pink-frizija-natural\/#primaryimage","url":"https:\/\/www.folkland.lv\/wp-content\/uploads\/2018\/12\/frizija-dabigs-1.jpg","contentUrl":"https:\/\/www.folkland.lv\/wp-content\/uploads\/2018\/12\/frizija-dabigs-1.jpg","width":1199,"height":800},{"@type":"BreadcrumbList","@id":"https:\/\/www.folkland.lv\/et\/prece\/130-pink-frizija-natural\/#breadcrumb","itemListElement":[{"@type":"ListItem","position":1,"name":"Algus","item":"https:\/\/www.folkland.lv\/et\/"},{"@type":"ListItem","position":2,"name":"Pood","item":"https:\/\/www.folkland.lv\/et\/pood\/"},{"@type":"ListItem","position":3,"name":"130 Pink \u201cFrizija\u201d NATURAL"}]},{"@type":"WebSite","@id":"https:\/\/www.folkland.lv\/#website","url":"https:\/\/www.folkland.lv\/","name":"Folkland","description":"","potentialAction":[{"@type":"SearchAction","target":{"@type":"EntryPoint","urlTemplate":"https:\/\/www.folkland.lv\/?s={search_term_string}"},"query-input":"required name=search_term_string"}],"inLanguage":"et"}]}},"_links":{"self":[{"href":"https:\/\/www.folkland.lv\/et\/wp-json\/wp\/v2\/product\/11233"}],"collection":[{"href":"https:\/\/www.folkland.lv\/et\/wp-json\/wp\/v2\/product"}],"about":[{"href":"https:\/\/www.folkland.lv\/et\/wp-json\/wp\/v2\/types\/product"}],"version-history":[{"count":0,"href":"https:\/\/www.folkland.lv\/et\/wp-json\/wp\/v2\/product\/11233\/revisions"}],"wp:featuredmedia":[{"embeddable":true,"href":"https:\/\/www.folkland.lv\/et\/wp-json\/wp\/v2\/media\/11256"}],"wp:attachment":[{"href":"https:\/\/www.folkland.lv\/et\/wp-json\/wp\/v2\/media?parent=11233"}],"wp:term":[{"taxonomy":"product_cat","embeddable":true,"href":"https:\/\/www.folkland.lv\/et\/wp-json\/wp\/v2\/product_cat?post=11233"},{"taxonomy":"product_tag","embeddable":true,"href":"https:\/\/www.folkland.lv\/et\/wp-json\/wp\/v2\/product_tag?post=11233"}],"curies":[{"name":"wp","href":"https:\/\/api.w.org\/{rel}","templated":true}]}}