{"id":11232,"date":"2019-01-11T13:17:32","date_gmt":"2021-04-14T10:25:00","guid":{"rendered":"https:\/\/www.folkland.lv\/?post_type=product&#038;p=11232"},"modified":"2021-04-14T13:40:53","modified_gmt":"2021-04-14T10:40:53","slug":"129-aiapink-frizija-box-natural","status":"publish","type":"product","link":"https:\/\/www.folkland.lv\/et\/prece\/129-aiapink-frizija-box-natural\/","title":{"rendered":"129 Aiapink \u201cFrizija Box\u201d NATURAL"},"content":{"rendered":"<p><span style=\"color: #ff0000;\"><strong>T\u00e4helepanu<\/strong> <\/span>\u2013 pink on valmistatud naturaalsest m\u00e4nnipuidust. Puit on looduslik materjal ja v\u00e4liste tegurite (p\u00e4ike, vihm, tuul, lumi) otsene m\u00f5ju v\u00f5ib p\u00f5hjustada selle kuju, v\u00e4rvi ja tekstuuri muutumise ning vaigu ja mikrom\u00f5rade tekkimise.<\/p>\n<p><strong>Hooldus<\/strong> &#8211; k\u00e4esolev toode ei ole l\u00e4binud t\u00e4iendavat puidu kaitset. Soovitav on t\u00f6\u00f6delda kaitsev\u00e4rvi kihiga.<\/p>\n<p><strong>Hoiustamine<\/strong> \u2013 Kui te pinki pikka aega ei kasuta, v\u00f5ite selle kaitseks otsese p\u00e4ikesevalguse ja vee eest kattega katta. Talvel on soovitav pinki hoida kuivas kohas. See pikendab teie m\u00f6\u00f6bliese t\u00f6\u00f6iga ja j\u00e4rgmisel hooajal n\u00e4eb see v\u00e4lja nagu uus.<\/p>\n<p><strong>Toote m\u00f5\u00f5dud:<\/strong><br \/>\nPikkus \u2013 125 cm;<br \/>\nLaius \u2013 45 cm;<br \/>\nK\u00f5rgus- 80 cm;<br \/>\nIstme k\u00f5rgus \u2013 44cm;<br \/>\nPanipaiga m\u00f5\u00f5dud: 100 x 28 x38 cm (laius, s\u00fcgavus, k\u00f5rgus);<br \/>\nMaksimaalne koormus\u2013 300kg;<br \/>\nTarnitakse lahtiv\u00f5etud kujul \/ vajab kokkupanekut;<br \/>\nKokkupaneku juhend &#8211; skemaatiline (eriti lihtne kokku panna);<br \/>\nPakend \u2013 Kartongkarp, PVC-kile;<br \/>\nTranspordim\u00f5\u00f5dud \u2013 40 x 126 x 12cm (laius x pikkus x k\u00f5rgus);<br \/>\nTranspordimaht \u2013 0,061m3;<br \/>\nKaal \u2013 18kg;<br \/>\nMaterjal \u2013 t\u00e4ispuit m\u00e4nd \u2013 enesestm\u00f5istetav looduse ilu, soojus ning hubasus Teie aiakujunduses;<\/p>\n<p>V\u00e4rvitoon \u2013 natural;<\/p>\n","protected":false},"excerpt":{"rendered":"<p>Aia- \/ terrassipink \u201cFrizija Box\u201d natural<\/p>\n<p>Kui soovite soetada seda t\u00fc\u00fcpi pingi panipaigaga, kaaluge m\u00f5ned toote eelised:<\/p>\n<p>Frizija pink on loodud t\u00f5eliseks looduse nautimiseks;<br \/>\nPuit\u2013 enesestm\u00f5istetav looduse ilu, soojus ning hubasus Teie aiakujunduses;<br \/>\nPraktiline, pikaealine, moodne ning eriti mugav;<br \/>\nH\u00f5lbus hoiustamine ja transportimine, kokkupanduna ei v\u00f5ta palju ruumi;<br \/>\nSkandinaavia stiil ja kvaliteet;<br \/>\nToode on l\u00e4binud lisat\u00f6\u00f6tluse puidu kaitseks, mis pikendab tunduvalt pingi eluiga ;<\/p>\n","protected":false},"featured_media":11255,"template":"","meta":{"_acf_changed":false},"product_cat":[291],"product_tag":[],"acf":[],"yoast_head":"<!-- This site is optimized with the Yoast SEO plugin v23.0 - https:\/\/yoast.com\/wordpress\/plugins\/seo\/ -->\n<title>129 Aiapink \u201cFrizija Box\u201d NATURAL - Folkland<\/title>\n<meta name=\"robots\" content=\"index, follow, max-snippet:-1, max-image-preview:large, max-video-preview:-1\" \/>\n<link rel=\"canonical\" href=\"https:\/\/www.folkland.lv\/et\/prece\/129-aiapink-frizija-box-natural\/\" \/>\n<meta property=\"og:locale\" content=\"et_EE\" \/>\n<meta property=\"og:type\" content=\"article\" \/>\n<meta property=\"og:title\" content=\"129 Aiapink \u201cFrizija Box\u201d NATURAL - Folkland\" \/>\n<meta property=\"og:description\" content=\"Aia- \/ terrassipink \u201cFrizija Box\u201d natural  Kui soovite soetada seda t\u00fc\u00fcpi pingi panipaigaga, kaaluge m\u00f5ned toote eelised:  Frizija pink on loodud t\u00f5eliseks looduse nautimiseks; Puit\u2013 enesestm\u00f5istetav looduse ilu, soojus ning hubasus Teie aiakujunduses; Praktiline, pikaealine, moodne ning eriti mugav; H\u00f5lbus hoiustamine ja transportimine, kokkupanduna ei v\u00f5ta palju ruumi; Skandinaavia stiil ja kvaliteet; Toode on l\u00e4binud lisat\u00f6\u00f6tluse puidu kaitseks, mis pikendab tunduvalt pingi eluiga ;\" \/>\n<meta property=\"og:url\" content=\"https:\/\/www.folkland.lv\/et\/prece\/129-aiapink-frizija-box-natural\/\" \/>\n<meta property=\"og:site_name\" content=\"Folkland\" \/>\n<meta property=\"article:modified_time\" content=\"2021-04-14T10:40:53+00:00\" \/>\n<meta property=\"og:image\" content=\"https:\/\/www.folkland.lv\/wp-content\/uploads\/2019\/01\/IMG_6348c-47fc0dcbd9e7fa98fc90096f3f6aed9b.jpg\" \/>\n\t<meta property=\"og:image:width\" content=\"1199\" \/>\n\t<meta property=\"og:image:height\" content=\"800\" \/>\n\t<meta property=\"og:image:type\" content=\"image\/jpeg\" \/>\n<meta name=\"twitter:card\" content=\"summary_large_image\" \/>\n<meta name=\"twitter:label1\" content=\"Est. reading time\" \/>\n\t<meta name=\"twitter:data1\" content=\"1 minut\" \/>\n<script type=\"application\/ld+json\" class=\"yoast-schema-graph\">{\"@context\":\"https:\/\/schema.org\",\"@graph\":[{\"@type\":\"WebPage\",\"@id\":\"https:\/\/www.folkland.lv\/et\/prece\/129-aiapink-frizija-box-natural\/\",\"url\":\"https:\/\/www.folkland.lv\/et\/prece\/129-aiapink-frizija-box-natural\/\",\"name\":\"129 Aiapink \u201cFrizija Box\u201d NATURAL - Folkland\",\"isPartOf\":{\"@id\":\"https:\/\/www.folkland.lv\/#website\"},\"primaryImageOfPage\":{\"@id\":\"https:\/\/www.folkland.lv\/et\/prece\/129-aiapink-frizija-box-natural\/#primaryimage\"},\"image\":{\"@id\":\"https:\/\/www.folkland.lv\/et\/prece\/129-aiapink-frizija-box-natural\/#primaryimage\"},\"thumbnailUrl\":\"https:\/\/www.folkland.lv\/wp-content\/uploads\/2019\/01\/IMG_6348c-47fc0dcbd9e7fa98fc90096f3f6aed9b.jpg\",\"datePublished\":\"2021-04-14T10:25:00+00:00\",\"dateModified\":\"2021-04-14T10:40:53+00:00\",\"breadcrumb\":{\"@id\":\"https:\/\/www.folkland.lv\/et\/prece\/129-aiapink-frizija-box-natural\/#breadcrumb\"},\"inLanguage\":\"et\",\"potentialAction\":[{\"@type\":\"ReadAction\",\"target\":[\"https:\/\/www.folkland.lv\/et\/prece\/129-aiapink-frizija-box-natural\/\"]}]},{\"@type\":\"ImageObject\",\"inLanguage\":\"et\",\"@id\":\"https:\/\/www.folkland.lv\/et\/prece\/129-aiapink-frizija-box-natural\/#primaryimage\",\"url\":\"https:\/\/www.folkland.lv\/wp-content\/uploads\/2019\/01\/IMG_6348c-47fc0dcbd9e7fa98fc90096f3f6aed9b.jpg\",\"contentUrl\":\"https:\/\/www.folkland.lv\/wp-content\/uploads\/2019\/01\/IMG_6348c-47fc0dcbd9e7fa98fc90096f3f6aed9b.jpg\",\"width\":1199,\"height\":800},{\"@type\":\"BreadcrumbList\",\"@id\":\"https:\/\/www.folkland.lv\/et\/prece\/129-aiapink-frizija-box-natural\/#breadcrumb\",\"itemListElement\":[{\"@type\":\"ListItem\",\"position\":1,\"name\":\"Algus\",\"item\":\"https:\/\/www.folkland.lv\/et\/\"},{\"@type\":\"ListItem\",\"position\":2,\"name\":\"Pood\",\"item\":\"https:\/\/www.folkland.lv\/et\/pood\/\"},{\"@type\":\"ListItem\",\"position\":3,\"name\":\"129 Aiapink \u201cFrizija Box\u201d NATURAL\"}]},{\"@type\":\"WebSite\",\"@id\":\"https:\/\/www.folkland.lv\/#website\",\"url\":\"https:\/\/www.folkland.lv\/\",\"name\":\"Folkland\",\"description\":\"\",\"potentialAction\":[{\"@type\":\"SearchAction\",\"target\":{\"@type\":\"EntryPoint\",\"urlTemplate\":\"https:\/\/www.folkland.lv\/?s={search_term_string}\"},\"query-input\":\"required name=search_term_string\"}],\"inLanguage\":\"et\"}]}<\/script>\n<!-- \/ Yoast SEO plugin. -->","yoast_head_json":{"title":"129 Aiapink \u201cFrizija Box\u201d NATURAL - Folkland","robots":{"index":"index","follow":"follow","max-snippet":"max-snippet:-1","max-image-preview":"max-image-preview:large","max-video-preview":"max-video-preview:-1"},"canonical":"https:\/\/www.folkland.lv\/et\/prece\/129-aiapink-frizija-box-natural\/","og_locale":"et_EE","og_type":"article","og_title":"129 Aiapink \u201cFrizija Box\u201d NATURAL - Folkland","og_description":"Aia- \/ terrassipink \u201cFrizija Box\u201d natural  Kui soovite soetada seda t\u00fc\u00fcpi pingi panipaigaga, kaaluge m\u00f5ned toote eelised:  Frizija pink on loodud t\u00f5eliseks looduse nautimiseks; Puit\u2013 enesestm\u00f5istetav looduse ilu, soojus ning hubasus Teie aiakujunduses; Praktiline, pikaealine, moodne ning eriti mugav; H\u00f5lbus hoiustamine ja transportimine, kokkupanduna ei v\u00f5ta palju ruumi; Skandinaavia stiil ja kvaliteet; Toode on l\u00e4binud lisat\u00f6\u00f6tluse puidu kaitseks, mis pikendab tunduvalt pingi eluiga ;","og_url":"https:\/\/www.folkland.lv\/et\/prece\/129-aiapink-frizija-box-natural\/","og_site_name":"Folkland","article_modified_time":"2021-04-14T10:40:53+00:00","og_image":[{"width":1199,"height":800,"url":"https:\/\/www.folkland.lv\/wp-content\/uploads\/2019\/01\/IMG_6348c-47fc0dcbd9e7fa98fc90096f3f6aed9b.jpg","type":"image\/jpeg"}],"twitter_card":"summary_large_image","twitter_misc":{"Est. reading time":"1 minut"},"schema":{"@context":"https:\/\/schema.org","@graph":[{"@type":"WebPage","@id":"https:\/\/www.folkland.lv\/et\/prece\/129-aiapink-frizija-box-natural\/","url":"https:\/\/www.folkland.lv\/et\/prece\/129-aiapink-frizija-box-natural\/","name":"129 Aiapink \u201cFrizija Box\u201d NATURAL - Folkland","isPartOf":{"@id":"https:\/\/www.folkland.lv\/#website"},"primaryImageOfPage":{"@id":"https:\/\/www.folkland.lv\/et\/prece\/129-aiapink-frizija-box-natural\/#primaryimage"},"image":{"@id":"https:\/\/www.folkland.lv\/et\/prece\/129-aiapink-frizija-box-natural\/#primaryimage"},"thumbnailUrl":"https:\/\/www.folkland.lv\/wp-content\/uploads\/2019\/01\/IMG_6348c-47fc0dcbd9e7fa98fc90096f3f6aed9b.jpg","datePublished":"2021-04-14T10:25:00+00:00","dateModified":"2021-04-14T10:40:53+00:00","breadcrumb":{"@id":"https:\/\/www.folkland.lv\/et\/prece\/129-aiapink-frizija-box-natural\/#breadcrumb"},"inLanguage":"et","potentialAction":[{"@type":"ReadAction","target":["https:\/\/www.folkland.lv\/et\/prece\/129-aiapink-frizija-box-natural\/"]}]},{"@type":"ImageObject","inLanguage":"et","@id":"https:\/\/www.folkland.lv\/et\/prece\/129-aiapink-frizija-box-natural\/#primaryimage","url":"https:\/\/www.folkland.lv\/wp-content\/uploads\/2019\/01\/IMG_6348c-47fc0dcbd9e7fa98fc90096f3f6aed9b.jpg","contentUrl":"https:\/\/www.folkland.lv\/wp-content\/uploads\/2019\/01\/IMG_6348c-47fc0dcbd9e7fa98fc90096f3f6aed9b.jpg","width":1199,"height":800},{"@type":"BreadcrumbList","@id":"https:\/\/www.folkland.lv\/et\/prece\/129-aiapink-frizija-box-natural\/#breadcrumb","itemListElement":[{"@type":"ListItem","position":1,"name":"Algus","item":"https:\/\/www.folkland.lv\/et\/"},{"@type":"ListItem","position":2,"name":"Pood","item":"https:\/\/www.folkland.lv\/et\/pood\/"},{"@type":"ListItem","position":3,"name":"129 Aiapink \u201cFrizija Box\u201d NATURAL"}]},{"@type":"WebSite","@id":"https:\/\/www.folkland.lv\/#website","url":"https:\/\/www.folkland.lv\/","name":"Folkland","description":"","potentialAction":[{"@type":"SearchAction","target":{"@type":"EntryPoint","urlTemplate":"https:\/\/www.folkland.lv\/?s={search_term_string}"},"query-input":"required name=search_term_string"}],"inLanguage":"et"}]}},"_links":{"self":[{"href":"https:\/\/www.folkland.lv\/et\/wp-json\/wp\/v2\/product\/11232"}],"collection":[{"href":"https:\/\/www.folkland.lv\/et\/wp-json\/wp\/v2\/product"}],"about":[{"href":"https:\/\/www.folkland.lv\/et\/wp-json\/wp\/v2\/types\/product"}],"version-history":[{"count":1,"href":"https:\/\/www.folkland.lv\/et\/wp-json\/wp\/v2\/product\/11232\/revisions"}],"predecessor-version":[{"id":11287,"href":"https:\/\/www.folkland.lv\/et\/wp-json\/wp\/v2\/product\/11232\/revisions\/11287"}],"wp:featuredmedia":[{"embeddable":true,"href":"https:\/\/www.folkland.lv\/et\/wp-json\/wp\/v2\/media\/11255"}],"wp:attachment":[{"href":"https:\/\/www.folkland.lv\/et\/wp-json\/wp\/v2\/media?parent=11232"}],"wp:term":[{"taxonomy":"product_cat","embeddable":true,"href":"https:\/\/www.folkland.lv\/et\/wp-json\/wp\/v2\/product_cat?post=11232"},{"taxonomy":"product_tag","embeddable":true,"href":"https:\/\/www.folkland.lv\/et\/wp-json\/wp\/v2\/product_tag?post=11232"}],"curies":[{"name":"wp","href":"https:\/\/api.w.org\/{rel}","templated":true}]}}