{"id":11158,"date":"2019-03-05T11:32:55","date_gmt":"2021-04-14T10:11:21","guid":{"rendered":"https:\/\/www.folkland.lv\/?post_type=product&#038;p=11158"},"modified":"2021-04-14T13:11:22","modified_gmt":"2021-04-14T10:11:22","slug":"112-tool-garda-valge","status":"publish","type":"product","link":"https:\/\/www.folkland.lv\/et\/prece\/112-tool-garda-valge\/","title":{"rendered":"112 Tool \u201cGarda\u201d VALGE"},"content":{"rendered":"<p><strong><span style=\"color: #ff0000;\">T\u00e4helepanu<\/span> <\/strong>\u2013 tool on valmistatud naturaalsest m\u00e4nnipuidust. Puit on looduslik materjal ja v\u00e4liste tegurite (p\u00e4ike, vihm, tuul, lumi) otsene m\u00f5ju v\u00f5ib p\u00f5hjustada selle kuju, v\u00e4rvi ja tekstuuri muutumise ning vaigu ja mikrom\u00f5rade tekkimise.\u00a0Puidust lauda ja toole tuleb hoida halva ilma eest vaatamata sellele, et m\u00f6\u00f6bel on t\u00f6\u00f6deldud mitme kihi kaitsevahendiga ja talub kerget vihma. Kui see pikaks ajaks L\u00e4ti ilma meelevalda j\u00e4tta, v\u00f5ib v\u00e4rv maha tulla ja seet\u00f5ttu tuleb puitm\u00f6\u00f6blit v\u00e4liste tegurite otsese m\u00f5ju eest kaitsta, kattes selle presendiga v\u00f5i t\u00f5stes varju alla.<br \/>\n<strong>Hooldus<\/strong> \u2013 tootel on t\u00e4iendav puidukaitse ja erihooldust see ei vaja. Kasutamise k\u00e4igus tekkiva mustuse ja tolmu v\u00f5ib \u00e4ra p\u00fchkida niiske pehme lapiga.\u00a0Kaitsvat laki- ja v\u00e4rvikihti on soovitav aastas korra aiahooaja l\u00f5ppedes uuendada.<br \/>\n<strong>Hoiustamine<\/strong>\u00a0\u2013 Ja tooli pikka aega ei kasuta, v\u00f5ite selle kaitseks otsese p\u00e4ikesevalguse ja vee eest kattega katta. Talvel on soovitav m\u00f6\u00f6blit hoida kuivas kohas. See pikendab teie m\u00f6\u00f6bliese t\u00f6\u00f6iga ja j\u00e4rgmisel hooajal n\u00e4eb see v\u00e4lja nagu uus.<\/p>\n<p><strong>Tooli m\u00f5\u00f5dud:<\/strong><br \/>\nLaius \u2013 54 cm;<br \/>\nK\u00e4etugede vaheline laius\u2013 49 cm;<br \/>\nS\u00fcgavus \u2013 42 cm;<br \/>\nK\u00f5rgus \u2013 90 cm;<br \/>\nK\u00f5rgus istmeni \u2013 41 cm;<br \/>\nKaal \u2013 13kg;<br \/>\nTranspordim\u00f5\u00f5dud \u2013 105cm x 31cm x H20cm (laius x pikkus x k\u00f5rgus);<br \/>\nTranspordimaht \u2013 0,065m3;<br \/>\nTarnitakse kokkupandud kujul (Pakend PVC-kile, kartongkarp);<br \/>\nEAN kood \u2013 4751030920559;<br \/>\nMaterjal \u2013 t\u00e4ispuit m\u00e4nd;<br \/>\nPuidu t\u00f6\u00f6tlemine \u2013\u00a0Vivacolor Villa Akva\u00a0(modifitseeritud, veep\u00f5hine mattv\u00e4rv puitpindadele v\u00e4listingimustes. V\u00e4rv moodustab mustust ja vett h\u00fclgava pinna. Villa Akva tagab suurep\u00e4rase v\u00e4rvi ja l\u00e4ike p\u00fcsivuse, puit j\u00e4tab siidise mattpinna mulje);<br \/>\nV\u00e4rvitoon \u2013 valge;<\/p>\n","protected":false},"excerpt":{"rendered":"<p>Tool k\u00e4etugede ja kaarja seljatoega<br \/>\nKorralik ja kvaliteetne aiam\u00f6\u00f6bel on investeering teie mugavusse ja esteetilisse keskkonda pikkadeks aastaks ja seep\u00e4rast tuleb m\u00f6\u00f6bli valimisse suhtuda kaalutletult<br \/>\nValge v\u00e4rv on puhas, elegantne ja rafineeritud ning harmoneerub praktiliselt k\u00f5igi v\u00e4rvitoonidega. Kui selle komplekti hoovi paigutate, paistab see seal silma ja on heaks aktsendiks maja v\u00e4lisilmele;<br \/>\nTool inimestele, kellele meeldivad j\u00e4rele proovitud asjad ja v\u00e4\u00e4rtused;<br \/>\nPikaealine, n\u00e4gus ning eriti mugav;<br \/>\nKergesti kohandatav v\u00e4iksemate ja suuremate pidustuste tarvis;<br \/>\nPuit\u2013 enesestm\u00f5istetav looduse ilu, soojus ning hubasus Teie aiakujunduses.;<br \/>\nSkandinaavia stiil ja kvaliteet;<\/p>\n","protected":false},"featured_media":28037,"template":"","meta":{"_acf_changed":false},"product_cat":[288,292,306],"product_tag":[],"acf":[],"yoast_head":"<!-- This site is optimized with the Yoast SEO plugin v23.0 - https:\/\/yoast.com\/wordpress\/plugins\/seo\/ -->\n<title>112 Tool \u201cGarda\u201d VALGE - Folkland<\/title>\n<meta name=\"robots\" content=\"index, follow, max-snippet:-1, max-image-preview:large, max-video-preview:-1\" \/>\n<link rel=\"canonical\" href=\"https:\/\/www.folkland.lv\/et\/prece\/112-tool-garda-valge\/\" \/>\n<meta property=\"og:locale\" content=\"et_EE\" \/>\n<meta property=\"og:type\" content=\"article\" \/>\n<meta property=\"og:title\" content=\"112 Tool \u201cGarda\u201d VALGE - Folkland\" \/>\n<meta property=\"og:description\" content=\"Tool k\u00e4etugede ja kaarja seljatoega Korralik ja kvaliteetne aiam\u00f6\u00f6bel on investeering teie mugavusse ja esteetilisse keskkonda pikkadeks aastaks ja seep\u00e4rast tuleb m\u00f6\u00f6bli valimisse suhtuda kaalutletult Valge v\u00e4rv on puhas, elegantne ja rafineeritud ning harmoneerub praktiliselt k\u00f5igi v\u00e4rvitoonidega. Kui selle komplekti hoovi paigutate, paistab see seal silma ja on heaks aktsendiks maja v\u00e4lisilmele; Tool inimestele, kellele meeldivad j\u00e4rele proovitud asjad ja v\u00e4\u00e4rtused; Pikaealine, n\u00e4gus ning eriti mugav; Kergesti kohandatav v\u00e4iksemate ja suuremate pidustuste tarvis; Puit\u2013 enesestm\u00f5istetav looduse ilu, soojus ning hubasus Teie aiakujunduses.; Skandinaavia stiil ja kvaliteet;\" \/>\n<meta property=\"og:url\" content=\"https:\/\/www.folkland.lv\/et\/prece\/112-tool-garda-valge\/\" \/>\n<meta property=\"og:site_name\" content=\"Folkland\" \/>\n<meta property=\"article:modified_time\" content=\"2021-04-14T10:11:22+00:00\" \/>\n<meta property=\"og:image\" content=\"https:\/\/www.folkland.lv\/wp-content\/uploads\/2018\/12\/IMG_7137cc-600x400_result.jpg\" \/>\n\t<meta property=\"og:image:width\" content=\"900\" \/>\n\t<meta property=\"og:image:height\" content=\"900\" \/>\n\t<meta property=\"og:image:type\" content=\"image\/jpeg\" \/>\n<meta name=\"twitter:card\" content=\"summary_large_image\" \/>\n<meta name=\"twitter:label1\" content=\"Est. reading time\" \/>\n\t<meta name=\"twitter:data1\" content=\"2 minutit\" \/>\n<script type=\"application\/ld+json\" class=\"yoast-schema-graph\">{\"@context\":\"https:\/\/schema.org\",\"@graph\":[{\"@type\":\"WebPage\",\"@id\":\"https:\/\/www.folkland.lv\/et\/prece\/112-tool-garda-valge\/\",\"url\":\"https:\/\/www.folkland.lv\/et\/prece\/112-tool-garda-valge\/\",\"name\":\"112 Tool \u201cGarda\u201d VALGE - Folkland\",\"isPartOf\":{\"@id\":\"https:\/\/www.folkland.lv\/#website\"},\"primaryImageOfPage\":{\"@id\":\"https:\/\/www.folkland.lv\/et\/prece\/112-tool-garda-valge\/#primaryimage\"},\"image\":{\"@id\":\"https:\/\/www.folkland.lv\/et\/prece\/112-tool-garda-valge\/#primaryimage\"},\"thumbnailUrl\":\"https:\/\/www.folkland.lv\/wp-content\/uploads\/2018\/12\/IMG_7137cc-600x400_result.jpg\",\"datePublished\":\"2021-04-14T10:11:21+00:00\",\"dateModified\":\"2021-04-14T10:11:22+00:00\",\"breadcrumb\":{\"@id\":\"https:\/\/www.folkland.lv\/et\/prece\/112-tool-garda-valge\/#breadcrumb\"},\"inLanguage\":\"et\",\"potentialAction\":[{\"@type\":\"ReadAction\",\"target\":[\"https:\/\/www.folkland.lv\/et\/prece\/112-tool-garda-valge\/\"]}]},{\"@type\":\"ImageObject\",\"inLanguage\":\"et\",\"@id\":\"https:\/\/www.folkland.lv\/et\/prece\/112-tool-garda-valge\/#primaryimage\",\"url\":\"https:\/\/www.folkland.lv\/wp-content\/uploads\/2018\/12\/IMG_7137cc-600x400_result.jpg\",\"contentUrl\":\"https:\/\/www.folkland.lv\/wp-content\/uploads\/2018\/12\/IMG_7137cc-600x400_result.jpg\",\"width\":900,\"height\":900},{\"@type\":\"BreadcrumbList\",\"@id\":\"https:\/\/www.folkland.lv\/et\/prece\/112-tool-garda-valge\/#breadcrumb\",\"itemListElement\":[{\"@type\":\"ListItem\",\"position\":1,\"name\":\"Algus\",\"item\":\"https:\/\/www.folkland.lv\/et\/\"},{\"@type\":\"ListItem\",\"position\":2,\"name\":\"Pood\",\"item\":\"https:\/\/www.folkland.lv\/et\/pood\/\"},{\"@type\":\"ListItem\",\"position\":3,\"name\":\"112 Tool \u201cGarda\u201d VALGE\"}]},{\"@type\":\"WebSite\",\"@id\":\"https:\/\/www.folkland.lv\/#website\",\"url\":\"https:\/\/www.folkland.lv\/\",\"name\":\"Folkland\",\"description\":\"\",\"potentialAction\":[{\"@type\":\"SearchAction\",\"target\":{\"@type\":\"EntryPoint\",\"urlTemplate\":\"https:\/\/www.folkland.lv\/?s={search_term_string}\"},\"query-input\":\"required name=search_term_string\"}],\"inLanguage\":\"et\"}]}<\/script>\n<!-- \/ Yoast SEO plugin. -->","yoast_head_json":{"title":"112 Tool \u201cGarda\u201d VALGE - Folkland","robots":{"index":"index","follow":"follow","max-snippet":"max-snippet:-1","max-image-preview":"max-image-preview:large","max-video-preview":"max-video-preview:-1"},"canonical":"https:\/\/www.folkland.lv\/et\/prece\/112-tool-garda-valge\/","og_locale":"et_EE","og_type":"article","og_title":"112 Tool \u201cGarda\u201d VALGE - Folkland","og_description":"Tool k\u00e4etugede ja kaarja seljatoega Korralik ja kvaliteetne aiam\u00f6\u00f6bel on investeering teie mugavusse ja esteetilisse keskkonda pikkadeks aastaks ja seep\u00e4rast tuleb m\u00f6\u00f6bli valimisse suhtuda kaalutletult Valge v\u00e4rv on puhas, elegantne ja rafineeritud ning harmoneerub praktiliselt k\u00f5igi v\u00e4rvitoonidega. Kui selle komplekti hoovi paigutate, paistab see seal silma ja on heaks aktsendiks maja v\u00e4lisilmele; Tool inimestele, kellele meeldivad j\u00e4rele proovitud asjad ja v\u00e4\u00e4rtused; Pikaealine, n\u00e4gus ning eriti mugav; Kergesti kohandatav v\u00e4iksemate ja suuremate pidustuste tarvis; Puit\u2013 enesestm\u00f5istetav looduse ilu, soojus ning hubasus Teie aiakujunduses.; Skandinaavia stiil ja kvaliteet;","og_url":"https:\/\/www.folkland.lv\/et\/prece\/112-tool-garda-valge\/","og_site_name":"Folkland","article_modified_time":"2021-04-14T10:11:22+00:00","og_image":[{"width":900,"height":900,"url":"https:\/\/www.folkland.lv\/wp-content\/uploads\/2018\/12\/IMG_7137cc-600x400_result.jpg","type":"image\/jpeg"}],"twitter_card":"summary_large_image","twitter_misc":{"Est. reading time":"2 minutit"},"schema":{"@context":"https:\/\/schema.org","@graph":[{"@type":"WebPage","@id":"https:\/\/www.folkland.lv\/et\/prece\/112-tool-garda-valge\/","url":"https:\/\/www.folkland.lv\/et\/prece\/112-tool-garda-valge\/","name":"112 Tool \u201cGarda\u201d VALGE - Folkland","isPartOf":{"@id":"https:\/\/www.folkland.lv\/#website"},"primaryImageOfPage":{"@id":"https:\/\/www.folkland.lv\/et\/prece\/112-tool-garda-valge\/#primaryimage"},"image":{"@id":"https:\/\/www.folkland.lv\/et\/prece\/112-tool-garda-valge\/#primaryimage"},"thumbnailUrl":"https:\/\/www.folkland.lv\/wp-content\/uploads\/2018\/12\/IMG_7137cc-600x400_result.jpg","datePublished":"2021-04-14T10:11:21+00:00","dateModified":"2021-04-14T10:11:22+00:00","breadcrumb":{"@id":"https:\/\/www.folkland.lv\/et\/prece\/112-tool-garda-valge\/#breadcrumb"},"inLanguage":"et","potentialAction":[{"@type":"ReadAction","target":["https:\/\/www.folkland.lv\/et\/prece\/112-tool-garda-valge\/"]}]},{"@type":"ImageObject","inLanguage":"et","@id":"https:\/\/www.folkland.lv\/et\/prece\/112-tool-garda-valge\/#primaryimage","url":"https:\/\/www.folkland.lv\/wp-content\/uploads\/2018\/12\/IMG_7137cc-600x400_result.jpg","contentUrl":"https:\/\/www.folkland.lv\/wp-content\/uploads\/2018\/12\/IMG_7137cc-600x400_result.jpg","width":900,"height":900},{"@type":"BreadcrumbList","@id":"https:\/\/www.folkland.lv\/et\/prece\/112-tool-garda-valge\/#breadcrumb","itemListElement":[{"@type":"ListItem","position":1,"name":"Algus","item":"https:\/\/www.folkland.lv\/et\/"},{"@type":"ListItem","position":2,"name":"Pood","item":"https:\/\/www.folkland.lv\/et\/pood\/"},{"@type":"ListItem","position":3,"name":"112 Tool \u201cGarda\u201d VALGE"}]},{"@type":"WebSite","@id":"https:\/\/www.folkland.lv\/#website","url":"https:\/\/www.folkland.lv\/","name":"Folkland","description":"","potentialAction":[{"@type":"SearchAction","target":{"@type":"EntryPoint","urlTemplate":"https:\/\/www.folkland.lv\/?s={search_term_string}"},"query-input":"required name=search_term_string"}],"inLanguage":"et"}]}},"_links":{"self":[{"href":"https:\/\/www.folkland.lv\/et\/wp-json\/wp\/v2\/product\/11158"}],"collection":[{"href":"https:\/\/www.folkland.lv\/et\/wp-json\/wp\/v2\/product"}],"about":[{"href":"https:\/\/www.folkland.lv\/et\/wp-json\/wp\/v2\/types\/product"}],"version-history":[{"count":0,"href":"https:\/\/www.folkland.lv\/et\/wp-json\/wp\/v2\/product\/11158\/revisions"}],"wp:featuredmedia":[{"embeddable":true,"href":"https:\/\/www.folkland.lv\/et\/wp-json\/wp\/v2\/media\/28037"}],"wp:attachment":[{"href":"https:\/\/www.folkland.lv\/et\/wp-json\/wp\/v2\/media?parent=11158"}],"wp:term":[{"taxonomy":"product_cat","embeddable":true,"href":"https:\/\/www.folkland.lv\/et\/wp-json\/wp\/v2\/product_cat?post=11158"},{"taxonomy":"product_tag","embeddable":true,"href":"https:\/\/www.folkland.lv\/et\/wp-json\/wp\/v2\/product_tag?post=11158"}],"curies":[{"name":"wp","href":"https:\/\/api.w.org\/{rel}","templated":true}]}}