{"id":11135,"date":"2019-01-11T12:42:57","date_gmt":"2021-04-14T08:28:31","guid":{"rendered":"https:\/\/www.folkland.lv\/?post_type=product&#038;p=11135"},"modified":"2023-07-06T11:26:17","modified_gmt":"2023-07-06T08:26:17","slug":"003-kahekordne-puidust-voodi-160cm-x-180cm-valge","status":"publish","type":"product","link":"https:\/\/www.folkland.lv\/et\/prece\/003-kahekordne-puidust-voodi-160cm-x-180cm-valge\/","title":{"rendered":"Kahekordne puidust voodi valge"},"content":{"rendered":"<p><strong>Spetsifikatsioon:<\/strong><\/p>\n<ul style=\"list-style-type: disc;\">\n<li>Laius &#8211; 140 cm kuni 200 cm<\/li>\n<li>Pikkus &#8211; 200 cm<\/li>\n<li>K\u00f5rgus &#8211; 21 cm (madratsini)<\/li>\n<li>Seljatoe k\u00f5rgus &#8211; 82cm;<\/li>\n<li>Materjal &#8211; m\u00e4nni massiiv;<\/li>\n<li>T\u00f6\u00f6tlemine &#8211; Viva color aqua;<\/li>\n<li>Madratsi tugiliistud on komplektis;<\/li>\n<li>Kaasas riistvara ja montaa\u017eijuhised;<\/li>\n<li>See toode vajab kokkupanekut;<\/li>\n<li>Tarnitakse lahtiv\u00f5etuna (pakend, pappkarp, PVC kile)<\/li>\n<li>Tootmine ja tarne 1-2 n\u00e4dalat;<\/li>\n<li>Hind ei sisalda &#8211; Madrats, pesukast, voodipesu, samuti muud tarvikud.<\/li>\n<\/ul>\n","protected":false},"excerpt":{"rendered":"<p><strong>Puidust t\u00e4ispuidust voodi 140cm &#8211; 200cm x 200cm<\/strong><\/p>\n<ul style=\"list-style-type: circle;\">\n<li>L\u00e4tis valmistatud t\u00e4ispuidust peenar, L\u00e4ti m\u00e4nnist;<\/li>\n<li>Konstruktiivselt lihtne ja stabiilne kaheinimesevoodi;<\/li>\n<li>Komplekti kuulub: voodi, madratsi tugiliistud, 5. jalg;<\/li>\n<li>Voodi disain on v\u00e4ga kerge ja lihtne, seet\u00f5ttu sobib see h\u00e4sti nii klassikalises interj\u00f6\u00f6ris kui ka maa- ja puhkemajades, telkimisplatsidel.<\/li>\n<\/ul>\n","protected":false},"featured_media":35562,"template":"","meta":{"_acf_changed":false},"product_cat":[537,294,299,295],"product_tag":[],"acf":[],"yoast_head":"<!-- This site is optimized with the Yoast SEO plugin v23.0 - https:\/\/yoast.com\/wordpress\/plugins\/seo\/ -->\n<title>Kahekordne puidust voodi valge - Folkland<\/title>\n<meta name=\"description\" content=\"L\u00e4tis valmistatud m\u00e4nnipuidust voodi.Disain on v\u00e4ga kerge ja lihtne, seega sobib h\u00e4sti klassikalist interj\u00f6\u00f6ri.\" \/>\n<meta name=\"robots\" content=\"index, follow, max-snippet:-1, max-image-preview:large, max-video-preview:-1\" \/>\n<link rel=\"canonical\" href=\"https:\/\/www.folkland.lv\/et\/prece\/003-kahekordne-puidust-voodi-160cm-x-180cm-valge\/\" \/>\n<meta property=\"og:locale\" content=\"et_EE\" \/>\n<meta property=\"og:type\" content=\"article\" \/>\n<meta property=\"og:title\" content=\"Kahekordne puidust voodi valge - Folkland\" \/>\n<meta property=\"og:description\" content=\"L\u00e4tis valmistatud m\u00e4nnipuidust voodi.Disain on v\u00e4ga kerge ja lihtne, seega sobib h\u00e4sti klassikalist interj\u00f6\u00f6ri.\" \/>\n<meta property=\"og:url\" content=\"https:\/\/www.folkland.lv\/et\/prece\/003-kahekordne-puidust-voodi-160cm-x-180cm-valge\/\" \/>\n<meta property=\"og:site_name\" content=\"Folkland\" \/>\n<meta property=\"article:modified_time\" content=\"2023-07-06T08:26:17+00:00\" \/>\n<meta property=\"og:image\" content=\"https:\/\/www.folkland.lv\/wp-content\/uploads\/2019\/01\/s-l1600.jpg\" \/>\n\t<meta property=\"og:image:width\" content=\"1500\" \/>\n\t<meta property=\"og:image:height\" content=\"1500\" \/>\n\t<meta property=\"og:image:type\" content=\"image\/jpeg\" \/>\n<meta name=\"twitter:card\" content=\"summary_large_image\" \/>\n<script type=\"application\/ld+json\" class=\"yoast-schema-graph\">{\"@context\":\"https:\/\/schema.org\",\"@graph\":[{\"@type\":\"WebPage\",\"@id\":\"https:\/\/www.folkland.lv\/et\/prece\/003-kahekordne-puidust-voodi-160cm-x-180cm-valge\/\",\"url\":\"https:\/\/www.folkland.lv\/et\/prece\/003-kahekordne-puidust-voodi-160cm-x-180cm-valge\/\",\"name\":\"Kahekordne puidust voodi valge - Folkland\",\"isPartOf\":{\"@id\":\"https:\/\/www.folkland.lv\/#website\"},\"primaryImageOfPage\":{\"@id\":\"https:\/\/www.folkland.lv\/et\/prece\/003-kahekordne-puidust-voodi-160cm-x-180cm-valge\/#primaryimage\"},\"image\":{\"@id\":\"https:\/\/www.folkland.lv\/et\/prece\/003-kahekordne-puidust-voodi-160cm-x-180cm-valge\/#primaryimage\"},\"thumbnailUrl\":\"https:\/\/www.folkland.lv\/wp-content\/uploads\/2019\/01\/s-l1600.jpg\",\"datePublished\":\"2021-04-14T08:28:31+00:00\",\"dateModified\":\"2023-07-06T08:26:17+00:00\",\"description\":\"L\u00e4tis valmistatud m\u00e4nnipuidust voodi.Disain on v\u00e4ga kerge ja lihtne, seega sobib h\u00e4sti klassikalist interj\u00f6\u00f6ri.\",\"breadcrumb\":{\"@id\":\"https:\/\/www.folkland.lv\/et\/prece\/003-kahekordne-puidust-voodi-160cm-x-180cm-valge\/#breadcrumb\"},\"inLanguage\":\"et\",\"potentialAction\":[{\"@type\":\"ReadAction\",\"target\":[\"https:\/\/www.folkland.lv\/et\/prece\/003-kahekordne-puidust-voodi-160cm-x-180cm-valge\/\"]}]},{\"@type\":\"ImageObject\",\"inLanguage\":\"et\",\"@id\":\"https:\/\/www.folkland.lv\/et\/prece\/003-kahekordne-puidust-voodi-160cm-x-180cm-valge\/#primaryimage\",\"url\":\"https:\/\/www.folkland.lv\/wp-content\/uploads\/2019\/01\/s-l1600.jpg\",\"contentUrl\":\"https:\/\/www.folkland.lv\/wp-content\/uploads\/2019\/01\/s-l1600.jpg\",\"width\":1500,\"height\":1500,\"caption\":\"Kahekohaline puidust voodi\"},{\"@type\":\"BreadcrumbList\",\"@id\":\"https:\/\/www.folkland.lv\/et\/prece\/003-kahekordne-puidust-voodi-160cm-x-180cm-valge\/#breadcrumb\",\"itemListElement\":[{\"@type\":\"ListItem\",\"position\":1,\"name\":\"Algus\",\"item\":\"https:\/\/www.folkland.lv\/et\/\"},{\"@type\":\"ListItem\",\"position\":2,\"name\":\"Pood\",\"item\":\"https:\/\/www.folkland.lv\/et\/pood\/\"},{\"@type\":\"ListItem\",\"position\":3,\"name\":\"Kahekordne puidust voodi valge\"}]},{\"@type\":\"WebSite\",\"@id\":\"https:\/\/www.folkland.lv\/#website\",\"url\":\"https:\/\/www.folkland.lv\/\",\"name\":\"Folkland\",\"description\":\"\",\"potentialAction\":[{\"@type\":\"SearchAction\",\"target\":{\"@type\":\"EntryPoint\",\"urlTemplate\":\"https:\/\/www.folkland.lv\/?s={search_term_string}\"},\"query-input\":\"required name=search_term_string\"}],\"inLanguage\":\"et\"}]}<\/script>\n<!-- \/ Yoast SEO plugin. -->","yoast_head_json":{"title":"Kahekordne puidust voodi valge - Folkland","description":"L\u00e4tis valmistatud m\u00e4nnipuidust voodi.Disain on v\u00e4ga kerge ja lihtne, seega sobib h\u00e4sti klassikalist interj\u00f6\u00f6ri.","robots":{"index":"index","follow":"follow","max-snippet":"max-snippet:-1","max-image-preview":"max-image-preview:large","max-video-preview":"max-video-preview:-1"},"canonical":"https:\/\/www.folkland.lv\/et\/prece\/003-kahekordne-puidust-voodi-160cm-x-180cm-valge\/","og_locale":"et_EE","og_type":"article","og_title":"Kahekordne puidust voodi valge - Folkland","og_description":"L\u00e4tis valmistatud m\u00e4nnipuidust voodi.Disain on v\u00e4ga kerge ja lihtne, seega sobib h\u00e4sti klassikalist interj\u00f6\u00f6ri.","og_url":"https:\/\/www.folkland.lv\/et\/prece\/003-kahekordne-puidust-voodi-160cm-x-180cm-valge\/","og_site_name":"Folkland","article_modified_time":"2023-07-06T08:26:17+00:00","og_image":[{"width":1500,"height":1500,"url":"https:\/\/www.folkland.lv\/wp-content\/uploads\/2019\/01\/s-l1600.jpg","type":"image\/jpeg"}],"twitter_card":"summary_large_image","schema":{"@context":"https:\/\/schema.org","@graph":[{"@type":"WebPage","@id":"https:\/\/www.folkland.lv\/et\/prece\/003-kahekordne-puidust-voodi-160cm-x-180cm-valge\/","url":"https:\/\/www.folkland.lv\/et\/prece\/003-kahekordne-puidust-voodi-160cm-x-180cm-valge\/","name":"Kahekordne puidust voodi valge - Folkland","isPartOf":{"@id":"https:\/\/www.folkland.lv\/#website"},"primaryImageOfPage":{"@id":"https:\/\/www.folkland.lv\/et\/prece\/003-kahekordne-puidust-voodi-160cm-x-180cm-valge\/#primaryimage"},"image":{"@id":"https:\/\/www.folkland.lv\/et\/prece\/003-kahekordne-puidust-voodi-160cm-x-180cm-valge\/#primaryimage"},"thumbnailUrl":"https:\/\/www.folkland.lv\/wp-content\/uploads\/2019\/01\/s-l1600.jpg","datePublished":"2021-04-14T08:28:31+00:00","dateModified":"2023-07-06T08:26:17+00:00","description":"L\u00e4tis valmistatud m\u00e4nnipuidust voodi.Disain on v\u00e4ga kerge ja lihtne, seega sobib h\u00e4sti klassikalist interj\u00f6\u00f6ri.","breadcrumb":{"@id":"https:\/\/www.folkland.lv\/et\/prece\/003-kahekordne-puidust-voodi-160cm-x-180cm-valge\/#breadcrumb"},"inLanguage":"et","potentialAction":[{"@type":"ReadAction","target":["https:\/\/www.folkland.lv\/et\/prece\/003-kahekordne-puidust-voodi-160cm-x-180cm-valge\/"]}]},{"@type":"ImageObject","inLanguage":"et","@id":"https:\/\/www.folkland.lv\/et\/prece\/003-kahekordne-puidust-voodi-160cm-x-180cm-valge\/#primaryimage","url":"https:\/\/www.folkland.lv\/wp-content\/uploads\/2019\/01\/s-l1600.jpg","contentUrl":"https:\/\/www.folkland.lv\/wp-content\/uploads\/2019\/01\/s-l1600.jpg","width":1500,"height":1500,"caption":"Kahekohaline puidust voodi"},{"@type":"BreadcrumbList","@id":"https:\/\/www.folkland.lv\/et\/prece\/003-kahekordne-puidust-voodi-160cm-x-180cm-valge\/#breadcrumb","itemListElement":[{"@type":"ListItem","position":1,"name":"Algus","item":"https:\/\/www.folkland.lv\/et\/"},{"@type":"ListItem","position":2,"name":"Pood","item":"https:\/\/www.folkland.lv\/et\/pood\/"},{"@type":"ListItem","position":3,"name":"Kahekordne puidust voodi valge"}]},{"@type":"WebSite","@id":"https:\/\/www.folkland.lv\/#website","url":"https:\/\/www.folkland.lv\/","name":"Folkland","description":"","potentialAction":[{"@type":"SearchAction","target":{"@type":"EntryPoint","urlTemplate":"https:\/\/www.folkland.lv\/?s={search_term_string}"},"query-input":"required name=search_term_string"}],"inLanguage":"et"}]}},"_links":{"self":[{"href":"https:\/\/www.folkland.lv\/et\/wp-json\/wp\/v2\/product\/11135"}],"collection":[{"href":"https:\/\/www.folkland.lv\/et\/wp-json\/wp\/v2\/product"}],"about":[{"href":"https:\/\/www.folkland.lv\/et\/wp-json\/wp\/v2\/types\/product"}],"version-history":[{"count":2,"href":"https:\/\/www.folkland.lv\/et\/wp-json\/wp\/v2\/product\/11135\/revisions"}],"predecessor-version":[{"id":35755,"href":"https:\/\/www.folkland.lv\/et\/wp-json\/wp\/v2\/product\/11135\/revisions\/35755"}],"wp:featuredmedia":[{"embeddable":true,"href":"https:\/\/www.folkland.lv\/et\/wp-json\/wp\/v2\/media\/35562"}],"wp:attachment":[{"href":"https:\/\/www.folkland.lv\/et\/wp-json\/wp\/v2\/media?parent=11135"}],"wp:term":[{"taxonomy":"product_cat","embeddable":true,"href":"https:\/\/www.folkland.lv\/et\/wp-json\/wp\/v2\/product_cat?post=11135"},{"taxonomy":"product_tag","embeddable":true,"href":"https:\/\/www.folkland.lv\/et\/wp-json\/wp\/v2\/product_tag?post=11135"}],"curies":[{"name":"wp","href":"https:\/\/api.w.org\/{rel}","templated":true}]}}