{"id":10737,"date":"2020-10-02T08:42:08","date_gmt":"2021-03-07T18:13:35","guid":{"rendered":"https:\/\/www.folkland.lv\/?post_type=product&#038;p=10737"},"modified":"2021-04-14T11:16:19","modified_gmt":"2021-04-14T08:16:19","slug":"100-laste-tekk-100x170cm-flks01","status":"publish","type":"product","link":"https:\/\/www.folkland.lv\/et\/prece\/100-laste-tekk-100x170cm-flks01\/","title":{"rendered":"100 Laste tekk 100x170cm FLKS01"},"content":{"rendered":"<p>Spetsifikatsioon:<br \/>\nLaste tekk puuvilla kangast h\u00fcppoallergilise t\u00e4idisega, mille kvaliteeti kinnitab OEKO-TEX\u00ae 100\u00a0 standard sertifikaat I tooteklassile;<br \/>\nS\u00e4ilitab h\u00e4sti soojust, ei soodusta p\u00f5lemist;<br \/>\nKohev, kergesti kokkusurutav struktuur v\u00f5imaldab tootel ideaalselt s\u00e4ilitada oma kuju, s\u00e4ilitades samas sisemise mikrokliima;<br \/>\nEi p\u00f5hjusta allergiat, sobib ideaalselt lastele;<br \/>\nEi kogu niiskust, laseb \u00f5hku l\u00e4bi, kaitstud tolmulestade, bakterite ja seente eest.<br \/>\nTekk h\u00fcppoallergilise t\u00e4idisega (puuvillane kangas, t\u00e4itematerjal 100%PES) \u2013 100cm x 170cm;<\/p>\n","protected":false},"excerpt":{"rendered":"<p>FLS01\u00a0tekk laste \u201cVoodi-majakesele\u201d.<br \/>\nPuuvillane kangas;<br \/>\nT\u00e4itematerjal \u2013 100% PES \u2013 kohev mittekootud kiud ja s\u00fcnteetiline vill, mis koosneb \u00f5\u00f5nsatest vedrukujuliselt keerdus pol\u00fcesterkiududest, tagades sellega voodipesu elastsuse, pehmuse ja pikaealisuse.<br \/>\nSobib ideaalselt Teie lapse tundlikule nahale;<br \/>\nVastab Oeko-Tex kvaliteedi standardile;<\/p>\n","protected":false},"featured_media":10747,"template":"","meta":{"_acf_changed":false},"product_cat":[283],"product_tag":[],"acf":[],"yoast_head":"<!-- This site is optimized with the Yoast SEO plugin v23.0 - https:\/\/yoast.com\/wordpress\/plugins\/seo\/ -->\n<title>100 Laste tekk 100x170cm FLKS01 - Folkland<\/title>\n<meta name=\"robots\" content=\"index, follow, max-snippet:-1, max-image-preview:large, max-video-preview:-1\" \/>\n<link rel=\"canonical\" href=\"https:\/\/www.folkland.lv\/et\/prece\/100-laste-tekk-100x170cm-flks01\/\" \/>\n<meta property=\"og:locale\" content=\"et_EE\" \/>\n<meta property=\"og:type\" content=\"article\" \/>\n<meta property=\"og:title\" content=\"100 Laste tekk 100x170cm FLKS01 - Folkland\" \/>\n<meta property=\"og:description\" content=\"FLS01\u00a0tekk laste \u201cVoodi-majakesele\u201d. Puuvillane kangas; T\u00e4itematerjal \u2013 100% PES \u2013 kohev mittekootud kiud ja s\u00fcnteetiline vill, mis koosneb \u00f5\u00f5nsatest vedrukujuliselt keerdus pol\u00fcesterkiududest, tagades sellega voodipesu elastsuse, pehmuse ja pikaealisuse. Sobib ideaalselt Teie lapse tundlikule nahale; Vastab Oeko-Tex kvaliteedi standardile;\" \/>\n<meta property=\"og:url\" content=\"https:\/\/www.folkland.lv\/et\/prece\/100-laste-tekk-100x170cm-flks01\/\" \/>\n<meta property=\"og:site_name\" content=\"Folkland\" \/>\n<meta property=\"article:modified_time\" content=\"2021-04-14T08:16:19+00:00\" \/>\n<meta property=\"og:image\" content=\"https:\/\/www.folkland.lv\/wp-content\/uploads\/2020\/10\/v9.jpg\" \/>\n\t<meta property=\"og:image:width\" content=\"1100\" \/>\n\t<meta property=\"og:image:height\" content=\"1100\" \/>\n\t<meta property=\"og:image:type\" content=\"image\/jpeg\" \/>\n<meta name=\"twitter:card\" content=\"summary_large_image\" \/>\n<script type=\"application\/ld+json\" class=\"yoast-schema-graph\">{\"@context\":\"https:\/\/schema.org\",\"@graph\":[{\"@type\":\"WebPage\",\"@id\":\"https:\/\/www.folkland.lv\/et\/prece\/100-laste-tekk-100x170cm-flks01\/\",\"url\":\"https:\/\/www.folkland.lv\/et\/prece\/100-laste-tekk-100x170cm-flks01\/\",\"name\":\"100 Laste tekk 100x170cm FLKS01 - Folkland\",\"isPartOf\":{\"@id\":\"https:\/\/www.folkland.lv\/#website\"},\"primaryImageOfPage\":{\"@id\":\"https:\/\/www.folkland.lv\/et\/prece\/100-laste-tekk-100x170cm-flks01\/#primaryimage\"},\"image\":{\"@id\":\"https:\/\/www.folkland.lv\/et\/prece\/100-laste-tekk-100x170cm-flks01\/#primaryimage\"},\"thumbnailUrl\":\"https:\/\/www.folkland.lv\/wp-content\/uploads\/2020\/10\/v9.jpg\",\"datePublished\":\"2021-03-07T18:13:35+00:00\",\"dateModified\":\"2021-04-14T08:16:19+00:00\",\"breadcrumb\":{\"@id\":\"https:\/\/www.folkland.lv\/et\/prece\/100-laste-tekk-100x170cm-flks01\/#breadcrumb\"},\"inLanguage\":\"et\",\"potentialAction\":[{\"@type\":\"ReadAction\",\"target\":[\"https:\/\/www.folkland.lv\/et\/prece\/100-laste-tekk-100x170cm-flks01\/\"]}]},{\"@type\":\"ImageObject\",\"inLanguage\":\"et\",\"@id\":\"https:\/\/www.folkland.lv\/et\/prece\/100-laste-tekk-100x170cm-flks01\/#primaryimage\",\"url\":\"https:\/\/www.folkland.lv\/wp-content\/uploads\/2020\/10\/v9.jpg\",\"contentUrl\":\"https:\/\/www.folkland.lv\/wp-content\/uploads\/2020\/10\/v9.jpg\",\"width\":1100,\"height\":1100},{\"@type\":\"BreadcrumbList\",\"@id\":\"https:\/\/www.folkland.lv\/et\/prece\/100-laste-tekk-100x170cm-flks01\/#breadcrumb\",\"itemListElement\":[{\"@type\":\"ListItem\",\"position\":1,\"name\":\"Algus\",\"item\":\"https:\/\/www.folkland.lv\/et\/\"},{\"@type\":\"ListItem\",\"position\":2,\"name\":\"Pood\",\"item\":\"https:\/\/www.folkland.lv\/et\/pood\/\"},{\"@type\":\"ListItem\",\"position\":3,\"name\":\"100 Laste tekk 100x170cm FLKS01\"}]},{\"@type\":\"WebSite\",\"@id\":\"https:\/\/www.folkland.lv\/#website\",\"url\":\"https:\/\/www.folkland.lv\/\",\"name\":\"Folkland\",\"description\":\"\",\"potentialAction\":[{\"@type\":\"SearchAction\",\"target\":{\"@type\":\"EntryPoint\",\"urlTemplate\":\"https:\/\/www.folkland.lv\/?s={search_term_string}\"},\"query-input\":\"required name=search_term_string\"}],\"inLanguage\":\"et\"}]}<\/script>\n<!-- \/ Yoast SEO plugin. -->","yoast_head_json":{"title":"100 Laste tekk 100x170cm FLKS01 - Folkland","robots":{"index":"index","follow":"follow","max-snippet":"max-snippet:-1","max-image-preview":"max-image-preview:large","max-video-preview":"max-video-preview:-1"},"canonical":"https:\/\/www.folkland.lv\/et\/prece\/100-laste-tekk-100x170cm-flks01\/","og_locale":"et_EE","og_type":"article","og_title":"100 Laste tekk 100x170cm FLKS01 - Folkland","og_description":"FLS01\u00a0tekk laste \u201cVoodi-majakesele\u201d. Puuvillane kangas; T\u00e4itematerjal \u2013 100% PES \u2013 kohev mittekootud kiud ja s\u00fcnteetiline vill, mis koosneb \u00f5\u00f5nsatest vedrukujuliselt keerdus pol\u00fcesterkiududest, tagades sellega voodipesu elastsuse, pehmuse ja pikaealisuse. Sobib ideaalselt Teie lapse tundlikule nahale; Vastab Oeko-Tex kvaliteedi standardile;","og_url":"https:\/\/www.folkland.lv\/et\/prece\/100-laste-tekk-100x170cm-flks01\/","og_site_name":"Folkland","article_modified_time":"2021-04-14T08:16:19+00:00","og_image":[{"width":1100,"height":1100,"url":"https:\/\/www.folkland.lv\/wp-content\/uploads\/2020\/10\/v9.jpg","type":"image\/jpeg"}],"twitter_card":"summary_large_image","schema":{"@context":"https:\/\/schema.org","@graph":[{"@type":"WebPage","@id":"https:\/\/www.folkland.lv\/et\/prece\/100-laste-tekk-100x170cm-flks01\/","url":"https:\/\/www.folkland.lv\/et\/prece\/100-laste-tekk-100x170cm-flks01\/","name":"100 Laste tekk 100x170cm FLKS01 - Folkland","isPartOf":{"@id":"https:\/\/www.folkland.lv\/#website"},"primaryImageOfPage":{"@id":"https:\/\/www.folkland.lv\/et\/prece\/100-laste-tekk-100x170cm-flks01\/#primaryimage"},"image":{"@id":"https:\/\/www.folkland.lv\/et\/prece\/100-laste-tekk-100x170cm-flks01\/#primaryimage"},"thumbnailUrl":"https:\/\/www.folkland.lv\/wp-content\/uploads\/2020\/10\/v9.jpg","datePublished":"2021-03-07T18:13:35+00:00","dateModified":"2021-04-14T08:16:19+00:00","breadcrumb":{"@id":"https:\/\/www.folkland.lv\/et\/prece\/100-laste-tekk-100x170cm-flks01\/#breadcrumb"},"inLanguage":"et","potentialAction":[{"@type":"ReadAction","target":["https:\/\/www.folkland.lv\/et\/prece\/100-laste-tekk-100x170cm-flks01\/"]}]},{"@type":"ImageObject","inLanguage":"et","@id":"https:\/\/www.folkland.lv\/et\/prece\/100-laste-tekk-100x170cm-flks01\/#primaryimage","url":"https:\/\/www.folkland.lv\/wp-content\/uploads\/2020\/10\/v9.jpg","contentUrl":"https:\/\/www.folkland.lv\/wp-content\/uploads\/2020\/10\/v9.jpg","width":1100,"height":1100},{"@type":"BreadcrumbList","@id":"https:\/\/www.folkland.lv\/et\/prece\/100-laste-tekk-100x170cm-flks01\/#breadcrumb","itemListElement":[{"@type":"ListItem","position":1,"name":"Algus","item":"https:\/\/www.folkland.lv\/et\/"},{"@type":"ListItem","position":2,"name":"Pood","item":"https:\/\/www.folkland.lv\/et\/pood\/"},{"@type":"ListItem","position":3,"name":"100 Laste tekk 100x170cm FLKS01"}]},{"@type":"WebSite","@id":"https:\/\/www.folkland.lv\/#website","url":"https:\/\/www.folkland.lv\/","name":"Folkland","description":"","potentialAction":[{"@type":"SearchAction","target":{"@type":"EntryPoint","urlTemplate":"https:\/\/www.folkland.lv\/?s={search_term_string}"},"query-input":"required name=search_term_string"}],"inLanguage":"et"}]}},"_links":{"self":[{"href":"https:\/\/www.folkland.lv\/et\/wp-json\/wp\/v2\/product\/10737"}],"collection":[{"href":"https:\/\/www.folkland.lv\/et\/wp-json\/wp\/v2\/product"}],"about":[{"href":"https:\/\/www.folkland.lv\/et\/wp-json\/wp\/v2\/types\/product"}],"version-history":[{"count":1,"href":"https:\/\/www.folkland.lv\/et\/wp-json\/wp\/v2\/product\/10737\/revisions"}],"predecessor-version":[{"id":11105,"href":"https:\/\/www.folkland.lv\/et\/wp-json\/wp\/v2\/product\/10737\/revisions\/11105"}],"wp:featuredmedia":[{"embeddable":true,"href":"https:\/\/www.folkland.lv\/et\/wp-json\/wp\/v2\/media\/10747"}],"wp:attachment":[{"href":"https:\/\/www.folkland.lv\/et\/wp-json\/wp\/v2\/media?parent=10737"}],"wp:term":[{"taxonomy":"product_cat","embeddable":true,"href":"https:\/\/www.folkland.lv\/et\/wp-json\/wp\/v2\/product_cat?post=10737"},{"taxonomy":"product_tag","embeddable":true,"href":"https:\/\/www.folkland.lv\/et\/wp-json\/wp\/v2\/product_tag?post=10737"}],"curies":[{"name":"wp","href":"https:\/\/api.w.org\/{rel}","templated":true}]}}