{"id":10728,"date":"2019-12-22T10:35:12","date_gmt":"2021-03-07T18:12:09","guid":{"rendered":"https:\/\/www.folkland.lv\/?post_type=product&#038;p=10728"},"modified":"2021-04-14T11:15:22","modified_gmt":"2021-04-14T08:15:22","slug":"090-voodipesukomplekt-flk08","status":"publish","type":"product","link":"https:\/\/www.folkland.lv\/et\/prece\/090-voodipesukomplekt-flk08\/","title":{"rendered":"090 Voodipesukomplekt FLK08"},"content":{"rendered":"<p>Spetsifikatsioon:<br \/>\nPuuvillane laste voodipesukomplekt kahepoolse mustriga valmistatud l\u00f5ngast, mis on m\u00e4rgistatud OEKO-TEX\u00ae 100\u00a0standard sertifikaadiga I tooteklassile. Seega v\u00f5ite olla kindel, et tootmisprotsessis ei kasutata v\u00e4rve ja kemikaale, mis v\u00f5ivad kahjustada laste tervist;<br \/>\nTekikott (puuvill) \u2013 100cm x 170cm;<br \/>\nPadjap\u00fc\u00fcr (puuvill) \u2013 40cm x 60cm;<br \/>\nPadjap\u00fc\u00fcr (puuvill) \u2013 40cm x 40cm;<br \/>\nKummiga voodilina (puuvill) \u2013 80cm x 170cm;<\/p>\n","protected":false},"excerpt":{"rendered":"<p>FLK08 Laste voodipesukomplekt \u201cVoodi-majakesele\u201d.<br \/>\nKahepoolne puuvilla kangas;<br \/>\nIdeaalne komplekt Teie lapse tundlikule nahale;<br \/>\nKoostis: 100% puuvill;<br \/>\nVastab Oeko-Tex kvaliteedi standardile;<br \/>\nKomplektis: Tekikott, kummiga voodilina, kaks padjap\u00fc\u00fcri;<\/p>\n","protected":false},"featured_media":10753,"template":"","meta":{"_acf_changed":false},"product_cat":[283],"product_tag":[],"acf":[],"yoast_head":"<!-- This site is optimized with the Yoast SEO plugin v23.0 - https:\/\/yoast.com\/wordpress\/plugins\/seo\/ -->\n<title>090 Voodipesukomplekt FLK08 - Folkland<\/title>\n<meta name=\"robots\" content=\"index, follow, max-snippet:-1, max-image-preview:large, max-video-preview:-1\" \/>\n<link rel=\"canonical\" href=\"https:\/\/www.folkland.lv\/et\/prece\/090-voodipesukomplekt-flk08\/\" \/>\n<meta property=\"og:locale\" content=\"et_EE\" \/>\n<meta property=\"og:type\" content=\"article\" \/>\n<meta property=\"og:title\" content=\"090 Voodipesukomplekt FLK08 - Folkland\" \/>\n<meta property=\"og:description\" content=\"FLK08 Laste voodipesukomplekt \u201cVoodi-majakesele\u201d. Kahepoolne puuvilla kangas; Ideaalne komplekt Teie lapse tundlikule nahale; Koostis: 100% puuvill; Vastab Oeko-Tex kvaliteedi standardile; Komplektis: Tekikott, kummiga voodilina, kaks padjap\u00fc\u00fcri;\" \/>\n<meta property=\"og:url\" content=\"https:\/\/www.folkland.lv\/et\/prece\/090-voodipesukomplekt-flk08\/\" \/>\n<meta property=\"og:site_name\" content=\"Folkland\" \/>\n<meta property=\"article:modified_time\" content=\"2021-04-14T08:15:22+00:00\" \/>\n<meta property=\"og:image\" content=\"https:\/\/www.folkland.lv\/wp-content\/uploads\/2019\/12\/IMG_1952.jpg\" \/>\n\t<meta property=\"og:image:width\" content=\"1100\" \/>\n\t<meta property=\"og:image:height\" content=\"1100\" \/>\n\t<meta property=\"og:image:type\" content=\"image\/jpeg\" \/>\n<meta name=\"twitter:card\" content=\"summary_large_image\" \/>\n<script type=\"application\/ld+json\" class=\"yoast-schema-graph\">{\"@context\":\"https:\/\/schema.org\",\"@graph\":[{\"@type\":\"WebPage\",\"@id\":\"https:\/\/www.folkland.lv\/et\/prece\/090-voodipesukomplekt-flk08\/\",\"url\":\"https:\/\/www.folkland.lv\/et\/prece\/090-voodipesukomplekt-flk08\/\",\"name\":\"090 Voodipesukomplekt FLK08 - Folkland\",\"isPartOf\":{\"@id\":\"https:\/\/www.folkland.lv\/#website\"},\"primaryImageOfPage\":{\"@id\":\"https:\/\/www.folkland.lv\/et\/prece\/090-voodipesukomplekt-flk08\/#primaryimage\"},\"image\":{\"@id\":\"https:\/\/www.folkland.lv\/et\/prece\/090-voodipesukomplekt-flk08\/#primaryimage\"},\"thumbnailUrl\":\"https:\/\/www.folkland.lv\/wp-content\/uploads\/2019\/12\/IMG_1952.jpg\",\"datePublished\":\"2021-03-07T18:12:09+00:00\",\"dateModified\":\"2021-04-14T08:15:22+00:00\",\"breadcrumb\":{\"@id\":\"https:\/\/www.folkland.lv\/et\/prece\/090-voodipesukomplekt-flk08\/#breadcrumb\"},\"inLanguage\":\"et\",\"potentialAction\":[{\"@type\":\"ReadAction\",\"target\":[\"https:\/\/www.folkland.lv\/et\/prece\/090-voodipesukomplekt-flk08\/\"]}]},{\"@type\":\"ImageObject\",\"inLanguage\":\"et\",\"@id\":\"https:\/\/www.folkland.lv\/et\/prece\/090-voodipesukomplekt-flk08\/#primaryimage\",\"url\":\"https:\/\/www.folkland.lv\/wp-content\/uploads\/2019\/12\/IMG_1952.jpg\",\"contentUrl\":\"https:\/\/www.folkland.lv\/wp-content\/uploads\/2019\/12\/IMG_1952.jpg\",\"width\":1100,\"height\":1100},{\"@type\":\"BreadcrumbList\",\"@id\":\"https:\/\/www.folkland.lv\/et\/prece\/090-voodipesukomplekt-flk08\/#breadcrumb\",\"itemListElement\":[{\"@type\":\"ListItem\",\"position\":1,\"name\":\"Algus\",\"item\":\"https:\/\/www.folkland.lv\/et\/\"},{\"@type\":\"ListItem\",\"position\":2,\"name\":\"Pood\",\"item\":\"https:\/\/www.folkland.lv\/et\/pood\/\"},{\"@type\":\"ListItem\",\"position\":3,\"name\":\"090 Voodipesukomplekt FLK08\"}]},{\"@type\":\"WebSite\",\"@id\":\"https:\/\/www.folkland.lv\/#website\",\"url\":\"https:\/\/www.folkland.lv\/\",\"name\":\"Folkland\",\"description\":\"\",\"potentialAction\":[{\"@type\":\"SearchAction\",\"target\":{\"@type\":\"EntryPoint\",\"urlTemplate\":\"https:\/\/www.folkland.lv\/?s={search_term_string}\"},\"query-input\":\"required name=search_term_string\"}],\"inLanguage\":\"et\"}]}<\/script>\n<!-- \/ Yoast SEO plugin. -->","yoast_head_json":{"title":"090 Voodipesukomplekt FLK08 - Folkland","robots":{"index":"index","follow":"follow","max-snippet":"max-snippet:-1","max-image-preview":"max-image-preview:large","max-video-preview":"max-video-preview:-1"},"canonical":"https:\/\/www.folkland.lv\/et\/prece\/090-voodipesukomplekt-flk08\/","og_locale":"et_EE","og_type":"article","og_title":"090 Voodipesukomplekt FLK08 - Folkland","og_description":"FLK08 Laste voodipesukomplekt \u201cVoodi-majakesele\u201d. Kahepoolne puuvilla kangas; Ideaalne komplekt Teie lapse tundlikule nahale; Koostis: 100% puuvill; Vastab Oeko-Tex kvaliteedi standardile; Komplektis: Tekikott, kummiga voodilina, kaks padjap\u00fc\u00fcri;","og_url":"https:\/\/www.folkland.lv\/et\/prece\/090-voodipesukomplekt-flk08\/","og_site_name":"Folkland","article_modified_time":"2021-04-14T08:15:22+00:00","og_image":[{"width":1100,"height":1100,"url":"https:\/\/www.folkland.lv\/wp-content\/uploads\/2019\/12\/IMG_1952.jpg","type":"image\/jpeg"}],"twitter_card":"summary_large_image","schema":{"@context":"https:\/\/schema.org","@graph":[{"@type":"WebPage","@id":"https:\/\/www.folkland.lv\/et\/prece\/090-voodipesukomplekt-flk08\/","url":"https:\/\/www.folkland.lv\/et\/prece\/090-voodipesukomplekt-flk08\/","name":"090 Voodipesukomplekt FLK08 - Folkland","isPartOf":{"@id":"https:\/\/www.folkland.lv\/#website"},"primaryImageOfPage":{"@id":"https:\/\/www.folkland.lv\/et\/prece\/090-voodipesukomplekt-flk08\/#primaryimage"},"image":{"@id":"https:\/\/www.folkland.lv\/et\/prece\/090-voodipesukomplekt-flk08\/#primaryimage"},"thumbnailUrl":"https:\/\/www.folkland.lv\/wp-content\/uploads\/2019\/12\/IMG_1952.jpg","datePublished":"2021-03-07T18:12:09+00:00","dateModified":"2021-04-14T08:15:22+00:00","breadcrumb":{"@id":"https:\/\/www.folkland.lv\/et\/prece\/090-voodipesukomplekt-flk08\/#breadcrumb"},"inLanguage":"et","potentialAction":[{"@type":"ReadAction","target":["https:\/\/www.folkland.lv\/et\/prece\/090-voodipesukomplekt-flk08\/"]}]},{"@type":"ImageObject","inLanguage":"et","@id":"https:\/\/www.folkland.lv\/et\/prece\/090-voodipesukomplekt-flk08\/#primaryimage","url":"https:\/\/www.folkland.lv\/wp-content\/uploads\/2019\/12\/IMG_1952.jpg","contentUrl":"https:\/\/www.folkland.lv\/wp-content\/uploads\/2019\/12\/IMG_1952.jpg","width":1100,"height":1100},{"@type":"BreadcrumbList","@id":"https:\/\/www.folkland.lv\/et\/prece\/090-voodipesukomplekt-flk08\/#breadcrumb","itemListElement":[{"@type":"ListItem","position":1,"name":"Algus","item":"https:\/\/www.folkland.lv\/et\/"},{"@type":"ListItem","position":2,"name":"Pood","item":"https:\/\/www.folkland.lv\/et\/pood\/"},{"@type":"ListItem","position":3,"name":"090 Voodipesukomplekt FLK08"}]},{"@type":"WebSite","@id":"https:\/\/www.folkland.lv\/#website","url":"https:\/\/www.folkland.lv\/","name":"Folkland","description":"","potentialAction":[{"@type":"SearchAction","target":{"@type":"EntryPoint","urlTemplate":"https:\/\/www.folkland.lv\/?s={search_term_string}"},"query-input":"required name=search_term_string"}],"inLanguage":"et"}]}},"_links":{"self":[{"href":"https:\/\/www.folkland.lv\/et\/wp-json\/wp\/v2\/product\/10728"}],"collection":[{"href":"https:\/\/www.folkland.lv\/et\/wp-json\/wp\/v2\/product"}],"about":[{"href":"https:\/\/www.folkland.lv\/et\/wp-json\/wp\/v2\/types\/product"}],"version-history":[{"count":0,"href":"https:\/\/www.folkland.lv\/et\/wp-json\/wp\/v2\/product\/10728\/revisions"}],"wp:featuredmedia":[{"embeddable":true,"href":"https:\/\/www.folkland.lv\/et\/wp-json\/wp\/v2\/media\/10753"}],"wp:attachment":[{"href":"https:\/\/www.folkland.lv\/et\/wp-json\/wp\/v2\/media?parent=10728"}],"wp:term":[{"taxonomy":"product_cat","embeddable":true,"href":"https:\/\/www.folkland.lv\/et\/wp-json\/wp\/v2\/product_cat?post=10728"},{"taxonomy":"product_tag","embeddable":true,"href":"https:\/\/www.folkland.lv\/et\/wp-json\/wp\/v2\/product_tag?post=10728"}],"curies":[{"name":"wp","href":"https:\/\/api.w.org\/{rel}","templated":true}]}}