{"id":10704,"date":"2019-10-11T13:15:46","date_gmt":"2021-03-07T18:05:22","guid":{"rendered":"https:\/\/www.folkland.lv\/?post_type=product&#038;p=10704"},"modified":"2021-04-14T11:12:48","modified_gmt":"2021-04-14T08:12:48","slug":"080-madrats-lord-h11","status":"publish","type":"product","link":"https:\/\/www.folkland.lv\/et\/prece\/080-madrats-lord-h11\/","title":{"rendered":"080 Madrats LORD H11"},"content":{"rendered":"<p>Spetsifikatsioon:<br \/>\nMadratsi m\u00f5\u00f5dud 80cm x 180cm x H10cm;<br \/>\nMadratsi m\u00f5\u00f5dud 80cm x 170cm x H10cm;<br \/>\nEemaldatav tepitud madratsi kate;<br \/>\nPuuvilla kiht;<br \/>\nVahukiht perforeeritud lateksist;<br \/>\nPuuvilla kiht;<br \/>\nMadratsi k\u00f5rgus \u2013 10-11 cm<br \/>\nPerforeeritud lateks lisab madratsile mugavust \u2013 looduslik materjal, toodetud vahustatud kummipuu (Hevea) mahlast. Laseb \u00f5hku l\u00e4bi, elastne &#8211; v\u00f5imeline taluma suurt koormust ja seej\u00e4rel taastama oma esialgset kuju. Lateks on h\u00fcpoallergeenne materjal, pikaealine (s\u00e4ilitab elastsed omadused umbes 15 aastat); lateksi omadused lubavad sujuvalt kohaneda magava inimese kehaga j\u00e4rgides tema liigutusi, t\u00e4nu sellele omadusele, tagab lateks \u00f5ige ja mugava toe: peale, kaelale, \u00fclemisele ja alumisele seljaosale.<\/p>\n","protected":false},"excerpt":{"rendered":"<p>Toote kirjeldus:<br \/>\nPehme anatoomiline madrats ilma vedruta.<br \/>\nMadratsi p\u00f5hi &#8211; perforeeritud lateksi monoplokk \u2013 loomulik vahut\u00e4idis, j\u00e4lgib anatoomiliselt keha jooni, tagab une ajal optimaalselt kindla toestuse, t\u00e4nu lisaperforatsioonile, ei takista \u00f5huringlust madratsis.<\/p>\n","protected":false},"featured_media":28707,"template":"","meta":{"_acf_changed":false},"product_cat":[284],"product_tag":[],"acf":[],"yoast_head":"<!-- This site is optimized with the Yoast SEO plugin v23.0 - https:\/\/yoast.com\/wordpress\/plugins\/seo\/ -->\n<title>080 Madrats LORD H11 - Folkland<\/title>\n<meta name=\"robots\" content=\"index, follow, max-snippet:-1, max-image-preview:large, max-video-preview:-1\" \/>\n<link rel=\"canonical\" href=\"https:\/\/www.folkland.lv\/et\/prece\/080-madrats-lord-h11\/\" \/>\n<meta property=\"og:locale\" content=\"et_EE\" \/>\n<meta property=\"og:type\" content=\"article\" \/>\n<meta property=\"og:title\" content=\"080 Madrats LORD H11 - Folkland\" \/>\n<meta property=\"og:description\" content=\"Toote kirjeldus: Pehme anatoomiline madrats ilma vedruta. Madratsi p\u00f5hi - perforeeritud lateksi monoplokk \u2013 loomulik vahut\u00e4idis, j\u00e4lgib anatoomiliselt keha jooni, tagab une ajal optimaalselt kindla toestuse, t\u00e4nu lisaperforatsioonile, ei takista \u00f5huringlust madratsis.\" \/>\n<meta property=\"og:url\" content=\"https:\/\/www.folkland.lv\/et\/prece\/080-madrats-lord-h11\/\" \/>\n<meta property=\"og:site_name\" content=\"Folkland\" \/>\n<meta property=\"article:modified_time\" content=\"2021-04-14T08:12:48+00:00\" \/>\n<meta property=\"og:image\" content=\"https:\/\/www.folkland.lv\/wp-content\/uploads\/2019\/10\/lord_result.jpg\" \/>\n\t<meta property=\"og:image:width\" content=\"900\" \/>\n\t<meta property=\"og:image:height\" content=\"900\" \/>\n\t<meta property=\"og:image:type\" content=\"image\/jpeg\" \/>\n<meta name=\"twitter:card\" content=\"summary_large_image\" \/>\n<meta name=\"twitter:label1\" content=\"Est. reading time\" \/>\n\t<meta name=\"twitter:data1\" content=\"1 minut\" \/>\n<script type=\"application\/ld+json\" class=\"yoast-schema-graph\">{\"@context\":\"https:\/\/schema.org\",\"@graph\":[{\"@type\":\"WebPage\",\"@id\":\"https:\/\/www.folkland.lv\/et\/prece\/080-madrats-lord-h11\/\",\"url\":\"https:\/\/www.folkland.lv\/et\/prece\/080-madrats-lord-h11\/\",\"name\":\"080 Madrats LORD H11 - Folkland\",\"isPartOf\":{\"@id\":\"https:\/\/www.folkland.lv\/#website\"},\"primaryImageOfPage\":{\"@id\":\"https:\/\/www.folkland.lv\/et\/prece\/080-madrats-lord-h11\/#primaryimage\"},\"image\":{\"@id\":\"https:\/\/www.folkland.lv\/et\/prece\/080-madrats-lord-h11\/#primaryimage\"},\"thumbnailUrl\":\"https:\/\/www.folkland.lv\/wp-content\/uploads\/2019\/10\/lord_result.jpg\",\"datePublished\":\"2021-03-07T18:05:22+00:00\",\"dateModified\":\"2021-04-14T08:12:48+00:00\",\"breadcrumb\":{\"@id\":\"https:\/\/www.folkland.lv\/et\/prece\/080-madrats-lord-h11\/#breadcrumb\"},\"inLanguage\":\"et\",\"potentialAction\":[{\"@type\":\"ReadAction\",\"target\":[\"https:\/\/www.folkland.lv\/et\/prece\/080-madrats-lord-h11\/\"]}]},{\"@type\":\"ImageObject\",\"inLanguage\":\"et\",\"@id\":\"https:\/\/www.folkland.lv\/et\/prece\/080-madrats-lord-h11\/#primaryimage\",\"url\":\"https:\/\/www.folkland.lv\/wp-content\/uploads\/2019\/10\/lord_result.jpg\",\"contentUrl\":\"https:\/\/www.folkland.lv\/wp-content\/uploads\/2019\/10\/lord_result.jpg\",\"width\":900,\"height\":900},{\"@type\":\"BreadcrumbList\",\"@id\":\"https:\/\/www.folkland.lv\/et\/prece\/080-madrats-lord-h11\/#breadcrumb\",\"itemListElement\":[{\"@type\":\"ListItem\",\"position\":1,\"name\":\"Algus\",\"item\":\"https:\/\/www.folkland.lv\/et\/\"},{\"@type\":\"ListItem\",\"position\":2,\"name\":\"Pood\",\"item\":\"https:\/\/www.folkland.lv\/et\/pood\/\"},{\"@type\":\"ListItem\",\"position\":3,\"name\":\"080 Madrats LORD H11\"}]},{\"@type\":\"WebSite\",\"@id\":\"https:\/\/www.folkland.lv\/#website\",\"url\":\"https:\/\/www.folkland.lv\/\",\"name\":\"Folkland\",\"description\":\"\",\"potentialAction\":[{\"@type\":\"SearchAction\",\"target\":{\"@type\":\"EntryPoint\",\"urlTemplate\":\"https:\/\/www.folkland.lv\/?s={search_term_string}\"},\"query-input\":\"required name=search_term_string\"}],\"inLanguage\":\"et\"}]}<\/script>\n<!-- \/ Yoast SEO plugin. -->","yoast_head_json":{"title":"080 Madrats LORD H11 - Folkland","robots":{"index":"index","follow":"follow","max-snippet":"max-snippet:-1","max-image-preview":"max-image-preview:large","max-video-preview":"max-video-preview:-1"},"canonical":"https:\/\/www.folkland.lv\/et\/prece\/080-madrats-lord-h11\/","og_locale":"et_EE","og_type":"article","og_title":"080 Madrats LORD H11 - Folkland","og_description":"Toote kirjeldus: Pehme anatoomiline madrats ilma vedruta. Madratsi p\u00f5hi - perforeeritud lateksi monoplokk \u2013 loomulik vahut\u00e4idis, j\u00e4lgib anatoomiliselt keha jooni, tagab une ajal optimaalselt kindla toestuse, t\u00e4nu lisaperforatsioonile, ei takista \u00f5huringlust madratsis.","og_url":"https:\/\/www.folkland.lv\/et\/prece\/080-madrats-lord-h11\/","og_site_name":"Folkland","article_modified_time":"2021-04-14T08:12:48+00:00","og_image":[{"width":900,"height":900,"url":"https:\/\/www.folkland.lv\/wp-content\/uploads\/2019\/10\/lord_result.jpg","type":"image\/jpeg"}],"twitter_card":"summary_large_image","twitter_misc":{"Est. reading time":"1 minut"},"schema":{"@context":"https:\/\/schema.org","@graph":[{"@type":"WebPage","@id":"https:\/\/www.folkland.lv\/et\/prece\/080-madrats-lord-h11\/","url":"https:\/\/www.folkland.lv\/et\/prece\/080-madrats-lord-h11\/","name":"080 Madrats LORD H11 - Folkland","isPartOf":{"@id":"https:\/\/www.folkland.lv\/#website"},"primaryImageOfPage":{"@id":"https:\/\/www.folkland.lv\/et\/prece\/080-madrats-lord-h11\/#primaryimage"},"image":{"@id":"https:\/\/www.folkland.lv\/et\/prece\/080-madrats-lord-h11\/#primaryimage"},"thumbnailUrl":"https:\/\/www.folkland.lv\/wp-content\/uploads\/2019\/10\/lord_result.jpg","datePublished":"2021-03-07T18:05:22+00:00","dateModified":"2021-04-14T08:12:48+00:00","breadcrumb":{"@id":"https:\/\/www.folkland.lv\/et\/prece\/080-madrats-lord-h11\/#breadcrumb"},"inLanguage":"et","potentialAction":[{"@type":"ReadAction","target":["https:\/\/www.folkland.lv\/et\/prece\/080-madrats-lord-h11\/"]}]},{"@type":"ImageObject","inLanguage":"et","@id":"https:\/\/www.folkland.lv\/et\/prece\/080-madrats-lord-h11\/#primaryimage","url":"https:\/\/www.folkland.lv\/wp-content\/uploads\/2019\/10\/lord_result.jpg","contentUrl":"https:\/\/www.folkland.lv\/wp-content\/uploads\/2019\/10\/lord_result.jpg","width":900,"height":900},{"@type":"BreadcrumbList","@id":"https:\/\/www.folkland.lv\/et\/prece\/080-madrats-lord-h11\/#breadcrumb","itemListElement":[{"@type":"ListItem","position":1,"name":"Algus","item":"https:\/\/www.folkland.lv\/et\/"},{"@type":"ListItem","position":2,"name":"Pood","item":"https:\/\/www.folkland.lv\/et\/pood\/"},{"@type":"ListItem","position":3,"name":"080 Madrats LORD H11"}]},{"@type":"WebSite","@id":"https:\/\/www.folkland.lv\/#website","url":"https:\/\/www.folkland.lv\/","name":"Folkland","description":"","potentialAction":[{"@type":"SearchAction","target":{"@type":"EntryPoint","urlTemplate":"https:\/\/www.folkland.lv\/?s={search_term_string}"},"query-input":"required name=search_term_string"}],"inLanguage":"et"}]}},"_links":{"self":[{"href":"https:\/\/www.folkland.lv\/et\/wp-json\/wp\/v2\/product\/10704"}],"collection":[{"href":"https:\/\/www.folkland.lv\/et\/wp-json\/wp\/v2\/product"}],"about":[{"href":"https:\/\/www.folkland.lv\/et\/wp-json\/wp\/v2\/types\/product"}],"version-history":[{"count":0,"href":"https:\/\/www.folkland.lv\/et\/wp-json\/wp\/v2\/product\/10704\/revisions"}],"wp:featuredmedia":[{"embeddable":true,"href":"https:\/\/www.folkland.lv\/et\/wp-json\/wp\/v2\/media\/28707"}],"wp:attachment":[{"href":"https:\/\/www.folkland.lv\/et\/wp-json\/wp\/v2\/media?parent=10704"}],"wp:term":[{"taxonomy":"product_cat","embeddable":true,"href":"https:\/\/www.folkland.lv\/et\/wp-json\/wp\/v2\/product_cat?post=10704"},{"taxonomy":"product_tag","embeddable":true,"href":"https:\/\/www.folkland.lv\/et\/wp-json\/wp\/v2\/product_tag?post=10704"}],"curies":[{"name":"wp","href":"https:\/\/api.w.org\/{rel}","templated":true}]}}