{"id":10703,"date":"2019-10-10T13:53:53","date_gmt":"2021-03-07T18:04:59","guid":{"rendered":"https:\/\/www.folkland.lv\/?post_type=product&#038;p=10703"},"modified":"2021-04-14T11:12:41","modified_gmt":"2021-04-14T08:12:41","slug":"079-madrats-premium-h10","status":"publish","type":"product","link":"https:\/\/www.folkland.lv\/et\/prece\/079-madrats-premium-h10\/","title":{"rendered":"079 Madrats PREMIUM H10"},"content":{"rendered":"<p>Spetsifikatsioon:<br \/>\nMadratsi m\u00f5\u00f5dud 80cm x 180cm x H10cm;<br \/>\nMadratsi m\u00f5\u00f5dud 80cm x 170cm x H10cm;<br \/>\nEemaldatav madratsi kate;<br \/>\nPuuvilla kiht;<br \/>\nVahukiht perforeeritud lateksist;<br \/>\nKookoskiud matt;<br \/>\nVahukiht perforeeritud lateksist;<br \/>\nPuuvilla kiht;<br \/>\nMadratsi k\u00f5rgus \u2013 10 cm<br \/>\nKookoskiud\u00a0\u2013 j\u00e4ik, loodusliku p\u00e4ritoluga t\u00e4iteaine, mis tagab madratsi ortopeedilise j\u00e4ikuse.<br \/>\nPerforeeritud lateks lisab madratsile mugavust \u2013 looduslik materjal, toodetud vahustatud kummipuu (Hevea) mahlast.<\/p>\n","protected":false},"excerpt":{"rendered":"<p>Toote kirjeldus:<br \/>\nKombineeritud keskmise j\u00e4ikusega vedruta madrats, millel on k\u00f5rged ortopeedilised omadused.<br \/>\nMadrats koosneb lateksi &#8211; ja kookoskiu kihtide kombinatsioonist.<br \/>\nKookoskiud \u2013 j\u00e4ik, loodusliku p\u00e4ritoluga t\u00e4iteaine, mis tagab madratsi ortopeedilise j\u00e4ikuse.<br \/>\nPerforeeritud lateks lisab madratsile mugavust \u2013 looduslik materjal, toodetud vahustatud kummipuu (Hevea) mahlast.<br \/>\nLaseb \u00f5hku l\u00e4bi, elastne &#8211; v\u00f5imeline taluma suurt koormust ja seej\u00e4rel taastama oma esialgset kuju.<br \/>\nLateks ei kutsu esile allergiat.<br \/>\nMaterjal on kauakestev (s\u00e4ilitab elastsed omadused umbes 15 aastat); lateksi omadused lubavad sujuvalt kohaneda magava inimese kehaga j\u00e4rgides tema liigutusi, t\u00e4nu sellele omadusele, tagab lateks \u00f5ige ja mugava toe: peale, kaelale, \u00fclemisele ja alumisele seljaosale.<\/p>\n","protected":false},"featured_media":28723,"template":"","meta":{"_acf_changed":false},"product_cat":[284],"product_tag":[],"acf":[],"yoast_head":"<!-- This site is optimized with the Yoast SEO plugin v23.0 - https:\/\/yoast.com\/wordpress\/plugins\/seo\/ -->\n<title>079 Madrats PREMIUM H10 - Folkland<\/title>\n<meta name=\"robots\" content=\"index, follow, max-snippet:-1, max-image-preview:large, max-video-preview:-1\" \/>\n<link rel=\"canonical\" href=\"https:\/\/www.folkland.lv\/et\/prece\/079-madrats-premium-h10\/\" \/>\n<meta property=\"og:locale\" content=\"et_EE\" \/>\n<meta property=\"og:type\" content=\"article\" \/>\n<meta property=\"og:title\" content=\"079 Madrats PREMIUM H10 - Folkland\" \/>\n<meta property=\"og:description\" content=\"Toote kirjeldus: Kombineeritud keskmise j\u00e4ikusega vedruta madrats, millel on k\u00f5rged ortopeedilised omadused. Madrats koosneb lateksi - ja kookoskiu kihtide kombinatsioonist. Kookoskiud \u2013 j\u00e4ik, loodusliku p\u00e4ritoluga t\u00e4iteaine, mis tagab madratsi ortopeedilise j\u00e4ikuse. Perforeeritud lateks lisab madratsile mugavust \u2013 looduslik materjal, toodetud vahustatud kummipuu (Hevea) mahlast. Laseb \u00f5hku l\u00e4bi, elastne - v\u00f5imeline taluma suurt koormust ja seej\u00e4rel taastama oma esialgset kuju. Lateks ei kutsu esile allergiat. Materjal on kauakestev (s\u00e4ilitab elastsed omadused umbes 15 aastat); lateksi omadused lubavad sujuvalt kohaneda magava inimese kehaga j\u00e4rgides tema liigutusi, t\u00e4nu sellele omadusele, tagab lateks \u00f5ige ja mugava toe: peale, kaelale, \u00fclemisele ja alumisele seljaosale.\" \/>\n<meta property=\"og:url\" content=\"https:\/\/www.folkland.lv\/et\/prece\/079-madrats-premium-h10\/\" \/>\n<meta property=\"og:site_name\" content=\"Folkland\" \/>\n<meta property=\"article:modified_time\" content=\"2021-04-14T08:12:41+00:00\" \/>\n<meta property=\"og:image\" content=\"https:\/\/www.folkland.lv\/wp-content\/uploads\/2019\/10\/premium-1_result.jpg\" \/>\n\t<meta property=\"og:image:width\" content=\"900\" \/>\n\t<meta property=\"og:image:height\" content=\"900\" \/>\n\t<meta property=\"og:image:type\" content=\"image\/jpeg\" \/>\n<meta name=\"twitter:card\" content=\"summary_large_image\" \/>\n<script type=\"application\/ld+json\" class=\"yoast-schema-graph\">{\"@context\":\"https:\/\/schema.org\",\"@graph\":[{\"@type\":\"WebPage\",\"@id\":\"https:\/\/www.folkland.lv\/et\/prece\/079-madrats-premium-h10\/\",\"url\":\"https:\/\/www.folkland.lv\/et\/prece\/079-madrats-premium-h10\/\",\"name\":\"079 Madrats PREMIUM H10 - Folkland\",\"isPartOf\":{\"@id\":\"https:\/\/www.folkland.lv\/#website\"},\"primaryImageOfPage\":{\"@id\":\"https:\/\/www.folkland.lv\/et\/prece\/079-madrats-premium-h10\/#primaryimage\"},\"image\":{\"@id\":\"https:\/\/www.folkland.lv\/et\/prece\/079-madrats-premium-h10\/#primaryimage\"},\"thumbnailUrl\":\"https:\/\/www.folkland.lv\/wp-content\/uploads\/2019\/10\/premium-1_result.jpg\",\"datePublished\":\"2021-03-07T18:04:59+00:00\",\"dateModified\":\"2021-04-14T08:12:41+00:00\",\"breadcrumb\":{\"@id\":\"https:\/\/www.folkland.lv\/et\/prece\/079-madrats-premium-h10\/#breadcrumb\"},\"inLanguage\":\"et\",\"potentialAction\":[{\"@type\":\"ReadAction\",\"target\":[\"https:\/\/www.folkland.lv\/et\/prece\/079-madrats-premium-h10\/\"]}]},{\"@type\":\"ImageObject\",\"inLanguage\":\"et\",\"@id\":\"https:\/\/www.folkland.lv\/et\/prece\/079-madrats-premium-h10\/#primaryimage\",\"url\":\"https:\/\/www.folkland.lv\/wp-content\/uploads\/2019\/10\/premium-1_result.jpg\",\"contentUrl\":\"https:\/\/www.folkland.lv\/wp-content\/uploads\/2019\/10\/premium-1_result.jpg\",\"width\":900,\"height\":900},{\"@type\":\"BreadcrumbList\",\"@id\":\"https:\/\/www.folkland.lv\/et\/prece\/079-madrats-premium-h10\/#breadcrumb\",\"itemListElement\":[{\"@type\":\"ListItem\",\"position\":1,\"name\":\"Algus\",\"item\":\"https:\/\/www.folkland.lv\/et\/\"},{\"@type\":\"ListItem\",\"position\":2,\"name\":\"Pood\",\"item\":\"https:\/\/www.folkland.lv\/et\/pood\/\"},{\"@type\":\"ListItem\",\"position\":3,\"name\":\"079 Madrats PREMIUM H10\"}]},{\"@type\":\"WebSite\",\"@id\":\"https:\/\/www.folkland.lv\/#website\",\"url\":\"https:\/\/www.folkland.lv\/\",\"name\":\"Folkland\",\"description\":\"\",\"potentialAction\":[{\"@type\":\"SearchAction\",\"target\":{\"@type\":\"EntryPoint\",\"urlTemplate\":\"https:\/\/www.folkland.lv\/?s={search_term_string}\"},\"query-input\":\"required name=search_term_string\"}],\"inLanguage\":\"et\"}]}<\/script>\n<!-- \/ Yoast SEO plugin. -->","yoast_head_json":{"title":"079 Madrats PREMIUM H10 - Folkland","robots":{"index":"index","follow":"follow","max-snippet":"max-snippet:-1","max-image-preview":"max-image-preview:large","max-video-preview":"max-video-preview:-1"},"canonical":"https:\/\/www.folkland.lv\/et\/prece\/079-madrats-premium-h10\/","og_locale":"et_EE","og_type":"article","og_title":"079 Madrats PREMIUM H10 - Folkland","og_description":"Toote kirjeldus: Kombineeritud keskmise j\u00e4ikusega vedruta madrats, millel on k\u00f5rged ortopeedilised omadused. Madrats koosneb lateksi - ja kookoskiu kihtide kombinatsioonist. Kookoskiud \u2013 j\u00e4ik, loodusliku p\u00e4ritoluga t\u00e4iteaine, mis tagab madratsi ortopeedilise j\u00e4ikuse. Perforeeritud lateks lisab madratsile mugavust \u2013 looduslik materjal, toodetud vahustatud kummipuu (Hevea) mahlast. Laseb \u00f5hku l\u00e4bi, elastne - v\u00f5imeline taluma suurt koormust ja seej\u00e4rel taastama oma esialgset kuju. Lateks ei kutsu esile allergiat. Materjal on kauakestev (s\u00e4ilitab elastsed omadused umbes 15 aastat); lateksi omadused lubavad sujuvalt kohaneda magava inimese kehaga j\u00e4rgides tema liigutusi, t\u00e4nu sellele omadusele, tagab lateks \u00f5ige ja mugava toe: peale, kaelale, \u00fclemisele ja alumisele seljaosale.","og_url":"https:\/\/www.folkland.lv\/et\/prece\/079-madrats-premium-h10\/","og_site_name":"Folkland","article_modified_time":"2021-04-14T08:12:41+00:00","og_image":[{"width":900,"height":900,"url":"https:\/\/www.folkland.lv\/wp-content\/uploads\/2019\/10\/premium-1_result.jpg","type":"image\/jpeg"}],"twitter_card":"summary_large_image","schema":{"@context":"https:\/\/schema.org","@graph":[{"@type":"WebPage","@id":"https:\/\/www.folkland.lv\/et\/prece\/079-madrats-premium-h10\/","url":"https:\/\/www.folkland.lv\/et\/prece\/079-madrats-premium-h10\/","name":"079 Madrats PREMIUM H10 - Folkland","isPartOf":{"@id":"https:\/\/www.folkland.lv\/#website"},"primaryImageOfPage":{"@id":"https:\/\/www.folkland.lv\/et\/prece\/079-madrats-premium-h10\/#primaryimage"},"image":{"@id":"https:\/\/www.folkland.lv\/et\/prece\/079-madrats-premium-h10\/#primaryimage"},"thumbnailUrl":"https:\/\/www.folkland.lv\/wp-content\/uploads\/2019\/10\/premium-1_result.jpg","datePublished":"2021-03-07T18:04:59+00:00","dateModified":"2021-04-14T08:12:41+00:00","breadcrumb":{"@id":"https:\/\/www.folkland.lv\/et\/prece\/079-madrats-premium-h10\/#breadcrumb"},"inLanguage":"et","potentialAction":[{"@type":"ReadAction","target":["https:\/\/www.folkland.lv\/et\/prece\/079-madrats-premium-h10\/"]}]},{"@type":"ImageObject","inLanguage":"et","@id":"https:\/\/www.folkland.lv\/et\/prece\/079-madrats-premium-h10\/#primaryimage","url":"https:\/\/www.folkland.lv\/wp-content\/uploads\/2019\/10\/premium-1_result.jpg","contentUrl":"https:\/\/www.folkland.lv\/wp-content\/uploads\/2019\/10\/premium-1_result.jpg","width":900,"height":900},{"@type":"BreadcrumbList","@id":"https:\/\/www.folkland.lv\/et\/prece\/079-madrats-premium-h10\/#breadcrumb","itemListElement":[{"@type":"ListItem","position":1,"name":"Algus","item":"https:\/\/www.folkland.lv\/et\/"},{"@type":"ListItem","position":2,"name":"Pood","item":"https:\/\/www.folkland.lv\/et\/pood\/"},{"@type":"ListItem","position":3,"name":"079 Madrats PREMIUM H10"}]},{"@type":"WebSite","@id":"https:\/\/www.folkland.lv\/#website","url":"https:\/\/www.folkland.lv\/","name":"Folkland","description":"","potentialAction":[{"@type":"SearchAction","target":{"@type":"EntryPoint","urlTemplate":"https:\/\/www.folkland.lv\/?s={search_term_string}"},"query-input":"required name=search_term_string"}],"inLanguage":"et"}]}},"_links":{"self":[{"href":"https:\/\/www.folkland.lv\/et\/wp-json\/wp\/v2\/product\/10703"}],"collection":[{"href":"https:\/\/www.folkland.lv\/et\/wp-json\/wp\/v2\/product"}],"about":[{"href":"https:\/\/www.folkland.lv\/et\/wp-json\/wp\/v2\/types\/product"}],"version-history":[{"count":0,"href":"https:\/\/www.folkland.lv\/et\/wp-json\/wp\/v2\/product\/10703\/revisions"}],"wp:featuredmedia":[{"embeddable":true,"href":"https:\/\/www.folkland.lv\/et\/wp-json\/wp\/v2\/media\/28723"}],"wp:attachment":[{"href":"https:\/\/www.folkland.lv\/et\/wp-json\/wp\/v2\/media?parent=10703"}],"wp:term":[{"taxonomy":"product_cat","embeddable":true,"href":"https:\/\/www.folkland.lv\/et\/wp-json\/wp\/v2\/product_cat?post=10703"},{"taxonomy":"product_tag","embeddable":true,"href":"https:\/\/www.folkland.lv\/et\/wp-json\/wp\/v2\/product_tag?post=10703"}],"curies":[{"name":"wp","href":"https:\/\/api.w.org\/{rel}","templated":true}]}}