{"id":10701,"date":"2019-10-10T13:43:44","date_gmt":"2021-03-07T18:04:07","guid":{"rendered":"https:\/\/www.folkland.lv\/?post_type=product&#038;p=10701"},"modified":"2021-04-14T11:12:27","modified_gmt":"2021-04-14T08:12:27","slug":"077-madrats-comfort-lux-h10","status":"publish","type":"product","link":"https:\/\/www.folkland.lv\/et\/prece\/077-madrats-comfort-lux-h10\/","title":{"rendered":"077 Madrats COMFORT LUX H10"},"content":{"rendered":"<p>Spetsifikatsioon:<br \/>\nMadratsi m\u00f5\u00f5dud 80cm x 180cm x H10cm;<br \/>\nMadratsi m\u00f5\u00f5dud 80cm x 170cm x H10cm;<br \/>\nEemaldatav madratsi kate;<br \/>\nPuuvilla kiht;<br \/>\nLateksvaht;<br \/>\nSilvertex vahukiht;<br \/>\nPuuvilla kiht;<br \/>\nMadratsi k\u00f5rgus \u2013 10 cm<br \/>\nSilvertex vaht tagab madratsi ortopeedilise j\u00e4ikuse, universaalne h\u00fcpoallergeenne materjal takistab t\u00e4nu oma struktuurile tolmu ja parasiitide sattumist madratsisse.<br \/>\nLateks \u2013 vahustatud piimamahlast (Hevea puu) saadud looduslik materjal moodustab pehmema madratsipinna. Pikaealine allergiavastane materjal. Soodustab t\u00e4nu oma perforeeritud struktuurile \u00f5huringlust madratsis.<\/p>\n","protected":false},"excerpt":{"rendered":"<p>Toote kirjeldus:<br \/>\nKeskmise j\u00e4ikusega laste madrats COMFORT LUX.<br \/>\nMadrats koosneb Silvertex vahu ja lateksi kombinatsioonist.<br \/>\nSilvertex vaht tagab madratsi ortopeedilise j\u00e4ikuse, universaalne h\u00fcpoallergeenne materjal takistab t\u00e4nu oma struktuurile tolmu ja parasiitide sattumist madratsisse.<br \/>\nOmakorda, lateks, vahustatud piimamahlast (Hevea puu) saadud looduslik materjal moodustab pehmema madratsipinna. Vastupidav, antiallergiline materjal. Soodustab t\u00e4nu oma perforeeritud struktuurile \u00f5huringlust madratsis.<\/p>\n","protected":false},"featured_media":28727,"template":"","meta":{"_acf_changed":false},"product_cat":[284],"product_tag":[],"acf":[],"yoast_head":"<!-- This site is optimized with the Yoast SEO plugin v23.0 - https:\/\/yoast.com\/wordpress\/plugins\/seo\/ -->\n<title>077 Madrats COMFORT LUX H10 - Folkland<\/title>\n<meta name=\"robots\" content=\"index, follow, max-snippet:-1, max-image-preview:large, max-video-preview:-1\" \/>\n<link rel=\"canonical\" href=\"https:\/\/www.folkland.lv\/et\/prece\/077-madrats-comfort-lux-h10\/\" \/>\n<meta property=\"og:locale\" content=\"et_EE\" \/>\n<meta property=\"og:type\" content=\"article\" \/>\n<meta property=\"og:title\" content=\"077 Madrats COMFORT LUX H10 - Folkland\" \/>\n<meta property=\"og:description\" content=\"Toote kirjeldus: Keskmise j\u00e4ikusega laste madrats COMFORT LUX. Madrats koosneb Silvertex vahu ja lateksi kombinatsioonist. Silvertex vaht tagab madratsi ortopeedilise j\u00e4ikuse, universaalne h\u00fcpoallergeenne materjal takistab t\u00e4nu oma struktuurile tolmu ja parasiitide sattumist madratsisse. Omakorda, lateks, vahustatud piimamahlast (Hevea puu) saadud looduslik materjal moodustab pehmema madratsipinna. Vastupidav, antiallergiline materjal. Soodustab t\u00e4nu oma perforeeritud struktuurile \u00f5huringlust madratsis.\" \/>\n<meta property=\"og:url\" content=\"https:\/\/www.folkland.lv\/et\/prece\/077-madrats-comfort-lux-h10\/\" \/>\n<meta property=\"og:site_name\" content=\"Folkland\" \/>\n<meta property=\"article:modified_time\" content=\"2021-04-14T08:12:27+00:00\" \/>\n<meta property=\"og:image\" content=\"https:\/\/www.folkland.lv\/wp-content\/uploads\/2019\/10\/silver_5_latekss_5_ar_ud-1_result.jpg\" \/>\n\t<meta property=\"og:image:width\" content=\"900\" \/>\n\t<meta property=\"og:image:height\" content=\"900\" \/>\n\t<meta property=\"og:image:type\" content=\"image\/jpeg\" \/>\n<meta name=\"twitter:card\" content=\"summary_large_image\" \/>\n<script type=\"application\/ld+json\" class=\"yoast-schema-graph\">{\"@context\":\"https:\/\/schema.org\",\"@graph\":[{\"@type\":\"WebPage\",\"@id\":\"https:\/\/www.folkland.lv\/et\/prece\/077-madrats-comfort-lux-h10\/\",\"url\":\"https:\/\/www.folkland.lv\/et\/prece\/077-madrats-comfort-lux-h10\/\",\"name\":\"077 Madrats COMFORT LUX H10 - Folkland\",\"isPartOf\":{\"@id\":\"https:\/\/www.folkland.lv\/#website\"},\"primaryImageOfPage\":{\"@id\":\"https:\/\/www.folkland.lv\/et\/prece\/077-madrats-comfort-lux-h10\/#primaryimage\"},\"image\":{\"@id\":\"https:\/\/www.folkland.lv\/et\/prece\/077-madrats-comfort-lux-h10\/#primaryimage\"},\"thumbnailUrl\":\"https:\/\/www.folkland.lv\/wp-content\/uploads\/2019\/10\/silver_5_latekss_5_ar_ud-1_result.jpg\",\"datePublished\":\"2021-03-07T18:04:07+00:00\",\"dateModified\":\"2021-04-14T08:12:27+00:00\",\"breadcrumb\":{\"@id\":\"https:\/\/www.folkland.lv\/et\/prece\/077-madrats-comfort-lux-h10\/#breadcrumb\"},\"inLanguage\":\"et\",\"potentialAction\":[{\"@type\":\"ReadAction\",\"target\":[\"https:\/\/www.folkland.lv\/et\/prece\/077-madrats-comfort-lux-h10\/\"]}]},{\"@type\":\"ImageObject\",\"inLanguage\":\"et\",\"@id\":\"https:\/\/www.folkland.lv\/et\/prece\/077-madrats-comfort-lux-h10\/#primaryimage\",\"url\":\"https:\/\/www.folkland.lv\/wp-content\/uploads\/2019\/10\/silver_5_latekss_5_ar_ud-1_result.jpg\",\"contentUrl\":\"https:\/\/www.folkland.lv\/wp-content\/uploads\/2019\/10\/silver_5_latekss_5_ar_ud-1_result.jpg\",\"width\":900,\"height\":900,\"caption\":\"Matracis sudrabs ar lateksu\"},{\"@type\":\"BreadcrumbList\",\"@id\":\"https:\/\/www.folkland.lv\/et\/prece\/077-madrats-comfort-lux-h10\/#breadcrumb\",\"itemListElement\":[{\"@type\":\"ListItem\",\"position\":1,\"name\":\"Algus\",\"item\":\"https:\/\/www.folkland.lv\/et\/\"},{\"@type\":\"ListItem\",\"position\":2,\"name\":\"Pood\",\"item\":\"https:\/\/www.folkland.lv\/et\/pood\/\"},{\"@type\":\"ListItem\",\"position\":3,\"name\":\"077 Madrats COMFORT LUX H10\"}]},{\"@type\":\"WebSite\",\"@id\":\"https:\/\/www.folkland.lv\/#website\",\"url\":\"https:\/\/www.folkland.lv\/\",\"name\":\"Folkland\",\"description\":\"\",\"potentialAction\":[{\"@type\":\"SearchAction\",\"target\":{\"@type\":\"EntryPoint\",\"urlTemplate\":\"https:\/\/www.folkland.lv\/?s={search_term_string}\"},\"query-input\":\"required name=search_term_string\"}],\"inLanguage\":\"et\"}]}<\/script>\n<!-- \/ Yoast SEO plugin. -->","yoast_head_json":{"title":"077 Madrats COMFORT LUX H10 - Folkland","robots":{"index":"index","follow":"follow","max-snippet":"max-snippet:-1","max-image-preview":"max-image-preview:large","max-video-preview":"max-video-preview:-1"},"canonical":"https:\/\/www.folkland.lv\/et\/prece\/077-madrats-comfort-lux-h10\/","og_locale":"et_EE","og_type":"article","og_title":"077 Madrats COMFORT LUX H10 - Folkland","og_description":"Toote kirjeldus: Keskmise j\u00e4ikusega laste madrats COMFORT LUX. Madrats koosneb Silvertex vahu ja lateksi kombinatsioonist. Silvertex vaht tagab madratsi ortopeedilise j\u00e4ikuse, universaalne h\u00fcpoallergeenne materjal takistab t\u00e4nu oma struktuurile tolmu ja parasiitide sattumist madratsisse. Omakorda, lateks, vahustatud piimamahlast (Hevea puu) saadud looduslik materjal moodustab pehmema madratsipinna. Vastupidav, antiallergiline materjal. Soodustab t\u00e4nu oma perforeeritud struktuurile \u00f5huringlust madratsis.","og_url":"https:\/\/www.folkland.lv\/et\/prece\/077-madrats-comfort-lux-h10\/","og_site_name":"Folkland","article_modified_time":"2021-04-14T08:12:27+00:00","og_image":[{"width":900,"height":900,"url":"https:\/\/www.folkland.lv\/wp-content\/uploads\/2019\/10\/silver_5_latekss_5_ar_ud-1_result.jpg","type":"image\/jpeg"}],"twitter_card":"summary_large_image","schema":{"@context":"https:\/\/schema.org","@graph":[{"@type":"WebPage","@id":"https:\/\/www.folkland.lv\/et\/prece\/077-madrats-comfort-lux-h10\/","url":"https:\/\/www.folkland.lv\/et\/prece\/077-madrats-comfort-lux-h10\/","name":"077 Madrats COMFORT LUX H10 - Folkland","isPartOf":{"@id":"https:\/\/www.folkland.lv\/#website"},"primaryImageOfPage":{"@id":"https:\/\/www.folkland.lv\/et\/prece\/077-madrats-comfort-lux-h10\/#primaryimage"},"image":{"@id":"https:\/\/www.folkland.lv\/et\/prece\/077-madrats-comfort-lux-h10\/#primaryimage"},"thumbnailUrl":"https:\/\/www.folkland.lv\/wp-content\/uploads\/2019\/10\/silver_5_latekss_5_ar_ud-1_result.jpg","datePublished":"2021-03-07T18:04:07+00:00","dateModified":"2021-04-14T08:12:27+00:00","breadcrumb":{"@id":"https:\/\/www.folkland.lv\/et\/prece\/077-madrats-comfort-lux-h10\/#breadcrumb"},"inLanguage":"et","potentialAction":[{"@type":"ReadAction","target":["https:\/\/www.folkland.lv\/et\/prece\/077-madrats-comfort-lux-h10\/"]}]},{"@type":"ImageObject","inLanguage":"et","@id":"https:\/\/www.folkland.lv\/et\/prece\/077-madrats-comfort-lux-h10\/#primaryimage","url":"https:\/\/www.folkland.lv\/wp-content\/uploads\/2019\/10\/silver_5_latekss_5_ar_ud-1_result.jpg","contentUrl":"https:\/\/www.folkland.lv\/wp-content\/uploads\/2019\/10\/silver_5_latekss_5_ar_ud-1_result.jpg","width":900,"height":900,"caption":"Matracis sudrabs ar lateksu"},{"@type":"BreadcrumbList","@id":"https:\/\/www.folkland.lv\/et\/prece\/077-madrats-comfort-lux-h10\/#breadcrumb","itemListElement":[{"@type":"ListItem","position":1,"name":"Algus","item":"https:\/\/www.folkland.lv\/et\/"},{"@type":"ListItem","position":2,"name":"Pood","item":"https:\/\/www.folkland.lv\/et\/pood\/"},{"@type":"ListItem","position":3,"name":"077 Madrats COMFORT LUX H10"}]},{"@type":"WebSite","@id":"https:\/\/www.folkland.lv\/#website","url":"https:\/\/www.folkland.lv\/","name":"Folkland","description":"","potentialAction":[{"@type":"SearchAction","target":{"@type":"EntryPoint","urlTemplate":"https:\/\/www.folkland.lv\/?s={search_term_string}"},"query-input":"required name=search_term_string"}],"inLanguage":"et"}]}},"_links":{"self":[{"href":"https:\/\/www.folkland.lv\/et\/wp-json\/wp\/v2\/product\/10701"}],"collection":[{"href":"https:\/\/www.folkland.lv\/et\/wp-json\/wp\/v2\/product"}],"about":[{"href":"https:\/\/www.folkland.lv\/et\/wp-json\/wp\/v2\/types\/product"}],"version-history":[{"count":0,"href":"https:\/\/www.folkland.lv\/et\/wp-json\/wp\/v2\/product\/10701\/revisions"}],"wp:featuredmedia":[{"embeddable":true,"href":"https:\/\/www.folkland.lv\/et\/wp-json\/wp\/v2\/media\/28727"}],"wp:attachment":[{"href":"https:\/\/www.folkland.lv\/et\/wp-json\/wp\/v2\/media?parent=10701"}],"wp:term":[{"taxonomy":"product_cat","embeddable":true,"href":"https:\/\/www.folkland.lv\/et\/wp-json\/wp\/v2\/product_cat?post=10701"},{"taxonomy":"product_tag","embeddable":true,"href":"https:\/\/www.folkland.lv\/et\/wp-json\/wp\/v2\/product_tag?post=10701"}],"curies":[{"name":"wp","href":"https:\/\/api.w.org\/{rel}","templated":true}]}}