{"id":10700,"date":"2019-10-09T15:42:37","date_gmt":"2021-03-07T18:03:35","guid":{"rendered":"https:\/\/www.folkland.lv\/?post_type=product&#038;p=10700"},"modified":"2021-04-14T11:12:20","modified_gmt":"2021-04-14T08:12:20","slug":"076-madrats-toronto-h-10","status":"publish","type":"product","link":"https:\/\/www.folkland.lv\/et\/prece\/076-madrats-toronto-h-10\/","title":{"rendered":"076 Madrats TORONTO H-10"},"content":{"rendered":"<p>Spetsifikatsioon:<br \/>\nMadratsi m\u00f5\u00f5dud 80cm x 180cm x H10cm;<br \/>\nMadratsi m\u00f5\u00f5dud 80cm x 170cm x H10cm;<br \/>\nEemaldatav tepitud madratsi kate;<br \/>\nPuuvilla kiht;<br \/>\nKookoskiu kiht 2cm;<br \/>\nAirytex vahukiht 2cm;<br \/>\nKookoskiu kiht 2cm;<br \/>\nAirytex vahukiht 2cm;<br \/>\nKookoskiu kiht 2cm;<br \/>\nPuuvilla kiht;<br \/>\nMadratsi k\u00f5rgus \u2013 10-11 cm<br \/>\nAirytex vaht \u2013 keskkonnas\u00f5bralik , hingav, tulekindel, h\u00fcpoallergiline t\u00e4itematerjal. T\u00e4nu kiulisele struktuurile, lubab madratsi pinnal hingata, \u00f5huringlust takistamata, mille tulemuseks ei tekita higistamist une ajal ning tagab maksimaalse mugavuse.<br \/>\nKookoskiu kiht\u2013 looduslik materjal, mis tagab madratsi ortopeedilise j\u00e4ikuse ning une ajal optimaalselt kindla toestuse.<\/p>\n","protected":false},"excerpt":{"rendered":"<p>Toote kirjeldus:<br \/>\nKeskmise j\u00e4ikusega vedruta madrats, mida iseloomustavad k\u00f5rged ortopeedilised omadused.<br \/>\nMadratsi sisemus &#8211; kombinatsioon kookoskiust ja AiryTex materjalist.<br \/>\nMadratsi pind on kaetud kookoskiu kihiga, mida iseloomustab elastsus ja tugev struktuur, mis tagab une ajal optimaalselt kindla toestuse. Seda t\u00e4iendab keskkonnas\u00f5bralik, hingav, tulekindel, h\u00fcpoallergiline AiryTex t\u00e4itematerjal.<br \/>\nT\u00e4nu kiulisele struktuurile, lubab madratsi pinnal hingata, \u00f5huringlust takistamata, mille tulemuseks ei tekita higistamist une ajal ning tagab maksimaalse mugavuse.<\/p>\n","protected":false},"featured_media":28739,"template":"","meta":{"_acf_changed":false},"product_cat":[284],"product_tag":[],"acf":[],"yoast_head":"<!-- This site is optimized with the Yoast SEO plugin v23.0 - https:\/\/yoast.com\/wordpress\/plugins\/seo\/ -->\n<title>076 Madrats TORONTO H-10 - Folkland<\/title>\n<meta name=\"robots\" content=\"index, follow, max-snippet:-1, max-image-preview:large, max-video-preview:-1\" \/>\n<link rel=\"canonical\" href=\"https:\/\/www.folkland.lv\/et\/prece\/076-madrats-toronto-h-10\/\" \/>\n<meta property=\"og:locale\" content=\"et_EE\" \/>\n<meta property=\"og:type\" content=\"article\" \/>\n<meta property=\"og:title\" content=\"076 Madrats TORONTO H-10 - Folkland\" \/>\n<meta property=\"og:description\" content=\"Toote kirjeldus: Keskmise j\u00e4ikusega vedruta madrats, mida iseloomustavad k\u00f5rged ortopeedilised omadused. Madratsi sisemus - kombinatsioon kookoskiust ja AiryTex materjalist. Madratsi pind on kaetud kookoskiu kihiga, mida iseloomustab elastsus ja tugev struktuur, mis tagab une ajal optimaalselt kindla toestuse. Seda t\u00e4iendab keskkonnas\u00f5bralik, hingav, tulekindel, h\u00fcpoallergiline AiryTex t\u00e4itematerjal. T\u00e4nu kiulisele struktuurile, lubab madratsi pinnal hingata, \u00f5huringlust takistamata, mille tulemuseks ei tekita higistamist une ajal ning tagab maksimaalse mugavuse.\" \/>\n<meta property=\"og:url\" content=\"https:\/\/www.folkland.lv\/et\/prece\/076-madrats-toronto-h-10\/\" \/>\n<meta property=\"og:site_name\" content=\"Folkland\" \/>\n<meta property=\"article:modified_time\" content=\"2021-04-14T08:12:20+00:00\" \/>\n<meta property=\"og:image\" content=\"https:\/\/www.folkland.lv\/wp-content\/uploads\/2019\/10\/texas_kid-2_result.jpg\" \/>\n\t<meta property=\"og:image:width\" content=\"900\" \/>\n\t<meta property=\"og:image:height\" content=\"900\" \/>\n\t<meta property=\"og:image:type\" content=\"image\/jpeg\" \/>\n<meta name=\"twitter:card\" content=\"summary_large_image\" \/>\n<script type=\"application\/ld+json\" class=\"yoast-schema-graph\">{\"@context\":\"https:\/\/schema.org\",\"@graph\":[{\"@type\":\"WebPage\",\"@id\":\"https:\/\/www.folkland.lv\/et\/prece\/076-madrats-toronto-h-10\/\",\"url\":\"https:\/\/www.folkland.lv\/et\/prece\/076-madrats-toronto-h-10\/\",\"name\":\"076 Madrats TORONTO H-10 - Folkland\",\"isPartOf\":{\"@id\":\"https:\/\/www.folkland.lv\/#website\"},\"primaryImageOfPage\":{\"@id\":\"https:\/\/www.folkland.lv\/et\/prece\/076-madrats-toronto-h-10\/#primaryimage\"},\"image\":{\"@id\":\"https:\/\/www.folkland.lv\/et\/prece\/076-madrats-toronto-h-10\/#primaryimage\"},\"thumbnailUrl\":\"https:\/\/www.folkland.lv\/wp-content\/uploads\/2019\/10\/texas_kid-2_result.jpg\",\"datePublished\":\"2021-03-07T18:03:35+00:00\",\"dateModified\":\"2021-04-14T08:12:20+00:00\",\"breadcrumb\":{\"@id\":\"https:\/\/www.folkland.lv\/et\/prece\/076-madrats-toronto-h-10\/#breadcrumb\"},\"inLanguage\":\"et\",\"potentialAction\":[{\"@type\":\"ReadAction\",\"target\":[\"https:\/\/www.folkland.lv\/et\/prece\/076-madrats-toronto-h-10\/\"]}]},{\"@type\":\"ImageObject\",\"inLanguage\":\"et\",\"@id\":\"https:\/\/www.folkland.lv\/et\/prece\/076-madrats-toronto-h-10\/#primaryimage\",\"url\":\"https:\/\/www.folkland.lv\/wp-content\/uploads\/2019\/10\/texas_kid-2_result.jpg\",\"contentUrl\":\"https:\/\/www.folkland.lv\/wp-content\/uploads\/2019\/10\/texas_kid-2_result.jpg\",\"width\":900,\"height\":900},{\"@type\":\"BreadcrumbList\",\"@id\":\"https:\/\/www.folkland.lv\/et\/prece\/076-madrats-toronto-h-10\/#breadcrumb\",\"itemListElement\":[{\"@type\":\"ListItem\",\"position\":1,\"name\":\"Algus\",\"item\":\"https:\/\/www.folkland.lv\/et\/\"},{\"@type\":\"ListItem\",\"position\":2,\"name\":\"Pood\",\"item\":\"https:\/\/www.folkland.lv\/et\/pood\/\"},{\"@type\":\"ListItem\",\"position\":3,\"name\":\"076 Madrats TORONTO H-10\"}]},{\"@type\":\"WebSite\",\"@id\":\"https:\/\/www.folkland.lv\/#website\",\"url\":\"https:\/\/www.folkland.lv\/\",\"name\":\"Folkland\",\"description\":\"\",\"potentialAction\":[{\"@type\":\"SearchAction\",\"target\":{\"@type\":\"EntryPoint\",\"urlTemplate\":\"https:\/\/www.folkland.lv\/?s={search_term_string}\"},\"query-input\":\"required name=search_term_string\"}],\"inLanguage\":\"et\"}]}<\/script>\n<!-- \/ Yoast SEO plugin. -->","yoast_head_json":{"title":"076 Madrats TORONTO H-10 - Folkland","robots":{"index":"index","follow":"follow","max-snippet":"max-snippet:-1","max-image-preview":"max-image-preview:large","max-video-preview":"max-video-preview:-1"},"canonical":"https:\/\/www.folkland.lv\/et\/prece\/076-madrats-toronto-h-10\/","og_locale":"et_EE","og_type":"article","og_title":"076 Madrats TORONTO H-10 - Folkland","og_description":"Toote kirjeldus: Keskmise j\u00e4ikusega vedruta madrats, mida iseloomustavad k\u00f5rged ortopeedilised omadused. Madratsi sisemus - kombinatsioon kookoskiust ja AiryTex materjalist. Madratsi pind on kaetud kookoskiu kihiga, mida iseloomustab elastsus ja tugev struktuur, mis tagab une ajal optimaalselt kindla toestuse. Seda t\u00e4iendab keskkonnas\u00f5bralik, hingav, tulekindel, h\u00fcpoallergiline AiryTex t\u00e4itematerjal. T\u00e4nu kiulisele struktuurile, lubab madratsi pinnal hingata, \u00f5huringlust takistamata, mille tulemuseks ei tekita higistamist une ajal ning tagab maksimaalse mugavuse.","og_url":"https:\/\/www.folkland.lv\/et\/prece\/076-madrats-toronto-h-10\/","og_site_name":"Folkland","article_modified_time":"2021-04-14T08:12:20+00:00","og_image":[{"width":900,"height":900,"url":"https:\/\/www.folkland.lv\/wp-content\/uploads\/2019\/10\/texas_kid-2_result.jpg","type":"image\/jpeg"}],"twitter_card":"summary_large_image","schema":{"@context":"https:\/\/schema.org","@graph":[{"@type":"WebPage","@id":"https:\/\/www.folkland.lv\/et\/prece\/076-madrats-toronto-h-10\/","url":"https:\/\/www.folkland.lv\/et\/prece\/076-madrats-toronto-h-10\/","name":"076 Madrats TORONTO H-10 - Folkland","isPartOf":{"@id":"https:\/\/www.folkland.lv\/#website"},"primaryImageOfPage":{"@id":"https:\/\/www.folkland.lv\/et\/prece\/076-madrats-toronto-h-10\/#primaryimage"},"image":{"@id":"https:\/\/www.folkland.lv\/et\/prece\/076-madrats-toronto-h-10\/#primaryimage"},"thumbnailUrl":"https:\/\/www.folkland.lv\/wp-content\/uploads\/2019\/10\/texas_kid-2_result.jpg","datePublished":"2021-03-07T18:03:35+00:00","dateModified":"2021-04-14T08:12:20+00:00","breadcrumb":{"@id":"https:\/\/www.folkland.lv\/et\/prece\/076-madrats-toronto-h-10\/#breadcrumb"},"inLanguage":"et","potentialAction":[{"@type":"ReadAction","target":["https:\/\/www.folkland.lv\/et\/prece\/076-madrats-toronto-h-10\/"]}]},{"@type":"ImageObject","inLanguage":"et","@id":"https:\/\/www.folkland.lv\/et\/prece\/076-madrats-toronto-h-10\/#primaryimage","url":"https:\/\/www.folkland.lv\/wp-content\/uploads\/2019\/10\/texas_kid-2_result.jpg","contentUrl":"https:\/\/www.folkland.lv\/wp-content\/uploads\/2019\/10\/texas_kid-2_result.jpg","width":900,"height":900},{"@type":"BreadcrumbList","@id":"https:\/\/www.folkland.lv\/et\/prece\/076-madrats-toronto-h-10\/#breadcrumb","itemListElement":[{"@type":"ListItem","position":1,"name":"Algus","item":"https:\/\/www.folkland.lv\/et\/"},{"@type":"ListItem","position":2,"name":"Pood","item":"https:\/\/www.folkland.lv\/et\/pood\/"},{"@type":"ListItem","position":3,"name":"076 Madrats TORONTO H-10"}]},{"@type":"WebSite","@id":"https:\/\/www.folkland.lv\/#website","url":"https:\/\/www.folkland.lv\/","name":"Folkland","description":"","potentialAction":[{"@type":"SearchAction","target":{"@type":"EntryPoint","urlTemplate":"https:\/\/www.folkland.lv\/?s={search_term_string}"},"query-input":"required name=search_term_string"}],"inLanguage":"et"}]}},"_links":{"self":[{"href":"https:\/\/www.folkland.lv\/et\/wp-json\/wp\/v2\/product\/10700"}],"collection":[{"href":"https:\/\/www.folkland.lv\/et\/wp-json\/wp\/v2\/product"}],"about":[{"href":"https:\/\/www.folkland.lv\/et\/wp-json\/wp\/v2\/types\/product"}],"version-history":[{"count":0,"href":"https:\/\/www.folkland.lv\/et\/wp-json\/wp\/v2\/product\/10700\/revisions"}],"wp:featuredmedia":[{"embeddable":true,"href":"https:\/\/www.folkland.lv\/et\/wp-json\/wp\/v2\/media\/28739"}],"wp:attachment":[{"href":"https:\/\/www.folkland.lv\/et\/wp-json\/wp\/v2\/media?parent=10700"}],"wp:term":[{"taxonomy":"product_cat","embeddable":true,"href":"https:\/\/www.folkland.lv\/et\/wp-json\/wp\/v2\/product_cat?post=10700"},{"taxonomy":"product_tag","embeddable":true,"href":"https:\/\/www.folkland.lv\/et\/wp-json\/wp\/v2\/product_tag?post=10700"}],"curies":[{"name":"wp","href":"https:\/\/api.w.org\/{rel}","templated":true}]}}