{"id":10699,"date":"2019-10-10T13:34:53","date_gmt":"2021-03-07T18:03:12","guid":{"rendered":"https:\/\/www.folkland.lv\/?post_type=product&#038;p=10699"},"modified":"2021-04-14T11:12:14","modified_gmt":"2021-04-14T08:12:14","slug":"075-madrats-memory-3-7-silver-h10","status":"publish","type":"product","link":"https:\/\/www.folkland.lv\/et\/prece\/075-madrats-memory-3-7-silver-h10\/","title":{"rendered":"075 Madrats MEMORY 3 +7 SILVER H10"},"content":{"rendered":"<p>Spetsifikatsioon:<br \/>\nMadratsi m\u00f5\u00f5dud 80cm x 180cm x H10cm;<br \/>\nMadratsi m\u00f5\u00f5dud 80cm x 170cm x H10cm;<br \/>\nEemaldatav madratsi kate;<br \/>\nPuuvilla kiht;<br \/>\nMemory vahukiht;<br \/>\nSilvertex vahukiht;<br \/>\nPuuvilla kiht;<br \/>\nMadratsi k\u00f5rgus \u2013 10 cm<br \/>\nSilvertex vaht tagab madratsi ortopeedilise j\u00e4ikuse, universaalne h\u00fcpoallergeenne materjal takistab t\u00e4nu oma struktuurile tolmu ja parasiitide sattumist madratsisse.<br \/>\nMemory kiht tagab une ajal maksimaalse mugavuse, vaht v\u00f5tab t\u00e4pselt keha kuju, tasakaalustades magamise ajal l\u00fclisambale langevat koormust.<\/p>\n","protected":false},"excerpt":{"rendered":"<p>Toote kirjeldus:<br \/>\nKeskmise pehmusega lastemadrats MEMORY 3+7 SILVER.<br \/>\nMadrats koosneb Memory ja Silvertex vahu kombinatsioonist.<br \/>\nSilvertex vaht on tihe materjal, pikaealine, k\u00f5rge antibakteriaalse omadusega, ei ima enda sisse l\u00f5hnu. Takistab t\u00e4nu oma struktuurile tolmu ja parasiitide sattumist madratsisse.<br \/>\nMemory kiht tagab une ajal maksimaalse mugavuse, vaht v\u00f5tab t\u00e4pselt keha kuju, ei tekita l\u00fclisambale koormust.<\/p>\n","protected":false},"featured_media":41020,"template":"","meta":{"_acf_changed":false},"product_cat":[284],"product_tag":[],"acf":[],"yoast_head":"<!-- This site is optimized with the Yoast SEO plugin v23.0 - https:\/\/yoast.com\/wordpress\/plugins\/seo\/ -->\n<title>075 Madrats MEMORY 3 +7 SILVER H10 - Folkland<\/title>\n<meta name=\"robots\" content=\"index, follow, max-snippet:-1, max-image-preview:large, max-video-preview:-1\" \/>\n<link rel=\"canonical\" href=\"https:\/\/www.folkland.lv\/et\/prece\/075-madrats-memory-3-7-silver-h10\/\" \/>\n<meta property=\"og:locale\" content=\"et_EE\" \/>\n<meta property=\"og:type\" content=\"article\" \/>\n<meta property=\"og:title\" content=\"075 Madrats MEMORY 3 +7 SILVER H10 - Folkland\" \/>\n<meta property=\"og:description\" content=\"Toote kirjeldus: Keskmise pehmusega lastemadrats MEMORY 3+7 SILVER. Madrats koosneb Memory ja Silvertex vahu kombinatsioonist. Silvertex vaht on tihe materjal, pikaealine, k\u00f5rge antibakteriaalse omadusega, ei ima enda sisse l\u00f5hnu. Takistab t\u00e4nu oma struktuurile tolmu ja parasiitide sattumist madratsisse. Memory kiht tagab une ajal maksimaalse mugavuse, vaht v\u00f5tab t\u00e4pselt keha kuju, ei tekita l\u00fclisambale koormust.\" \/>\n<meta property=\"og:url\" content=\"https:\/\/www.folkland.lv\/et\/prece\/075-madrats-memory-3-7-silver-h10\/\" \/>\n<meta property=\"og:site_name\" content=\"Folkland\" \/>\n<meta property=\"article:modified_time\" content=\"2021-04-14T08:12:14+00:00\" \/>\n<meta property=\"og:image\" content=\"https:\/\/www.folkland.lv\/wp-content\/uploads\/2019\/10\/K3.webp\" \/>\n\t<meta property=\"og:image:width\" content=\"1920\" \/>\n\t<meta property=\"og:image:height\" content=\"1440\" \/>\n\t<meta property=\"og:image:type\" content=\"image\/webp\" \/>\n<meta name=\"twitter:card\" content=\"summary_large_image\" \/>\n<script type=\"application\/ld+json\" class=\"yoast-schema-graph\">{\"@context\":\"https:\/\/schema.org\",\"@graph\":[{\"@type\":\"WebPage\",\"@id\":\"https:\/\/www.folkland.lv\/et\/prece\/075-madrats-memory-3-7-silver-h10\/\",\"url\":\"https:\/\/www.folkland.lv\/et\/prece\/075-madrats-memory-3-7-silver-h10\/\",\"name\":\"075 Madrats MEMORY 3 +7 SILVER H10 - Folkland\",\"isPartOf\":{\"@id\":\"https:\/\/www.folkland.lv\/#website\"},\"primaryImageOfPage\":{\"@id\":\"https:\/\/www.folkland.lv\/et\/prece\/075-madrats-memory-3-7-silver-h10\/#primaryimage\"},\"image\":{\"@id\":\"https:\/\/www.folkland.lv\/et\/prece\/075-madrats-memory-3-7-silver-h10\/#primaryimage\"},\"thumbnailUrl\":\"https:\/\/www.folkland.lv\/wp-content\/uploads\/2019\/10\/K3.webp\",\"datePublished\":\"2021-03-07T18:03:12+00:00\",\"dateModified\":\"2021-04-14T08:12:14+00:00\",\"breadcrumb\":{\"@id\":\"https:\/\/www.folkland.lv\/et\/prece\/075-madrats-memory-3-7-silver-h10\/#breadcrumb\"},\"inLanguage\":\"et\",\"potentialAction\":[{\"@type\":\"ReadAction\",\"target\":[\"https:\/\/www.folkland.lv\/et\/prece\/075-madrats-memory-3-7-silver-h10\/\"]}]},{\"@type\":\"ImageObject\",\"inLanguage\":\"et\",\"@id\":\"https:\/\/www.folkland.lv\/et\/prece\/075-madrats-memory-3-7-silver-h10\/#primaryimage\",\"url\":\"https:\/\/www.folkland.lv\/wp-content\/uploads\/2019\/10\/K3.webp\",\"contentUrl\":\"https:\/\/www.folkland.lv\/wp-content\/uploads\/2019\/10\/K3.webp\",\"width\":1920,\"height\":1440,\"caption\":\"Mierpilns un vesel\u012bgs miegs ar Luna b\u0113rnu matraci \u2013 dab\u012bgs komforts un uzticams atbalsts!\"},{\"@type\":\"BreadcrumbList\",\"@id\":\"https:\/\/www.folkland.lv\/et\/prece\/075-madrats-memory-3-7-silver-h10\/#breadcrumb\",\"itemListElement\":[{\"@type\":\"ListItem\",\"position\":1,\"name\":\"Algus\",\"item\":\"https:\/\/www.folkland.lv\/et\/\"},{\"@type\":\"ListItem\",\"position\":2,\"name\":\"Pood\",\"item\":\"https:\/\/www.folkland.lv\/et\/pood\/\"},{\"@type\":\"ListItem\",\"position\":3,\"name\":\"075 Madrats MEMORY 3 +7 SILVER H10\"}]},{\"@type\":\"WebSite\",\"@id\":\"https:\/\/www.folkland.lv\/#website\",\"url\":\"https:\/\/www.folkland.lv\/\",\"name\":\"Folkland\",\"description\":\"\",\"potentialAction\":[{\"@type\":\"SearchAction\",\"target\":{\"@type\":\"EntryPoint\",\"urlTemplate\":\"https:\/\/www.folkland.lv\/?s={search_term_string}\"},\"query-input\":\"required name=search_term_string\"}],\"inLanguage\":\"et\"}]}<\/script>\n<!-- \/ Yoast SEO plugin. -->","yoast_head_json":{"title":"075 Madrats MEMORY 3 +7 SILVER H10 - Folkland","robots":{"index":"index","follow":"follow","max-snippet":"max-snippet:-1","max-image-preview":"max-image-preview:large","max-video-preview":"max-video-preview:-1"},"canonical":"https:\/\/www.folkland.lv\/et\/prece\/075-madrats-memory-3-7-silver-h10\/","og_locale":"et_EE","og_type":"article","og_title":"075 Madrats MEMORY 3 +7 SILVER H10 - Folkland","og_description":"Toote kirjeldus: Keskmise pehmusega lastemadrats MEMORY 3+7 SILVER. Madrats koosneb Memory ja Silvertex vahu kombinatsioonist. Silvertex vaht on tihe materjal, pikaealine, k\u00f5rge antibakteriaalse omadusega, ei ima enda sisse l\u00f5hnu. Takistab t\u00e4nu oma struktuurile tolmu ja parasiitide sattumist madratsisse. Memory kiht tagab une ajal maksimaalse mugavuse, vaht v\u00f5tab t\u00e4pselt keha kuju, ei tekita l\u00fclisambale koormust.","og_url":"https:\/\/www.folkland.lv\/et\/prece\/075-madrats-memory-3-7-silver-h10\/","og_site_name":"Folkland","article_modified_time":"2021-04-14T08:12:14+00:00","og_image":[{"width":1920,"height":1440,"url":"https:\/\/www.folkland.lv\/wp-content\/uploads\/2019\/10\/K3.webp","type":"image\/webp"}],"twitter_card":"summary_large_image","schema":{"@context":"https:\/\/schema.org","@graph":[{"@type":"WebPage","@id":"https:\/\/www.folkland.lv\/et\/prece\/075-madrats-memory-3-7-silver-h10\/","url":"https:\/\/www.folkland.lv\/et\/prece\/075-madrats-memory-3-7-silver-h10\/","name":"075 Madrats MEMORY 3 +7 SILVER H10 - Folkland","isPartOf":{"@id":"https:\/\/www.folkland.lv\/#website"},"primaryImageOfPage":{"@id":"https:\/\/www.folkland.lv\/et\/prece\/075-madrats-memory-3-7-silver-h10\/#primaryimage"},"image":{"@id":"https:\/\/www.folkland.lv\/et\/prece\/075-madrats-memory-3-7-silver-h10\/#primaryimage"},"thumbnailUrl":"https:\/\/www.folkland.lv\/wp-content\/uploads\/2019\/10\/K3.webp","datePublished":"2021-03-07T18:03:12+00:00","dateModified":"2021-04-14T08:12:14+00:00","breadcrumb":{"@id":"https:\/\/www.folkland.lv\/et\/prece\/075-madrats-memory-3-7-silver-h10\/#breadcrumb"},"inLanguage":"et","potentialAction":[{"@type":"ReadAction","target":["https:\/\/www.folkland.lv\/et\/prece\/075-madrats-memory-3-7-silver-h10\/"]}]},{"@type":"ImageObject","inLanguage":"et","@id":"https:\/\/www.folkland.lv\/et\/prece\/075-madrats-memory-3-7-silver-h10\/#primaryimage","url":"https:\/\/www.folkland.lv\/wp-content\/uploads\/2019\/10\/K3.webp","contentUrl":"https:\/\/www.folkland.lv\/wp-content\/uploads\/2019\/10\/K3.webp","width":1920,"height":1440,"caption":"Mierpilns un vesel\u012bgs miegs ar Luna b\u0113rnu matraci \u2013 dab\u012bgs komforts un uzticams atbalsts!"},{"@type":"BreadcrumbList","@id":"https:\/\/www.folkland.lv\/et\/prece\/075-madrats-memory-3-7-silver-h10\/#breadcrumb","itemListElement":[{"@type":"ListItem","position":1,"name":"Algus","item":"https:\/\/www.folkland.lv\/et\/"},{"@type":"ListItem","position":2,"name":"Pood","item":"https:\/\/www.folkland.lv\/et\/pood\/"},{"@type":"ListItem","position":3,"name":"075 Madrats MEMORY 3 +7 SILVER H10"}]},{"@type":"WebSite","@id":"https:\/\/www.folkland.lv\/#website","url":"https:\/\/www.folkland.lv\/","name":"Folkland","description":"","potentialAction":[{"@type":"SearchAction","target":{"@type":"EntryPoint","urlTemplate":"https:\/\/www.folkland.lv\/?s={search_term_string}"},"query-input":"required name=search_term_string"}],"inLanguage":"et"}]}},"_links":{"self":[{"href":"https:\/\/www.folkland.lv\/et\/wp-json\/wp\/v2\/product\/10699"}],"collection":[{"href":"https:\/\/www.folkland.lv\/et\/wp-json\/wp\/v2\/product"}],"about":[{"href":"https:\/\/www.folkland.lv\/et\/wp-json\/wp\/v2\/types\/product"}],"version-history":[{"count":0,"href":"https:\/\/www.folkland.lv\/et\/wp-json\/wp\/v2\/product\/10699\/revisions"}],"wp:featuredmedia":[{"embeddable":true,"href":"https:\/\/www.folkland.lv\/et\/wp-json\/wp\/v2\/media\/41020"}],"wp:attachment":[{"href":"https:\/\/www.folkland.lv\/et\/wp-json\/wp\/v2\/media?parent=10699"}],"wp:term":[{"taxonomy":"product_cat","embeddable":true,"href":"https:\/\/www.folkland.lv\/et\/wp-json\/wp\/v2\/product_cat?post=10699"},{"taxonomy":"product_tag","embeddable":true,"href":"https:\/\/www.folkland.lv\/et\/wp-json\/wp\/v2\/product_tag?post=10699"}],"curies":[{"name":"wp","href":"https:\/\/api.w.org\/{rel}","templated":true}]}}