{"id":10696,"date":"2019-10-08T15:09:06","date_gmt":"2021-03-07T18:01:46","guid":{"rendered":"https:\/\/www.folkland.lv\/?post_type=product&#038;p=10696"},"modified":"2021-04-14T11:11:21","modified_gmt":"2021-04-14T08:11:21","slug":"072-madrats-texas-kid-h11","status":"publish","type":"product","link":"https:\/\/www.folkland.lv\/et\/prece\/072-madrats-texas-kid-h11\/","title":{"rendered":"072 Madrats TEXAS KID + H11"},"content":{"rendered":"<p>Spetsifikatsioon:<br \/>\nMadratsi m\u00f5\u00f5dud 80cm x 180cm x H10cm;<br \/>\nMadratsi m\u00f5\u00f5dud 80cm x 170cm x H10cm;<br \/>\nEemaldatav madratsi kate t\u00f5mblukuga;<br \/>\nPuuvilla kiht;<br \/>\nKookoskiu kiht;<br \/>\n\u201cSilvertex\u201d vahukiht;<br \/>\nKookoskiu kiht;<br \/>\n\u201cSilvertex\u201d vahukiht;<br \/>\nKookoskiu kiht;<br \/>\nPuuvilla kiht;<br \/>\nMadratsi k\u00f5rgus \u2013 11-12cm<br \/>\nSilvertex vaht on tihe materjal, vastupidav deformatsioonidele, k\u00f5rge antibakteriaalse omadusega, ei ima enda sisse l\u00f5hnu.<br \/>\nKookoskiu kiht\u2013\u00a0looduslik materjal, mis tagab madratsi ortopeedilise j\u00e4ikuse.<\/p>\n","protected":false},"excerpt":{"rendered":"<p>Toote kirjeldus:<br \/>\nKeskmise j\u00e4ikusega vedruta madrats TEXAS KID +;<br \/>\nMadratsi koostis \u2013 kombinatsioon kookoskiust ja Silvertex vahust;<br \/>\nMadratsi p\u00f5hi\u2013 kookoskiu kiht, looduslik materjal, mis tagab madratsi ortopeedilise j\u00e4ikuse.<br \/>\nSilvertex vaht on tihe materjal, vastupidav deformatsioonidele, k\u00f5rge antibakteriaalse omadusega, ei ima enda sisse l\u00f5hnu;<\/p>\n","protected":false},"featured_media":41005,"template":"","meta":{"_acf_changed":false},"product_cat":[284],"product_tag":[],"acf":[],"yoast_head":"<!-- This site is optimized with the Yoast SEO plugin v23.0 - https:\/\/yoast.com\/wordpress\/plugins\/seo\/ -->\n<title>072 Madrats TEXAS KID + H11 - Folkland<\/title>\n<meta name=\"robots\" content=\"index, follow, max-snippet:-1, max-image-preview:large, max-video-preview:-1\" \/>\n<link rel=\"canonical\" href=\"https:\/\/www.folkland.lv\/et\/prece\/072-madrats-texas-kid-h11\/\" \/>\n<meta property=\"og:locale\" content=\"et_EE\" \/>\n<meta property=\"og:type\" content=\"article\" \/>\n<meta property=\"og:title\" content=\"072 Madrats TEXAS KID + H11 - Folkland\" \/>\n<meta property=\"og:description\" content=\"Toote kirjeldus: Keskmise j\u00e4ikusega vedruta madrats TEXAS KID +; Madratsi koostis \u2013 kombinatsioon kookoskiust ja Silvertex vahust; Madratsi p\u00f5hi\u2013 kookoskiu kiht, looduslik materjal, mis tagab madratsi ortopeedilise j\u00e4ikuse. Silvertex vaht on tihe materjal, vastupidav deformatsioonidele, k\u00f5rge antibakteriaalse omadusega, ei ima enda sisse l\u00f5hnu;\" \/>\n<meta property=\"og:url\" content=\"https:\/\/www.folkland.lv\/et\/prece\/072-madrats-texas-kid-h11\/\" \/>\n<meta property=\"og:site_name\" content=\"Folkland\" \/>\n<meta property=\"article:modified_time\" content=\"2021-04-14T08:11:21+00:00\" \/>\n<meta property=\"og:image\" content=\"https:\/\/www.folkland.lv\/wp-content\/uploads\/2019\/10\/K10.webp\" \/>\n\t<meta property=\"og:image:width\" content=\"1920\" \/>\n\t<meta property=\"og:image:height\" content=\"1440\" \/>\n\t<meta property=\"og:image:type\" content=\"image\/webp\" \/>\n<meta name=\"twitter:card\" content=\"summary_large_image\" \/>\n<script type=\"application\/ld+json\" class=\"yoast-schema-graph\">{\"@context\":\"https:\/\/schema.org\",\"@graph\":[{\"@type\":\"WebPage\",\"@id\":\"https:\/\/www.folkland.lv\/et\/prece\/072-madrats-texas-kid-h11\/\",\"url\":\"https:\/\/www.folkland.lv\/et\/prece\/072-madrats-texas-kid-h11\/\",\"name\":\"072 Madrats TEXAS KID + H11 - Folkland\",\"isPartOf\":{\"@id\":\"https:\/\/www.folkland.lv\/#website\"},\"primaryImageOfPage\":{\"@id\":\"https:\/\/www.folkland.lv\/et\/prece\/072-madrats-texas-kid-h11\/#primaryimage\"},\"image\":{\"@id\":\"https:\/\/www.folkland.lv\/et\/prece\/072-madrats-texas-kid-h11\/#primaryimage\"},\"thumbnailUrl\":\"https:\/\/www.folkland.lv\/wp-content\/uploads\/2019\/10\/K10.webp\",\"datePublished\":\"2021-03-07T18:01:46+00:00\",\"dateModified\":\"2021-04-14T08:11:21+00:00\",\"breadcrumb\":{\"@id\":\"https:\/\/www.folkland.lv\/et\/prece\/072-madrats-texas-kid-h11\/#breadcrumb\"},\"inLanguage\":\"et\",\"potentialAction\":[{\"@type\":\"ReadAction\",\"target\":[\"https:\/\/www.folkland.lv\/et\/prece\/072-madrats-texas-kid-h11\/\"]}]},{\"@type\":\"ImageObject\",\"inLanguage\":\"et\",\"@id\":\"https:\/\/www.folkland.lv\/et\/prece\/072-madrats-texas-kid-h11\/#primaryimage\",\"url\":\"https:\/\/www.folkland.lv\/wp-content\/uploads\/2019\/10\/K10.webp\",\"contentUrl\":\"https:\/\/www.folkland.lv\/wp-content\/uploads\/2019\/10\/K10.webp\",\"width\":1920,\"height\":1440},{\"@type\":\"BreadcrumbList\",\"@id\":\"https:\/\/www.folkland.lv\/et\/prece\/072-madrats-texas-kid-h11\/#breadcrumb\",\"itemListElement\":[{\"@type\":\"ListItem\",\"position\":1,\"name\":\"Algus\",\"item\":\"https:\/\/www.folkland.lv\/et\/\"},{\"@type\":\"ListItem\",\"position\":2,\"name\":\"Pood\",\"item\":\"https:\/\/www.folkland.lv\/et\/pood\/\"},{\"@type\":\"ListItem\",\"position\":3,\"name\":\"072 Madrats TEXAS KID + H11\"}]},{\"@type\":\"WebSite\",\"@id\":\"https:\/\/www.folkland.lv\/#website\",\"url\":\"https:\/\/www.folkland.lv\/\",\"name\":\"Folkland\",\"description\":\"\",\"potentialAction\":[{\"@type\":\"SearchAction\",\"target\":{\"@type\":\"EntryPoint\",\"urlTemplate\":\"https:\/\/www.folkland.lv\/?s={search_term_string}\"},\"query-input\":\"required name=search_term_string\"}],\"inLanguage\":\"et\"}]}<\/script>\n<!-- \/ Yoast SEO plugin. -->","yoast_head_json":{"title":"072 Madrats TEXAS KID + H11 - Folkland","robots":{"index":"index","follow":"follow","max-snippet":"max-snippet:-1","max-image-preview":"max-image-preview:large","max-video-preview":"max-video-preview:-1"},"canonical":"https:\/\/www.folkland.lv\/et\/prece\/072-madrats-texas-kid-h11\/","og_locale":"et_EE","og_type":"article","og_title":"072 Madrats TEXAS KID + H11 - Folkland","og_description":"Toote kirjeldus: Keskmise j\u00e4ikusega vedruta madrats TEXAS KID +; Madratsi koostis \u2013 kombinatsioon kookoskiust ja Silvertex vahust; Madratsi p\u00f5hi\u2013 kookoskiu kiht, looduslik materjal, mis tagab madratsi ortopeedilise j\u00e4ikuse. Silvertex vaht on tihe materjal, vastupidav deformatsioonidele, k\u00f5rge antibakteriaalse omadusega, ei ima enda sisse l\u00f5hnu;","og_url":"https:\/\/www.folkland.lv\/et\/prece\/072-madrats-texas-kid-h11\/","og_site_name":"Folkland","article_modified_time":"2021-04-14T08:11:21+00:00","og_image":[{"width":1920,"height":1440,"url":"https:\/\/www.folkland.lv\/wp-content\/uploads\/2019\/10\/K10.webp","type":"image\/webp"}],"twitter_card":"summary_large_image","schema":{"@context":"https:\/\/schema.org","@graph":[{"@type":"WebPage","@id":"https:\/\/www.folkland.lv\/et\/prece\/072-madrats-texas-kid-h11\/","url":"https:\/\/www.folkland.lv\/et\/prece\/072-madrats-texas-kid-h11\/","name":"072 Madrats TEXAS KID + H11 - Folkland","isPartOf":{"@id":"https:\/\/www.folkland.lv\/#website"},"primaryImageOfPage":{"@id":"https:\/\/www.folkland.lv\/et\/prece\/072-madrats-texas-kid-h11\/#primaryimage"},"image":{"@id":"https:\/\/www.folkland.lv\/et\/prece\/072-madrats-texas-kid-h11\/#primaryimage"},"thumbnailUrl":"https:\/\/www.folkland.lv\/wp-content\/uploads\/2019\/10\/K10.webp","datePublished":"2021-03-07T18:01:46+00:00","dateModified":"2021-04-14T08:11:21+00:00","breadcrumb":{"@id":"https:\/\/www.folkland.lv\/et\/prece\/072-madrats-texas-kid-h11\/#breadcrumb"},"inLanguage":"et","potentialAction":[{"@type":"ReadAction","target":["https:\/\/www.folkland.lv\/et\/prece\/072-madrats-texas-kid-h11\/"]}]},{"@type":"ImageObject","inLanguage":"et","@id":"https:\/\/www.folkland.lv\/et\/prece\/072-madrats-texas-kid-h11\/#primaryimage","url":"https:\/\/www.folkland.lv\/wp-content\/uploads\/2019\/10\/K10.webp","contentUrl":"https:\/\/www.folkland.lv\/wp-content\/uploads\/2019\/10\/K10.webp","width":1920,"height":1440},{"@type":"BreadcrumbList","@id":"https:\/\/www.folkland.lv\/et\/prece\/072-madrats-texas-kid-h11\/#breadcrumb","itemListElement":[{"@type":"ListItem","position":1,"name":"Algus","item":"https:\/\/www.folkland.lv\/et\/"},{"@type":"ListItem","position":2,"name":"Pood","item":"https:\/\/www.folkland.lv\/et\/pood\/"},{"@type":"ListItem","position":3,"name":"072 Madrats TEXAS KID + H11"}]},{"@type":"WebSite","@id":"https:\/\/www.folkland.lv\/#website","url":"https:\/\/www.folkland.lv\/","name":"Folkland","description":"","potentialAction":[{"@type":"SearchAction","target":{"@type":"EntryPoint","urlTemplate":"https:\/\/www.folkland.lv\/?s={search_term_string}"},"query-input":"required name=search_term_string"}],"inLanguage":"et"}]}},"_links":{"self":[{"href":"https:\/\/www.folkland.lv\/et\/wp-json\/wp\/v2\/product\/10696"}],"collection":[{"href":"https:\/\/www.folkland.lv\/et\/wp-json\/wp\/v2\/product"}],"about":[{"href":"https:\/\/www.folkland.lv\/et\/wp-json\/wp\/v2\/types\/product"}],"version-history":[{"count":0,"href":"https:\/\/www.folkland.lv\/et\/wp-json\/wp\/v2\/product\/10696\/revisions"}],"wp:featuredmedia":[{"embeddable":true,"href":"https:\/\/www.folkland.lv\/et\/wp-json\/wp\/v2\/media\/41005"}],"wp:attachment":[{"href":"https:\/\/www.folkland.lv\/et\/wp-json\/wp\/v2\/media?parent=10696"}],"wp:term":[{"taxonomy":"product_cat","embeddable":true,"href":"https:\/\/www.folkland.lv\/et\/wp-json\/wp\/v2\/product_cat?post=10696"},{"taxonomy":"product_tag","embeddable":true,"href":"https:\/\/www.folkland.lv\/et\/wp-json\/wp\/v2\/product_tag?post=10696"}],"curies":[{"name":"wp","href":"https:\/\/api.w.org\/{rel}","templated":true}]}}