{"id":10694,"date":"2019-10-08T14:55:54","date_gmt":"2021-03-07T18:00:41","guid":{"rendered":"https:\/\/www.folkland.lv\/?post_type=product&#038;p=10694"},"modified":"2025-07-16T16:46:13","modified_gmt":"2025-07-16T13:46:13","slug":"070-madrats-argent-h10","status":"publish","type":"product","link":"https:\/\/www.folkland.lv\/et\/prece\/070-madrats-argent-h10\/","title":{"rendered":"070 Madrats Argent H10"},"content":{"rendered":"<p><strong><span style=\"font-size: 14pt;\">Spetsifikatsioon:<\/span><\/strong><\/p>\n<h2 data-start=\"144\" data-end=\"208\">\ud83d\udecf\ufe0f <strong data-start=\"151\" data-end=\"173\">Mimi laste madrats<\/strong> \u2013 tervislikuks ja rahulikuks uneks<\/h2>\n<p data-start=\"210\" data-end=\"387\"><strong data-start=\"210\" data-end=\"226\">Mimi madrats<\/strong> on spetsiaalselt loodud pakkuma ideaalset tuge ja mugavust sinu lapse uneks. Kaasaegsed materjalid \u2013 <strong data-start=\"328\" data-end=\"343\">Silver Foam<\/strong> ja <strong data-start=\"347\" data-end=\"359\">Gel Foam<\/strong> \u2013 t\u00f6\u00f6tavad koos, et tagada:<\/p>\n<ul data-start=\"388\" data-end=\"502\">\n<li data-start=\"388\" data-end=\"422\">\n<p data-start=\"390\" data-end=\"422\">\ud83d\udcaa Tugev ja ergonoomiline tugi<\/p>\n<\/li>\n<li data-start=\"423\" data-end=\"472\">\n<p data-start=\"425\" data-end=\"472\">\ud83c\udf21\ufe0f Kehatemperatuuri optimaalne reguleerimine<\/p>\n<\/li>\n<li data-start=\"473\" data-end=\"502\">\n<p data-start=\"475\" data-end=\"502\">\ud83d\ude34 Rahulik ja taastav uni<\/p>\n<\/li>\n<\/ul>\n","protected":false},"excerpt":{"rendered":"<h3 data-start=\"509\" data-end=\"540\">\ud83e\udde9 <strong data-start=\"516\" data-end=\"540\">Madratsi \u00fclesehitus:<\/strong><\/h3>\n<ul data-start=\"541\" data-end=\"644\">\n<li data-start=\"541\" data-end=\"562\">\n<p data-start=\"543\" data-end=\"562\">\u2705 Eemaldatav kate<\/p>\n<\/li>\n<li data-start=\"563\" data-end=\"577\">\n<p data-start=\"565\" data-end=\"577\">\ud83c\udf3f Puuvill<\/p>\n<\/li>\n<li data-start=\"578\" data-end=\"601\">\n<p data-start=\"580\" data-end=\"601\">\u2744\ufe0f Gel Foam (30 mm)<\/p>\n<\/li>\n<li data-start=\"602\" data-end=\"629\">\n<p data-start=\"604\" data-end=\"629\">\ud83d\udee1\ufe0f Silver Foam (70 mm)<\/p>\n<\/li>\n<li data-start=\"630\" data-end=\"644\">\n<p data-start=\"632\" data-end=\"644\">\ud83c\udf3f Puuvill<\/p>\n<\/li>\n<\/ul>\n<h3 data-start=\"651\" data-end=\"700\">\u2744\ufe0f <strong data-start=\"658\" data-end=\"670\">Gel Foam<\/strong> \u2013 jahutav mugavus kogu \u00f6\u00f6ks<\/h3>\n<p data-start=\"701\" data-end=\"710\">See kiht:<\/p>\n<ul data-start=\"711\" data-end=\"844\">\n<li data-start=\"711\" data-end=\"744\">\n<p data-start=\"713\" data-end=\"744\">Kohandub lapse keha kujuga \ud83e\udd17<\/p>\n<\/li>\n<li data-start=\"745\" data-end=\"776\">\n<p data-start=\"747\" data-end=\"776\">Pakub meeldivat jahedust \ud83e\uddca<\/p>\n<\/li>\n<li data-start=\"777\" data-end=\"844\">\n<p data-start=\"779\" data-end=\"844\">V\u00e4ltib \u00fclekuumenemist \u2013 eriti oluline tundliku unega lastele \ud83c\udf19<\/p>\n<\/li>\n<\/ul>\n<h3 data-start=\"851\" data-end=\"901\">\ud83d\udee1\ufe0f <strong data-start=\"859\" data-end=\"874\">Silver Foam<\/strong> \u2013 nutikas kaitse ja tugi<\/h3>\n<p data-start=\"902\" data-end=\"946\">Kaasaegne vahtmaterjal <strong data-start=\"925\" data-end=\"945\">h\u00f5bedaosakestega<\/strong>:<\/p>\n<ul data-start=\"947\" data-end=\"1149\">\n<li data-start=\"947\" data-end=\"1002\">\n<p data-start=\"949\" data-end=\"1002\">\ud83e\uddec Looduslik kaitse bakterite ja allergeenide vastu<\/p>\n<\/li>\n<li data-start=\"1003\" data-end=\"1037\">\n<p data-start=\"1005\" data-end=\"1037\">\ud83e\uddd8\u200d\u2642\ufe0f \u00dchtlane tugi l\u00fclisambale<\/p>\n<\/li>\n<li data-start=\"1038\" data-end=\"1092\">\n<p data-start=\"1040\" data-end=\"1092\">\ud83c\udf2c\ufe0f Hea \u00f5huringlus \u2013 hoiab \u00e4ra niiskuse kogunemise<\/p>\n<\/li>\n<li data-start=\"1093\" data-end=\"1149\">\n<p data-start=\"1095\" data-end=\"1149\">\ud83e\uddd2 Ideaalne allergikutele ja tundliku nahaga lastele<\/p>\n<\/li>\n<\/ul>\n<h3 data-start=\"1156\" data-end=\"1217\">\ud83c\udf3f <strong data-start=\"1163\" data-end=\"1184\">Puuvillased kihid<\/strong> \u2013 looduslik pehmus ja hingavus<\/h3>\n<ul data-start=\"1218\" data-end=\"1398\">\n<li data-start=\"1218\" data-end=\"1270\">\n<p data-start=\"1220\" data-end=\"1270\">Tagab hea \u00f5huliikumise ja aitab v\u00e4ltida niiskust<\/p>\n<\/li>\n<li data-start=\"1271\" data-end=\"1303\">\n<p data-start=\"1273\" data-end=\"1303\">V\u00e4hendab \u00f6ist higistamist \ud83d\ude0c<\/p>\n<\/li>\n<li data-start=\"1304\" data-end=\"1398\">\n<p data-start=\"1306\" data-end=\"1398\">\u00d5rn tundlikule nahale \u2013 suurep\u00e4rane valik allergia, astma v\u00f5i nahaprobleemidega lastele \ud83d\udc76<\/p>\n<\/li>\n<\/ul>\n<h3 data-start=\"1405\" data-end=\"1442\">\ud83d\udc68\u200d\ud83d\udc69\u200d\ud83d\udc67\u200d\ud83d\udc66 <strong data-start=\"1421\" data-end=\"1442\">Sobib ideaalselt:<\/strong><\/h3>\n<ul data-start=\"1443\" data-end=\"1624\">\n<li data-start=\"1443\" data-end=\"1492\">\n<p data-start=\"1445\" data-end=\"1492\">Kasvavatele lastele, kes vajavad kindlat tuge<\/p>\n<\/li>\n<li data-start=\"1493\" data-end=\"1547\">\n<p data-start=\"1495\" data-end=\"1547\">Aktiivsetele lastele, kes vajavad kvaliteetset und<\/p>\n<\/li>\n<li data-start=\"1548\" data-end=\"1624\">\n<p data-start=\"1550\" data-end=\"1624\">Vanematele, kes otsivad vastupidavat ja keskkonnas\u00f5bralikku madratsit \ud83c\udf31<\/p>\n<\/li>\n<\/ul>\n<h3 data-start=\"1631\" data-end=\"1653\">\ud83d\udd27 <strong data-start=\"1638\" data-end=\"1653\">Materjalid:<\/strong><\/h3>\n<p data-start=\"1654\" data-end=\"1682\">Mimi madratsis on \u00fchendatud:<\/p>\n<ul data-start=\"1683\" data-end=\"1781\">\n<li data-start=\"1683\" data-end=\"1718\">\n<p data-start=\"1685\" data-end=\"1718\">\u2744\ufe0f <em data-start=\"1688\" data-end=\"1698\">Gel Foam<\/em> \u2013 jahutav mugavus<\/p>\n<\/li>\n<li data-start=\"1719\" data-end=\"1781\">\n<p data-start=\"1721\" data-end=\"1781\">\ud83d\udee1\ufe0f <em data-start=\"1725\" data-end=\"1738\">Silver Foam<\/em> \u2013 antibakteriaalne kaitse ja kindel tugi<\/p>\n<\/li>\n<\/ul>\n<h3 data-start=\"1788\" data-end=\"1807\">\u2705 <strong data-start=\"1794\" data-end=\"1807\">Garantii:<\/strong><\/h3>\n<p data-start=\"1808\" data-end=\"1860\">\ud83d\udccb 2-aastane piiratud garantii (kehtivad tingimused)<\/p>\n","protected":false},"featured_media":40992,"template":"","meta":{"_acf_changed":false},"product_cat":[284],"product_tag":[],"acf":[],"yoast_head":"<!-- This site is optimized with the Yoast SEO plugin v23.0 - https:\/\/yoast.com\/wordpress\/plugins\/seo\/ -->\n<title>070 Madrats Argent H10 - Folkland<\/title>\n<meta name=\"description\" content=\"Mimi laste madrats pakub tugevat tuge, jahutavat mugavust ja allergiavastast kaitset \u2013 ideaalne kasvavatele ja tundliku unega lastele.\" \/>\n<meta name=\"robots\" content=\"index, follow, max-snippet:-1, max-image-preview:large, max-video-preview:-1\" \/>\n<link rel=\"canonical\" href=\"https:\/\/www.folkland.lv\/et\/prece\/070-madrats-argent-h10\/\" \/>\n<meta property=\"og:locale\" content=\"et_EE\" \/>\n<meta property=\"og:type\" content=\"article\" \/>\n<meta property=\"og:title\" content=\"070 Madrats Argent H10 - Folkland\" \/>\n<meta property=\"og:description\" content=\"Mimi laste madrats pakub tugevat tuge, jahutavat mugavust ja allergiavastast kaitset \u2013 ideaalne kasvavatele ja tundliku unega lastele.\" \/>\n<meta property=\"og:url\" content=\"https:\/\/www.folkland.lv\/et\/prece\/070-madrats-argent-h10\/\" \/>\n<meta property=\"og:site_name\" content=\"Folkland\" \/>\n<meta property=\"article:modified_time\" content=\"2025-07-16T13:46:13+00:00\" \/>\n<meta property=\"og:image\" content=\"https:\/\/www.folkland.lv\/wp-content\/uploads\/2019\/10\/K13Mimi.webp\" \/>\n\t<meta property=\"og:image:width\" content=\"1920\" \/>\n\t<meta property=\"og:image:height\" content=\"1440\" \/>\n\t<meta property=\"og:image:type\" content=\"image\/webp\" \/>\n<meta name=\"twitter:card\" content=\"summary_large_image\" \/>\n<script type=\"application\/ld+json\" class=\"yoast-schema-graph\">{\"@context\":\"https:\/\/schema.org\",\"@graph\":[{\"@type\":\"WebPage\",\"@id\":\"https:\/\/www.folkland.lv\/et\/prece\/070-madrats-argent-h10\/\",\"url\":\"https:\/\/www.folkland.lv\/et\/prece\/070-madrats-argent-h10\/\",\"name\":\"070 Madrats Argent H10 - Folkland\",\"isPartOf\":{\"@id\":\"https:\/\/www.folkland.lv\/#website\"},\"primaryImageOfPage\":{\"@id\":\"https:\/\/www.folkland.lv\/et\/prece\/070-madrats-argent-h10\/#primaryimage\"},\"image\":{\"@id\":\"https:\/\/www.folkland.lv\/et\/prece\/070-madrats-argent-h10\/#primaryimage\"},\"thumbnailUrl\":\"https:\/\/www.folkland.lv\/wp-content\/uploads\/2019\/10\/K13Mimi.webp\",\"datePublished\":\"2021-03-07T18:00:41+00:00\",\"dateModified\":\"2025-07-16T13:46:13+00:00\",\"description\":\"Mimi laste madrats pakub tugevat tuge, jahutavat mugavust ja allergiavastast kaitset \u2013 ideaalne kasvavatele ja tundliku unega lastele.\",\"breadcrumb\":{\"@id\":\"https:\/\/www.folkland.lv\/et\/prece\/070-madrats-argent-h10\/#breadcrumb\"},\"inLanguage\":\"et\",\"potentialAction\":[{\"@type\":\"ReadAction\",\"target\":[\"https:\/\/www.folkland.lv\/et\/prece\/070-madrats-argent-h10\/\"]}]},{\"@type\":\"ImageObject\",\"inLanguage\":\"et\",\"@id\":\"https:\/\/www.folkland.lv\/et\/prece\/070-madrats-argent-h10\/#primaryimage\",\"url\":\"https:\/\/www.folkland.lv\/wp-content\/uploads\/2019\/10\/K13Mimi.webp\",\"contentUrl\":\"https:\/\/www.folkland.lv\/wp-content\/uploads\/2019\/10\/K13Mimi.webp\",\"width\":1920,\"height\":1440,\"caption\":\"Mimi matracis ir \u012bpa\u0161i izstr\u0101d\u0101ts, lai nodro\u0161in\u0101tu ide\u0101lu atbalstu un komfortu b\u0113rna miegam. Izmantoti moderni materi\u0101li \u2013 Silver Foam un Gel Foam, kas kop\u0101 nodro\u0161ina: stingru un ergonomisku balstu, optim\u0101lu \u0137erme\u0146a temperat\u016bru,mier\u012bgu un vesel\u012bgu miegu.\"},{\"@type\":\"BreadcrumbList\",\"@id\":\"https:\/\/www.folkland.lv\/et\/prece\/070-madrats-argent-h10\/#breadcrumb\",\"itemListElement\":[{\"@type\":\"ListItem\",\"position\":1,\"name\":\"Algus\",\"item\":\"https:\/\/www.folkland.lv\/et\/\"},{\"@type\":\"ListItem\",\"position\":2,\"name\":\"Pood\",\"item\":\"https:\/\/www.folkland.lv\/et\/pood\/\"},{\"@type\":\"ListItem\",\"position\":3,\"name\":\"070 Madrats Argent H10\"}]},{\"@type\":\"WebSite\",\"@id\":\"https:\/\/www.folkland.lv\/#website\",\"url\":\"https:\/\/www.folkland.lv\/\",\"name\":\"Folkland\",\"description\":\"\",\"potentialAction\":[{\"@type\":\"SearchAction\",\"target\":{\"@type\":\"EntryPoint\",\"urlTemplate\":\"https:\/\/www.folkland.lv\/?s={search_term_string}\"},\"query-input\":\"required name=search_term_string\"}],\"inLanguage\":\"et\"}]}<\/script>\n<!-- \/ Yoast SEO plugin. -->","yoast_head_json":{"title":"070 Madrats Argent H10 - Folkland","description":"Mimi laste madrats pakub tugevat tuge, jahutavat mugavust ja allergiavastast kaitset \u2013 ideaalne kasvavatele ja tundliku unega lastele.","robots":{"index":"index","follow":"follow","max-snippet":"max-snippet:-1","max-image-preview":"max-image-preview:large","max-video-preview":"max-video-preview:-1"},"canonical":"https:\/\/www.folkland.lv\/et\/prece\/070-madrats-argent-h10\/","og_locale":"et_EE","og_type":"article","og_title":"070 Madrats Argent H10 - Folkland","og_description":"Mimi laste madrats pakub tugevat tuge, jahutavat mugavust ja allergiavastast kaitset \u2013 ideaalne kasvavatele ja tundliku unega lastele.","og_url":"https:\/\/www.folkland.lv\/et\/prece\/070-madrats-argent-h10\/","og_site_name":"Folkland","article_modified_time":"2025-07-16T13:46:13+00:00","og_image":[{"width":1920,"height":1440,"url":"https:\/\/www.folkland.lv\/wp-content\/uploads\/2019\/10\/K13Mimi.webp","type":"image\/webp"}],"twitter_card":"summary_large_image","schema":{"@context":"https:\/\/schema.org","@graph":[{"@type":"WebPage","@id":"https:\/\/www.folkland.lv\/et\/prece\/070-madrats-argent-h10\/","url":"https:\/\/www.folkland.lv\/et\/prece\/070-madrats-argent-h10\/","name":"070 Madrats Argent H10 - Folkland","isPartOf":{"@id":"https:\/\/www.folkland.lv\/#website"},"primaryImageOfPage":{"@id":"https:\/\/www.folkland.lv\/et\/prece\/070-madrats-argent-h10\/#primaryimage"},"image":{"@id":"https:\/\/www.folkland.lv\/et\/prece\/070-madrats-argent-h10\/#primaryimage"},"thumbnailUrl":"https:\/\/www.folkland.lv\/wp-content\/uploads\/2019\/10\/K13Mimi.webp","datePublished":"2021-03-07T18:00:41+00:00","dateModified":"2025-07-16T13:46:13+00:00","description":"Mimi laste madrats pakub tugevat tuge, jahutavat mugavust ja allergiavastast kaitset \u2013 ideaalne kasvavatele ja tundliku unega lastele.","breadcrumb":{"@id":"https:\/\/www.folkland.lv\/et\/prece\/070-madrats-argent-h10\/#breadcrumb"},"inLanguage":"et","potentialAction":[{"@type":"ReadAction","target":["https:\/\/www.folkland.lv\/et\/prece\/070-madrats-argent-h10\/"]}]},{"@type":"ImageObject","inLanguage":"et","@id":"https:\/\/www.folkland.lv\/et\/prece\/070-madrats-argent-h10\/#primaryimage","url":"https:\/\/www.folkland.lv\/wp-content\/uploads\/2019\/10\/K13Mimi.webp","contentUrl":"https:\/\/www.folkland.lv\/wp-content\/uploads\/2019\/10\/K13Mimi.webp","width":1920,"height":1440,"caption":"Mimi matracis ir \u012bpa\u0161i izstr\u0101d\u0101ts, lai nodro\u0161in\u0101tu ide\u0101lu atbalstu un komfortu b\u0113rna miegam. Izmantoti moderni materi\u0101li \u2013 Silver Foam un Gel Foam, kas kop\u0101 nodro\u0161ina: stingru un ergonomisku balstu, optim\u0101lu \u0137erme\u0146a temperat\u016bru,mier\u012bgu un vesel\u012bgu miegu."},{"@type":"BreadcrumbList","@id":"https:\/\/www.folkland.lv\/et\/prece\/070-madrats-argent-h10\/#breadcrumb","itemListElement":[{"@type":"ListItem","position":1,"name":"Algus","item":"https:\/\/www.folkland.lv\/et\/"},{"@type":"ListItem","position":2,"name":"Pood","item":"https:\/\/www.folkland.lv\/et\/pood\/"},{"@type":"ListItem","position":3,"name":"070 Madrats Argent H10"}]},{"@type":"WebSite","@id":"https:\/\/www.folkland.lv\/#website","url":"https:\/\/www.folkland.lv\/","name":"Folkland","description":"","potentialAction":[{"@type":"SearchAction","target":{"@type":"EntryPoint","urlTemplate":"https:\/\/www.folkland.lv\/?s={search_term_string}"},"query-input":"required name=search_term_string"}],"inLanguage":"et"}]}},"_links":{"self":[{"href":"https:\/\/www.folkland.lv\/et\/wp-json\/wp\/v2\/product\/10694"}],"collection":[{"href":"https:\/\/www.folkland.lv\/et\/wp-json\/wp\/v2\/product"}],"about":[{"href":"https:\/\/www.folkland.lv\/et\/wp-json\/wp\/v2\/types\/product"}],"version-history":[{"count":1,"href":"https:\/\/www.folkland.lv\/et\/wp-json\/wp\/v2\/product\/10694\/revisions"}],"predecessor-version":[{"id":40996,"href":"https:\/\/www.folkland.lv\/et\/wp-json\/wp\/v2\/product\/10694\/revisions\/40996"}],"wp:featuredmedia":[{"embeddable":true,"href":"https:\/\/www.folkland.lv\/et\/wp-json\/wp\/v2\/media\/40992"}],"wp:attachment":[{"href":"https:\/\/www.folkland.lv\/et\/wp-json\/wp\/v2\/media?parent=10694"}],"wp:term":[{"taxonomy":"product_cat","embeddable":true,"href":"https:\/\/www.folkland.lv\/et\/wp-json\/wp\/v2\/product_cat?post=10694"},{"taxonomy":"product_tag","embeddable":true,"href":"https:\/\/www.folkland.lv\/et\/wp-json\/wp\/v2\/product_tag?post=10694"}],"curies":[{"name":"wp","href":"https:\/\/api.w.org\/{rel}","templated":true}]}}