{"id":10601,"date":"2019-11-27T09:24:23","date_gmt":"2021-03-07T17:58:24","guid":{"rendered":"https:\/\/www.folkland.lv\/?post_type=product&#038;p=10601"},"modified":"2023-08-23T15:55:34","modified_gmt":"2023-08-23T12:55:34","slug":"063-laste-maja-voodi-smart-90cm-x-180cm-x-h210cm-valge-roosa","status":"publish","type":"product","link":"https:\/\/www.folkland.lv\/et\/prece\/063-laste-maja-voodi-smart-90cm-x-180cm-x-h210cm-valge-roosa\/","title":{"rendered":"408 Laste \u201cMaja-voodi\u201d Smart 90cm x 180cm x H210cm Valge\/roosa"},"content":{"rendered":"<p>Voodi m\u00f5\u00f5dud:<br \/>\nLaius \u2013 90cm;<br \/>\nPikkus \u2013 180cm;<br \/>\nKatuse k\u00f5rgus\u2013 210cm;<br \/>\nK\u00f5rgus magamisaseni \u2013 90cm;<br \/>\nRedeli laius\u2013 48cm;<br \/>\nSissep\u00e4\u00e4su laius\u2013 39cm;<br \/>\nKomplekti kuuluvad madratsi tugiliistud;<br \/>\nKomplekti kuuluvad kinnitusvahendid ja paigaldusjuhend;<br \/>\nKomplekt vajab kokkupanekut;<br \/>\nTarnitakse osadeks v\u00f5etuna (pakend, kartongkarp, PVC-kile)<\/p>\n<p>Madratsid:<br \/>\nMadratsite valik men\u00fc\u00fc alt-&gt; Madratsid<\/p>\n<p>Madrats \u201cARGENT\u201d 80cm x 170 x H10cm (Madratsi p\u00f5hikoostis: Silvertex vahuplokk);<br \/>\nMadrats \u201cTEXAS KID\u201d 80cm x 170 x H10cm (Madratsi p\u00f5hikoostis: kombinatsioon kookoskiust ja Silvertex vahust);<br \/>\nMadrats \u201cTEXAS KID + \u201d 80cm x 170 x H11cm (Madratsi p\u00f5hikoostis: kombinatsioon kookoskiust ja Silvertex vahust);<br \/>\nMadrats \u201d LATEX 3+7 SILVER \u201d 80cm x 170 x H10cm (Madratsi p\u00f5hikoostis: kombinatsioon Silvertex vahust ja lateksist);<br \/>\nMadrats \u201d BUFFALO \u201d 80cm x 170 x H13cm (Madratsi p\u00f5hikoostis: kombinatsioon kookoskiust ja Silvertex vahust);<br \/>\nMadrats \u201d TORONTO \u201d 80cm x 170 x H11cm (Madratsi p\u00f5hikoostis: kombinatsioon kookoskiust ja AiryTex materjalist);<br \/>\nMadrats \u201d MEMORY 3 + 7 SILVER \u201d 80cm x 170 x H10cm (Madratsi p\u00f5hikoostis: kombinatsioon Memory ja Silvertex vahuplokist);<br \/>\nMadrats \u201d COMFORT LUX \u201d 80cm x 170 x H10cm (Madratsi p\u00f5hikoostis: kombinatsioon Silvertex vahust ja lateksi vahuplokist);<br \/>\nMadrats \u201d PREMIUM \u201d 80cm x 170 x H10cm (Madratsi p\u00f5hikoostis: perforeeritud lateksi ja kookoskiu mattide kompositsioon);<br \/>\nMadrats \u201d JOY \u201d 80cm x 170 x H10cm (Madratsi p\u00f5hikoostis: perforeeritud lateksi ja kookoskiu mattide kompositsioon);<br \/>\nMadrats \u201d LORD \u201d 80cm x 170 x H11cm (Madratsi p\u00f5hikoostis: perforeeritud lateksi monoplokk \u2013 loomulik vahut\u00e4idis, j\u00e4lgib anatoomiliselt keha jooni);<br \/>\nMadrats \u201d PEGAS LUX \u201d 80cm x 170 x H11cm (Madratsi p\u00f5hi on kombineeritud lateksi kihist ja hobusej\u00f5hvist. Hobusej\u00f5hv \u2013 looduslik materjal, millel on hea termoregulatsioon ning suurep\u00e4rane deformatsioonile vastupidav omadus);<br \/>\nVoodipesu:<br \/>\nVoodipesu, mis sobib kokku just meie toodetud voodi-maja vooditega v\u00f5ite leida men\u00fc\u00fc alt-&gt; Voodipesu<br \/>\nPuuvillane laste voodipesukomplekt kahepoolse mustriga valmistatud l\u00f5ngast, mis on m\u00e4rgistatud OEKO-TEX standard 100 sertifikaadiga I tooteklassile. Seega v\u00f5ite olla kindel, et tootmisprotsessis ei kasutata v\u00e4rve ja kemikaale, mis v\u00f5ivad kahjustada laste tervist;;<br \/>\nTekk + tekikott (puuvill) \u2013 100cm x 170cm;<br \/>\nPadi + Padjap\u00fc\u00fcr (puuvill) \u2013 40cm x 60cm;<br \/>\nPadi + Padjap\u00fc\u00fcr (puuvill) \u2013 40cm x 40cm;<br \/>\nKummiga voodilina (puuvill) \u2013 80cm x 170cm;<br \/>\nMaterjal \u2013\u00a0M\u00e4nd t\u00e4ispuit;<br \/>\nT\u00f6\u00f6tlemine \u2013\u00a0EKO v\u00e4rv Green line Furniture (etten\u00e4htud spetsiaalselt laste m\u00f6\u00f6bli sarjadele)<br \/>\nV\u00e4rv \u2013 Valge\/roosa;<br \/>\nVoodipesu, ning teised interj\u00f6\u00f6ri aksessuaarid ei kuulu voodi hinna sisse.<br \/>\nValmistamine ja tarne 1-2 n\u00e4dalat, kui toode on laost otsas;<\/p>\n","protected":false},"excerpt":{"rendered":"<p>Voodi m\u00f5\u00f5dud: Laius \u2013 90cm; Pikkus \u2013 180cm; Katuse k\u00f5rgus\u2013 210cm; K\u00f5rgus magamisaseni \u2013 90cm; Redeli laius\u2013 48cm; Sissep\u00e4\u00e4su laius\u2013<\/p>\n","protected":false},"featured_media":10693,"template":"","meta":{"_acf_changed":false},"product_cat":[537,279,282],"product_tag":[],"acf":[],"yoast_head":"<!-- This site is optimized with the Yoast SEO plugin v23.0 - https:\/\/yoast.com\/wordpress\/plugins\/seo\/ -->\n<title>408 Laste \u201cMaja-voodi\u201d Smart 90cm x 180cm x H210cm Valge\/roosa - Folkland<\/title>\n<meta name=\"robots\" content=\"index, follow, max-snippet:-1, max-image-preview:large, max-video-preview:-1\" \/>\n<link rel=\"canonical\" href=\"https:\/\/www.folkland.lv\/et\/prece\/063-laste-maja-voodi-smart-90cm-x-180cm-x-h210cm-valge-roosa\/\" \/>\n<meta property=\"og:locale\" content=\"et_EE\" \/>\n<meta property=\"og:type\" content=\"article\" \/>\n<meta property=\"og:title\" content=\"408 Laste \u201cMaja-voodi\u201d Smart 90cm x 180cm x H210cm Valge\/roosa - Folkland\" \/>\n<meta property=\"og:description\" content=\"Voodi m\u00f5\u00f5dud: Laius \u2013 90cm; Pikkus \u2013 180cm; Katuse k\u00f5rgus\u2013 210cm; K\u00f5rgus magamisaseni \u2013 90cm; Redeli laius\u2013 48cm; Sissep\u00e4\u00e4su laius\u2013\" \/>\n<meta property=\"og:url\" content=\"https:\/\/www.folkland.lv\/et\/prece\/063-laste-maja-voodi-smart-90cm-x-180cm-x-h210cm-valge-roosa\/\" \/>\n<meta property=\"og:site_name\" content=\"Folkland\" \/>\n<meta property=\"article:modified_time\" content=\"2023-08-23T12:55:34+00:00\" \/>\n<meta property=\"og:image\" content=\"https:\/\/www.folkland.lv\/wp-content\/uploads\/2019\/11\/IMG_0660c.jpg\" \/>\n\t<meta property=\"og:image:width\" content=\"1100\" \/>\n\t<meta property=\"og:image:height\" content=\"1100\" \/>\n\t<meta property=\"og:image:type\" content=\"image\/jpeg\" \/>\n<meta name=\"twitter:card\" content=\"summary_large_image\" \/>\n<meta name=\"twitter:label1\" content=\"Est. reading time\" \/>\n\t<meta name=\"twitter:data1\" content=\"2 minutit\" \/>\n<script type=\"application\/ld+json\" class=\"yoast-schema-graph\">{\"@context\":\"https:\/\/schema.org\",\"@graph\":[{\"@type\":\"WebPage\",\"@id\":\"https:\/\/www.folkland.lv\/et\/prece\/063-laste-maja-voodi-smart-90cm-x-180cm-x-h210cm-valge-roosa\/\",\"url\":\"https:\/\/www.folkland.lv\/et\/prece\/063-laste-maja-voodi-smart-90cm-x-180cm-x-h210cm-valge-roosa\/\",\"name\":\"408 Laste \u201cMaja-voodi\u201d Smart 90cm x 180cm x H210cm Valge\/roosa - Folkland\",\"isPartOf\":{\"@id\":\"https:\/\/www.folkland.lv\/#website\"},\"primaryImageOfPage\":{\"@id\":\"https:\/\/www.folkland.lv\/et\/prece\/063-laste-maja-voodi-smart-90cm-x-180cm-x-h210cm-valge-roosa\/#primaryimage\"},\"image\":{\"@id\":\"https:\/\/www.folkland.lv\/et\/prece\/063-laste-maja-voodi-smart-90cm-x-180cm-x-h210cm-valge-roosa\/#primaryimage\"},\"thumbnailUrl\":\"https:\/\/www.folkland.lv\/wp-content\/uploads\/2019\/11\/IMG_0660c.jpg\",\"datePublished\":\"2021-03-07T17:58:24+00:00\",\"dateModified\":\"2023-08-23T12:55:34+00:00\",\"breadcrumb\":{\"@id\":\"https:\/\/www.folkland.lv\/et\/prece\/063-laste-maja-voodi-smart-90cm-x-180cm-x-h210cm-valge-roosa\/#breadcrumb\"},\"inLanguage\":\"et\",\"potentialAction\":[{\"@type\":\"ReadAction\",\"target\":[\"https:\/\/www.folkland.lv\/et\/prece\/063-laste-maja-voodi-smart-90cm-x-180cm-x-h210cm-valge-roosa\/\"]}]},{\"@type\":\"ImageObject\",\"inLanguage\":\"et\",\"@id\":\"https:\/\/www.folkland.lv\/et\/prece\/063-laste-maja-voodi-smart-90cm-x-180cm-x-h210cm-valge-roosa\/#primaryimage\",\"url\":\"https:\/\/www.folkland.lv\/wp-content\/uploads\/2019\/11\/IMG_0660c.jpg\",\"contentUrl\":\"https:\/\/www.folkland.lv\/wp-content\/uploads\/2019\/11\/IMG_0660c.jpg\",\"width\":1100,\"height\":1100},{\"@type\":\"BreadcrumbList\",\"@id\":\"https:\/\/www.folkland.lv\/et\/prece\/063-laste-maja-voodi-smart-90cm-x-180cm-x-h210cm-valge-roosa\/#breadcrumb\",\"itemListElement\":[{\"@type\":\"ListItem\",\"position\":1,\"name\":\"Algus\",\"item\":\"https:\/\/www.folkland.lv\/et\/\"},{\"@type\":\"ListItem\",\"position\":2,\"name\":\"Pood\",\"item\":\"https:\/\/www.folkland.lv\/et\/pood\/\"},{\"@type\":\"ListItem\",\"position\":3,\"name\":\"408 Laste \u201cMaja-voodi\u201d Smart 90cm x 180cm x H210cm Valge\/roosa\"}]},{\"@type\":\"WebSite\",\"@id\":\"https:\/\/www.folkland.lv\/#website\",\"url\":\"https:\/\/www.folkland.lv\/\",\"name\":\"Folkland\",\"description\":\"\",\"potentialAction\":[{\"@type\":\"SearchAction\",\"target\":{\"@type\":\"EntryPoint\",\"urlTemplate\":\"https:\/\/www.folkland.lv\/?s={search_term_string}\"},\"query-input\":\"required name=search_term_string\"}],\"inLanguage\":\"et\"}]}<\/script>\n<!-- \/ Yoast SEO plugin. -->","yoast_head_json":{"title":"408 Laste \u201cMaja-voodi\u201d Smart 90cm x 180cm x H210cm Valge\/roosa - Folkland","robots":{"index":"index","follow":"follow","max-snippet":"max-snippet:-1","max-image-preview":"max-image-preview:large","max-video-preview":"max-video-preview:-1"},"canonical":"https:\/\/www.folkland.lv\/et\/prece\/063-laste-maja-voodi-smart-90cm-x-180cm-x-h210cm-valge-roosa\/","og_locale":"et_EE","og_type":"article","og_title":"408 Laste \u201cMaja-voodi\u201d Smart 90cm x 180cm x H210cm Valge\/roosa - Folkland","og_description":"Voodi m\u00f5\u00f5dud: Laius \u2013 90cm; Pikkus \u2013 180cm; Katuse k\u00f5rgus\u2013 210cm; K\u00f5rgus magamisaseni \u2013 90cm; Redeli laius\u2013 48cm; Sissep\u00e4\u00e4su laius\u2013","og_url":"https:\/\/www.folkland.lv\/et\/prece\/063-laste-maja-voodi-smart-90cm-x-180cm-x-h210cm-valge-roosa\/","og_site_name":"Folkland","article_modified_time":"2023-08-23T12:55:34+00:00","og_image":[{"width":1100,"height":1100,"url":"https:\/\/www.folkland.lv\/wp-content\/uploads\/2019\/11\/IMG_0660c.jpg","type":"image\/jpeg"}],"twitter_card":"summary_large_image","twitter_misc":{"Est. reading time":"2 minutit"},"schema":{"@context":"https:\/\/schema.org","@graph":[{"@type":"WebPage","@id":"https:\/\/www.folkland.lv\/et\/prece\/063-laste-maja-voodi-smart-90cm-x-180cm-x-h210cm-valge-roosa\/","url":"https:\/\/www.folkland.lv\/et\/prece\/063-laste-maja-voodi-smart-90cm-x-180cm-x-h210cm-valge-roosa\/","name":"408 Laste \u201cMaja-voodi\u201d Smart 90cm x 180cm x H210cm Valge\/roosa - Folkland","isPartOf":{"@id":"https:\/\/www.folkland.lv\/#website"},"primaryImageOfPage":{"@id":"https:\/\/www.folkland.lv\/et\/prece\/063-laste-maja-voodi-smart-90cm-x-180cm-x-h210cm-valge-roosa\/#primaryimage"},"image":{"@id":"https:\/\/www.folkland.lv\/et\/prece\/063-laste-maja-voodi-smart-90cm-x-180cm-x-h210cm-valge-roosa\/#primaryimage"},"thumbnailUrl":"https:\/\/www.folkland.lv\/wp-content\/uploads\/2019\/11\/IMG_0660c.jpg","datePublished":"2021-03-07T17:58:24+00:00","dateModified":"2023-08-23T12:55:34+00:00","breadcrumb":{"@id":"https:\/\/www.folkland.lv\/et\/prece\/063-laste-maja-voodi-smart-90cm-x-180cm-x-h210cm-valge-roosa\/#breadcrumb"},"inLanguage":"et","potentialAction":[{"@type":"ReadAction","target":["https:\/\/www.folkland.lv\/et\/prece\/063-laste-maja-voodi-smart-90cm-x-180cm-x-h210cm-valge-roosa\/"]}]},{"@type":"ImageObject","inLanguage":"et","@id":"https:\/\/www.folkland.lv\/et\/prece\/063-laste-maja-voodi-smart-90cm-x-180cm-x-h210cm-valge-roosa\/#primaryimage","url":"https:\/\/www.folkland.lv\/wp-content\/uploads\/2019\/11\/IMG_0660c.jpg","contentUrl":"https:\/\/www.folkland.lv\/wp-content\/uploads\/2019\/11\/IMG_0660c.jpg","width":1100,"height":1100},{"@type":"BreadcrumbList","@id":"https:\/\/www.folkland.lv\/et\/prece\/063-laste-maja-voodi-smart-90cm-x-180cm-x-h210cm-valge-roosa\/#breadcrumb","itemListElement":[{"@type":"ListItem","position":1,"name":"Algus","item":"https:\/\/www.folkland.lv\/et\/"},{"@type":"ListItem","position":2,"name":"Pood","item":"https:\/\/www.folkland.lv\/et\/pood\/"},{"@type":"ListItem","position":3,"name":"408 Laste \u201cMaja-voodi\u201d Smart 90cm x 180cm x H210cm Valge\/roosa"}]},{"@type":"WebSite","@id":"https:\/\/www.folkland.lv\/#website","url":"https:\/\/www.folkland.lv\/","name":"Folkland","description":"","potentialAction":[{"@type":"SearchAction","target":{"@type":"EntryPoint","urlTemplate":"https:\/\/www.folkland.lv\/?s={search_term_string}"},"query-input":"required name=search_term_string"}],"inLanguage":"et"}]}},"_links":{"self":[{"href":"https:\/\/www.folkland.lv\/et\/wp-json\/wp\/v2\/product\/10601"}],"collection":[{"href":"https:\/\/www.folkland.lv\/et\/wp-json\/wp\/v2\/product"}],"about":[{"href":"https:\/\/www.folkland.lv\/et\/wp-json\/wp\/v2\/types\/product"}],"version-history":[{"count":1,"href":"https:\/\/www.folkland.lv\/et\/wp-json\/wp\/v2\/product\/10601\/revisions"}],"predecessor-version":[{"id":37845,"href":"https:\/\/www.folkland.lv\/et\/wp-json\/wp\/v2\/product\/10601\/revisions\/37845"}],"wp:featuredmedia":[{"embeddable":true,"href":"https:\/\/www.folkland.lv\/et\/wp-json\/wp\/v2\/media\/10693"}],"wp:attachment":[{"href":"https:\/\/www.folkland.lv\/et\/wp-json\/wp\/v2\/media?parent=10601"}],"wp:term":[{"taxonomy":"product_cat","embeddable":true,"href":"https:\/\/www.folkland.lv\/et\/wp-json\/wp\/v2\/product_cat?post=10601"},{"taxonomy":"product_tag","embeddable":true,"href":"https:\/\/www.folkland.lv\/et\/wp-json\/wp\/v2\/product_tag?post=10601"}],"curies":[{"name":"wp","href":"https:\/\/api.w.org\/{rel}","templated":true}]}}