{"id":10597,"date":"2019-01-11T13:12:32","date_gmt":"2021-03-07T17:29:20","guid":{"rendered":"https:\/\/www.folkland.lv\/?post_type=product&#038;p=10597"},"modified":"2023-08-23T15:54:47","modified_gmt":"2023-08-23T12:54:47","slug":"059-laste-kahekorruseline-narivoodi-voodimajakene-90cm-x-190cm-x-h204cm-valge","status":"publish","type":"product","link":"https:\/\/www.folkland.lv\/et\/prece\/059-laste-kahekorruseline-narivoodi-voodimajakene-90cm-x-190cm-x-h204cm-valge\/","title":{"rendered":"404 Laste kahekorruseline narivoodi \u201cVoodimajakene\u201d 90cm x 190cm x H204cm valge"},"content":{"rendered":"<p>Voodi m\u00f5\u00f5dud:<br \/>\nLaius \u2013 90cm;<br \/>\nPikkus \u2013 190cm;<br \/>\nKatuse k\u00f5rgus\u2013 204cm;<br \/>\nK\u00f5rgus madratsini \u2013 20cm;<br \/>\nKorruste vaheline k\u00f5rgus \u2013 91cm;<br \/>\nRedeli laius \u2013 48cm;<br \/>\nVoodip\u00e4\u00e4s 1 korrus\u2013 54cm;<br \/>\nSissep\u00e4\u00e4su laius 2 korrus \u2013 39cm;<br \/>\nKomplekti kuuluvad madratsi tugiliistud;<br \/>\nKomplekti kuuluvad kinnitusvahendid ja paigaldusjuhend;<br \/>\nKomplekt vajab kokkupanekut;<br \/>\nTarnitakse osadeks v\u00f5etuna (pakend, kartongkarp, PVC-kile);<br \/>\nMadratsid:<br \/>\nMadratsite valik men\u00fc\u00fc alt-&gt;\u00a0Lastele\u00a0-&gt;Madratsid<\/p>\n<p>Madrats \u201cARGENT\u201d 80cm x 180 x H10cm (Madratsi p\u00f5hikoostis: Silvertex vahuplokk);<br \/>\nMadrats \u201cTEXAS KID\u201d 80cm x 180 x H10cm (Madratsi p\u00f5hikoostis: kombineeritud kookoskiust ja Silvertex vahust );<br \/>\nMadrats \u201cTEXAS KID + \u201d 80cm x 180 x H11cm (Madratsi p\u00f5hikoostis: kombinatsioon kookoskiust ja Silvertex vahust);<br \/>\nMadrats \u201d LATEX 3+7 SILVER \u201d 80cm x 180 x H10cm (Madratsi p\u00f5hikoostis: Kombinatsioon Silvertex vahust ja lateksist);<br \/>\nMadrats \u201d BUFFALO \u201d 80cm x 180 x H13cm (Madratsi p\u00f5hikoostis: kombinatsioon kookoskiust ja Silvertex vahust);<br \/>\nMadrats \u201d TORONTO \u201d 80cm x 180 x H11cm (Madratsi p\u00f5hikoostis: kombinatsioon kookoskiust ja AiryTex materjalist);<br \/>\nMadrats \u201d MEMORY 3 + 7 SILVER \u201d 80cm x 180 x H10cm (Madratsi p\u00f5hikoostis: kombinatsioon Memory ja Silvertex vahuplokist);<br \/>\nMadrats \u201d COMFORT LUX \u201d 80cm x 180 x H10cm (Madratsi p\u00f5hikoostis: kombinatsioon Silvertex vahust ja lateksi vahuplokist);<br \/>\nMadrats \u201d PREMIUM \u201d 80cm x 180 x H10cm (Madratsi p\u00f5hikoostis: perforeeritud lateksi ja kookoskiu mattide kompositsioon);<br \/>\nMadrats \u201d JOY \u201d 80cm x 180 x H10cm (Madratsi p\u00f5hikoostis: perforeeritud lateksi ja kookoskiu mattide kompositsioon);<br \/>\nMadrats \u201d LORD \u201d 80cm x 180 x H11cm (Madratsi p\u00f5hikoostis: perforeeritud lateksi monoplokk \u2013 loomulik vahut\u00e4idis, j\u00e4lgib anatoomiliselt keha jooni);<br \/>\nMadrats \u201d PEGAS LUX \u201d 80cm x 180 x H11cm (Madratsi p\u00f5hi on kombineeritud lateksi kihist ja hobusej\u00f5hvist. Hobusej\u00f5hv \u2013 looduslik materjal, millel on hea termoregulatsioon ning suurep\u00e4rane deformatsioonile vastupidav omadus);<br \/>\nVoodipesu:<br \/>\nVoodipesu, mis sobib kokku just meie toodetud voodi-maja vooditega v\u00f5ite leida men\u00fc\u00fc alt-&gt;\u00a0Lastele -&gt;\u00a0Voodipesu<br \/>\nPuuvillane laste voodipesukomplekt kahepoolse mustriga valmistatud l\u00f5ngast, mis on m\u00e4rgistatud OEKO-TEX standard 100 sertifikaadiga I tooteklassile. Seega v\u00f5ite olla kindel, et tootmisprotsessis ei kasutata v\u00e4rve ja kemikaale, mis v\u00f5ivad kahjustada laste tervist;<br \/>\nTekk + tekikott (puuvill) \u2013 100cm x 170cm;<br \/>\nPadi + Padjap\u00fc\u00fcr (puuvill) \u2013 40cm x 60cm;<br \/>\nPadi + Padjap\u00fc\u00fcr (puuvill) \u2013 40cm x 40cm;<br \/>\nKummiga voodilina (puuvill) \u2013 80cm x 170cm;<br \/>\nTranspordim\u00f5\u00f5dud:<br \/>\n1 kast \u2013 K\u00f5rgus\u00a022cm\u00a0x Laius\u00a035cm x Pikkus\u00a0183cm \u2013\u00a024kg;<br \/>\n2 kast \u2013 K\u00f5rgus\u00a014cm\u00a0x Laius\u00a090cm x Pikkus\u00a0161cm \u2013\u00a022.5kg;<br \/>\n3 kast \u2013 K\u00f5rgus\u00a018cm\u00a0x Laius\u00a085cm x Pikkus\u00a0175cm \u2013\u00a013.5kg;<br \/>\nMaterjal \u2013 M\u00e4nd t\u00e4ispuit;<br \/>\nT\u00f6\u00f6tlemine \u2013 EKO v\u00e4rv Green line Furniture (etten\u00e4htud spetsiaalselt laste m\u00f6\u00f6bli sarjadele);<br \/>\nV\u00e4rv \u2013 Valge;<br \/>\nVoodipesu, ning teised interj\u00f6\u00f6ri aksessuaarid ei kuulu voodi hinna sisse;<br \/>\nValmistamine ja tarne 1-2 n\u00e4dalat, kui toode on laost otsas;<\/p>\n","protected":false},"excerpt":{"rendered":"<p>Laste Voodi-majake sahtlitega.<br \/>\nL\u00e4tis toodetud t\u00e4ispuidust voodi L\u00e4tis kasvanud m\u00e4nnist. Voodi on valmistatud t\u00e4ispuidust m\u00e4nnist, tugeva ja kindla konstruktsiooniga. Voodi disain on v\u00e4ga kerge ja lihtne, mis sobib sama h\u00e4sti nii klassikalise interj\u00f6\u00f6riga, kui ka maamaja v\u00f5i puhkekodu sisustusega.<\/p>\n","protected":false},"featured_media":10650,"template":"","meta":{"_acf_changed":false},"product_cat":[282],"product_tag":[],"acf":[],"yoast_head":"<!-- This site is optimized with the Yoast SEO plugin v23.0 - https:\/\/yoast.com\/wordpress\/plugins\/seo\/ -->\n<title>404 Laste kahekorruseline narivoodi \u201cVoodimajakene\u201d 90cm x 190cm x H204cm valge - Folkland<\/title>\n<meta name=\"robots\" content=\"index, follow, max-snippet:-1, max-image-preview:large, max-video-preview:-1\" \/>\n<link rel=\"canonical\" href=\"https:\/\/www.folkland.lv\/et\/prece\/059-laste-kahekorruseline-narivoodi-voodimajakene-90cm-x-190cm-x-h204cm-valge\/\" \/>\n<meta property=\"og:locale\" content=\"et_EE\" \/>\n<meta property=\"og:type\" content=\"article\" \/>\n<meta property=\"og:title\" content=\"404 Laste kahekorruseline narivoodi \u201cVoodimajakene\u201d 90cm x 190cm x H204cm valge - Folkland\" \/>\n<meta property=\"og:description\" content=\"Laste Voodi-majake sahtlitega. L\u00e4tis toodetud t\u00e4ispuidust voodi L\u00e4tis kasvanud m\u00e4nnist. Voodi on valmistatud t\u00e4ispuidust m\u00e4nnist, tugeva ja kindla konstruktsiooniga. Voodi disain on v\u00e4ga kerge ja lihtne, mis sobib sama h\u00e4sti nii klassikalise interj\u00f6\u00f6riga, kui ka maamaja v\u00f5i puhkekodu sisustusega.\" \/>\n<meta property=\"og:url\" content=\"https:\/\/www.folkland.lv\/et\/prece\/059-laste-kahekorruseline-narivoodi-voodimajakene-90cm-x-190cm-x-h204cm-valge\/\" \/>\n<meta property=\"og:site_name\" content=\"Folkland\" \/>\n<meta property=\"article:modified_time\" content=\"2023-08-23T12:54:47+00:00\" \/>\n<meta property=\"og:image\" content=\"https:\/\/www.folkland.lv\/wp-content\/uploads\/2019\/01\/IMG_1166c-1.jpg\" \/>\n\t<meta property=\"og:image:width\" content=\"1650\" \/>\n\t<meta property=\"og:image:height\" content=\"1100\" \/>\n\t<meta property=\"og:image:type\" content=\"image\/jpeg\" \/>\n<meta name=\"twitter:card\" content=\"summary_large_image\" \/>\n<meta name=\"twitter:label1\" content=\"Est. reading time\" \/>\n\t<meta name=\"twitter:data1\" content=\"2 minutit\" \/>\n<script type=\"application\/ld+json\" class=\"yoast-schema-graph\">{\"@context\":\"https:\/\/schema.org\",\"@graph\":[{\"@type\":\"WebPage\",\"@id\":\"https:\/\/www.folkland.lv\/et\/prece\/059-laste-kahekorruseline-narivoodi-voodimajakene-90cm-x-190cm-x-h204cm-valge\/\",\"url\":\"https:\/\/www.folkland.lv\/et\/prece\/059-laste-kahekorruseline-narivoodi-voodimajakene-90cm-x-190cm-x-h204cm-valge\/\",\"name\":\"404 Laste kahekorruseline narivoodi \u201cVoodimajakene\u201d 90cm x 190cm x H204cm valge - Folkland\",\"isPartOf\":{\"@id\":\"https:\/\/www.folkland.lv\/#website\"},\"primaryImageOfPage\":{\"@id\":\"https:\/\/www.folkland.lv\/et\/prece\/059-laste-kahekorruseline-narivoodi-voodimajakene-90cm-x-190cm-x-h204cm-valge\/#primaryimage\"},\"image\":{\"@id\":\"https:\/\/www.folkland.lv\/et\/prece\/059-laste-kahekorruseline-narivoodi-voodimajakene-90cm-x-190cm-x-h204cm-valge\/#primaryimage\"},\"thumbnailUrl\":\"https:\/\/www.folkland.lv\/wp-content\/uploads\/2019\/01\/IMG_1166c-1.jpg\",\"datePublished\":\"2021-03-07T17:29:20+00:00\",\"dateModified\":\"2023-08-23T12:54:47+00:00\",\"breadcrumb\":{\"@id\":\"https:\/\/www.folkland.lv\/et\/prece\/059-laste-kahekorruseline-narivoodi-voodimajakene-90cm-x-190cm-x-h204cm-valge\/#breadcrumb\"},\"inLanguage\":\"et\",\"potentialAction\":[{\"@type\":\"ReadAction\",\"target\":[\"https:\/\/www.folkland.lv\/et\/prece\/059-laste-kahekorruseline-narivoodi-voodimajakene-90cm-x-190cm-x-h204cm-valge\/\"]}]},{\"@type\":\"ImageObject\",\"inLanguage\":\"et\",\"@id\":\"https:\/\/www.folkland.lv\/et\/prece\/059-laste-kahekorruseline-narivoodi-voodimajakene-90cm-x-190cm-x-h204cm-valge\/#primaryimage\",\"url\":\"https:\/\/www.folkland.lv\/wp-content\/uploads\/2019\/01\/IMG_1166c-1.jpg\",\"contentUrl\":\"https:\/\/www.folkland.lv\/wp-content\/uploads\/2019\/01\/IMG_1166c-1.jpg\",\"width\":1650,\"height\":1100},{\"@type\":\"BreadcrumbList\",\"@id\":\"https:\/\/www.folkland.lv\/et\/prece\/059-laste-kahekorruseline-narivoodi-voodimajakene-90cm-x-190cm-x-h204cm-valge\/#breadcrumb\",\"itemListElement\":[{\"@type\":\"ListItem\",\"position\":1,\"name\":\"Algus\",\"item\":\"https:\/\/www.folkland.lv\/et\/\"},{\"@type\":\"ListItem\",\"position\":2,\"name\":\"Pood\",\"item\":\"https:\/\/www.folkland.lv\/et\/pood\/\"},{\"@type\":\"ListItem\",\"position\":3,\"name\":\"404 Laste kahekorruseline narivoodi \u201cVoodimajakene\u201d 90cm x 190cm x H204cm valge\"}]},{\"@type\":\"WebSite\",\"@id\":\"https:\/\/www.folkland.lv\/#website\",\"url\":\"https:\/\/www.folkland.lv\/\",\"name\":\"Folkland\",\"description\":\"\",\"potentialAction\":[{\"@type\":\"SearchAction\",\"target\":{\"@type\":\"EntryPoint\",\"urlTemplate\":\"https:\/\/www.folkland.lv\/?s={search_term_string}\"},\"query-input\":\"required name=search_term_string\"}],\"inLanguage\":\"et\"}]}<\/script>\n<!-- \/ Yoast SEO plugin. -->","yoast_head_json":{"title":"404 Laste kahekorruseline narivoodi \u201cVoodimajakene\u201d 90cm x 190cm x H204cm valge - Folkland","robots":{"index":"index","follow":"follow","max-snippet":"max-snippet:-1","max-image-preview":"max-image-preview:large","max-video-preview":"max-video-preview:-1"},"canonical":"https:\/\/www.folkland.lv\/et\/prece\/059-laste-kahekorruseline-narivoodi-voodimajakene-90cm-x-190cm-x-h204cm-valge\/","og_locale":"et_EE","og_type":"article","og_title":"404 Laste kahekorruseline narivoodi \u201cVoodimajakene\u201d 90cm x 190cm x H204cm valge - Folkland","og_description":"Laste Voodi-majake sahtlitega. L\u00e4tis toodetud t\u00e4ispuidust voodi L\u00e4tis kasvanud m\u00e4nnist. Voodi on valmistatud t\u00e4ispuidust m\u00e4nnist, tugeva ja kindla konstruktsiooniga. Voodi disain on v\u00e4ga kerge ja lihtne, mis sobib sama h\u00e4sti nii klassikalise interj\u00f6\u00f6riga, kui ka maamaja v\u00f5i puhkekodu sisustusega.","og_url":"https:\/\/www.folkland.lv\/et\/prece\/059-laste-kahekorruseline-narivoodi-voodimajakene-90cm-x-190cm-x-h204cm-valge\/","og_site_name":"Folkland","article_modified_time":"2023-08-23T12:54:47+00:00","og_image":[{"width":1650,"height":1100,"url":"https:\/\/www.folkland.lv\/wp-content\/uploads\/2019\/01\/IMG_1166c-1.jpg","type":"image\/jpeg"}],"twitter_card":"summary_large_image","twitter_misc":{"Est. reading time":"2 minutit"},"schema":{"@context":"https:\/\/schema.org","@graph":[{"@type":"WebPage","@id":"https:\/\/www.folkland.lv\/et\/prece\/059-laste-kahekorruseline-narivoodi-voodimajakene-90cm-x-190cm-x-h204cm-valge\/","url":"https:\/\/www.folkland.lv\/et\/prece\/059-laste-kahekorruseline-narivoodi-voodimajakene-90cm-x-190cm-x-h204cm-valge\/","name":"404 Laste kahekorruseline narivoodi \u201cVoodimajakene\u201d 90cm x 190cm x H204cm valge - Folkland","isPartOf":{"@id":"https:\/\/www.folkland.lv\/#website"},"primaryImageOfPage":{"@id":"https:\/\/www.folkland.lv\/et\/prece\/059-laste-kahekorruseline-narivoodi-voodimajakene-90cm-x-190cm-x-h204cm-valge\/#primaryimage"},"image":{"@id":"https:\/\/www.folkland.lv\/et\/prece\/059-laste-kahekorruseline-narivoodi-voodimajakene-90cm-x-190cm-x-h204cm-valge\/#primaryimage"},"thumbnailUrl":"https:\/\/www.folkland.lv\/wp-content\/uploads\/2019\/01\/IMG_1166c-1.jpg","datePublished":"2021-03-07T17:29:20+00:00","dateModified":"2023-08-23T12:54:47+00:00","breadcrumb":{"@id":"https:\/\/www.folkland.lv\/et\/prece\/059-laste-kahekorruseline-narivoodi-voodimajakene-90cm-x-190cm-x-h204cm-valge\/#breadcrumb"},"inLanguage":"et","potentialAction":[{"@type":"ReadAction","target":["https:\/\/www.folkland.lv\/et\/prece\/059-laste-kahekorruseline-narivoodi-voodimajakene-90cm-x-190cm-x-h204cm-valge\/"]}]},{"@type":"ImageObject","inLanguage":"et","@id":"https:\/\/www.folkland.lv\/et\/prece\/059-laste-kahekorruseline-narivoodi-voodimajakene-90cm-x-190cm-x-h204cm-valge\/#primaryimage","url":"https:\/\/www.folkland.lv\/wp-content\/uploads\/2019\/01\/IMG_1166c-1.jpg","contentUrl":"https:\/\/www.folkland.lv\/wp-content\/uploads\/2019\/01\/IMG_1166c-1.jpg","width":1650,"height":1100},{"@type":"BreadcrumbList","@id":"https:\/\/www.folkland.lv\/et\/prece\/059-laste-kahekorruseline-narivoodi-voodimajakene-90cm-x-190cm-x-h204cm-valge\/#breadcrumb","itemListElement":[{"@type":"ListItem","position":1,"name":"Algus","item":"https:\/\/www.folkland.lv\/et\/"},{"@type":"ListItem","position":2,"name":"Pood","item":"https:\/\/www.folkland.lv\/et\/pood\/"},{"@type":"ListItem","position":3,"name":"404 Laste kahekorruseline narivoodi \u201cVoodimajakene\u201d 90cm x 190cm x H204cm valge"}]},{"@type":"WebSite","@id":"https:\/\/www.folkland.lv\/#website","url":"https:\/\/www.folkland.lv\/","name":"Folkland","description":"","potentialAction":[{"@type":"SearchAction","target":{"@type":"EntryPoint","urlTemplate":"https:\/\/www.folkland.lv\/?s={search_term_string}"},"query-input":"required name=search_term_string"}],"inLanguage":"et"}]}},"_links":{"self":[{"href":"https:\/\/www.folkland.lv\/et\/wp-json\/wp\/v2\/product\/10597"}],"collection":[{"href":"https:\/\/www.folkland.lv\/et\/wp-json\/wp\/v2\/product"}],"about":[{"href":"https:\/\/www.folkland.lv\/et\/wp-json\/wp\/v2\/types\/product"}],"version-history":[{"count":2,"href":"https:\/\/www.folkland.lv\/et\/wp-json\/wp\/v2\/product\/10597\/revisions"}],"predecessor-version":[{"id":37840,"href":"https:\/\/www.folkland.lv\/et\/wp-json\/wp\/v2\/product\/10597\/revisions\/37840"}],"wp:featuredmedia":[{"embeddable":true,"href":"https:\/\/www.folkland.lv\/et\/wp-json\/wp\/v2\/media\/10650"}],"wp:attachment":[{"href":"https:\/\/www.folkland.lv\/et\/wp-json\/wp\/v2\/media?parent=10597"}],"wp:term":[{"taxonomy":"product_cat","embeddable":true,"href":"https:\/\/www.folkland.lv\/et\/wp-json\/wp\/v2\/product_cat?post=10597"},{"taxonomy":"product_tag","embeddable":true,"href":"https:\/\/www.folkland.lv\/et\/wp-json\/wp\/v2\/product_tag?post=10597"}],"curies":[{"name":"wp","href":"https:\/\/api.w.org\/{rel}","templated":true}]}}