{"id":10593,"date":"2019-01-11T13:06:32","date_gmt":"2021-03-07T17:25:20","guid":{"rendered":"https:\/\/www.folkland.lv\/?post_type=product&#038;p=10593"},"modified":"2023-10-20T10:28:38","modified_gmt":"2023-10-20T07:28:38","slug":"400-laste-maja-voodi-90cm-x-180cm-x-h-175cm-valge","status":"publish","type":"product","link":"https:\/\/www.folkland.lv\/et\/prece\/400-laste-maja-voodi-90cm-x-180cm-x-h-175cm-valge\/","title":{"rendered":"400 Laste \u201cMaja-voodi\u201d 90cm x 180cm x H 175cm Valge"},"content":{"rendered":"<h2>Voodi m\u00f5\u00f5dud:<\/h2>\n<ul style=\"list-style-type: disc;\">\n<li>Laius &#8211; 90cm;<\/li>\n<li>Pikkus &#8211; 180cm;<\/li>\n<li>Madrats -80cm x 170cm;<\/li>\n<li>K\u00f5rgus katuseni &#8211; 175cm;<\/li>\n<li>K\u00f5rgus madratsini &#8211; 20 cm;<\/li>\n<li>Lauda laius &#8211; 60cm;<\/li>\n<li>Sahtlid &#8211; 75cm x 75cm x K25cm;<\/li>\n<li>Madratsi tugiliistud on komplektis;<\/li>\n<li>Kaasas riistvara ja montaa\u017eijuhised;<\/li>\n<li>See toode vajab kokkupanekut;<\/li>\n<li>Tarnitakse lahtiv\u00f5etuna (pakend, pappkarp, PVC kile)<\/li>\n<li>Pakendi suurus: 1) 180cm x 90cm x 9cm 2) 180cm x 40cm x 13cm;<\/li>\n<li>Stabiilne ja ohutu konstruktsioon;<\/li>\n<li>Voodisahtlid on varustatud ratastega;<\/li>\n<li>Sahtlikastid on valmistatud t\u00e4ism\u00e4nnist;<\/li>\n<li>Voodikonstruktsioon on varustatud spetsiaalsete tihenditega, mis v\u00e4listavad puidu &#8220;krigisemise&#8221; v\u00f5imalused;<\/li>\n<li>Materjal &#8211; M\u00e4nimassiivi;<\/li>\n<li>T\u00f6\u00f6tlemine &#8211; ECO Color Green m\u00f6\u00f6bel (spetsiaalselt m\u00f5eldud lasteliinidele)<\/li>\n<li>Toon &#8211; Valge;<\/li>\n<li>Tootmine ja tarne 1-2 n\u00e4dalat, kui laos pole saadaval;<\/li>\n<li>EAN kood &#8211; 4751030921891<\/li>\n<\/ul>\n<h4>Madratsid:<\/h4>\n<p>Madratsi valikul -&gt;<\/p>\n<h4>Voodiriided:<\/h4>\n<p>Spetsiaalselt meie Majadele disainitud voodipesuga saab tutvuda siin -&gt;<\/p>\n<p>&nbsp;<\/p>\n<p><strong>Madrats, voodipesu ja padjad koos tekiga ei kuulu komplekti!<\/strong><\/p>\n","protected":false},"excerpt":{"rendered":"<h3>Laste &#8220;Maja voodi&#8221; l\u00fckandustega<\/h3>\n<ul style=\"list-style-type: circle;\">\n<li>L\u00e4tis valmistatud &#8220;Voodimaja&#8221; on suurep\u00e4rane lahendus kaasaegsesse lastetuppa;<\/li>\n<li>See on laste magamistubade uus kaunistuskontseptsioon;<\/li>\n<li>T\u00e4nu oma atraktiivsele ja kergele disainile n\u00e4eb voodi suurep\u00e4rane v\u00e4lja igas interj\u00f6\u00f6ris;<\/li>\n<li>Namin voodite peamine eelis on ratsionaalne ja \u00f6konoomne ruumi t\u00e4itmine, need pole mitte ainult ilus ja mugav m\u00f6\u00f6bel, vaid ka v\u00e4ga praktilised;<\/li>\n<li>Lastevoodi on stabiilse ja turvalise konstruktsiooniga.<\/li>\n<\/ul>\n","protected":false},"featured_media":10602,"template":"","meta":{"_acf_changed":false},"product_cat":[537,279,282],"product_tag":[],"acf":[],"yoast_head":"<!-- This site is optimized with the Yoast SEO plugin v23.0 - https:\/\/yoast.com\/wordpress\/plugins\/seo\/ -->\n<title>400 Laste \u201cMaja-voodi\u201d 90cm x 180cm x H 175cm Valge - Folkland<\/title>\n<meta name=\"robots\" content=\"index, follow, max-snippet:-1, max-image-preview:large, max-video-preview:-1\" \/>\n<link rel=\"canonical\" href=\"https:\/\/www.folkland.lv\/et\/prece\/400-laste-maja-voodi-90cm-x-180cm-x-h-175cm-valge\/\" \/>\n<meta property=\"og:locale\" content=\"et_EE\" \/>\n<meta property=\"og:type\" content=\"article\" \/>\n<meta property=\"og:title\" content=\"400 Laste \u201cMaja-voodi\u201d 90cm x 180cm x H 175cm Valge - Folkland\" \/>\n<meta property=\"og:description\" content=\"Laste &quot;Maja voodi&quot; l\u00fckandustega   L\u00e4tis valmistatud &quot;Voodimaja&quot; on suurep\u00e4rane lahendus kaasaegsesse lastetuppa;  See on laste magamistubade uus kaunistuskontseptsioon;  T\u00e4nu oma atraktiivsele ja kergele disainile n\u00e4eb voodi suurep\u00e4rane v\u00e4lja igas interj\u00f6\u00f6ris;  Namin voodite peamine eelis on ratsionaalne ja \u00f6konoomne ruumi t\u00e4itmine, need pole mitte ainult ilus ja mugav m\u00f6\u00f6bel, vaid ka v\u00e4ga praktilised;  Lastevoodi on stabiilse ja turvalise konstruktsiooniga.\" \/>\n<meta property=\"og:url\" content=\"https:\/\/www.folkland.lv\/et\/prece\/400-laste-maja-voodi-90cm-x-180cm-x-h-175cm-valge\/\" \/>\n<meta property=\"og:site_name\" content=\"Folkland\" \/>\n<meta property=\"article:modified_time\" content=\"2023-10-20T07:28:38+00:00\" \/>\n<meta property=\"og:image\" content=\"https:\/\/www.folkland.lv\/wp-content\/uploads\/2019\/01\/IMG_1179c.jpg\" \/>\n\t<meta property=\"og:image:width\" content=\"1650\" \/>\n\t<meta property=\"og:image:height\" content=\"1100\" \/>\n\t<meta property=\"og:image:type\" content=\"image\/jpeg\" \/>\n<meta name=\"twitter:card\" content=\"summary_large_image\" \/>\n<meta name=\"twitter:label1\" content=\"Est. reading time\" \/>\n\t<meta name=\"twitter:data1\" content=\"1 minut\" \/>\n<script type=\"application\/ld+json\" class=\"yoast-schema-graph\">{\"@context\":\"https:\/\/schema.org\",\"@graph\":[{\"@type\":\"WebPage\",\"@id\":\"https:\/\/www.folkland.lv\/et\/prece\/400-laste-maja-voodi-90cm-x-180cm-x-h-175cm-valge\/\",\"url\":\"https:\/\/www.folkland.lv\/et\/prece\/400-laste-maja-voodi-90cm-x-180cm-x-h-175cm-valge\/\",\"name\":\"400 Laste \u201cMaja-voodi\u201d 90cm x 180cm x H 175cm Valge - Folkland\",\"isPartOf\":{\"@id\":\"https:\/\/www.folkland.lv\/#website\"},\"primaryImageOfPage\":{\"@id\":\"https:\/\/www.folkland.lv\/et\/prece\/400-laste-maja-voodi-90cm-x-180cm-x-h-175cm-valge\/#primaryimage\"},\"image\":{\"@id\":\"https:\/\/www.folkland.lv\/et\/prece\/400-laste-maja-voodi-90cm-x-180cm-x-h-175cm-valge\/#primaryimage\"},\"thumbnailUrl\":\"https:\/\/www.folkland.lv\/wp-content\/uploads\/2019\/01\/IMG_1179c.jpg\",\"datePublished\":\"2021-03-07T17:25:20+00:00\",\"dateModified\":\"2023-10-20T07:28:38+00:00\",\"breadcrumb\":{\"@id\":\"https:\/\/www.folkland.lv\/et\/prece\/400-laste-maja-voodi-90cm-x-180cm-x-h-175cm-valge\/#breadcrumb\"},\"inLanguage\":\"et\",\"potentialAction\":[{\"@type\":\"ReadAction\",\"target\":[\"https:\/\/www.folkland.lv\/et\/prece\/400-laste-maja-voodi-90cm-x-180cm-x-h-175cm-valge\/\"]}]},{\"@type\":\"ImageObject\",\"inLanguage\":\"et\",\"@id\":\"https:\/\/www.folkland.lv\/et\/prece\/400-laste-maja-voodi-90cm-x-180cm-x-h-175cm-valge\/#primaryimage\",\"url\":\"https:\/\/www.folkland.lv\/wp-content\/uploads\/2019\/01\/IMG_1179c.jpg\",\"contentUrl\":\"https:\/\/www.folkland.lv\/wp-content\/uploads\/2019\/01\/IMG_1179c.jpg\",\"width\":1650,\"height\":1100},{\"@type\":\"BreadcrumbList\",\"@id\":\"https:\/\/www.folkland.lv\/et\/prece\/400-laste-maja-voodi-90cm-x-180cm-x-h-175cm-valge\/#breadcrumb\",\"itemListElement\":[{\"@type\":\"ListItem\",\"position\":1,\"name\":\"Algus\",\"item\":\"https:\/\/www.folkland.lv\/et\/\"},{\"@type\":\"ListItem\",\"position\":2,\"name\":\"Pood\",\"item\":\"https:\/\/www.folkland.lv\/et\/pood\/\"},{\"@type\":\"ListItem\",\"position\":3,\"name\":\"400 Laste \u201cMaja-voodi\u201d 90cm x 180cm x H 175cm Valge\"}]},{\"@type\":\"WebSite\",\"@id\":\"https:\/\/www.folkland.lv\/#website\",\"url\":\"https:\/\/www.folkland.lv\/\",\"name\":\"Folkland\",\"description\":\"\",\"potentialAction\":[{\"@type\":\"SearchAction\",\"target\":{\"@type\":\"EntryPoint\",\"urlTemplate\":\"https:\/\/www.folkland.lv\/?s={search_term_string}\"},\"query-input\":\"required name=search_term_string\"}],\"inLanguage\":\"et\"}]}<\/script>\n<!-- \/ Yoast SEO plugin. -->","yoast_head_json":{"title":"400 Laste \u201cMaja-voodi\u201d 90cm x 180cm x H 175cm Valge - Folkland","robots":{"index":"index","follow":"follow","max-snippet":"max-snippet:-1","max-image-preview":"max-image-preview:large","max-video-preview":"max-video-preview:-1"},"canonical":"https:\/\/www.folkland.lv\/et\/prece\/400-laste-maja-voodi-90cm-x-180cm-x-h-175cm-valge\/","og_locale":"et_EE","og_type":"article","og_title":"400 Laste \u201cMaja-voodi\u201d 90cm x 180cm x H 175cm Valge - Folkland","og_description":"Laste \"Maja voodi\" l\u00fckandustega   L\u00e4tis valmistatud \"Voodimaja\" on suurep\u00e4rane lahendus kaasaegsesse lastetuppa;  See on laste magamistubade uus kaunistuskontseptsioon;  T\u00e4nu oma atraktiivsele ja kergele disainile n\u00e4eb voodi suurep\u00e4rane v\u00e4lja igas interj\u00f6\u00f6ris;  Namin voodite peamine eelis on ratsionaalne ja \u00f6konoomne ruumi t\u00e4itmine, need pole mitte ainult ilus ja mugav m\u00f6\u00f6bel, vaid ka v\u00e4ga praktilised;  Lastevoodi on stabiilse ja turvalise konstruktsiooniga.","og_url":"https:\/\/www.folkland.lv\/et\/prece\/400-laste-maja-voodi-90cm-x-180cm-x-h-175cm-valge\/","og_site_name":"Folkland","article_modified_time":"2023-10-20T07:28:38+00:00","og_image":[{"width":1650,"height":1100,"url":"https:\/\/www.folkland.lv\/wp-content\/uploads\/2019\/01\/IMG_1179c.jpg","type":"image\/jpeg"}],"twitter_card":"summary_large_image","twitter_misc":{"Est. reading time":"1 minut"},"schema":{"@context":"https:\/\/schema.org","@graph":[{"@type":"WebPage","@id":"https:\/\/www.folkland.lv\/et\/prece\/400-laste-maja-voodi-90cm-x-180cm-x-h-175cm-valge\/","url":"https:\/\/www.folkland.lv\/et\/prece\/400-laste-maja-voodi-90cm-x-180cm-x-h-175cm-valge\/","name":"400 Laste \u201cMaja-voodi\u201d 90cm x 180cm x H 175cm Valge - Folkland","isPartOf":{"@id":"https:\/\/www.folkland.lv\/#website"},"primaryImageOfPage":{"@id":"https:\/\/www.folkland.lv\/et\/prece\/400-laste-maja-voodi-90cm-x-180cm-x-h-175cm-valge\/#primaryimage"},"image":{"@id":"https:\/\/www.folkland.lv\/et\/prece\/400-laste-maja-voodi-90cm-x-180cm-x-h-175cm-valge\/#primaryimage"},"thumbnailUrl":"https:\/\/www.folkland.lv\/wp-content\/uploads\/2019\/01\/IMG_1179c.jpg","datePublished":"2021-03-07T17:25:20+00:00","dateModified":"2023-10-20T07:28:38+00:00","breadcrumb":{"@id":"https:\/\/www.folkland.lv\/et\/prece\/400-laste-maja-voodi-90cm-x-180cm-x-h-175cm-valge\/#breadcrumb"},"inLanguage":"et","potentialAction":[{"@type":"ReadAction","target":["https:\/\/www.folkland.lv\/et\/prece\/400-laste-maja-voodi-90cm-x-180cm-x-h-175cm-valge\/"]}]},{"@type":"ImageObject","inLanguage":"et","@id":"https:\/\/www.folkland.lv\/et\/prece\/400-laste-maja-voodi-90cm-x-180cm-x-h-175cm-valge\/#primaryimage","url":"https:\/\/www.folkland.lv\/wp-content\/uploads\/2019\/01\/IMG_1179c.jpg","contentUrl":"https:\/\/www.folkland.lv\/wp-content\/uploads\/2019\/01\/IMG_1179c.jpg","width":1650,"height":1100},{"@type":"BreadcrumbList","@id":"https:\/\/www.folkland.lv\/et\/prece\/400-laste-maja-voodi-90cm-x-180cm-x-h-175cm-valge\/#breadcrumb","itemListElement":[{"@type":"ListItem","position":1,"name":"Algus","item":"https:\/\/www.folkland.lv\/et\/"},{"@type":"ListItem","position":2,"name":"Pood","item":"https:\/\/www.folkland.lv\/et\/pood\/"},{"@type":"ListItem","position":3,"name":"400 Laste \u201cMaja-voodi\u201d 90cm x 180cm x H 175cm Valge"}]},{"@type":"WebSite","@id":"https:\/\/www.folkland.lv\/#website","url":"https:\/\/www.folkland.lv\/","name":"Folkland","description":"","potentialAction":[{"@type":"SearchAction","target":{"@type":"EntryPoint","urlTemplate":"https:\/\/www.folkland.lv\/?s={search_term_string}"},"query-input":"required name=search_term_string"}],"inLanguage":"et"}]}},"_links":{"self":[{"href":"https:\/\/www.folkland.lv\/et\/wp-json\/wp\/v2\/product\/10593"}],"collection":[{"href":"https:\/\/www.folkland.lv\/et\/wp-json\/wp\/v2\/product"}],"about":[{"href":"https:\/\/www.folkland.lv\/et\/wp-json\/wp\/v2\/types\/product"}],"version-history":[{"count":2,"href":"https:\/\/www.folkland.lv\/et\/wp-json\/wp\/v2\/product\/10593\/revisions"}],"predecessor-version":[{"id":38793,"href":"https:\/\/www.folkland.lv\/et\/wp-json\/wp\/v2\/product\/10593\/revisions\/38793"}],"wp:featuredmedia":[{"embeddable":true,"href":"https:\/\/www.folkland.lv\/et\/wp-json\/wp\/v2\/media\/10602"}],"wp:attachment":[{"href":"https:\/\/www.folkland.lv\/et\/wp-json\/wp\/v2\/media?parent=10593"}],"wp:term":[{"taxonomy":"product_cat","embeddable":true,"href":"https:\/\/www.folkland.lv\/et\/wp-json\/wp\/v2\/product_cat?post=10593"},{"taxonomy":"product_tag","embeddable":true,"href":"https:\/\/www.folkland.lv\/et\/wp-json\/wp\/v2\/product_tag?post=10593"}],"curies":[{"name":"wp","href":"https:\/\/api.w.org\/{rel}","templated":true}]}}